{"id":3697,"date":"2025-01-09T07:44:24","date_gmt":"2025-01-09T07:44:24","guid":{"rendered":"https:\/\/fmp-components.com\/?page_id=8"},"modified":"2025-01-09T07:44:24","modified_gmt":"2025-01-09T07:44:24","slug":"wheel-drive-planetary-gearbox-reducer-for-cranes","status":"publish","type":"product","link":"https:\/\/fmp-components.com\/tr\/product\/wheel-drive-planetary-gearbox-reducer-for-cranes\/","title":{"rendered":"Vin\u00e7ler i\u00e7in Tekerlek Tahrikli Planet Di\u015fli Kutusu Red\u00fckt\u00f6r\u00fc"},"content":{"rendered":"<p style=\"text-align: center;\"><span style=\"font-size: 18pt;\">Vin\u00e7ler i\u00e7in Tekerlek Tahrikli Planet Di\u015fli Kutusu Red\u00fckt\u00f6r\u00fc<\/span><\/p>\n<p>Vin\u00e7ler i\u00e7in tekerlek tahrikli planet di\u015fli kutusu red\u00fckt\u00f6r\u00fc, vin\u00e7lere hareket kabiliyeti ve denge sa\u011flayan \u00f6nemli bir bile\u015fendir. Vincin motorundan tekerleklere g\u00fc\u00e7 ileterek p\u00fcr\u00fczs\u00fcz ve kontroll\u00fc bir hareket sa\u011flar. Vincin tekerlek konfig\u00fcrasyonuna ba\u011fl\u0131 olarak, her bir tekerle\u011fi tahrik etmek i\u00e7in birden fazla planet di\u015fli kutusu kullan\u0131labilir ve bu da vincin farkl\u0131 \u00e7al\u0131\u015fma ortamlar\u0131nda etkili bir \u015fekilde manevra yapmas\u0131n\u0131 sa\u011flar.<\/p>\n<p><img loading=\"lazy\" decoding=\"async\" class=\"wp-image-3698 aligncenter\" src=\"https:\/\/fmp-components.com\/wp-content\/uploads\/2025\/01\/0_wheel-drive-application-2-11.webp\" alt=\"tekerlekten \u00e7eki\u015f uygulamas\u0131\" width=\"537\" height=\"453\" title=\"\" srcset=\"https:\/\/fmp-components.com\/wp-content\/uploads\/2025\/01\/0_wheel-drive-application-2-11.webp 344w, https:\/\/fmp-components.com\/wp-content\/uploads\/2025\/01\/0_wheel-drive-application-2-11-300x253.webp 300w, https:\/\/fmp-components.com\/wp-content\/uploads\/2025\/01\/0_wheel-drive-application-2-11-14x12.webp 14w\" sizes=\"(max-width: 537px) 100vw, 537px\" \/><\/p>\n<p><strong>Vin\u00e7lerde Tekerlek Tahriki i\u00e7in Performans Gereksinimleri<\/strong><\/p>\n<ul>\n<li><strong>Y\u00fcksek Tork Kapasitesi:<\/strong> \u015eanz\u0131man, vincin a\u011f\u0131r y\u00fcklerini kald\u0131rabilecek kapasitede olmal\u0131 ve zorlu ko\u015fullarda tekerleklere g\u00fcvenilir g\u00fc\u00e7 aktar\u0131m\u0131 sa\u011flamal\u0131d\u0131r.<\/li>\n<li><strong>D\u00fc\u015f\u00fck G\u00fcr\u00fclt\u00fcl\u00fc \u00c7al\u0131\u015fma:<\/strong> \u015eantiyelerdeki g\u00fcr\u00fclt\u00fc kirlili\u011fini en aza indirmek i\u00e7in \u015fanz\u0131man sessiz \u00e7al\u0131\u015facak \u015fekilde tasarlanarak huzurlu bir \u00e7al\u0131\u015fma ortam\u0131 sa\u011flanm\u0131\u015ft\u0131r.<\/li>\n<li><strong>Y\u00fcksek Verimlilik:<\/strong> \u015eanz\u0131man, enerji kayb\u0131n\u0131 azaltarak ve vin\u00e7 performans\u0131n\u0131 optimize ederek maksimum verimlilik sa\u011flayacak \u015fekilde verimli g\u00fc\u00e7 transferi sa\u011flamal\u0131d\u0131r.<\/li>\n<li><strong>Dayan\u0131kl\u0131l\u0131k:<\/strong> Zorlu \u00e7al\u0131\u015fma ortamlar\u0131na dayanacak \u015fekilde \u00fcretilen \u015fanz\u0131man, a\u015f\u0131r\u0131 hava ko\u015fullar\u0131 ve a\u011f\u0131r hizmet tipi kullan\u0131m gibi zorlu ko\u015fullara dayan\u0131kl\u0131 olmal\u0131 ve uzun bir hizmet \u00f6mr\u00fc sa\u011flamal\u0131d\u0131r.<\/li>\n<li><strong>Kararl\u0131l\u0131k:<\/strong> \u015eanz\u0131man, vincin sabit bir platform \u00fczerinde \u00e7al\u0131\u015fmas\u0131n\u0131, a\u011f\u0131r y\u00fcklerin kald\u0131r\u0131lmas\u0131 ve ta\u015f\u0131nmas\u0131 s\u0131ras\u0131nda denge ve kontrol\u00fcn sa\u011flanmas\u0131nda \u00f6nemli bir rol oynar.<\/li>\n<\/ul>\n<h2>Vin\u00e7lerde Tekerlek Tahriki Nas\u0131l \u00c7al\u0131\u015f\u0131r?<\/h2>\n<p>Vin\u00e7lerde tekerlek tahriki, vincin tekerleklerini hareket ettirerek bir ray \u00fczerinde veya bir y\u00fczey \u00fczerinde hareket etmesini sa\u011flayan mekanizmay\u0131 ifade eder. Bu sistem genellikle, vincin hareket etmesi i\u00e7in gerekli torku \u00fcreten tekerleklere ba\u011fl\u0131 elektrikli veya hidrolik motorlar kullan\u0131r. Kullan\u0131lan tahrik t\u00fcr\u00fc (hidrolik veya elektrikli), vincin tasar\u0131m\u0131na ve uygulama gereksinimlerine ba\u011fl\u0131d\u0131r.<\/p>\n<p>Elektrikli tekerlek tahrik sistemlerinde, elektrik motorlar\u0131 tekerleklere bir dizi red\u00fcksiyon di\u015flisi veya do\u011frudan tahrik arac\u0131l\u0131\u011f\u0131yla g\u00fc\u00e7 sa\u011flar. Motorlar genellikle vincin ana g\u00fc\u00e7 kayna\u011f\u0131ndan veya harici bir kaynaktan g\u00fc\u00e7 al\u0131r. Bu motorlar, vincin h\u0131z\u0131n\u0131, y\u00f6n\u00fcn\u00fc ve ivmesini ayarlayan geli\u015fmi\u015f sistemler arac\u0131l\u0131\u011f\u0131yla kontrol edilebilir ve hassasiyet ve verimlilik sunar.<\/p>\n<p>Hidrolik tekerlek tahrik sistemleri ise tekerlekleri tahrik etmek i\u00e7in hidrolik motorlar kullan\u0131r. Bu motorlar, genellikle dizel veya elektrikli bir motorla \u00e7al\u0131\u015fan hidrolik pompalarla \u00e7al\u0131\u015ft\u0131r\u0131l\u0131r. Hidrolik tahrik, g\u00fc\u00e7l\u00fc bir tork sunar ve genellikle a\u011f\u0131r y\u00fckleri ta\u015f\u0131mas\u0131 gereken veya y\u00fcksek g\u00fc\u00e7 \u00e7\u0131k\u0131\u015f\u0131 ve g\u00fc\u00e7l\u00fc performans\u0131n gerekli oldu\u011fu zorlu ortamlarda \u00e7al\u0131\u015fan vin\u00e7lerde tercih edilir.<\/p>\n<p><img loading=\"lazy\" decoding=\"async\" class=\"wp-image-3699 aligncenter\" src=\"https:\/\/fmp-components.com\/wp-content\/uploads\/2025\/01\/0_Reggiana-Riduttori-71.webp\" alt=\"Reggiana-Riduttori\" width=\"726\" height=\"620\" title=\"\" srcset=\"https:\/\/fmp-components.com\/wp-content\/uploads\/2025\/01\/0_Reggiana-Riduttori-71.webp 726w, https:\/\/fmp-components.com\/wp-content\/uploads\/2025\/01\/0_Reggiana-Riduttori-71-480x410.webp 480w\" sizes=\"(min-width: 0px) and (max-width: 480px) 480px, (min-width: 481px) 726px, 100vw\" \/><\/p>\n<h2>Pop\u00fcler Markalar ve Uyumluluk<\/h2>\n<p><span style=\"color: #ff0000;\"><em><strong>Not: Yaz\u0131da ad\u0131 ge\u00e7en marka adlar\u0131, m\u00fc\u015fterilerimizin ilgili tar\u0131m makinesi markas\u0131n\u0131n aksesuarlar\u0131n\u0131 se\u00e7ip de\u011fi\u015ftirebilmeleri i\u00e7in kolayl\u0131k sa\u011flamak amac\u0131yla verilmi\u015ftir ve s\u00f6z konusu markan\u0131n \u00fcr\u00fcnlerini satmamaktad\u0131r.<\/strong><\/em><\/span><\/p>\n<table style=\"width: 96.3288%; height: 140px;\">\n<tbody>\n<tr>\n<th>Marka<\/th>\n<th>Model<\/th>\n<th>Uyumluluk<\/th>\n<\/tr>\n<tr>\n<td>Zoomlion<\/td>\n<td>QUY260<\/td>\n<td>Uyumlu<\/td>\n<\/tr>\n<tr>\n<td>XCMG<\/td>\n<td>QY50K<\/td>\n<td>Uyumlu<\/td>\n<\/tr>\n<tr>\n<td>Sany<\/td>\n<td>STC250<\/td>\n<td>Uyumlu<\/td>\n<\/tr>\n<tr>\n<td>Terex<\/td>\n<td>RT555-1<\/td>\n<td>Uyumlu<\/td>\n<\/tr>\n<\/tbody>\n<\/table>\n<h2>FMP Hakk\u0131nda<\/h2>\n<p>FMP, \u00e7ok \u00e7e\u015fitli mekanik ve hidrolik \u015fanz\u0131man \u00fcr\u00fcnlerinin \u00fcretiminde uzmanla\u015fm\u0131\u015f \u00f6nde gelen bir \u00fcreticidir. \u00dcr\u00fcn yelpazemizde planet di\u015fli kutular\u0131, sonsuz di\u015fli red\u00fckt\u00f6rler, s\u0131ral\u0131 helisel di\u015fli red\u00fckt\u00f6rler, paralel \u015faftl\u0131 helisel di\u015fli red\u00fckt\u00f6rler, helisel konik di\u015fli red\u00fckt\u00f6rler, helisel sonsuz di\u015fli red\u00fckt\u00f6rler, tar\u0131m red\u00fckt\u00f6rleri, trakt\u00f6r red\u00fckt\u00f6rleri, otomobil red\u00fckt\u00f6rleri, g\u00fc\u00e7 \u00e7\u0131k\u0131\u015f milleri ve \u00f6zel red\u00fckt\u00f6rler yer almaktad\u0131r. Ayr\u0131ca, zincir di\u015flileri, hidrolik sistemler, vakum pompalar\u0131, hidrolik kaplinler, kremayer di\u015fliler, zincirler, zamanlama kasnaklar\u0131, UDL \u015fanz\u0131manlar, V kay\u0131\u015f kasnaklar\u0131, hidrolik silindirler, di\u015fli pompalar, vidal\u0131 hava kompres\u00f6rleri ve d\u00fc\u015f\u00fck bo\u015fluklu sonsuz di\u015fli red\u00fckt\u00f6rler gibi kapsaml\u0131 bir tamamlay\u0131c\u0131 bile\u015fen yelpazesi sunuyoruz.<\/p>\n<p><strong>Her \u0130htiyaca \u00d6zel \u00c7\u00f6z\u00fcmler<\/strong><\/p>\n<p>FMP olarak, her uygulaman\u0131n benzersiz oldu\u011funun bilincindeyiz. Bu nedenle, m\u00fc\u015fterilerimizin \u00f6zel gereksinimlerini kar\u015f\u0131lamak \u00fczere tasarlanm\u0131\u015f \u00f6zel \u015fanz\u0131manlar, di\u015fli motorlar\u0131, hidrolik sistemler ve motorlar dahil olmak \u00fczere tamamen \u00f6zelle\u015ftirilebilir \u00e7\u00f6z\u00fcmler sunuyoruz. Esnek \u00fcretim kapasitemiz, her t\u00fcrl\u00fc uygulama i\u00e7in maksimum verimlilik ve optimum performans sa\u011flayacak \u015fekilde tasarlanm\u0131\u015f, hassas bir \u015fekilde tasarlanm\u0131\u015f \u00fcr\u00fcnler yaratmam\u0131z\u0131 sa\u011flar.<\/p>\n<p><strong>Kalite ve Yenili\u011fe Ba\u011fl\u0131l\u0131k<\/strong><\/p>\n<p>\u00dcretti\u011fimiz her \u00fcr\u00fcnde en y\u00fcksek kalite ve g\u00fcvenilirlik standartlar\u0131n\u0131 korumaya b\u00fcy\u00fck \u00f6nem veriyoruz. Geli\u015fmi\u015f test ve muayene ekipmanlar\u0131m\u0131z ve son derece yetenekli teknik ekibimiz, her \u00fcr\u00fcn\u00fcn s\u0131k\u0131 end\u00fcstri standartlar\u0131n\u0131 kar\u015f\u0131lamas\u0131n\u0131 sa\u011flar. \u0130ster standart \u00e7\u00f6z\u00fcmler sunuyor ister \u00f6zel tasar\u0131m \u00fcr\u00fcnler geli\u015ftiriyor olun, FMP en zorlu ortamlarda bile ola\u011fan\u00fcst\u00fc performans g\u00f6steren en y\u00fcksek kaliteli sonu\u00e7lar\u0131 sunmaya kendini adam\u0131\u015ft\u0131r.<\/p>\n<p>Son y\u0131llarda FMP, kapsaml\u0131 \u00fcretim deneyimimiz, sa\u011flam y\u00f6netim sistemlerimiz ve g\u00fc\u00e7l\u00fc teknik uzmanl\u0131\u011f\u0131m\u0131zla h\u0131zla b\u00fcy\u00fcd\u00fc. \"Hayatta kalmak i\u00e7in kalite, geli\u015fim i\u00e7in inovasyon\" felsefemiz, s\u00fcrekli iyile\u015ftirme ve b\u00fcy\u00fcmeyi te\u015fvik ederek ba\u015far\u0131m\u0131z\u0131n temel ta\u015f\u0131 oldu.<\/p>\n<p><strong>Ba\u015far\u0131 \u0130\u00e7in Ortakl\u0131k<\/strong><\/p>\n<p>FMP olarak, m\u00fc\u015fterilerimizle i\u015f birli\u011fine ve uzun vadeli ortakl\u0131klara \u00f6ncelik veriyoruz. Beklentileri a\u015fan yenilik\u00e7i ve g\u00fcvenilir \u00e7\u00f6z\u00fcmler sunmak i\u00e7in m\u00fc\u015fterilerimizle yak\u0131n bir \u015fekilde \u00e7al\u0131\u015f\u0131yoruz. Amac\u0131m\u0131z yaln\u0131zca m\u00fc\u015fterilerimizin ihtiya\u00e7lar\u0131n\u0131 kar\u015f\u0131lamak de\u011fil, ayn\u0131 zamanda g\u00fcven, kalite ve kar\u015f\u0131l\u0131kl\u0131 ba\u015far\u0131ya dayal\u0131 kal\u0131c\u0131 ili\u015fkiler kurmakt\u0131r.<\/p>\n<p>Hassas m\u00fchendislik, g\u00fcvenilirlik ve \u00f6zelle\u015ftirilmi\u015f hizmetlere odaklanan FMP, t\u00fcm mekanik ve hidrolik \u015fanz\u0131man ihtiya\u00e7lar\u0131n\u0131z i\u00e7in g\u00fcvenilir bir ortakt\u0131r. Ba\u015far\u0131ya ula\u015fmak ve m\u00fckemmelli\u011fe birlikte ula\u015fmak i\u00e7in sizinle i\u015f birli\u011fi yapmay\u0131 d\u00f6rt g\u00f6zle bekliyoruz.<\/p>\n<p><img loading=\"lazy\" decoding=\"async\" class=\"alignnone size-full wp-image-3678\" src=\"https:\/\/fmp-components.com\/wp-content\/uploads\/2025\/01\/worm-gearbox-factory1.webp\" alt=\"sonsuz di\u015fli kutusu fabrikas\u0131\" width=\"1024\" height=\"888\" title=\"\" srcset=\"https:\/\/fmp-components.com\/wp-content\/uploads\/2025\/01\/worm-gearbox-factory1.webp 1024w, https:\/\/fmp-components.com\/wp-content\/uploads\/2025\/01\/worm-gearbox-factory1-980x850.webp 980w, https:\/\/fmp-components.com\/wp-content\/uploads\/2025\/01\/worm-gearbox-factory1-480x416.webp 480w\" sizes=\"(min-width: 0px) and (max-width: 480px) 480px, (min-width: 481px) and (max-width: 980px) 980px, (min-width: 981px) 1024px, 100vw\" \/><\/p>\n<p>Yazar: CX<\/p>","protected":false},"excerpt":{"rendered":"<p>Vin\u00e7ler i\u00e7in Tekerlek Tahrikli Planet Di\u015fli Kutusu Red\u00fckt\u00f6r\u00fc Vin\u00e7ler i\u00e7in tekerlek tahrikli planet di\u015fli kutusu red\u00fckt\u00f6r\u00fc, vin\u00e7lere hareketlilik ve denge sa\u011flamada \u00f6nemli bir bile\u015fendir. Vincin motorundan tekerleklere g\u00fc\u00e7 iletmekten ve d\u00fczg\u00fcn ve kontroll\u00fc hareket sa\u011flamaktan sorumludur. Vincin tekerlek konfig\u00fcrasyonuna ba\u011fl\u0131 olarak, birden fazla planet di\u015fli kutusu bulunabilir [\u2026]<\/p>","protected":false},"featured_media":3700,"comment_status":"open","ping_status":"closed","template":"","meta":{"_et_pb_use_builder":"","_et_pb_old_content":"","_et_gb_content_width":""},"product_brand":[],"product_cat":[90],"product_tag":[],"class_list":{"0":"post-3697","1":"product","2":"type-product","3":"status-publish","4":"has-post-thumbnail","6":"product_cat-planetary-gearbox","8":"first","9":"instock","10":"shipping-taxable","11":"product-type-simple"},"_links":{"self":[{"href":"https:\/\/fmp-components.com\/tr\/wp-json\/wp\/v2\/product\/3697","targetHints":{"allow":["GET"]}}],"collection":[{"href":"https:\/\/fmp-components.com\/tr\/wp-json\/wp\/v2\/product"}],"about":[{"href":"https:\/\/fmp-components.com\/tr\/wp-json\/wp\/v2\/types\/product"}],"replies":[{"embeddable":true,"href":"https:\/\/fmp-components.com\/tr\/wp-json\/wp\/v2\/comments?post=3697"}],"wp:featuredmedia":[{"embeddable":true,"href":"https:\/\/fmp-components.com\/tr\/wp-json\/wp\/v2\/media\/3700"}],"wp:attachment":[{"href":"https:\/\/fmp-components.com\/tr\/wp-json\/wp\/v2\/media?parent=3697"}],"wp:term":[{"taxonomy":"product_brand","embeddable":true,"href":"https:\/\/fmp-components.com\/tr\/wp-json\/wp\/v2\/product_brand?post=3697"},{"taxonomy":"product_cat","embeddable":true,"href":"https:\/\/fmp-components.com\/tr\/wp-json\/wp\/v2\/product_cat?post=3697"},{"taxonomy":"product_tag","embeddable":true,"href":"https:\/\/fmp-components.com\/tr\/wp-json\/wp\/v2\/product_tag?post=3697"}],"curies":[{"name":"wp","href":"https:\/\/api.w.org\/{rel}","templated":true}]}}