{"id":3691,"date":"2025-01-09T06:50:44","date_gmt":"2025-01-09T06:50:44","guid":{"rendered":"https:\/\/fmp-components.com\/?page_id=8"},"modified":"2025-01-09T06:59:56","modified_gmt":"2025-01-09T06:59:56","slug":"wheel-drive-planetary-gearbox-reducer-for-land-clearing-stone-crusher","status":"publish","type":"product","link":"https:\/\/fmp-components.com\/tr\/product\/wheel-drive-planetary-gearbox-reducer-for-land-clearing-stone-crusher\/","title":{"rendered":"Arazi Temizleme Ta\u015f K\u0131rma Makinesi i\u00e7in Tekerlek Tahrikli Planet Di\u015fli Kutusu Red\u00fckt\u00f6r\u00fc"},"content":{"rendered":"<div class=\"flex max-w-full flex-col flex-grow\">\n<div class=\"min-h-8 text-message flex w-full flex-col items-end gap-2 whitespace-normal break-words text-start [.text-message+&amp;]:mt-5\" dir=\"auto\" data-message-author-role=\"assistant\" data-message-id=\"cb00f25b-f818-4caf-841a-79c479bfaa7e\" data-message-model-slug=\"gpt-4o\">\n<div class=\"flex w-full flex-col gap-1 empty:hidden first:pt-[3px]\">\n<div class=\"markdown prose w-full break-words dark:prose-invert light\">\n<h2>Arazi Temizleme Ta\u015f K\u0131rma Makinesinde \u015eanz\u0131man\u0131n Konumu<\/h2>\n<p>Bir arazi temizleme ta\u015f k\u0131rma makinesindeki di\u015fli kutusu, genellikle motor veya motor ile k\u0131r\u0131c\u0131 mekanizmas\u0131 aras\u0131nda bulunur ve genellikle do\u011frudan makinenin ana g\u00f6vdesine monte edilir. Motordan gelen g\u00fcc\u00fc, b\u00fcy\u00fck ta\u015f ve molozlar\u0131 daha k\u00fc\u00e7\u00fck ve daha kolay y\u00f6netilebilir par\u00e7alara ay\u0131rmaktan sorumlu olan k\u0131r\u0131c\u0131 rotoruna veya k\u0131rma odas\u0131na ileten \u00f6nemli bir bile\u015fen g\u00f6revi g\u00f6r\u00fcr.<\/p>\n<p>\u015eanz\u0131man genellikle ta\u015f k\u0131r\u0131c\u0131n\u0131n arka veya yan taraf\u0131na yerle\u015ftirilir ve bir dizi \u015faft ve kaplin arac\u0131l\u0131\u011f\u0131yla ana k\u0131rma \u00fcnitesine ba\u011flan\u0131r. Bu konum, \u015fanz\u0131man\u0131n motor veya motorla do\u011fru hizalamay\u0131 korurken k\u0131rma i\u015flemleri i\u00e7in gereken y\u00fcksek torku verimli bir \u015fekilde kar\u015f\u0131lamas\u0131n\u0131 sa\u011flar. Arazi temizleme uygulamalar\u0131nda s\u0131kl\u0131kla kar\u015f\u0131la\u015f\u0131lan d\u00f6k\u00fcnt\u00fc, toz ve \u00e7evresel fakt\u00f6rlerden korumak i\u00e7in koruyucu bir muhafaza i\u00e7ine yerle\u015ftirilebilir.<\/p>\n<p>Bir\u00e7ok arazi temizleme ta\u015f k\u0131rma makinesinde, di\u015fli kutusu, motorun d\u00f6nme enerjisini k\u0131rma mekanizmas\u0131n\u0131 \u00e7al\u0131\u015ft\u0131rmak i\u00e7in gereken torka d\u00f6n\u00fc\u015ft\u00fcrerek, verimli ve g\u00fcvenilir ta\u015f i\u015flemeyi garanti alt\u0131na ald\u0131\u011f\u0131ndan, \u00f6nemli mekanik stresi kald\u0131racak \u015fekilde tasarlanm\u0131\u015ft\u0131r.<\/p>\n<p><img loading=\"lazy\" decoding=\"async\" class=\"alignnone wp-image-3694\" src=\"https:\/\/fmp-components.com\/wp-content\/uploads\/2025\/01\/0_wheel-drive-Land-Clearing-Stone-Crusher-11.webp\" alt=\"tekerlekten \u00e7eki\u015fli-Arazi-Temizleme-Ta\u015f-K\u0131r\u0131c\u0131\" width=\"933\" height=\"525\" title=\"\" srcset=\"https:\/\/fmp-components.com\/wp-content\/uploads\/2025\/01\/0_wheel-drive-Land-Clearing-Stone-Crusher-11.webp 933w, https:\/\/fmp-components.com\/wp-content\/uploads\/2025\/01\/0_wheel-drive-Land-Clearing-Stone-Crusher-11-480x270.webp 480w\" sizes=\"(min-width: 0px) and (max-width: 480px) 480px, (min-width: 481px) 933px, 100vw\" \/><\/p>\n<h2>Bir Arazi Temizleme Ta\u015f K\u0131rma Makinesinde Tekerlek Tahrikli Planet \u015eanz\u0131man\u0131n \u0130\u015flevi<\/h2>\n<p>Arazi temizleme ta\u015f k\u0131rma makinesindeki tekerlek tahrikli planet di\u015fli kutusu, g\u00fcc\u00fcn motordan veya motordan makinenin tekerleklerine veya paletlerine verimli bir \u015fekilde iletilmesinde kritik bir rol oynar. Birincil i\u015flevi, motorun d\u00f6n\u00fc\u015f h\u0131z\u0131n\u0131 azalt\u0131rken torku art\u0131rmak ve ta\u015f k\u0131rma makinesinin genellikle arazi temizleme uygulamalar\u0131nda g\u00f6r\u00fclen engebeli ve engebeli arazilerde hareket etmesini sa\u011flamakt\u0131r.<\/p>\n<p><strong>1. G\u00fc\u00e7 Aktar\u0131m\u0131 ve Tork Art\u0131\u015f\u0131:<\/strong> Planet di\u015fli kutusu, motor taraf\u0131ndan \u00fcretilen g\u00fcc\u00fc tekerleklere veya paletlere verimli bir \u015fekilde iletir. Planet di\u015fli konfig\u00fcrasyonunda d\u00fczenlenmi\u015f bir di\u015fli seti kullanan \u015fanz\u0131man, giri\u015f h\u0131z\u0131n\u0131 d\u00fc\u015f\u00fcr\u00fcp torku art\u0131rarak ta\u015f k\u0131r\u0131c\u0131ya kaya, toprak ve engebeli zemin gibi zorlu y\u00fczeylerde hareket etmesi i\u00e7in gerekli kuvveti sa\u011flar. Bu, daha iyi \u00e7eki\u015f ve manevra kabiliyeti sa\u011flayarak makinenin zorlu ortamlarda tak\u0131lmadan hareket etmesini sa\u011flar.<\/p>\n<p><strong>2. Sorunsuz ve Verimli \u00c7al\u0131\u015fma:<\/strong> \u015eanz\u0131man\u0131n planet di\u015fli tasar\u0131m\u0131, di\u015fliler aras\u0131nda e\u015fit y\u00fck da\u011f\u0131l\u0131m\u0131 sa\u011flayarak a\u015f\u0131nma ve y\u0131pranmay\u0131 azalt\u0131rken g\u00fc\u00e7 aktar\u0131m verimlili\u011fini art\u0131r\u0131r. Bu, makinenin aktarma organlar\u0131n\u0131n daha sorunsuz \u00e7al\u0131\u015fmas\u0131na ve daha uzun \u00f6m\u00fcrl\u00fc olmas\u0131na katk\u0131da bulunur. Ayr\u0131ca, arazi temizleme \u00e7al\u0131\u015fmalar\u0131 s\u0131ras\u0131nda k\u0131rma performans\u0131n\u0131 ve yak\u0131t verimlili\u011fini optimize etmek i\u00e7in gerekli olan makinenin sabit bir h\u0131zda \u00e7al\u0131\u015fmas\u0131n\u0131 sa\u011flamaya yard\u0131mc\u0131 olur.<\/p>\n<p><strong>3. Geli\u015fmi\u015f Dayan\u0131kl\u0131l\u0131k ve G\u00fcvenilirlik:<\/strong> Arazi temizleme ta\u015f k\u0131rma makinelerinde, \u00e7al\u0131\u015fma ko\u015fullar\u0131 genellikle zorludur ve b\u00fcy\u00fck kayalar\u0131 k\u0131rma ve engebeli arazide ilerleme gibi a\u011f\u0131r g\u00f6revler i\u00e7erir. Planet di\u015fli kutusu, y\u00fcksek tork ve gerilimlere dayanacak \u015fekilde \u00fcretilmi\u015ftir ve bu zorlu ko\u015fullar alt\u0131nda dayan\u0131kl\u0131l\u0131k ve g\u00fcvenilirlik sunar. Bu di\u015fli kutusu, ta\u015f k\u0131rma makinesinin, makinenin mekanik b\u00fct\u00fcnl\u00fc\u011f\u00fcnden \u00f6d\u00fcn vermeden s\u00fcrekli olarak optimum seviyelerde performans g\u00f6stermesini sa\u011flayarak, \u00e7al\u0131\u015fma s\u00fcresini ve \u00fcretkenli\u011fi en \u00fcst d\u00fczeye \u00e7\u0131karmada \u00f6nemli bir bile\u015fendir.<\/p>\n<p>\u00d6zetle, bir arazi temizleme ta\u015f k\u0131rma makinesindeki tekerlek tahrikli planet di\u015fli kutusu, hem a\u011f\u0131r k\u0131rma g\u00f6revlerini hem de engebeli arazi navigasyonunu idare etmek i\u00e7in gerekli torku, d\u00fczg\u00fcn \u00e7al\u0131\u015fmay\u0131 ve dayan\u0131kl\u0131l\u0131\u011f\u0131 sa\u011flamak i\u00e7in olmazsa olmazd\u0131r.<\/p>\n<p><img loading=\"lazy\" decoding=\"async\" class=\"alignnone wp-image-3696\" src=\"https:\/\/fmp-components.com\/wp-content\/uploads\/2025\/01\/0_wheel-drive-Apple-harvester-machine-61.webp\" alt=\"tekerlekten \u00e7eki\u015fli Apple hasat makinesi\" width=\"914\" height=\"513\" title=\"\" srcset=\"https:\/\/fmp-components.com\/wp-content\/uploads\/2025\/01\/0_wheel-drive-Apple-harvester-machine-61.webp 914w, https:\/\/fmp-components.com\/wp-content\/uploads\/2025\/01\/0_wheel-drive-Apple-harvester-machine-61-480x269.webp 480w\" sizes=\"(min-width: 0px) and (max-width: 480px) 480px, (min-width: 481px) 914px, 100vw\" \/><\/p>\n<h2>Teknik \u00d6zellikler<\/h2>\n<table border=\"2\">\n<tbody>\n<tr>\n<td>Y\u00fck kapasitesi<\/td>\n<td>60000 Nm'ye kadar dinamik tork kapasitesi, sert kaya ve toprakta \u00e7al\u0131\u015f\u0131rken yeterli g\u00fc\u00e7 iletimi ve dayan\u0131kl\u0131l\u0131k sa\u011flar.<\/td>\n<\/tr>\n<tr>\n<td>H\u0131z oran\u0131 aral\u0131\u011f\u0131<\/td>\n<td>Farkl\u0131 k\u0131rma i\u015flemi gereksinimlerine ve s\u00fcr\u00fc\u015f h\u0131z\u0131 kontrol\u00fcne uyum sa\u011flamak i\u00e7in 5,3 ile 200:1 aras\u0131nda ayarlanabilir \u00e7e\u015fitli h\u0131z oran\u0131 yap\u0131land\u0131rmalar\u0131 sa\u011flar.<\/td>\n<\/tr>\n<tr>\n<td>Malzeme<\/td>\n<td>Di\u015fliler y\u00fcksek kaliteli ala\u015f\u0131ml\u0131 \u00e7elikten \u00fcretilmi\u015f olup, y\u00fcksek sertlik, a\u015f\u0131nma direnci ve darbe direncini sa\u011flamak i\u00e7in sertle\u015ftirme ve \u0131s\u0131l i\u015flem s\u00fcre\u00e7lerinden ge\u00e7mi\u015ftir; kutu g\u00f6vdesi, iyi yap\u0131sal mukavemet ve korozyon direncine sahip y\u00fcksek mukavemetli d\u00f6kme demir veya al\u00fcminyum ala\u015f\u0131m\u0131ndan d\u00f6k\u00fclm\u00fc\u015ft\u00fcr.<\/td>\n<\/tr>\n<tr>\n<td>Boyutlar<\/td>\n<td>\u00d6zelle\u015ftirilebilir<\/td>\n<\/tr>\n<tr>\n<td>Destek<\/td>\n<td>\u015fanz\u0131man\u0131n tekerle\u011fe uymas\u0131 i\u00e7in d\u00f6ner g\u00f6vde flan\u015flar\u0131 vard\u0131r<\/td>\n<\/tr>\n<tr>\n<td>Uygulanabilir motorlar<\/td>\n<td>eksenel pistonlu hidrolik motorlar, hidrolik y\u00f6r\u00fcnge motorlar\u0131 veya di\u011ferleri<\/td>\n<\/tr>\n<tr>\n<td>Hidrolik motor se\u00e7enekleri<\/td>\n<td>bas\u0131n\u00e7 tahliye vanas\u0131, a\u015f\u0131r\u0131 merkez vanas\u0131<\/td>\n<\/tr>\n<tr>\n<td>Rulman:<\/td>\n<td>halka di\u015flisinin uygulad\u0131\u011f\u0131 kuvvetleri emen sa\u011flam yatak sistemi<\/td>\n<\/tr>\n<tr>\n<td>Fren:<\/td>\n<td>hidrolik olarak serbest b\u0131rak\u0131lan park freni<\/td>\n<\/tr>\n<\/tbody>\n<\/table>\n<h2>Arazi Temizleme Ta\u015f K\u0131r\u0131c\u0131 ile Uyumluluk<\/h2>\n<p>Tekerlek tahrikli planet di\u015fli kutular\u0131m\u0131z, piyasadaki t\u00fcm b\u00fcy\u00fck Arazi Temizleme Ta\u015f K\u0131rma Makinesi markalar\u0131 ve modelleriyle kullan\u0131m i\u00e7in optimize edilmi\u015ftir.<\/p>\n<p>A\u015fa\u011f\u0131da, tekerlek tahrikli planet di\u015fli kutular\u0131m\u0131za uygun, sekt\u00f6rdeki baz\u0131 yayg\u0131n veya iyi bilinen k\u0131rma ekipman\u0131 \u00fcreticilerinin listesi yer almaktad\u0131r:<\/p>\n<ul>\n<li>Komatsu \u2013 Arazi temizleme i\u015flerine uygun geni\u015f yelpazede paletli ve tekerlekli ekskavat\u00f6rler ve k\u0131r\u0131c\u0131 ata\u015fmanlar\u0131 \u00fcretmektedir.<\/li>\n<li>Caterpillar \u2013 Tekerlekli ve paletli ekipmanlar da dahil olmak \u00fczere \u00e7e\u015fitli a\u011f\u0131r ekipman yelpazesi sunar; bunlar\u0131n bir k\u0131sm\u0131, \u00f6zel k\u0131r\u0131c\u0131larla donat\u0131larak arazi temizleme \u00e7al\u0131\u015fmalar\u0131nda kullan\u0131labilir.<\/li>\n<li>Bobcat \u2013 Hafif ve orta zorluktaki arazi temizleme ve \u00e7ak\u0131l i\u015flerinde kullan\u0131lan kompakt yard\u0131mc\u0131 y\u00fckleyiciler ve ata\u015fmanlar \u00fcretir.<\/li>\n<li>MB Crusher \u2013 Ekskavat\u00f6rlere, y\u00fckleyicilere vb. monte edilebilen \u00e7e\u015fitli mobil k\u0131r\u0131c\u0131lar ve elekler \u00fcretme konusunda uzmanla\u015fm\u0131\u015ft\u0131r.<\/li>\n<li>John Deere \u2013 Tar\u0131m makineleriyle tan\u0131nmas\u0131na ra\u011fmen, arazi temizleme g\u00f6revlerini ger\u00e7ekle\u015ftirmek i\u00e7in do\u011fru k\u0131rma aletleriyle kullan\u0131labilen toprak i\u015fleme ve in\u015faat end\u00fcstrileri i\u00e7in a\u011f\u0131r ekipmanlar da sunmaktad\u0131r.<\/li>\n<\/ul>\n<p><span style=\"color: #ff0000;\"><em><strong>Not: Yaz\u0131da ad\u0131 ge\u00e7en marka adlar\u0131, m\u00fc\u015fterilerimizin ilgili tar\u0131m makinesi markas\u0131n\u0131n aksesuarlar\u0131n\u0131 se\u00e7ip de\u011fi\u015ftirebilmeleri i\u00e7in kolayl\u0131k sa\u011flamak amac\u0131yla verilmi\u015ftir ve s\u00f6z konusu markan\u0131n \u00fcr\u00fcnlerini satmamaktad\u0131r.<\/strong><\/em><\/span><\/p>\n<h2>FMP Hakk\u0131nda<\/h2>\n<p>FMP, \u00e7ok \u00e7e\u015fitli mekanik ve hidrolik \u015fanz\u0131man \u00fcr\u00fcnlerinin \u00fcretiminde uzmanla\u015fm\u0131\u015f \u00f6nde gelen bir \u00fcreticidir. \u00dcr\u00fcn yelpazemizde planet di\u015fli kutular\u0131, sonsuz di\u015fli red\u00fckt\u00f6rler, s\u0131ral\u0131 helisel di\u015fli red\u00fckt\u00f6rler, paralel \u015faftl\u0131 helisel di\u015fli red\u00fckt\u00f6rler, helisel konik di\u015fli red\u00fckt\u00f6rler, helisel sonsuz di\u015fli red\u00fckt\u00f6rler, tar\u0131m red\u00fckt\u00f6rleri, trakt\u00f6r red\u00fckt\u00f6rleri, otomobil red\u00fckt\u00f6rleri, g\u00fc\u00e7 \u00e7\u0131k\u0131\u015f milleri ve \u00f6zel red\u00fckt\u00f6rler yer almaktad\u0131r. Ayr\u0131ca, zincir di\u015flileri, hidrolik sistemler, vakum pompalar\u0131, hidrolik kaplinler, kremayer di\u015fliler, zincirler, zamanlama kasnaklar\u0131, UDL \u015fanz\u0131manlar, V kay\u0131\u015f kasnaklar\u0131, hidrolik silindirler, di\u015fli pompalar, vidal\u0131 hava kompres\u00f6rleri ve d\u00fc\u015f\u00fck bo\u015fluklu sonsuz di\u015fli red\u00fckt\u00f6rler gibi kapsaml\u0131 bir tamamlay\u0131c\u0131 bile\u015fen yelpazesi sunuyoruz.<\/p>\n<p><strong>Her \u0130htiyaca \u00d6zel \u00c7\u00f6z\u00fcmler<\/strong><\/p>\n<p>FMP olarak, her uygulaman\u0131n benzersiz oldu\u011funun bilincindeyiz. Bu nedenle, m\u00fc\u015fterilerimizin \u00f6zel gereksinimlerini kar\u015f\u0131lamak \u00fczere tasarlanm\u0131\u015f \u00f6zel \u015fanz\u0131manlar, di\u015fli motorlar\u0131, hidrolik sistemler ve motorlar dahil olmak \u00fczere tamamen \u00f6zelle\u015ftirilebilir \u00e7\u00f6z\u00fcmler sunuyoruz. Esnek \u00fcretim kapasitemiz, her t\u00fcrl\u00fc uygulama i\u00e7in maksimum verimlilik ve optimum performans sa\u011flayacak \u015fekilde tasarlanm\u0131\u015f, hassas bir \u015fekilde tasarlanm\u0131\u015f \u00fcr\u00fcnler yaratmam\u0131z\u0131 sa\u011flar.<\/p>\n<p><strong>Kalite ve Yenili\u011fe Ba\u011fl\u0131l\u0131k<\/strong><\/p>\n<p>\u00dcretti\u011fimiz her \u00fcr\u00fcnde en y\u00fcksek kalite ve g\u00fcvenilirlik standartlar\u0131n\u0131 korumaya b\u00fcy\u00fck \u00f6nem veriyoruz. Geli\u015fmi\u015f test ve muayene ekipmanlar\u0131m\u0131z ve son derece yetenekli teknik ekibimiz, her \u00fcr\u00fcn\u00fcn s\u0131k\u0131 end\u00fcstri standartlar\u0131n\u0131 kar\u015f\u0131lamas\u0131n\u0131 sa\u011flar. \u0130ster standart \u00e7\u00f6z\u00fcmler sunuyor ister \u00f6zel tasar\u0131m \u00fcr\u00fcnler geli\u015ftiriyor olun, FMP en zorlu ortamlarda bile ola\u011fan\u00fcst\u00fc performans g\u00f6steren en y\u00fcksek kaliteli sonu\u00e7lar\u0131 sunmaya kendini adam\u0131\u015ft\u0131r.<\/p>\n<p>Son y\u0131llarda FMP, kapsaml\u0131 \u00fcretim deneyimimiz, sa\u011flam y\u00f6netim sistemlerimiz ve g\u00fc\u00e7l\u00fc teknik uzmanl\u0131\u011f\u0131m\u0131zla h\u0131zla b\u00fcy\u00fcd\u00fc. \"Hayatta kalmak i\u00e7in kalite, geli\u015fim i\u00e7in inovasyon\" felsefemiz, s\u00fcrekli iyile\u015ftirme ve b\u00fcy\u00fcmeyi te\u015fvik ederek ba\u015far\u0131m\u0131z\u0131n temel ta\u015f\u0131 oldu.<\/p>\n<p><strong>Ba\u015far\u0131 \u0130\u00e7in Ortakl\u0131k<\/strong><\/p>\n<p>FMP olarak, m\u00fc\u015fterilerimizle i\u015f birli\u011fine ve uzun vadeli ortakl\u0131klara \u00f6ncelik veriyoruz. Beklentileri a\u015fan yenilik\u00e7i ve g\u00fcvenilir \u00e7\u00f6z\u00fcmler sunmak i\u00e7in m\u00fc\u015fterilerimizle yak\u0131n bir \u015fekilde \u00e7al\u0131\u015f\u0131yoruz. Amac\u0131m\u0131z yaln\u0131zca m\u00fc\u015fterilerimizin ihtiya\u00e7lar\u0131n\u0131 kar\u015f\u0131lamak de\u011fil, ayn\u0131 zamanda g\u00fcven, kalite ve kar\u015f\u0131l\u0131kl\u0131 ba\u015far\u0131ya dayal\u0131 kal\u0131c\u0131 ili\u015fkiler kurmakt\u0131r.<\/p>\n<p>Hassas m\u00fchendislik, g\u00fcvenilirlik ve \u00f6zelle\u015ftirilmi\u015f hizmetlere odaklanan FMP, t\u00fcm mekanik ve hidrolik \u015fanz\u0131man ihtiya\u00e7lar\u0131n\u0131z i\u00e7in g\u00fcvenilir bir ortakt\u0131r. Ba\u015far\u0131ya ula\u015fmak ve m\u00fckemmelli\u011fe birlikte ula\u015fmak i\u00e7in sizinle i\u015f birli\u011fi yapmay\u0131 d\u00f6rt g\u00f6zle bekliyoruz.<\/p>\n<p><img loading=\"lazy\" decoding=\"async\" class=\"alignnone size-full wp-image-3678\" src=\"https:\/\/fmp-components.com\/wp-content\/uploads\/2025\/01\/worm-gearbox-factory1.webp\" alt=\"sonsuz di\u015fli kutusu fabrikas\u0131\" width=\"1024\" height=\"888\" title=\"\" srcset=\"https:\/\/fmp-components.com\/wp-content\/uploads\/2025\/01\/worm-gearbox-factory1.webp 1024w, https:\/\/fmp-components.com\/wp-content\/uploads\/2025\/01\/worm-gearbox-factory1-980x850.webp 980w, https:\/\/fmp-components.com\/wp-content\/uploads\/2025\/01\/worm-gearbox-factory1-480x416.webp 480w\" sizes=\"(min-width: 0px) and (max-width: 480px) 480px, (min-width: 481px) and (max-width: 980px) 980px, (min-width: 981px) 1024px, 100vw\" \/><\/p>\n<p>Yazar: CX<\/p>\n<\/div>\n<\/div>\n<\/div>\n<\/div>","protected":false},"excerpt":{"rendered":"<p>Location of the Gearbox in a Land Clearing Stone Crusher The gearbox in a land clearing stone crusher is typically located between the engine or motor and the crusher mechanism, usually mounted directly to the machine\u2019s main frame. It serves as a crucial component to transmit power from the engine to the crusher\u2019s rotor or [&hellip;]<\/p>","protected":false},"featured_media":3693,"comment_status":"open","ping_status":"closed","template":"","meta":{"_et_pb_use_builder":"","_et_pb_old_content":"","_et_gb_content_width":""},"product_brand":[],"product_cat":[90],"product_tag":[],"class_list":{"0":"post-3691","1":"product","2":"type-product","3":"status-publish","4":"has-post-thumbnail","6":"product_cat-planetary-gearbox","8":"first","9":"instock","10":"shipping-taxable","11":"product-type-simple"},"_links":{"self":[{"href":"https:\/\/fmp-components.com\/tr\/wp-json\/wp\/v2\/product\/3691","targetHints":{"allow":["GET"]}}],"collection":[{"href":"https:\/\/fmp-components.com\/tr\/wp-json\/wp\/v2\/product"}],"about":[{"href":"https:\/\/fmp-components.com\/tr\/wp-json\/wp\/v2\/types\/product"}],"replies":[{"embeddable":true,"href":"https:\/\/fmp-components.com\/tr\/wp-json\/wp\/v2\/comments?post=3691"}],"wp:featuredmedia":[{"embeddable":true,"href":"https:\/\/fmp-components.com\/tr\/wp-json\/wp\/v2\/media\/3693"}],"wp:attachment":[{"href":"https:\/\/fmp-components.com\/tr\/wp-json\/wp\/v2\/media?parent=3691"}],"wp:term":[{"taxonomy":"product_brand","embeddable":true,"href":"https:\/\/fmp-components.com\/tr\/wp-json\/wp\/v2\/product_brand?post=3691"},{"taxonomy":"product_cat","embeddable":true,"href":"https:\/\/fmp-components.com\/tr\/wp-json\/wp\/v2\/product_cat?post=3691"},{"taxonomy":"product_tag","embeddable":true,"href":"https:\/\/fmp-components.com\/tr\/wp-json\/wp\/v2\/product_tag?post=3691"}],"curies":[{"name":"wp","href":"https:\/\/api.w.org\/{rel}","templated":true}]}}