{"id":3686,"date":"2025-01-09T06:39:01","date_gmt":"2025-01-09T06:39:01","guid":{"rendered":"https:\/\/fmp-components.com\/?page_id=8"},"modified":"2025-01-09T06:39:01","modified_gmt":"2025-01-09T06:39:01","slug":"wheel-drive-planetary-gearbox-reducer-for-road-reclaimers-and-grades","status":"publish","type":"product","link":"https:\/\/fmp-components.com\/tr\/product\/wheel-drive-planetary-gearbox-reducer-for-road-reclaimers-and-grades\/","title":{"rendered":"Yol Reg\u00fclat\u00f6rleri ve S\u0131n\u0131flar \u0130\u00e7in Tekerlek Tahrikli Planet Di\u015fli Kutusu Red\u00fckt\u00f6r\u00fc"},"content":{"rendered":"<p><img loading=\"lazy\" decoding=\"async\" class=\"alignnone wp-image-3687\" src=\"https:\/\/fmp-components.com\/wp-content\/uploads\/2025\/01\/0_wheel-drive-for-Road-Reclaimers-and-Grades-0.webp\" alt=\"Yol Geri Kazan\u0131m Ara\u00e7lar\u0131 ve Dereceler i\u00e7in Tekerlekten \u00c7eki\u015f\" width=\"863\" height=\"647\" title=\"\" srcset=\"https:\/\/fmp-components.com\/wp-content\/uploads\/2025\/01\/0_wheel-drive-for-Road-Reclaimers-and-Grades-0.webp 400w, https:\/\/fmp-components.com\/wp-content\/uploads\/2025\/01\/0_wheel-drive-for-Road-Reclaimers-and-Grades-0-300x225.webp 300w, https:\/\/fmp-components.com\/wp-content\/uploads\/2025\/01\/0_wheel-drive-for-Road-Reclaimers-and-Grades-0-16x12.webp 16w\" sizes=\"(max-width: 863px) 100vw, 863px\" \/><\/p>\n<h2>Yol Kurtarma Ara\u00e7lar\u0131 i\u00e7in Tekerlekten \u00c7eki\u015f<\/h2>\n<p>Yol \u0131slah makinelerinin tekerlek tahriki, yol \u0131slah makinelerine gerekli hareket kabiliyetini ve \u00e7eki\u015fi sa\u011flayan kritik bir bile\u015fendir. Yol \u0131slah makineleri, yol yap\u0131m ve bak\u0131m\u0131nda yol y\u00fczeylerini kaz\u0131mak ve yenilemek i\u00e7in kullan\u0131lan b\u00fcy\u00fck, a\u011f\u0131r hizmet tipi makinelerdir. Tekerlek tahrik sistemi, bu makinelerin \u00e7ak\u0131l, asfalt ve toprak gibi \u00e7e\u015fitli y\u00fczeylerde denge ve g\u00fc\u00e7lerini koruyarak hareket etmelerini sa\u011flar.<\/p>\n<p><img loading=\"lazy\" decoding=\"async\" class=\"size-full wp-image-3688 aligncenter\" src=\"https:\/\/fmp-components.com\/wp-content\/uploads\/2025\/01\/ep_wheel-drive-2-1.webp\" alt=\"tekerlekten \u00e7eki\u015fli\" width=\"608\" height=\"677\" title=\"\" srcset=\"https:\/\/fmp-components.com\/wp-content\/uploads\/2025\/01\/ep_wheel-drive-2-1.webp 608w, https:\/\/fmp-components.com\/wp-content\/uploads\/2025\/01\/ep_wheel-drive-2-1-480x534.webp 480w\" sizes=\"(min-width: 0px) and (max-width: 480px) 480px, (min-width: 481px) 608px, 100vw\" \/><\/p>\n<p><strong>Temel Rol ve \u0130\u015flev:<\/strong><\/p>\n<p>Yol kaz\u0131c\u0131lar\u0131ndaki tekerlek tahriki, motor veya hidrolik sistemden gelen g\u00fcc\u00fc tekerleklere aktarmak \u00fczere tasarlanm\u0131\u015ft\u0131r. Bu, engebeli, engebeli veya e\u011fimli arazilerde bile verimli bir hareket sa\u011flar. Sistem, genellikle kaz\u0131c\u0131n\u0131n a\u011f\u0131r y\u00fckler alt\u0131nda bile \u00e7eki\u015f g\u00fcc\u00fcn\u00fc kaybetmeden zorlu y\u00fczeylerde hareket etmesini sa\u011flayan y\u00fcksek torklu tahriklerle donat\u0131lm\u0131\u015ft\u0131r. Ayr\u0131ca, kontroll\u00fc h\u0131z sa\u011flayarak kaz\u0131c\u0131n\u0131n frezeleme ve y\u00fczey haz\u0131rlama i\u015flemleri i\u00e7in uygun h\u0131zda hareket etmesini sa\u011flar.<\/p>\n<p><strong>Performans ve Dayan\u0131kl\u0131l\u0131k:<\/strong><\/p>\n<p>Yol r\u00f6lyef makinelerinin zorlu \u00e7al\u0131\u015fma ko\u015fullar\u0131 g\u00f6z \u00f6n\u00fcne al\u0131nd\u0131\u011f\u0131nda, tekerlek tahrik sistemi dayan\u0131kl\u0131l\u0131k ve g\u00fcvenilirlik i\u00e7in tasarlanm\u0131\u015ft\u0131r. S\u0131k s\u0131k kalk\u0131\u015f ve duru\u015flar da dahil olmak \u00fczere y\u00fcksek d\u00fczeyde strese ve zorlu ortamlarda \u00e7al\u0131\u015fmaya dayanacak \u015fekilde tasarlanm\u0131\u015ft\u0131r. Sistemin sa\u011flam yap\u0131s\u0131, uzun hizmet \u00f6mr\u00fc ve minimum bak\u0131m gerektirir; bu da ar\u0131za s\u00fcrelerini azaltmak ve uzun ve yo\u011fun \u00e7al\u0131\u015fma d\u00f6ng\u00fcleri boyunca ekipman\u0131n verimli \u00e7al\u0131\u015fmas\u0131n\u0131 sa\u011flamak i\u00e7in olmazsa olmazd\u0131r.<\/p>\n<h2>Yol Geri Kazan\u0131m Makinelerinin \u00c7al\u0131\u015fma Ortam\u0131na M\u00fckemmel \u015eekilde Uyum Sa\u011flar<\/h2>\n<p>Yol kaz\u0131c\u0131lar\u0131n\u0131n tekerlek tahrik sistemi, yol in\u015faat\u0131 ve bak\u0131m\u0131n\u0131n zorlu ve \u00e7etin \u00e7al\u0131\u015fma ortam\u0131na m\u00fckemmel bir \u015fekilde uyarlanm\u0131\u015ft\u0131r. Bu makineler genellikle asfalt, \u00e7ak\u0131l ve toprak yollar gibi engebeli, engebeli ve \u00f6ng\u00f6r\u00fclemeyen arazilerde \u00e7al\u0131\u015f\u0131rken, a\u011f\u0131r i\u015f y\u00fcklerini de ta\u015f\u0131rlar. Tekerlek tahrik sistemi, optimum \u00e7eki\u015f g\u00fcc\u00fc, denge ve hareket kabiliyeti sa\u011flayarak, kaz\u0131c\u0131n\u0131n arazi ko\u015fullar\u0131ndan ba\u011f\u0131ms\u0131z olarak yol y\u00fczeylerini frezeleme, onarma ve geri d\u00f6n\u00fc\u015ft\u00fcrme gibi g\u00f6revlerini etkili bir \u015fekilde yerine getirmesini sa\u011flar.<\/p>\n<p><strong>Zorlu Ko\u015fullar \u0130\u00e7in Y\u00fcksek Tork ve \u00c7eki\u015f<\/strong><\/p>\n<p>Yol \u0131slah makineleri, zorlu y\u00fczeylerde istikrarl\u0131 bir performans sergilerken \u00f6nemli bir tork ve \u00e7eki\u015f g\u00fcc\u00fcne ihtiya\u00e7 duyar. Tekerlek tahrik sistemi, makinenin dik yoku\u015flar, gev\u015fek \u00e7ak\u0131llar ve s\u0131k\u0131\u015ft\u0131r\u0131lm\u0131\u015f yol y\u00fczeyleri gibi en zorlu ortamlar\u0131n bile \u00fcstesinden gelmesini sa\u011flayan y\u00fcksek tork kapasitesiyle tasarlanm\u0131\u015ft\u0131r. Bu sayede daha ak\u0131c\u0131 bir \u00e7al\u0131\u015fma, daha iyi kontrol ve kaymadan veya durmadan zorlu arazilerde ilerleme yetene\u011fi elde edilir.<\/p>\n<p><strong>Zorlu Ortamlarda Dayan\u0131kl\u0131l\u0131k ve G\u00fcvenilirlik<\/strong><\/p>\n<p>Yol kaz\u0131c\u0131lar\u0131n\u0131n toza, titre\u015fime ve engebeli, dengesiz y\u00fczeylerde s\u0131k s\u0131k \u00e7al\u0131\u015ft\u0131r\u0131lmaya maruz kalmas\u0131 gibi zorlu \u00e7al\u0131\u015fma ko\u015fullar\u0131, dayan\u0131kl\u0131l\u0131k ve g\u00fcvenilirlik i\u00e7in tasarlanm\u0131\u015f bir tekerlek tahrik sistemi gerektirir. Sistem, uzun s\u00fcreler boyunca bu streslere dayanacak \u015fekilde y\u00fcksek kaliteli malzemeler ve geli\u015fmi\u015f m\u00fchendislikle \u00fcretilmi\u015ftir. Minimum bak\u0131m ve y\u00fck alt\u0131nda m\u00fckemmel performans sunan tekerlek tahrik sistemi, kaz\u0131c\u0131n\u0131n uzun ve zorlu \u00e7al\u0131\u015fma vardiyalar\u0131nda bile \u00e7al\u0131\u015f\u0131r durumda ve verimli kalmas\u0131n\u0131 sa\u011flayarak ar\u0131za s\u00fcresini azalt\u0131r ve genel verimlili\u011fi art\u0131r\u0131r.<\/p>\n<p><img loading=\"lazy\" decoding=\"async\" class=\"alignnone wp-image-3689\" src=\"https:\/\/fmp-components.com\/wp-content\/uploads\/2025\/01\/0_Reggiana-Riduttori-8.webp\" alt=\"Reggiana-Riduttori\" width=\"859\" height=\"734\" title=\"\" srcset=\"https:\/\/fmp-components.com\/wp-content\/uploads\/2025\/01\/0_Reggiana-Riduttori-8.webp 859w, https:\/\/fmp-components.com\/wp-content\/uploads\/2025\/01\/0_Reggiana-Riduttori-8-480x410.webp 480w\" sizes=\"(min-width: 0px) and (max-width: 480px) 480px, (min-width: 481px) 859px, 100vw\" \/><\/p>\n<h3>Pop\u00fcler Modellerle Uyumluluk<\/h3>\n<p data-spm-anchor-id=\"5176.28103460.0.i154.22d63f99WoHmOF\">Teorik olarak \u00e7oklu \u00e7eki\u015fli ara\u00e7larla uyumlu olabilecek, ancak \u00fcretici taraf\u0131ndan sa\u011flanan teknik \u00f6zellikler ve \u00f6zelle\u015ftirme gereksinimlerine g\u00f6re \u00f6zel uyumlulu\u011fun e\u015fle\u015ftirilmesi gereken baz\u0131 yayg\u0131n Yol Geri Kazan\u0131m Ara\u00e7lar\u0131 markalar\u0131n\u0131 ve modellerini listeleyin:<\/p>\n<ul>\n<li data-spm-anchor-id=\"5176.28103460.0.i154.22d63f99WoHmOF\">Wirtgen: Wirtgen WR 200 ve WR 250 serisi gibi yol yenileme makineleri.<\/li>\n<li data-spm-anchor-id=\"5176.28103460.0.i154.22d63f99WoHmOF\">Caterpillar: \u00d6rne\u011fin Caterpillar PM620 ve PM820 yol so\u011fuk rejenerasyon makineleri.<\/li>\n<li data-spm-anchor-id=\"5176.28103460.0.i154.22d63f99WoHmOF\">Fayat Group (Bomag): Bomag BF 600 C, BF 800 P serisi rejenerasyon makineleri gibi.<\/li>\n<li data-spm-anchor-id=\"5176.28103460.0.i154.22d63f99WoHmOF\">Volvo \u0130\u015f Makineleri: \u00d6rne\u011fin; Volvo R900S, R1100S yol yenileme makinesi.<\/li>\n<li data-spm-anchor-id=\"5176.28103460.0.i154.22d63f99WoHmOF\">Dynapac: Dynapac CR 250\/CR 280\/CR 350 serisi rejenerasyon makinesi.<\/li>\n<\/ul>\n<p>Farkl\u0131 marka yol yenileme makinelerinin tasar\u0131mlar\u0131nda farkl\u0131l\u0131klar olabilece\u011fini l\u00fctfen unutmay\u0131n; bu nedenle, \u00f6zel teknik parametrelerine g\u00f6re uygun bir tekerlek tahrikli planet di\u015fli kutusu red\u00fckt\u00f6r\u00fc se\u00e7mek veya \u00f6zelle\u015ftirmek gerekir. Pratik uygulamalarda, tekerlek tahrikinin yeterli tork \u00e7\u0131k\u0131\u015f\u0131 ve h\u0131z kontrol\u00fc sa\u011flayabilmesi ve yap\u0131sal boyutlar, aray\u00fcz standartlar\u0131 ve y\u00fck kapasitesi a\u00e7\u0131s\u0131ndan yenileme makinesinin ana g\u00f6vdesiyle tam uyumlu olmas\u0131 sa\u011flanmal\u0131d\u0131r.<\/p>\n<p><span style=\"color: #ff0000;\"><em><strong>Not: Yaz\u0131da ad\u0131 ge\u00e7en marka adlar\u0131, m\u00fc\u015fterilerimizin ilgili tar\u0131m makinesi markas\u0131n\u0131n aksesuarlar\u0131n\u0131 se\u00e7ip de\u011fi\u015ftirebilmeleri i\u00e7in kolayl\u0131k sa\u011flamak amac\u0131yla verilmi\u015ftir ve s\u00f6z konusu markan\u0131n \u00fcr\u00fcnlerini satmamaktad\u0131r.<\/strong><\/em><\/span><\/p>\n<h2>FMP Hakk\u0131nda<\/h2>\n<p>FMP, \u00e7ok \u00e7e\u015fitli mekanik ve hidrolik \u015fanz\u0131man \u00fcr\u00fcnlerinin \u00fcretiminde uzmanla\u015fm\u0131\u015f \u00f6nde gelen bir \u00fcreticidir. \u00dcr\u00fcn yelpazemizde planet di\u015fli kutular\u0131, sonsuz di\u015fli red\u00fckt\u00f6rler, s\u0131ral\u0131 helisel di\u015fli red\u00fckt\u00f6rler, paralel \u015faftl\u0131 helisel di\u015fli red\u00fckt\u00f6rler, helisel konik di\u015fli red\u00fckt\u00f6rler, helisel sonsuz di\u015fli red\u00fckt\u00f6rler, tar\u0131m red\u00fckt\u00f6rleri, trakt\u00f6r red\u00fckt\u00f6rleri, otomobil red\u00fckt\u00f6rleri, g\u00fc\u00e7 \u00e7\u0131k\u0131\u015f milleri ve \u00f6zel red\u00fckt\u00f6rler yer almaktad\u0131r. Ayr\u0131ca, zincir di\u015flileri, hidrolik sistemler, vakum pompalar\u0131, hidrolik kaplinler, kremayer di\u015fliler, zincirler, zamanlama kasnaklar\u0131, UDL \u015fanz\u0131manlar, V kay\u0131\u015f kasnaklar\u0131, hidrolik silindirler, di\u015fli pompalar, vidal\u0131 hava kompres\u00f6rleri ve d\u00fc\u015f\u00fck bo\u015fluklu sonsuz di\u015fli red\u00fckt\u00f6rler gibi kapsaml\u0131 bir tamamlay\u0131c\u0131 bile\u015fen yelpazesi sunuyoruz.<\/p>\n<p><strong>Her \u0130htiyaca \u00d6zel \u00c7\u00f6z\u00fcmler<\/strong><\/p>\n<p>FMP olarak, her uygulaman\u0131n benzersiz oldu\u011funun bilincindeyiz. Bu nedenle, m\u00fc\u015fterilerimizin \u00f6zel gereksinimlerini kar\u015f\u0131lamak \u00fczere tasarlanm\u0131\u015f \u00f6zel \u015fanz\u0131manlar, di\u015fli motorlar\u0131, hidrolik sistemler ve motorlar dahil olmak \u00fczere tamamen \u00f6zelle\u015ftirilebilir \u00e7\u00f6z\u00fcmler sunuyoruz. Esnek \u00fcretim kapasitemiz, her t\u00fcrl\u00fc uygulama i\u00e7in maksimum verimlilik ve optimum performans sa\u011flayacak \u015fekilde tasarlanm\u0131\u015f, hassas bir \u015fekilde tasarlanm\u0131\u015f \u00fcr\u00fcnler yaratmam\u0131z\u0131 sa\u011flar.<\/p>\n<p><strong>Kalite ve Yenili\u011fe Ba\u011fl\u0131l\u0131k<\/strong><\/p>\n<p>\u00dcretti\u011fimiz her \u00fcr\u00fcnde en y\u00fcksek kalite ve g\u00fcvenilirlik standartlar\u0131n\u0131 korumaya b\u00fcy\u00fck \u00f6nem veriyoruz. Geli\u015fmi\u015f test ve muayene ekipmanlar\u0131m\u0131z ve son derece yetenekli teknik ekibimiz, her \u00fcr\u00fcn\u00fcn s\u0131k\u0131 end\u00fcstri standartlar\u0131n\u0131 kar\u015f\u0131lamas\u0131n\u0131 sa\u011flar. \u0130ster standart \u00e7\u00f6z\u00fcmler sunuyor ister \u00f6zel tasar\u0131m \u00fcr\u00fcnler geli\u015ftiriyor olun, FMP en zorlu ortamlarda bile ola\u011fan\u00fcst\u00fc performans g\u00f6steren en y\u00fcksek kaliteli sonu\u00e7lar\u0131 sunmaya kendini adam\u0131\u015ft\u0131r.<\/p>\n<p>Son y\u0131llarda FMP, kapsaml\u0131 \u00fcretim deneyimimiz, sa\u011flam y\u00f6netim sistemlerimiz ve g\u00fc\u00e7l\u00fc teknik uzmanl\u0131\u011f\u0131m\u0131zla h\u0131zla b\u00fcy\u00fcd\u00fc. \"Hayatta kalmak i\u00e7in kalite, geli\u015fim i\u00e7in inovasyon\" felsefemiz, s\u00fcrekli iyile\u015ftirme ve b\u00fcy\u00fcmeyi te\u015fvik ederek ba\u015far\u0131m\u0131z\u0131n temel ta\u015f\u0131 oldu.<\/p>\n<p><strong>Ba\u015far\u0131 \u0130\u00e7in Ortakl\u0131k<\/strong><\/p>\n<p>FMP olarak, m\u00fc\u015fterilerimizle i\u015f birli\u011fine ve uzun vadeli ortakl\u0131klara \u00f6ncelik veriyoruz. Beklentileri a\u015fan yenilik\u00e7i ve g\u00fcvenilir \u00e7\u00f6z\u00fcmler sunmak i\u00e7in m\u00fc\u015fterilerimizle yak\u0131n bir \u015fekilde \u00e7al\u0131\u015f\u0131yoruz. Amac\u0131m\u0131z yaln\u0131zca m\u00fc\u015fterilerimizin ihtiya\u00e7lar\u0131n\u0131 kar\u015f\u0131lamak de\u011fil, ayn\u0131 zamanda g\u00fcven, kalite ve kar\u015f\u0131l\u0131kl\u0131 ba\u015far\u0131ya dayal\u0131 kal\u0131c\u0131 ili\u015fkiler kurmakt\u0131r.<\/p>\n<p>Hassas m\u00fchendislik, g\u00fcvenilirlik ve \u00f6zelle\u015ftirilmi\u015f hizmetlere odaklanan FMP, t\u00fcm mekanik ve hidrolik \u015fanz\u0131man ihtiya\u00e7lar\u0131n\u0131z i\u00e7in g\u00fcvenilir bir ortakt\u0131r. Ba\u015far\u0131ya ula\u015fmak ve m\u00fckemmelli\u011fe birlikte ula\u015fmak i\u00e7in sizinle i\u015f birli\u011fi yapmay\u0131 d\u00f6rt g\u00f6zle bekliyoruz.<\/p>\n<p><img loading=\"lazy\" decoding=\"async\" class=\"alignnone size-full wp-image-3678\" src=\"https:\/\/fmp-components.com\/wp-content\/uploads\/2025\/01\/worm-gearbox-factory1.webp\" alt=\"sonsuz di\u015fli kutusu fabrikas\u0131\" width=\"1024\" height=\"888\" title=\"\" srcset=\"https:\/\/fmp-components.com\/wp-content\/uploads\/2025\/01\/worm-gearbox-factory1.webp 1024w, https:\/\/fmp-components.com\/wp-content\/uploads\/2025\/01\/worm-gearbox-factory1-980x850.webp 980w, https:\/\/fmp-components.com\/wp-content\/uploads\/2025\/01\/worm-gearbox-factory1-480x416.webp 480w\" sizes=\"(min-width: 0px) and (max-width: 480px) 480px, (min-width: 481px) and (max-width: 980px) 980px, (min-width: 981px) 1024px, 100vw\" \/><\/p>\n<p>Yazar: CX<\/p>\n<p>&nbsp;<\/p>","protected":false},"excerpt":{"rendered":"<p>Wheel Drive for Road Reclaimers The wheel drive for road reclaimers is a critical component that provides the necessary mobility and traction for road reclaiming machines. Road reclaimers are large, heavy-duty machines used in road construction and maintenance to mill and recondition road surfaces. The wheel drive system enables these machines to move across various [&hellip;]<\/p>","protected":false},"featured_media":3690,"comment_status":"open","ping_status":"closed","template":"","meta":{"_et_pb_use_builder":"","_et_pb_old_content":"","_et_gb_content_width":""},"product_brand":[],"product_cat":[90],"product_tag":[],"class_list":{"0":"post-3686","1":"product","2":"type-product","3":"status-publish","4":"has-post-thumbnail","6":"product_cat-planetary-gearbox","8":"first","9":"instock","10":"shipping-taxable","11":"product-type-simple"},"_links":{"self":[{"href":"https:\/\/fmp-components.com\/tr\/wp-json\/wp\/v2\/product\/3686","targetHints":{"allow":["GET"]}}],"collection":[{"href":"https:\/\/fmp-components.com\/tr\/wp-json\/wp\/v2\/product"}],"about":[{"href":"https:\/\/fmp-components.com\/tr\/wp-json\/wp\/v2\/types\/product"}],"replies":[{"embeddable":true,"href":"https:\/\/fmp-components.com\/tr\/wp-json\/wp\/v2\/comments?post=3686"}],"wp:featuredmedia":[{"embeddable":true,"href":"https:\/\/fmp-components.com\/tr\/wp-json\/wp\/v2\/media\/3690"}],"wp:attachment":[{"href":"https:\/\/fmp-components.com\/tr\/wp-json\/wp\/v2\/media?parent=3686"}],"wp:term":[{"taxonomy":"product_brand","embeddable":true,"href":"https:\/\/fmp-components.com\/tr\/wp-json\/wp\/v2\/product_brand?post=3686"},{"taxonomy":"product_cat","embeddable":true,"href":"https:\/\/fmp-components.com\/tr\/wp-json\/wp\/v2\/product_cat?post=3686"},{"taxonomy":"product_tag","embeddable":true,"href":"https:\/\/fmp-components.com\/tr\/wp-json\/wp\/v2\/product_tag?post=3686"}],"curies":[{"name":"wp","href":"https:\/\/api.w.org\/{rel}","templated":true}]}}