{"id":3674,"date":"2025-01-09T05:49:40","date_gmt":"2025-01-09T05:49:40","guid":{"rendered":"https:\/\/fmp-components.com\/?page_id=8"},"modified":"2025-01-09T06:11:10","modified_gmt":"2025-01-09T06:11:10","slug":"wheel-drive-planetary-gearbox-reducer-for-access-plateform","status":"publish","type":"product","link":"https:\/\/fmp-components.com\/tr\/product\/wheel-drive-planetary-gearbox-reducer-for-access-plateform\/","title":{"rendered":"Eri\u015fim Platformu \u0130\u00e7in Tekerlek Tahrikli Planet \u015eanz\u0131man Red\u00fckt\u00f6r\u00fc"},"content":{"rendered":"<p style=\"text-align: center;\"><span style=\"font-size: 18pt;\">Eri\u015fim Platformu i\u00e7in Tekerlek Tahrikli Planet Di\u015fli Kutusu Red\u00fckt\u00f6r\u00fc<\/span><\/p>\n<p>Y\u00fcksek performansl\u0131 bir di\u015fli red\u00fcksiyon sistemi olan tekerlekli tahrikli planet di\u015fli kutusu, \u00f6zellikle hava i\u015f platformlar\u0131 (AWP), makasl\u0131 platformlar, bomlu platformlar ve di\u011fer eri\u015fim platformlar\u0131nda kullan\u0131lmak \u00fczere tasarlanm\u0131\u015ft\u0131r. G\u00fcvenilirlik, verimlilik ve dayan\u0131kl\u0131l\u0131k i\u00e7in tasarlanan bu di\u015fli kutusu, platformun sorunsuz ve kontroll\u00fc hareketini sa\u011flamak i\u00e7in \u00f6nemli bir bile\u015fendir.<\/p>\n<p><strong>Temel \u00d6zellikler:<\/strong><\/p>\n<ol>\n<li><strong>Y\u00fcksek Tork \u00c7\u0131k\u0131\u015f\u0131<\/strong><br \/>\nY\u00fcksek tork \u00e7\u0131k\u0131\u015f\u0131 sa\u011flamak \u00fczere tasarlanan planet di\u015fli kutusu, eri\u015fim platformunun tekerleklerine verimli g\u00fc\u00e7 aktar\u0131m\u0131 sa\u011flayarak, a\u011f\u0131r y\u00fckler alt\u0131nda bile sorunsuz ve g\u00fcvenilir hareket imkan\u0131 sunar.<\/li>\n<li><strong>Kompakt ve Sa\u011flam Tasar\u0131m<\/strong><br \/>\nKompakt ve yerden tasarruf sa\u011flayan tasar\u0131m\u0131yla, di\u015fli kutusu, sa\u011flaml\u0131\u011f\u0131n\u0131 ve dayan\u0131kl\u0131l\u0131\u011f\u0131n\u0131 korurken eri\u015fim platformlar\u0131n\u0131n dar alan\u0131na s\u0131\u011facak \u015fekilde \u00fcretilmi\u015ftir. Sa\u011flam yap\u0131s\u0131, zorlu ortamlarda uzun \u00f6m\u00fcrl\u00fc performans sa\u011flar.<\/li>\n<li><strong>Planet Di\u015fli Mekanizmas\u0131<\/strong><br \/>\nPlanet di\u015fli sisteminin kullan\u0131m\u0131 m\u00fckemmel y\u00fck da\u011f\u0131l\u0131m\u0131, a\u015f\u0131nman\u0131n azalmas\u0131 ve verimlili\u011fin artmas\u0131 sa\u011flar. Bu tasar\u0131m ayn\u0131 zamanda tork-a\u011f\u0131rl\u0131k oran\u0131n\u0131 da iyile\u015ftirerek platformun genel verimlili\u011fine katk\u0131da bulunur.<\/li>\n<li><strong>Geli\u015fmi\u015f Dayan\u0131kl\u0131l\u0131k<\/strong><br \/>\nY\u00fcksek kaliteli malzemelerle \u00fcretilen \u015fanz\u0131man, s\u0131k \u00e7al\u0131\u015fma, y\u00fcksek \u00e7al\u0131\u015fma d\u00f6ng\u00fcleri ve zorlu \u00e7evresel fakt\u00f6rler de dahil olmak \u00fczere zorlu ko\u015fullara dayanacak \u015fekilde tasarlanm\u0131\u015ft\u0131r. Uzun s\u00fcreli dayan\u0131kl\u0131l\u0131k ve azalt\u0131lm\u0131\u015f bak\u0131m gereksinimleri sa\u011flar.<\/li>\n<li><strong>P\u00fcr\u00fczs\u00fcz ve Sessiz \u00c7al\u0131\u015fma<\/strong><br \/>\nPlanet di\u015flilerin hassas m\u00fchendisli\u011fi, sorunsuz ve sessiz \u00e7al\u0131\u015fma sa\u011flayarak, \u00e7al\u0131\u015fma s\u0131ras\u0131nda g\u00fcr\u00fclt\u00fc seviyesini azalt\u0131r ve kullan\u0131c\u0131lara daha konforlu bir deneyim sunar.<\/li>\n<\/ol>\n<p><img loading=\"lazy\" decoding=\"async\" class=\"alignnone size-full wp-image-3676\" src=\"https:\/\/fmp-components.com\/wp-content\/uploads\/2025\/01\/0_wheel-drive-for-Access-Plateform-21.webp\" alt=\"0_tekerlek-s\u00fcr\u00fcc\u00fcs\u00fc-Eri\u015fim-Platformu-2(1)\" width=\"980\" height=\"354\" title=\"\" srcset=\"https:\/\/fmp-components.com\/wp-content\/uploads\/2025\/01\/0_wheel-drive-for-Access-Plateform-21.webp 980w, https:\/\/fmp-components.com\/wp-content\/uploads\/2025\/01\/0_wheel-drive-for-Access-Plateform-21-480x173.webp 480w\" sizes=\"(min-width: 0px) and (max-width: 480px) 480px, (min-width: 481px) 980px, 100vw\" \/><\/p>\n<p>Eri\u015fim platformlar\u0131 i\u00e7in tekerlek tahrikli planet di\u015fli kutusu red\u00fckt\u00f6r\u00fc, \u00e7e\u015fitli eri\u015fim platformu uygulamalar\u0131 i\u00e7in \u00fcst\u00fcn verimlilik, dayan\u0131kl\u0131l\u0131k ve sorunsuz \u00e7al\u0131\u015fma sa\u011flayan temel, y\u00fcksek performansl\u0131 bir bile\u015fendir. Sa\u011flam tasar\u0131m\u0131, \u00f6zelle\u015ftirilebilir se\u00e7enekleri ve uzun hizmet \u00f6mr\u00fc ile bu di\u015fli kutusu, eri\u015fim platformunuzun zorlu ortamlarda g\u00fcvenilir ve verimli bir \u015fekilde \u00e7al\u0131\u015fmas\u0131n\u0131 sa\u011flar.<\/p>\n<div class=\"group\/conversation-turn relative flex w-full min-w-0 flex-col agent-turn\">\n<div class=\"flex-col gap-1 md:gap-3\">\n<div class=\"flex max-w-full flex-col flex-grow\">\n<div class=\"min-h-8 text-message flex w-full flex-col items-end gap-2 whitespace-normal break-words text-start [.text-message+&amp;]:mt-5\" dir=\"auto\" data-message-author-role=\"assistant\" data-message-id=\"2334fcc5-ad49-42a5-89f5-7a90448f8b99\" data-message-model-slug=\"gpt-4o\">\n<div class=\"flex w-full flex-col gap-1 empty:hidden first:pt-[3px]\">\n<div class=\"markdown prose w-full break-words dark:prose-invert light\">\n<h2>Eri\u015fim Platformu Makineleri i\u00e7in Tekerlek Tahrik Red\u00fckt\u00f6r\u00fc<\/h2>\n<p>Y\u00fcksekte \u00e7al\u0131\u015fma platformlar\u0131, makasl\u0131 platformlar ve di\u011fer y\u00fcksekte \u00e7al\u0131\u015fma platformu makinelerinin performans\u0131n\u0131 optimize etmek i\u00e7in tasarlanm\u0131\u015f, hassas m\u00fchendislik \u00fcr\u00fcn\u00fc bir di\u015fli red\u00fcksiyon sistemi olan Tekerlek Tahrik Red\u00fckt\u00f6r\u00fc, g\u00fc\u00e7 aktar\u0131m verimlili\u011fi ve dayan\u0131kl\u0131l\u0131\u011f\u0131na odaklanarak, zorlu end\u00fcstriyel ortamlarda bile sorunsuz, g\u00fcvenilir ve kontroll\u00fc hareket sa\u011flar.<\/p>\n<p><strong>Temel \u00d6zellikler:<\/strong> Bu red\u00fckt\u00f6r, y\u00fcksek tork \u00e7\u0131k\u0131\u015f\u0131 sa\u011flarken enerji kayb\u0131n\u0131 en aza indiren geli\u015fmi\u015f di\u015fli teknolojisini entegre eden sa\u011flam ve kompakt bir tasar\u0131ma sahiptir. Planet di\u015fli mekanizmas\u0131, verimli y\u00fck da\u011f\u0131l\u0131m\u0131 sa\u011flayarak a\u015f\u0131nmay\u0131 azalt\u0131r ve sistemin \u00f6mr\u00fcn\u00fc uzat\u0131r. Kolay entegrasyon i\u00e7in tasarlanan red\u00fckt\u00f6r, \u00e7e\u015fitli eri\u015fim platformu modelleriyle uyumludur ve esneklik ve sorunsuz kurulum sunar.<\/p>\n<p><strong>Dayan\u0131kl\u0131l\u0131k ve Performans:<\/strong> Y\u00fcksek kaliteli malzemelerle tasarlanan Tekerlek Tahrik Red\u00fckt\u00f6r\u00fc, a\u011f\u0131r hizmet kullan\u0131m\u0131n\u0131n zorluklar\u0131na dayanacak \u015fekilde \u00fcretilmi\u015ftir. S\u00fcrekli kullan\u0131mda sorunsuz ve verimli \u00e7al\u0131\u015f\u0131r, \u00fcst\u00fcn dayan\u0131kl\u0131l\u0131k sunar ve s\u0131k bak\u0131m ihtiyac\u0131n\u0131 azalt\u0131r. \u015eanz\u0131man\u0131n tasar\u0131m\u0131 ayr\u0131ca sessiz \u00e7al\u0131\u015fma sa\u011flar, bu da onu g\u00fcr\u00fclt\u00fcye duyarl\u0131 ortamlar i\u00e7in ideal hale getirir.<\/p>\n<p><strong>\u00c7ok Y\u00f6nl\u00fc Uygulamalar:<\/strong> Bu red\u00fckt\u00f6r, makasl\u0131 platformlar, bomlu platformlar ve di\u011fer mobil hava platformlar\u0131 da dahil olmak \u00fczere \u00e7ok \u00e7e\u015fitli eri\u015fim platformu makineleri i\u00e7in m\u00fckemmeldir. Y\u00fcksek torku ve verimlili\u011fi, hassasiyet, g\u00fcvenlik ve performans\u0131n son derece \u00f6nemli oldu\u011fu end\u00fcstriyel, in\u015faat ve bak\u0131m uygulamalar\u0131nda kullan\u0131m i\u00e7in uygun hale getirir.<\/p>\n<p>Eri\u015fim platformu makineleri i\u00e7in tekerlek tahrik red\u00fckt\u00f6r\u00fc, eri\u015fim platformlar\u0131n\u0131n i\u015flevselli\u011fini art\u0131ran g\u00fcvenilir ve y\u00fcksek performansl\u0131 bir \u00e7\u00f6z\u00fcmd\u00fcr. M\u00fckemmel verimlilik, dayan\u0131kl\u0131l\u0131k ve entegrasyon kolayl\u0131\u011f\u0131 sunan bu \u00fcr\u00fcn, makinelerinizin optimum performans seviyelerinde \u00e7al\u0131\u015fmas\u0131n\u0131 sa\u011flayarak operasyonel verimlili\u011fi art\u0131rmaya ve bak\u0131m maliyetlerini d\u00fc\u015f\u00fcrmeye yard\u0131mc\u0131 olur.<\/p>\n<p><img loading=\"lazy\" decoding=\"async\" class=\"wp-image-3677 alignnone\" src=\"https:\/\/fmp-components.com\/wp-content\/uploads\/2025\/01\/0_wheel-drive-for-Access-Plateform-4.webp\" alt=\"0_wheel-drive-for-Access-Plateform-4\" width=\"897\" height=\"601\" title=\"\" srcset=\"https:\/\/fmp-components.com\/wp-content\/uploads\/2025\/01\/0_wheel-drive-for-Access-Plateform-4.webp 897w, https:\/\/fmp-components.com\/wp-content\/uploads\/2025\/01\/0_wheel-drive-for-Access-Plateform-4-480x321.webp 480w\" sizes=\"(min-width: 0px) and (max-width: 480px) 480px, (min-width: 481px) 897px, 100vw\" \/><\/p>\n<h2>Pop\u00fcler Eri\u015fim Platformu Modelleriyle Uyumluluk<\/h2>\n<p>Pratik uygulamalarda, tekerlek tahrikli planet di\u015fli kutumuz, bir\u00e7ok bilinen marka ve modeldeki eri\u015fim platformlar\u0131yla geni\u015f \u00e7apta uyumludur. A\u015fa\u011f\u0131da baz\u0131 yayg\u0131n \u00f6rnekler verilmi\u015ftir:<\/p>\n<ul>\n<li>JLG Industries: \u00d6rne\u011fin, JLG 600S serisi ve 800AJ serisi y\u00fcksek irtifa \u00e7al\u0131\u015fma platformlar\u0131.<\/li>\n<li>Genie: Genie S-65, SX-180 ve di\u011fer seri makasl\u0131 asans\u00f6rler ve d\u00fcz kollu y\u00fcksek irtifa \u00e7al\u0131\u015fma ara\u00e7lar\u0131 gibi.<\/li>\n<li>Haulotte: HAULOTTE Star serisi, HA15IP veya HA20PX kendinden tahrikli d\u00fcz kollu asans\u00f6rler dahil.<\/li>\n<li>Skyjack: Skyjack SJIII 3219, SJII 4632 elektrikli makasl\u0131 platform vb.<\/li>\n<li>Terex Havadan \u00c7al\u0131\u015fma Platformlar\u0131 (AWP): Genie TZ-50 veya yeni model SX-135XC Pro gibi arazi tipi teleskopik bomlu y\u00fcksek irtifa \u00e7al\u0131\u015fma platformlar\u0131n\u0131 i\u00e7erir.<\/li>\n<\/ul>\n<p><span style=\"color: #ff0000;\"><em><strong>Not: Yaz\u0131da ad\u0131 ge\u00e7en marka adlar\u0131, m\u00fc\u015fterilerimizin ilgili tar\u0131m makinesi markas\u0131n\u0131n aksesuarlar\u0131n\u0131 se\u00e7ip de\u011fi\u015ftirebilmeleri i\u00e7in kolayl\u0131k sa\u011flamak amac\u0131yla verilmi\u015ftir ve s\u00f6z konusu markan\u0131n \u00fcr\u00fcnlerini satmamaktad\u0131r.<\/strong><\/em><\/span><\/p>\n<h2>FMP Hakk\u0131nda<\/h2>\n<p>FMP, geni\u015f bir yelpazede mekanik ve hidrolik transmisyon \u00fcr\u00fcnlerinin \u00fcretiminde uzmanla\u015fm\u0131\u015f lider bir \u00fcreticidir. Uzmanl\u0131\u011f\u0131m\u0131z, planet di\u015fli kutular\u0131, sonsuz di\u015fli red\u00fckt\u00f6rleri, s\u0131ral\u0131 helisel di\u015fli red\u00fckt\u00f6rleri, paralel \u015faftl\u0131 helisel di\u015fli red\u00fckt\u00f6rleri, helisel konik di\u015fli red\u00fckt\u00f6rleri, helisel sonsuz di\u015fli red\u00fckt\u00f6rleri, tar\u0131m di\u015fli kutular\u0131, trakt\u00f6r di\u015fli kutular\u0131, otomobil di\u015fli kutular\u0131, g\u00fc\u00e7 \u00e7\u0131k\u0131\u015f milleri ve \u00f6zel red\u00fckt\u00f6rler dahil olmak \u00fczere \u00e7e\u015fitli \u00fcr\u00fcn kategorilerini kapsamaktad\u0131r. Ayr\u0131ca, ilgili di\u015fli par\u00e7alar\u0131, zincir di\u015flileri, hidrolik sistemler, vakum pompalar\u0131, hidrolik kaplinler, kremayerler, zincirler, zamanlama kasnaklar\u0131, UDL transmisyonlar\u0131, V kay\u0131\u015f kasnaklar\u0131, hidrolik silindirler, di\u015fli pompalar\u0131, vidal\u0131 hava kompres\u00f6rleri ve d\u00fc\u015f\u00fck bo\u015fluklu sonsuz di\u015fli red\u00fckt\u00f6rleri de dahil olmak \u00fczere kapsaml\u0131 bir \u00fcr\u00fcn yelpazesi sunuyoruz.<\/p>\n<p>FMP olarak, m\u00fc\u015fterilerimizin benzersiz ihtiya\u00e7lar\u0131n\u0131 kar\u015f\u0131lamada \u00f6zelle\u015ftirmenin \u00f6nemini anl\u0131yoruz. M\u00fc\u015fterilerimizin \u00f6zel \u00e7izimlerine ve gereksinimlerine g\u00f6re \u00f6zelle\u015ftirilmi\u015f \u015fanz\u0131manlar, di\u015fli motorlar, hidrolik \u00fcr\u00fcnler ve motorlar dahil olmak \u00fczere \u00f6zel \u00e7\u00f6z\u00fcmler sunuyoruz. Esnek \u00fcretim yeteneklerimiz, her uygulamaya tam olarak uygun \u00fcr\u00fcnler sunmam\u0131z\u0131 sa\u011flayarak optimum performans ve verimlilik garanti eder.<\/p>\n<p><strong>Kalite ve Yenili\u011fe Ba\u011fl\u0131l\u0131k<\/strong><\/p>\n<p>\u00dcr\u00fcnlerimizin kalitesine ve g\u00fcvenilirli\u011fine \u00f6ncelik veriyoruz ve bunu geli\u015fmi\u015f denetim ve test ekipmanlar\u0131yla destekliyoruz. Profesyonel teknik ekibimiz, en son teknolojiye sahip i\u015fleme teknolojisi ve s\u0131k\u0131 bir kontrol sistemiyle birle\u015ferek her \u00fcr\u00fcn\u00fcn en y\u00fcksek end\u00fcstri standartlar\u0131n\u0131 kar\u015f\u0131lamas\u0131n\u0131 sa\u011fl\u0131yor. \u0130ster standart ekipman olsun ister \u00f6zel tasar\u0131m \u00e7\u00f6z\u00fcmler, FMP zorlu uygulamalarda ola\u011fan\u00fcst\u00fc performans sunan istisnai \u00fcr\u00fcnler sa\u011flamaya kendini adam\u0131\u015ft\u0131r.<\/p>\n<p>Son y\u0131llarda FMP, zengin \u00fcretim deneyimi, geli\u015fmi\u015f y\u00f6netim sistemi ve g\u00fc\u00e7l\u00fc teknik yetenekleri sayesinde h\u0131zl\u0131 bir b\u00fcy\u00fcme kaydetmi\u015ftir. Ba\u015far\u0131m\u0131z\u0131n temel ta\u015f\u0131 olan \"kaliteyle hayatta kalma ve bilimsel ve teknolojik yenilik yoluyla geli\u015fme\" felsefesine ba\u011fl\u0131y\u0131z.<\/p>\n<p><strong>\u0130\u015fbirli\u011fine Dayal\u0131 Bir Yakla\u015f\u0131m<\/strong><\/p>\n<p>FMP, yenilik\u00e7i \u00e7\u00f6z\u00fcmler geli\u015ftirmek ve kal\u0131c\u0131 ortakl\u0131klar kurmak i\u00e7in m\u00fc\u015fterilerimizle yak\u0131n i\u015f birli\u011fi i\u00e7inde \u00e7al\u0131\u015fmaya kendini adam\u0131\u015ft\u0131r. Amac\u0131m\u0131z, m\u00fc\u015fteri beklentilerini kar\u015f\u0131lamakla kalmay\u0131p a\u015fan \u00fcst\u00fcn \u00fcr\u00fcn ve hizmetler sunmakt\u0131r. Ba\u015far\u0131ya ula\u015fmak ve birlikte m\u00fckemmelli\u011fi yaratmak i\u00e7in sizinle i\u015f birli\u011fi yapmay\u0131 d\u00f6rt g\u00f6zle bekliyoruz.<\/p>\n<p>Hassasiyet, g\u00fcvenilirlik ve ki\u015fiselle\u015ftirilmi\u015f hizmete odaklanan FMP, mekanik ve hidrolik \u015fanz\u0131man ihtiya\u00e7lar\u0131n\u0131z i\u00e7in g\u00fcvenebilece\u011finiz i\u015f orta\u011f\u0131n\u0131zd\u0131r.<\/p>\n<p><img loading=\"lazy\" decoding=\"async\" class=\"alignnone size-full wp-image-3678\" src=\"https:\/\/fmp-components.com\/wp-content\/uploads\/2025\/01\/worm-gearbox-factory1.webp\" alt=\"sonsuz di\u015fli kutusu fabrikas\u0131\" width=\"1024\" height=\"888\" title=\"\" srcset=\"https:\/\/fmp-components.com\/wp-content\/uploads\/2025\/01\/worm-gearbox-factory1.webp 1024w, https:\/\/fmp-components.com\/wp-content\/uploads\/2025\/01\/worm-gearbox-factory1-980x850.webp 980w, https:\/\/fmp-components.com\/wp-content\/uploads\/2025\/01\/worm-gearbox-factory1-480x416.webp 480w\" sizes=\"(min-width: 0px) and (max-width: 480px) 480px, (min-width: 481px) and (max-width: 980px) 980px, (min-width: 981px) 1024px, 100vw\" \/><\/p>\n<p>Yazar: CX<\/p>\n<\/div>\n<\/div>\n<\/div>\n<\/div>\n<\/div>\n<\/div>","protected":false},"excerpt":{"rendered":"<p>Wheel Drive Planetary Gearbox Reducer for Access Platform The Wheel Drive Planetary Gearbox Reducer for Access Platforms is a high-performance gear reduction system specifically designed for use in aerial work platforms (AWP), scissor lifts, boom lifts, and other access platforms. Engineered for reliability, efficiency, and durability, this gearbox is an essential component for ensuring smooth [&hellip;]<\/p>","protected":false},"featured_media":3680,"comment_status":"open","ping_status":"closed","template":"","meta":{"_et_pb_use_builder":"","_et_pb_old_content":"","_et_gb_content_width":""},"product_brand":[],"product_cat":[90],"product_tag":[],"class_list":{"0":"post-3674","1":"product","2":"type-product","3":"status-publish","4":"has-post-thumbnail","6":"product_cat-planetary-gearbox","8":"first","9":"instock","10":"shipping-taxable","11":"product-type-simple"},"_links":{"self":[{"href":"https:\/\/fmp-components.com\/tr\/wp-json\/wp\/v2\/product\/3674","targetHints":{"allow":["GET"]}}],"collection":[{"href":"https:\/\/fmp-components.com\/tr\/wp-json\/wp\/v2\/product"}],"about":[{"href":"https:\/\/fmp-components.com\/tr\/wp-json\/wp\/v2\/types\/product"}],"replies":[{"embeddable":true,"href":"https:\/\/fmp-components.com\/tr\/wp-json\/wp\/v2\/comments?post=3674"}],"wp:featuredmedia":[{"embeddable":true,"href":"https:\/\/fmp-components.com\/tr\/wp-json\/wp\/v2\/media\/3680"}],"wp:attachment":[{"href":"https:\/\/fmp-components.com\/tr\/wp-json\/wp\/v2\/media?parent=3674"}],"wp:term":[{"taxonomy":"product_brand","embeddable":true,"href":"https:\/\/fmp-components.com\/tr\/wp-json\/wp\/v2\/product_brand?post=3674"},{"taxonomy":"product_cat","embeddable":true,"href":"https:\/\/fmp-components.com\/tr\/wp-json\/wp\/v2\/product_cat?post=3674"},{"taxonomy":"product_tag","embeddable":true,"href":"https:\/\/fmp-components.com\/tr\/wp-json\/wp\/v2\/product_tag?post=3674"}],"curies":[{"name":"wp","href":"https:\/\/api.w.org\/{rel}","templated":true}]}}