{"id":364,"date":"2024-12-09T08:53:34","date_gmt":"2024-12-09T08:53:34","guid":{"rendered":"https:\/\/fmp-components.com\/?page_id=8"},"modified":"2024-12-10T03:21:34","modified_gmt":"2024-12-10T03:21:34","slug":"boom-aerial-work-vehicle-floating-hydraulic-cylinder","status":"publish","type":"product","link":"https:\/\/fmp-components.com\/tr\/product\/boom-aerial-work-vehicle-floating-hydraulic-cylinder\/","title":{"rendered":"Bomlu Hava \u00c7al\u0131\u015fma Arac\u0131 Y\u00fczer Hidrolik Silindir"},"content":{"rendered":"<p style=\"text-align: center;\"><span style=\"font-size: 18pt;\">Bomlu Hava \u00c7al\u0131\u015fma Arac\u0131 Y\u00fczer Hidrolik Silindir<\/span><\/p>\n<p>Boom Hava \u00c7al\u0131\u015fma Arac\u0131 Y\u00fczer Hidrolik Silindiri, hava \u00e7al\u0131\u015fma platformlar\u0131n\u0131n performans\u0131n\u0131 ve \u00e7ok y\u00f6nl\u00fcl\u00fc\u011f\u00fcn\u00fc art\u0131rmak i\u00e7in tasarlanm\u0131\u015f \u00f6zel bir bile\u015fendir. Bu yenilik\u00e7i hidrolik silindir, bomun dinamik hareketine ve ayarlanmas\u0131na olanak tan\u0131yarak operat\u00f6rlerin engebeli y\u00fczeylerde ilerlemesini ve y\u00fcksekteki \u00e7al\u0131\u015fma alanlar\u0131na daha kolay ve g\u00fcvenli bir \u015fekilde ula\u015fmas\u0131n\u0131 sa\u011flar.<\/p>\n<p><img loading=\"lazy\" decoding=\"async\" class=\"size-full wp-image-412 aligncenter\" src=\"https:\/\/fmp-components.com\/wp-content\/uploads\/2024\/12\/Boom-Aerial-Work-Vehicle-Floating-Hydraulic-Cylinder.webp\" alt=\"Bomlu Hava \u00c7al\u0131\u015fma Arac\u0131 Y\u00fczer Hidrolik Silindir\" width=\"500\" height=\"500\" title=\"\" srcset=\"https:\/\/fmp-components.com\/wp-content\/uploads\/2024\/12\/Boom-Aerial-Work-Vehicle-Floating-Hydraulic-Cylinder.webp 500w, https:\/\/fmp-components.com\/wp-content\/uploads\/2024\/12\/Boom-Aerial-Work-Vehicle-Floating-Hydraulic-Cylinder-480x480.webp 480w\" sizes=\"(min-width: 0px) and (max-width: 480px) 480px, (min-width: 481px) 500px, 100vw\" \/><\/p>\n<h4>Temel \u00d6zellikler:<\/h4>\n<ul>\n<li>Y\u00fczer Tasar\u0131m: Benzersiz y\u00fczer mekanizma, silindirin ba\u011f\u0131ms\u0131z olarak ayarlanmas\u0131n\u0131 sa\u011flayarak arazideki de\u011fi\u015fikliklere uyum sa\u011flar ve bomun etkili bir \u015fekilde \u00e7al\u0131\u015fmas\u0131 i\u00e7in optimum \u015fekilde konumland\u0131r\u0131lmas\u0131n\u0131 sa\u011flar.<\/li>\n<li>Y\u00fcksek Dayan\u0131kl\u0131 Yap\u0131: Dayan\u0131kl\u0131 malzemelerden \u00fcretilen bu hidrolik silindir, a\u011f\u0131r y\u00fckler ve zorlu \u00e7al\u0131\u015fma ko\u015fullar\u0131na dayanacak \u015fekilde tasarlanm\u0131\u015ft\u0131r ve uzun s\u00fcreli g\u00fcvenilirlik ve performans garanti eder.<\/li>\n<li>Sorunsuz \u00c7al\u0131\u015fma: Geli\u015fmi\u015f hidrolik sistem, kusursuz hareket sa\u011flayarak bomun y\u00fcksekli\u011fi ve a\u00e7\u0131s\u0131 \u00fczerinde hassas kontrol sa\u011flar; bu da do\u011fruluk gerektiren g\u00f6revler i\u00e7in olmazsa olmazd\u0131r.<\/li>\n<li>\u00c7ok Y\u00f6nl\u00fc Uygulamalar: \u0130n\u015faat, bak\u0131m ve kamu hizmetleri dahil olmak \u00fczere \u00e7ok \u00e7e\u015fitli end\u00fcstriler i\u00e7in uygun olan bu y\u00fczer hidrolik silindir, y\u00fcksekte bulunan yerlerde kurulum, onar\u0131m ve muayene gibi g\u00f6revleri destekler.<\/li>\n<li>Kolay Kurulum: Mevcut bomlu kald\u0131rma sistemlerine zahmetsizce entegre edilecek \u015fekilde tasarlanan y\u00fczer hidrolik silindir, duru\u015f s\u00fcresini en aza indirir ve h\u0131zl\u0131 devreye almay\u0131 kolayla\u015ft\u0131r\u0131r; b\u00f6ylece hemen kullan\u0131ma haz\u0131r hale gelir.<\/li>\n<\/ul>\n<h4>Faydalar:<\/h4>\n<ul>\n<li>Artt\u0131r\u0131lm\u0131\u015f Denge: Bomun y\u00fczmesine ve engebeli y\u00fczeylere uyum sa\u011flamas\u0131na olanak tan\u0131yan hidrolik silindir, \u00e7al\u0131\u015fma s\u0131ras\u0131nda dengeyi art\u0131rarak devrilme veya kaza riskini azalt\u0131r.<\/li>\n<li>Geli\u015fmi\u015f Verimlilik: Zorlu arazilerde ve pozisyonlarda kolayca gezinme yetene\u011fi, i\u015f ak\u0131\u015f\u0131 verimlili\u011fini art\u0131rarak operat\u00f6rlerin g\u00f6revleri daha h\u0131zl\u0131 ve etkili bir \u015fekilde tamamlamas\u0131n\u0131 sa\u011flar.<\/li>\n<li>G\u00fcvenlik G\u00fcvencesi: Y\u00fczer \u00f6zellik, y\u00fcksekte \u00e7al\u0131\u015f\u0131rken hayati \u00f6nem ta\u015f\u0131yan daha iyi kontrol ve denge sa\u011flayarak daha g\u00fcvenli operasyonlara katk\u0131da bulunur.<\/li>\n<li>Maliyet Etkin \u00c7\u00f6z\u00fcm: Hidrolik silindirin dayan\u0131kl\u0131l\u0131\u011f\u0131 ve verimlili\u011fi, daha d\u00fc\u015f\u00fck bak\u0131m maliyetlerine ve azalt\u0131lm\u0131\u015f ar\u0131za s\u00fcrelerine yol a\u00e7arak, onu her t\u00fcrl\u00fc hava \u00e7al\u0131\u015fma arac\u0131 filosu i\u00e7in ak\u0131ll\u0131 bir yat\u0131r\u0131m haline getirir.<\/li>\n<li>Operat\u00f6r Konforu ve G\u00fcveni: Y\u00fczer hidrolik silindirin sa\u011flad\u0131\u011f\u0131 p\u00fcr\u00fczs\u00fcz \u00e7al\u0131\u015fma ve geli\u015fmi\u015f kontrol, operat\u00f6rlerin g\u00fcvenle \u00e7al\u0131\u015fmas\u0131n\u0131 sa\u011flayarak yorgunlu\u011fu azalt\u0131r ve i\u015f memnuniyetini art\u0131r\u0131r.<\/li>\n<\/ul>\n<p>\u00d6zetle, Boom Hava \u00c7al\u0131\u015fma Arac\u0131 Y\u00fczer Hidrolik Silindiri, hava \u00e7al\u0131\u015fma platformlar\u0131n\u0131n i\u015flevselli\u011fini, g\u00fcvenli\u011fini ve verimlili\u011fini \u00f6nemli \u00f6l\u00e7\u00fcde art\u0131ran temel bir bile\u015fendir. Yenilik\u00e7i tasar\u0131m\u0131 ve g\u00fcvenilir performans\u0131, onu \u00e7e\u015fitli uygulamalar i\u00e7in ideal hale getirerek, operat\u00f6rlerin farkl\u0131 ortamlarda g\u00f6revlerini etkili ve g\u00fcvenli bir \u015fekilde yerine getirmelerini sa\u011flar.<\/p>\n<h2>Bomlu Hava \u00c7al\u0131\u015fma Arac\u0131 Y\u00fczer Hidrolik Silindir Boyutlar\u0131:<\/h2>\n<table>\n<tbody>\n<tr>\n<td><img loading=\"lazy\" decoding=\"async\" class=\"size-large wp-image-316543 aligncenter\" src=\"https:\/\/hzpt.com\/wp-content\/uploads\/2023\/08\/Boom-Aerial-Work-Vehicle-Floating-Hydraulic-Cylinder-Dimensions-1-1024x440.webp\" sizes=\"(min-width: 0px) and (max-width: 480px) 480px, (min-width: 481px) and (max-width: 980px) 980px, (min-width: 981px) 1024px, 100vw\" srcset=\"https:\/\/images.hzpt.com\/2023\/08\/WMVeeK5s-Boom-Aerial-Work-Vehicle-Floating-Hydraulic-Cylinder-Dimensions-1-1024x440.webp 1024w, https:\/\/images.hzpt.com\/2023\/08\/WMVeeK5s-Boom-Aerial-Work-Vehicle-Floating-Hydraulic-Cylinder-Dimensions-1-980x421.webp 980w, https:\/\/images.hzpt.com\/2023\/08\/WMVeeK5s-Boom-Aerial-Work-Vehicle-Floating-Hydraulic-Cylinder-Dimensions-1-480x206.webp 480w\" alt=\"Bomlu Hava \u00c7al\u0131\u015fma Arac\u0131 Y\u00fczer Hidrolik Silindir Boyutlar\u0131\" width=\"1024\" height=\"440\" title=\"\"><\/td>\n<td><img loading=\"lazy\" decoding=\"async\" class=\"size-large wp-image-316544 aligncenter\" src=\"https:\/\/hzpt.com\/wp-content\/uploads\/2023\/08\/Boom-Aerial-Work-Vehicle-Floating-Hydraulic-Cylinder-Dimensions-2-1024x440.webp\" sizes=\"(min-width: 0px) and (max-width: 480px) 480px, (min-width: 481px) and (max-width: 980px) 980px, (min-width: 981px) 1024px, 100vw\" srcset=\"https:\/\/images.hzpt.com\/2023\/08\/Boom-Aerial-Work-Vehicle-Floating-Hydraulic-Cylinder-Dimensions-2-1024x440.webp 1024w, https:\/\/images.hzpt.com\/2023\/08\/5WnLVrfo-Boom-Aerial-Work-Vehicle-Floating-Hydraulic-Cylinder-Dimensions-2-980x421.webp 980w, https:\/\/images.hzpt.com\/2023\/08\/5WnLVrfo-Boom-Aerial-Work-Vehicle-Floating-Hydraulic-Cylinder-Dimensions-2-480x206.webp 480w\" alt=\"Bomlu Hava \u00c7al\u0131\u015fma Arac\u0131 Y\u00fczer Hidrolik Silindir Boyutlar\u0131\" width=\"1024\" height=\"440\" title=\"\"><\/td>\n<\/tr>\n<\/tbody>\n<\/table>\n<table style=\"width: 100%; height: 101px;\" border=\"1\" cellspacing=\"0\" cellpadding=\"0\">\n<tbody>\n<tr style=\"height: 47px;\">\n<td style=\"height: 47px;\" width=\"246\">Silindir Ad\u0131<\/td>\n<td style=\"height: 47px;\" width=\"336\">\u00c7izim numaras\u0131<\/td>\n<td style=\"height: 47px;\" width=\"126\">Delik \u00e7ap\u0131 (D)<\/td>\n<td style=\"height: 47px;\" width=\"123\">\u00c7ubuk \u00e7ap\u0131 (d)<\/td>\n<td style=\"height: 47px;\" width=\"114\">\u0130nme (S)<\/td>\n<td style=\"height: 47px;\" width=\"170\">Kurulum mesafesi (L)<\/td>\n<td style=\"height: 47px;\" width=\"172\">\u00c7al\u0131\u015fma bas\u0131nc\u0131<\/td>\n<td style=\"height: 47px;\" width=\"366\">Aray\u00fcz boyutlar\u0131 (M)<\/td>\n<td style=\"height: 47px;\" width=\"96\">A\u011f\u0131rl\u0131k<\/td>\n<\/tr>\n<tr style=\"height: 54px;\">\n<td class=\"et3\" style=\"height: 54px;\" width=\"246\" height=\"290\">Y\u00fczen Silindir<\/td>\n<td class=\"et4\" style=\"height: 54px;\" width=\"336\">GTHZ210C-620200-000<\/td>\n<td class=\"et4\" style=\"height: 54px;\" width=\"126\">\u03a663<\/td>\n<td class=\"et4\" style=\"height: 54px;\" width=\"123\">\u03a645<\/td>\n<td class=\"et4\" style=\"height: 54px;\" width=\"114\">60<\/td>\n<td class=\"et4\" style=\"height: 54px;\" width=\"170\">375<\/td>\n<td class=\"et4\" style=\"height: 54px;\" width=\"172\">25MPa<\/td>\n<td class=\"et4\" style=\"height: 54px;\" width=\"366\">2-7\/8-14UNF<\/td>\n<td class=\"et4\" style=\"height: 54px;\" width=\"96\">16 kilo<\/td>\n<\/tr>\n<\/tbody>\n<\/table>\n<h2>Bomlu Hava \u0130\u015f Arac\u0131 Direksiyon Hidrolik Silindir Parametresi:<\/h2>\n<table border=\"1\" width=\"100%\" cellspacing=\"0\" cellpadding=\"0\">\n<tbody>\n<tr>\n<td width=\"70\">\u00d6\u011fe<\/td>\n<td width=\"70\">Tan\u0131m<\/td>\n<\/tr>\n<tr>\n<td width=\"70\">\u00dcr\u00fcn Ad\u0131<\/td>\n<td width=\"70\">Direksiyon Hidrolik Silindiri<\/td>\n<\/tr>\n<tr>\n<td width=\"70\">Ba\u015fvuru<\/td>\n<td width=\"70\">Boom Hava \u00c7al\u0131\u015fma Arac\u0131<\/td>\n<\/tr>\n<tr>\n<td width=\"70\">Malzeme<\/td>\n<td width=\"70\">20#\/45#, Q345B, 40Cr \u00c7elik<\/td>\n<\/tr>\n<tr>\n<td width=\"70\">Oyunculuk t\u00fcr\u00fc<\/td>\n<td width=\"70\">\u00c7ift Etkili Tek Etkili<\/td>\n<\/tr>\n<tr>\n<td width=\"70\">\u00c7ekirdek Bile\u015fenler<\/td>\n<td width=\"70\">Piston \u00e7ubu\u011fu, Piston<\/td>\n<\/tr>\n<tr>\n<td width=\"70\">Sertifika:<\/td>\n<td width=\"70\">ISO9001, ISO4001, ISO 45003<\/td>\n<\/tr>\n<tr>\n<td width=\"70\">\u00dcretim kapasitesi:<\/td>\n<td width=\"70\">Y\u0131lda 1200.000 adet<\/td>\n<\/tr>\n<tr>\n<td width=\"70\">\u00d6rnek Zaman\u0131<\/td>\n<td width=\"70\">Ger\u00e7ek t\u00fcre dayal\u0131<\/td>\n<\/tr>\n<tr>\n<td width=\"70\">Marka<\/td>\n<td width=\"70\">FMP veya m\u00fc\u015fterinin logosu<\/td>\n<\/tr>\n<tr>\n<td width=\"70\">Hizmet<\/td>\n<td width=\"70\">OEM ve ODM<\/td>\n<\/tr>\n<tr>\n<td width=\"70\">M\u00fch\u00fcr markas\u0131<\/td>\n<td width=\"70\">Parker, NOK, BUSAK \u015eAMBAN<\/td>\n<\/tr>\n<tr>\n<td width=\"70\">Teslimat s\u00fcresi<\/td>\n<td width=\"70\">Sipari\u015f miktar\u0131na g\u00f6re.<\/td>\n<\/tr>\n<tr>\n<td width=\"70\">\u0130\u015fletme T\u00fcr\u00fc<\/td>\n<td width=\"70\">\u00dcretici ve \u0130hracat\u00e7\u0131<\/td>\n<\/tr>\n<\/tbody>\n<\/table>\n<h3>Bomlu Hava \u00c7al\u0131\u015fma Arac\u0131 Y\u00fczer Hidrolik Silindir Uygulamas\u0131<\/h3>\n<p>Boom Hava \u00c7al\u0131\u015fma Arac\u0131 Y\u00fczer Hidrolik Silindiri, \u00e7e\u015fitli end\u00fcstrilerde kullan\u0131lan \u00e7ok y\u00f6nl\u00fc bir bile\u015fendir ve hava \u00e7al\u0131\u015fma platformlar\u0131n\u0131n i\u015flevselli\u011fini ve g\u00fcvenli\u011fini \u00f6nemli \u00f6l\u00e7\u00fcde art\u0131r\u0131r. \u0130\u015fte baz\u0131 \u00f6nemli uygulamalar:<\/p>\n<h4>1. \u0130n\u015faat<\/h4>\n<p>\u0130n\u015faat sekt\u00f6r\u00fcnde bu hidrolik silindir \u015fu gibi g\u00f6revler i\u00e7in olmazsa olmazd\u0131r:<\/p>\n<ul>\n<li>\u0130\u015f\u00e7ilerin Y\u00fckseltilmesi: \u0130n\u015faat ekiplerinin in\u015faat, \u00e7at\u0131 ve montaj \u00e7al\u0131\u015fmalar\u0131 i\u00e7in y\u00fcksek alanlara g\u00fcvenli bir \u015fekilde eri\u015fmesini sa\u011flar.<\/li>\n<li>Yap\u0131sal Elemanlar\u0131n Yerle\u015ftirilmesi: Y\u00fczer kabiliyet, kiri\u015flerin, makaslar\u0131n ve di\u011fer a\u011f\u0131r malzemelerin engebeli zeminlerde bile do\u011fru bir \u015fekilde konumland\u0131r\u0131lmas\u0131na yard\u0131mc\u0131 olur.<\/li>\n<\/ul>\n<h4>2. Bak\u0131m ve Onar\u0131m<\/h4>\n<p>Y\u00fczen hidrolik silindir, teknisyenlerin \u015funlar\u0131 yapmas\u0131n\u0131 sa\u011flayarak bak\u0131m g\u00f6revleri i\u00e7in paha bi\u00e7ilmez bir de\u011fere sahiptir:<\/p>\n<ul>\n<li>Denetimleri Ger\u00e7ekle\u015ftirin: K\u00f6pr\u00fcler, kuleler ve cephelerde rutin denetimler ger\u00e7ekle\u015ftirmek i\u00e7in yap\u0131lar\u0131n etraf\u0131nda kolayca gezinin.<\/li>\n<li>Onar\u0131mlar\u0131 Ger\u00e7ekle\u015ftirin: Y\u00fckseklerde bulunan elektrik sistemleri, HVAC \u00fcniteleri ve s\u0131hhi tesisat armat\u00fcrlerindeki onar\u0131mlar i\u00e7in ula\u015f\u0131lmas\u0131 zor alanlara eri\u015fin.<\/li>\n<\/ul>\n<h4>3. Kamu Hizmetleri ve Telekom\u00fcnikasyon<\/h4>\n<p>Kamu hizmetleri \u015firketleri y\u00fczer hidrolik silindiri \u015fu ama\u00e7larla kullan\u0131r:<\/p>\n<ul>\n<li>Enerji Hatt\u0131 Bak\u0131m\u0131: Havai enerji hatlar\u0131na onar\u0131m ve iyile\u015ftirmeler i\u00e7in g\u00fcvenli eri\u015fimin kolayla\u015ft\u0131r\u0131lmas\u0131.<\/li>\n<li>Telekom\u00fcnikasyon \u00c7al\u0131\u015fmalar\u0131: H\u00fccre kuleleri gibi y\u00fcksek yap\u0131lara anten ve ileti\u015fim ekipmanlar\u0131n\u0131n kurulumu ve bak\u0131m\u0131.<\/li>\n<\/ul>\n<h4>4. Etkinlik Kurulumu<\/h4>\n<p>Etkinlik ve e\u011flence sekt\u00f6r\u00fcnde bu hidrolik silindir \u015funlar\u0131 destekler:<\/p>\n<ul>\n<li>Sahne \u0130n\u015faat\u0131: Sahnelerin, \u0131\u015f\u0131k d\u00fczeneklerinin ve ses ekipmanlar\u0131n\u0131n y\u00fcksek konumlara kurulmas\u0131na yard\u0131mc\u0131 olmak.<\/li>\n<li>Afi\u015f ve Standlar: G\u00f6r\u00fcn\u00fcrl\u00fck a\u00e7\u0131s\u0131ndan y\u00fcksek yerlere b\u00fcy\u00fck afi\u015f ve standlar\u0131n yerle\u015ftirilmesini sa\u011flar.<\/li>\n<\/ul>\n<h4>5. Film ve Televizyon Prod\u00fcksiyonu<\/h4>\n<p>Sinema ve televizyonda, y\u00fczer hidrolik silindirlerle donat\u0131lm\u0131\u015f hava \u00e7al\u0131\u015fma ara\u00e7lar\u0131 \u015fu ama\u00e7larla kullan\u0131l\u0131r:<\/p>\n<ul>\n<li>Sinematografi: Yarat\u0131c\u0131 film tekniklerine olanak tan\u0131yan, geli\u015fmi\u015f kamera a\u00e7\u0131lar\u0131 ve \u00e7ekimler sa\u011flama.<\/li>\n<li>Ayd\u0131nlatma Kurulumu: Y\u00fckseklik ayarlamas\u0131 gerektiren setlerde \u0131\u015f\u0131k ve ekipmanlar\u0131n g\u00fcvenli bir \u015fekilde konumland\u0131r\u0131lmas\u0131.<\/li>\n<\/ul>\n<h4>6. Tar\u0131msal Uygulamalar<\/h4>\n<p>Tar\u0131mda y\u00fczen hidrolik silindir \u015fu alanlarda kullan\u0131labilir:<\/p>\n<ul>\n<li>A\u011fa\u00e7 Budama ve Hasat: Uzun a\u011fa\u00e7lara budama veya meyve hasad\u0131 i\u00e7in eri\u015fimi kolayla\u015ft\u0131rmak, g\u00fcvenli ve verimli \u00e7al\u0131\u015fma s\u00fcre\u00e7lerini sa\u011flamak.<\/li>\n<li>Bitki \u0130la\u00e7lama: \u0130la\u00e7lama ekipmanlar\u0131n\u0131n farkl\u0131 y\u00fcksekliklerde hassas bir \u015fekilde konumland\u0131r\u0131lmas\u0131n\u0131 sa\u011flayarak homojen bir kapsama alan\u0131 sa\u011flar.<\/li>\n<\/ul>\n<h4>7. R\u00fczgar T\u00fcrbini Bak\u0131m\u0131<\/h4>\n<p>Bu hidrolik silindir yenilenebilir enerji sekt\u00f6r\u00fcnde de \u015fu a\u00e7\u0131dan kritik \u00f6neme sahiptir:<\/p>\n<ul>\n<li>R\u00fczgar T\u00fcrbini Eri\u015fimi: Optimum performans\u0131n sa\u011flanmas\u0131 i\u00e7in gerekli olan t\u00fcrbin kanatlar\u0131na muayene ve bak\u0131m amac\u0131yla g\u00fcvenli eri\u015fim sa\u011flanmas\u0131.<\/li>\n<\/ul>\n<p>Boom Hava \u00c7al\u0131\u015fma Arac\u0131 Y\u00fczer Hidrolik Silindiri, \u00e7ok say\u0131da uygulamada hava \u00e7al\u0131\u015fma platformlar\u0131n\u0131n \u00e7ok y\u00f6nl\u00fcl\u00fc\u011f\u00fcn\u00fc ve g\u00fcvenli\u011fini art\u0131r\u0131r. Engebeli y\u00fczeylere uyum sa\u011flama yetene\u011fi, operat\u00f6rlerin g\u00f6revleri hassas ve dengeli bir \u015fekilde ger\u00e7ekle\u015ftirmesini sa\u011flayarak onu in\u015faat, bak\u0131m, kamu hizmetleri, e\u011flence ve di\u011fer alanlarda vazge\u00e7ilmez bir ara\u00e7 haline getirir.\u00a0<img loading=\"lazy\" decoding=\"async\" class=\"alignnone size-full wp-image-413\" src=\"https:\/\/fmp-components.com\/wp-content\/uploads\/2024\/12\/T6UAgYD0-Boom-Aerial-Work-Vehicle-Floating-Hydraulic-Cylinder-Applications.webp\" alt=\"Bom-Hava-\u0130\u015f-Ara\u00e7-Y\u00fczen-Hidrolik-Silindir-Uygulamalar\u0131\" width=\"980\" height=\"719\" title=\"\" srcset=\"https:\/\/fmp-components.com\/wp-content\/uploads\/2024\/12\/T6UAgYD0-Boom-Aerial-Work-Vehicle-Floating-Hydraulic-Cylinder-Applications.webp 980w, https:\/\/fmp-components.com\/wp-content\/uploads\/2024\/12\/T6UAgYD0-Boom-Aerial-Work-Vehicle-Floating-Hydraulic-Cylinder-Applications-480x352.webp 480w\" sizes=\"(min-width: 0px) and (max-width: 480px) 480px, (min-width: 481px) 980px, 100vw\" \/><\/p>\n<h2>FMP Hakk\u0131nda<\/h2>\n<p>FMP, ara\u015ft\u0131rma ve \u00fcretim m\u00fckemmelli\u011fine verdi\u011fi \u00f6nemle tan\u0131nan, uzmanla\u015fm\u0131\u015f bir hidrolik silindir \u00fcreticisidir. \u015eirket, kurulu\u015fundan bu yana hidrolik silindir teknolojisinin s\u00fcrekli geli\u015ftirilmesine kendini adam\u0131\u015ft\u0131r. Ba\u015flang\u0131\u00e7ta hasat ve in\u015faat makineleri i\u00e7in \u00e7e\u015fitli \u00fcr\u00fcnler \u00fcreten FMP, daha sonra \u00f6zellikle tar\u0131m trakt\u00f6rleri i\u00e7in bile\u015fenlere odaklanm\u0131\u015ft\u0131r.<\/p>\n<p>On y\u0131l\u0131 a\u015fk\u0131n \u00fcretim uzmanl\u0131\u011f\u0131na sahip FMP, kapsaml\u0131 y\u00f6netim deneyimini geli\u015fmi\u015f \u00fcretim teknolojileriyle birle\u015ftirerek \u00fcr\u00fcnlerinde en y\u00fcksek kalite standartlar\u0131n\u0131 garanti alt\u0131na almaktad\u0131r. \u015eirket, g\u00fcvenilir ve verimli \u00fcretim s\u00fcre\u00e7leri sunmas\u0131n\u0131 sa\u011flayan kapsaml\u0131 bir tala\u015fl\u0131 imalat \u00fcretim hatt\u0131, montaj hatt\u0131 ve kaplama hatt\u0131 kurmu\u015ftur.<\/p>\n<p>FMP'nin b\u00fcy\u00fcmesi, deneyimli y\u00f6netim kadrosu, yetenekli makine tasar\u0131mc\u0131lar\u0131 ve y\u00fcksek e\u011fitimli teknisyenlerden olu\u015fan \u00f6zverili bir ekip taraf\u0131ndan desteklenmektedir. Bu i\u015f birli\u011fine dayal\u0131 yakla\u015f\u0131m, tutarl\u0131 \u00fcr\u00fcn kalitesini garanti alt\u0131na al\u0131r ve s\u00fcre\u00e7 s\u00fcreklili\u011fini etkin bir \u015fekilde y\u00f6neterek genel \u00fcretim verimlili\u011fini art\u0131r\u0131r.<\/p>\n<p>FMP felsefesinin temelinde \"Teknolojik \u0130novasyon \u0130lerlemeyi Te\u015fvik Eder\", \"Kaliteli Markalar Yarat\u0131r\", \"Kaliteyi Sa\u011flayan Ustal\u0131k\" ve \"Uzun Vadeli Kazan-Kazan \u0130li\u015fkileri Kurma\" de\u011ferleri yer almaktad\u0131r. \u015eirket, ola\u011fan\u00fcst\u00fc m\u00fc\u015fteri hizmetleri sunarken y\u00fcksek kaliteli \u00fcr\u00fcnler sunmaya kendini adam\u0131\u015ft\u0131r. FMP, pazar\u0131n de\u011fi\u015fen ihtiya\u00e7lar\u0131na uyum sa\u011flamak i\u00e7in s\u00fcrekli \u00e7aba g\u00f6stererek, tar\u0131m makineleri sekt\u00f6r\u00fcnde g\u00fcvenilir bir ortak olarak konumlanmaktad\u0131r. FMP, inovasyon ve kaliteye olan ba\u011fl\u0131l\u0131\u011f\u0131yla, tar\u0131m sekt\u00f6r\u00fcnde hidrolik teknolojisinin ilerlemesine \u00f6nemli \u00f6l\u00e7\u00fcde katk\u0131da bulunmay\u0131 hedeflemektedir.<\/p>\n<p><img loading=\"lazy\" decoding=\"async\" class=\"alignnone wp-image-359\" src=\"https:\/\/fmp-components.com\/wp-content\/uploads\/2024\/12\/fmp-factory-3.webp\" sizes=\"(min-width: 0px) and (max-width: 480px) 480px, (min-width: 481px) 914px, 100vw\" srcset=\"https:\/\/fmp-components.com\/wp-content\/uploads\/2024\/12\/fmp-factory-3.webp 914w, https:\/\/fmp-components.com\/wp-content\/uploads\/2024\/12\/fmp-factory-3-480x321.webp 480w\" alt=\"fmp-fabrika\" width=\"914\" height=\"612\" title=\"\"><\/p>\n<p>Yazar\uff1a CX<\/p>","protected":false},"excerpt":{"rendered":"<p>Boom Hava \u00c7al\u0131\u015fma Arac\u0131 Y\u00fczer Hidrolik Silindiri, bomun engebeli y\u00fczeylere dinamik olarak uyum sa\u011flamas\u0131n\u0131 sa\u011flayarak hava \u00e7al\u0131\u015fma platformlar\u0131n\u0131n performans\u0131n\u0131 art\u0131rmak \u00fczere tasarlanm\u0131\u015f \u00f6zel bir bile\u015fendir. Bu yenilik\u00e7i hidrolik silindir, operat\u00f6rlerin geli\u015fmi\u015f denge ve kontrolle y\u00fcksekteki \u00e7al\u0131\u015fma alanlar\u0131na g\u00fcvenli bir \u015fekilde eri\u015fmesini sa\u011flayarak p\u00fcr\u00fczs\u00fcz ve hassas hareket sa\u011flar. Y\u00fcksek mukavemetli malzemelerden \u00fcretilen bu silindir, a\u011f\u0131r y\u00fcklere ve zorlu \u00e7al\u0131\u015fma ko\u015fullar\u0131na dayanacak \u015fekilde \u00fcretilmi\u015ftir ve uzun s\u00fcreli g\u00fcvenilirlik sa\u011flar. \u00c7ok y\u00f6nl\u00fcl\u00fc\u011f\u00fc, y\u00fcksekte kolay ve g\u00fcvenli manevra kabiliyetinin \u00f6nemli oldu\u011fu in\u015faat, bak\u0131m ve kamu hizmetleri gibi \u00e7e\u015fitli uygulamalar i\u00e7in idealdir.<\/p>","protected":false},"featured_media":412,"comment_status":"open","ping_status":"closed","template":"","meta":{"_et_pb_use_builder":"","_et_pb_old_content":"","_et_gb_content_width":""},"product_brand":[],"product_cat":[22],"product_tag":[],"class_list":{"0":"post-364","1":"product","2":"type-product","3":"status-publish","4":"has-post-thumbnail","6":"product_cat-aerial-work-vehicle-hydraulic-cylinders","8":"first","9":"instock","10":"shipping-taxable","11":"product-type-simple"},"_links":{"self":[{"href":"https:\/\/fmp-components.com\/tr\/wp-json\/wp\/v2\/product\/364","targetHints":{"allow":["GET"]}}],"collection":[{"href":"https:\/\/fmp-components.com\/tr\/wp-json\/wp\/v2\/product"}],"about":[{"href":"https:\/\/fmp-components.com\/tr\/wp-json\/wp\/v2\/types\/product"}],"replies":[{"embeddable":true,"href":"https:\/\/fmp-components.com\/tr\/wp-json\/wp\/v2\/comments?post=364"}],"wp:featuredmedia":[{"embeddable":true,"href":"https:\/\/fmp-components.com\/tr\/wp-json\/wp\/v2\/media\/412"}],"wp:attachment":[{"href":"https:\/\/fmp-components.com\/tr\/wp-json\/wp\/v2\/media?parent=364"}],"wp:term":[{"taxonomy":"product_brand","embeddable":true,"href":"https:\/\/fmp-components.com\/tr\/wp-json\/wp\/v2\/product_brand?post=364"},{"taxonomy":"product_cat","embeddable":true,"href":"https:\/\/fmp-components.com\/tr\/wp-json\/wp\/v2\/product_cat?post=364"},{"taxonomy":"product_tag","embeddable":true,"href":"https:\/\/fmp-components.com\/tr\/wp-json\/wp\/v2\/product_tag?post=364"}],"curies":[{"name":"wp","href":"https:\/\/api.w.org\/{rel}","templated":true}]}}