{"id":3604,"date":"2025-01-09T01:34:23","date_gmt":"2025-01-09T01:34:23","guid":{"rendered":"https:\/\/fmp-components.com\/?page_id=8"},"modified":"2025-01-09T01:39:53","modified_gmt":"2025-01-09T01:39:53","slug":"spindle-motor-used-for-cnc-spindle-jszd240","status":"publish","type":"product","link":"https:\/\/fmp-components.com\/tr\/product\/spindle-motor-used-for-cnc-spindle-jszd240\/","title":{"rendered":"CNC Spindle JSZD240 i\u00e7in Kullan\u0131lan Spindle Motoru"},"content":{"rendered":"<p><img loading=\"lazy\" decoding=\"async\" class=\"alignnone size-full wp-image-3605\" src=\"https:\/\/fmp-components.com\/wp-content\/uploads\/2025\/01\/spindle-motor-for-cnc-spindle-jszd220-2.webp\" alt=\"cnc-i\u015f mili motoru-jszd220-2\" width=\"1098\" height=\"635\" title=\"\" srcset=\"https:\/\/fmp-components.com\/wp-content\/uploads\/2025\/01\/spindle-motor-for-cnc-spindle-jszd220-2.webp 1098w, https:\/\/fmp-components.com\/wp-content\/uploads\/2025\/01\/spindle-motor-for-cnc-spindle-jszd220-2-980x567.webp 980w, https:\/\/fmp-components.com\/wp-content\/uploads\/2025\/01\/spindle-motor-for-cnc-spindle-jszd220-2-480x278.webp 480w\" sizes=\"(min-width: 0px) and (max-width: 480px) 480px, (min-width: 481px) and (max-width: 980px) 980px, (min-width: 981px) 1098px, 100vw\" \/><\/p>\n<p><img loading=\"lazy\" decoding=\"async\" class=\"alignnone size-full wp-image-3607\" src=\"https:\/\/fmp-components.com\/wp-content\/uploads\/2025\/01\/spindle-motor-for-cnc-spindle-jszd220-3.webp\" alt=\"cnc-i\u015f mili motoru-jszd220-3\" width=\"1111\" height=\"449\" title=\"\" srcset=\"https:\/\/fmp-components.com\/wp-content\/uploads\/2025\/01\/spindle-motor-for-cnc-spindle-jszd220-3.webp 1111w, https:\/\/fmp-components.com\/wp-content\/uploads\/2025\/01\/spindle-motor-for-cnc-spindle-jszd220-3-980x396.webp 980w, https:\/\/fmp-components.com\/wp-content\/uploads\/2025\/01\/spindle-motor-for-cnc-spindle-jszd220-3-480x194.webp 480w\" sizes=\"(min-width: 0px) and (max-width: 480px) 480px, (min-width: 481px) and (max-width: 980px) 980px, (min-width: 981px) 1111px, 100vw\" \/><\/p>\n<h3>Do\u011fru CNC Mil Motoru Tipini Se\u00e7me<\/h3>\n<p>\u0130\u015fleme operasyonlar\u0131nda performans\u0131, hassasiyeti ve verimlili\u011fi optimize etmek i\u00e7in uygun CNC mil motorunu se\u00e7mek \u00e7ok \u00f6nemlidir. Do\u011fru motor, makinenin istenen \u00e7\u0131kt\u0131 kalitesini elde ederken gerekli i\u015f y\u00fck\u00fcn\u00fc kald\u0131rabilmesini sa\u011flar. Bir CNC mil motoru se\u00e7erken g\u00f6z \u00f6n\u00fcnde bulundurulmas\u0131 gereken temel fakt\u00f6rler \u015funlard\u0131r:<\/p>\n<ol>\n<li><strong>G\u00fc\u00e7 ve Tork Gereksinimleri<\/strong><br \/>\nMotorun g\u00fcc\u00fc (beygir g\u00fcc\u00fc veya kilovat cinsinden \u00f6l\u00e7\u00fcl\u00fcr) ve tork de\u011ferleri, farkl\u0131 malzemeleri ve kesme i\u015flemlerini i\u015fleme kabiliyetini do\u011frudan etkiler. Frezeleme veya derin kesme gibi a\u011f\u0131r hizmet uygulamalar\u0131 i\u00e7in y\u00fcksek torklu bir motor gereklidir. Daha ince ve hassas i\u015fler i\u00e7in, y\u00fcksek h\u0131z kapasitesine sahip d\u00fc\u015f\u00fck g\u00fc\u00e7l\u00fc motorlar daha uygun olabilir. Gerekli motor g\u00fcc\u00fcn\u00fc ve torkunu belirlemek i\u00e7in belirli i\u015fleme g\u00f6revlerini de\u011ferlendirin.<\/li>\n<li><strong>H\u0131z Aral\u0131\u011f\u0131 ve Kontrol\u00fc<\/strong><br \/>\nCNC mil motorlar\u0131, genellikle dakikadaki devir say\u0131s\u0131 (RPM) cinsinden \u00f6l\u00e7\u00fclen geni\u015f bir h\u0131z aral\u0131\u011f\u0131nda mevcuttur. Baz\u0131 uygulamalar delme veya grav\u00fcr gibi i\u015flemler i\u00e7in y\u00fcksek h\u0131zl\u0131 miller gerektirirken, di\u015f a\u00e7ma veya kaba kesme gibi di\u011ferleri daha y\u00fcksek torkla daha d\u00fc\u015f\u00fck h\u0131zlar gerektirebilir. Motor, farkl\u0131 malzemeler ve i\u015flemler i\u00e7in milin RPM'sini ayarlayarak \u00e7ok y\u00f6nl\u00fcl\u00fc\u011f\u00fc garanti alt\u0131na almak ve performans\u0131 optimize etmek i\u00e7in de\u011fi\u015fken h\u0131z kontrol\u00fcne sahip olmal\u0131d\u0131r.<\/li>\n<li><strong>So\u011futma Sistemi<\/strong><br \/>\nMil motorlar\u0131, \u00f6zellikle y\u00fcksek g\u00fc\u00e7 veya s\u00fcrekli kullan\u0131m senaryolar\u0131nda \u00e7al\u0131\u015fma s\u0131ras\u0131nda \u0131s\u0131 \u00fcretir. Hava veya s\u0131v\u0131 so\u011futma gibi uygun bir so\u011futma sistemine sahip bir motor se\u00e7mek, optimum performans\u0131 korumaya ve a\u015f\u0131r\u0131 \u0131s\u0131nmay\u0131 \u00f6nlemeye yard\u0131mc\u0131 olur. S\u0131v\u0131 so\u011futmal\u0131 miller genellikle uzun s\u00fcreli veya y\u00fcksek g\u00fc\u00e7l\u00fc g\u00f6revler i\u00e7in daha verimliyken, hava so\u011futmal\u0131 motorlar genellikle hafif uygulamalar i\u00e7in yeterlidir.<\/li>\n<li><strong>Hassasiyet ve Sal\u0131n\u0131m<\/strong><br \/>\nMil motorunun hassasiyeti, y\u00fcksek hassasiyetli i\u015fleme i\u00e7in kritik \u00f6neme sahiptir. D\u00fc\u015f\u00fck sal\u0131n\u0131ml\u0131 (ger\u00e7ek d\u00f6nme ekseninden sapma miktar\u0131) motorlar, i\u015f par\u00e7as\u0131n\u0131n g\u00fcvenli bir \u015fekilde tutulmas\u0131n\u0131 ve d\u00fczg\u00fcn bir \u015fekilde d\u00f6nmesini sa\u011flayarak daha iyi boyut do\u011frulu\u011fu ve y\u00fczey kalitesi sa\u011flar. Y\u00fcksek hassasiyetli miller, havac\u0131l\u0131k ve uzay veya t\u0131bbi cihaz \u00fcretimi gibi s\u0131k\u0131 toleranslar gerektiren sekt\u00f6rler i\u00e7in olmazsa olmazd\u0131r.<\/li>\n<li><strong>Motor Tipi: AC ve DC<\/strong><br \/>\nCNC mil motorlar\u0131 genellikle AC (alternatif ak\u0131m) veya DC (do\u011fru ak\u0131m) motorlard\u0131r. AC motorlar, g\u00fcvenilirlikleri, daha iyi g\u00fc\u00e7 verimlili\u011fi ve daha uzun \u00f6m\u00fcrleri nedeniyle end\u00fcstriyel CNC uygulamalar\u0131 i\u00e7in s\u0131kl\u0131kla tercih edilir. Y\u00fcksek h\u0131zl\u0131 ve y\u00fcksek torklu i\u015flemler i\u00e7in idealdirler. DC motorlar, d\u00fc\u015f\u00fck h\u0131zlarda m\u00fckemmel tork sunarken, genellikle daha d\u00fc\u015f\u00fck g\u00fc\u00e7 t\u00fcketimine sahip daha k\u00fc\u00e7\u00fck veya daha \u00f6zel CNC makineleri i\u00e7in daha uygundur.<\/li>\n<\/ol>\n<p>Do\u011fru CNC mil motorunu se\u00e7mek, g\u00fc\u00e7, h\u0131z, so\u011futma, hassasiyet ve makinenin kontrol sistemiyle uyumluluk gibi fakt\u00f6rlerin bir dengesini gerektirir. \u00dcreticiler, bu fakt\u00f6rleri dikkatlice de\u011ferlendirerek, CNC makinesinin performans\u0131n\u0131 art\u0131ran, i\u015fleme verimlili\u011fini art\u0131ran ve belirli uygulamalar i\u00e7in istenen kaliteyi sa\u011flayan bir mil motoru se\u00e7ebilirler.<\/p>\n<h2>\u00c7\u0131k\u0131\u015f i\u00e7in iki yol vard\u0131r; biri sabit tork, di\u011feri ise a\u015fa\u011f\u0131daki gibi sabit g\u00fc\u00e7t\u00fcr:<\/h2>\n<p><img loading=\"lazy\" decoding=\"async\" class=\"alignnone size-full wp-image-3573\" src=\"https:\/\/fmp-components.com\/wp-content\/uploads\/2025\/01\/spindle-motor-1.webp\" alt=\"mil-motoru-1\" width=\"973\" height=\"551\" title=\"\" srcset=\"https:\/\/fmp-components.com\/wp-content\/uploads\/2025\/01\/spindle-motor-1.webp 973w, https:\/\/fmp-components.com\/wp-content\/uploads\/2025\/01\/spindle-motor-1-480x272.webp 480w\" sizes=\"(min-width: 0px) and (max-width: 480px) 480px, (min-width: 481px) 973px, 100vw\" \/><\/p>\n<h2>Motor Milinin Adland\u0131rma A\u00e7\u0131klamas\u0131<\/h2>\n<p><img loading=\"lazy\" decoding=\"async\" class=\"alignnone size-full wp-image-3574\" src=\"https:\/\/fmp-components.com\/wp-content\/uploads\/2025\/01\/spindle-motor-2.webp\" alt=\"mil-motoru-2\" width=\"666\" height=\"351\" title=\"\" srcset=\"https:\/\/fmp-components.com\/wp-content\/uploads\/2025\/01\/spindle-motor-2.webp 666w, https:\/\/fmp-components.com\/wp-content\/uploads\/2025\/01\/spindle-motor-2-480x253.webp 480w\" sizes=\"(min-width: 0px) and (max-width: 480px) 480px, (min-width: 481px) 666px, 100vw\" \/><\/p>\n<h2>Mil Ba\u011flant\u0131s\u0131n\u0131n Sonu<\/h2>\n<p>Farkl\u0131 model millerine ba\u011fl\u0131 olarak bir\u00e7ok farkl\u0131 ba\u011flant\u0131 tipi vard\u0131r, l\u00fctfen a\u015fa\u011f\u0131daki tabloya bak\u0131n.<\/p>\n<p><img loading=\"lazy\" decoding=\"async\" class=\"alignnone wp-image-3575\" src=\"https:\/\/fmp-components.com\/wp-content\/uploads\/2025\/01\/spindle-motor-3.webp\" alt=\"i\u011f-motoru-\" width=\"885\" height=\"231\" title=\"\" srcset=\"https:\/\/fmp-components.com\/wp-content\/uploads\/2025\/01\/spindle-motor-3.webp 885w, https:\/\/fmp-components.com\/wp-content\/uploads\/2025\/01\/spindle-motor-3-480x125.webp 480w\" sizes=\"(min-width: 0px) and (max-width: 480px) 480px, (min-width: 481px) 885px, 100vw\" \/><\/p>\n<h2>Mil Talimat\u0131<\/h2>\n<div><span id=\"spin1\">1<\/span>Frekans d\u00f6n\u00fc\u015ft\u00fcr\u00fcc\u00fc\u00a0<span id=\"spin2\">zorunda<\/span>\u00a0e\u015fle\u015ftir\u00a0<span id=\"spin3\">elektrik<\/span>\u00a0i\u011f \u00fcnitesi.\u00a0<span id=\"spin4\">temel<\/span>\u00a0s\u0131kl\u0131k\u00a0<span id=\"spin5\">veya hatta<\/span>\u00a0nominal frekans\u00a0<span id=\"spin6\">birlikte<\/span>\u00a0Gerilim\u00a0<span id=\"spin7\">zorunda kalacak<\/span>\u00a0teknik parametreleri kar\u015f\u0131lay\u0131n\u00a0<span id=\"spin8\">-n\u0131n<\/span>\u00a0<span id=\"spin9\">elektrik<\/span>\u00a0i\u011f.<br \/>\n<span id=\"spin10\">2<\/span>.\u00a0<span id=\"spin11\">Elektrik<\/span>\u00a0i\u011f\u00a0<span id=\"spin12\">genellikle<\/span>\u00a0dola\u015fan su ile so\u011futulur. So\u011futma suyu\u00a0<span id=\"spin13\">olmas\u0131 gerekiyor<\/span>\u00a0paslanmaz ve filtrelenmi\u015f temiz.\u00a0<span id=\"spin14\">edinme<\/span>\u00a0su, giri\u015f\u00a0<span id=\"spin15\">olmal\u0131d\u0131r<\/span>\u00a0<span id=\"spin16\">alt\u0131nda<\/span>\u00a0o\u00a0<span id=\"spin17\">elektrik<\/span>\u00a0i\u011f.<br \/>\n<span id=\"spin18\">\u00fc\u00e7<\/span>. Ne \u200b\u200bzaman\u00a0<span id=\"spin19\">ile \u00e7al\u0131\u015fmak<\/span>\u00a0ya\u011f buhar\u0131yla ya\u011flanan bir mil,\u00a0<span id=\"spin20\">stres<\/span>\u00a0d\u00fczenleme vanas\u0131\u00a0<span id=\"spin21\">\u00fczerinde<\/span>\u00a0ya\u011f sisi\u00a0<span id=\"spin22\">alet<\/span>\u00a0<span id=\"spin23\">olmal\u0131<\/span>\u00a00,25~0,3 MPA'ya ayarlanm\u0131\u015f sis\u00a0<span id=\"spin25\">bas\u0131n\u00e7<\/span>\u00a0<span id=\"spin26\">olmal\u0131<\/span>\u00a00,1~0,2 MPA\u00a0<span id=\"spin28\">ve<\/span>\u00a0<span id=\"spin29\">\u00e7e\u015fitli<\/span>\u00a0ya\u011f damlalar\u0131\u00a0<span id=\"spin30\">olmal\u0131d\u0131r<\/span>\u00a060-70 damla\/dk.\u00a0<span id=\"spin31\">ve ayr\u0131ca<\/span>\u00a0ya\u011flama ya\u011f\u0131\u00a0<span id=\"spin32\">olmas\u0131 gerekir<\/span>\u00a0\u00e7an ya\u011f\u0131 veya t\u00fcrbin ya\u011f\u0131 No.\u00a0<span id=\"spin33\">20<\/span>.<br \/>\n<span id=\"spin34\">d\u00f6rt<\/span>.\u00a0<span id=\"spin35\">h\u0131z<\/span>\u00a0<span id=\"spin36\">etraf\u0131nda<\/span>\u00a0motorlu mil\u00a0<span id=\"spin37\">rehber<\/span>\u00a0<span id=\"spin38\">kesinlikle<\/span>\u00a0en y\u00fcksek\u00a0<span id=\"spin39\">h\u0131z<\/span>, Ve\u00a0<span id=\"spin40\">bu olabilir<\/span>\u00a0olmamak\u00a0<span id=\"spin41\">y\u00fckseltilmi\u015f<\/span>,\u00a0<span id=\"spin42\">yine de, o<\/span>\u00a0<span id=\"spin43\">Belki<\/span>\u00a0<span id=\"spin44\">istihdam edilmi\u015f<\/span>\u00a0<span id=\"spin45\">azaltmak<\/span><br \/>\no\u00a0<span id=\"spin46\">ad\u0131mlamak,<\/span>\u00a0voltaj ve frekans\u00a0<span id=\"spin47\">azalt\u0131lm\u0131\u015f<\/span>\u00a0<span id=\"spin48\">bir kez<\/span>\u00a0<span id=\"spin49\">h\u0131z<\/span>\u00a0d\u00fc\u015f\u00fcr\u00fcl\u00fcr.<br \/>\n<span id=\"spin50\">5<\/span>Rotasyon\u00a0<span id=\"spin51\">kurs<\/span>\u00a0<span id=\"spin52\">ile<\/span>\u00a0motorlu mil\u00a0<span id=\"spin53\">genellikle<\/span>\u00a0saat y\u00f6n\u00fcn\u00fcn tersine (g\u00f6r\u00fcnt\u00fclendi\u00a0<span id=\"spin54\">i\u00e7inde<\/span>\u00a0(\u015faft hari\u00e7)\u00a0<span id=\"spin55\">\u00f6zel<\/span><br \/>\n<span id=\"spin56\">talepler<\/span>.<br \/>\n<span id=\"spin57\">6<\/span>Ya\u011f buhar\u0131yla ya\u011flanan motorlu mil\u00a0<span id=\"spin58\">olmas\u0131 gerekiyor<\/span>\u00a0<span id=\"spin59\">ba\u011flant\u0131l\u0131<\/span>\u00a0su ve\u00a0<span id=\"spin60\">benzin<\/span>\u00a0<span id=\"spin61\">\u00f6nce<\/span>\u00a0<span id=\"spin62\">m\u00fcmk\u00fcn olabilir<\/span>\u00a0<span id=\"spin63\">ba\u015flamak<\/span>\u00a0Ve\u00a0<span id=\"spin64\">durdurmak<\/span>\u00a0su ve\u00a0<span id=\"spin65\">yak\u0131t\u00a0<\/span><span id=\"spin66\">tedarik<\/span>\u00a0<span id=\"spin67\">sonras\u0131nda<\/span>\u00a0kapat.<br \/>\nA\u00e7\u0131klama:\u00a0<span id=\"spin68\">e\u015fsiz<\/span>\u00a0operasyon\u00a0<span id=\"spin69\">gereklidir<\/span>\u00a0<span id=\"spin70\">binaen<\/span>\u00a0<span id=\"spin71\">-e<\/span>\u00a0<span id=\"spin72\">elektrik<\/span>\u00a0i\u011f\u00a0<span id=\"spin73\">y\u00f6nergeler<\/span>.<\/div>\n<div>\n<div class=\"flex max-w-full flex-col flex-grow\">\n<div class=\"min-h-8 text-message flex w-full flex-col items-end gap-2 whitespace-normal break-words text-start [.text-message+&amp;]:mt-5\" dir=\"auto\" data-message-author-role=\"assistant\" data-message-id=\"fbdee532-4424-41b2-a093-d85f55f880e4\" data-message-model-slug=\"gpt-4o-mini\">\n<div class=\"flex w-full flex-col gap-1 empty:hidden first:pt-[3px]\">\n<div class=\"markdown prose w-full break-words dark:prose-invert light\">\n<h2>FMP Hakk\u0131nda<\/h2>\n<p>FMP, spiral konik sonsuz di\u015fli red\u00fckt\u00f6rleri, zincir di\u015flileri, konik bur\u00e7lar, di\u015fli kremayerleri, kaplinler ve di\u011fer \u015fanz\u0131man par\u00e7alar\u0131 dahil olmak \u00fczere y\u00fcksek kaliteli mekanik bile\u015fenler konusunda uzmanla\u015fm\u0131\u015f tan\u0131nm\u0131\u015f bir \u00fcreticidir. G\u00fc\u00e7l\u00fc ihracat odakl\u0131 \u00e7al\u0131\u015fmalar\u0131m\u0131zla, 65%'den fazla \u00fcr\u00fcn\u00fcm\u00fcz Almanya, \u0130ngiltere ve Fransa dahil olmak \u00fczere Avrupa pazarlar\u0131na ula\u015ft\u0131r\u0131lmakta ve y\u0131ll\u0131k $18 milyon RMB'lik ihracat hacmine katk\u0131da bulunmaktad\u0131r. Toplam y\u0131ll\u0131k \u00fcretim de\u011ferimiz 200 milyon RMB'yi a\u015fmaktad\u0131r.<\/p>\n<p>\u00dcr\u00fcnlerimiz uluslararas\u0131, Avrupa ve ABD end\u00fcstri standartlar\u0131n\u0131 kar\u015f\u0131layacak \u015fekilde titizlikle tasarlan\u0131p \u00fcretilmektedir. Son teknoloji hassas i\u015fleme ekipmanlar\u0131 kullan\u0131yor, optimize edilmi\u015f \u00fcretim s\u00fcre\u00e7lerine ba\u011fl\u0131 kal\u0131yor ve esnek, verimli bir y\u00f6netim sistemi uyguluyoruz. Kapsaml\u0131 kalite y\u00f6netim sistemimiz, rekabet\u00e7i fiyatlar\u0131 korurken ola\u011fan\u00fcst\u00fc \u00fcr\u00fcn kalitesini garanti eder.<\/p>\n<p>FMP olarak, \u201cKalite: Uzun vadeli i\u015f ba\u015far\u0131s\u0131n\u0131n temeli; D\u00fcr\u00fcstl\u00fck: B\u00fcy\u00fcmenin itici g\u00fcc\u00fc; Hizmet: Geli\u015fimin temel ta\u015f\u0131; Uygun Fiyat: S\u00fcrd\u00fcr\u00fclebilir ba\u015far\u0131n\u0131n anahtar\u0131\u201d temel ilkeleriyle hareket ediyoruz. Hem yurt i\u00e7i hem de yurt d\u0131\u015f\u0131 ortaklar\u0131m\u0131zla i\u015fbirli\u011fine davet ediyor ve kar\u015f\u0131l\u0131kl\u0131 b\u00fcy\u00fcmeyi te\u015fvik etmeye ve kolektif ba\u015far\u0131ya ula\u015fmaya kendimizi adad\u0131k.<\/p>\n<\/div>\n<\/div>\n<\/div>\n<\/div>\n<p><img loading=\"lazy\" decoding=\"async\" class=\"alignnone wp-image-3563\" src=\"https:\/\/fmp-components.com\/wp-content\/uploads\/2025\/01\/company-2.webp\" alt=\"\u015firket\" width=\"873\" height=\"790\" title=\"\" srcset=\"https:\/\/fmp-components.com\/wp-content\/uploads\/2025\/01\/company-2.webp 873w, https:\/\/fmp-components.com\/wp-content\/uploads\/2025\/01\/company-2-480x435.webp 480w\" sizes=\"(min-width: 0px) and (max-width: 480px) 480px, (min-width: 481px) 873px, 100vw\" \/> <img loading=\"lazy\" decoding=\"async\" class=\"alignnone wp-image-3564\" src=\"https:\/\/fmp-components.com\/wp-content\/uploads\/2025\/01\/company-3.webp\" alt=\"\u015firket\" width=\"873\" height=\"776\" title=\"\" srcset=\"https:\/\/fmp-components.com\/wp-content\/uploads\/2025\/01\/company-3.webp 873w, https:\/\/fmp-components.com\/wp-content\/uploads\/2025\/01\/company-3-480x427.webp 480w\" sizes=\"(min-width: 0px) and (max-width: 480px) 480px, (min-width: 481px) 873px, 100vw\" \/> <img loading=\"lazy\" decoding=\"async\" class=\"alignnone wp-image-3565\" src=\"https:\/\/fmp-components.com\/wp-content\/uploads\/2025\/01\/company-1.webp\" alt=\"\u015firket\" width=\"877\" height=\"225\" title=\"\" srcset=\"https:\/\/fmp-components.com\/wp-content\/uploads\/2025\/01\/company-1.webp 877w, https:\/\/fmp-components.com\/wp-content\/uploads\/2025\/01\/company-1-480x123.webp 480w\" sizes=\"(min-width: 0px) and (max-width: 480px) 480px, (min-width: 481px) 877px, 100vw\" \/><\/p>\n<p>Yazar: CX<\/p>\n<\/div>","protected":false},"excerpt":{"rendered":"<p>Choosing the Right CNC Spindle Motor Type Selecting the appropriate CNC spindle motor is essential for optimizing performance, precision, and efficiency in machining operations. The right motor ensures the machine can handle the required workload while achieving the desired output quality. Here are key factors to consider when choosing a CNC spindle motor: Power and [&hellip;]<\/p>","protected":false},"featured_media":3606,"comment_status":"open","ping_status":"closed","template":"","meta":{"_et_pb_use_builder":"","_et_pb_old_content":"","_et_gb_content_width":""},"product_brand":[],"product_cat":[89],"product_tag":[],"class_list":{"0":"post-3604","1":"product","2":"type-product","3":"status-publish","4":"has-post-thumbnail","6":"product_cat-spindle-motor","8":"first","9":"instock","10":"shipping-taxable","11":"product-type-simple"},"_links":{"self":[{"href":"https:\/\/fmp-components.com\/tr\/wp-json\/wp\/v2\/product\/3604","targetHints":{"allow":["GET"]}}],"collection":[{"href":"https:\/\/fmp-components.com\/tr\/wp-json\/wp\/v2\/product"}],"about":[{"href":"https:\/\/fmp-components.com\/tr\/wp-json\/wp\/v2\/types\/product"}],"replies":[{"embeddable":true,"href":"https:\/\/fmp-components.com\/tr\/wp-json\/wp\/v2\/comments?post=3604"}],"wp:featuredmedia":[{"embeddable":true,"href":"https:\/\/fmp-components.com\/tr\/wp-json\/wp\/v2\/media\/3606"}],"wp:attachment":[{"href":"https:\/\/fmp-components.com\/tr\/wp-json\/wp\/v2\/media?parent=3604"}],"wp:term":[{"taxonomy":"product_brand","embeddable":true,"href":"https:\/\/fmp-components.com\/tr\/wp-json\/wp\/v2\/product_brand?post=3604"},{"taxonomy":"product_cat","embeddable":true,"href":"https:\/\/fmp-components.com\/tr\/wp-json\/wp\/v2\/product_cat?post=3604"},{"taxonomy":"product_tag","embeddable":true,"href":"https:\/\/fmp-components.com\/tr\/wp-json\/wp\/v2\/product_tag?post=3604"}],"curies":[{"name":"wp","href":"https:\/\/api.w.org\/{rel}","templated":true}]}}