{"id":3593,"date":"2025-01-08T08:33:16","date_gmt":"2025-01-08T08:33:16","guid":{"rendered":"https:\/\/fmp-components.com\/?page_id=8"},"modified":"2025-01-09T00:23:14","modified_gmt":"2025-01-09T00:23:14","slug":"spindle-motor-used-for-cnc-spindle-jszd320","status":"publish","type":"product","link":"https:\/\/fmp-components.com\/tr\/product\/spindle-motor-used-for-cnc-spindle-jszd320\/","title":{"rendered":"CNC Spindle JSZD320 i\u00e7in Kullan\u0131lan Spindle Motoru"},"content":{"rendered":"<p><img loading=\"lazy\" decoding=\"async\" class=\"alignnone size-full wp-image-3599\" src=\"https:\/\/fmp-components.com\/wp-content\/uploads\/2025\/01\/kG2jgWPU-spindle-motor-for-cnc-spindle-jszd320-2-1.webp\" alt=\"cnc-i\u015f mili motoru-jszd320-2\" width=\"1007\" height=\"615\" title=\"\" srcset=\"https:\/\/fmp-components.com\/wp-content\/uploads\/2025\/01\/kG2jgWPU-spindle-motor-for-cnc-spindle-jszd320-2-1.webp 1007w, https:\/\/fmp-components.com\/wp-content\/uploads\/2025\/01\/kG2jgWPU-spindle-motor-for-cnc-spindle-jszd320-2-1-980x599.webp 980w, https:\/\/fmp-components.com\/wp-content\/uploads\/2025\/01\/kG2jgWPU-spindle-motor-for-cnc-spindle-jszd320-2-1-480x293.webp 480w\" sizes=\"(min-width: 0px) and (max-width: 480px) 480px, (min-width: 481px) and (max-width: 980px) 980px, (min-width: 981px) 1007px, 100vw\" \/><\/p>\n<p><img loading=\"lazy\" decoding=\"async\" class=\"alignnone size-full wp-image-3596\" src=\"https:\/\/fmp-components.com\/wp-content\/uploads\/2025\/01\/spindle-motor-for-cnc-spindle-jszd320-3.webp\" alt=\"cnc-i\u015f mili motoru-jszd320-3\" width=\"1111\" height=\"233\" title=\"\" srcset=\"https:\/\/fmp-components.com\/wp-content\/uploads\/2025\/01\/spindle-motor-for-cnc-spindle-jszd320-3.webp 1111w, https:\/\/fmp-components.com\/wp-content\/uploads\/2025\/01\/spindle-motor-for-cnc-spindle-jszd320-3-980x206.webp 980w, https:\/\/fmp-components.com\/wp-content\/uploads\/2025\/01\/spindle-motor-for-cnc-spindle-jszd320-3-480x101.webp 480w\" sizes=\"(min-width: 0px) and (max-width: 480px) 480px, (min-width: 481px) and (max-width: 980px) 980px, (min-width: 981px) 1111px, 100vw\" \/><\/p>\n<h2>\u00c7\u0131k\u0131\u015f i\u00e7in iki yol vard\u0131r; biri sabit tork, di\u011feri ise a\u015fa\u011f\u0131daki gibi sabit g\u00fc\u00e7t\u00fcr:<\/h2>\n<p><img loading=\"lazy\" decoding=\"async\" class=\"alignnone size-full wp-image-3573\" src=\"https:\/\/fmp-components.com\/wp-content\/uploads\/2025\/01\/spindle-motor-1.webp\" alt=\"mil-motoru-1\" width=\"973\" height=\"551\" title=\"\" srcset=\"https:\/\/fmp-components.com\/wp-content\/uploads\/2025\/01\/spindle-motor-1.webp 973w, https:\/\/fmp-components.com\/wp-content\/uploads\/2025\/01\/spindle-motor-1-480x272.webp 480w\" sizes=\"(min-width: 0px) and (max-width: 480px) 480px, (min-width: 481px) 973px, 100vw\" \/><\/p>\n<h2>Motor Milinin Adland\u0131rma A\u00e7\u0131klamas\u0131<\/h2>\n<p><img loading=\"lazy\" decoding=\"async\" class=\"alignnone size-full wp-image-3574\" src=\"https:\/\/fmp-components.com\/wp-content\/uploads\/2025\/01\/spindle-motor-2.webp\" alt=\"mil-motoru-2\" width=\"666\" height=\"351\" title=\"\" srcset=\"https:\/\/fmp-components.com\/wp-content\/uploads\/2025\/01\/spindle-motor-2.webp 666w, https:\/\/fmp-components.com\/wp-content\/uploads\/2025\/01\/spindle-motor-2-480x253.webp 480w\" sizes=\"(min-width: 0px) and (max-width: 480px) 480px, (min-width: 481px) 666px, 100vw\" \/><\/p>\n<h2>Mil Ba\u011flant\u0131s\u0131n\u0131n Sonu<\/h2>\n<p>Farkl\u0131 model millerine ba\u011fl\u0131 olarak bir\u00e7ok farkl\u0131 ba\u011flant\u0131 tipi vard\u0131r, l\u00fctfen a\u015fa\u011f\u0131daki tabloya bak\u0131n.<\/p>\n<p><img loading=\"lazy\" decoding=\"async\" class=\"alignnone wp-image-3575\" src=\"https:\/\/fmp-components.com\/wp-content\/uploads\/2025\/01\/spindle-motor-3.webp\" alt=\"i\u011f-motoru-\" width=\"885\" height=\"231\" title=\"\" srcset=\"https:\/\/fmp-components.com\/wp-content\/uploads\/2025\/01\/spindle-motor-3.webp 885w, https:\/\/fmp-components.com\/wp-content\/uploads\/2025\/01\/spindle-motor-3-480x125.webp 480w\" sizes=\"(min-width: 0px) and (max-width: 480px) 480px, (min-width: 481px) 885px, 100vw\" \/><\/p>\n<h2>Mil Talimat\u0131<\/h2>\n<div><span id=\"spin1\">1<\/span>Frekans d\u00f6n\u00fc\u015ft\u00fcr\u00fcc\u00fc\u00a0<span id=\"spin2\">zorunda<\/span>\u00a0e\u015fle\u015ftir\u00a0<span id=\"spin3\">elektrik<\/span>\u00a0i\u011f \u00fcnitesi.\u00a0<span id=\"spin4\">temel<\/span>\u00a0s\u0131kl\u0131k\u00a0<span id=\"spin5\">veya hatta<\/span>\u00a0nominal frekans\u00a0<span id=\"spin6\">birlikte<\/span>\u00a0Gerilim\u00a0<span id=\"spin7\">zorunda kalacak<\/span>\u00a0teknik parametreleri kar\u015f\u0131lay\u0131n\u00a0<span id=\"spin8\">-n\u0131n<\/span>\u00a0<span id=\"spin9\">elektrik<\/span>\u00a0i\u011f.<br \/>\n<span id=\"spin10\">2<\/span>.\u00a0<span id=\"spin11\">Elektrik<\/span>\u00a0i\u011f\u00a0<span id=\"spin12\">genellikle<\/span>\u00a0dola\u015fan su ile so\u011futulur. So\u011futma suyu\u00a0<span id=\"spin13\">olmas\u0131 gerekiyor<\/span>\u00a0paslanmaz ve filtrelenmi\u015f temiz.\u00a0<span id=\"spin14\">edinme<\/span>\u00a0su, giri\u015f\u00a0<span id=\"spin15\">olmal\u0131d\u0131r<\/span>\u00a0<span id=\"spin16\">alt\u0131nda<\/span>\u00a0o\u00a0<span id=\"spin17\">elektrik<\/span>\u00a0i\u011f.<br \/>\n<span id=\"spin18\">\u00fc\u00e7<\/span>. Ne \u200b\u200bzaman\u00a0<span id=\"spin19\">ile \u00e7al\u0131\u015fmak<\/span>\u00a0ya\u011f buhar\u0131yla ya\u011flanan bir mil,\u00a0<span id=\"spin20\">stres<\/span>\u00a0d\u00fczenleme vanas\u0131\u00a0<span id=\"spin21\">\u00fczerinde<\/span>\u00a0ya\u011f sisi\u00a0<span id=\"spin22\">alet<\/span>\u00a0<span id=\"spin23\">olmal\u0131<\/span>\u00a00,25~0,3 MPA'ya ayarlanm\u0131\u015f sis\u00a0<span id=\"spin25\">bas\u0131n\u00e7<\/span>\u00a0<span id=\"spin26\">olmal\u0131<\/span>\u00a00,1~0,2 MPA\u00a0<span id=\"spin28\">ve<\/span>\u00a0<span id=\"spin29\">\u00e7e\u015fitli<\/span>\u00a0ya\u011f damlalar\u0131\u00a0<span id=\"spin30\">olmal\u0131d\u0131r<\/span>\u00a060-70 damla\/dk.\u00a0<span id=\"spin31\">ve ayr\u0131ca<\/span>\u00a0ya\u011flama ya\u011f\u0131\u00a0<span id=\"spin32\">olmas\u0131 gerekir<\/span>\u00a0\u00e7an ya\u011f\u0131 veya t\u00fcrbin ya\u011f\u0131 No.\u00a0<span id=\"spin33\">20<\/span>.<br \/>\n<span id=\"spin34\">d\u00f6rt<\/span>.\u00a0<span id=\"spin35\">h\u0131z<\/span>\u00a0<span id=\"spin36\">etraf\u0131nda<\/span>\u00a0motorlu mil\u00a0<span id=\"spin37\">rehber<\/span>\u00a0<span id=\"spin38\">kesinlikle<\/span>\u00a0en y\u00fcksek\u00a0<span id=\"spin39\">h\u0131z<\/span>, Ve\u00a0<span id=\"spin40\">bu olabilir<\/span>\u00a0olmamak\u00a0<span id=\"spin41\">y\u00fckseltilmi\u015f<\/span>,\u00a0<span id=\"spin42\">yine de, o<\/span>\u00a0<span id=\"spin43\">Belki<\/span>\u00a0<span id=\"spin44\">istihdam edilmi\u015f<\/span>\u00a0<span id=\"spin45\">azaltmak<\/span><br \/>\no\u00a0<span id=\"spin46\">ad\u0131mlamak,<\/span>\u00a0voltaj ve frekans\u00a0<span id=\"spin47\">azalt\u0131lm\u0131\u015f<\/span>\u00a0<span id=\"spin48\">bir kez<\/span>\u00a0<span id=\"spin49\">h\u0131z<\/span>\u00a0d\u00fc\u015f\u00fcr\u00fcl\u00fcr.<br \/>\n<span id=\"spin50\">5<\/span>Rotasyon\u00a0<span id=\"spin51\">kurs<\/span>\u00a0<span id=\"spin52\">ile<\/span>\u00a0motorlu mil\u00a0<span id=\"spin53\">genellikle<\/span>\u00a0saat y\u00f6n\u00fcn\u00fcn tersine (g\u00f6r\u00fcnt\u00fclendi\u00a0<span id=\"spin54\">i\u00e7inde<\/span>\u00a0(\u015faft hari\u00e7)\u00a0<span id=\"spin55\">\u00f6zel<\/span><br \/>\n<span id=\"spin56\">talepler<\/span>.<br \/>\n<span id=\"spin57\">6<\/span>Ya\u011f buhar\u0131yla ya\u011flanan motorlu mil\u00a0<span id=\"spin58\">olmas\u0131 gerekiyor<\/span>\u00a0<span id=\"spin59\">ba\u011flant\u0131l\u0131<\/span>\u00a0su ve\u00a0<span id=\"spin60\">benzin<\/span>\u00a0<span id=\"spin61\">\u00f6nce<\/span>\u00a0<span id=\"spin62\">m\u00fcmk\u00fcn olabilir<\/span>\u00a0<span id=\"spin63\">ba\u015flamak<\/span>\u00a0Ve\u00a0<span id=\"spin64\">durdurmak<\/span>\u00a0su ve\u00a0<span id=\"spin65\">yak\u0131t\u00a0<\/span><span id=\"spin66\">tedarik<\/span>\u00a0<span id=\"spin67\">sonras\u0131nda<\/span>\u00a0kapat.<br \/>\nA\u00e7\u0131klama:\u00a0<span id=\"spin68\">e\u015fsiz<\/span>\u00a0operasyon\u00a0<span id=\"spin69\">gereklidir<\/span>\u00a0<span id=\"spin70\">binaen<\/span>\u00a0<span id=\"spin71\">-e<\/span>\u00a0<span id=\"spin72\">elektrik<\/span>\u00a0i\u011f\u00a0<span id=\"spin73\">y\u00f6nergeler<\/span>.<\/div>\n<div>\n<div class=\"flex max-w-full flex-col flex-grow\">\n<div class=\"min-h-8 text-message flex w-full flex-col items-end gap-2 whitespace-normal break-words text-start [.text-message+&amp;]:mt-5\" dir=\"auto\" data-message-author-role=\"assistant\" data-message-id=\"fbdee532-4424-41b2-a093-d85f55f880e4\" data-message-model-slug=\"gpt-4o-mini\">\n<div class=\"flex w-full flex-col gap-1 empty:hidden first:pt-[3px]\">\n<div class=\"markdown prose w-full break-words dark:prose-invert light\">\n<h2>FMP Hakk\u0131nda<\/h2>\n<p>FMP, spiral konik sonsuz di\u015fli red\u00fckt\u00f6rleri, zincir di\u015flileri, konik bur\u00e7lar, di\u015fli kremayerleri, kaplinler ve di\u011fer \u015fanz\u0131man par\u00e7alar\u0131 dahil olmak \u00fczere mekanik bile\u015fenler konusunda uzmanla\u015fm\u0131\u015f lider bir \u00fcreticidir. G\u00fc\u00e7l\u00fc bir ihracat oda\u011f\u0131yla, 65%'den fazla \u00fcr\u00fcn\u00fcm\u00fcz Almanya, \u0130ngiltere ve Fransa gibi Avrupa pazarlar\u0131na sevk edilmekte ve y\u0131ll\u0131k $18 milyon RMB ihracat de\u011feri elde edilmektedir. Toplam y\u0131ll\u0131k \u00fcretim de\u011ferimiz 200 milyon RMB'ye ula\u015fmaktad\u0131r.<\/p>\n<p>T\u00fcm FMP \u00fcr\u00fcnleri uluslararas\u0131, Avrupa ve ABD end\u00fcstri standartlar\u0131na uygun olarak tasarlan\u0131p \u00fcretilmektedir. Geli\u015fmi\u015f hassas i\u015fleme ekipmanlar\u0131 kullan\u0131yor, optimize edilmi\u015f \u00fcretim s\u00fcre\u00e7lerini takip ediyor ve esnek, verimli bir y\u00f6netim sistemi s\u00fcrd\u00fcr\u00fcyoruz. G\u00fc\u00e7l\u00fc kalite y\u00f6netim sistemimiz, fiyatlar\u0131m\u0131z\u0131 rekabet\u00e7i tutarken y\u00fcksek \u00fcr\u00fcn standartlar\u0131n\u0131 garanti eder.<\/p>\n<p>FMP olarak, \u201cKalite: i\u015f s\u00fcrd\u00fcr\u00fclebilirli\u011finin temel ta\u015f\u0131; D\u00fcr\u00fcstl\u00fck: i\u015f b\u00fcy\u00fcmesinin itici g\u00fcc\u00fc; Hizmet: kalk\u0131nman\u0131n temeli; Uygun Fiyat: ba\u015far\u0131n\u0131n anahtar\u0131\u201d temel de\u011ferlerini benimsiyoruz. Hem yurt i\u00e7i hem de yurt d\u0131\u015f\u0131 m\u00fc\u015fterilerimizle i\u015fbirli\u011fini memnuniyetle kar\u015f\u0131l\u0131yor ve kar\u015f\u0131l\u0131kl\u0131 b\u00fcy\u00fcme ve ba\u015far\u0131y\u0131 te\u015fvik etmeye kararl\u0131y\u0131z.<\/p>\n<\/div>\n<\/div>\n<\/div>\n<\/div>\n<p><img loading=\"lazy\" decoding=\"async\" class=\"alignnone wp-image-3563\" src=\"https:\/\/fmp-components.com\/wp-content\/uploads\/2025\/01\/company-2.webp\" alt=\"\u015firket\" width=\"873\" height=\"790\" title=\"\" srcset=\"https:\/\/fmp-components.com\/wp-content\/uploads\/2025\/01\/company-2.webp 873w, https:\/\/fmp-components.com\/wp-content\/uploads\/2025\/01\/company-2-480x435.webp 480w\" sizes=\"(min-width: 0px) and (max-width: 480px) 480px, (min-width: 481px) 873px, 100vw\" \/> <img loading=\"lazy\" decoding=\"async\" class=\"alignnone wp-image-3564\" src=\"https:\/\/fmp-components.com\/wp-content\/uploads\/2025\/01\/company-3.webp\" alt=\"\u015firket\" width=\"873\" height=\"776\" title=\"\" srcset=\"https:\/\/fmp-components.com\/wp-content\/uploads\/2025\/01\/company-3.webp 873w, https:\/\/fmp-components.com\/wp-content\/uploads\/2025\/01\/company-3-480x427.webp 480w\" sizes=\"(min-width: 0px) and (max-width: 480px) 480px, (min-width: 481px) 873px, 100vw\" \/> <img loading=\"lazy\" decoding=\"async\" class=\"alignnone wp-image-3565\" src=\"https:\/\/fmp-components.com\/wp-content\/uploads\/2025\/01\/company-1.webp\" alt=\"\u015firket\" width=\"877\" height=\"225\" title=\"\" srcset=\"https:\/\/fmp-components.com\/wp-content\/uploads\/2025\/01\/company-1.webp 877w, https:\/\/fmp-components.com\/wp-content\/uploads\/2025\/01\/company-1-480x123.webp 480w\" sizes=\"(min-width: 0px) and (max-width: 480px) 480px, (min-width: 481px) 877px, 100vw\" \/><\/p>\n<p>Yazar: CX<\/p>\n<\/div>","protected":false},"excerpt":{"rendered":"<p>\u00c7\u0131k\u0131\u015f i\u00e7in iki yol vard\u0131r: Biri Sabit Tork, di\u011feri ise a\u015fa\u011f\u0131daki gibi Sabit G\u00fc\u00e7t\u00fcr: Motor Milinin Adland\u0131r\u0131lmas\u0131 Mil Ba\u011flant\u0131s\u0131n\u0131n Sonu Farkl\u0131 model millerine ba\u011fl\u0131 olarak bir\u00e7ok farkl\u0131 ba\u011flant\u0131 t\u00fcr\u00fc vard\u0131r, l\u00fctfen a\u015fa\u011f\u0131daki tabloya bak\u0131n. Mil Talimat\u0131 1. Frekans d\u00f6n\u00fc\u015ft\u00fcr\u00fcc\u00fcn\u00fcn e\u015fle\u015fmesi gerekir [\u2026]<\/p>","protected":false},"featured_media":3595,"comment_status":"open","ping_status":"closed","template":"","meta":{"_et_pb_use_builder":"","_et_pb_old_content":"","_et_gb_content_width":""},"product_brand":[],"product_cat":[89],"product_tag":[],"class_list":{"0":"post-3593","1":"product","2":"type-product","3":"status-publish","4":"has-post-thumbnail","6":"product_cat-spindle-motor","8":"first","9":"instock","10":"shipping-taxable","11":"product-type-simple"},"_links":{"self":[{"href":"https:\/\/fmp-components.com\/tr\/wp-json\/wp\/v2\/product\/3593","targetHints":{"allow":["GET"]}}],"collection":[{"href":"https:\/\/fmp-components.com\/tr\/wp-json\/wp\/v2\/product"}],"about":[{"href":"https:\/\/fmp-components.com\/tr\/wp-json\/wp\/v2\/types\/product"}],"replies":[{"embeddable":true,"href":"https:\/\/fmp-components.com\/tr\/wp-json\/wp\/v2\/comments?post=3593"}],"wp:featuredmedia":[{"embeddable":true,"href":"https:\/\/fmp-components.com\/tr\/wp-json\/wp\/v2\/media\/3595"}],"wp:attachment":[{"href":"https:\/\/fmp-components.com\/tr\/wp-json\/wp\/v2\/media?parent=3593"}],"wp:term":[{"taxonomy":"product_brand","embeddable":true,"href":"https:\/\/fmp-components.com\/tr\/wp-json\/wp\/v2\/product_brand?post=3593"},{"taxonomy":"product_cat","embeddable":true,"href":"https:\/\/fmp-components.com\/tr\/wp-json\/wp\/v2\/product_cat?post=3593"},{"taxonomy":"product_tag","embeddable":true,"href":"https:\/\/fmp-components.com\/tr\/wp-json\/wp\/v2\/product_tag?post=3593"}],"curies":[{"name":"wp","href":"https:\/\/api.w.org\/{rel}","templated":true}]}}