{"id":3584,"date":"2025-01-08T08:08:35","date_gmt":"2025-01-08T08:08:35","guid":{"rendered":"https:\/\/fmp-components.com\/?page_id=8"},"modified":"2025-01-08T08:08:35","modified_gmt":"2025-01-08T08:08:35","slug":"spindle-motor-used-for-lathe-jszd150h","status":"publish","type":"product","link":"https:\/\/fmp-components.com\/tr\/product\/spindle-motor-used-for-lathe-jszd150h\/","title":{"rendered":"Torna Tezgah\u0131 JSZD150H i\u00e7in Kullan\u0131lan Mil Motoru"},"content":{"rendered":"<p style=\"text-align: center;\"><span style=\"font-size: 18pt;\">Torna Tezgah\u0131 JSZD150H i\u00e7in Kullan\u0131lan Mil Motoru<\/span><\/p>\n<p>Mil motorlar\u0131, k\u00fc\u00e7\u00fck boyutlar\u0131, y\u00fcksek g\u00fcvenilirlikleri ve d\u00fc\u015f\u00fck g\u00fc\u00e7 t\u00fcketimleri gibi di\u011fer motor t\u00fcrlerine g\u00f6re bir\u00e7ok avantaja sahiptir. Ayr\u0131ca, binlerce saat sorunsuz \u00e7al\u0131\u015fabilirler ve olduk\u00e7a sessizdirler. Bu sayede daha k\u00fc\u00e7\u00fck alanlara monte edilebilirler ve raylar daha az yer kaplar. Raylar, mil motoru \u015faft\u0131n\u0131n etraf\u0131ndaki manyetik malzemeden yap\u0131lm\u0131\u015f e\u015f merkezli dairelerdir.<\/p>\n<p><img loading=\"lazy\" decoding=\"async\" class=\"alignnone size-full wp-image-3590\" src=\"https:\/\/fmp-components.com\/wp-content\/uploads\/2025\/01\/spindle-motor-used-for-lathe-jszd220-2.webp\" alt=\"torna tezgah\u0131nda kullan\u0131lan mil motoru jszd220-2\" width=\"847\" height=\"518\" title=\"\" srcset=\"https:\/\/fmp-components.com\/wp-content\/uploads\/2025\/01\/spindle-motor-used-for-lathe-jszd220-2.webp 847w, https:\/\/fmp-components.com\/wp-content\/uploads\/2025\/01\/spindle-motor-used-for-lathe-jszd220-2-480x294.webp 480w\" sizes=\"(min-width: 0px) and (max-width: 480px) 480px, (min-width: 481px) 847px, 100vw\" \/> <img loading=\"lazy\" decoding=\"async\" class=\"alignnone size-full wp-image-3589\" src=\"https:\/\/fmp-components.com\/wp-content\/uploads\/2025\/01\/spindle-motor-used-for-lathe-jszd220-3.webp\" alt=\"torna tezgah\u0131nda kullan\u0131lan mil motoru jszd220-3\" width=\"856\" height=\"192\" title=\"\" srcset=\"https:\/\/fmp-components.com\/wp-content\/uploads\/2025\/01\/spindle-motor-used-for-lathe-jszd220-3.webp 856w, https:\/\/fmp-components.com\/wp-content\/uploads\/2025\/01\/spindle-motor-used-for-lathe-jszd220-3-480x108.webp 480w\" sizes=\"(min-width: 0px) and (max-width: 480px) 480px, (min-width: 481px) 856px, 100vw\" \/><\/p>\n<h3>Torna Tezgahlar\u0131nda Kullan\u0131lan Mil \u00d6zellikleri<\/h3>\n<ol>\n<li><strong>Y\u00fcksek Tork ve G\u00fc\u00e7 Aktar\u0131m\u0131<\/strong><br \/>\nTorna tezgahlar\u0131nda kullan\u0131lan miller, y\u00fcksek tork sa\u011flayacak \u015fekilde tasarlanm\u0131\u015ft\u0131r ve a\u011f\u0131r kesme y\u00fckleri alt\u0131nda bile verimli malzeme kald\u0131rma olana\u011f\u0131 sa\u011flar. Bu sayede, performanstan \u00f6d\u00fcn vermeden sorunsuz \u00e7al\u0131\u015fma ve zorlu malzemelerin i\u015flenmesi sa\u011flan\u0131r.<\/li>\n<li><strong>De\u011fi\u015fken H\u0131z Kontrol\u00fc<\/strong><br \/>\nTorna tezgah\u0131 milleri genellikle de\u011fi\u015fken h\u0131z \u00f6zelliklerine sahiptir ve operat\u00f6rlerin mil h\u0131z\u0131n\u0131 farkl\u0131 i\u015fleme g\u00f6revlerine uyacak \u015fekilde ayarlamas\u0131na olanak tan\u0131r. Bu esneklik, metallerden plasti\u011fe kadar \u00e7e\u015fitli malzemelerin i\u015flenmesi i\u00e7in \u00e7ok \u00f6nemlidir ve hassas \u00e7al\u0131\u015fma i\u00e7in optimum kesme ko\u015fullar\u0131 sa\u011flar.<\/li>\n<li><strong>Hassasiyet ve Kararl\u0131l\u0131k<\/strong><br \/>\nTorna milleri, i\u015f par\u00e7as\u0131n\u0131n ekseni boyunca hassas bir \u015fekilde d\u00f6nmesini sa\u011flayarak y\u00fcksek hassasiyet ve minimum sapma sa\u011flayacak \u015fekilde tasarlanm\u0131\u015ft\u0131r. Bu hassasiyet, \u00f6zellikle havac\u0131l\u0131k veya otomotiv \u00fcretimi gibi \u00fcst d\u00fczey uygulamalarda, dar toleransl\u0131 par\u00e7alar \u00fcretmek ve ince y\u00fczey kalitesi elde etmek i\u00e7in kritik \u00f6neme sahiptir.<\/li>\n<li><strong>Dayan\u0131kl\u0131l\u0131k ve Is\u0131 Direnci<\/strong><br \/>\nTorna tezgah\u0131 i\u015flemlerinin zorlu yap\u0131s\u0131 g\u00f6z \u00f6n\u00fcne al\u0131nd\u0131\u011f\u0131nda, miller y\u00fcksek h\u0131zlarda ve de\u011fi\u015fken y\u00fcklerde uzun s\u00fcreli kullan\u0131ma dayanacak \u015fekilde \u00fcretilmi\u015ftir. Bir\u00e7ok torna mili, \u0131s\u0131y\u0131 da\u011f\u0131tmak ve uzun s\u00fcreler boyunca istikrarl\u0131 performans sa\u011flamak i\u00e7in hava veya s\u0131v\u0131 so\u011futma gibi geli\u015fmi\u015f so\u011futma sistemleriyle birlikte gelir.<\/li>\n<li><strong>D\u00fc\u015f\u00fck Titre\u015fim ve G\u00fcr\u00fclt\u00fc<\/strong><br \/>\nY\u00fcksek kaliteli torna mili, par\u00e7a hassasiyetini korumak ve daha sessiz bir \u00e7al\u0131\u015fma ortam\u0131 yaratmak i\u00e7in kritik \u00f6neme sahip olan titre\u015fim ve g\u00fcr\u00fclt\u00fcy\u00fc en aza indirecek \u015fekilde tasarlanm\u0131\u015ft\u0131r. D\u00fc\u015f\u00fck titre\u015fim seviyeleri ayr\u0131ca daha iyi tak\u0131m \u00f6mr\u00fcne ve i\u015f par\u00e7as\u0131 kalitesine de katk\u0131da bulunur.<\/li>\n<\/ol>\n<p>Genel olarak torna milleri g\u00fcvenilirlik, hassasiyet ve \u00e7ok y\u00f6nl\u00fcl\u00fck i\u00e7in tasarlanm\u0131\u015ft\u0131r ve bu da onlar\u0131 \u00e7ok \u00e7e\u015fitli uygulamalarda torna makinelerinin y\u00fcksek performans ve verimlili\u011fini sa\u011flamada \u00f6nemli bir bile\u015fen haline getirir.<\/p>\n<h2>\u00c7\u0131k\u0131\u015f i\u00e7in iki yol vard\u0131r; biri sabit tork, di\u011feri ise a\u015fa\u011f\u0131daki gibi sabit g\u00fc\u00e7t\u00fcr:<\/h2>\n<p><img loading=\"lazy\" decoding=\"async\" class=\"alignnone size-full wp-image-3573\" src=\"https:\/\/fmp-components.com\/wp-content\/uploads\/2025\/01\/spindle-motor-1.webp\" alt=\"mil-motoru-1\" width=\"973\" height=\"551\" title=\"\" srcset=\"https:\/\/fmp-components.com\/wp-content\/uploads\/2025\/01\/spindle-motor-1.webp 973w, https:\/\/fmp-components.com\/wp-content\/uploads\/2025\/01\/spindle-motor-1-480x272.webp 480w\" sizes=\"(min-width: 0px) and (max-width: 480px) 480px, (min-width: 481px) 973px, 100vw\" \/><\/p>\n<h2>Motor Milinin Adland\u0131rma A\u00e7\u0131klamas\u0131<\/h2>\n<p><img loading=\"lazy\" decoding=\"async\" class=\"alignnone size-full wp-image-3574\" src=\"https:\/\/fmp-components.com\/wp-content\/uploads\/2025\/01\/spindle-motor-2.webp\" alt=\"mil-motoru-2\" width=\"666\" height=\"351\" title=\"\" srcset=\"https:\/\/fmp-components.com\/wp-content\/uploads\/2025\/01\/spindle-motor-2.webp 666w, https:\/\/fmp-components.com\/wp-content\/uploads\/2025\/01\/spindle-motor-2-480x253.webp 480w\" sizes=\"(min-width: 0px) and (max-width: 480px) 480px, (min-width: 481px) 666px, 100vw\" \/><\/p>\n<h2>Mil Ba\u011flant\u0131s\u0131n\u0131n Sonu<\/h2>\n<p>Farkl\u0131 model millerine ba\u011fl\u0131 olarak bir\u00e7ok farkl\u0131 ba\u011flant\u0131 tipi vard\u0131r, l\u00fctfen a\u015fa\u011f\u0131daki tabloya bak\u0131n.<\/p>\n<p><img loading=\"lazy\" decoding=\"async\" class=\"alignnone wp-image-3575\" src=\"https:\/\/fmp-components.com\/wp-content\/uploads\/2025\/01\/spindle-motor-3.webp\" alt=\"i\u011f-motoru-\" width=\"885\" height=\"231\" title=\"\" srcset=\"https:\/\/fmp-components.com\/wp-content\/uploads\/2025\/01\/spindle-motor-3.webp 885w, https:\/\/fmp-components.com\/wp-content\/uploads\/2025\/01\/spindle-motor-3-480x125.webp 480w\" sizes=\"(min-width: 0px) and (max-width: 480px) 480px, (min-width: 481px) 885px, 100vw\" \/><\/p>\n<h2>Mil Talimat\u0131<\/h2>\n<div><span id=\"spin1\">1<\/span>Frekans d\u00f6n\u00fc\u015ft\u00fcr\u00fcc\u00fc\u00a0<span id=\"spin2\">zorunda<\/span>\u00a0e\u015fle\u015ftir\u00a0<span id=\"spin3\">elektrik<\/span>\u00a0i\u011f \u00fcnitesi.\u00a0<span id=\"spin4\">temel<\/span>\u00a0s\u0131kl\u0131k\u00a0<span id=\"spin5\">veya hatta<\/span>\u00a0nominal frekans\u00a0<span id=\"spin6\">birlikte<\/span>\u00a0Gerilim\u00a0<span id=\"spin7\">zorunda kalacak<\/span>\u00a0teknik parametreleri kar\u015f\u0131lay\u0131n\u00a0<span id=\"spin8\">-n\u0131n<\/span>\u00a0<span id=\"spin9\">elektrik<\/span>\u00a0i\u011f.<br \/>\n<span id=\"spin10\">2<\/span>.\u00a0<span id=\"spin11\">Elektrik<\/span>\u00a0i\u011f\u00a0<span id=\"spin12\">genellikle<\/span>\u00a0dola\u015fan su ile so\u011futulur. So\u011futma suyu\u00a0<span id=\"spin13\">olmas\u0131 gerekiyor<\/span>\u00a0paslanmaz ve filtrelenmi\u015f temiz.\u00a0<span id=\"spin14\">edinme<\/span>\u00a0su, giri\u015f\u00a0<span id=\"spin15\">olmal\u0131d\u0131r<\/span>\u00a0<span id=\"spin16\">alt\u0131nda<\/span>\u00a0o\u00a0<span id=\"spin17\">elektrik<\/span>\u00a0i\u011f.<br \/>\n<span id=\"spin18\">\u00fc\u00e7<\/span>. Ne \u200b\u200bzaman\u00a0<span id=\"spin19\">ile \u00e7al\u0131\u015fmak<\/span>\u00a0ya\u011f buhar\u0131yla ya\u011flanan bir mil,\u00a0<span id=\"spin20\">stres<\/span>\u00a0d\u00fczenleme vanas\u0131\u00a0<span id=\"spin21\">\u00fczerinde<\/span>\u00a0ya\u011f sisi\u00a0<span id=\"spin22\">alet<\/span>\u00a0<span id=\"spin23\">olmal\u0131<\/span>\u00a00,25~0,3 MPA'ya ayarlanm\u0131\u015f sis\u00a0<span id=\"spin25\">bas\u0131n\u00e7<\/span>\u00a0<span id=\"spin26\">olmal\u0131<\/span>\u00a00,1~0,2 MPA\u00a0<span id=\"spin28\">ve<\/span>\u00a0<span id=\"spin29\">\u00e7e\u015fitli<\/span>\u00a0ya\u011f damlalar\u0131\u00a0<span id=\"spin30\">olmal\u0131d\u0131r<\/span>\u00a060-70 damla\/dk.\u00a0<span id=\"spin31\">ve ayr\u0131ca<\/span>\u00a0ya\u011flama ya\u011f\u0131\u00a0<span id=\"spin32\">olmas\u0131 gerekir<\/span>\u00a0\u00e7an ya\u011f\u0131 veya t\u00fcrbin ya\u011f\u0131 No.\u00a0<span id=\"spin33\">20<\/span>.<br \/>\n<span id=\"spin34\">d\u00f6rt<\/span>.\u00a0<span id=\"spin35\">h\u0131z<\/span>\u00a0<span id=\"spin36\">etraf\u0131nda<\/span>\u00a0motorlu mil\u00a0<span id=\"spin37\">rehber<\/span>\u00a0<span id=\"spin38\">kesinlikle<\/span>\u00a0en y\u00fcksek\u00a0<span id=\"spin39\">h\u0131z<\/span>, Ve\u00a0<span id=\"spin40\">bu olabilir<\/span>\u00a0olmamak\u00a0<span id=\"spin41\">y\u00fckseltilmi\u015f<\/span>,\u00a0<span id=\"spin42\">yine de, o<\/span>\u00a0<span id=\"spin43\">Belki<\/span>\u00a0<span id=\"spin44\">istihdam edilmi\u015f<\/span>\u00a0<span id=\"spin45\">azaltmak<\/span><br \/>\no\u00a0<span id=\"spin46\">ad\u0131mlamak,<\/span>\u00a0voltaj ve frekans\u00a0<span id=\"spin47\">azalt\u0131lm\u0131\u015f<\/span>\u00a0<span id=\"spin48\">bir kez<\/span>\u00a0<span id=\"spin49\">h\u0131z<\/span>\u00a0d\u00fc\u015f\u00fcr\u00fcl\u00fcr.<br \/>\n<span id=\"spin50\">5<\/span>Rotasyon\u00a0<span id=\"spin51\">kurs<\/span>\u00a0<span id=\"spin52\">ile<\/span>\u00a0motorlu mil\u00a0<span id=\"spin53\">genellikle<\/span>\u00a0saat y\u00f6n\u00fcn\u00fcn tersine (g\u00f6r\u00fcnt\u00fclendi\u00a0<span id=\"spin54\">i\u00e7inde<\/span>\u00a0(\u015faft hari\u00e7)\u00a0<span id=\"spin55\">\u00f6zel<\/span><br \/>\n<span id=\"spin56\">talepler<\/span>.<br \/>\n<span id=\"spin57\">6<\/span>Ya\u011f buhar\u0131yla ya\u011flanan motorlu mil\u00a0<span id=\"spin58\">olmas\u0131 gerekiyor<\/span>\u00a0<span id=\"spin59\">ba\u011flant\u0131l\u0131<\/span>\u00a0su ve\u00a0<span id=\"spin60\">benzin<\/span>\u00a0<span id=\"spin61\">\u00f6nce<\/span>\u00a0<span id=\"spin62\">m\u00fcmk\u00fcn olabilir<\/span>\u00a0<span id=\"spin63\">ba\u015flamak<\/span>\u00a0Ve\u00a0<span id=\"spin64\">durdurmak<\/span>\u00a0su ve\u00a0<span id=\"spin65\">yak\u0131t\u00a0<\/span><span id=\"spin66\">tedarik<\/span>\u00a0<span id=\"spin67\">sonras\u0131nda<\/span>\u00a0kapat.<br \/>\nA\u00e7\u0131klama:\u00a0<span id=\"spin68\">e\u015fsiz<\/span>\u00a0operasyon\u00a0<span id=\"spin69\">gereklidir<\/span>\u00a0<span id=\"spin70\">binaen<\/span>\u00a0<span id=\"spin71\">-e<\/span>\u00a0<span id=\"spin72\">elektrik<\/span>\u00a0i\u011f\u00a0<span id=\"spin73\">y\u00f6nergeler<\/span>.<\/div>\n<div>\n<div class=\"flex max-w-full flex-col flex-grow\">\n<div class=\"min-h-8 text-message flex w-full flex-col items-end gap-2 whitespace-normal break-words text-start [.text-message+&amp;]:mt-5\" dir=\"auto\" data-message-author-role=\"assistant\" data-message-id=\"fbdee532-4424-41b2-a093-d85f55f880e4\" data-message-model-slug=\"gpt-4o-mini\">\n<div class=\"flex w-full flex-col gap-1 empty:hidden first:pt-[3px]\">\n<div class=\"markdown prose w-full break-words dark:prose-invert light\">\n<h2>FMP Hakk\u0131nda<\/h2>\n<p>FMP, spiral konik sonsuz di\u015fli red\u00fckt\u00f6rleri, zincir di\u015flileri, konik bur\u00e7lar, di\u015fli kremayerleri, kaplinler ve di\u011fer \u015fanz\u0131man par\u00e7alar\u0131 dahil olmak \u00fczere mekanik bile\u015fenler konusunda uzmanla\u015fm\u0131\u015f lider bir \u00fcreticidir. G\u00fc\u00e7l\u00fc bir ihracat oda\u011f\u0131yla, 65%'den fazla \u00fcr\u00fcn\u00fcm\u00fcz Almanya, \u0130ngiltere ve Fransa gibi Avrupa pazarlar\u0131na sevk edilmekte ve y\u0131ll\u0131k $18 milyon RMB ihracat de\u011feri elde edilmektedir. Toplam y\u0131ll\u0131k \u00fcretim de\u011ferimiz 200 milyon RMB'ye ula\u015fmaktad\u0131r.<\/p>\n<p>T\u00fcm FMP \u00fcr\u00fcnleri uluslararas\u0131, Avrupa ve ABD end\u00fcstri standartlar\u0131na uygun olarak tasarlan\u0131p \u00fcretilmektedir. Geli\u015fmi\u015f hassas i\u015fleme ekipmanlar\u0131 kullan\u0131yor, optimize edilmi\u015f \u00fcretim s\u00fcre\u00e7lerini takip ediyor ve esnek, verimli bir y\u00f6netim sistemi s\u00fcrd\u00fcr\u00fcyoruz. G\u00fc\u00e7l\u00fc kalite y\u00f6netim sistemimiz, fiyatlar\u0131m\u0131z\u0131 rekabet\u00e7i tutarken y\u00fcksek \u00fcr\u00fcn standartlar\u0131n\u0131 garanti eder.<\/p>\n<p>FMP olarak, \u201cKalite: i\u015f s\u00fcrd\u00fcr\u00fclebilirli\u011finin temel ta\u015f\u0131; D\u00fcr\u00fcstl\u00fck: i\u015f b\u00fcy\u00fcmesinin itici g\u00fcc\u00fc; Hizmet: kalk\u0131nman\u0131n temeli; Uygun Fiyat: ba\u015far\u0131n\u0131n anahtar\u0131\u201d temel de\u011ferlerini benimsiyoruz. Hem yurt i\u00e7i hem de yurt d\u0131\u015f\u0131 m\u00fc\u015fterilerimizle i\u015fbirli\u011fini memnuniyetle kar\u015f\u0131l\u0131yor ve kar\u015f\u0131l\u0131kl\u0131 b\u00fcy\u00fcme ve ba\u015far\u0131y\u0131 te\u015fvik etmeye kararl\u0131y\u0131z.<\/p>\n<\/div>\n<\/div>\n<\/div>\n<\/div>\n<p><img loading=\"lazy\" decoding=\"async\" class=\"alignnone wp-image-3563\" src=\"https:\/\/fmp-components.com\/wp-content\/uploads\/2025\/01\/company-2.webp\" alt=\"\u015firket\" width=\"873\" height=\"790\" title=\"\" srcset=\"https:\/\/fmp-components.com\/wp-content\/uploads\/2025\/01\/company-2.webp 873w, https:\/\/fmp-components.com\/wp-content\/uploads\/2025\/01\/company-2-480x435.webp 480w\" sizes=\"(min-width: 0px) and (max-width: 480px) 480px, (min-width: 481px) 873px, 100vw\" \/> <img loading=\"lazy\" decoding=\"async\" class=\"alignnone wp-image-3564\" src=\"https:\/\/fmp-components.com\/wp-content\/uploads\/2025\/01\/company-3.webp\" alt=\"\u015firket\" width=\"873\" height=\"776\" title=\"\" srcset=\"https:\/\/fmp-components.com\/wp-content\/uploads\/2025\/01\/company-3.webp 873w, https:\/\/fmp-components.com\/wp-content\/uploads\/2025\/01\/company-3-480x427.webp 480w\" sizes=\"(min-width: 0px) and (max-width: 480px) 480px, (min-width: 481px) 873px, 100vw\" \/> <img loading=\"lazy\" decoding=\"async\" class=\"alignnone wp-image-3565\" src=\"https:\/\/fmp-components.com\/wp-content\/uploads\/2025\/01\/company-1.webp\" alt=\"\u015firket\" width=\"877\" height=\"225\" title=\"\" srcset=\"https:\/\/fmp-components.com\/wp-content\/uploads\/2025\/01\/company-1.webp 877w, https:\/\/fmp-components.com\/wp-content\/uploads\/2025\/01\/company-1-480x123.webp 480w\" sizes=\"(min-width: 0px) and (max-width: 480px) 480px, (min-width: 481px) 877px, 100vw\" \/><\/p>\n<p>Yazar: CX<\/p>\n<\/div>","protected":false},"excerpt":{"rendered":"<p>Spindle Motor Used for Lathe JSZD150H Spindle motors have many advantages over other types of motors, including small size, high reliability, and low power consumption. They can also run for thousands of hours without trouble and are very quiet. This allows them to be installed in smaller spaces, and the tracks take up less space. [&hellip;]<\/p>","protected":false},"featured_media":3588,"comment_status":"open","ping_status":"closed","template":"","meta":{"_et_pb_use_builder":"","_et_pb_old_content":"","_et_gb_content_width":""},"product_brand":[],"product_cat":[89],"product_tag":[],"class_list":{"0":"post-3584","1":"product","2":"type-product","3":"status-publish","4":"has-post-thumbnail","6":"product_cat-spindle-motor","8":"first","9":"instock","10":"shipping-taxable","11":"product-type-simple"},"_links":{"self":[{"href":"https:\/\/fmp-components.com\/tr\/wp-json\/wp\/v2\/product\/3584","targetHints":{"allow":["GET"]}}],"collection":[{"href":"https:\/\/fmp-components.com\/tr\/wp-json\/wp\/v2\/product"}],"about":[{"href":"https:\/\/fmp-components.com\/tr\/wp-json\/wp\/v2\/types\/product"}],"replies":[{"embeddable":true,"href":"https:\/\/fmp-components.com\/tr\/wp-json\/wp\/v2\/comments?post=3584"}],"wp:featuredmedia":[{"embeddable":true,"href":"https:\/\/fmp-components.com\/tr\/wp-json\/wp\/v2\/media\/3588"}],"wp:attachment":[{"href":"https:\/\/fmp-components.com\/tr\/wp-json\/wp\/v2\/media?parent=3584"}],"wp:term":[{"taxonomy":"product_brand","embeddable":true,"href":"https:\/\/fmp-components.com\/tr\/wp-json\/wp\/v2\/product_brand?post=3584"},{"taxonomy":"product_cat","embeddable":true,"href":"https:\/\/fmp-components.com\/tr\/wp-json\/wp\/v2\/product_cat?post=3584"},{"taxonomy":"product_tag","embeddable":true,"href":"https:\/\/fmp-components.com\/tr\/wp-json\/wp\/v2\/product_tag?post=3584"}],"curies":[{"name":"wp","href":"https:\/\/api.w.org\/{rel}","templated":true}]}}