{"id":3578,"date":"2025-01-08T06:53:08","date_gmt":"2025-01-08T06:53:08","guid":{"rendered":"https:\/\/fmp-components.com\/?page_id=8"},"modified":"2025-01-08T08:48:39","modified_gmt":"2025-01-08T08:48:39","slug":"spindle-motor-used-for-lathe-jszd150t-jszd110j","status":"publish","type":"product","link":"https:\/\/fmp-components.com\/tr\/product\/spindle-motor-used-for-lathe-jszd150t-jszd110j\/","title":{"rendered":"Torna Tezgah\u0131 JSZD150T JSZD110J i\u00e7in Kullan\u0131lan Mil Motoru"},"content":{"rendered":"<p><img loading=\"lazy\" decoding=\"async\" class=\"alignnone size-full wp-image-3580\" src=\"https:\/\/fmp-components.com\/wp-content\/uploads\/2025\/01\/spindle-motor-used-for-lathe-jszd150t-3.webp\" alt=\"torna tezgah\u0131nda kullan\u0131lan mil motoru jszd150t-3\" width=\"851\" height=\"105\" title=\"\" srcset=\"https:\/\/fmp-components.com\/wp-content\/uploads\/2025\/01\/spindle-motor-used-for-lathe-jszd150t-3.webp 851w, https:\/\/fmp-components.com\/wp-content\/uploads\/2025\/01\/spindle-motor-used-for-lathe-jszd150t-3-480x59.webp 480w\" sizes=\"(min-width: 0px) and (max-width: 480px) 480px, (min-width: 481px) 851px, 100vw\" \/> <img loading=\"lazy\" decoding=\"async\" class=\"alignnone size-full wp-image-3581\" src=\"https:\/\/fmp-components.com\/wp-content\/uploads\/2025\/01\/spindle-motor-used-for-lathe-jszd110j-2.webp\" alt=\"torna tezgah\u0131nda kullan\u0131lan mil motoru jszd110j-2\" width=\"849\" height=\"102\" title=\"\" srcset=\"https:\/\/fmp-components.com\/wp-content\/uploads\/2025\/01\/spindle-motor-used-for-lathe-jszd110j-2.webp 849w, https:\/\/fmp-components.com\/wp-content\/uploads\/2025\/01\/spindle-motor-used-for-lathe-jszd110j-2-480x58.webp 480w\" sizes=\"(min-width: 0px) and (max-width: 480px) 480px, (min-width: 481px) 849px, 100vw\" \/> <img loading=\"lazy\" decoding=\"async\" class=\"alignnone size-full wp-image-3582\" src=\"https:\/\/fmp-components.com\/wp-content\/uploads\/2025\/01\/spindle-motor-used-for-lathe-jszd150t-2.webp\" alt=\"torna tezgah\u0131nda kullan\u0131lan mil motoru jszd150t-2\" width=\"850\" height=\"327\" title=\"\" srcset=\"https:\/\/fmp-components.com\/wp-content\/uploads\/2025\/01\/spindle-motor-used-for-lathe-jszd150t-2.webp 850w, https:\/\/fmp-components.com\/wp-content\/uploads\/2025\/01\/spindle-motor-used-for-lathe-jszd150t-2-480x185.webp 480w\" sizes=\"(min-width: 0px) and (max-width: 480px) 480px, (min-width: 481px) 850px, 100vw\" \/> <img loading=\"lazy\" decoding=\"async\" class=\"alignnone size-full wp-image-3583\" src=\"https:\/\/fmp-components.com\/wp-content\/uploads\/2025\/01\/spindle-motor-used-for-lathe-jszd110j-1.webp\" alt=\"torna tezgah\u0131nda kullan\u0131lan mil motoru jszd110j-1\" width=\"831\" height=\"278\" title=\"\" srcset=\"https:\/\/fmp-components.com\/wp-content\/uploads\/2025\/01\/spindle-motor-used-for-lathe-jszd110j-1.webp 831w, https:\/\/fmp-components.com\/wp-content\/uploads\/2025\/01\/spindle-motor-used-for-lathe-jszd110j-1-480x161.webp 480w\" sizes=\"(min-width: 0px) and (max-width: 480px) 480px, (min-width: 481px) 831px, 100vw\" \/><\/p>\n<h3>Mil Motoru Uygulamalar\u0131<\/h3>\n<p>Mil motorlar\u0131, \u00e7e\u015fitli hassas i\u015fleme ve \u00fcretim s\u00fcre\u00e7lerinde vazge\u00e7ilmezdir; tak\u0131mlar\u0131n d\u00f6n\u00fc\u015f\u00fcn\u00fc sa\u011flar ve y\u00fcksek performansl\u0131 kesme, ta\u015flama ve frezeleme i\u015flemlerine olanak tan\u0131r. Genellikle CNC makinelerinde kullan\u0131lan bu motorlar, y\u00fcksek tork ve h\u0131z kontrol\u00fc sunarak dar toleranslar ve karma\u015f\u0131k geometriler gerektiren uygulamalar i\u00e7in idealdir. Tutarl\u0131 g\u00fc\u00e7 \u00e7\u0131k\u0131\u015f\u0131 sa\u011flama kabiliyetleri, optimum kesme performans\u0131 ve y\u00fczey kalitesi sa\u011flar.<\/p>\n<p>Otomotiv ve havac\u0131l\u0131k end\u00fcstrilerinde, mil motorlar\u0131 motor par\u00e7alar\u0131, t\u00fcrbin kanatlar\u0131 ve di\u011fer kritik bile\u015fenler gibi y\u00fcksek hassasiyetli imalatlarda kullan\u0131l\u0131r. \u00c7ok y\u00f6nl\u00fcl\u00fckleri, metallerden kompozitlere kadar \u00e7ok \u00e7e\u015fitli malzemeleri i\u015flemelerine olanak tan\u0131rken, bu sekt\u00f6rlerde gerekli olan y\u00fcksek kalite standartlar\u0131n\u0131 da korurlar.<\/p>\n<p>Ayr\u0131ca, mil motorlar\u0131 a\u011fa\u00e7 i\u015fleme, t\u0131p ve elektronik end\u00fcstrilerinde yayg\u0131n olarak kullan\u0131lmaktad\u0131r. \u00d6rne\u011fin, g\u00fcvenilirlik, hassasiyet ve tutarl\u0131 performans\u0131n \u00f6n planda oldu\u011fu PCB delme, lazer grav\u00fcr ve t\u0131bbi cihaz \u00fcretiminin ayr\u0131lmaz bir par\u00e7as\u0131d\u0131rlar. Mil motorlar\u0131n\u0131n uyarlanabilirli\u011fi, onlar\u0131 farkl\u0131 sekt\u00f6rlerdeki \u00e7ok say\u0131da \u00f6zel uygulamada vazge\u00e7ilmez k\u0131lmaktad\u0131r.<\/p>\n<h3>Torna Tezgah\u0131nda Kullan\u0131lan Mil Motoru<\/h3>\n<p>Mil motorlar\u0131, torna tezgahlar\u0131nda tornalama i\u015flemleri i\u00e7in gereken d\u00f6nme g\u00fcc\u00fcn\u00fc sa\u011flayan kritik bile\u015fenlerdir. Bir torna tezgah\u0131nda, mil motoru i\u015f par\u00e7as\u0131n\u0131n d\u00f6n\u00fc\u015f\u00fcn\u00fc sa\u011flarken, tak\u0131mlar kesme, delme ve di\u015f a\u00e7ma gibi \u00e7e\u015fitli i\u015flemleri ger\u00e7ekle\u015ftirir. Bu motorlar, \u00f6zellikle y\u00fcksek h\u0131zl\u0131 i\u015fleme veya a\u011f\u0131r hizmet tipi kesme gibi y\u00fcksek talep gerektiren g\u00f6revlerde, torna tezgah\u0131n\u0131n hassasiyetini korurken sorunsuz \u00e7al\u0131\u015fmas\u0131n\u0131 sa\u011flayarak tutarl\u0131 tork ve h\u0131z sa\u011flamak \u00fczere tasarlanm\u0131\u015ft\u0131r.<\/p>\n<p>Torna tezgah\u0131 mil motorlar\u0131, genellikle de\u011fi\u015fken h\u0131z ayarlamalar\u0131n\u0131 da yapabilen y\u00fcksek torklu, d\u00fc\u015f\u00fck h\u0131zl\u0131 motorlard\u0131r ve operat\u00f6r\u00fcn motor performans\u0131n\u0131 belirli malzemeye ve kesme i\u015flemine uyacak \u015fekilde hassas bir \u015fekilde ayarlamas\u0131na olanak tan\u0131r. Bu esneklik, farkl\u0131 kesme \u00f6zelliklerine sahip \u00e7e\u015fitli metal, plastik ve kompozitlerin i\u015flenmesi i\u00e7in hayati \u00f6nem ta\u015f\u0131r. Mil motorlar\u0131, yumu\u015fak h\u0131zlanma ve yava\u015flama sa\u011flayarak titre\u015fimi en aza indirmeye ve i\u015f par\u00e7as\u0131n\u0131n boyutsal do\u011frulu\u011funu korumaya yard\u0131mc\u0131 olur.<\/p>\n<p>S\u0131v\u0131 veya hava so\u011futma gibi geli\u015fmi\u015f so\u011futma mekanizmalar\u0131 sayesinde torna tezgah\u0131 mil motorlar\u0131, a\u015f\u0131r\u0131 \u0131s\u0131nmadan daha y\u00fcksek g\u00fc\u00e7 seviyelerinde \u00e7al\u0131\u015fabilir ve dayan\u0131kl\u0131l\u0131k ve uzun hizmet \u00f6mr\u00fc sa\u011flar. Hassasiyetleri ve g\u00fcvenilirlikleri, otomotiv, havac\u0131l\u0131k ve imalat gibi s\u00fcrekli olarak y\u00fcksek kaliteli ve hassas par\u00e7alar\u0131n \u00fcretildi\u011fi sekt\u00f6rler i\u00e7in onlar\u0131 vazge\u00e7ilmez k\u0131lar.<\/p>\n<h2>\u00c7\u0131k\u0131\u015f i\u00e7in iki yol vard\u0131r; biri sabit tork, di\u011feri ise a\u015fa\u011f\u0131daki gibi sabit g\u00fc\u00e7t\u00fcr:<\/h2>\n<p><img loading=\"lazy\" decoding=\"async\" class=\"alignnone size-full wp-image-3573\" src=\"https:\/\/fmp-components.com\/wp-content\/uploads\/2025\/01\/spindle-motor-1.webp\" alt=\"mil-motoru-1\" width=\"973\" height=\"551\" title=\"\" srcset=\"https:\/\/fmp-components.com\/wp-content\/uploads\/2025\/01\/spindle-motor-1.webp 973w, https:\/\/fmp-components.com\/wp-content\/uploads\/2025\/01\/spindle-motor-1-480x272.webp 480w\" sizes=\"(min-width: 0px) and (max-width: 480px) 480px, (min-width: 481px) 973px, 100vw\" \/><\/p>\n<h2>Motor Milinin Adland\u0131rma A\u00e7\u0131klamas\u0131<\/h2>\n<p><img loading=\"lazy\" decoding=\"async\" class=\"alignnone size-full wp-image-3574\" src=\"https:\/\/fmp-components.com\/wp-content\/uploads\/2025\/01\/spindle-motor-2.webp\" alt=\"mil-motoru-2\" width=\"666\" height=\"351\" title=\"\" srcset=\"https:\/\/fmp-components.com\/wp-content\/uploads\/2025\/01\/spindle-motor-2.webp 666w, https:\/\/fmp-components.com\/wp-content\/uploads\/2025\/01\/spindle-motor-2-480x253.webp 480w\" sizes=\"(min-width: 0px) and (max-width: 480px) 480px, (min-width: 481px) 666px, 100vw\" \/><\/p>\n<h2>Mil Ba\u011flant\u0131s\u0131n\u0131n Sonu<\/h2>\n<p>Farkl\u0131 model millerine ba\u011fl\u0131 olarak bir\u00e7ok farkl\u0131 ba\u011flant\u0131 tipi vard\u0131r, l\u00fctfen a\u015fa\u011f\u0131daki tabloya bak\u0131n.<\/p>\n<p><img loading=\"lazy\" decoding=\"async\" class=\"alignnone wp-image-3575\" src=\"https:\/\/fmp-components.com\/wp-content\/uploads\/2025\/01\/spindle-motor-3.webp\" alt=\"i\u011f-motoru-\" width=\"885\" height=\"231\" title=\"\" srcset=\"https:\/\/fmp-components.com\/wp-content\/uploads\/2025\/01\/spindle-motor-3.webp 885w, https:\/\/fmp-components.com\/wp-content\/uploads\/2025\/01\/spindle-motor-3-480x125.webp 480w\" sizes=\"(min-width: 0px) and (max-width: 480px) 480px, (min-width: 481px) 885px, 100vw\" \/><\/p>\n<h2>Mil Talimat\u0131<\/h2>\n<div><span id=\"spin1\">1<\/span>Frekans d\u00f6n\u00fc\u015ft\u00fcr\u00fcc\u00fc\u00a0<span id=\"spin2\">zorunda<\/span>\u00a0e\u015fle\u015ftir\u00a0<span id=\"spin3\">elektrik<\/span>\u00a0i\u011f \u00fcnitesi.\u00a0<span id=\"spin4\">temel<\/span>\u00a0s\u0131kl\u0131k\u00a0<span id=\"spin5\">veya hatta<\/span>\u00a0nominal frekans\u00a0<span id=\"spin6\">birlikte<\/span>\u00a0Gerilim\u00a0<span id=\"spin7\">zorunda kalacak<\/span>\u00a0teknik parametreleri kar\u015f\u0131lay\u0131n\u00a0<span id=\"spin8\">-n\u0131n<\/span>\u00a0<span id=\"spin9\">elektrik<\/span>\u00a0i\u011f.<br \/>\n<span id=\"spin10\">2<\/span>.\u00a0<span id=\"spin11\">Elektrik<\/span>\u00a0i\u011f\u00a0<span id=\"spin12\">genellikle<\/span>\u00a0dola\u015fan su ile so\u011futulur. So\u011futma suyu\u00a0<span id=\"spin13\">olmas\u0131 gerekiyor<\/span>\u00a0paslanmaz ve filtrelenmi\u015f temiz.\u00a0<span id=\"spin14\">edinme<\/span>\u00a0su, giri\u015f\u00a0<span id=\"spin15\">olmal\u0131d\u0131r<\/span>\u00a0<span id=\"spin16\">alt\u0131nda<\/span>\u00a0o\u00a0<span id=\"spin17\">elektrik<\/span>\u00a0i\u011f.<br \/>\n<span id=\"spin18\">\u00fc\u00e7<\/span>. Ne \u200b\u200bzaman\u00a0<span id=\"spin19\">ile \u00e7al\u0131\u015fmak<\/span>\u00a0ya\u011f buhar\u0131yla ya\u011flanan bir mil,\u00a0<span id=\"spin20\">stres<\/span>\u00a0d\u00fczenleme vanas\u0131\u00a0<span id=\"spin21\">\u00fczerinde<\/span>\u00a0ya\u011f sisi\u00a0<span id=\"spin22\">alet<\/span>\u00a0<span id=\"spin23\">olmal\u0131<\/span>\u00a00,25~0,3 MPA'ya ayarlanm\u0131\u015f sis\u00a0<span id=\"spin25\">bas\u0131n\u00e7<\/span>\u00a0<span id=\"spin26\">olmal\u0131<\/span>\u00a00,1~0,2 MPA\u00a0<span id=\"spin28\">ve<\/span>\u00a0<span id=\"spin29\">\u00e7e\u015fitli<\/span>\u00a0ya\u011f damlalar\u0131\u00a0<span id=\"spin30\">olmal\u0131d\u0131r<\/span>\u00a060-70 damla\/dk.\u00a0<span id=\"spin31\">ve ayr\u0131ca<\/span>\u00a0ya\u011flama ya\u011f\u0131\u00a0<span id=\"spin32\">olmas\u0131 gerekir<\/span>\u00a0\u00e7an ya\u011f\u0131 veya t\u00fcrbin ya\u011f\u0131 No.\u00a0<span id=\"spin33\">20<\/span>.<br \/>\n<span id=\"spin34\">d\u00f6rt<\/span>.\u00a0<span id=\"spin35\">h\u0131z<\/span>\u00a0<span id=\"spin36\">etraf\u0131nda<\/span>\u00a0motorlu mil\u00a0<span id=\"spin37\">rehber<\/span>\u00a0<span id=\"spin38\">kesinlikle<\/span>\u00a0en y\u00fcksek\u00a0<span id=\"spin39\">h\u0131z<\/span>, Ve\u00a0<span id=\"spin40\">bu olabilir<\/span>\u00a0olmamak\u00a0<span id=\"spin41\">y\u00fckseltilmi\u015f<\/span>,\u00a0<span id=\"spin42\">yine de, o<\/span>\u00a0<span id=\"spin43\">Belki<\/span>\u00a0<span id=\"spin44\">istihdam edilmi\u015f<\/span>\u00a0<span id=\"spin45\">azaltmak<\/span><br \/>\no\u00a0<span id=\"spin46\">ad\u0131mlamak,<\/span>\u00a0voltaj ve frekans\u00a0<span id=\"spin47\">azalt\u0131lm\u0131\u015f<\/span>\u00a0<span id=\"spin48\">bir kez<\/span>\u00a0<span id=\"spin49\">h\u0131z<\/span>\u00a0d\u00fc\u015f\u00fcr\u00fcl\u00fcr.<br \/>\n<span id=\"spin50\">5<\/span>Rotasyon\u00a0<span id=\"spin51\">kurs<\/span>\u00a0<span id=\"spin52\">ile<\/span>\u00a0motorlu mil\u00a0<span id=\"spin53\">genellikle<\/span>\u00a0saat y\u00f6n\u00fcn\u00fcn tersine (g\u00f6r\u00fcnt\u00fclendi\u00a0<span id=\"spin54\">i\u00e7inde<\/span>\u00a0(\u015faft hari\u00e7)\u00a0<span id=\"spin55\">\u00f6zel<\/span><br \/>\n<span id=\"spin56\">talepler<\/span>.<br \/>\n<span id=\"spin57\">6<\/span>Ya\u011f buhar\u0131yla ya\u011flanan motorlu mil\u00a0<span id=\"spin58\">olmas\u0131 gerekiyor<\/span>\u00a0<span id=\"spin59\">ba\u011flant\u0131l\u0131<\/span>\u00a0su ve\u00a0<span id=\"spin60\">benzin<\/span>\u00a0<span id=\"spin61\">\u00f6nce<\/span>\u00a0<span id=\"spin62\">m\u00fcmk\u00fcn olabilir<\/span>\u00a0<span id=\"spin63\">ba\u015flamak<\/span>\u00a0Ve\u00a0<span id=\"spin64\">durdurmak<\/span>\u00a0su ve\u00a0<span id=\"spin65\">yak\u0131t\u00a0<\/span><span id=\"spin66\">tedarik<\/span>\u00a0<span id=\"spin67\">sonras\u0131nda<\/span>\u00a0kapat.<br \/>\nA\u00e7\u0131klama:\u00a0<span id=\"spin68\">e\u015fsiz<\/span>\u00a0operasyon\u00a0<span id=\"spin69\">gereklidir<\/span>\u00a0<span id=\"spin70\">binaen<\/span>\u00a0<span id=\"spin71\">-e<\/span>\u00a0<span id=\"spin72\">elektrik<\/span>\u00a0i\u011f\u00a0<span id=\"spin73\">y\u00f6nergeler<\/span>.<\/div>\n<div>\n<div class=\"flex max-w-full flex-col flex-grow\">\n<div class=\"min-h-8 text-message flex w-full flex-col items-end gap-2 whitespace-normal break-words text-start [.text-message+&amp;]:mt-5\" dir=\"auto\" data-message-author-role=\"assistant\" data-message-id=\"fbdee532-4424-41b2-a093-d85f55f880e4\" data-message-model-slug=\"gpt-4o-mini\">\n<div class=\"flex w-full flex-col gap-1 empty:hidden first:pt-[3px]\">\n<div class=\"markdown prose w-full break-words dark:prose-invert light\">\n<h2>FMP Hakk\u0131nda<\/h2>\n<p>FMP, spiral konik sonsuz di\u015fli red\u00fckt\u00f6rleri, zincir di\u015flileri, konik bur\u00e7lar, di\u015fli kremayerleri, kaplinler ve di\u011fer \u015fanz\u0131man par\u00e7alar\u0131 dahil olmak \u00fczere mekanik bile\u015fenler konusunda uzmanla\u015fm\u0131\u015f lider bir \u00fcreticidir. G\u00fc\u00e7l\u00fc bir ihracat oda\u011f\u0131yla, 65%'den fazla \u00fcr\u00fcn\u00fcm\u00fcz Almanya, \u0130ngiltere ve Fransa gibi Avrupa pazarlar\u0131na sevk edilmekte ve y\u0131ll\u0131k $18 milyon RMB ihracat de\u011feri elde edilmektedir. Toplam y\u0131ll\u0131k \u00fcretim de\u011ferimiz 200 milyon RMB'ye ula\u015fmaktad\u0131r.<\/p>\n<p>T\u00fcm FMP \u00fcr\u00fcnleri uluslararas\u0131, Avrupa ve ABD end\u00fcstri standartlar\u0131na uygun olarak tasarlan\u0131p \u00fcretilmektedir. Geli\u015fmi\u015f hassas i\u015fleme ekipmanlar\u0131 kullan\u0131yor, optimize edilmi\u015f \u00fcretim s\u00fcre\u00e7lerini takip ediyor ve esnek, verimli bir y\u00f6netim sistemi s\u00fcrd\u00fcr\u00fcyoruz. G\u00fc\u00e7l\u00fc kalite y\u00f6netim sistemimiz, fiyatlar\u0131m\u0131z\u0131 rekabet\u00e7i tutarken y\u00fcksek \u00fcr\u00fcn standartlar\u0131n\u0131 garanti eder.<\/p>\n<p>FMP olarak, \u201cKalite: i\u015f s\u00fcrd\u00fcr\u00fclebilirli\u011finin temel ta\u015f\u0131; D\u00fcr\u00fcstl\u00fck: i\u015f b\u00fcy\u00fcmesinin itici g\u00fcc\u00fc; Hizmet: kalk\u0131nman\u0131n temeli; Uygun Fiyat: ba\u015far\u0131n\u0131n anahtar\u0131\u201d temel de\u011ferlerini benimsiyoruz. Hem yurt i\u00e7i hem de yurt d\u0131\u015f\u0131 m\u00fc\u015fterilerimizle i\u015fbirli\u011fini memnuniyetle kar\u015f\u0131l\u0131yor ve kar\u015f\u0131l\u0131kl\u0131 b\u00fcy\u00fcme ve ba\u015far\u0131y\u0131 te\u015fvik etmeye kararl\u0131y\u0131z.<\/p>\n<\/div>\n<\/div>\n<\/div>\n<\/div>\n<p><img loading=\"lazy\" decoding=\"async\" class=\"alignnone wp-image-3563\" src=\"https:\/\/fmp-components.com\/wp-content\/uploads\/2025\/01\/company-2.webp\" alt=\"\u015firket\" width=\"873\" height=\"790\" title=\"\" srcset=\"https:\/\/fmp-components.com\/wp-content\/uploads\/2025\/01\/company-2.webp 873w, https:\/\/fmp-components.com\/wp-content\/uploads\/2025\/01\/company-2-480x435.webp 480w\" sizes=\"(min-width: 0px) and (max-width: 480px) 480px, (min-width: 481px) 873px, 100vw\" \/> <img loading=\"lazy\" decoding=\"async\" class=\"alignnone wp-image-3564\" src=\"https:\/\/fmp-components.com\/wp-content\/uploads\/2025\/01\/company-3.webp\" alt=\"\u015firket\" width=\"873\" height=\"776\" title=\"\" srcset=\"https:\/\/fmp-components.com\/wp-content\/uploads\/2025\/01\/company-3.webp 873w, https:\/\/fmp-components.com\/wp-content\/uploads\/2025\/01\/company-3-480x427.webp 480w\" sizes=\"(min-width: 0px) and (max-width: 480px) 480px, (min-width: 481px) 873px, 100vw\" \/> <img loading=\"lazy\" decoding=\"async\" class=\"alignnone wp-image-3565\" src=\"https:\/\/fmp-components.com\/wp-content\/uploads\/2025\/01\/company-1.webp\" alt=\"\u015firket\" width=\"877\" height=\"225\" title=\"\" srcset=\"https:\/\/fmp-components.com\/wp-content\/uploads\/2025\/01\/company-1.webp 877w, https:\/\/fmp-components.com\/wp-content\/uploads\/2025\/01\/company-1-480x123.webp 480w\" sizes=\"(min-width: 0px) and (max-width: 480px) 480px, (min-width: 481px) 877px, 100vw\" \/><\/p>\n<p>Yazar: CX<\/p>\n<\/div>","protected":false},"excerpt":{"rendered":"<p>Spindle Motor Applications Spindle motors are essential in various precision machining and manufacturing processes, driving the rotation of tools and enabling high-performance cutting, grinding, and milling operations. Commonly used in CNC machines, they offer high torque and speed control, making them ideal for applications that require tight tolerances and complex geometries. Their ability to provide [&hellip;]<\/p>","protected":false},"featured_media":3579,"comment_status":"open","ping_status":"closed","template":"","meta":{"_et_pb_use_builder":"","_et_pb_old_content":"","_et_gb_content_width":""},"product_brand":[],"product_cat":[89],"product_tag":[],"class_list":{"0":"post-3578","1":"product","2":"type-product","3":"status-publish","4":"has-post-thumbnail","6":"product_cat-spindle-motor","8":"first","9":"instock","10":"shipping-taxable","11":"product-type-simple"},"_links":{"self":[{"href":"https:\/\/fmp-components.com\/tr\/wp-json\/wp\/v2\/product\/3578","targetHints":{"allow":["GET"]}}],"collection":[{"href":"https:\/\/fmp-components.com\/tr\/wp-json\/wp\/v2\/product"}],"about":[{"href":"https:\/\/fmp-components.com\/tr\/wp-json\/wp\/v2\/types\/product"}],"replies":[{"embeddable":true,"href":"https:\/\/fmp-components.com\/tr\/wp-json\/wp\/v2\/comments?post=3578"}],"wp:featuredmedia":[{"embeddable":true,"href":"https:\/\/fmp-components.com\/tr\/wp-json\/wp\/v2\/media\/3579"}],"wp:attachment":[{"href":"https:\/\/fmp-components.com\/tr\/wp-json\/wp\/v2\/media?parent=3578"}],"wp:term":[{"taxonomy":"product_brand","embeddable":true,"href":"https:\/\/fmp-components.com\/tr\/wp-json\/wp\/v2\/product_brand?post=3578"},{"taxonomy":"product_cat","embeddable":true,"href":"https:\/\/fmp-components.com\/tr\/wp-json\/wp\/v2\/product_cat?post=3578"},{"taxonomy":"product_tag","embeddable":true,"href":"https:\/\/fmp-components.com\/tr\/wp-json\/wp\/v2\/product_tag?post=3578"}],"curies":[{"name":"wp","href":"https:\/\/api.w.org\/{rel}","templated":true}]}}