{"id":3561,"date":"2025-01-08T06:10:35","date_gmt":"2025-01-08T06:10:35","guid":{"rendered":"https:\/\/fmp-components.com\/?page_id=8"},"modified":"2025-01-08T07:48:44","modified_gmt":"2025-01-08T07:48:44","slug":"pneumatic-unclamp-cylinder","status":"publish","type":"product","link":"https:\/\/fmp-components.com\/tr\/product\/pneumatic-unclamp-cylinder\/","title":{"rendered":"Pn\u00f6matik Kelep\u00e7e A\u00e7ma Silindiri"},"content":{"rendered":"<h3 style=\"text-align: center;\">Pn\u00f6matik Kelep\u00e7e A\u00e7ma Silindiri \u2013 \u00dcr\u00fcn Tan\u0131t\u0131m\u0131<\/h3>\n<p>Pn\u00f6matik S\u0131kma Silindiri, otomatik s\u0131kma i\u015fleminin gerekli oldu\u011fu \u00e7e\u015fitli end\u00fcstriyel uygulamalarda kullan\u0131lmak \u00fczere tasarlanm\u0131\u015f \u00f6zel bir bile\u015fendir. Bu tip silindir, s\u0131kma mekanizmalar\u0131n\u0131 serbest b\u0131rakmak i\u00e7in gereken kuvveti sa\u011flamak amac\u0131yla bas\u0131n\u00e7l\u0131 hava kullan\u0131r ve mekanik sistemlerde sorunsuz \u00e7al\u0131\u015fma ve y\u00fcksek verimlilik sa\u011flar.<\/p>\n<h4>Temel \u00d6zellikler:<\/h4>\n<ul>\n<li><strong>Pn\u00f6matik Akt\u00fcasyon<\/strong>:Silindir bas\u0131n\u00e7l\u0131 hava kullanarak \u00e7al\u0131\u015f\u0131r ve hidrolik veya manuel sistemlere k\u0131yasla temiz, verimli ve uygun maliyetli bir \u00e7\u00f6z\u00fcm sunar.<\/li>\n<li><strong>Y\u00fcksek Kuvvet \u00c7\u0131k\u0131\u015f\u0131<\/strong>:A\u011f\u0131r hizmet tipi end\u00fcstriyel uygulamalar i\u00e7in uygun, kelep\u00e7e a\u00e7ma i\u015flemleri i\u00e7in \u00f6nemli bir kuvvet \u00fcretecek \u015fekilde tasarlanm\u0131\u015ft\u0131r.<\/li>\n<li><strong>Dayan\u0131kl\u0131l\u0131k<\/strong>: Zorlu \u00e7al\u0131\u015fma ko\u015fullar\u0131nda bile uzun \u00f6m\u00fcrl\u00fc olmas\u0131 i\u00e7in y\u00fcksek kaliteli malzemelerden \u00fcretilmi\u015ftir.<\/li>\n<li><strong>Hassas Kontrol<\/strong>: S\u0131k\u0131\u015ft\u0131rma ve gev\u015fetme hareketlerinin hassas kontrol\u00fcn\u00fc sa\u011flayarak otomasyon s\u00fcre\u00e7lerinizin do\u011frulu\u011funu ve g\u00fcvenilirli\u011fini art\u0131r\u0131r.<\/li>\n<li><strong>Kompakt Tasar\u0131m<\/strong>: Alan verimlili\u011fi i\u00e7in optimize edilmi\u015ftir, bu sayede s\u0131n\u0131rl\u0131 kurulum alan\u0131na sahip ortamlarda kullan\u0131m i\u00e7in idealdir.<\/li>\n<li><strong>Kolay Entegrasyon<\/strong>: Geni\u015f bir makine yelpazesiyle uyumludur, mevcut sistemlere kusursuz entegrasyon sa\u011flayarak kolay y\u00fckseltme ve de\u011fi\u015ftirme imkan\u0131 sunar.<\/li>\n<li><strong>Korozyon Direnci<\/strong>: Zorlu end\u00fcstriyel ko\u015fullarda g\u00fcvenilirli\u011fi garanti alt\u0131na alan korozyon \u00f6nleyici i\u015flemlerle zorlu ortamlara dayanacak \u015fekilde \u00fcretilmi\u015ftir.<\/li>\n<\/ul>\n<h4>Avantajlar\u0131:<\/h4>\n<ul>\n<li><strong>Artt\u0131r\u0131lm\u0131\u015f Verimlilik<\/strong>: Kelep\u00e7e a\u00e7ma i\u015fleminin otomatikle\u015ftirilmesiyle, i\u015fletme d\u00f6ng\u00fcleri k\u0131sal\u0131r, bu da daha y\u00fcksek verim ve daha az kesinti s\u00fcresi sa\u011flar.<\/li>\n<li><strong>Azalt\u0131lm\u0131\u015f \u0130\u015fg\u00fcc\u00fc<\/strong>: Daha az manuel m\u00fcdahaleye ihtiya\u00e7 duyulur, hata riski en aza indirilir ve i\u015fyeri g\u00fcvenli\u011fi art\u0131r\u0131l\u0131r.<\/li>\n<li><strong>Enerji Tasarrufu<\/strong>: Hava tahrikli silindirler genellikle hidrolik sistemlere g\u00f6re daha az enerji t\u00fcketir ve zamanla maliyet a\u00e7\u0131s\u0131ndan daha uygun bir \u00e7al\u0131\u015fma sunar.<\/li>\n<li><strong>\u00d6zelle\u015ftirilebilir<\/strong>: Farkl\u0131 end\u00fcstriyel ihtiya\u00e7lara ve uygulamalara uyum sa\u011flayacak \u015fekilde \u00e7e\u015fitli ebatlarda, strok uzunluklar\u0131nda ve bas\u0131n\u00e7 de\u011ferlerinde mevcuttur.<\/li>\n<\/ul>\n<p>The <strong>Pn\u00f6matik Kelep\u00e7e A\u00e7ma Silindiri<\/strong> \u0130\u015fletmelerin operasyonel verimlili\u011fini art\u0131rmak, manuel i\u015f g\u00fcc\u00fcn\u00fc azaltmak ve otomasyon s\u00fcre\u00e7lerinde y\u00fcksek d\u00fczeyde hassasiyet sa\u011flamak i\u00e7in olmazsa olmaz bir bile\u015fendir.<\/p>\n<p><img loading=\"lazy\" decoding=\"async\" class=\"alignnone size-full wp-image-3566\" src=\"https:\/\/fmp-components.com\/wp-content\/uploads\/2025\/01\/pneumatic-unclamp-cylinder-2.webp\" alt=\"pn\u00f6matik-a\u00e7ma-silindiri-2\" width=\"1371\" height=\"652\" title=\"\" srcset=\"https:\/\/fmp-components.com\/wp-content\/uploads\/2025\/01\/pneumatic-unclamp-cylinder-2.webp 1371w, https:\/\/fmp-components.com\/wp-content\/uploads\/2025\/01\/pneumatic-unclamp-cylinder-2-1280x609.webp 1280w, https:\/\/fmp-components.com\/wp-content\/uploads\/2025\/01\/pneumatic-unclamp-cylinder-2-980x466.webp 980w, https:\/\/fmp-components.com\/wp-content\/uploads\/2025\/01\/pneumatic-unclamp-cylinder-2-480x228.webp 480w\" sizes=\"(min-width: 0px) and (max-width: 480px) 480px, (min-width: 481px) and (max-width: 980px) 980px, (min-width: 981px) and (max-width: 1280px) 1280px, (min-width: 1281px) 1371px, 100vw\" \/><\/p>\n<h2>Model Listesi<\/h2>\n<p><img loading=\"lazy\" decoding=\"async\" class=\"alignnone size-full wp-image-3568\" src=\"https:\/\/fmp-components.com\/wp-content\/uploads\/2025\/01\/pneumatic-unclamp-cylinder-3.webp\" alt=\"pn\u00f6matik-a\u00e7ma-silindiri-2\" width=\"906\" height=\"158\" title=\"\" srcset=\"https:\/\/fmp-components.com\/wp-content\/uploads\/2025\/01\/pneumatic-unclamp-cylinder-3.webp 906w, https:\/\/fmp-components.com\/wp-content\/uploads\/2025\/01\/pneumatic-unclamp-cylinder-3-480x84.webp 480w\" sizes=\"(min-width: 0px) and (max-width: 480px) 480px, (min-width: 481px) 906px, 100vw\" \/><\/p>\n<p>NOT:<br \/>\n1. Pn\u00f6matik a\u00e7ma silindiri dikey ve yatay olarak monte edilebilir, ya\u011f haznesi yukar\u0131 bakmal\u0131d\u0131r.<br \/>\n2. Giri\u015f gaz\u0131 kayna\u011f\u0131, gaz kayna\u011f\u0131 \u00fc\u00e7l\u00fcs\u00fc taraf\u0131ndan i\u015flenmelidir. Kuru ve temiz hava i\u00e7in minimum bas\u0131n\u00e7 6 kgf\/cm\u00b2'dir.<br \/>\n3. Ya\u011f kab\u0131ndaki minimum g\u00fcvenli ya\u011f oran\u0131 1\/5, en y\u00fcksek ya\u011f oran\u0131 ise 4\/5'tir.<\/p>\n<div class=\"flex max-w-full flex-col flex-grow\">\n<div class=\"min-h-8 text-message flex w-full flex-col items-end gap-2 whitespace-normal break-words text-start [.text-message+&amp;]:mt-5\" dir=\"auto\" data-message-author-role=\"assistant\" data-message-id=\"fbdee532-4424-41b2-a093-d85f55f880e4\" data-message-model-slug=\"gpt-4o-mini\">\n<div class=\"flex w-full flex-col gap-1 empty:hidden first:pt-[3px]\">\n<div class=\"markdown prose w-full break-words dark:prose-invert light\">\n<h2>Pn\u00f6matik A\u00e7ma Silindirlerinin T\u00fcrleri<\/h2>\n<p>Pn\u00f6matik s\u0131k\u0131\u015ft\u0131rma silindirleri, her biri belirli uygulamalar ve operasyonel gereksinimler i\u00e7in tasarlanm\u0131\u015f \u00e7e\u015fitli tiplerde mevcuttur. En yayg\u0131n olanlar\u0131 \u015funlard\u0131r:<\/p>\n<h4>1. <strong>Tek Etkili Pn\u00f6matik Kelep\u00e7e A\u00e7ma Silindiri<\/strong><\/h4>\n<ul>\n<li><strong>Tan\u0131m<\/strong>: Tek etkili pn\u00f6matik s\u0131k\u0131\u015ft\u0131rma silindiri, pistonun yaln\u0131zca bir taraf\u0131na uygulanan hava bas\u0131nc\u0131yla \u00e7al\u0131\u015f\u0131r. Geri d\u00f6n\u00fc\u015f stroku genellikle bir yay veya harici bir kuvvetle sa\u011flan\u0131r.<\/li>\n<li><strong>Ba\u015fvuru<\/strong>: Daha basit sistemlerde, tek y\u00f6nde s\u0131k\u0131\u015ft\u0131rma kuvvetinin gerekli oldu\u011fu ve geri d\u00f6n\u00fc\u015f strokunun bir yay ile desteklenebildi\u011fi durumlarda yayg\u0131nd\u0131r.<\/li>\n<li><strong>Avantajlar\u0131<\/strong>:\n<ul>\n<li>Maliyet etkin<\/li>\n<li>Basit tasar\u0131m ve bak\u0131m\u0131 kolay<\/li>\n<li>Daha az hava t\u00fcketimi gerektirir<\/li>\n<\/ul>\n<\/li>\n<\/ul>\n<h4>2. <strong>\u00c7ift Etkili Pn\u00f6matik Kelep\u00e7e A\u00e7ma Silindiri<\/strong><\/h4>\n<ul>\n<li><strong>Tan\u0131m<\/strong>:\u00c7ift etkili pn\u00f6matik s\u0131k\u0131\u015ft\u0131rma silindirinde, s\u0131k\u0131\u015ft\u0131rma ve s\u0131k\u0131\u015ft\u0131rmay\u0131 kald\u0131rma eylemleri i\u00e7in pistonun her iki taraf\u0131na hava bas\u0131nc\u0131 uygulan\u0131r ve bu sayede silindirin hareketi \u00fczerinde daha fazla kontrol sa\u011flan\u0131r.<\/li>\n<li><strong>Ba\u015fvuru<\/strong>:Otomatik \u00fcretim hatlar\u0131 veya robotik sistemler gibi, daha y\u00fcksek kuvvet ve a\u00e7ma i\u015flemi \u00fczerinde daha hassas kontrol gerektiren uygulamalar i\u00e7in idealdir.<\/li>\n<li><strong>Avantajlar\u0131<\/strong>:\n<ul>\n<li>Daha y\u00fcksek kuvvet ve daha h\u0131zl\u0131 tepki s\u00fcresi<\/li>\n<li>Hem s\u0131k\u0131\u015ft\u0131rma hem de s\u0131k\u0131\u015ft\u0131rmay\u0131 kald\u0131rma eylemleri \u00fczerinde hassas kontrol<\/li>\n<li>Daha karma\u015f\u0131k uygulamalar i\u00e7in kullan\u0131labilir<\/li>\n<\/ul>\n<\/li>\n<\/ul>\n<h4>3. <strong>D\u00f6ner Pn\u00f6matik Kelep\u00e7e A\u00e7ma Silindiri<\/strong><\/h4>\n<ul>\n<li><strong>Tan\u0131m<\/strong>: Bu tip silindirler, do\u011frusal harekete ek olarak d\u00f6nme hareketinin de gerekli oldu\u011fu uygulamalar i\u00e7in tasarlanm\u0131\u015ft\u0131r. D\u00f6ner akt\u00fcat\u00f6r ve pn\u00f6matik a\u00e7ma mekanizmas\u0131n\u0131n birle\u015fiminden olu\u015fur.<\/li>\n<li><strong>Ba\u015fvuru<\/strong>: Genellikle, s\u0131k\u0131\u015ft\u0131rma sisteminin s\u0131k\u0131\u015ft\u0131rmadan \u00f6nce veya sonra d\u00f6nmesi gereken otomatik fikst\u00fcrlerde veya makinelerde kullan\u0131l\u0131r.<\/li>\n<li><strong>Avantajlar\u0131<\/strong>:\n<ul>\n<li>Hem d\u00f6nme hem de do\u011frusal hareket sunar<\/li>\n<li>Kelep\u00e7eleri \u00e7\u0131kard\u0131ktan sonra par\u00e7alar\u0131 veya fikst\u00fcrleri d\u00f6nd\u00fcrmek gibi karma\u015f\u0131k g\u00f6revleri ger\u00e7ekle\u015ftirebilir<\/li>\n<\/ul>\n<\/li>\n<\/ul>\n<h4>4. <strong>Kompakt Pn\u00f6matik Kelep\u00e7e A\u00e7ma Silindiri<\/strong><\/h4>\n<ul>\n<li><strong>Tan\u0131m<\/strong>: Bu silindirler, y\u00fcksek kuvvet \u00e7\u0131k\u0131\u015f\u0131 sa\u011flarken daha k\u00fc\u00e7\u00fck ve daha kompakt bir tasar\u0131ma sahiptir. Geleneksel silindirlerin s\u0131\u011fmayaca\u011f\u0131 dar alanlar i\u00e7in uygundurlar.<\/li>\n<li><strong>Ba\u015fvuru<\/strong>:K\u00fc\u00e7\u00fck \u00f6l\u00e7ekli otomasyon sistemleri veya montaj alan\u0131 k\u0131s\u0131tl\u0131 makineler gibi alan\u0131n k\u0131s\u0131tl\u0131 oldu\u011fu ancak yine de g\u00fc\u00e7l\u00fc bir a\u00e7ma kuvvetinin gerekli oldu\u011fu uygulamalarda kullan\u0131l\u0131r.<\/li>\n<li><strong>Avantajlar\u0131<\/strong>:\n<ul>\n<li>Yer tasarrufu sa\u011flayan tasar\u0131m<\/li>\n<li>Kompakt paketlerde y\u00fcksek performans<\/li>\n<\/ul>\n<\/li>\n<\/ul>\n<h4>5. <strong>\u00c7ift \u00c7ubuklu Pn\u00f6matik Kelep\u00e7e A\u00e7ma Silindiri<\/strong><\/h4>\n<ul>\n<li><strong>Tan\u0131m<\/strong>:Bu tip silindirlerde pistonun her iki taraf\u0131nda \u00e7ubuklar bulunur ve bu sayede daha dengeli bir kuvvet da\u011f\u0131l\u0131m\u0131 ve s\u0131k\u0131\u015ft\u0131rma ve a\u00e7ma s\u0131ras\u0131nda daha d\u00fczg\u00fcn bir hareket sa\u011flan\u0131r.<\/li>\n<li><strong>Ba\u015fvuru<\/strong>: Y\u00fcksek hassasiyetli makineler ve robotik gibi y\u00fcksek stabilite, do\u011fruluk ve dengeli hareket gerektiren uygulamalar i\u00e7in idealdir.<\/li>\n<li><strong>Avantajlar\u0131<\/strong>:\n<ul>\n<li>Daha fazla denge ve y\u00fck da\u011f\u0131l\u0131m\u0131<\/li>\n<li>Y\u00fcksek hassasiyetli uygulamalar i\u00e7in uygundur<\/li>\n<\/ul>\n<\/li>\n<\/ul>\n<ul>\n<li style=\"list-style-type: none;\"><\/li>\n<\/ul>\n<p>Her Pn\u00f6matik A\u00e7ma Silindiri tipi, uygulama gereksinimlerine, alan k\u0131s\u0131tlamalar\u0131na, kuvvet taleplerine ve gereken hassasiyete ba\u011fl\u0131 olarak belirli bir ihtiyaca hizmet eder. Do\u011fru tipte pn\u00f6matik a\u00e7ma silindirini se\u00e7mek, otomatik ve mekanik sistemlerde optimum performans ve verimlilik sa\u011flar.<\/p>\n<h2>FMP Hakk\u0131nda<\/h2>\n<p>FMP, mekanik bile\u015fen \u00fcretiminde uzmanla\u015fm\u0131\u015f profesyonel bir \u00fcreticidir. Ba\u015fl\u0131ca \u00fcr\u00fcnlerimiz aras\u0131nda spiral konik sonsuz di\u015fli red\u00fckt\u00f6rleri, zincir di\u015flileri, konik bur\u00e7lar, di\u015fli kremayerleri, kaplinler ve di\u011fer \u015fanz\u0131man par\u00e7alar\u0131 yer almaktad\u0131r. G\u00fc\u00e7l\u00fc bir ihracat oda\u011f\u0131yla, 65%'den fazla \u00fcr\u00fcn\u00fcm\u00fcz Almanya, \u0130ngiltere ve Fransa dahil olmak \u00fczere Avrupa pazarlar\u0131na sevk edilmekte ve y\u0131ll\u0131k $18 milyon RMB ihracat hacmine ula\u015fmaktad\u0131r. Toplam y\u0131ll\u0131k \u00fcretim de\u011ferimiz 200 milyon RMB'ye ula\u015fmaktad\u0131r.<\/p>\n<p>T\u00fcm FMP \u00fcr\u00fcnleri uluslararas\u0131, Avrupa ve ABD end\u00fcstri standartlar\u0131na uygun olarak \u00fcretilmektedir. Hassas ve y\u00fcksek kaliteli i\u015fleme ekipmanlar\u0131 kullan\u0131yor, iyi planlanm\u0131\u015f \u00fcretim s\u00fcre\u00e7leri uyguluyor ve verimli ve esnek bir y\u00f6netim sistemine ba\u011fl\u0131 kal\u0131yoruz. Kapsaml\u0131 kalite y\u00f6netim sistemimiz, m\u00fckemmel \u00fcr\u00fcn kalitesi ve rekabet\u00e7i fiyatland\u0131rmay\u0131 garanti eder.<\/p>\n<p>FMP, \u201cKalite: \u0130\u015fletmelerin ayakta kalmas\u0131n\u0131n temeli, D\u00fcr\u00fcstl\u00fck: \u0130\u015fletmelerin geli\u015fmesinin itici g\u00fcc\u00fc, Hizmet: \u0130\u015fletmelerin b\u00fcy\u00fcmesinin kayna\u011f\u0131 ve Uygun Fiyat: \u0130\u015fletme ba\u015far\u0131s\u0131n\u0131n anahtar\u0131\u201d temel ilkeleriyle faaliyet g\u00f6stermektedir. Hem yurt i\u00e7i hem de yurt d\u0131\u015f\u0131 m\u00fc\u015fterilerimizi memnuniyetle kar\u015f\u0131l\u0131yor ve kar\u015f\u0131l\u0131kl\u0131 b\u00fcy\u00fcme ve ba\u015far\u0131 i\u00e7in i\u015f birli\u011fi yapmay\u0131 d\u00f6rt g\u00f6zle bekliyoruz.<\/p>\n<\/div>\n<\/div>\n<\/div>\n<\/div>\n<p><img loading=\"lazy\" decoding=\"async\" class=\"alignnone  wp-image-3563\" src=\"https:\/\/fmp-components.com\/wp-content\/uploads\/2025\/01\/company-2.webp\" alt=\"\u015firket\" width=\"873\" height=\"790\" title=\"\" srcset=\"https:\/\/fmp-components.com\/wp-content\/uploads\/2025\/01\/company-2.webp 873w, https:\/\/fmp-components.com\/wp-content\/uploads\/2025\/01\/company-2-480x435.webp 480w\" sizes=\"(min-width: 0px) and (max-width: 480px) 480px, (min-width: 481px) 873px, 100vw\" \/> <img loading=\"lazy\" decoding=\"async\" class=\"alignnone  wp-image-3564\" src=\"https:\/\/fmp-components.com\/wp-content\/uploads\/2025\/01\/company-3.webp\" alt=\"\u015firket\" width=\"873\" height=\"776\" title=\"\" srcset=\"https:\/\/fmp-components.com\/wp-content\/uploads\/2025\/01\/company-3.webp 873w, https:\/\/fmp-components.com\/wp-content\/uploads\/2025\/01\/company-3-480x427.webp 480w\" sizes=\"(min-width: 0px) and (max-width: 480px) 480px, (min-width: 481px) 873px, 100vw\" \/> <img loading=\"lazy\" decoding=\"async\" class=\"alignnone  wp-image-3565\" src=\"https:\/\/fmp-components.com\/wp-content\/uploads\/2025\/01\/company-1.webp\" alt=\"\u015firket\" width=\"877\" height=\"225\" title=\"\" srcset=\"https:\/\/fmp-components.com\/wp-content\/uploads\/2025\/01\/company-1.webp 877w, https:\/\/fmp-components.com\/wp-content\/uploads\/2025\/01\/company-1-480x123.webp 480w\" sizes=\"(min-width: 0px) and (max-width: 480px) 480px, (min-width: 481px) 877px, 100vw\" \/><\/p>\n<p>Yazar: CX<\/p>","protected":false},"excerpt":{"rendered":"<p>Pneumatic Unclamp Cylinder \u2013 Product Introduction The Pneumatic Unclamp Cylinder is a specialized component designed for use in various industrial applications where automated unclamping is necessary. This type of cylinder utilizes compressed air to provide the force required to release clamping mechanisms, ensuring smooth operation and high efficiency in mechanical systems. Key Features: Pneumatic Actuation: [&hellip;]<\/p>","protected":false},"featured_media":3567,"comment_status":"open","ping_status":"closed","template":"","meta":{"_et_pb_use_builder":"","_et_pb_old_content":"","_et_gb_content_width":""},"product_brand":[],"product_cat":[89],"product_tag":[],"class_list":{"0":"post-3561","1":"product","2":"type-product","3":"status-publish","4":"has-post-thumbnail","6":"product_cat-spindle-motor","8":"first","9":"instock","10":"shipping-taxable","11":"product-type-simple"},"_links":{"self":[{"href":"https:\/\/fmp-components.com\/tr\/wp-json\/wp\/v2\/product\/3561","targetHints":{"allow":["GET"]}}],"collection":[{"href":"https:\/\/fmp-components.com\/tr\/wp-json\/wp\/v2\/product"}],"about":[{"href":"https:\/\/fmp-components.com\/tr\/wp-json\/wp\/v2\/types\/product"}],"replies":[{"embeddable":true,"href":"https:\/\/fmp-components.com\/tr\/wp-json\/wp\/v2\/comments?post=3561"}],"wp:featuredmedia":[{"embeddable":true,"href":"https:\/\/fmp-components.com\/tr\/wp-json\/wp\/v2\/media\/3567"}],"wp:attachment":[{"href":"https:\/\/fmp-components.com\/tr\/wp-json\/wp\/v2\/media?parent=3561"}],"wp:term":[{"taxonomy":"product_brand","embeddable":true,"href":"https:\/\/fmp-components.com\/tr\/wp-json\/wp\/v2\/product_brand?post=3561"},{"taxonomy":"product_cat","embeddable":true,"href":"https:\/\/fmp-components.com\/tr\/wp-json\/wp\/v2\/product_cat?post=3561"},{"taxonomy":"product_tag","embeddable":true,"href":"https:\/\/fmp-components.com\/tr\/wp-json\/wp\/v2\/product_tag?post=3561"}],"curies":[{"name":"wp","href":"https:\/\/api.w.org\/{rel}","templated":true}]}}