{"id":3548,"date":"2025-01-08T05:13:09","date_gmt":"2025-01-08T05:13:09","guid":{"rendered":"https:\/\/fmp-components.com\/?page_id=8"},"modified":"2025-01-08T05:13:10","modified_gmt":"2025-01-08T05:13:10","slug":"iec-motor-b5t-flange-mounted-stainless-steel-motor-tenv-replacement-of-sew-motor","status":"publish","type":"product","link":"https:\/\/fmp-components.com\/tr\/product\/iec-motor-b5t-flange-mounted-stainless-steel-motor-tenv-replacement-of-sew-motor\/","title":{"rendered":"IEC Motor B5T Flan\u015f Montajl\u0131 Paslanmaz \u00c7elik Motor TENV, SEW Motorunun yerine kullan\u0131l\u0131r"},"content":{"rendered":"<p><img loading=\"lazy\" decoding=\"async\" class=\"alignnone size-full wp-image-3539\" src=\"https:\/\/fmp-components.com\/wp-content\/uploads\/2025\/01\/fmp_0.stainless-steel-motor-2.webp\" alt=\"fmp_0.paslanmaz-\u00e7elik-motor-2\" width=\"1579\" height=\"608\" title=\"\" srcset=\"https:\/\/fmp-components.com\/wp-content\/uploads\/2025\/01\/fmp_0.stainless-steel-motor-2.webp 1579w, https:\/\/fmp-components.com\/wp-content\/uploads\/2025\/01\/fmp_0.stainless-steel-motor-2-1280x493.webp 1280w, https:\/\/fmp-components.com\/wp-content\/uploads\/2025\/01\/fmp_0.stainless-steel-motor-2-980x377.webp 980w, https:\/\/fmp-components.com\/wp-content\/uploads\/2025\/01\/fmp_0.stainless-steel-motor-2-480x185.webp 480w\" sizes=\"(min-width: 0px) and (max-width: 480px) 480px, (min-width: 481px) and (max-width: 980px) 980px, (min-width: 981px) and (max-width: 1280px) 1280px, (min-width: 1281px) 1579px, 100vw\" \/><\/p>\n<p><span style=\"font-size: 18pt;\">IEC Motors B5T Flan\u015f Montajl\u0131 Paslanmaz \u00c7elik Motorlar \u2013 SEW Motorlar\u0131n\u0131n Yerine TENV<\/span><\/p>\n<p>FMP standart paslanmaz \u00e7elik y\u0131kama motorlar\u0131, g\u00fcn\u00fcm\u00fcz g\u0131da i\u015fleme, ila\u00e7, paketleme ve i\u00e7ecek end\u00fcstrilerinin zorlu ve s\u0131k\u0131 hijyen gereksinimlerini kar\u015f\u0131lamak \u00fczere tasarlanm\u0131\u015ft\u0131r. Y\u00fcksek bas\u0131n\u00e7l\u0131 buhar ve su ile s\u0131k\u0131 IP69K standartlar\u0131na g\u00f6re test edilen FMP'nin g\u0131daya uygun paslanmaz \u00e7elik motorlar\u0131, en zorlu a\u015f\u0131nd\u0131r\u0131c\u0131 y\u0131kama ortamlar\u0131na kar\u015f\u0131 uzun s\u00fcreli koruma sa\u011flarken, g\u0131da g\u00fcvenli\u011fini tehlikeye atmayacak hijyen seviyelerini korur.<\/p>\n<p><img loading=\"lazy\" decoding=\"async\" class=\"alignnone  wp-image-3549\" src=\"https:\/\/fmp-components.com\/wp-content\/uploads\/2025\/01\/fmp_4.stainless-steel-motor-2.webp\" alt=\"fmp_4.paslanmaz-\u00e7elik-motor-2\" width=\"917\" height=\"431\" title=\"\" srcset=\"https:\/\/fmp-components.com\/wp-content\/uploads\/2025\/01\/fmp_4.stainless-steel-motor-2.webp 400w, https:\/\/fmp-components.com\/wp-content\/uploads\/2025\/01\/fmp_4.stainless-steel-motor-2-300x141.webp 300w, https:\/\/fmp-components.com\/wp-content\/uploads\/2025\/01\/fmp_4.stainless-steel-motor-2-18x8.webp 18w\" sizes=\"(max-width: 917px) 100vw, 917px\" \/><\/p>\n<table style=\"width: 100.22%; height: 109px;\" border=\"1\">\n<tbody>\n<tr>\n<td>\u00c7er\u00e7eve T\u00fcr\u00fc<\/td>\n<td>flan\u015f<br \/>\ntip<\/td>\n<td>Polonyal\u0131lar<\/td>\n<td>D<\/td>\n<td>E<\/td>\n<td>F<\/td>\n<td>G<\/td>\n<td>M<\/td>\n<td>N<\/td>\n<td>P<\/td>\n<td>R<\/td>\n<td>S<\/td>\n<td>T<\/td>\n<td>flan\u015f<br \/>\nDelik<\/td>\n<td>AC<\/td>\n<td>MS<\/td>\n<\/tr>\n<tr>\n<td>71<\/td>\n<td>B5T<\/td>\n<td>4<\/td>\n<td>10<\/td>\n<td>35<\/td>\n<td>2<\/td>\n<td>8.6<\/td>\n<td>100<\/td>\n<td>80<\/td>\n<td>120<\/td>\n<td>16.5<\/td>\n<td>7<\/td>\n<td>3<\/td>\n<td>4<\/td>\n<td>134<\/td>\n<td>129<\/td>\n<\/tr>\n<tr>\n<td>80<\/td>\n<td>B5T<\/td>\n<td>4<\/td>\n<td>12<\/td>\n<td>35<\/td>\n<td>3<\/td>\n<td>10<\/td>\n<td>100<\/td>\n<td>80<\/td>\n<td>120<\/td>\n<td>14.5<\/td>\n<td>7<\/td>\n<td>3<\/td>\n<td>4<\/td>\n<td>134<\/td>\n<td>135<\/td>\n<\/tr>\n<\/tbody>\n<\/table>\n<h2>IEC Motor B5T Flan\u015f Montajl\u0131 Paslanmaz \u00c7elik Motor<\/h2>\n<ol>\n<li><strong>Korozyona Dayan\u0131kl\u0131 Yap\u0131<\/strong><br \/>\nIEC B5T flan\u015fl\u0131 paslanmaz \u00e7elik motor, korozyona, pasa ve a\u015f\u0131nmaya kar\u015f\u0131 m\u00fckemmel diren\u00e7 sa\u011flayan y\u00fcksek kaliteli paslanmaz \u00e7elikten \u00fcretilmi\u015ftir. Bu sayede, nem ve agresif maddelere maruz kalman\u0131n yayg\u0131n oldu\u011fu g\u0131da i\u015fleme, ila\u00e7 ve kimya end\u00fcstrileri gibi zorlu ortamlarda kullan\u0131m i\u00e7in idealdir.<\/li>\n<li><strong>Kolay Kurulum i\u00e7in Flan\u015f Montaj\u0131<\/strong><br \/>\nMotor, makinelere kolay ve g\u00fcvenli montaj sa\u011flayan B5T flan\u015fl\u0131 montaj tasar\u0131m\u0131na sahiptir. Bu montaj stili, mevcut sistemlere kompakt bir \u015fekilde entegre olmas\u0131n\u0131 sa\u011flayarak ek destek yap\u0131lar\u0131na veya karma\u015f\u0131k montaj prosed\u00fcrlerine olan ihtiyac\u0131 azalt\u0131r.<\/li>\n<li><strong>Hijyenik ve Kolay Temizlenebilir Y\u00fczey<\/strong><br \/>\nP\u00fcr\u00fczs\u00fcz ve kusursuz y\u00fczeyi sayesinde motorun temizli\u011fi ve bak\u0131m\u0131 kolayd\u0131r. Kir, toz veya yiyecek art\u0131klar\u0131n\u0131n birikebilece\u011fi a\u00e7\u0131kta kalan \u00e7atlak veya ek yerleri olmad\u0131\u011f\u0131ndan, hijyenin \u00f6ncelikli oldu\u011fu hijyenik uygulamalar i\u00e7in uygundur. Motorun tasar\u0131m\u0131, kirlenmeyi \u00f6nleyerek y\u00fcksek d\u00fczeyde temizlik sa\u011flar.<\/li>\n<li><strong>IP69K Koruma Derecesi<\/strong><br \/>\nBu motor, su ve toz giri\u015fine kar\u015f\u0131 \u00fcst\u00fcn diren\u00e7 sa\u011flayan IP69K koruma derecesine sahiptir. Motor, y\u00fcksek bas\u0131n\u00e7l\u0131 su jetlerine dayanabilir ve bu sayede s\u0131k s\u0131k su ve sert kimyasallarla temizlik gerektiren y\u0131kama ortamlar\u0131 i\u00e7in idealdir.<\/li>\n<li><strong>Verimli Performans<\/strong><br \/>\nPaslanmaz \u00e7elik motor, y\u00fcksek verimlilik standartlar\u0131n\u0131 kar\u015f\u0131layarak enerji t\u00fcketimini azalt\u0131rken optimum performans sa\u011flar. Hassas m\u00fchendislikle tasarlanm\u0131\u015f bile\u015fenleri ve etkili termal y\u00f6netim sistemi, \u0131s\u0131 birikimini en aza indirerek uzun \u00f6m\u00fcrl\u00fc ve g\u00fcvenilir bir \u00e7al\u0131\u015fma sa\u011flar.<\/li>\n<\/ol>\n<p>Bu \u00f6zellikler, IEC B5T flan\u015f montajl\u0131 paslanmaz \u00e7elik motoru, zorlu end\u00fcstriyel ortamlarda dayan\u0131kl\u0131l\u0131k, hijyen ve y\u00fcksek performans gerektiren uygulamalar i\u00e7in ideal bir se\u00e7im haline getirir.<\/p>\n<h2>\u0130lgili Paslanmaz \u00c7elik Motor<\/h2>\n<table style=\"width: 100%;\" border=\"1\" width=\"100%\" cellspacing=\"0\" cellpadding=\"0\">\n<tbody>\n<tr>\n<td style=\"width: 25.8099%;\" align=\"right\" width=\"64\" height=\"18\"><img loading=\"lazy\" decoding=\"async\" class=\"alignnone size-full wp-image-3507\" src=\"https:\/\/fmp-components.com\/wp-content\/uploads\/2025\/01\/ep_stainless-steel-motor-1.webp\" sizes=\"(max-width: 379px) 100vw, 379px\" srcset=\"https:\/\/fmp-components.com\/wp-content\/uploads\/2025\/01\/ep_stainless-steel-motor-1.webp 379w, https:\/\/fmp-components.com\/wp-content\/uploads\/2025\/01\/ep_stainless-steel-motor-1-300x200.webp 300w, https:\/\/fmp-components.com\/wp-content\/uploads\/2025\/01\/ep_stainless-steel-motor-1-18x12.webp 18w\" alt=\"paslanmaz \u00e7elik motor\" width=\"379\" height=\"253\" title=\"\"><\/td>\n<td style=\"width: 26.134%;\" align=\"right\" width=\"64\"><img loading=\"lazy\" decoding=\"async\" class=\"alignnone size-full wp-image-3508\" src=\"https:\/\/fmp-components.com\/wp-content\/uploads\/2025\/01\/ep_stainless-steel-motor-2-2.webp\" sizes=\"(max-width: 379px) 100vw, 379px\" srcset=\"https:\/\/fmp-components.com\/wp-content\/uploads\/2025\/01\/ep_stainless-steel-motor-2-2.webp 379w, https:\/\/fmp-components.com\/wp-content\/uploads\/2025\/01\/ep_stainless-steel-motor-2-2-300x200.webp 300w, https:\/\/fmp-components.com\/wp-content\/uploads\/2025\/01\/ep_stainless-steel-motor-2-2-18x12.webp 18w\" alt=\"paslanmaz \u00e7elik motor\" width=\"379\" height=\"253\" title=\"\"><\/td>\n<td style=\"width: 25.162%;\" align=\"right\" width=\"64\"><img loading=\"lazy\" decoding=\"async\" class=\"alignnone size-full wp-image-3509\" src=\"https:\/\/fmp-components.com\/wp-content\/uploads\/2025\/01\/ep_stainless-steel-motor-6.webp\" sizes=\"(max-width: 379px) 100vw, 379px\" srcset=\"https:\/\/fmp-components.com\/wp-content\/uploads\/2025\/01\/ep_stainless-steel-motor-6.webp 379w, https:\/\/fmp-components.com\/wp-content\/uploads\/2025\/01\/ep_stainless-steel-motor-6-300x200.webp 300w, https:\/\/fmp-components.com\/wp-content\/uploads\/2025\/01\/ep_stainless-steel-motor-6-18x12.webp 18w\" alt=\"paslanmaz \u00e7elik motor\" width=\"379\" height=\"253\" title=\"\"><\/td>\n<td style=\"width: 22.6782%;\" align=\"right\" width=\"64\"><img loading=\"lazy\" decoding=\"async\" class=\"alignnone size-full wp-image-3510\" src=\"https:\/\/fmp-components.com\/wp-content\/uploads\/2025\/01\/ep_stainless-steel-motor-300x200-1.webp\" sizes=\"(max-width: 300px) 100vw, 300px\" srcset=\"https:\/\/fmp-components.com\/wp-content\/uploads\/2025\/01\/ep_stainless-steel-motor-300x200-1.webp 300w, https:\/\/fmp-components.com\/wp-content\/uploads\/2025\/01\/ep_stainless-steel-motor-300x200-1-18x12.webp 18w\" alt=\"paslanmaz \u00e7elik motor\" width=\"300\" height=\"200\" title=\"\"><\/td>\n<\/tr>\n<tr>\n<td style=\"width: 25.8099%;\" align=\"right\" height=\"18\">Paslanmaz \u00e7elik kal\u0131c\u0131 m\u0131knat\u0131sl\u0131 motor<\/td>\n<td style=\"width: 26.134%;\" align=\"right\">Su so\u011futmal\u0131 paslanmaz \u00e7elik motor<\/td>\n<td style=\"width: 25.162%;\" align=\"right\">G\u0131da end\u00fcstrisi elektrik motoru<\/td>\n<td style=\"width: 22.6782%;\" align=\"right\">Paslanmaz \u00e7elik motor<\/td>\n<\/tr>\n<tr>\n<td style=\"width: 25.8099%;\" align=\"right\" height=\"18\"><img loading=\"lazy\" decoding=\"async\" class=\"alignnone size-full wp-image-3511\" src=\"https:\/\/fmp-components.com\/wp-content\/uploads\/2025\/01\/ep_stainless-steel-motor-4.webp\" sizes=\"(max-width: 379px) 100vw, 379px\" srcset=\"https:\/\/fmp-components.com\/wp-content\/uploads\/2025\/01\/ep_stainless-steel-motor-4.webp 379w, https:\/\/fmp-components.com\/wp-content\/uploads\/2025\/01\/ep_stainless-steel-motor-4-300x200.webp 300w, https:\/\/fmp-components.com\/wp-content\/uploads\/2025\/01\/ep_stainless-steel-motor-4-18x12.webp 18w\" alt=\"paslanmaz \u00e7elik motor\" width=\"379\" height=\"253\" title=\"\"><\/td>\n<td style=\"width: 26.134%;\" align=\"right\"><img loading=\"lazy\" decoding=\"async\" class=\"alignnone size-full wp-image-3512\" src=\"https:\/\/fmp-components.com\/wp-content\/uploads\/2025\/01\/ep_stainless-steel-motor-3.webp\" sizes=\"(max-width: 379px) 100vw, 379px\" srcset=\"https:\/\/fmp-components.com\/wp-content\/uploads\/2025\/01\/ep_stainless-steel-motor-3.webp 379w, https:\/\/fmp-components.com\/wp-content\/uploads\/2025\/01\/ep_stainless-steel-motor-3-300x200.webp 300w, https:\/\/fmp-components.com\/wp-content\/uploads\/2025\/01\/ep_stainless-steel-motor-3-18x12.webp 18w\" alt=\"paslanmaz \u00e7elik motor\" width=\"379\" height=\"253\" title=\"\"><\/td>\n<td style=\"width: 25.162%;\" align=\"right\"><img loading=\"lazy\" decoding=\"async\" class=\"alignnone size-full wp-image-3513\" src=\"https:\/\/fmp-components.com\/wp-content\/uploads\/2025\/01\/ep_stainless-steel-motor-5.webp\" sizes=\"(max-width: 379px) 100vw, 379px\" srcset=\"https:\/\/fmp-components.com\/wp-content\/uploads\/2025\/01\/ep_stainless-steel-motor-5.webp 379w, https:\/\/fmp-components.com\/wp-content\/uploads\/2025\/01\/ep_stainless-steel-motor-5-300x200.webp 300w, https:\/\/fmp-components.com\/wp-content\/uploads\/2025\/01\/ep_stainless-steel-motor-5-18x12.webp 18w\" alt=\"paslanmaz \u00e7elik motor\" width=\"379\" height=\"253\" title=\"\"><\/td>\n<td style=\"width: 22.6782%;\" align=\"right\"><img loading=\"lazy\" decoding=\"async\" class=\"alignnone wp-image-3514\" src=\"https:\/\/fmp-components.com\/wp-content\/uploads\/2025\/01\/ep_stainless-steel-motor-6-1.webp\" sizes=\"(max-width: 379px) 100vw, 379px\" srcset=\"https:\/\/fmp-components.com\/wp-content\/uploads\/2025\/01\/ep_stainless-steel-motor-6-1.webp 379w, https:\/\/fmp-components.com\/wp-content\/uploads\/2025\/01\/ep_stainless-steel-motor-6-1-300x200.webp 300w, https:\/\/fmp-components.com\/wp-content\/uploads\/2025\/01\/ep_stainless-steel-motor-6-1-18x12.webp 18w\" alt=\"paslanmaz \u00e7elik motor\" width=\"220\" height=\"147\" title=\"\"><\/td>\n<\/tr>\n<tr>\n<td style=\"width: 25.8099%;\" align=\"right\" height=\"18\">IEC em\u00fclsifiye g\u0131da makineleri AC motoru<\/td>\n<td style=\"width: 26.134%;\" align=\"right\">NEMA 56C asenkron motor<\/td>\n<td style=\"width: 25.162%;\" align=\"right\">IEC paslanmaz \u00e7elik AC motor<\/td>\n<td style=\"width: 22.6782%;\">IEC tamamen paslanmaz \u00e7elikten y\u00fcksek verimli motor<\/td>\n<\/tr>\n<tr>\n<td style=\"width: 25.8099%;\" align=\"right\" width=\"64\" height=\"18\"><img loading=\"lazy\" decoding=\"async\" class=\"alignnone size-full wp-image-3515\" src=\"https:\/\/fmp-components.com\/wp-content\/uploads\/2025\/01\/ep_stainless-steel-motor-2.webp\" sizes=\"(max-width: 379px) 100vw, 379px\" srcset=\"https:\/\/fmp-components.com\/wp-content\/uploads\/2025\/01\/ep_stainless-steel-motor-2.webp 379w, https:\/\/fmp-components.com\/wp-content\/uploads\/2025\/01\/ep_stainless-steel-motor-2-300x200.webp 300w, https:\/\/fmp-components.com\/wp-content\/uploads\/2025\/01\/ep_stainless-steel-motor-2-18x12.webp 18w\" alt=\"paslanmaz \u00e7elik motor\" width=\"379\" height=\"253\" title=\"\"><\/td>\n<td style=\"width: 26.134%;\" align=\"right\" width=\"64\"><img loading=\"lazy\" decoding=\"async\" class=\"alignnone size-full wp-image-3516\" src=\"https:\/\/fmp-components.com\/wp-content\/uploads\/2025\/01\/ep_stainless-steel-motor-8.webp\" sizes=\"(max-width: 379px) 100vw, 379px\" srcset=\"https:\/\/fmp-components.com\/wp-content\/uploads\/2025\/01\/ep_stainless-steel-motor-8.webp 379w, https:\/\/fmp-components.com\/wp-content\/uploads\/2025\/01\/ep_stainless-steel-motor-8-300x200.webp 300w, https:\/\/fmp-components.com\/wp-content\/uploads\/2025\/01\/ep_stainless-steel-motor-8-18x12.webp 18w\" alt=\"paslanmaz \u00e7elik motor\" width=\"379\" height=\"253\" title=\"\"><\/td>\n<td style=\"width: 25.162%;\" align=\"right\" width=\"64\"><img loading=\"lazy\" decoding=\"async\" class=\"alignnone size-full wp-image-3517\" src=\"https:\/\/fmp-components.com\/wp-content\/uploads\/2025\/01\/ep_stainless-steel-motor-7.webp\" sizes=\"(max-width: 379px) 100vw, 379px\" srcset=\"https:\/\/fmp-components.com\/wp-content\/uploads\/2025\/01\/ep_stainless-steel-motor-7.webp 379w, https:\/\/fmp-components.com\/wp-content\/uploads\/2025\/01\/ep_stainless-steel-motor-7-300x200.webp 300w, https:\/\/fmp-components.com\/wp-content\/uploads\/2025\/01\/ep_stainless-steel-motor-7-18x12.webp 18w\" alt=\"paslanmaz \u00e7elik motor\" width=\"379\" height=\"253\" title=\"\"><\/td>\n<td style=\"width: 22.6782%;\" align=\"right\" width=\"64\"><\/td>\n<\/tr>\n<tr>\n<td style=\"width: 25.8099%;\" align=\"right\" height=\"18\">Tavuk ve \u00f6rdek t\u00fcy d\u00f6kme ekipman\u0131 motoru<\/td>\n<td style=\"width: 26.134%;\" align=\"right\">NEMA g\u0131da s\u0131n\u0131f\u0131 paslanmaz \u00e7elik motor<\/td>\n<td style=\"width: 25.162%;\" align=\"right\">G\u0131da s\u0131n\u0131f\u0131 IEC paslanmaz \u00e7elik motor<\/td>\n<td style=\"width: 22.6782%;\" align=\"right\"><\/td>\n<\/tr>\n<\/tbody>\n<\/table>\n<h2>FMP Hakk\u0131nda<\/h2>\n<p>FMP, geli\u015fmi\u015f motor ve elektromekanik \u00e7\u00f6z\u00fcmlerin tasar\u0131m\u0131, geli\u015ftirilmesi ve \u00fcretiminde uzmanla\u015fm\u0131\u015f, lider bir y\u00fcksek teknoloji kurulu\u015fudur. \u00dcr\u00fcn portf\u00f6y\u00fcm\u00fczde YE2, YE3 ve YE4 serisi motorlar\u0131n yan\u0131 s\u0131ra geni\u015f bir yelpazede t\u00fcrev \u00fcr\u00fcnler bulunmaktad\u0131r. Ayr\u0131ca, \u00fc\u00e7 fazl\u0131 ve tek fazl\u0131 se\u00e7enekler, al\u00fcminyum g\u00f6vdeli motorlar, standart d\u0131\u015f\u0131 motorlar, elektromekanik entegrasyonlu t\u00fcrbin di\u015fli red\u00fckt\u00f6rleri ve di\u011fer \u00f6zel motor \u00e7\u00f6z\u00fcmleri de dahil olmak \u00fczere hidrolik pompalar i\u00e7in \u00f6zel motorlar sunuyoruz.<\/p>\n<p>\u00dcr\u00fcnlerimiz end\u00fcstriyel otomasyon, CNC i\u015fleme, ayakkab\u0131 imalat\u0131, a\u011fa\u00e7 i\u015fleme, metal i\u015fleme, plastik ve in\u015faat makineleri gibi \u00e7e\u015fitli sekt\u00f6rlerde yayg\u0131n olarak kullan\u0131lmaktad\u0131r. FMP'nin yenilik\u00e7ilik ve kaliteye olan ba\u011fl\u0131l\u0131\u011f\u0131, t\u00fcm \u00fcr\u00fcnlerin en y\u00fcksek performans ve g\u00fcvenilirlik standartlar\u0131n\u0131 kar\u015f\u0131lamas\u0131n\u0131 sa\u011flar.<\/p>\n<p>Standart tekliflerimizin \u00f6tesinde, m\u00fc\u015fterilerimizin benzersiz ihtiya\u00e7lar\u0131na g\u00f6re \u00f6zel olarak tasarlanm\u0131\u015f \u00e7\u00f6z\u00fcmler sunmaktan gurur duyuyoruz. \u0130ster \u00f6zel motorlara, ister standart d\u0131\u015f\u0131 \u00fcr\u00fcnlere veya tamamen entegre sistemlere ihtiyac\u0131n\u0131z olsun, FMP hassas ve y\u00fcksek kaliteli \u00e7\u00f6z\u00fcmler sunmak i\u00e7in m\u00fc\u015fterilerimizle yak\u0131n bir \u015fekilde \u00e7al\u0131\u015f\u0131r. Hassas m\u00fchendisli\u011fe ve m\u00fc\u015fteri memnuniyetine verdi\u011fimiz \u00f6nem, k\u00fcresel pazarlardaki s\u00fcrekli b\u00fcy\u00fcmemizi ve ba\u015far\u0131m\u0131z\u0131 destekler.<\/p>\n<p>FMP olarak, uzun vadeli ve kar\u015f\u0131l\u0131kl\u0131 fayda sa\u011flayan ortakl\u0131klar kurmaya odaklan\u0131yoruz. M\u00fc\u015fterilerimizin ba\u015far\u0131s\u0131n\u0131 desteklemeye, her projenin ola\u011fan\u00fcst\u00fc sonu\u00e7lar vermesini ve k\u00fcresel varl\u0131\u011f\u0131m\u0131z\u0131 g\u00fc\u00e7lendirmesini sa\u011flamaya kendimizi adad\u0131k.<\/p>\n<table style=\"width: 100.629%;\" border=\"0\" width=\"128\" cellspacing=\"0\" cellpadding=\"0\">\n<tbody>\n<tr>\n<td style=\"width: 49.2308%;\" align=\"right\" width=\"64\" height=\"18\"><img loading=\"lazy\" decoding=\"async\" class=\"alignnone size-full wp-image-3398\" src=\"https:\/\/fmp-components.com\/wp-content\/uploads\/2025\/01\/Three-Phase-Motor-Factory.webp\" sizes=\"(min-width: 0px) and (max-width: 480px) 480px, (min-width: 481px) 900px, 100vw\" srcset=\"https:\/\/fmp-components.com\/wp-content\/uploads\/2025\/01\/Three-Phase-Motor-Factory.webp 900w, https:\/\/fmp-components.com\/wp-content\/uploads\/2025\/01\/Three-Phase-Motor-Factory-480x320.webp 480w\" alt=\"\u00dc\u00e7 Fazl\u0131 Motor Fabrikas\u0131\" width=\"900\" height=\"600\" title=\"\"><\/td>\n<td style=\"width: 659.231%;\" align=\"right\" width=\"64\"><img loading=\"lazy\" decoding=\"async\" class=\"alignnone size-full wp-image-3399\" src=\"https:\/\/fmp-components.com\/wp-content\/uploads\/2025\/01\/Three-Phase-Motor-Factory-2.webp\" sizes=\"(min-width: 0px) and (max-width: 480px) 480px, (min-width: 481px) 900px, 100vw\" srcset=\"https:\/\/fmp-components.com\/wp-content\/uploads\/2025\/01\/Three-Phase-Motor-Factory-2.webp 900w, https:\/\/fmp-components.com\/wp-content\/uploads\/2025\/01\/Three-Phase-Motor-Factory-2-480x320.webp 480w\" alt=\"\u00dc\u00e7 Fazl\u0131 Motor Fabrikas\u0131-2\" width=\"900\" height=\"600\" title=\"\"><\/td>\n<\/tr>\n<tr>\n<td style=\"width: 49.2308%;\" align=\"right\" height=\"18\"><img loading=\"lazy\" decoding=\"async\" class=\"alignnone size-full wp-image-3400\" src=\"https:\/\/fmp-components.com\/wp-content\/uploads\/2025\/01\/China-Three-Phase-Motor-Factory-1.webp\" sizes=\"(min-width: 0px) and (max-width: 480px) 480px, (min-width: 481px) 900px, 100vw\" srcset=\"https:\/\/fmp-components.com\/wp-content\/uploads\/2025\/01\/China-Three-Phase-Motor-Factory-1.webp 900w, https:\/\/fmp-components.com\/wp-content\/uploads\/2025\/01\/China-Three-Phase-Motor-Factory-1-480x320.webp 480w\" alt=\"\u00dc\u00e7 Fazl\u0131 Motor Fabrikas\u0131-1\" width=\"900\" height=\"600\" title=\"\"><\/td>\n<td style=\"width: 659.231%;\" align=\"right\"><img loading=\"lazy\" decoding=\"async\" class=\"alignnone size-full wp-image-3401\" src=\"https:\/\/fmp-components.com\/wp-content\/uploads\/2025\/01\/Three-Phase-Motor-Factory-3.webp\" sizes=\"(min-width: 0px) and (max-width: 480px) 480px, (min-width: 481px) 900px, 100vw\" srcset=\"https:\/\/fmp-components.com\/wp-content\/uploads\/2025\/01\/Three-Phase-Motor-Factory-3.webp 900w, https:\/\/fmp-components.com\/wp-content\/uploads\/2025\/01\/Three-Phase-Motor-Factory-3-480x320.webp 480w\" alt=\"\u00dc\u00e7 Fazl\u0131 Motor Fabrikas\u0131-3\" width=\"900\" height=\"600\" title=\"\"><\/td>\n<\/tr>\n<tr>\n<td style=\"width: 49.2308%;\"><img loading=\"lazy\" decoding=\"async\" class=\"alignnone size-full wp-image-3471\" src=\"https:\/\/fmp-components.com\/wp-content\/uploads\/2025\/01\/Single-Phase-Induction-Motor-Suppliers.webp\" sizes=\"(min-width: 0px) and (max-width: 480px) 480px, (min-width: 481px) 900px, 100vw\" srcset=\"https:\/\/fmp-components.com\/wp-content\/uploads\/2025\/01\/Single-Phase-Induction-Motor-Suppliers.webp 900w, https:\/\/fmp-components.com\/wp-content\/uploads\/2025\/01\/Single-Phase-Induction-Motor-Suppliers-480x320.webp 480w\" alt=\"Tek Fazl\u0131 Asenkron Motor Tedarik\u00e7ileri\" width=\"900\" height=\"600\" title=\"\"><\/td>\n<td style=\"width: 659.231%;\"><img loading=\"lazy\" decoding=\"async\" class=\"alignnone size-full wp-image-3470\" src=\"https:\/\/fmp-components.com\/wp-content\/uploads\/2025\/01\/Single-Phase-Induction-Motor-Manufacturers-1.webp\" sizes=\"(min-width: 0px) and (max-width: 480px) 480px, (min-width: 481px) 900px, 100vw\" srcset=\"https:\/\/fmp-components.com\/wp-content\/uploads\/2025\/01\/Single-Phase-Induction-Motor-Manufacturers-1.webp 900w, https:\/\/fmp-components.com\/wp-content\/uploads\/2025\/01\/Single-Phase-Induction-Motor-Manufacturers-1-480x320.webp 480w\" alt=\"Tek Fazl\u0131 End\u00fcksiyon Motoru \u00dcreticileri-1\" width=\"900\" height=\"600\" title=\"\"><\/td>\n<\/tr>\n<tr>\n<td style=\"width: 49.2308%;\"><img loading=\"lazy\" decoding=\"async\" class=\"alignnone size-full wp-image-3472\" src=\"https:\/\/fmp-components.com\/wp-content\/uploads\/2025\/01\/Single-Phase-Induction-Motor-Manufacturers.webp\" sizes=\"(min-width: 0px) and (max-width: 480px) 480px, (min-width: 481px) 900px, 100vw\" srcset=\"https:\/\/fmp-components.com\/wp-content\/uploads\/2025\/01\/Single-Phase-Induction-Motor-Manufacturers.webp 900w, https:\/\/fmp-components.com\/wp-content\/uploads\/2025\/01\/Single-Phase-Induction-Motor-Manufacturers-480x320.webp 480w\" alt=\"Tek Fazl\u0131 End\u00fcksiyon Motoru \u00dcreticileri\" width=\"900\" height=\"600\" title=\"\"><\/td>\n<td style=\"width: 659.231%;\"><img loading=\"lazy\" decoding=\"async\" class=\"alignnone size-full wp-image-3473\" src=\"https:\/\/fmp-components.com\/wp-content\/uploads\/2025\/01\/Single-Phase-Induction-Motor-for-Sale.webp\" sizes=\"(min-width: 0px) and (max-width: 480px) 480px, (min-width: 481px) 900px, 100vw\" srcset=\"https:\/\/fmp-components.com\/wp-content\/uploads\/2025\/01\/Single-Phase-Induction-Motor-for-Sale.webp 900w, https:\/\/fmp-components.com\/wp-content\/uploads\/2025\/01\/Single-Phase-Induction-Motor-for-Sale-480x320.webp 480w\" alt=\"Sat\u0131l\u0131k Tek Fazl\u0131 End\u00fcksiyon Motoru\" width=\"900\" height=\"600\" title=\"\"><\/td>\n<\/tr>\n<\/tbody>\n<\/table>\n<p>Yazar: CX<\/p>","protected":false},"excerpt":{"rendered":"<p>IEC Motors B5T Flange Mount Stainless Steel Motors &#8211; TENV Replacement for SEW Motors FMP standard stainless steel washdown motors are designed to meet the extreme and stringent hygiene requirements of today&#8217;s food processing, pharmaceutical, packaging and beverage industries. High pressure steam and water tested to stringent IP69K specifications, FMP&#8217;s food safe stainless steel motors [&hellip;]<\/p>","protected":false},"featured_media":3550,"comment_status":"open","ping_status":"closed","template":"","meta":{"_et_pb_use_builder":"","_et_pb_old_content":"","_et_gb_content_width":""},"product_brand":[],"product_cat":[88],"product_tag":[],"class_list":{"0":"post-3548","1":"product","2":"type-product","3":"status-publish","4":"has-post-thumbnail","6":"product_cat-stainless-steel-motors","8":"first","9":"instock","10":"shipping-taxable","11":"product-type-simple"},"_links":{"self":[{"href":"https:\/\/fmp-components.com\/tr\/wp-json\/wp\/v2\/product\/3548","targetHints":{"allow":["GET"]}}],"collection":[{"href":"https:\/\/fmp-components.com\/tr\/wp-json\/wp\/v2\/product"}],"about":[{"href":"https:\/\/fmp-components.com\/tr\/wp-json\/wp\/v2\/types\/product"}],"replies":[{"embeddable":true,"href":"https:\/\/fmp-components.com\/tr\/wp-json\/wp\/v2\/comments?post=3548"}],"wp:featuredmedia":[{"embeddable":true,"href":"https:\/\/fmp-components.com\/tr\/wp-json\/wp\/v2\/media\/3550"}],"wp:attachment":[{"href":"https:\/\/fmp-components.com\/tr\/wp-json\/wp\/v2\/media?parent=3548"}],"wp:term":[{"taxonomy":"product_brand","embeddable":true,"href":"https:\/\/fmp-components.com\/tr\/wp-json\/wp\/v2\/product_brand?post=3548"},{"taxonomy":"product_cat","embeddable":true,"href":"https:\/\/fmp-components.com\/tr\/wp-json\/wp\/v2\/product_cat?post=3548"},{"taxonomy":"product_tag","embeddable":true,"href":"https:\/\/fmp-components.com\/tr\/wp-json\/wp\/v2\/product_tag?post=3548"}],"curies":[{"name":"wp","href":"https:\/\/api.w.org\/{rel}","templated":true}]}}