{"id":3527,"date":"2025-01-08T02:57:07","date_gmt":"2025-01-08T02:57:07","guid":{"rendered":"https:\/\/fmp-components.com\/?page_id=8"},"modified":"2025-01-08T02:57:07","modified_gmt":"2025-01-08T02:57:07","slug":"tefc-nema-stainless-steel-motor","status":"publish","type":"product","link":"https:\/\/fmp-components.com\/tr\/product\/tefc-nema-stainless-steel-motor\/","title":{"rendered":"TEFC NEMA Paslanmaz \u00c7elik Motor"},"content":{"rendered":"<p style=\"text-align: center;\"><span style=\"font-size: 18pt;\">TEFC NEMA Paslanmaz \u00c7elik Motor<\/span><\/p>\n<p>G\u0131da end\u00fcstrisi, \u00e7ok \u00e7e\u015fitli prosesleri ve farkl\u0131 \u00fcr\u00fcn t\u00fcrlerinin bir araya gelmesini kapsayan geni\u015f bir uygulama yelpazesine sahiptir.<br \/>\nG\u0131da end\u00fcstrisinin \u00e7al\u0131\u015fma ortam\u0131 genellikle zorludur; ekipmanlar a\u015f\u0131r\u0131 y\u00fcksek veya d\u00fc\u015f\u00fck s\u0131cakl\u0131klarda, nemde ve hatta a\u015f\u0131nd\u0131r\u0131c\u0131 kimyasal \u00fcr\u00fcnlerle s\u0131k s\u0131k temizlik gerektirir. Ayr\u0131ca, g\u0131da end\u00fcstrisinin y\u00fcksek hijyen standartlar\u0131n\u0131 korumas\u0131 gerekir ve bu da bu sekt\u00f6rde kullan\u0131lan ekipmanlar i\u00e7in b\u00fcy\u00fck bir zorluk te\u015fkil edecektir.<\/p>\n<p><img loading=\"lazy\" decoding=\"async\" class=\"alignnone  wp-image-3528\" src=\"https:\/\/fmp-components.com\/wp-content\/uploads\/2025\/01\/fmp_9.stainless-steel-motor-2.webp\" alt=\"fmp_9.paslanmaz-\u00e7elik-motor-2\" width=\"864\" height=\"321\" title=\"\" srcset=\"https:\/\/fmp-components.com\/wp-content\/uploads\/2025\/01\/fmp_9.stainless-steel-motor-2.webp 864w, https:\/\/fmp-components.com\/wp-content\/uploads\/2025\/01\/fmp_9.stainless-steel-motor-2-480x178.webp 480w\" sizes=\"(min-width: 0px) and (max-width: 480px) 480px, (min-width: 481px) 864px, 100vw\" \/> <img loading=\"lazy\" decoding=\"async\" class=\"alignnone  wp-image-3529\" src=\"https:\/\/fmp-components.com\/wp-content\/uploads\/2025\/01\/fmp_9.stainless-steel-motor-3.webp\" alt=\"fmp_9.paslanmaz-\u00e7elik-motor-3\" width=\"917\" height=\"310\" title=\"\" srcset=\"https:\/\/fmp-components.com\/wp-content\/uploads\/2025\/01\/fmp_9.stainless-steel-motor-3.webp 917w, https:\/\/fmp-components.com\/wp-content\/uploads\/2025\/01\/fmp_9.stainless-steel-motor-3-480x162.webp 480w\" sizes=\"(min-width: 0px) and (max-width: 480px) 480px, (min-width: 481px) 917px, 100vw\" \/><\/p>\n<div class=\"group\/conversation-turn relative flex w-full min-w-0 flex-col agent-turn\">\n<div class=\"flex-col gap-1 md:gap-3\">\n<div class=\"flex max-w-full flex-col flex-grow\">\n<div class=\"min-h-8 text-message flex w-full flex-col items-end gap-2 whitespace-normal break-words text-start [.text-message+&amp;]:mt-5\" dir=\"auto\" data-message-author-role=\"assistant\" data-message-id=\"282966a6-9bd4-4bc9-bd61-6ed87a105881\" data-message-model-slug=\"gpt-4o\">\n<div class=\"flex w-full flex-col gap-1 empty:hidden first:pt-[3px]\">\n<div class=\"markdown prose w-full break-words dark:prose-invert light\">\n<h2>G\u0131da Kal\u0131nt\u0131lar\u0131n\u0131 \u00d6nlemek \u0130\u00e7in NEMA Paslanmaz \u00c7elik Motor<\/h2>\n<p>Toplumsal g\u0131da hijyeni ve g\u00fcvenli\u011fi standartlar\u0131 geli\u015fmeye devam ettik\u00e7e, g\u0131da i\u015fleme s\u00fcre\u00e7lerinde temizli\u011fin \u00f6nemi hi\u00e7 bu kadar kritik olmam\u0131\u015ft\u0131. Ekipmanlarda kalan g\u0131da kal\u0131nt\u0131lar\u0131, iyice temizlenmezse bozulabilir ve \u00f6nemli sa\u011fl\u0131k riskleri olu\u015fturabilir.<\/p>\n<p>Genellikle boyal\u0131 y\u00fczey kullanan geleneksel d\u00f6kme demir ve d\u00f6kme al\u00fcminyum motorlarda, uzun s\u00fcreli korozyona maruz kalma nedeniyle boya d\u00f6k\u00fclmesi s\u0131kl\u0131kla g\u00f6r\u00fcl\u00fcr. Bu durum, hem g\u0131dan\u0131n hem de \u00e7al\u0131\u015fma ortam\u0131n\u0131n kirlenmesine yol a\u00e7abilir.<\/p>\n<p>Buna kar\u015f\u0131l\u0131k, \u00f6zel olarak tasarlanm\u0131\u015f paslanmaz \u00e7elik motorumuz korozyona kar\u015f\u0131 son derece dayan\u0131kl\u0131d\u0131r ve temizlenmesi zor k\u00f6\u015feleri olmayan, p\u00fcr\u00fczs\u00fcz ve p\u00fcr\u00fczs\u00fcz bir y\u00fczeye sahiptir. Bu tasar\u0131m, suyla kolayca y\u0131kan\u0131p temizlenmesini sa\u011flayarak y\u00fcksek hijyen seviyesi sa\u011flar. Kontaminasyonu \u00f6nleyerek paslanmaz \u00e7elik motor, g\u0131da i\u015fleme sistemlerinin g\u00fcvenli\u011fini, temizli\u011fini ve genel verimlili\u011fini korumada hayati bir rol oynar.<\/p>\n<p><img loading=\"lazy\" decoding=\"async\" class=\"alignnone  wp-image-3531\" src=\"https:\/\/fmp-components.com\/wp-content\/uploads\/2025\/01\/ep_steel-motor-application-3.webp\" alt=\"fmp_\u00e7elik-motor-uygulamas\u0131-3\" width=\"923\" height=\"568\" title=\"\" srcset=\"https:\/\/fmp-components.com\/wp-content\/uploads\/2025\/01\/ep_steel-motor-application-3.webp 408w, https:\/\/fmp-components.com\/wp-content\/uploads\/2025\/01\/ep_steel-motor-application-3-300x185.webp 300w, https:\/\/fmp-components.com\/wp-content\/uploads\/2025\/01\/ep_steel-motor-application-3-18x12.webp 18w\" sizes=\"(max-width: 923px) 100vw, 923px\" \/><\/p>\n<\/div>\n<\/div>\n<\/div>\n<\/div>\n<\/div>\n<\/div>\n<h2>\u0130lgili Paslanmaz \u00c7elik Motor<\/h2>\n<table border=\"1\" width=\"100%\" cellspacing=\"0\" cellpadding=\"0\">\n<tbody>\n<tr>\n<td align=\"right\" width=\"64\" height=\"18\"><img loading=\"lazy\" decoding=\"async\" class=\"alignnone size-full wp-image-3507\" src=\"https:\/\/fmp-components.com\/wp-content\/uploads\/2025\/01\/ep_stainless-steel-motor-1.webp\" sizes=\"(max-width: 379px) 100vw, 379px\" srcset=\"https:\/\/fmp-components.com\/wp-content\/uploads\/2025\/01\/ep_stainless-steel-motor-1.webp 379w, https:\/\/fmp-components.com\/wp-content\/uploads\/2025\/01\/ep_stainless-steel-motor-1-300x200.webp 300w, https:\/\/fmp-components.com\/wp-content\/uploads\/2025\/01\/ep_stainless-steel-motor-1-18x12.webp 18w\" alt=\"paslanmaz \u00e7elik motor\" width=\"379\" height=\"253\" title=\"\"><\/td>\n<td align=\"right\" width=\"64\"><img loading=\"lazy\" decoding=\"async\" class=\"alignnone size-full wp-image-3508\" src=\"https:\/\/fmp-components.com\/wp-content\/uploads\/2025\/01\/ep_stainless-steel-motor-2-2.webp\" sizes=\"(max-width: 379px) 100vw, 379px\" srcset=\"https:\/\/fmp-components.com\/wp-content\/uploads\/2025\/01\/ep_stainless-steel-motor-2-2.webp 379w, https:\/\/fmp-components.com\/wp-content\/uploads\/2025\/01\/ep_stainless-steel-motor-2-2-300x200.webp 300w, https:\/\/fmp-components.com\/wp-content\/uploads\/2025\/01\/ep_stainless-steel-motor-2-2-18x12.webp 18w\" alt=\"paslanmaz \u00e7elik motor\" width=\"379\" height=\"253\" title=\"\"><\/td>\n<td align=\"right\" width=\"64\"><img loading=\"lazy\" decoding=\"async\" class=\"alignnone size-full wp-image-3509\" src=\"https:\/\/fmp-components.com\/wp-content\/uploads\/2025\/01\/ep_stainless-steel-motor-6.webp\" sizes=\"(max-width: 379px) 100vw, 379px\" srcset=\"https:\/\/fmp-components.com\/wp-content\/uploads\/2025\/01\/ep_stainless-steel-motor-6.webp 379w, https:\/\/fmp-components.com\/wp-content\/uploads\/2025\/01\/ep_stainless-steel-motor-6-300x200.webp 300w, https:\/\/fmp-components.com\/wp-content\/uploads\/2025\/01\/ep_stainless-steel-motor-6-18x12.webp 18w\" alt=\"paslanmaz \u00e7elik motor\" width=\"379\" height=\"253\" title=\"\"><\/td>\n<td align=\"right\" width=\"64\"><img loading=\"lazy\" decoding=\"async\" class=\"alignnone size-full wp-image-3510\" src=\"https:\/\/fmp-components.com\/wp-content\/uploads\/2025\/01\/ep_stainless-steel-motor-300x200-1.webp\" sizes=\"(max-width: 300px) 100vw, 300px\" srcset=\"https:\/\/fmp-components.com\/wp-content\/uploads\/2025\/01\/ep_stainless-steel-motor-300x200-1.webp 300w, https:\/\/fmp-components.com\/wp-content\/uploads\/2025\/01\/ep_stainless-steel-motor-300x200-1-18x12.webp 18w\" alt=\"paslanmaz \u00e7elik motor\" width=\"300\" height=\"200\" title=\"\"><\/td>\n<\/tr>\n<tr>\n<td align=\"right\" height=\"18\">Paslanmaz \u00e7elik kal\u0131c\u0131 m\u0131knat\u0131sl\u0131 motor<\/td>\n<td align=\"right\">Su so\u011futmal\u0131 paslanmaz \u00e7elik motor<\/td>\n<td align=\"right\">G\u0131da end\u00fcstrisi elektrik motoru<\/td>\n<td align=\"right\">Paslanmaz \u00e7elik motor<\/td>\n<\/tr>\n<tr>\n<td align=\"right\" height=\"18\"><img loading=\"lazy\" decoding=\"async\" class=\"alignnone size-full wp-image-3511\" src=\"https:\/\/fmp-components.com\/wp-content\/uploads\/2025\/01\/ep_stainless-steel-motor-4.webp\" sizes=\"(max-width: 379px) 100vw, 379px\" srcset=\"https:\/\/fmp-components.com\/wp-content\/uploads\/2025\/01\/ep_stainless-steel-motor-4.webp 379w, https:\/\/fmp-components.com\/wp-content\/uploads\/2025\/01\/ep_stainless-steel-motor-4-300x200.webp 300w, https:\/\/fmp-components.com\/wp-content\/uploads\/2025\/01\/ep_stainless-steel-motor-4-18x12.webp 18w\" alt=\"paslanmaz \u00e7elik motor\" width=\"379\" height=\"253\" title=\"\"><\/td>\n<td align=\"right\"><img loading=\"lazy\" decoding=\"async\" class=\"alignnone size-full wp-image-3512\" src=\"https:\/\/fmp-components.com\/wp-content\/uploads\/2025\/01\/ep_stainless-steel-motor-3.webp\" sizes=\"(max-width: 379px) 100vw, 379px\" srcset=\"https:\/\/fmp-components.com\/wp-content\/uploads\/2025\/01\/ep_stainless-steel-motor-3.webp 379w, https:\/\/fmp-components.com\/wp-content\/uploads\/2025\/01\/ep_stainless-steel-motor-3-300x200.webp 300w, https:\/\/fmp-components.com\/wp-content\/uploads\/2025\/01\/ep_stainless-steel-motor-3-18x12.webp 18w\" alt=\"paslanmaz \u00e7elik motor\" width=\"379\" height=\"253\" title=\"\"><\/td>\n<td align=\"right\"><img loading=\"lazy\" decoding=\"async\" class=\"alignnone size-full wp-image-3513\" src=\"https:\/\/fmp-components.com\/wp-content\/uploads\/2025\/01\/ep_stainless-steel-motor-5.webp\" sizes=\"(max-width: 379px) 100vw, 379px\" srcset=\"https:\/\/fmp-components.com\/wp-content\/uploads\/2025\/01\/ep_stainless-steel-motor-5.webp 379w, https:\/\/fmp-components.com\/wp-content\/uploads\/2025\/01\/ep_stainless-steel-motor-5-300x200.webp 300w, https:\/\/fmp-components.com\/wp-content\/uploads\/2025\/01\/ep_stainless-steel-motor-5-18x12.webp 18w\" alt=\"paslanmaz \u00e7elik motor\" width=\"379\" height=\"253\" title=\"\"><\/td>\n<td align=\"right\"><img loading=\"lazy\" decoding=\"async\" class=\"alignnone size-full wp-image-3514\" src=\"https:\/\/fmp-components.com\/wp-content\/uploads\/2025\/01\/ep_stainless-steel-motor-6-1.webp\" sizes=\"(max-width: 379px) 100vw, 379px\" srcset=\"https:\/\/fmp-components.com\/wp-content\/uploads\/2025\/01\/ep_stainless-steel-motor-6-1.webp 379w, https:\/\/fmp-components.com\/wp-content\/uploads\/2025\/01\/ep_stainless-steel-motor-6-1-300x200.webp 300w, https:\/\/fmp-components.com\/wp-content\/uploads\/2025\/01\/ep_stainless-steel-motor-6-1-18x12.webp 18w\" alt=\"paslanmaz \u00e7elik motor\" width=\"379\" height=\"253\" title=\"\"><\/td>\n<\/tr>\n<tr>\n<td align=\"right\" height=\"18\">IEC em\u00fclsifiye g\u0131da makineleri AC motoru<\/td>\n<td align=\"right\">NEMA 56C asenkron motor<\/td>\n<td align=\"right\">IEC paslanmaz \u00e7elik AC motor<\/td>\n<td>IEC tamamen paslanmaz \u00e7elikten y\u00fcksek verimli motor<\/td>\n<\/tr>\n<tr>\n<td align=\"right\" width=\"64\" height=\"18\"><img loading=\"lazy\" decoding=\"async\" class=\"alignnone size-full wp-image-3515\" src=\"https:\/\/fmp-components.com\/wp-content\/uploads\/2025\/01\/ep_stainless-steel-motor-2.webp\" sizes=\"(max-width: 379px) 100vw, 379px\" srcset=\"https:\/\/fmp-components.com\/wp-content\/uploads\/2025\/01\/ep_stainless-steel-motor-2.webp 379w, https:\/\/fmp-components.com\/wp-content\/uploads\/2025\/01\/ep_stainless-steel-motor-2-300x200.webp 300w, https:\/\/fmp-components.com\/wp-content\/uploads\/2025\/01\/ep_stainless-steel-motor-2-18x12.webp 18w\" alt=\"paslanmaz \u00e7elik motor\" width=\"379\" height=\"253\" title=\"\"><\/td>\n<td align=\"right\" width=\"64\"><img loading=\"lazy\" decoding=\"async\" class=\"alignnone size-full wp-image-3516\" src=\"https:\/\/fmp-components.com\/wp-content\/uploads\/2025\/01\/ep_stainless-steel-motor-8.webp\" sizes=\"(max-width: 379px) 100vw, 379px\" srcset=\"https:\/\/fmp-components.com\/wp-content\/uploads\/2025\/01\/ep_stainless-steel-motor-8.webp 379w, https:\/\/fmp-components.com\/wp-content\/uploads\/2025\/01\/ep_stainless-steel-motor-8-300x200.webp 300w, https:\/\/fmp-components.com\/wp-content\/uploads\/2025\/01\/ep_stainless-steel-motor-8-18x12.webp 18w\" alt=\"paslanmaz \u00e7elik motor\" width=\"379\" height=\"253\" title=\"\"><\/td>\n<td align=\"right\" width=\"64\"><img loading=\"lazy\" decoding=\"async\" class=\"alignnone size-full wp-image-3517\" src=\"https:\/\/fmp-components.com\/wp-content\/uploads\/2025\/01\/ep_stainless-steel-motor-7.webp\" sizes=\"(max-width: 379px) 100vw, 379px\" srcset=\"https:\/\/fmp-components.com\/wp-content\/uploads\/2025\/01\/ep_stainless-steel-motor-7.webp 379w, https:\/\/fmp-components.com\/wp-content\/uploads\/2025\/01\/ep_stainless-steel-motor-7-300x200.webp 300w, https:\/\/fmp-components.com\/wp-content\/uploads\/2025\/01\/ep_stainless-steel-motor-7-18x12.webp 18w\" alt=\"paslanmaz \u00e7elik motor\" width=\"379\" height=\"253\" title=\"\"><\/td>\n<td align=\"right\" width=\"64\"><\/td>\n<\/tr>\n<tr>\n<td align=\"right\" height=\"18\">Tavuk ve \u00f6rdek t\u00fcy d\u00f6kme ekipman\u0131 motoru<\/td>\n<td align=\"right\">NEMA g\u0131da s\u0131n\u0131f\u0131 paslanmaz \u00e7elik motor<\/td>\n<td align=\"right\">G\u0131da s\u0131n\u0131f\u0131 IEC paslanmaz \u00e7elik motor<\/td>\n<td align=\"right\"><\/td>\n<\/tr>\n<\/tbody>\n<\/table>\n<h2>FMP Hakk\u0131nda<\/h2>\n<p>FMP, geli\u015fmi\u015f motor ve elektromekanik \u00e7\u00f6z\u00fcmlerin tasar\u0131m\u0131, geli\u015ftirilmesi ve \u00fcretiminde uzmanla\u015fm\u0131\u015f ulusal bir y\u00fcksek teknoloji kurulu\u015fudur. YE2, YE3 ve YE4 serisi motorlar\u0131n yan\u0131 s\u0131ra \u00e7e\u015fitli t\u00fcrev \u00fcr\u00fcnler \u00fcretmeye odaklan\u0131yoruz. \u00dcr\u00fcn yelpazemiz aras\u0131nda hidrolik pompalar i\u00e7in \u00fc\u00e7 fazl\u0131 ve tek fazl\u0131 motorlar, al\u00fcminyum g\u00f6vdeli motorlar, hidrolik pompalar i\u00e7in standart d\u0131\u015f\u0131 motorlar, elektromekanik entegrasyonlu t\u00fcrbin di\u015fli red\u00fckt\u00f6rleri ve di\u011fer \u00f6zel motorlar da bulunmaktad\u0131r.<\/p>\n<p>FMP \u00fcr\u00fcnleri, CNC torna tezgahlar\u0131, ayakkab\u0131 imalat makineleri, a\u011fa\u00e7 i\u015fleme makineleri, metal i\u015fleme makineleri, plastik makineleri ve in\u015faat makineleri gibi \u00f6nemli sekt\u00f6rlere hizmet veren end\u00fcstriyel otomasyonda yayg\u0131n olarak kullan\u0131lmaktad\u0131r. Yenilik ve kaliteye olan g\u00fc\u00e7l\u00fc ba\u011fl\u0131l\u0131\u011f\u0131yla FMP, t\u00fcm \u00fcr\u00fcnlerinin en y\u00fcksek performans standartlar\u0131n\u0131 kar\u015f\u0131lamas\u0131n\u0131 sa\u011flar.<\/p>\n<p>Kapsaml\u0131 \u00fcr\u00fcn yelpazemizin yan\u0131 s\u0131ra, m\u00fc\u015fterilerimizin \u00f6zel ihtiya\u00e7lar\u0131na g\u00f6re uyarlanm\u0131\u015f \u00f6zel \u00e7\u00f6z\u00fcmler sunmaktan gurur duyuyoruz. \u0130ster \u00f6zel motorlara, ister standart d\u0131\u015f\u0131 \u00fcr\u00fcnlere veya entegre sistemlere ihtiyac\u0131n\u0131z olsun, FMP y\u00fcksek kaliteli ve size \u00f6zel \u00e7\u00f6z\u00fcmler sunmak i\u00e7in m\u00fc\u015fterileriyle yak\u0131n bir \u015fekilde \u00e7al\u0131\u015f\u0131r. Hassas m\u00fchendislik ve m\u00fc\u015fteri memnuniyetine odaklanmam\u0131z, k\u00fcresel pazarlardaki s\u00fcrekli ba\u015far\u0131m\u0131z\u0131 sa\u011flar.<\/p>\n<p>FMP olarak, her projede m\u00fc\u015fterilerimizin ba\u015far\u0131s\u0131n\u0131 destekleyerek, uzun vadeli, kar\u015f\u0131l\u0131kl\u0131 fayda sa\u011flayan ortakl\u0131klar kurmaya kendimizi adad\u0131k.<\/p>\n<table style=\"width: 100.629%;\" border=\"0\" width=\"128\" cellspacing=\"0\" cellpadding=\"0\">\n<tbody>\n<tr>\n<td style=\"width: 49.2308%;\" align=\"right\" width=\"64\" height=\"18\"><img loading=\"lazy\" decoding=\"async\" class=\"alignnone size-full wp-image-3398\" src=\"https:\/\/fmp-components.com\/wp-content\/uploads\/2025\/01\/Three-Phase-Motor-Factory.webp\" sizes=\"(min-width: 0px) and (max-width: 480px) 480px, (min-width: 481px) 900px, 100vw\" srcset=\"https:\/\/fmp-components.com\/wp-content\/uploads\/2025\/01\/Three-Phase-Motor-Factory.webp 900w, https:\/\/fmp-components.com\/wp-content\/uploads\/2025\/01\/Three-Phase-Motor-Factory-480x320.webp 480w\" alt=\"\u00dc\u00e7 Fazl\u0131 Motor Fabrikas\u0131\" width=\"900\" height=\"600\" title=\"\"><\/td>\n<td style=\"width: 659.231%;\" align=\"right\" width=\"64\"><img loading=\"lazy\" decoding=\"async\" class=\"alignnone size-full wp-image-3399\" src=\"https:\/\/fmp-components.com\/wp-content\/uploads\/2025\/01\/Three-Phase-Motor-Factory-2.webp\" sizes=\"(min-width: 0px) and (max-width: 480px) 480px, (min-width: 481px) 900px, 100vw\" srcset=\"https:\/\/fmp-components.com\/wp-content\/uploads\/2025\/01\/Three-Phase-Motor-Factory-2.webp 900w, https:\/\/fmp-components.com\/wp-content\/uploads\/2025\/01\/Three-Phase-Motor-Factory-2-480x320.webp 480w\" alt=\"\u00dc\u00e7 Fazl\u0131 Motor Fabrikas\u0131-2\" width=\"900\" height=\"600\" title=\"\"><\/td>\n<\/tr>\n<tr>\n<td style=\"width: 49.2308%;\" align=\"right\" height=\"18\"><img loading=\"lazy\" decoding=\"async\" class=\"alignnone size-full wp-image-3400\" src=\"https:\/\/fmp-components.com\/wp-content\/uploads\/2025\/01\/China-Three-Phase-Motor-Factory-1.webp\" sizes=\"(min-width: 0px) and (max-width: 480px) 480px, (min-width: 481px) 900px, 100vw\" srcset=\"https:\/\/fmp-components.com\/wp-content\/uploads\/2025\/01\/China-Three-Phase-Motor-Factory-1.webp 900w, https:\/\/fmp-components.com\/wp-content\/uploads\/2025\/01\/China-Three-Phase-Motor-Factory-1-480x320.webp 480w\" alt=\"\u00dc\u00e7 Fazl\u0131 Motor Fabrikas\u0131-1\" width=\"900\" height=\"600\" title=\"\"><\/td>\n<td style=\"width: 659.231%;\" align=\"right\"><img loading=\"lazy\" decoding=\"async\" class=\"alignnone size-full wp-image-3401\" src=\"https:\/\/fmp-components.com\/wp-content\/uploads\/2025\/01\/Three-Phase-Motor-Factory-3.webp\" sizes=\"(min-width: 0px) and (max-width: 480px) 480px, (min-width: 481px) 900px, 100vw\" srcset=\"https:\/\/fmp-components.com\/wp-content\/uploads\/2025\/01\/Three-Phase-Motor-Factory-3.webp 900w, https:\/\/fmp-components.com\/wp-content\/uploads\/2025\/01\/Three-Phase-Motor-Factory-3-480x320.webp 480w\" alt=\"\u00dc\u00e7 Fazl\u0131 Motor Fabrikas\u0131-3\" width=\"900\" height=\"600\" title=\"\"><\/td>\n<\/tr>\n<tr>\n<td style=\"width: 49.2308%;\"><img loading=\"lazy\" decoding=\"async\" class=\"alignnone size-full wp-image-3471\" src=\"https:\/\/fmp-components.com\/wp-content\/uploads\/2025\/01\/Single-Phase-Induction-Motor-Suppliers.webp\" sizes=\"(min-width: 0px) and (max-width: 480px) 480px, (min-width: 481px) 900px, 100vw\" srcset=\"https:\/\/fmp-components.com\/wp-content\/uploads\/2025\/01\/Single-Phase-Induction-Motor-Suppliers.webp 900w, https:\/\/fmp-components.com\/wp-content\/uploads\/2025\/01\/Single-Phase-Induction-Motor-Suppliers-480x320.webp 480w\" alt=\"Tek Fazl\u0131 Asenkron Motor Tedarik\u00e7ileri\" width=\"900\" height=\"600\" title=\"\"><\/td>\n<td style=\"width: 659.231%;\"><img loading=\"lazy\" decoding=\"async\" class=\"alignnone size-full wp-image-3470\" src=\"https:\/\/fmp-components.com\/wp-content\/uploads\/2025\/01\/Single-Phase-Induction-Motor-Manufacturers-1.webp\" sizes=\"(min-width: 0px) and (max-width: 480px) 480px, (min-width: 481px) 900px, 100vw\" srcset=\"https:\/\/fmp-components.com\/wp-content\/uploads\/2025\/01\/Single-Phase-Induction-Motor-Manufacturers-1.webp 900w, https:\/\/fmp-components.com\/wp-content\/uploads\/2025\/01\/Single-Phase-Induction-Motor-Manufacturers-1-480x320.webp 480w\" alt=\"Tek Fazl\u0131 End\u00fcksiyon Motoru \u00dcreticileri-1\" width=\"900\" height=\"600\" title=\"\"><\/td>\n<\/tr>\n<tr>\n<td style=\"width: 49.2308%;\"><img loading=\"lazy\" decoding=\"async\" class=\"alignnone size-full wp-image-3472\" src=\"https:\/\/fmp-components.com\/wp-content\/uploads\/2025\/01\/Single-Phase-Induction-Motor-Manufacturers.webp\" sizes=\"(min-width: 0px) and (max-width: 480px) 480px, (min-width: 481px) 900px, 100vw\" srcset=\"https:\/\/fmp-components.com\/wp-content\/uploads\/2025\/01\/Single-Phase-Induction-Motor-Manufacturers.webp 900w, https:\/\/fmp-components.com\/wp-content\/uploads\/2025\/01\/Single-Phase-Induction-Motor-Manufacturers-480x320.webp 480w\" alt=\"Tek Fazl\u0131 End\u00fcksiyon Motoru \u00dcreticileri\" width=\"900\" height=\"600\" title=\"\"><\/td>\n<td style=\"width: 659.231%;\"><img loading=\"lazy\" decoding=\"async\" class=\"alignnone size-full wp-image-3473\" src=\"https:\/\/fmp-components.com\/wp-content\/uploads\/2025\/01\/Single-Phase-Induction-Motor-for-Sale.webp\" sizes=\"(min-width: 0px) and (max-width: 480px) 480px, (min-width: 481px) 900px, 100vw\" srcset=\"https:\/\/fmp-components.com\/wp-content\/uploads\/2025\/01\/Single-Phase-Induction-Motor-for-Sale.webp 900w, https:\/\/fmp-components.com\/wp-content\/uploads\/2025\/01\/Single-Phase-Induction-Motor-for-Sale-480x320.webp 480w\" alt=\"Sat\u0131l\u0131k Tek Fazl\u0131 End\u00fcksiyon Motoru\" width=\"900\" height=\"600\" title=\"\"><\/td>\n<\/tr>\n<\/tbody>\n<\/table>\n<p>Yazar: CX<\/p>","protected":false},"excerpt":{"rendered":"<p>TEFC NEMA Stainless Steel Motor The food industry has a wide range of applications, covering a variety of processes and a combination of different types of products. The environment of the food industry is usually harsh, with equipment in extremely high or low temperatures, humidity, and even the need for frequent cleaning with corrosive chemical [&hellip;]<\/p>","protected":false},"featured_media":3530,"comment_status":"open","ping_status":"closed","template":"","meta":{"_et_pb_use_builder":"","_et_pb_old_content":"","_et_gb_content_width":""},"product_brand":[],"product_cat":[88],"product_tag":[],"class_list":{"0":"post-3527","1":"product","2":"type-product","3":"status-publish","4":"has-post-thumbnail","6":"product_cat-stainless-steel-motors","8":"first","9":"instock","10":"shipping-taxable","11":"product-type-simple"},"_links":{"self":[{"href":"https:\/\/fmp-components.com\/tr\/wp-json\/wp\/v2\/product\/3527","targetHints":{"allow":["GET"]}}],"collection":[{"href":"https:\/\/fmp-components.com\/tr\/wp-json\/wp\/v2\/product"}],"about":[{"href":"https:\/\/fmp-components.com\/tr\/wp-json\/wp\/v2\/types\/product"}],"replies":[{"embeddable":true,"href":"https:\/\/fmp-components.com\/tr\/wp-json\/wp\/v2\/comments?post=3527"}],"wp:featuredmedia":[{"embeddable":true,"href":"https:\/\/fmp-components.com\/tr\/wp-json\/wp\/v2\/media\/3530"}],"wp:attachment":[{"href":"https:\/\/fmp-components.com\/tr\/wp-json\/wp\/v2\/media?parent=3527"}],"wp:term":[{"taxonomy":"product_brand","embeddable":true,"href":"https:\/\/fmp-components.com\/tr\/wp-json\/wp\/v2\/product_brand?post=3527"},{"taxonomy":"product_cat","embeddable":true,"href":"https:\/\/fmp-components.com\/tr\/wp-json\/wp\/v2\/product_cat?post=3527"},{"taxonomy":"product_tag","embeddable":true,"href":"https:\/\/fmp-components.com\/tr\/wp-json\/wp\/v2\/product_tag?post=3527"}],"curies":[{"name":"wp","href":"https:\/\/api.w.org\/{rel}","templated":true}]}}