{"id":3518,"date":"2025-01-08T02:37:21","date_gmt":"2025-01-08T02:37:21","guid":{"rendered":"https:\/\/fmp-components.com\/?page_id=8"},"modified":"2025-01-08T02:39:02","modified_gmt":"2025-01-08T02:39:02","slug":"tefc-stainless-steel-nema-washdown-electric-motor","status":"publish","type":"product","link":"https:\/\/fmp-components.com\/tr\/product\/tefc-stainless-steel-nema-washdown-electric-motor\/","title":{"rendered":"TEFC Paslanmaz \u00c7elik NEMA Y\u0131kanabilir Elektrik Motoru"},"content":{"rendered":"<p style=\"text-align: center;\"><span style=\"font-size: 18pt;\">TEFC Paslanmaz \u00c7elik NEMA Y\u0131kanabilir Elektrik Motoru<\/span><\/p>\n<p>Zamanla, g\u0131da ve i\u00e7ecek tesislerinde ekipman ar\u0131zalar\u0131 tipik hale gelmi\u015ftir. Bir\u00e7ok i\u00e7 mekan dolab\u0131, hortum ge\u00e7i\u015flerinden veya s\u0131\u00e7rayan sudan (y\u0131kama) kaynaklanan a\u015f\u0131r\u0131 nemden korunmal\u0131d\u0131r. Y\u0131kama motorlar\u0131, g\u0131da ve i\u00e7ecek tesislerinde ve motorlar\u0131n s\u0131kl\u0131kla y\u0131kama ve kirletici maddelere (kimyasallar, nem ve rutubet) maruz kald\u0131\u011f\u0131 di\u011fer uygulamalarda kullan\u0131lmak \u00fczere tasarlanm\u0131\u015ft\u0131r.<br \/>\nY\u0131kanabilir motorlar, motorun i\u00e7 bile\u015fenlerini (stator sarg\u0131lar\u0131, stator d\u00fczene\u011fi, rotor ve \u015faft) korur.<\/p>\n<p>Y\u0131kanabilir AC motorlar, y\u00fcksek nemli ve rutubetli ortamlardaki konvey\u00f6rlere g\u00fc\u00e7 sa\u011flar. Kimya, ila\u00e7, g\u0131da ve i\u00e7ecek \u00fcretiminde ekipmanlar\u0131n d\u00fczenli olarak y\u0131kanmas\u0131 ve temizlenmesi bir zorunluluktur. Tamamen kapal\u0131d\u0131rlar ve motorun i\u00e7 bile\u015fenlerine zarar verebilecek su veya di\u011fer s\u0131v\u0131lara dayan\u0131kl\u0131d\u0131rlar. Motor \u015faft\u0131, V halkal\u0131 d\u00f6ner \u015faft contas\u0131 ve yayl\u0131 temas contalar\u0131na sahipken, motor yataklar\u0131 daha fazla y\u0131kama korumas\u0131 i\u00e7in neme dayan\u0131kl\u0131 gresle ya\u011flanm\u0131\u015ft\u0131r.<\/p>\n<p><img loading=\"lazy\" decoding=\"async\" class=\"alignnone wp-image-3520\" src=\"https:\/\/fmp-components.com\/wp-content\/uploads\/2025\/01\/fmp_11.stainless-steel-motor-2.webp\" alt=\"fmp_11.paslanmaz-\u00e7elik-motor\" width=\"925\" height=\"374\" title=\"\" srcset=\"https:\/\/fmp-components.com\/wp-content\/uploads\/2025\/01\/fmp_11.stainless-steel-motor-2.webp 925w, https:\/\/fmp-components.com\/wp-content\/uploads\/2025\/01\/fmp_11.stainless-steel-motor-2-480x194.webp 480w\" sizes=\"(min-width: 0px) and (max-width: 480px) 480px, (min-width: 481px) 925px, 100vw\" \/><\/p>\n<table style=\"width: 100.825%; height: 96px;\" border=\"1\">\n<tbody>\n<tr>\n<td><strong>\u00c7er\u00e7eve\u00a0<\/strong><\/td>\n<td><strong>A<\/strong><\/td>\n<td><strong>BB<\/strong><\/td>\n<td><strong>BA<\/strong><\/td>\n<td><strong>Kuzeybat\u0131<\/strong><\/td>\n<td><strong>Sen<\/strong><\/td>\n<td><strong>R<\/strong><\/td>\n<td><strong>S<\/strong><\/td>\n<td><strong>ES<\/strong><\/td>\n<td><strong>E<\/strong><\/td>\n<td><strong>2F<\/strong><\/td>\n<td><strong>B<\/strong><\/td>\n<td><strong>H<\/strong><\/td>\n<td><strong>Erkek arkada\u015f<\/strong><\/td>\n<td>AJ<\/td>\n<td>P<\/td>\n<td>AK<\/td>\n<td>AB<\/td>\n<td>D<\/td>\n<td>0<\/td>\n<\/tr>\n<tr>\n<td>56C<\/td>\n<td>6.5<\/td>\n<td>0.16<\/td>\n<td>2.75<\/td>\n<td>1.88<\/td>\n<td>0.625<\/td>\n<td>0.517<\/td>\n<td>0.188<\/td>\n<td>1.41<\/td>\n<td>2.44<\/td>\n<td>3<\/td>\n<td>3.87<\/td>\n<td>0.34<\/td>\n<td>3\/8-16<\/td>\n<td>5.875<\/td>\n<td>6.93<\/td>\n<td>4.5<\/td>\n<td>5.79<\/td>\n<td>3.504<\/td>\n<td>8.51<\/td>\n<\/tr>\n<tr>\n<td>143TC<\/td>\n<td>6.5<\/td>\n<td>0.16<\/td>\n<td>2.75<\/td>\n<td>2.25<\/td>\n<td>0.771<\/td>\n<td>0.771<\/td>\n<td>0.188<\/td>\n<td>1.41<\/td>\n<td>2.75<\/td>\n<td>4<\/td>\n<td>4.87<\/td>\n<td>4.87<\/td>\n<td>3\/8-16<\/td>\n<td>5.875<\/td>\n<td>6.93<\/td>\n<td>4.5<\/td>\n<td>5.79<\/td>\n<td>3.504<\/td>\n<td>8.51<\/td>\n<\/tr>\n<tr>\n<td>145TC<\/td>\n<td>6.5<\/td>\n<td>0.16<\/td>\n<td>2.75<\/td>\n<td>2.25<\/td>\n<td>0.771<\/td>\n<td>0.771<\/td>\n<td>0.188<\/td>\n<td>1.41<\/td>\n<td>2.75<\/td>\n<td>5<\/td>\n<td>5.87<\/td>\n<td>5.87<\/td>\n<td>3\/8-16<\/td>\n<td>5.875<\/td>\n<td>6.93<\/td>\n<td>4.5<\/td>\n<td>5.79<\/td>\n<td>3.504<\/td>\n<td>8.51<\/td>\n<\/tr>\n<\/tbody>\n<\/table>\n<h2>TEFC Paslanmaz \u00c7elik NEMA Y\u0131kanabilir Elektrik Motorunun Uygulamalar\u0131<\/h2>\n<ol>\n<li><strong>G\u0131da \u0130\u015fleme ve Paketleme<\/strong><br \/>\nTEFC (Tamamen Kapal\u0131 Fan So\u011futmal\u0131) paslanmaz \u00e7elik NEMA y\u0131kama motorlar\u0131, hijyen ve temizli\u011fin \u00f6n planda oldu\u011fu g\u0131da i\u015fleme tesisleri i\u00e7in idealdir. Bu motorlar, g\u0131da \u00fcretim ortamlar\u0131nda s\u0131kl\u0131kla kullan\u0131lan y\u00fcksek bas\u0131n\u00e7l\u0131 suya ve sert temizlik kimyasallar\u0131na dayanacak \u015fekilde tasarlanm\u0131\u015ft\u0131r. Konvey\u00f6rler, mikserler, pompalar ve paketleme makineleri gibi ekipmanlarda kullan\u0131l\u0131r ve hijyenik ko\u015fullar\u0131 korurken g\u00fcvenilir performans sa\u011flar.<\/li>\n<li><strong>\u0130\u00e7ecek \u00dcretimi<\/strong><br \/>\nKontaminasyon risklerinin en aza indirilmesi gereken i\u00e7ecek end\u00fcstrisinde bu motorlar vazge\u00e7ilmez bir \u00e7\u00f6z\u00fcm sunar. TEFC paslanmaz \u00e7elik motorlar, \u015fi\u015feleme, kapaklama ve etiketleme makinelerinin yan\u0131 s\u0131ra filtrasyon ve pompalama sistemlerinde de kullan\u0131l\u0131r ve zorlu y\u0131kama ortamlar\u0131nda korozyon direnci ve kolay bak\u0131m sunar.<\/li>\n<li><strong>Kimya ve \u0130la\u00e7 End\u00fcstrileri<\/strong><br \/>\nKimya ve ila\u00e7 sekt\u00f6rleri, hem dayan\u0131kl\u0131l\u0131k hem de temizlik gerektiren uygulamalar i\u00e7in bu motorlara g\u00fcvenmektedir. TEFC paslanmaz \u00e7elik motorlar, a\u015f\u0131nd\u0131r\u0131c\u0131 maddelere maruz kalman\u0131n ve s\u0131k temizlik d\u00f6ng\u00fclerinin yayg\u0131n oldu\u011fu kar\u0131\u015ft\u0131rma tanklar\u0131nda, kar\u0131\u015ft\u0131r\u0131c\u0131larda, konvey\u00f6rlerde ve paketleme hatlar\u0131nda s\u0131kl\u0131kla kullan\u0131l\u0131r. Y\u0131kama \u00f6zelli\u011fi, motorlar\u0131n hasar riski olmadan g\u00fcvenli bir \u015fekilde temizlenmesini sa\u011flar.<\/li>\n<li><strong>Su ve At\u0131ksu Ar\u0131tma<\/strong><br \/>\nSu ve at\u0131k su ar\u0131tma tesislerinde, pompalarda, havaland\u0131r\u0131c\u0131larda, mikserlerde ve filtrasyon ekipmanlar\u0131nda TEFC paslanmaz \u00e7elik motorlar kullan\u0131l\u0131r. Bu motorlar, su ve kimyasallara kar\u015f\u0131 gerekli korumay\u0131 sa\u011flayarak, su ar\u0131tma tesislerinin genellikle a\u015f\u0131nd\u0131r\u0131c\u0131 ve y\u00fcksek nemli ortamlar\u0131nda kesintisiz performans sa\u011flar.<\/li>\n<li><strong>Deniz ve A\u00e7\u0131k Deniz Uygulamalar\u0131<\/strong><br \/>\nPaslanmaz \u00e7elik konstr\u00fcksiyon ve TEFC tasar\u0131m\u0131, bu motorlar\u0131 tuzlu suya, y\u00fcksek neme ve zorlu \u00e7evre ko\u015fullar\u0131na maruz kald\u0131\u011f\u0131 denizcilik ve a\u00e7\u0131k deniz end\u00fcstrilerinde kullan\u0131ma uygun hale getirir. Bu motorlar genellikle korozyona dayan\u0131kl\u0131l\u0131k ve kolay y\u0131kama gerektiren pompalarda, vin\u00e7lerde ve di\u011fer ekipmanlarda kullan\u0131l\u0131r.<\/li>\n<li><strong>Temizlik Ekipmanlar\u0131<\/strong><br \/>\nTEFC paslanmaz \u00e7elik motorlar, bas\u0131n\u00e7l\u0131 y\u0131kama makineleri, zemin temizleme makineleri ve end\u00fcstriyel elektrikli s\u00fcp\u00fcrgeler gibi ticari temizlik ekipmanlar\u0131nda yayg\u0131n olarak bulunur. Y\u00fcksek bas\u0131n\u00e7l\u0131 y\u0131kamalara ve temizlik maddelerine maruz kalmaya dayan\u0131kl\u0131 olmalar\u0131, temizlik makinelerinde temizli\u011fi ve g\u00fcvenilirli\u011fi korumak i\u00e7in idealdir.<\/li>\n<li><strong>Paketleme ve Malzeme Ta\u015f\u0131ma<\/strong><br \/>\n\u00d6zellikle ila\u00e7, g\u0131da ve kimya gibi end\u00fcstrilerdeki ambalaj ve malzeme ta\u015f\u0131ma sistemlerinde, bu motorlar\u0131n y\u0131kama kabiliyeti uzun \u00f6m\u00fcrl\u00fc ve sorunsuz performans sa\u011flar. S\u0131k temizlik gerektiren konvey\u00f6rlerde, paletleyicilerde ve di\u011fer otomatik sistemlerde kullan\u0131l\u0131rlar.<\/li>\n<li><strong>Tar\u0131msal \u0130\u015fleme<\/strong><br \/>\nBu motorlar, nem, toz ve a\u015f\u0131nd\u0131r\u0131c\u0131 unsurlara s\u0131kl\u0131kla maruz kal\u0131nan tar\u0131m makinelerinde de kullan\u0131l\u0131r. Uygulama alanlar\u0131 aras\u0131nda, kolay temizlik ve korozyon direncinin \u00f6nemli oldu\u011fu tah\u0131l i\u015fleme sistemleri, ay\u0131klama makineleri ve sulama sistemleri yer al\u0131r.<\/li>\n<\/ol>\n<p>Korozyon direnci, dayan\u0131kl\u0131l\u0131k ve s\u0131k temizli\u011fe dayanma yetene\u011fi sunan TEFC paslanmaz \u00e7elik NEMA y\u0131kamal\u0131 elektrik motorlar\u0131, hijyen ve operasyonel g\u00fcvenilirli\u011fin pazarl\u0131k konusu olmad\u0131\u011f\u0131 end\u00fcstrilerde hayati \u00f6nem ta\u015f\u0131maktad\u0131r.<\/p>\n<h2>\u0130lgili Paslanmaz \u00c7elik Motor<\/h2>\n<table border=\"1\" width=\"100%\" cellspacing=\"0\" cellpadding=\"0\">\n<tbody>\n<tr>\n<td align=\"right\" width=\"64\" height=\"18\"><img loading=\"lazy\" decoding=\"async\" class=\"alignnone size-full wp-image-3507\" src=\"https:\/\/fmp-components.com\/wp-content\/uploads\/2025\/01\/ep_stainless-steel-motor-1.webp\" sizes=\"(max-width: 379px) 100vw, 379px\" srcset=\"https:\/\/fmp-components.com\/wp-content\/uploads\/2025\/01\/ep_stainless-steel-motor-1.webp 379w, https:\/\/fmp-components.com\/wp-content\/uploads\/2025\/01\/ep_stainless-steel-motor-1-300x200.webp 300w, https:\/\/fmp-components.com\/wp-content\/uploads\/2025\/01\/ep_stainless-steel-motor-1-18x12.webp 18w\" alt=\"paslanmaz \u00e7elik motor\" width=\"379\" height=\"253\" title=\"\"><\/td>\n<td align=\"right\" width=\"64\"><img loading=\"lazy\" decoding=\"async\" class=\"alignnone size-full wp-image-3508\" src=\"https:\/\/fmp-components.com\/wp-content\/uploads\/2025\/01\/ep_stainless-steel-motor-2-2.webp\" sizes=\"(max-width: 379px) 100vw, 379px\" srcset=\"https:\/\/fmp-components.com\/wp-content\/uploads\/2025\/01\/ep_stainless-steel-motor-2-2.webp 379w, https:\/\/fmp-components.com\/wp-content\/uploads\/2025\/01\/ep_stainless-steel-motor-2-2-300x200.webp 300w, https:\/\/fmp-components.com\/wp-content\/uploads\/2025\/01\/ep_stainless-steel-motor-2-2-18x12.webp 18w\" alt=\"paslanmaz \u00e7elik motor\" width=\"379\" height=\"253\" title=\"\"><\/td>\n<td align=\"right\" width=\"64\"><img loading=\"lazy\" decoding=\"async\" class=\"alignnone size-full wp-image-3509\" src=\"https:\/\/fmp-components.com\/wp-content\/uploads\/2025\/01\/ep_stainless-steel-motor-6.webp\" sizes=\"(max-width: 379px) 100vw, 379px\" srcset=\"https:\/\/fmp-components.com\/wp-content\/uploads\/2025\/01\/ep_stainless-steel-motor-6.webp 379w, https:\/\/fmp-components.com\/wp-content\/uploads\/2025\/01\/ep_stainless-steel-motor-6-300x200.webp 300w, https:\/\/fmp-components.com\/wp-content\/uploads\/2025\/01\/ep_stainless-steel-motor-6-18x12.webp 18w\" alt=\"paslanmaz \u00e7elik motor\" width=\"379\" height=\"253\" title=\"\"><\/td>\n<td align=\"right\" width=\"64\"><img loading=\"lazy\" decoding=\"async\" class=\"alignnone size-full wp-image-3510\" src=\"https:\/\/fmp-components.com\/wp-content\/uploads\/2025\/01\/ep_stainless-steel-motor-300x200-1.webp\" sizes=\"(max-width: 300px) 100vw, 300px\" srcset=\"https:\/\/fmp-components.com\/wp-content\/uploads\/2025\/01\/ep_stainless-steel-motor-300x200-1.webp 300w, https:\/\/fmp-components.com\/wp-content\/uploads\/2025\/01\/ep_stainless-steel-motor-300x200-1-18x12.webp 18w\" alt=\"paslanmaz \u00e7elik motor\" width=\"300\" height=\"200\" title=\"\"><\/td>\n<\/tr>\n<tr>\n<td align=\"right\" height=\"18\">Paslanmaz \u00e7elik kal\u0131c\u0131 m\u0131knat\u0131sl\u0131 motor<\/td>\n<td align=\"right\">Su so\u011futmal\u0131 paslanmaz \u00e7elik motor<\/td>\n<td align=\"right\">G\u0131da end\u00fcstrisi elektrik motoru<\/td>\n<td align=\"right\">Paslanmaz \u00e7elik motor<\/td>\n<\/tr>\n<tr>\n<td align=\"right\" height=\"18\"><img loading=\"lazy\" decoding=\"async\" class=\"alignnone size-full wp-image-3511\" src=\"https:\/\/fmp-components.com\/wp-content\/uploads\/2025\/01\/ep_stainless-steel-motor-4.webp\" sizes=\"(max-width: 379px) 100vw, 379px\" srcset=\"https:\/\/fmp-components.com\/wp-content\/uploads\/2025\/01\/ep_stainless-steel-motor-4.webp 379w, https:\/\/fmp-components.com\/wp-content\/uploads\/2025\/01\/ep_stainless-steel-motor-4-300x200.webp 300w, https:\/\/fmp-components.com\/wp-content\/uploads\/2025\/01\/ep_stainless-steel-motor-4-18x12.webp 18w\" alt=\"paslanmaz \u00e7elik motor\" width=\"379\" height=\"253\" title=\"\"><\/td>\n<td align=\"right\"><img loading=\"lazy\" decoding=\"async\" class=\"alignnone size-full wp-image-3512\" src=\"https:\/\/fmp-components.com\/wp-content\/uploads\/2025\/01\/ep_stainless-steel-motor-3.webp\" sizes=\"(max-width: 379px) 100vw, 379px\" srcset=\"https:\/\/fmp-components.com\/wp-content\/uploads\/2025\/01\/ep_stainless-steel-motor-3.webp 379w, https:\/\/fmp-components.com\/wp-content\/uploads\/2025\/01\/ep_stainless-steel-motor-3-300x200.webp 300w, https:\/\/fmp-components.com\/wp-content\/uploads\/2025\/01\/ep_stainless-steel-motor-3-18x12.webp 18w\" alt=\"paslanmaz \u00e7elik motor\" width=\"379\" height=\"253\" title=\"\"><\/td>\n<td align=\"right\"><img loading=\"lazy\" decoding=\"async\" class=\"alignnone size-full wp-image-3513\" src=\"https:\/\/fmp-components.com\/wp-content\/uploads\/2025\/01\/ep_stainless-steel-motor-5.webp\" sizes=\"(max-width: 379px) 100vw, 379px\" srcset=\"https:\/\/fmp-components.com\/wp-content\/uploads\/2025\/01\/ep_stainless-steel-motor-5.webp 379w, https:\/\/fmp-components.com\/wp-content\/uploads\/2025\/01\/ep_stainless-steel-motor-5-300x200.webp 300w, https:\/\/fmp-components.com\/wp-content\/uploads\/2025\/01\/ep_stainless-steel-motor-5-18x12.webp 18w\" alt=\"paslanmaz \u00e7elik motor\" width=\"379\" height=\"253\" title=\"\"><\/td>\n<td align=\"right\"><img loading=\"lazy\" decoding=\"async\" class=\"alignnone size-full wp-image-3514\" src=\"https:\/\/fmp-components.com\/wp-content\/uploads\/2025\/01\/ep_stainless-steel-motor-6-1.webp\" sizes=\"(max-width: 379px) 100vw, 379px\" srcset=\"https:\/\/fmp-components.com\/wp-content\/uploads\/2025\/01\/ep_stainless-steel-motor-6-1.webp 379w, https:\/\/fmp-components.com\/wp-content\/uploads\/2025\/01\/ep_stainless-steel-motor-6-1-300x200.webp 300w, https:\/\/fmp-components.com\/wp-content\/uploads\/2025\/01\/ep_stainless-steel-motor-6-1-18x12.webp 18w\" alt=\"paslanmaz \u00e7elik motor\" width=\"379\" height=\"253\" title=\"\"><\/td>\n<\/tr>\n<tr>\n<td align=\"right\" height=\"18\">IEC em\u00fclsifiye g\u0131da makineleri AC motoru<\/td>\n<td align=\"right\">NEMA 56C asenkron motor<\/td>\n<td align=\"right\">IEC paslanmaz \u00e7elik AC motor<\/td>\n<td>IEC tamamen paslanmaz \u00e7elikten y\u00fcksek verimli motor<\/td>\n<\/tr>\n<tr>\n<td align=\"right\" width=\"64\" height=\"18\"><img loading=\"lazy\" decoding=\"async\" class=\"alignnone size-full wp-image-3515\" src=\"https:\/\/fmp-components.com\/wp-content\/uploads\/2025\/01\/ep_stainless-steel-motor-2.webp\" sizes=\"(max-width: 379px) 100vw, 379px\" srcset=\"https:\/\/fmp-components.com\/wp-content\/uploads\/2025\/01\/ep_stainless-steel-motor-2.webp 379w, https:\/\/fmp-components.com\/wp-content\/uploads\/2025\/01\/ep_stainless-steel-motor-2-300x200.webp 300w, https:\/\/fmp-components.com\/wp-content\/uploads\/2025\/01\/ep_stainless-steel-motor-2-18x12.webp 18w\" alt=\"paslanmaz \u00e7elik motor\" width=\"379\" height=\"253\" title=\"\"><\/td>\n<td align=\"right\" width=\"64\"><img loading=\"lazy\" decoding=\"async\" class=\"alignnone size-full wp-image-3516\" src=\"https:\/\/fmp-components.com\/wp-content\/uploads\/2025\/01\/ep_stainless-steel-motor-8.webp\" sizes=\"(max-width: 379px) 100vw, 379px\" srcset=\"https:\/\/fmp-components.com\/wp-content\/uploads\/2025\/01\/ep_stainless-steel-motor-8.webp 379w, https:\/\/fmp-components.com\/wp-content\/uploads\/2025\/01\/ep_stainless-steel-motor-8-300x200.webp 300w, https:\/\/fmp-components.com\/wp-content\/uploads\/2025\/01\/ep_stainless-steel-motor-8-18x12.webp 18w\" alt=\"paslanmaz \u00e7elik motor\" width=\"379\" height=\"253\" title=\"\"><\/td>\n<td align=\"right\" width=\"64\"><img loading=\"lazy\" decoding=\"async\" class=\"alignnone size-full wp-image-3517\" src=\"https:\/\/fmp-components.com\/wp-content\/uploads\/2025\/01\/ep_stainless-steel-motor-7.webp\" sizes=\"(max-width: 379px) 100vw, 379px\" srcset=\"https:\/\/fmp-components.com\/wp-content\/uploads\/2025\/01\/ep_stainless-steel-motor-7.webp 379w, https:\/\/fmp-components.com\/wp-content\/uploads\/2025\/01\/ep_stainless-steel-motor-7-300x200.webp 300w, https:\/\/fmp-components.com\/wp-content\/uploads\/2025\/01\/ep_stainless-steel-motor-7-18x12.webp 18w\" alt=\"paslanmaz \u00e7elik motor\" width=\"379\" height=\"253\" title=\"\"><\/td>\n<td align=\"right\" width=\"64\"><\/td>\n<\/tr>\n<tr>\n<td align=\"right\" height=\"18\">Tavuk ve \u00f6rdek t\u00fcy d\u00f6kme ekipman\u0131 motoru<\/td>\n<td align=\"right\">NEMA g\u0131da s\u0131n\u0131f\u0131 paslanmaz \u00e7elik motor<\/td>\n<td align=\"right\">G\u0131da s\u0131n\u0131f\u0131 IEC paslanmaz \u00e7elik motor<\/td>\n<td align=\"right\"><\/td>\n<\/tr>\n<\/tbody>\n<\/table>\n<h2>FMP Hakk\u0131nda<\/h2>\n<p>FMP, geli\u015fmi\u015f motor ve elektromekanik \u00e7\u00f6z\u00fcmlerin tasar\u0131m\u0131, geli\u015ftirilmesi ve \u00fcretiminde uzmanla\u015fm\u0131\u015f ulusal bir y\u00fcksek teknoloji kurulu\u015fudur. YE2, YE3 ve YE4 serisi motorlar\u0131n yan\u0131 s\u0131ra \u00e7e\u015fitli t\u00fcrev \u00fcr\u00fcnler \u00fcretmeye odaklan\u0131yoruz. \u00dcr\u00fcn yelpazemiz aras\u0131nda hidrolik pompalar i\u00e7in \u00fc\u00e7 fazl\u0131 ve tek fazl\u0131 motorlar, al\u00fcminyum g\u00f6vdeli motorlar, hidrolik pompalar i\u00e7in standart d\u0131\u015f\u0131 motorlar, elektromekanik entegrasyonlu t\u00fcrbin di\u015fli red\u00fckt\u00f6rleri ve di\u011fer \u00f6zel motorlar da bulunmaktad\u0131r.<\/p>\n<p>FMP \u00fcr\u00fcnleri, CNC torna tezgahlar\u0131, ayakkab\u0131 imalat makineleri, a\u011fa\u00e7 i\u015fleme makineleri, metal i\u015fleme makineleri, plastik makineleri ve in\u015faat makineleri gibi \u00f6nemli sekt\u00f6rlere hizmet veren end\u00fcstriyel otomasyonda yayg\u0131n olarak kullan\u0131lmaktad\u0131r. Yenilik ve kaliteye olan g\u00fc\u00e7l\u00fc ba\u011fl\u0131l\u0131\u011f\u0131yla FMP, t\u00fcm \u00fcr\u00fcnlerinin en y\u00fcksek performans standartlar\u0131n\u0131 kar\u015f\u0131lamas\u0131n\u0131 sa\u011flar.<\/p>\n<p>Kapsaml\u0131 \u00fcr\u00fcn yelpazemizin yan\u0131 s\u0131ra, m\u00fc\u015fterilerimizin \u00f6zel ihtiya\u00e7lar\u0131na g\u00f6re uyarlanm\u0131\u015f \u00f6zel \u00e7\u00f6z\u00fcmler sunmaktan gurur duyuyoruz. \u0130ster \u00f6zel motorlara, ister standart d\u0131\u015f\u0131 \u00fcr\u00fcnlere veya entegre sistemlere ihtiyac\u0131n\u0131z olsun, FMP y\u00fcksek kaliteli ve size \u00f6zel \u00e7\u00f6z\u00fcmler sunmak i\u00e7in m\u00fc\u015fterileriyle yak\u0131n bir \u015fekilde \u00e7al\u0131\u015f\u0131r. Hassas m\u00fchendislik ve m\u00fc\u015fteri memnuniyetine odaklanmam\u0131z, k\u00fcresel pazarlardaki s\u00fcrekli ba\u015far\u0131m\u0131z\u0131 sa\u011flar.<\/p>\n<p>FMP olarak, her projede m\u00fc\u015fterilerimizin ba\u015far\u0131s\u0131n\u0131 destekleyerek, uzun vadeli, kar\u015f\u0131l\u0131kl\u0131 fayda sa\u011flayan ortakl\u0131klar kurmaya kendimizi adad\u0131k.<\/p>\n<table style=\"width: 100.629%;\" border=\"0\" width=\"128\" cellspacing=\"0\" cellpadding=\"0\">\n<tbody>\n<tr>\n<td style=\"width: 49.2308%;\" align=\"right\" width=\"64\" height=\"18\"><img loading=\"lazy\" decoding=\"async\" class=\"alignnone size-full wp-image-3398\" src=\"https:\/\/fmp-components.com\/wp-content\/uploads\/2025\/01\/Three-Phase-Motor-Factory.webp\" sizes=\"(min-width: 0px) and (max-width: 480px) 480px, (min-width: 481px) 900px, 100vw\" srcset=\"https:\/\/fmp-components.com\/wp-content\/uploads\/2025\/01\/Three-Phase-Motor-Factory.webp 900w, https:\/\/fmp-components.com\/wp-content\/uploads\/2025\/01\/Three-Phase-Motor-Factory-480x320.webp 480w\" alt=\"\u00dc\u00e7 Fazl\u0131 Motor Fabrikas\u0131\" width=\"900\" height=\"600\" title=\"\"><\/td>\n<td style=\"width: 659.231%;\" align=\"right\" width=\"64\"><img loading=\"lazy\" decoding=\"async\" class=\"alignnone size-full wp-image-3399\" src=\"https:\/\/fmp-components.com\/wp-content\/uploads\/2025\/01\/Three-Phase-Motor-Factory-2.webp\" sizes=\"(min-width: 0px) and (max-width: 480px) 480px, (min-width: 481px) 900px, 100vw\" srcset=\"https:\/\/fmp-components.com\/wp-content\/uploads\/2025\/01\/Three-Phase-Motor-Factory-2.webp 900w, https:\/\/fmp-components.com\/wp-content\/uploads\/2025\/01\/Three-Phase-Motor-Factory-2-480x320.webp 480w\" alt=\"\u00dc\u00e7 Fazl\u0131 Motor Fabrikas\u0131-2\" width=\"900\" height=\"600\" title=\"\"><\/td>\n<\/tr>\n<tr>\n<td style=\"width: 49.2308%;\" align=\"right\" height=\"18\"><img loading=\"lazy\" decoding=\"async\" class=\"alignnone size-full wp-image-3400\" src=\"https:\/\/fmp-components.com\/wp-content\/uploads\/2025\/01\/China-Three-Phase-Motor-Factory-1.webp\" sizes=\"(min-width: 0px) and (max-width: 480px) 480px, (min-width: 481px) 900px, 100vw\" srcset=\"https:\/\/fmp-components.com\/wp-content\/uploads\/2025\/01\/China-Three-Phase-Motor-Factory-1.webp 900w, https:\/\/fmp-components.com\/wp-content\/uploads\/2025\/01\/China-Three-Phase-Motor-Factory-1-480x320.webp 480w\" alt=\"\u00dc\u00e7 Fazl\u0131 Motor Fabrikas\u0131-1\" width=\"900\" height=\"600\" title=\"\"><\/td>\n<td style=\"width: 659.231%;\" align=\"right\"><img loading=\"lazy\" decoding=\"async\" class=\"alignnone size-full wp-image-3401\" src=\"https:\/\/fmp-components.com\/wp-content\/uploads\/2025\/01\/Three-Phase-Motor-Factory-3.webp\" sizes=\"(min-width: 0px) and (max-width: 480px) 480px, (min-width: 481px) 900px, 100vw\" srcset=\"https:\/\/fmp-components.com\/wp-content\/uploads\/2025\/01\/Three-Phase-Motor-Factory-3.webp 900w, https:\/\/fmp-components.com\/wp-content\/uploads\/2025\/01\/Three-Phase-Motor-Factory-3-480x320.webp 480w\" alt=\"\u00dc\u00e7 Fazl\u0131 Motor Fabrikas\u0131-3\" width=\"900\" height=\"600\" title=\"\"><\/td>\n<\/tr>\n<tr>\n<td style=\"width: 49.2308%;\"><img loading=\"lazy\" decoding=\"async\" class=\"alignnone size-full wp-image-3471\" src=\"https:\/\/fmp-components.com\/wp-content\/uploads\/2025\/01\/Single-Phase-Induction-Motor-Suppliers.webp\" sizes=\"(min-width: 0px) and (max-width: 480px) 480px, (min-width: 481px) 900px, 100vw\" srcset=\"https:\/\/fmp-components.com\/wp-content\/uploads\/2025\/01\/Single-Phase-Induction-Motor-Suppliers.webp 900w, https:\/\/fmp-components.com\/wp-content\/uploads\/2025\/01\/Single-Phase-Induction-Motor-Suppliers-480x320.webp 480w\" alt=\"Tek Fazl\u0131 Asenkron Motor Tedarik\u00e7ileri\" width=\"900\" height=\"600\" title=\"\"><\/td>\n<td style=\"width: 659.231%;\"><img loading=\"lazy\" decoding=\"async\" class=\"alignnone size-full wp-image-3470\" src=\"https:\/\/fmp-components.com\/wp-content\/uploads\/2025\/01\/Single-Phase-Induction-Motor-Manufacturers-1.webp\" sizes=\"(min-width: 0px) and (max-width: 480px) 480px, (min-width: 481px) 900px, 100vw\" srcset=\"https:\/\/fmp-components.com\/wp-content\/uploads\/2025\/01\/Single-Phase-Induction-Motor-Manufacturers-1.webp 900w, https:\/\/fmp-components.com\/wp-content\/uploads\/2025\/01\/Single-Phase-Induction-Motor-Manufacturers-1-480x320.webp 480w\" alt=\"Tek Fazl\u0131 End\u00fcksiyon Motoru \u00dcreticileri-1\" width=\"900\" height=\"600\" title=\"\"><\/td>\n<\/tr>\n<tr>\n<td style=\"width: 49.2308%;\"><img loading=\"lazy\" decoding=\"async\" class=\"alignnone size-full wp-image-3472\" src=\"https:\/\/fmp-components.com\/wp-content\/uploads\/2025\/01\/Single-Phase-Induction-Motor-Manufacturers.webp\" sizes=\"(min-width: 0px) and (max-width: 480px) 480px, (min-width: 481px) 900px, 100vw\" srcset=\"https:\/\/fmp-components.com\/wp-content\/uploads\/2025\/01\/Single-Phase-Induction-Motor-Manufacturers.webp 900w, https:\/\/fmp-components.com\/wp-content\/uploads\/2025\/01\/Single-Phase-Induction-Motor-Manufacturers-480x320.webp 480w\" alt=\"Tek Fazl\u0131 End\u00fcksiyon Motoru \u00dcreticileri\" width=\"900\" height=\"600\" title=\"\"><\/td>\n<td style=\"width: 659.231%;\"><img loading=\"lazy\" decoding=\"async\" class=\"alignnone size-full wp-image-3473\" src=\"https:\/\/fmp-components.com\/wp-content\/uploads\/2025\/01\/Single-Phase-Induction-Motor-for-Sale.webp\" sizes=\"(min-width: 0px) and (max-width: 480px) 480px, (min-width: 481px) 900px, 100vw\" srcset=\"https:\/\/fmp-components.com\/wp-content\/uploads\/2025\/01\/Single-Phase-Induction-Motor-for-Sale.webp 900w, https:\/\/fmp-components.com\/wp-content\/uploads\/2025\/01\/Single-Phase-Induction-Motor-for-Sale-480x320.webp 480w\" alt=\"Sat\u0131l\u0131k Tek Fazl\u0131 End\u00fcksiyon Motoru\" width=\"900\" height=\"600\" title=\"\"><\/td>\n<\/tr>\n<\/tbody>\n<\/table>\n<p>Yazar: CX<\/p>","protected":false},"excerpt":{"rendered":"<p>TEFC Stainless Steel NEMA Washdown Electric Motor Over time, equipment downtime has become typical in food and beverage plants. Many indoor cabinets must be protected from excessive moisture from hose routing or splashing water (washdown). Washdown motors are designed for use in food and beverage plants and other applications where motors are frequently exposed to [&hellip;]<\/p>","protected":false},"featured_media":3521,"comment_status":"open","ping_status":"closed","template":"","meta":{"_et_pb_use_builder":"","_et_pb_old_content":"","_et_gb_content_width":""},"product_brand":[],"product_cat":[88],"product_tag":[],"class_list":{"0":"post-3518","1":"product","2":"type-product","3":"status-publish","4":"has-post-thumbnail","6":"product_cat-stainless-steel-motors","8":"first","9":"instock","10":"shipping-taxable","11":"product-type-simple"},"_links":{"self":[{"href":"https:\/\/fmp-components.com\/tr\/wp-json\/wp\/v2\/product\/3518","targetHints":{"allow":["GET"]}}],"collection":[{"href":"https:\/\/fmp-components.com\/tr\/wp-json\/wp\/v2\/product"}],"about":[{"href":"https:\/\/fmp-components.com\/tr\/wp-json\/wp\/v2\/types\/product"}],"replies":[{"embeddable":true,"href":"https:\/\/fmp-components.com\/tr\/wp-json\/wp\/v2\/comments?post=3518"}],"wp:featuredmedia":[{"embeddable":true,"href":"https:\/\/fmp-components.com\/tr\/wp-json\/wp\/v2\/media\/3521"}],"wp:attachment":[{"href":"https:\/\/fmp-components.com\/tr\/wp-json\/wp\/v2\/media?parent=3518"}],"wp:term":[{"taxonomy":"product_brand","embeddable":true,"href":"https:\/\/fmp-components.com\/tr\/wp-json\/wp\/v2\/product_brand?post=3518"},{"taxonomy":"product_cat","embeddable":true,"href":"https:\/\/fmp-components.com\/tr\/wp-json\/wp\/v2\/product_cat?post=3518"},{"taxonomy":"product_tag","embeddable":true,"href":"https:\/\/fmp-components.com\/tr\/wp-json\/wp\/v2\/product_tag?post=3518"}],"curies":[{"name":"wp","href":"https:\/\/api.w.org\/{rel}","templated":true}]}}