{"id":3505,"date":"2025-01-08T02:21:06","date_gmt":"2025-01-08T02:21:06","guid":{"rendered":"https:\/\/fmp-components.com\/?page_id=8"},"modified":"2025-01-08T02:22:26","modified_gmt":"2025-01-08T02:22:26","slug":"nema-stainless-steel-stepper-motor-with-double-capacitor","status":"publish","type":"product","link":"https:\/\/fmp-components.com\/tr\/product\/nema-stainless-steel-stepper-motor-with-double-capacitor\/","title":{"rendered":"\u00c7ift Kapasit\u00f6rl\u00fc NEMA Paslanmaz \u00c7elik Ad\u0131m Motoru"},"content":{"rendered":"<p class=\"et_pb_module_header\" style=\"text-align: center;\"><span style=\"font-size: 18pt;\">\u00c7ift Kapasit\u00f6rl\u00fc NEMA Paslanmaz \u00c7elik Ad\u0131m Motoru<\/span><\/p>\n<p>FMP Elektrikli Paslanmaz \u00c7elik\/Flush motorlar, su ge\u00e7irmezlik i\u00e7in IP56 korumal\u0131, kapal\u0131 fan so\u011futmal\u0131 (Tens) veya kapal\u0131 havaland\u0131rmas\u0131z (ten) muhafazalarda mevcuttur. Bu y\u0131kamal\u0131 motorlar, g\u0131da, i\u00e7ecek, ila\u00e7 ve k\u00fcmes hayvan\u0131 end\u00fcstrilerindeki konvey\u00f6r, pompa ve malzeme ta\u015f\u0131ma uygulamalar\u0131 i\u00e7in idealdir.<\/p>\n<p>\u00d6zellikleri aras\u0131nda hem tahrikli hem de tahriksiz u\u00e7larda \u00e7ift dudakl\u0131 contalar, farkl\u0131 \u015faft kald\u0131rma halkalar\u0131, u\u00e7 kapaklar\u0131nda O-ringler ve ge\u00e7meli c\u0131vatalar, 304 paslanmaz \u00e7elik \u00e7er\u00e7eve, paslanmaz \u00e7elik \u015faft ve su ge\u00e7irmez kablo konnekt\u00f6r\u00fc\/terminal kutusu bulunur. Bu su ge\u00e7irmez motorlar 1\/2 ila 2 beygir g\u00fcc\u00fc de\u011ferlerinde mevcuttur ve 1,15 servis fakt\u00f6r\u00fcne (AC s\u00fcr\u00fcc\u00fcler i\u00e7in 1,0 SF) sahiptir.<br \/>\n\u00c7ok y\u00f6nl\u00fcl\u00fckleri, Paslanmaz \u00c7elik\/G\u00f6mme motorlar\u0131 ve di\u011fer k\u00fc\u00e7\u00fck beygir g\u00fcc\u00fcndeki motorlar\u0131 s\u0131n\u0131rl\u0131 stok alan\u0131 i\u00e7in ideal hale getirir. 25 veya daha fazla adetlik 56 motor sipari\u015fleri erken sevkiyat i\u00e7in uygundur.<\/p>\n<h2>Paslanmaz \u00c7elik Ad\u0131m Motorunun Parametreleri<\/h2>\n<p><img loading=\"lazy\" decoding=\"async\" class=\"wp-image-3506 aligncenter\" src=\"https:\/\/fmp-components.com\/wp-content\/uploads\/2025\/01\/ep_12.stainless-steel-motor-1.webp\" alt=\"ep_12.paslanmaz-\u00e7elik-motor-1\" width=\"920\" height=\"454\" title=\"\" srcset=\"https:\/\/fmp-components.com\/wp-content\/uploads\/2025\/01\/ep_12.stainless-steel-motor-1.webp 920w, https:\/\/fmp-components.com\/wp-content\/uploads\/2025\/01\/ep_12.stainless-steel-motor-1-480x237.webp 480w\" sizes=\"(min-width: 0px) and (max-width: 480px) 480px, (min-width: 481px) 920px, 100vw\" \/><\/p>\n<table style=\"width: 100.179%; height: 117px;\" border=\"1\">\n<tbody>\n<tr>\n<td><strong>\u00c7er\u00e7eve\u00a0<\/strong><\/td>\n<td><strong>A<\/strong><\/td>\n<td><strong>BB<\/strong><\/td>\n<td><strong>BA<\/strong><\/td>\n<td><strong>Kuzeybat\u0131<\/strong><\/td>\n<td><strong>Sen<\/strong><\/td>\n<td><strong>R<\/strong><\/td>\n<td><strong>S<\/strong><\/td>\n<td><strong>ES<\/strong><\/td>\n<td><strong>E<\/strong><\/td>\n<td><strong>2F<\/strong><\/td>\n<td><strong>B<\/strong><\/td>\n<td><strong>H<\/strong><\/td>\n<td><strong>Erkek arkada\u015f<\/strong><\/td>\n<td><strong>AJ<\/strong><\/td>\n<td><strong>AK<\/strong><\/td>\n<td><strong>P<\/strong><\/td>\n<td><strong>AB<\/strong><\/td>\n<td><strong>D<\/strong><\/td>\n<td><strong>O<\/strong><\/td>\n<\/tr>\n<tr>\n<td>56C<\/td>\n<td>6.5<\/td>\n<td>0.16<\/td>\n<td>2.75<\/td>\n<td>1.88<\/td>\n<td>0.625<\/td>\n<td>0.517<\/td>\n<td>0.188<\/td>\n<td>1.41<\/td>\n<td>2.44<\/td>\n<td>3<\/td>\n<td>3.87<\/td>\n<td>0.34<\/td>\n<td>3\/8-16<\/td>\n<td>5.875<\/td>\n<td>4.5<\/td>\n<td>6.93<\/td>\n<td>5.79<\/td>\n<td>3.504<\/td>\n<td>8.07<\/td>\n<\/tr>\n<tr>\n<td>143TC<\/td>\n<td>6.5<\/td>\n<td>0.16<\/td>\n<td>2.75<\/td>\n<td>2.25<\/td>\n<td>0.771<\/td>\n<td>0.771<\/td>\n<td>0.188<\/td>\n<td>1.41<\/td>\n<td>2.75<\/td>\n<td>4<\/td>\n<td>4.87<\/td>\n<td>4.87<\/td>\n<td>3\/8-16<\/td>\n<td>5.875<\/td>\n<td>4.5<\/td>\n<td>6.93<\/td>\n<td>5.79<\/td>\n<td>3.504<\/td>\n<td>8.07<\/td>\n<\/tr>\n<tr>\n<td>145TC<\/td>\n<td>6.5<\/td>\n<td>0.16<\/td>\n<td>2.75<\/td>\n<td>2.25<\/td>\n<td>0.771<\/td>\n<td>0.771<\/td>\n<td>0.188<\/td>\n<td>1.41<\/td>\n<td>2.75<\/td>\n<td>5<\/td>\n<td>5.87<\/td>\n<td>5.87<\/td>\n<td>3\/8-16<\/td>\n<td>5.875<\/td>\n<td>4.5<\/td>\n<td>6.93<\/td>\n<td>5.79<\/td>\n<td>3.504<\/td>\n<td>8.07<\/td>\n<\/tr>\n<\/tbody>\n<\/table>\n<ul>\n<li>TEFC veya TENV muhafazas\u0131<\/li>\n<li>IP67 korumas\u0131<\/li>\n<li>\u00dc\u00e7 faz, 208-230\/460 Volt<\/li>\n<li>1,15 fit kare<\/li>\n<li>S\u0131n\u0131f F yal\u0131t\u0131m<\/li>\n<li>C taraf\u0131 ayakl\u0131 (kaynakl\u0131) veya yuvarlak (ayaks\u0131z)<\/li>\n<li>304 paslanmaz \u00e7elik \u00e7er\u00e7eve, u\u00e7 braketi ve ba\u011flant\u0131 kutusu<\/li>\n<li>Paslanmaz \u00e7elik \u015faft<\/li>\n<li>Rotorun pas \u00f6nleyici filmi<\/li>\n<li>Tahrik ucunda ek bir yaka bulunan \u00e7ift dudakl\u0131 conta<\/li>\n<li>Kuyruk kapa\u011f\u0131na tak\u0131lan O-ring, nem giri\u015fini \u00f6nleyebilir<\/li>\n<li>Paslanmaz \u00e7elik tel konnekt\u00f6r\u00fc dahil<\/li>\n<li>\u0130nverter y\u00fck\u00fc<\/li>\n<\/ul>\n<h2>\u0130lgili Paslanmaz \u00c7elik Motor<\/h2>\n<table style=\"width: 101.404%; height: 110px;\" border=\"1\" width=\"100%\" cellspacing=\"0\" cellpadding=\"0\">\n<tbody>\n<tr style=\"height: 13.8pt;\">\n<td style=\"height: 13px; width: 25.0965%;\" align=\"right\" width=\"64\" height=\"18\"><img loading=\"lazy\" decoding=\"async\" class=\"alignnone size-full wp-image-3507\" src=\"https:\/\/fmp-components.com\/wp-content\/uploads\/2025\/01\/ep_stainless-steel-motor-1.webp\" alt=\"paslanmaz \u00e7elik motor\" width=\"379\" height=\"253\" title=\"\" srcset=\"https:\/\/fmp-components.com\/wp-content\/uploads\/2025\/01\/ep_stainless-steel-motor-1.webp 379w, https:\/\/fmp-components.com\/wp-content\/uploads\/2025\/01\/ep_stainless-steel-motor-1-300x200.webp 300w, https:\/\/fmp-components.com\/wp-content\/uploads\/2025\/01\/ep_stainless-steel-motor-1-18x12.webp 18w\" sizes=\"(max-width: 379px) 100vw, 379px\" \/><\/td>\n<td style=\"width: 25.0965%; height: 13px;\" align=\"right\" width=\"64\"><img loading=\"lazy\" decoding=\"async\" class=\"alignnone size-full wp-image-3508\" src=\"https:\/\/fmp-components.com\/wp-content\/uploads\/2025\/01\/ep_stainless-steel-motor-2-2.webp\" alt=\"paslanmaz \u00e7elik motor\" width=\"379\" height=\"253\" title=\"\" srcset=\"https:\/\/fmp-components.com\/wp-content\/uploads\/2025\/01\/ep_stainless-steel-motor-2-2.webp 379w, https:\/\/fmp-components.com\/wp-content\/uploads\/2025\/01\/ep_stainless-steel-motor-2-2-300x200.webp 300w, https:\/\/fmp-components.com\/wp-content\/uploads\/2025\/01\/ep_stainless-steel-motor-2-2-18x12.webp 18w\" sizes=\"(max-width: 379px) 100vw, 379px\" \/><\/td>\n<td style=\"width: 25.0965%; height: 13px;\" align=\"right\" width=\"64\"><img loading=\"lazy\" decoding=\"async\" class=\"alignnone size-full wp-image-3509\" src=\"https:\/\/fmp-components.com\/wp-content\/uploads\/2025\/01\/ep_stainless-steel-motor-6.webp\" alt=\"paslanmaz \u00e7elik motor\" width=\"379\" height=\"253\" title=\"\" srcset=\"https:\/\/fmp-components.com\/wp-content\/uploads\/2025\/01\/ep_stainless-steel-motor-6.webp 379w, https:\/\/fmp-components.com\/wp-content\/uploads\/2025\/01\/ep_stainless-steel-motor-6-300x200.webp 300w, https:\/\/fmp-components.com\/wp-content\/uploads\/2025\/01\/ep_stainless-steel-motor-6-18x12.webp 18w\" sizes=\"(max-width: 379px) 100vw, 379px\" \/><\/td>\n<td style=\"width: 25.0965%; height: 13px;\" align=\"right\" width=\"64\"><img loading=\"lazy\" decoding=\"async\" class=\"alignnone size-full wp-image-3510\" src=\"https:\/\/fmp-components.com\/wp-content\/uploads\/2025\/01\/ep_stainless-steel-motor-300x200-1.webp\" alt=\"paslanmaz \u00e7elik motor\" width=\"300\" height=\"200\" title=\"\" srcset=\"https:\/\/fmp-components.com\/wp-content\/uploads\/2025\/01\/ep_stainless-steel-motor-300x200-1.webp 300w, https:\/\/fmp-components.com\/wp-content\/uploads\/2025\/01\/ep_stainless-steel-motor-300x200-1-18x12.webp 18w\" sizes=\"(max-width: 300px) 100vw, 300px\" \/><\/td>\n<\/tr>\n<tr style=\"height: 13.8pt;\">\n<td style=\"height: 45px; width: 25.0965%; text-align: center;\" align=\"right\" height=\"18\">Paslanmaz \u00e7elik kal\u0131c\u0131 m\u0131knat\u0131sl\u0131 motor<\/td>\n<td style=\"width: 25.0965%; height: 45px; text-align: center;\" align=\"right\">Su so\u011futmal\u0131 paslanmaz \u00e7elik motor<\/td>\n<td style=\"width: 25.0965%; height: 45px; text-align: center;\" align=\"right\">G\u0131da end\u00fcstrisi elektrik motoru<\/td>\n<td style=\"width: 25.0965%; height: 45px; text-align: center;\" align=\"right\">Paslanmaz \u00e7elik motor<\/td>\n<\/tr>\n<tr style=\"height: 13.8pt;\">\n<td style=\"height: 13px; width: 25.0965%;\" align=\"right\" height=\"18\"><img loading=\"lazy\" decoding=\"async\" class=\"alignnone size-full wp-image-3511\" src=\"https:\/\/fmp-components.com\/wp-content\/uploads\/2025\/01\/ep_stainless-steel-motor-4.webp\" alt=\"paslanmaz \u00e7elik motor\" width=\"379\" height=\"253\" title=\"\" srcset=\"https:\/\/fmp-components.com\/wp-content\/uploads\/2025\/01\/ep_stainless-steel-motor-4.webp 379w, https:\/\/fmp-components.com\/wp-content\/uploads\/2025\/01\/ep_stainless-steel-motor-4-300x200.webp 300w, https:\/\/fmp-components.com\/wp-content\/uploads\/2025\/01\/ep_stainless-steel-motor-4-18x12.webp 18w\" sizes=\"(max-width: 379px) 100vw, 379px\" \/><\/td>\n<td style=\"width: 25.0965%; height: 13px;\" align=\"right\"><img loading=\"lazy\" decoding=\"async\" class=\"alignnone size-full wp-image-3512\" src=\"https:\/\/fmp-components.com\/wp-content\/uploads\/2025\/01\/ep_stainless-steel-motor-3.webp\" alt=\"paslanmaz \u00e7elik motor\" width=\"379\" height=\"253\" title=\"\" srcset=\"https:\/\/fmp-components.com\/wp-content\/uploads\/2025\/01\/ep_stainless-steel-motor-3.webp 379w, https:\/\/fmp-components.com\/wp-content\/uploads\/2025\/01\/ep_stainless-steel-motor-3-300x200.webp 300w, https:\/\/fmp-components.com\/wp-content\/uploads\/2025\/01\/ep_stainless-steel-motor-3-18x12.webp 18w\" sizes=\"(max-width: 379px) 100vw, 379px\" \/><\/td>\n<td style=\"width: 25.0965%; height: 13px;\" align=\"right\"><img loading=\"lazy\" decoding=\"async\" class=\"alignnone size-full wp-image-3513\" src=\"https:\/\/fmp-components.com\/wp-content\/uploads\/2025\/01\/ep_stainless-steel-motor-5.webp\" alt=\"paslanmaz \u00e7elik motor\" width=\"379\" height=\"253\" title=\"\" srcset=\"https:\/\/fmp-components.com\/wp-content\/uploads\/2025\/01\/ep_stainless-steel-motor-5.webp 379w, https:\/\/fmp-components.com\/wp-content\/uploads\/2025\/01\/ep_stainless-steel-motor-5-300x200.webp 300w, https:\/\/fmp-components.com\/wp-content\/uploads\/2025\/01\/ep_stainless-steel-motor-5-18x12.webp 18w\" sizes=\"(max-width: 379px) 100vw, 379px\" \/><\/td>\n<td style=\"width: 25.0965%; height: 13px;\" align=\"right\"><img loading=\"lazy\" decoding=\"async\" class=\"alignnone size-full wp-image-3514\" src=\"https:\/\/fmp-components.com\/wp-content\/uploads\/2025\/01\/ep_stainless-steel-motor-6-1.webp\" alt=\"paslanmaz \u00e7elik motor\" width=\"379\" height=\"253\" title=\"\" srcset=\"https:\/\/fmp-components.com\/wp-content\/uploads\/2025\/01\/ep_stainless-steel-motor-6-1.webp 379w, https:\/\/fmp-components.com\/wp-content\/uploads\/2025\/01\/ep_stainless-steel-motor-6-1-300x200.webp 300w, https:\/\/fmp-components.com\/wp-content\/uploads\/2025\/01\/ep_stainless-steel-motor-6-1-18x12.webp 18w\" sizes=\"(max-width: 379px) 100vw, 379px\" \/><\/td>\n<\/tr>\n<tr style=\"height: 13.8pt;\">\n<td style=\"height: 13px; width: 25.0965%; text-align: center;\" align=\"right\" height=\"18\">IEC em\u00fclsifiye g\u0131da makineleri AC motoru<\/td>\n<td style=\"width: 25.0965%; height: 13px; text-align: center;\" align=\"right\">NEMA 56C asenkron motor<\/td>\n<td style=\"width: 25.0965%; height: 13px; text-align: center;\" align=\"right\">IEC paslanmaz \u00e7elik AC motor<\/td>\n<td style=\"width: 25.0965%; text-align: center;\">IEC tamamen paslanmaz \u00e7elikten y\u00fcksek verimli motor<\/td>\n<\/tr>\n<tr style=\"height: 13.8pt;\">\n<td style=\"height: 13px; width: 25.0965%;\" align=\"right\" width=\"64\" height=\"18\"><img loading=\"lazy\" decoding=\"async\" class=\"alignnone size-full wp-image-3515\" src=\"https:\/\/fmp-components.com\/wp-content\/uploads\/2025\/01\/ep_stainless-steel-motor-2.webp\" alt=\"paslanmaz \u00e7elik motor\" width=\"379\" height=\"253\" title=\"\" srcset=\"https:\/\/fmp-components.com\/wp-content\/uploads\/2025\/01\/ep_stainless-steel-motor-2.webp 379w, https:\/\/fmp-components.com\/wp-content\/uploads\/2025\/01\/ep_stainless-steel-motor-2-300x200.webp 300w, https:\/\/fmp-components.com\/wp-content\/uploads\/2025\/01\/ep_stainless-steel-motor-2-18x12.webp 18w\" sizes=\"(max-width: 379px) 100vw, 379px\" \/><\/td>\n<td style=\"width: 25.0965%; height: 13px;\" align=\"right\" width=\"64\"><img loading=\"lazy\" decoding=\"async\" class=\"alignnone size-full wp-image-3516\" src=\"https:\/\/fmp-components.com\/wp-content\/uploads\/2025\/01\/ep_stainless-steel-motor-8.webp\" alt=\"paslanmaz \u00e7elik motor\" width=\"379\" height=\"253\" title=\"\" srcset=\"https:\/\/fmp-components.com\/wp-content\/uploads\/2025\/01\/ep_stainless-steel-motor-8.webp 379w, https:\/\/fmp-components.com\/wp-content\/uploads\/2025\/01\/ep_stainless-steel-motor-8-300x200.webp 300w, https:\/\/fmp-components.com\/wp-content\/uploads\/2025\/01\/ep_stainless-steel-motor-8-18x12.webp 18w\" sizes=\"(max-width: 379px) 100vw, 379px\" \/><\/td>\n<td style=\"width: 25.0965%; height: 13px;\" align=\"right\" width=\"64\"><img loading=\"lazy\" decoding=\"async\" class=\"alignnone size-full wp-image-3517\" src=\"https:\/\/fmp-components.com\/wp-content\/uploads\/2025\/01\/ep_stainless-steel-motor-7.webp\" alt=\"paslanmaz \u00e7elik motor\" width=\"379\" height=\"253\" title=\"\" srcset=\"https:\/\/fmp-components.com\/wp-content\/uploads\/2025\/01\/ep_stainless-steel-motor-7.webp 379w, https:\/\/fmp-components.com\/wp-content\/uploads\/2025\/01\/ep_stainless-steel-motor-7-300x200.webp 300w, https:\/\/fmp-components.com\/wp-content\/uploads\/2025\/01\/ep_stainless-steel-motor-7-18x12.webp 18w\" sizes=\"(max-width: 379px) 100vw, 379px\" \/><\/td>\n<td style=\"width: 25.0965%; height: 13px;\" align=\"right\" width=\"64\"><\/td>\n<\/tr>\n<tr style=\"height: 13.8pt;\">\n<td style=\"height: 13px; width: 25.0965%; text-align: center;\" align=\"right\" height=\"18\">Tavuk ve \u00f6rdek t\u00fcy d\u00f6kme ekipman\u0131 motoru<\/td>\n<td style=\"width: 25.0965%; height: 13px; text-align: center;\" align=\"right\">NEMA g\u0131da s\u0131n\u0131f\u0131 paslanmaz \u00e7elik motor<\/td>\n<td style=\"width: 25.0965%; height: 13px;\" align=\"right\">G\u0131da s\u0131n\u0131f\u0131 IEC paslanmaz \u00e7elik motor<\/td>\n<td style=\"width: 25.0965%; height: 13px;\" align=\"right\"><\/td>\n<\/tr>\n<\/tbody>\n<\/table>\n<h2>FMP Hakk\u0131nda<\/h2>\n<p>FMP, geli\u015fmi\u015f motor ve elektromekanik \u00e7\u00f6z\u00fcmlerin tasar\u0131m\u0131, geli\u015ftirilmesi ve \u00fcretiminde uzmanla\u015fm\u0131\u015f ulusal bir y\u00fcksek teknoloji kurulu\u015fudur. YE2, YE3 ve YE4 serisi motorlar\u0131n yan\u0131 s\u0131ra \u00e7e\u015fitli t\u00fcrev \u00fcr\u00fcnler \u00fcretmeye odaklan\u0131yoruz. \u00dcr\u00fcn yelpazemiz aras\u0131nda hidrolik pompalar i\u00e7in \u00fc\u00e7 fazl\u0131 ve tek fazl\u0131 motorlar, al\u00fcminyum g\u00f6vdeli motorlar, hidrolik pompalar i\u00e7in standart d\u0131\u015f\u0131 motorlar, elektromekanik entegrasyonlu t\u00fcrbin di\u015fli red\u00fckt\u00f6rleri ve di\u011fer \u00f6zel motorlar da bulunmaktad\u0131r.<\/p>\n<p>FMP \u00fcr\u00fcnleri, CNC torna tezgahlar\u0131, ayakkab\u0131 imalat makineleri, a\u011fa\u00e7 i\u015fleme makineleri, metal i\u015fleme makineleri, plastik makineleri ve in\u015faat makineleri gibi \u00f6nemli sekt\u00f6rlere hizmet veren end\u00fcstriyel otomasyonda yayg\u0131n olarak kullan\u0131lmaktad\u0131r. Yenilik ve kaliteye olan g\u00fc\u00e7l\u00fc ba\u011fl\u0131l\u0131\u011f\u0131yla FMP, t\u00fcm \u00fcr\u00fcnlerinin en y\u00fcksek performans standartlar\u0131n\u0131 kar\u015f\u0131lamas\u0131n\u0131 sa\u011flar.<\/p>\n<p>Kapsaml\u0131 \u00fcr\u00fcn yelpazemizin yan\u0131 s\u0131ra, m\u00fc\u015fterilerimizin \u00f6zel ihtiya\u00e7lar\u0131na g\u00f6re uyarlanm\u0131\u015f \u00f6zel \u00e7\u00f6z\u00fcmler sunmaktan gurur duyuyoruz. \u0130ster \u00f6zel motorlara, ister standart d\u0131\u015f\u0131 \u00fcr\u00fcnlere veya entegre sistemlere ihtiyac\u0131n\u0131z olsun, FMP y\u00fcksek kaliteli ve size \u00f6zel \u00e7\u00f6z\u00fcmler sunmak i\u00e7in m\u00fc\u015fterileriyle yak\u0131n bir \u015fekilde \u00e7al\u0131\u015f\u0131r. Hassas m\u00fchendislik ve m\u00fc\u015fteri memnuniyetine odaklanmam\u0131z, k\u00fcresel pazarlardaki s\u00fcrekli ba\u015far\u0131m\u0131z\u0131 sa\u011flar.<\/p>\n<p>FMP olarak, her projede m\u00fc\u015fterilerimizin ba\u015far\u0131s\u0131n\u0131 destekleyerek, uzun vadeli, kar\u015f\u0131l\u0131kl\u0131 fayda sa\u011flayan ortakl\u0131klar kurmaya kendimizi adad\u0131k.<\/p>\n<table style=\"border-collapse: collapse; width: 100.882%; height: 23px;\" border=\"0\" width=\"128\" cellspacing=\"0\" cellpadding=\"0\">\n<tbody>\n<tr style=\"height: 13.8pt;\">\n<td style=\"height: 10px; width: 50.3922%;\" align=\"right\" width=\"64\" height=\"18\"><img loading=\"lazy\" decoding=\"async\" class=\"alignnone size-full wp-image-3398\" src=\"https:\/\/fmp-components.com\/wp-content\/uploads\/2025\/01\/Three-Phase-Motor-Factory.webp\" alt=\"\u00dc\u00e7 Fazl\u0131 Motor Fabrikas\u0131\" width=\"900\" height=\"600\" title=\"\" srcset=\"https:\/\/fmp-components.com\/wp-content\/uploads\/2025\/01\/Three-Phase-Motor-Factory.webp 900w, https:\/\/fmp-components.com\/wp-content\/uploads\/2025\/01\/Three-Phase-Motor-Factory-480x320.webp 480w\" sizes=\"(min-width: 0px) and (max-width: 480px) 480px, (min-width: 481px) 900px, 100vw\" \/><\/td>\n<td style=\"width: 604.224%; height: 10px;\" align=\"right\" width=\"64\"><img loading=\"lazy\" decoding=\"async\" class=\"alignnone size-full wp-image-3399\" src=\"https:\/\/fmp-components.com\/wp-content\/uploads\/2025\/01\/Three-Phase-Motor-Factory-2.webp\" alt=\"\u00dc\u00e7 Fazl\u0131 Motor Fabrikas\u0131-2\" width=\"900\" height=\"600\" title=\"\" srcset=\"https:\/\/fmp-components.com\/wp-content\/uploads\/2025\/01\/Three-Phase-Motor-Factory-2.webp 900w, https:\/\/fmp-components.com\/wp-content\/uploads\/2025\/01\/Three-Phase-Motor-Factory-2-480x320.webp 480w\" sizes=\"(min-width: 0px) and (max-width: 480px) 480px, (min-width: 481px) 900px, 100vw\" \/><\/td>\n<\/tr>\n<tr style=\"height: 13.8pt;\">\n<td style=\"height: 13px; width: 50.3922%;\" align=\"right\" height=\"18\"><img loading=\"lazy\" decoding=\"async\" class=\"alignnone size-full wp-image-3400\" src=\"https:\/\/fmp-components.com\/wp-content\/uploads\/2025\/01\/China-Three-Phase-Motor-Factory-1.webp\" alt=\"\u00dc\u00e7 Fazl\u0131 Motor Fabrikas\u0131-1\" width=\"900\" height=\"600\" title=\"\" srcset=\"https:\/\/fmp-components.com\/wp-content\/uploads\/2025\/01\/China-Three-Phase-Motor-Factory-1.webp 900w, https:\/\/fmp-components.com\/wp-content\/uploads\/2025\/01\/China-Three-Phase-Motor-Factory-1-480x320.webp 480w\" sizes=\"(min-width: 0px) and (max-width: 480px) 480px, (min-width: 481px) 900px, 100vw\" \/><\/td>\n<td style=\"width: 604.224%; height: 13px;\" align=\"right\"><img loading=\"lazy\" decoding=\"async\" class=\"alignnone size-full wp-image-3401\" src=\"https:\/\/fmp-components.com\/wp-content\/uploads\/2025\/01\/Three-Phase-Motor-Factory-3.webp\" alt=\"\u00dc\u00e7 Fazl\u0131 Motor Fabrikas\u0131-3\" width=\"900\" height=\"600\" title=\"\" srcset=\"https:\/\/fmp-components.com\/wp-content\/uploads\/2025\/01\/Three-Phase-Motor-Factory-3.webp 900w, https:\/\/fmp-components.com\/wp-content\/uploads\/2025\/01\/Three-Phase-Motor-Factory-3-480x320.webp 480w\" sizes=\"(min-width: 0px) and (max-width: 480px) 480px, (min-width: 481px) 900px, 100vw\" \/><\/td>\n<\/tr>\n<tr>\n<td><img loading=\"lazy\" decoding=\"async\" class=\"alignnone size-full wp-image-3471\" src=\"https:\/\/fmp-components.com\/wp-content\/uploads\/2025\/01\/Single-Phase-Induction-Motor-Suppliers.webp\" alt=\"Tek Fazl\u0131 Asenkron Motor Tedarik\u00e7ileri\" width=\"900\" height=\"600\" title=\"\" srcset=\"https:\/\/fmp-components.com\/wp-content\/uploads\/2025\/01\/Single-Phase-Induction-Motor-Suppliers.webp 900w, https:\/\/fmp-components.com\/wp-content\/uploads\/2025\/01\/Single-Phase-Induction-Motor-Suppliers-480x320.webp 480w\" sizes=\"(min-width: 0px) and (max-width: 480px) 480px, (min-width: 481px) 900px, 100vw\" \/><\/td>\n<td><img loading=\"lazy\" decoding=\"async\" class=\"alignnone size-full wp-image-3470\" src=\"https:\/\/fmp-components.com\/wp-content\/uploads\/2025\/01\/Single-Phase-Induction-Motor-Manufacturers-1.webp\" alt=\"Tek Fazl\u0131 End\u00fcksiyon Motoru \u00dcreticileri-1\" width=\"900\" height=\"600\" title=\"\" srcset=\"https:\/\/fmp-components.com\/wp-content\/uploads\/2025\/01\/Single-Phase-Induction-Motor-Manufacturers-1.webp 900w, https:\/\/fmp-components.com\/wp-content\/uploads\/2025\/01\/Single-Phase-Induction-Motor-Manufacturers-1-480x320.webp 480w\" sizes=\"(min-width: 0px) and (max-width: 480px) 480px, (min-width: 481px) 900px, 100vw\" \/><\/td>\n<\/tr>\n<tr>\n<td><img loading=\"lazy\" decoding=\"async\" class=\"alignnone size-full wp-image-3472\" src=\"https:\/\/fmp-components.com\/wp-content\/uploads\/2025\/01\/Single-Phase-Induction-Motor-Manufacturers.webp\" alt=\"Tek Fazl\u0131 End\u00fcksiyon Motoru \u00dcreticileri\" width=\"900\" height=\"600\" title=\"\" srcset=\"https:\/\/fmp-components.com\/wp-content\/uploads\/2025\/01\/Single-Phase-Induction-Motor-Manufacturers.webp 900w, https:\/\/fmp-components.com\/wp-content\/uploads\/2025\/01\/Single-Phase-Induction-Motor-Manufacturers-480x320.webp 480w\" sizes=\"(min-width: 0px) and (max-width: 480px) 480px, (min-width: 481px) 900px, 100vw\" \/><\/td>\n<td><img loading=\"lazy\" decoding=\"async\" class=\"alignnone size-full wp-image-3473\" src=\"https:\/\/fmp-components.com\/wp-content\/uploads\/2025\/01\/Single-Phase-Induction-Motor-for-Sale.webp\" alt=\"Sat\u0131l\u0131k Tek Fazl\u0131 End\u00fcksiyon Motoru\" width=\"900\" height=\"600\" title=\"\" srcset=\"https:\/\/fmp-components.com\/wp-content\/uploads\/2025\/01\/Single-Phase-Induction-Motor-for-Sale.webp 900w, https:\/\/fmp-components.com\/wp-content\/uploads\/2025\/01\/Single-Phase-Induction-Motor-for-Sale-480x320.webp 480w\" sizes=\"(min-width: 0px) and (max-width: 480px) 480px, (min-width: 481px) 900px, 100vw\" \/><\/td>\n<\/tr>\n<\/tbody>\n<\/table>\n<p>Yazar: CX<\/p>","protected":false},"excerpt":{"rendered":"<p>NEMA Stainless Steel Stepper Motor With Double Capacitor FMP Electric Stainless Steel\/Flush motors are available in enclosed fan-cooled (Tens) or enclosed non-ventilated (ten) enclosures with IP56 protection for waterproofing. These washdown motors are ideal for conveyor, pump and material handling applications in the food, beverage, pharmaceutical and poultry industries. Features include double lip seals on [&hellip;]<\/p>","protected":false},"featured_media":3519,"comment_status":"open","ping_status":"closed","template":"","meta":{"_et_pb_use_builder":"","_et_pb_old_content":"","_et_gb_content_width":""},"product_brand":[],"product_cat":[88],"product_tag":[],"class_list":{"0":"post-3505","1":"product","2":"type-product","3":"status-publish","4":"has-post-thumbnail","6":"product_cat-stainless-steel-motors","8":"first","9":"instock","10":"shipping-taxable","11":"product-type-simple"},"_links":{"self":[{"href":"https:\/\/fmp-components.com\/tr\/wp-json\/wp\/v2\/product\/3505","targetHints":{"allow":["GET"]}}],"collection":[{"href":"https:\/\/fmp-components.com\/tr\/wp-json\/wp\/v2\/product"}],"about":[{"href":"https:\/\/fmp-components.com\/tr\/wp-json\/wp\/v2\/types\/product"}],"replies":[{"embeddable":true,"href":"https:\/\/fmp-components.com\/tr\/wp-json\/wp\/v2\/comments?post=3505"}],"wp:featuredmedia":[{"embeddable":true,"href":"https:\/\/fmp-components.com\/tr\/wp-json\/wp\/v2\/media\/3519"}],"wp:attachment":[{"href":"https:\/\/fmp-components.com\/tr\/wp-json\/wp\/v2\/media?parent=3505"}],"wp:term":[{"taxonomy":"product_brand","embeddable":true,"href":"https:\/\/fmp-components.com\/tr\/wp-json\/wp\/v2\/product_brand?post=3505"},{"taxonomy":"product_cat","embeddable":true,"href":"https:\/\/fmp-components.com\/tr\/wp-json\/wp\/v2\/product_cat?post=3505"},{"taxonomy":"product_tag","embeddable":true,"href":"https:\/\/fmp-components.com\/tr\/wp-json\/wp\/v2\/product_tag?post=3505"}],"curies":[{"name":"wp","href":"https:\/\/api.w.org\/{rel}","templated":true}]}}