{"id":344,"date":"2024-12-09T07:30:47","date_gmt":"2024-12-09T07:30:47","guid":{"rendered":"https:\/\/fmp-components.com\/?page_id=8"},"modified":"2024-12-09T07:30:47","modified_gmt":"2024-12-09T07:30:47","slug":"lift-hydraulic-cylinder-for-cart","status":"publish","type":"product","link":"https:\/\/fmp-components.com\/tr\/product\/lift-hydraulic-cylinder-for-cart\/","title":{"rendered":"Araba i\u00e7in Kald\u0131rma Hidrolik Silindiri"},"content":{"rendered":"<p style=\"text-align: center;\"><span style=\"font-size: 18pt;\">Araba Kald\u0131rma Hidrolik Silindir Par\u00e7alar\u0131:<\/span><\/p>\n<p><img loading=\"lazy\" decoding=\"async\" class=\"alignnone size-full wp-image-347\" src=\"https:\/\/fmp-components.com\/wp-content\/uploads\/2024\/12\/Cart-Lift-Hydraulic-Cylinder-Parts.webp\" alt=\"Araba-Kald\u0131rma-Hidrolik-Silindir-Par\u00e7alar\u0131\" width=\"1024\" height=\"467\" title=\"\" srcset=\"https:\/\/fmp-components.com\/wp-content\/uploads\/2024\/12\/Cart-Lift-Hydraulic-Cylinder-Parts.webp 1024w, https:\/\/fmp-components.com\/wp-content\/uploads\/2024\/12\/Cart-Lift-Hydraulic-Cylinder-Parts-980x447.webp 980w, https:\/\/fmp-components.com\/wp-content\/uploads\/2024\/12\/Cart-Lift-Hydraulic-Cylinder-Parts-480x219.webp 480w\" sizes=\"(min-width: 0px) and (max-width: 480px) 480px, (min-width: 481px) and (max-width: 980px) 980px, (min-width: 981px) 1024px, 100vw\" \/><\/p>\n<h2>Ta\u015f\u0131ma Arabas\u0131 Kald\u0131rma Hidrolik Silindirinin \u00d6l\u00e7\u00fcleri:<\/h2>\n<table>\n<tbody>\n<tr>\n<td>\n<h2><img loading=\"lazy\" decoding=\"async\" class=\"alignnone size-full wp-image-345\" src=\"https:\/\/fmp-components.com\/wp-content\/uploads\/2024\/12\/Cart-Lift-Hydraulic-Cylinder-Dimensions-1.webp\" alt=\"Araba Kald\u0131rma Hidrolik Silindir Boyutlar\u0131\" width=\"600\" height=\"710\" title=\"\" srcset=\"https:\/\/fmp-components.com\/wp-content\/uploads\/2024\/12\/Cart-Lift-Hydraulic-Cylinder-Dimensions-1.webp 600w, https:\/\/fmp-components.com\/wp-content\/uploads\/2024\/12\/Cart-Lift-Hydraulic-Cylinder-Dimensions-1-480x568.webp 480w\" sizes=\"(min-width: 0px) and (max-width: 480px) 480px, (min-width: 481px) 600px, 100vw\" \/><\/h2>\n<\/td>\n<td>\n<h2><img loading=\"lazy\" decoding=\"async\" class=\"alignnone size-full wp-image-346\" src=\"https:\/\/fmp-components.com\/wp-content\/uploads\/2024\/12\/Cart-Lift-Hydraulic-Cylinder-Dimensions-2.webp\" alt=\"Araba Kald\u0131rma Hidrolik Silindir Boyutlar\u0131\" width=\"600\" height=\"710\" title=\"\" srcset=\"https:\/\/fmp-components.com\/wp-content\/uploads\/2024\/12\/Cart-Lift-Hydraulic-Cylinder-Dimensions-2.webp 600w, https:\/\/fmp-components.com\/wp-content\/uploads\/2024\/12\/Cart-Lift-Hydraulic-Cylinder-Dimensions-2-480x568.webp 480w\" sizes=\"(min-width: 0px) and (max-width: 480px) 480px, (min-width: 481px) 600px, 100vw\" \/><\/h2>\n<\/td>\n<\/tr>\n<\/tbody>\n<\/table>\n<table border=\"1\" cellspacing=\"0\" cellpadding=\"0\">\n<tbody>\n<tr>\n<td width=\"246\">Silindir Ad\u0131<\/td>\n<td width=\"336\">\u00c7izim numaras\u0131<\/td>\n<td width=\"126\">Delik \u00e7ap\u0131 (D)<\/td>\n<td width=\"123\">\u00c7ubuk \u00e7ap\u0131 (d)<\/td>\n<td width=\"114\">\u0130nme (S)<\/td>\n<td width=\"170\">Kurulum mesafesi (L)<\/td>\n<td width=\"172\">\u00c7al\u0131\u015fma bas\u0131nc\u0131<\/td>\n<td width=\"366\">Aray\u00fcz boyutlar\u0131 (M)<\/td>\n<td width=\"96\">A\u011f\u0131rl\u0131k<\/td>\n<\/tr>\n<tr>\n<td width=\"246\">Araba i\u00e7in kald\u0131rma silindiri<\/td>\n<td width=\"336\">AIMBN156-620000-001<\/td>\n<td width=\"126\">\u03a645<\/td>\n<td width=\"123\">\u03a640<\/td>\n<td width=\"114\">125<\/td>\n<td width=\"170\">313<\/td>\n<td width=\"172\">18MPa<\/td>\n<td width=\"366\">M12*1.5<\/td>\n<td width=\"96\">6,5 kg<\/td>\n<\/tr>\n<tr>\n<td width=\"246\">Araba i\u00e7in kald\u0131rma silindiri<\/td>\n<td>AIMBJ150-620000-000<\/td>\n<td>\u03a640<\/td>\n<td>\u03a635<\/td>\n<td>155<\/td>\n<td>354.7<\/td>\n<td>22 MPa<\/td>\n<td>\u03a66<\/td>\n<td>6,5 kg<\/td>\n<\/tr>\n<tr>\n<td width=\"246\">Araba i\u00e7in kald\u0131rma silindiri<\/td>\n<td width=\"336\">AIMBA200-620000-000<\/td>\n<td>\u03a645<\/td>\n<td>\u03a640<\/td>\n<td>155<\/td>\n<td>355<\/td>\n<td>20MPa<\/td>\n<td>\u03a66<\/td>\n<td>6,5 kg<\/td>\n<\/tr>\n<tr>\n<td width=\"246\">Araba i\u00e7in kald\u0131rma silindiri<\/td>\n<td>EPT18H-301-00<\/td>\n<td>\u03a640<\/td>\n<td>\u03a635<\/td>\n<td>120<\/td>\n<td>233<\/td>\n<td>25MPa<\/td>\n<td>M12*1.5<\/td>\n<td>3,6 kg<\/td>\n<\/tr>\n<\/tbody>\n<\/table>\n<h2 style=\"box-sizing: border-box; user-select: initial !important; margin: 0px; padding: 0px 0px 10px; border: 0px; outline: 0px; font-size: 26px; text-size-adjust: 100%; vertical-align: baseline; background: #ffffff; color: #333333; line-height: 1em; font-weight: 500; font-family: Nunito, Helvetica, Arial, Lucida, sans-serif; font-style: normal; font-variant-ligatures: normal; font-variant-caps: normal; letter-spacing: normal; orphans: 2; text-align: start; text-indent: 0px; text-transform: none; widows: 2; word-spacing: 0px; -webkit-text-stroke-width: 0px; white-space: normal; text-decoration-thickness: initial; text-decoration-style: initial; text-decoration-color: initial;\">Mevcut Hidrolik Silindir Marka ve Modelleri:<\/h2>\n<table style=\"box-sizing: border-box; border-collapse: collapse; border-spacing: 0px; word-break: break-all; color: #666666; font-family: Nunito, Helvetica, Arial, Lucida, sans-serif; font-size: 16px; font-style: normal; font-variant-ligatures: normal; font-variant-caps: normal; font-weight: 500; letter-spacing: normal; orphans: 2; text-align: start; text-transform: none; widows: 2; word-spacing: 0px; -webkit-text-stroke-width: 0px; white-space: normal; background-color: #ffffff; text-decoration-thickness: initial; text-decoration-style: initial; text-decoration-color: initial; width: 100.174%; user-select: initial !important; height: 597px;\" border=\"1\" cellspacing=\"0\" cellpadding=\"0\">\n<tbody style=\"box-sizing: border-box; user-select: initial !important;\">\n<tr style=\"box-sizing: border-box; user-select: initial !important;\">\n<td style=\"box-sizing: border-box; user-select: initial !important;\"><b style=\"box-sizing: border-box; user-select: initial !important; margin: 0px; padding: 0px; border: 0px; outline: 0px; font-size: 16px; text-size-adjust: 100%; vertical-align: baseline; background: transparent;\" data-spm-anchor-id=\"a2700.details.0.i43.45d84a73e99C9z\">KOMATSU (PC)<\/b><\/td>\n<td style=\"box-sizing: border-box; user-select: initial !important;\">PC30, PC40, PC50, PC56, PC60, PC78, PC100, PC110, PC120, PC130, PC160, PC200-3\/5\/6\/7\/8\/8MO, PC210, PC220-5\/6\/7\/8\/8MO, PC240, PC300\/350\/360-5\/6\/7\/8\/8MO, PC400\/450-5\/6\/7\/8\/8MO, PC800, PC850<\/td>\n<\/tr>\n<tr style=\"box-sizing: border-box; user-select: initial !important;\">\n<td style=\"box-sizing: border-box; user-select: initial !important;\"><b style=\"box-sizing: border-box; user-select: initial !important; margin: 0px; padding: 0px; border: 0px; outline: 0px; font-size: 16px; text-size-adjust: 100%; vertical-align: baseline; background: transparent;\">TIRTIL (E)<\/b><\/td>\n<td style=\"box-sizing: border-box; user-select: initial !important;\">E301.5, E302, E305.5, E306, E307V1\/V2\/B\/C\/D\/E\/F, E308B\/C, E120B, E312V1\/V2\/B\/C\/D, E313D2, E312D2, E315D,<br style=\"box-sizing: border-box; user-select: initial !important;\" \/>E200B,E320V1\/V2\/A\/B\/C\/D,E324D,E325C\/D,E329D,E330\/336C\/D,E345C,E349D,E365C,E374,E390<\/td>\n<\/tr>\n<tr style=\"box-sizing: border-box; user-select: initial !important;\">\n<td style=\"box-sizing: border-box; user-select: initial !important;\"><b style=\"box-sizing: border-box; user-select: initial !important; margin: 0px; padding: 0px; border: 0px; outline: 0px; font-size: 16px; text-size-adjust: 100%; vertical-align: baseline; background: transparent;\">KOBELCO (SK)<\/b><\/td>\n<td style=\"box-sizing: border-box; user-select: initial !important;\">SK60-3\/5\/8,SK75-8\/SR, SK100 ,SK120-3\/5, SK135-8\/SR, SK140-8, SK200-3\/5\/6\/6E, SK210-3\/5\/6\/6E,<br style=\"box-sizing: border-box; user-select: initial !important;\" \/>SK230\/250-6E,SK250-8,SK260-8,SK350-8\/S8,SK460\/480-8<\/td>\n<\/tr>\n<tr style=\"box-sizing: border-box; user-select: initial !important;\">\n<td style=\"box-sizing: border-box; user-select: initial !important;\"><b style=\"box-sizing: border-box; user-select: initial !important; margin: 0px; padding: 0px; border: 0px; outline: 0px; font-size: 16px; text-size-adjust: 100%; vertical-align: baseline; background: transparent;\">HYUNDAI (R)<\/b><\/td>\n<td style=\"box-sizing: border-box; user-select: initial !important;\">R55-5\/7, R60-5\/7, R80, R110, R130, R200-5, R210-5, R215-5\/7, R220-5\/7\/9, R225-5\/7\/9, R250, R260, R265, R290, R305, R445, R485, R505<\/td>\n<\/tr>\n<tr style=\"box-sizing: border-box; user-select: initial !important;\">\n<td style=\"box-sizing: border-box; user-select: initial !important;\"><b style=\"box-sizing: border-box; user-select: initial !important; margin: 0px; padding: 0px; border: 0px; outline: 0px; font-size: 16px; text-size-adjust: 100%; vertical-align: baseline; background: transparent;\" data-spm-anchor-id=\"a2700.details.0.i53.45d84a73e99C9z\">HITACHI (EX.ZX)<\/b><\/td>\n<td style=\"box-sizing: border-box; user-select: initial !important;\">EX60, EX100-1\/2\/3, EX120-1\/3\/5\/6, EX200-1\/3\/5, EX230-5, EX300-1, EX400<br style=\"box-sizing: border-box; user-select: initial !important;\" \/>ZAX60,ZAX70,ZA120-6,ZAX200\/210-1\/3\/5\/5K,ZAX240,ZAX250,ZAX260,ZAX330-3\/5\/6,ZAX450\/470,ZAX650\/670,ZAX850\/870<\/td>\n<\/tr>\n<tr style=\"box-sizing: border-box; user-select: initial !important;\">\n<td style=\"box-sizing: border-box; user-select: initial !important;\">\n<div class=\"magic-32\" style=\"box-sizing: border-box; user-select: initial !important; margin: 0px; padding: 0px; border: 0px; outline: 0px; font-size: 16px; text-size-adjust: 100%; vertical-align: baseline; background: transparent;\"><b style=\"box-sizing: border-box; user-select: initial !important; margin: 0px; padding: 0px; border: 0px; outline: 0px; font-size: 16px; text-size-adjust: 100%; vertical-align: baseline; background: transparent;\" data-spm-anchor-id=\"a2700.details.0.i55.45d84a73e99C9z\">DOOSAN (DH\/DX)<\/b><\/div>\n<\/td>\n<td style=\"box-sizing: border-box; user-select: initial !important;\">\n<div class=\"magic-33\" style=\"box-sizing: border-box; user-select: initial !important; margin: 0px; padding: 0px; border: 0px; outline: 0px; font-size: 16px; text-size-adjust: 100%; vertical-align: baseline; background: transparent;\"><span class=\"magic-34\" style=\"box-sizing: border-box; user-select: initial !important; margin: 0px; padding: 0px; border: 0px; outline: 0px; font-size: 16px; text-size-adjust: 100%; vertical-align: baseline; background: transparent;\">DH55, DH60, DH80,DH150, DH215-5\/7,DH220-5,DH225-5\/7,DH258,DH300-5\/7, DH370,DH420,DH500<br style=\"box-sizing: border-box; user-select: initial !important;\" \/>DX55, DX60, DX75, DX130, DX225-9, DX300, DX380, DX420, DX500<\/span><\/div>\n<\/td>\n<\/tr>\n<tr style=\"box-sizing: border-box; user-select: initial !important;\">\n<td style=\"box-sizing: border-box; user-select: initial !important;\">\n<div class=\"magic-32\" style=\"box-sizing: border-box; user-select: initial !important; margin: 0px; padding: 0px; border: 0px; outline: 0px; font-size: 16px; text-size-adjust: 100%; vertical-align: baseline; background: transparent;\"><b style=\"box-sizing: border-box; user-select: initial !important; margin: 0px; padding: 0px; border: 0px; outline: 0px; font-size: 16px; text-size-adjust: 100%; vertical-align: baseline; background: transparent;\">VOLVO (EC)<\/b><\/div>\n<\/td>\n<td style=\"box-sizing: border-box; user-select: initial !important;\">\n<div class=\"magic-33\" style=\"box-sizing: border-box; user-select: initial !important; margin: 0px; padding: 0px; border: 0px; outline: 0px; font-size: 16px; text-size-adjust: 100%; vertical-align: baseline; background: transparent;\"><span class=\"magic-34\" style=\"box-sizing: border-box; user-select: initial !important; margin: 0px; padding: 0px; border: 0px; outline: 0px; font-size: 16px; text-size-adjust: 100%; vertical-align: baseline; background: transparent;\">EC55, EC60, EC75, EC80, EC140, EC210B\/D, EC220D, EC240, EC250, EC290, EC300, EC360 EC380, EC460, EC480, EC700, EC750, EC950<\/span><\/div>\n<\/td>\n<\/tr>\n<tr style=\"box-sizing: border-box; user-select: initial !important;\">\n<td style=\"box-sizing: border-box; user-select: initial !important;\">\n<div class=\"magic-32\" style=\"box-sizing: border-box; user-select: initial !important; margin: 0px; padding: 0px; border: 0px; outline: 0px; font-size: 16px; text-size-adjust: 100%; vertical-align: baseline; background: transparent;\"><b style=\"box-sizing: border-box; user-select: initial !important; margin: 0px; padding: 0px; border: 0px; outline: 0px; font-size: 16px; text-size-adjust: 100%; vertical-align: baseline; background: transparent;\">KATO (HD)<\/b><\/div>\n<\/td>\n<td style=\"box-sizing: border-box; user-select: initial !important;\">\n<div class=\"magic-33\" style=\"box-sizing: border-box; user-select: initial !important; margin: 0px; padding: 0px; border: 0px; outline: 0px; font-size: 16px; text-size-adjust: 100%; vertical-align: baseline; background: transparent;\"><span class=\"magic-34\" style=\"box-sizing: border-box; user-select: initial !important; margin: 0px; padding: 0px; border: 0px; outline: 0px; font-size: 16px; text-size-adjust: 100%; vertical-align: baseline; background: transparent;\">HD307\/308, HD450, HD512, HD700-5\/7, HD820-1\/2\/3\/5\/R, HD1023-1\/3, HD1430-1\/3<\/span><\/div>\n<\/td>\n<\/tr>\n<tr style=\"box-sizing: border-box; user-select: initial !important;\">\n<td style=\"box-sizing: border-box; user-select: initial !important;\">\n<div class=\"magic-32\" style=\"box-sizing: border-box; user-select: initial !important; margin: 0px; padding: 0px; border: 0px; outline: 0px; font-size: 16px; text-size-adjust: 100%; vertical-align: baseline; background: transparent;\"><b style=\"box-sizing: border-box; user-select: initial !important; margin: 0px; padding: 0px; border: 0px; outline: 0px; font-size: 16px; text-size-adjust: 100%; vertical-align: baseline; background: transparent;\">D\u0130\u011eER MARKA<\/b><\/div>\n<\/td>\n<td style=\"box-sizing: border-box; user-select: initial !important;\">\n<div class=\"magic-33\" style=\"box-sizing: border-box; user-select: initial !important; margin: 0px; padding: 0px; border: 0px; outline: 0px; font-size: 16px; text-size-adjust: 100%; vertical-align: baseline; background: transparent;\"><span class=\"magic-34\" style=\"box-sizing: border-box; user-select: initial !important; margin: 0px; padding: 0px; border: 0px; outline: 0px; font-size: 16px; text-size-adjust: 100%; vertical-align: baseline; background: transparent;\">XCMG,LIUGONG,KUBOTA,CASE,YANMAR,SUNWARD,ZOOMLION,LISHIDE,LIEHERR<\/span><\/div>\n<\/td>\n<\/tr>\n<\/tbody>\n<\/table>\n<h3>FMP Hakk\u0131nda<\/h3>\n<p>FMP, ara\u015ft\u0131rma ve \u00fcretime g\u00fc\u00e7l\u00fc bir \u015fekilde odaklanan, hidrolik silindirler konusunda uzmanla\u015fm\u0131\u015f bir \u00fcreticidir. \u015eirket, kurulu\u015fundan bu yana s\u00fcrekli olarak hidrolik silindirlerin geli\u015ftirilmesine odaklanm\u0131\u015f ve hasat ve in\u015faat makineleri gibi \u00e7e\u015fitli \u00fcr\u00fcnlerin \u00fcretiminden, tar\u0131m trakt\u00f6r\u00fc bile\u015fenlerinde uzmanla\u015fmaya do\u011fru evrilmi\u015ftir. On y\u0131l\u0131 a\u015fk\u0131n \u00fcretim uzmanl\u0131\u011f\u0131, y\u00f6netim deneyimi ve geli\u015fmi\u015f \u00fcretim teknolojisiyle FMP, \u00fcr\u00fcnlerinde en y\u00fcksek kaliteyi garanti eder.<\/p>\n<p>\u015eirket profesyonel olarak b\u00fcy\u00fcd\u00fck\u00e7e, kapsaml\u0131 bir tala\u015fl\u0131 imalat \u00fcretim hatt\u0131, montaj hatt\u0131 ve kaplama hatt\u0131 kurmu\u015ftur. FMP, deneyimli y\u00f6netim kadrosu, yetenekli makine tasar\u0131mc\u0131lar\u0131 ve y\u00fcksek e\u011fitimli teknik \u00e7al\u0131\u015fanlardan olu\u015fan \u00f6zverili bir ekip taraf\u0131ndan desteklenmektedir. Bu sayede, istikrarl\u0131 \u00fcr\u00fcn kalitesi sa\u011flan\u0131rken, s\u00fcre\u00e7 s\u00fcreklili\u011fi ve genel \u00fcretim etkinli\u011fi etkin bir \u015fekilde kontrol edilmektedir.<\/p>\n<p>FMP, \"Teknolojik yeniliklerin ilerlemeyi y\u00f6nlendirmesi, kaliteli markalar yarat\u0131lmas\u0131, i\u015f\u00e7ili\u011fin kaliteyi garanti alt\u0131na almas\u0131 ve uzun vadeli kazan-kazan ili\u015fkileri kurulmas\u0131\" temel de\u011ferlerine ba\u011fl\u0131 kalmaktad\u0131r. \u015eirket, \u00fcst\u00fcn m\u00fc\u015fteri hizmeti sunarken y\u00fcksek kaliteli \u00fcr\u00fcnler sunmaya ve pazar\u0131n geli\u015fen ihtiya\u00e7lar\u0131n\u0131 kar\u015f\u0131lamak i\u00e7in s\u00fcrekli \u00e7aba g\u00f6stermeye kararl\u0131d\u0131r.<\/p>\n<p><img loading=\"lazy\" decoding=\"async\" class=\"alignnone wp-image-303\" src=\"https:\/\/fmp-components.com\/wp-content\/uploads\/2024\/12\/hydraulic-cylinder-factory-11_1.webp\" alt=\"hidrolik silindir fabrikas\u0131\" width=\"917\" height=\"1003\" title=\"\" srcset=\"https:\/\/fmp-components.com\/wp-content\/uploads\/2024\/12\/hydraulic-cylinder-factory-11_1.webp 917w, https:\/\/fmp-components.com\/wp-content\/uploads\/2024\/12\/hydraulic-cylinder-factory-11_1-480x525.webp 480w\" sizes=\"(min-width: 0px) and (max-width: 480px) 480px, (min-width: 481px) 917px, 100vw\" \/><\/p>\n<table style=\"width: 100%;\" border=\"1\" width=\"100%\" cellspacing=\"0\" cellpadding=\"0\">\n<tbody>\n<tr>\n<td style=\"width: 41.9294%;\" width=\"226\"><img loading=\"lazy\" decoding=\"async\" class=\"alignnone size-full wp-image-309\" src=\"https:\/\/fmp-components.com\/wp-content\/uploads\/2024\/12\/Forklift-Tilt-Hydraulic-Cylinder.webp\" alt=\"Forklift E\u011fimli Hidrolik Silindir\" width=\"1000\" height=\"750\" title=\"\" srcset=\"https:\/\/fmp-components.com\/wp-content\/uploads\/2024\/12\/Forklift-Tilt-Hydraulic-Cylinder.webp 1000w, https:\/\/fmp-components.com\/wp-content\/uploads\/2024\/12\/Forklift-Tilt-Hydraulic-Cylinder-980x735.webp 980w, https:\/\/fmp-components.com\/wp-content\/uploads\/2024\/12\/Forklift-Tilt-Hydraulic-Cylinder-480x360.webp 480w\" sizes=\"(min-width: 0px) and (max-width: 480px) 480px, (min-width: 481px) and (max-width: 980px) 980px, (min-width: 981px) 1000px, 100vw\" \/><\/td>\n<td style=\"width: 55.6484%;\" width=\"64\"><img loading=\"lazy\" decoding=\"async\" class=\"alignnone wp-image-283\" src=\"https:\/\/fmp-components.com\/wp-content\/uploads\/2024\/12\/hydraulic-cylinder-factory-5.webp\" alt=\"hidrolik silindir fabrikas\u0131\" width=\"542\" height=\"312\" title=\"\"><\/td>\n<\/tr>\n<\/tbody>\n<\/table>\n<p>Yazar\uff1a CX<\/p>","protected":false},"excerpt":{"rendered":"<p>Ta\u015f\u0131ma arabalar\u0131 i\u00e7in tasarlanm\u0131\u015f hidrolik kald\u0131rma silindiri, arabalar\u0131n kolay ve verimli bir \u015fekilde kald\u0131r\u0131l\u0131p indirilmesini sa\u011flamak i\u00e7in hayati bir bile\u015fendir. Y\u00fcksek mukavemetli malzemelerden \u00fcretilen bu hidrolik silindir, a\u011f\u0131r y\u00fckler alt\u0131nda g\u00fcvenilir performans sa\u011flayarak end\u00fcstriyel, ticari ve tar\u0131msal uygulamalar i\u00e7in idealdir. Sorunsuz \u00e7al\u0131\u015fma mekanizmas\u0131, tutarl\u0131 kald\u0131rma ve indirme hareketleri sa\u011flayarak \u00e7e\u015fitli malzemelerin ta\u015f\u0131nmas\u0131nda hassas kontrol imkan\u0131 sunar. Silindir, kompakt ve hafif olacak \u015fekilde tasarlanm\u0131\u015ft\u0131r, bu da gereksiz a\u011f\u0131rl\u0131k eklemeden ta\u015f\u0131ma arabas\u0131 sistemlerine kolay entegrasyon sa\u011flar. Sa\u011flam yap\u0131s\u0131 ve g\u00fcvenilir i\u015flevselli\u011fi ile hidrolik kald\u0131rma silindiri, her t\u00fcrl\u00fc malzeme ta\u015f\u0131ma ortam\u0131nda verimlili\u011fi ve g\u00fcvenli\u011fi art\u0131r\u0131r.<\/p>","protected":false},"featured_media":349,"comment_status":"open","ping_status":"closed","template":"","meta":{"_et_pb_use_builder":"","_et_pb_old_content":"","_et_gb_content_width":""},"product_brand":[],"product_cat":[20],"product_tag":[],"class_list":{"0":"post-344","1":"product","2":"type-product","3":"status-publish","4":"has-post-thumbnail","6":"product_cat-forklift-hydraulic-cylinders","8":"first","9":"instock","10":"shipping-taxable","11":"product-type-simple"},"_links":{"self":[{"href":"https:\/\/fmp-components.com\/tr\/wp-json\/wp\/v2\/product\/344","targetHints":{"allow":["GET"]}}],"collection":[{"href":"https:\/\/fmp-components.com\/tr\/wp-json\/wp\/v2\/product"}],"about":[{"href":"https:\/\/fmp-components.com\/tr\/wp-json\/wp\/v2\/types\/product"}],"replies":[{"embeddable":true,"href":"https:\/\/fmp-components.com\/tr\/wp-json\/wp\/v2\/comments?post=344"}],"wp:featuredmedia":[{"embeddable":true,"href":"https:\/\/fmp-components.com\/tr\/wp-json\/wp\/v2\/media\/349"}],"wp:attachment":[{"href":"https:\/\/fmp-components.com\/tr\/wp-json\/wp\/v2\/media?parent=344"}],"wp:term":[{"taxonomy":"product_brand","embeddable":true,"href":"https:\/\/fmp-components.com\/tr\/wp-json\/wp\/v2\/product_brand?post=344"},{"taxonomy":"product_cat","embeddable":true,"href":"https:\/\/fmp-components.com\/tr\/wp-json\/wp\/v2\/product_cat?post=344"},{"taxonomy":"product_tag","embeddable":true,"href":"https:\/\/fmp-components.com\/tr\/wp-json\/wp\/v2\/product_tag?post=344"}],"curies":[{"name":"wp","href":"https:\/\/api.w.org\/{rel}","templated":true}]}}