{"id":3341,"date":"2025-01-07T01:06:38","date_gmt":"2025-01-07T01:06:38","guid":{"rendered":"https:\/\/fmp-components.com\/?page_id=8"},"modified":"2025-01-07T01:16:32","modified_gmt":"2025-01-07T01:16:32","slug":"plastic-gearbox-motor-tgp02d-a130-for-toy-robot-remote-control-toy-cars","status":"publish","type":"product","link":"https:\/\/fmp-components.com\/tr\/product\/plastic-gearbox-motor-tgp02d-a130-for-toy-robot-remote-control-toy-cars\/","title":{"rendered":"Oyuncak Robot Uzaktan Kumandal\u0131 Oyuncak Arabalar \u0130\u00e7in Plastik \u015eanz\u0131man Motoru TGP02D-A130"},"content":{"rendered":"<h2>Karakterler:<\/h2>\n<p>1. \u00c7ift \u015faft. K\u00fc\u00e7\u00fck boyut 42,2 mm * 45,5 mm * 23 mm<br \/>\n2. D\u00fc\u015f\u00fck h\u0131z ve b\u00fcy\u00fck torklu DC plastik di\u015fli motor<br \/>\n3. K\u00fc\u00e7\u00fck \u00e7apl\u0131, d\u00fc\u015f\u00fck g\u00fcr\u00fclt\u00fcl\u00fc ve b\u00fcy\u00fck torklu uygulamalar i\u00e7in uygundur<br \/>\n4. Azaltma Oran\u0131: 48\u3001120\u3001180\u3001220\u3001288<\/p>\n<p><img loading=\"lazy\" decoding=\"async\" class=\"alignnone wp-image-3349\" src=\"https:\/\/fmp-components.com\/wp-content\/uploads\/2025\/01\/fmp_3.TGP010-A130-2.webp\" alt=\"fmp_3.TGP010-A130-2\" width=\"909\" height=\"423\" title=\"\" srcset=\"https:\/\/fmp-components.com\/wp-content\/uploads\/2025\/01\/fmp_3.TGP010-A130-2.webp 909w, https:\/\/fmp-components.com\/wp-content\/uploads\/2025\/01\/fmp_3.TGP010-A130-2-480x223.webp 480w\" sizes=\"(min-width: 0px) and (max-width: 480px) 480px, (min-width: 481px) 909px, 100vw\" \/><\/p>\n<h2>Mini DC Motor Teknik Verileri<\/h2>\n<table style=\"width: 98.042%; height: 144px;\" border=\"1\">\n<tbody>\n<tr>\n<td style=\"width: 21.3647%;\">Motor model No<\/td>\n<td style=\"width: 15.8837%;\">Anma gerilimi<br \/>\nVDC<\/td>\n<td style=\"width: 16.6667%;\">Y\u00fcks\u00fcz h\u0131z<br \/>\ndev\/dak<\/td>\n<td style=\"width: 17.6734%;\">Y\u00fcks\u00fcz ak\u0131m<br \/>\nmA<\/td>\n<td style=\"width: 13.0872%;\">Durma torku<br \/>\ng.cm<\/td>\n<td style=\"width: 15.3244%;\">Duraklama ak\u0131m\u0131<br \/>\nA<\/td>\n<\/tr>\n<tr>\n<td style=\"width: 21.3647%;\">TFE-130RA-12215<\/td>\n<td style=\"width: 15.8837%;\">6.0<\/td>\n<td style=\"width: 16.6667%;\">11500<\/td>\n<td style=\"width: 17.6734%;\">120<\/td>\n<td style=\"width: 13.0872%;\">20<\/td>\n<td style=\"width: 15.3244%;\">0.85<\/td>\n<\/tr>\n<tr>\n<td style=\"width: 21.3647%;\">TFE-130RA-14175<\/td>\n<td style=\"width: 15.8837%;\">3.0<\/td>\n<td style=\"width: 16.6667%;\">8000<\/td>\n<td style=\"width: 17.6734%;\">120<\/td>\n<td style=\"width: 13.0872%;\">13<\/td>\n<td style=\"width: 15.3244%;\">0.70<\/td>\n<\/tr>\n<tr>\n<td style=\"width: 21.3647%;\">TFE-130RA-18100<\/td>\n<td style=\"width: 15.8837%;\">3.0<\/td>\n<td style=\"width: 16.6667%;\">11500<\/td>\n<td style=\"width: 17.6734%;\">250<\/td>\n<td style=\"width: 13.0872%;\">20<\/td>\n<td style=\"width: 15.3244%;\">1.80<\/td>\n<\/tr>\n<\/tbody>\n<\/table>\n<h2>Di\u015fli Motor Teknik Verileri<\/h2>\n<table style=\"width: 98.042%; height: 120px;\" border=\"1\">\n<tbody>\n<tr style=\"height: 30px;\">\n<th style=\"height: 30px; width: 32.774%; text-align: left;\">\u015eanz\u0131man Modeli<\/th>\n<td style=\"height: 30px; width: 68.0089%;\">TGP01D-A130-12215-XXX<\/td>\n<\/tr>\n<tr style=\"height: 30px;\">\n<th style=\"height: 30px; width: 32.774%; text-align: left;\">Azaltma Oranlar\u0131<\/th>\n<td style=\"height: 30px; width: 68.0089%;\">48, 120, 180, 220, 288<\/td>\n<\/tr>\n<tr style=\"height: 30px;\">\n<th style=\"height: 30px; width: 32.774%; text-align: left;\">Y\u00fcks\u00fcz H\u0131zlar (dev\/dak)<\/th>\n<td style=\"height: 30px; width: 68.0089%;\">230, 90, 60, 50, 38<\/td>\n<\/tr>\n<tr style=\"height: 30px;\">\n<th style=\"height: 30px; width: 32.774%; text-align: left;\">Maksimum Anl\u0131k Tolerans Torku (kg.cm)<\/th>\n<td style=\"height: 30px; width: 68.0089%;\">0.7, 1.4, 2.0, 2.2, 2.8<\/td>\n<\/tr>\n<\/tbody>\n<\/table>\n<h2>Motorlu \u015fanz\u0131man<\/h2>\n<table style=\"width: 98.7983%; height: 96px;\" border=\"1\">\n<tbody>\n<tr style=\"height: 24px;\">\n<th style=\"height: 24px; text-align: left; width: 38.4787%;\">\u015eanz\u0131man Modeli<\/th>\n<td style=\"height: 24px; width: 63.0872%;\">TGP01D-A130-14175-XXX<\/td>\n<\/tr>\n<tr style=\"height: 24px;\">\n<th style=\"height: 24px; text-align: left; width: 38.4787%;\">Azaltma Oranlar\u0131<\/th>\n<td style=\"height: 24px; width: 63.0872%;\">48, 120, 180, 220, 288<\/td>\n<\/tr>\n<tr style=\"height: 24px;\">\n<th style=\"height: 24px; text-align: left; width: 38.4787%;\">Y\u00fcks\u00fcz H\u0131zlar (dev\/dak)<\/th>\n<td style=\"height: 24px; width: 63.0872%;\">150, 60, 40, 33, 25<\/td>\n<\/tr>\n<tr style=\"height: 24px;\">\n<th style=\"height: 24px; text-align: left; width: 38.4787%;\">Maksimum Anl\u0131k Tolerans Torku (kg.cm)<\/th>\n<td style=\"height: 24px; width: 63.0872%;\">0.5, 0.9, 1.2, 1.4, 1.8<\/td>\n<\/tr>\n<\/tbody>\n<\/table>\n<table style=\"color: #666666; font-size: 14px; width: 98.9666%; height: 142px;\" border=\"1\">\n<tbody>\n<tr style=\"height: 24px;\">\n<th style=\"text-align: left; width: 38.5906%; height: 24px;\">\u015eanz\u0131man Modeli<\/th>\n<td style=\"width: 61.8421%; height: 24px;\">TGP01D-A130-18100-XXX<\/td>\n<\/tr>\n<tr style=\"height: 24px;\">\n<th style=\"text-align: left; width: 38.5906%; height: 24px;\">Azaltma Oranlar\u0131<\/th>\n<td style=\"width: 61.8421%; height: 24px;\">48, 120, 180, 220, 288<\/td>\n<\/tr>\n<tr style=\"height: 24px;\">\n<th style=\"text-align: left; width: 38.5906%; height: 24px;\">Y\u00fcks\u00fcz H\u0131zlar (dev\/dak)<\/th>\n<td style=\"width: 61.8421%; height: 24px;\">230, 90, 60, 50, 38<\/td>\n<\/tr>\n<tr style=\"height: 24px;\">\n<th style=\"text-align: left; width: 38.5906%; height: 24px;\">Maksimum Anl\u0131k Tolerans Torku (kg.cm)<\/th>\n<td style=\"width: 61.8421%; height: 24px;\">0.7, 1.4, 2.0, 2.2, 2.8<\/td>\n<\/tr>\n<\/tbody>\n<\/table>\n<p>&nbsp;<\/p>\n<table border=\"1\" width=\"100%\" cellspacing=\"0\" cellpadding=\"0\">\n<tbody>\n<tr>\n<td colspan=\"2\" rowspan=\"3\" width=\"131\" height=\"65\" data-spm-anchor-id=\"a2700.details.0.i21.659d3e61kGVPBR\">MODEL<\/td>\n<td rowspan=\"3\" width=\"75\">\u0130ND\u0130R\u0130M ORANI<\/td>\n<td colspan=\"2\" width=\"133\">GER\u0130L\u0130M<\/td>\n<td colspan=\"2\" width=\"117\">Y\u00dcKS\u00dcZ<\/td>\n<td colspan=\"4\" width=\"228\">MAKS\u0130MUM VER\u0130ML\u0130L\u0130KTE<\/td>\n<td colspan=\"2\" width=\"118\">DURAK<\/td>\n<\/tr>\n<tr>\n<td rowspan=\"2\" width=\"75\">\u00c7ALI\u015eMA ARALI\u011eI<\/td>\n<td width=\"58\">NOM\u0130NAL<\/td>\n<td width=\"55\">HIZ<\/td>\n<td width=\"62\">AKIM<\/td>\n<td width=\"55\">HIZ<\/td>\n<td width=\"62\">AKIM<\/td>\n<td width=\"56\">TORK<\/td>\n<td width=\"55\">\u00c7IKTI<\/td>\n<td width=\"56\">TORK<\/td>\n<td width=\"62\">AKIM<\/td>\n<\/tr>\n<tr>\n<td width=\"58\">V<\/td>\n<td width=\"55\">devir\/dakika<\/td>\n<td width=\"62\">A<\/td>\n<td width=\"55\">devir\/dakika<\/td>\n<td width=\"62\">A<\/td>\n<td width=\"56\">kg.cm<\/td>\n<td width=\"55\">B<\/td>\n<td width=\"56\">kg.cm<\/td>\n<td width=\"62\">A<\/td>\n<\/tr>\n<tr>\n<td colspan=\"2\" width=\"131\" height=\"24\">T130-02-06500<\/td>\n<td width=\"75\">48\/1<\/td>\n<td width=\"75\">3.0~7.0<\/td>\n<td width=\"58\">6.0<\/td>\n<td width=\"55\">500<\/td>\n<td width=\"62\">0.21<\/td>\n<td width=\"55\">416<\/td>\n<td width=\"62\">1.04<\/td>\n<td width=\"56\">0.4<\/td>\n<td width=\"55\">1.71<\/td>\n<td width=\"56\">2.4<\/td>\n<td width=\"62\">5.2<\/td>\n<\/tr>\n<tr>\n<td colspan=\"2\" width=\"131\" height=\"24\">T130-02-06200<\/td>\n<td width=\"75\">120\/1<\/td>\n<td width=\"75\">3.0~7.0<\/td>\n<td width=\"58\">6.0<\/td>\n<td width=\"55\">200<\/td>\n<td width=\"62\">0.21<\/td>\n<td width=\"55\">415<\/td>\n<td width=\"62\">1.06<\/td>\n<td width=\"56\">1.0<\/td>\n<td width=\"55\">4.26<\/td>\n<td width=\"56\">5.9<\/td>\n<td width=\"62\">5.2<\/td>\n<\/tr>\n<tr>\n<td colspan=\"2\" width=\"131\" height=\"24\">T130-02-09175<\/td>\n<td width=\"75\">48\/1<\/td>\n<td width=\"75\">3.0~10.0<\/td>\n<td width=\"58\">9.0<\/td>\n<td width=\"55\">175<\/td>\n<td width=\"62\">0.09<\/td>\n<td width=\"55\">133<\/td>\n<td width=\"62\">0.17<\/td>\n<td width=\"56\">0.3<\/td>\n<td width=\"55\">0.41<\/td>\n<td width=\"56\">1.3<\/td>\n<td width=\"62\">0.55<\/td>\n<\/tr>\n<tr>\n<td colspan=\"2\" width=\"131\" height=\"24\">T130-02-0938<\/td>\n<td width=\"75\">220\/1<\/td>\n<td width=\"75\">3.0~10.0<\/td>\n<td width=\"58\">9.0<\/td>\n<td width=\"55\">38<\/td>\n<td width=\"62\">0.09<\/td>\n<td width=\"55\">31<\/td>\n<td width=\"62\">0.14<\/td>\n<td width=\"56\">1.0<\/td>\n<td width=\"55\">0.32<\/td>\n<td width=\"56\">5.8<\/td>\n<td width=\"62\">0.55<\/td>\n<\/tr>\n<tr>\n<td colspan=\"2\" width=\"131\" height=\"24\">T130-02-1260<\/td>\n<td width=\"75\">220\/1<\/td>\n<td width=\"75\">3.0~13.0<\/td>\n<td width=\"58\">12.0<\/td>\n<td width=\"55\">60<\/td>\n<td width=\"62\">0.05<\/td>\n<td width=\"55\">48<\/td>\n<td width=\"62\">0.2<\/td>\n<td width=\"56\">1.5<\/td>\n<td width=\"55\">0.74<\/td>\n<td width=\"56\">5.8<\/td>\n<td width=\"62\">0.85<\/td>\n<\/tr>\n<\/tbody>\n<\/table>\n<h2>Di\u011fer Plastik di\u015fli kutusu art\u0131 A130 DC motor<\/h2>\n<table style=\"width: 100%; height: 71px;\" border=\"1\" width=\"100%\" cellspacing=\"0\" cellpadding=\"0\">\n<tbody>\n<tr style=\"height: 13.8pt;\">\n<td style=\"height: 13px; width: 49.892%;\" align=\"right\" width=\"64\" height=\"18\"><img loading=\"lazy\" decoding=\"async\" class=\"alignnone size-full wp-image-3344\" src=\"https:\/\/fmp-components.com\/wp-content\/uploads\/2025\/01\/fmp_1.TGP010-A130-1-1.webp\" alt=\"fmp_1.TGP010-A130-1-1\" width=\"600\" height=\"600\" title=\"\" srcset=\"https:\/\/fmp-components.com\/wp-content\/uploads\/2025\/01\/fmp_1.TGP010-A130-1-1.webp 600w, https:\/\/fmp-components.com\/wp-content\/uploads\/2025\/01\/fmp_1.TGP010-A130-1-1-480x480.webp 480w\" sizes=\"(min-width: 0px) and (max-width: 480px) 480px, (min-width: 481px) 600px, 100vw\" \/><\/td>\n<td style=\"width: 49.892%; height: 13px;\" align=\"right\" width=\"64\"><img loading=\"lazy\" decoding=\"async\" class=\"alignnone size-full wp-image-3345\" src=\"https:\/\/fmp-components.com\/wp-content\/uploads\/2025\/01\/fmp_2.TGP010-A130-1-1.webp\" alt=\"fmp_2.TGP010-A130-1-1\" width=\"600\" height=\"600\" title=\"\" srcset=\"https:\/\/fmp-components.com\/wp-content\/uploads\/2025\/01\/fmp_2.TGP010-A130-1-1.webp 600w, https:\/\/fmp-components.com\/wp-content\/uploads\/2025\/01\/fmp_2.TGP010-A130-1-1-480x480.webp 480w\" sizes=\"(min-width: 0px) and (max-width: 480px) 480px, (min-width: 481px) 600px, 100vw\" \/><\/td>\n<\/tr>\n<tr style=\"height: 22px;\">\n<td style=\"height: 22px; text-align: center;\"><strong>TGP01D-A130<\/strong><\/td>\n<td style=\"height: 22px; text-align: center;\"><strong>TGP01S-A130<\/strong><\/td>\n<\/tr>\n<tr style=\"height: 13.8pt;\">\n<td style=\"height: 13px; width: 49.892%;\" align=\"right\" height=\"18\"><img loading=\"lazy\" decoding=\"async\" class=\"alignnone size-full wp-image-3346\" src=\"https:\/\/fmp-components.com\/wp-content\/uploads\/2025\/01\/fmp_3.TGP010-A130-1.webp\" alt=\"fmp_3.TGP010-A130-1\" width=\"600\" height=\"600\" title=\"\" srcset=\"https:\/\/fmp-components.com\/wp-content\/uploads\/2025\/01\/fmp_3.TGP010-A130-1.webp 600w, https:\/\/fmp-components.com\/wp-content\/uploads\/2025\/01\/fmp_3.TGP010-A130-1-480x480.webp 480w\" sizes=\"(min-width: 0px) and (max-width: 480px) 480px, (min-width: 481px) 600px, 100vw\" \/><\/td>\n<td style=\"width: 49.892%; height: 13px;\" align=\"right\"><img loading=\"lazy\" decoding=\"async\" class=\"alignnone size-full wp-image-3347\" src=\"https:\/\/fmp-components.com\/wp-content\/uploads\/2025\/01\/fmp_4.TGP010-A130-1.webp\" alt=\"fmp_4.TGP010-A130-1\" width=\"600\" height=\"600\" title=\"\" srcset=\"https:\/\/fmp-components.com\/wp-content\/uploads\/2025\/01\/fmp_4.TGP010-A130-1.webp 600w, https:\/\/fmp-components.com\/wp-content\/uploads\/2025\/01\/fmp_4.TGP010-A130-1-480x480.webp 480w\" sizes=\"(min-width: 0px) and (max-width: 480px) 480px, (min-width: 481px) 600px, 100vw\" \/><\/td>\n<\/tr>\n<tr style=\"height: 23px;\">\n<td style=\"height: 23px; text-align: center;\"><strong>TGP02D-A130<\/strong><\/td>\n<td style=\"height: 23px; text-align: center;\"><strong>TGP02S-A130<\/strong><\/td>\n<\/tr>\n<\/tbody>\n<\/table>\n<h2>Ba\u015fvuru:<\/h2>\n<table style=\"width: 100%;\" border=\"1\" width=\"100%\" cellspacing=\"0\" cellpadding=\"0\">\n<tbody>\n<tr>\n<th>Uygulama Alanlar\u0131<\/th>\n<td><strong>\u0130\u015f Makineleri:<\/strong> ATM, Fotokopi ve Taray\u0131c\u0131lar, D\u00f6viz \u0130\u015flemleri, Sat\u0131\u015f Noktalar\u0131, Yaz\u0131c\u0131lar, Otomatlar.<br \/>\n<strong>Yiyecek ve \u0130\u00e7ecek:<\/strong> \u0130\u00e7ecek Da\u011f\u0131t\u0131m\u0131, El Blenderlar\u0131, Blenderlar, Mikserler, Kahve Makineleri, Mutfak Robotlar\u0131, Meyve S\u0131kacaklar\u0131, Frit\u00f6zler, Buz Makineleri, Soya Fasulyesi S\u00fct\u00fc Makineleri.<br \/>\n<strong>Kamera ve Optik:<\/strong> Video, Kameralar, Projekt\u00f6rler.<br \/>\n<strong>Elektrikli El Aletleri:<\/strong> Matkaplar ve S\u00fcr\u00fcc\u00fcler, Z\u0131mparalar, Ta\u015flay\u0131c\u0131lar, Parlat\u0131c\u0131lar, Testereler.<br \/>\n<strong>\u00c7im ve Bah\u00e7e:<\/strong> \u00c7im Bi\u00e7me Makineleri, Kar \u00dcfleyiciler, D\u00fczelticiler, Yaprak \u00dcfleyiciler.<\/td>\n<\/tr>\n<\/tbody>\n<\/table>\n<h2 data-pm-slice=\"0 0 []\">Plastik \u015eanz\u0131man Motoru TGP02D-A130'un \u00d6zellikleri<\/h2>\n<p>TGP02D-A130, \u00e7ok \u00e7e\u015fitli uygulamalar i\u00e7in \u00e7ok y\u00f6nl\u00fc ve g\u00fcvenilir bir \u00e7\u00f6z\u00fcm sunan y\u00fcksek performansl\u0131 plastik di\u015fli kutulu bir motordur. Dayan\u0131kl\u0131 plastik di\u015fli kutusunu verimli bir DC motorla birle\u015ftiren bu motor, d\u00fc\u015f\u00fck ve orta tork gereksinimleri i\u00e7in idealdir. TGP02D-A130'un temel \u00f6zellikleri a\u015fa\u011f\u0131dad\u0131r:<\/p>\n<ol>\n<li><strong>Kompakt Tasar\u0131m<\/strong>: Plastik di\u015fli kutusu motoru, g\u00fc\u00e7 \u00e7\u0131k\u0131\u015f\u0131ndan \u00f6d\u00fcn vermeden alan k\u0131s\u0131tlamas\u0131 olan uygulamalara kolayca entegre edilebilen kompakt bir boyuta sahiptir.<\/li>\n<li><strong>Verimli Performans<\/strong>:G\u00fc\u00e7l\u00fc bir DC motorla donat\u0131lan TGP02D-A130, \u00e7e\u015fitli kullan\u0131mlara uygun tutarl\u0131 tork ve h\u0131z sa\u011flayarak p\u00fcr\u00fczs\u00fcz ve verimli bir performans sunar.<\/li>\n<li><strong>Dayan\u0131kl\u0131 Plastik \u015eanz\u0131man<\/strong>: Motor, uzun \u00f6m\u00fcrl\u00fc performans sa\u011flayan ve tertibat\u0131n genel a\u011f\u0131rl\u0131\u011f\u0131n\u0131 azaltan dayan\u0131kl\u0131 plastik bir di\u015fli kutusu ile birle\u015ftirilmi\u015ftir; bu, \u00f6zellikle hafif uygulamalar i\u00e7in faydal\u0131d\u0131r.<\/li>\n<li><strong>D\u00fc\u015f\u00fck G\u00fcr\u00fclt\u00fcl\u00fc \u00c7al\u0131\u015fma<\/strong>: Sessiz \u00e7al\u0131\u015facak \u015fekilde tasarlanan TGP02D-A130, ev aletleri ve oyuncaklar gibi g\u00fcr\u00fclt\u00fc azaltman\u0131n kritik oldu\u011fu uygulamalar i\u00e7in idealdir.<\/li>\n<li><strong>\u00c7ok y\u00f6nl\u00fcl\u00fck<\/strong>: Bu motor son derece \u00e7ok y\u00f6nl\u00fcd\u00fcr ve robotik sistemler, modeller, k\u00fc\u00e7\u00fck makineler ve hassas hareket kontrol\u00fc gerektiren di\u011fer ekipmanlar dahil olmak \u00fczere \u00e7ok \u00e7e\u015fitli cihazlarda kullan\u0131labilir.<\/li>\n<\/ol>\n<p>\u00d6zetle, TGP02D-A130 plastik red\u00fckt\u00f6rl\u00fc motor, \u00e7e\u015fitli d\u00fc\u015f\u00fck ve orta g\u00fc\u00e7 uygulamalar\u0131 i\u00e7in g\u00fcvenilir, uygun maliyetli ve verimli bir \u00e7\u00f6z\u00fcmd\u00fcr. Plastik red\u00fckt\u00f6r\u00fcn dayan\u0131kl\u0131l\u0131\u011f\u0131n\u0131 DC motorun hassasiyetiyle birle\u015ftirerek kompakt ve \u00e7ok y\u00f6nl\u00fc bir tasar\u0131mda y\u00fcksek performans sunar.<\/p>\n<h2>FMP Hakk\u0131nda<\/h2>\n<p>FMP, y\u00fcksek hassasiyetli di\u015fli kutular\u0131, hidrolik silindirler, motorlar, PTO \u015faftlar\u0131, mikro motorlar ve \u00e7ok \u00e7e\u015fitli di\u011fer temel bile\u015fenlerin tasar\u0131m\u0131, geli\u015ftirilmesi ve \u00fcretimindeki uzmanl\u0131\u011f\u0131yla tan\u0131nan lider bir \u00fcreticidir. Yetenekli ekibimizin \u00f6zverisi ve uzmanl\u0131\u011f\u0131 sayesinde, sekt\u00f6rde \u00f6nemli bir oyuncu olarak kendimizi kan\u0131tlad\u0131k. \u00dcr\u00fcnlerimiz Avrupa, Kuzey Amerika, G\u00fcneydo\u011fu Asya ve di\u011fer \u00f6nemli k\u00fcresel pazarlara da\u011f\u0131t\u0131lmakta olup, kalite, g\u00fcvenilirlik ve performans a\u00e7\u0131s\u0131ndan m\u00fckemmel bir \u00fcne kavu\u015fmu\u015ftur.<\/p>\n<p>FMP olarak, geni\u015f \u00fcretim at\u00f6lyeleri, modern ofis alanlar\u0131 ve \u00e7al\u0131\u015fan konaklama alanlar\u0131 da dahil olmak \u00fczere geli\u015fmi\u015f \u00fcretim tesislerine sahibiz. Son teknoloji Ar-Ge, \u00fcretim ve test ekipmanlar\u0131m\u0131z, m\u00fc\u015fterilerimize son derece uzmanla\u015fm\u0131\u015f ve \u00f6zelle\u015ftirilmi\u015f \u00e7\u00f6z\u00fcmler sunmam\u0131z\u0131 sa\u011fl\u0131yor. G\u00fc\u00e7l\u00fc teknik kapasitemiz, verimli \u00fcretim s\u00fcre\u00e7lerimiz ve sa\u011flam bir y\u00f6netim sistemimizle, her \u00fcr\u00fcn\u00fcn en y\u00fcksek sekt\u00f6r standartlar\u0131n\u0131 kar\u015f\u0131lamas\u0131n\u0131 veya a\u015fmas\u0131n\u0131 sa\u011fl\u0131yoruz.<\/p>\n<p>Kalite, yapt\u0131\u011f\u0131m\u0131z her \u015feyin merkezinde yer al\u0131r. Malzeme se\u00e7iminden tasar\u0131ma, \u00fcretimden teslimata ve m\u00fc\u015fteri geri bildirimlerine kadar her a\u015famada titizlikle ayr\u0131nt\u0131lara dikkat ediyoruz. M\u00fc\u015fteri memnuniyeti temel hedefimizdir ve t\u00fcm s\u00fcre\u00e7 boyunca \u00fcst\u00fcn hizmet sunmaya kendimizi adad\u0131k. FMP, m\u00fc\u015fterilerimizle uzun vadeli, kar\u015f\u0131l\u0131kl\u0131 fayda sa\u011flayan ili\u015fkilere \u00f6ncelik vererek, k\u0131sa vadeli k\u00e2rdan ziyade b\u00fcy\u00fcmeyi ve ba\u015far\u0131y\u0131 te\u015fvik eder.<\/p>\n<p>\u0130\u015f birli\u011fine her zaman a\u00e7\u0131\u011f\u0131z ve ortaklar\u0131m\u0131zla birlikte daha parlak bir gelecek in\u015fa etmeyi d\u00f6rt g\u00f6zle bekliyoruz. Size \u00f6zel \u00e7\u00f6z\u00fcmlerimiz, m\u00fc\u015fterilerimizin de\u011fi\u015fen ihtiya\u00e7lar\u0131na uyum sa\u011flayacak \u015fekilde tasarlanarak her projenin hak etti\u011fi ilgi ve uzmanl\u0131\u011f\u0131 g\u00f6rmesini sa\u011flar. \u0130ster standart \u00fcr\u00fcnlere ister \u00f6zel \u00e7\u00f6z\u00fcmlere ihtiyac\u0131n\u0131z olsun, FMP yolculu\u011funuzun her a\u015famas\u0131nda ba\u015far\u0131n\u0131z\u0131 desteklemeye kendini adam\u0131\u015ft\u0131r.<\/p>\n<p><img loading=\"lazy\" decoding=\"async\" class=\"alignnone size-full wp-image-3335\" src=\"https:\/\/fmp-components.com\/wp-content\/uploads\/2025\/01\/DC-motor-tgp01d-a130-product-1.webp\" alt=\"DC-motor-tgp01d-a130\" width=\"883\" height=\"574\" title=\"\" srcset=\"https:\/\/fmp-components.com\/wp-content\/uploads\/2025\/01\/DC-motor-tgp01d-a130-product-1.webp 883w, https:\/\/fmp-components.com\/wp-content\/uploads\/2025\/01\/DC-motor-tgp01d-a130-product-1-480x312.webp 480w\" sizes=\"(min-width: 0px) and (max-width: 480px) 480px, (min-width: 481px) 883px, 100vw\" \/><\/p>\n<p>Yazar: CX<\/p>","protected":false},"excerpt":{"rendered":"<p>Characters: 1. Double shaft.Small size 42.2mm*45.5mm*23mm 2. DC plastic gear motor with low speed and big torque 3. Suitable for small diameter, low noise, and big toque application 4. Reduction Ratio: 48\u3001120\u3001180\u3001220\u3001288 Mini DC Motor Technical Data Motor model No Rated voltage VDC No-load speed r\/min No-load current mA Stall torque g.cm Stall current A [&hellip;]<\/p>","protected":false},"featured_media":3351,"comment_status":"open","ping_status":"closed","template":"","meta":{"_et_pb_use_builder":"","_et_pb_old_content":"","_et_gb_content_width":""},"product_brand":[],"product_cat":[85],"product_tag":[],"class_list":{"0":"post-3341","1":"product","2":"type-product","3":"status-publish","4":"has-post-thumbnail","6":"product_cat-dc-motors","8":"first","9":"instock","10":"shipping-taxable","11":"product-type-simple"},"_links":{"self":[{"href":"https:\/\/fmp-components.com\/tr\/wp-json\/wp\/v2\/product\/3341","targetHints":{"allow":["GET"]}}],"collection":[{"href":"https:\/\/fmp-components.com\/tr\/wp-json\/wp\/v2\/product"}],"about":[{"href":"https:\/\/fmp-components.com\/tr\/wp-json\/wp\/v2\/types\/product"}],"replies":[{"embeddable":true,"href":"https:\/\/fmp-components.com\/tr\/wp-json\/wp\/v2\/comments?post=3341"}],"wp:featuredmedia":[{"embeddable":true,"href":"https:\/\/fmp-components.com\/tr\/wp-json\/wp\/v2\/media\/3351"}],"wp:attachment":[{"href":"https:\/\/fmp-components.com\/tr\/wp-json\/wp\/v2\/media?parent=3341"}],"wp:term":[{"taxonomy":"product_brand","embeddable":true,"href":"https:\/\/fmp-components.com\/tr\/wp-json\/wp\/v2\/product_brand?post=3341"},{"taxonomy":"product_cat","embeddable":true,"href":"https:\/\/fmp-components.com\/tr\/wp-json\/wp\/v2\/product_cat?post=3341"},{"taxonomy":"product_tag","embeddable":true,"href":"https:\/\/fmp-components.com\/tr\/wp-json\/wp\/v2\/product_tag?post=3341"}],"curies":[{"name":"wp","href":"https:\/\/api.w.org\/{rel}","templated":true}]}}