{"id":332,"date":"2024-12-09T07:11:22","date_gmt":"2024-12-09T07:11:22","guid":{"rendered":"https:\/\/fmp-components.com\/?page_id=8"},"modified":"2024-12-09T07:14:00","modified_gmt":"2024-12-09T07:14:00","slug":"forklift-distance-adjustment-hydraulic-cylinder","status":"publish","type":"product","link":"https:\/\/fmp-components.com\/tr\/product\/forklift-distance-adjustment-hydraulic-cylinder\/","title":{"rendered":"Forklift Mesafe Ayarl\u0131 Hidrolik Silindir"},"content":{"rendered":"<p style=\"text-align: center;\"><span style=\"font-size: 18pt;\">Forklift Mesafe Ayarl\u0131 Hidrolik Silindir<\/span><\/p>\n<p><img loading=\"lazy\" decoding=\"async\" class=\"size-full wp-image-343 aligncenter\" src=\"https:\/\/fmp-components.com\/wp-content\/uploads\/2024\/12\/Forklift-Distance-Adjustment-Hydraulic-Cylinder.webp\" alt=\"Forklift Mesafe Ayarl\u0131 Hidrolik Silindir\" width=\"500\" height=\"500\" title=\"\" srcset=\"https:\/\/fmp-components.com\/wp-content\/uploads\/2024\/12\/Forklift-Distance-Adjustment-Hydraulic-Cylinder.webp 500w, https:\/\/fmp-components.com\/wp-content\/uploads\/2024\/12\/Forklift-Distance-Adjustment-Hydraulic-Cylinder-480x480.webp 480w\" sizes=\"(min-width: 0px) and (max-width: 480px) 480px, (min-width: 481px) 500px, 100vw\" \/><\/p>\n<h2>Forklift Mesafe Ayarl\u0131 Hidrolik Silindir \u00d6l\u00e7\u00fcleri:<\/h2>\n<table>\n<tbody>\n<tr>\n<td>\n<h2><img loading=\"lazy\" decoding=\"async\" class=\"alignnone size-full wp-image-333\" src=\"https:\/\/fmp-components.com\/wp-content\/uploads\/2024\/12\/Forklift-Distance-Adjustment-Hydraulic-Cylinder-Dimensions-1.webp\" alt=\"Forklift-Mesafe-Ayarlama-Hidrolik-Silindir-Boyutlar\u0131\" width=\"600\" height=\"240\" title=\"\" srcset=\"https:\/\/fmp-components.com\/wp-content\/uploads\/2024\/12\/Forklift-Distance-Adjustment-Hydraulic-Cylinder-Dimensions-1.webp 600w, https:\/\/fmp-components.com\/wp-content\/uploads\/2024\/12\/Forklift-Distance-Adjustment-Hydraulic-Cylinder-Dimensions-1-480x192.webp 480w\" sizes=\"(min-width: 0px) and (max-width: 480px) 480px, (min-width: 481px) 600px, 100vw\" \/><\/h2>\n<\/td>\n<td>\n<h2><img loading=\"lazy\" decoding=\"async\" class=\"alignnone size-full wp-image-334\" src=\"https:\/\/fmp-components.com\/wp-content\/uploads\/2024\/12\/Forklift-Distance-Adjustment-Hydraulic-Cylinder-Dimensions-2.webp\" alt=\"Forklift-Mesafe-Ayarlama-Hidrolik-Silindir-Boyutlar\u0131\" width=\"600\" height=\"240\" title=\"\" srcset=\"https:\/\/fmp-components.com\/wp-content\/uploads\/2024\/12\/Forklift-Distance-Adjustment-Hydraulic-Cylinder-Dimensions-2.webp 600w, https:\/\/fmp-components.com\/wp-content\/uploads\/2024\/12\/Forklift-Distance-Adjustment-Hydraulic-Cylinder-Dimensions-2-480x192.webp 480w\" sizes=\"(min-width: 0px) and (max-width: 480px) 480px, (min-width: 481px) 600px, 100vw\" \/><\/h2>\n<\/td>\n<\/tr>\n<\/tbody>\n<\/table>\n<table border=\"1\" cellspacing=\"0\" cellpadding=\"0\">\n<tbody>\n<tr>\n<td width=\"246\">Silindir Ad\u0131<\/td>\n<td width=\"336\">\u00c7izim numaras\u0131<\/td>\n<td width=\"126\">Delik \u00e7ap\u0131 (D)<\/td>\n<td width=\"123\">\u00c7ubuk \u00e7ap\u0131 (d)<\/td>\n<td width=\"114\">\u0130nme (S)<\/td>\n<td width=\"170\">Kurulum mesafesi (L)<\/td>\n<td width=\"172\">\u00c7al\u0131\u015fma bas\u0131nc\u0131<\/td>\n<td width=\"366\">Aray\u00fcz boyutlar\u0131 (M)<\/td>\n<td width=\"96\">A\u011f\u0131rl\u0131k<\/td>\n<\/tr>\n<tr>\n<td class=\"et3\" width=\"246\" height=\"286\">Mesafe ayar silindiri<\/td>\n<td class=\"et4\" width=\"336\">3CS17G-30-00T4<\/td>\n<td class=\"et4\" width=\"126\">\u03a650<\/td>\n<td class=\"et4\" width=\"123\">\u03a625<\/td>\n<td class=\"et4\" width=\"114\">295<\/td>\n<td class=\"et4\" width=\"170\">503<\/td>\n<td class=\"et4\" width=\"172\">16MPa<\/td>\n<td class=\"et4\" width=\"366\">2-M16*1,5<\/td>\n<td class=\"et4\" width=\"96\">7 kilo<\/td>\n<\/tr>\n<\/tbody>\n<\/table>\n<table>\n<tbody>\n<tr>\n<td>\n<h2><img loading=\"lazy\" decoding=\"async\" class=\"alignnone size-full wp-image-335\" src=\"https:\/\/fmp-components.com\/wp-content\/uploads\/2024\/12\/Forklift-Distance-Adjustment-Hydraulic-Cylinder-Dimensions-3.webp\" alt=\"Forklift-Mesafe-Ayarlama-Hidrolik-Silindir-Boyutlar\u0131\" width=\"680\" height=\"260\" title=\"\" srcset=\"https:\/\/fmp-components.com\/wp-content\/uploads\/2024\/12\/Forklift-Distance-Adjustment-Hydraulic-Cylinder-Dimensions-3.webp 680w, https:\/\/fmp-components.com\/wp-content\/uploads\/2024\/12\/Forklift-Distance-Adjustment-Hydraulic-Cylinder-Dimensions-3-480x184.webp 480w\" sizes=\"(min-width: 0px) and (max-width: 480px) 480px, (min-width: 481px) 680px, 100vw\" \/><\/h2>\n<\/td>\n<td>\n<h2><img loading=\"lazy\" decoding=\"async\" class=\"alignnone size-full wp-image-336\" src=\"https:\/\/fmp-components.com\/wp-content\/uploads\/2024\/12\/Forklift-Distance-Adjustment-Hydraulic-Cylinder-Dimensions-4.webp\" alt=\"Forklift-Mesafe-Ayarlama-Hidrolik-Silindir-Boyutlar\u0131\" width=\"680\" height=\"260\" title=\"\" srcset=\"https:\/\/fmp-components.com\/wp-content\/uploads\/2024\/12\/Forklift-Distance-Adjustment-Hydraulic-Cylinder-Dimensions-4.webp 680w, https:\/\/fmp-components.com\/wp-content\/uploads\/2024\/12\/Forklift-Distance-Adjustment-Hydraulic-Cylinder-Dimensions-4-480x184.webp 480w\" sizes=\"(min-width: 0px) and (max-width: 480px) 480px, (min-width: 481px) 680px, 100vw\" \/><\/h2>\n<\/td>\n<\/tr>\n<\/tbody>\n<\/table>\n<table border=\"1\" cellspacing=\"0\" cellpadding=\"0\">\n<tbody>\n<tr>\n<td width=\"246\">Silindir Ad\u0131<\/td>\n<td width=\"336\">\u00c7izim numaras\u0131<\/td>\n<td width=\"126\">Delik \u00e7ap\u0131 (D)<\/td>\n<td width=\"123\">\u00c7ubuk \u00e7ap\u0131 (d)<\/td>\n<td width=\"114\">\u0130nme (S)<\/td>\n<td width=\"170\">Kurulum mesafesi (L)<\/td>\n<td width=\"172\">\u00c7al\u0131\u015fma bas\u0131nc\u0131<\/td>\n<td width=\"366\">Aray\u00fcz boyutlar\u0131 (M)<\/td>\n<td width=\"96\">A\u011f\u0131rl\u0131k<\/td>\n<\/tr>\n<tr>\n<td class=\"et3\" width=\"246\" height=\"286\">Mesafe ayar silindiri<\/td>\n<td class=\"et4\" width=\"336\">7B3-303000-00TA<\/td>\n<td class=\"et4\" width=\"126\">\u03a650<\/td>\n<td class=\"et4\" width=\"123\">\u03a628<\/td>\n<td class=\"et4\" width=\"114\">750<\/td>\n<td class=\"et4\" width=\"170\">1040<\/td>\n<td class=\"et4\" width=\"172\">18MPa<\/td>\n<td class=\"et4\" width=\"366\">M14*1,5;M16*1,5<\/td>\n<td class=\"et4\" width=\"96\">14 kilo<\/td>\n<\/tr>\n<\/tbody>\n<\/table>\n<table>\n<tbody>\n<tr>\n<td>\n<h2><img loading=\"lazy\" decoding=\"async\" class=\"alignnone size-full wp-image-337\" src=\"https:\/\/fmp-components.com\/wp-content\/uploads\/2024\/12\/Forklift-Distance-Adjustment-Hydraulic-Cylinder-Dimensions-5.webp\" alt=\"Forklift-Mesafe-Ayarlama-Hidrolik-Silindir-Boyutlar\u0131\" width=\"680\" height=\"280\" title=\"\" srcset=\"https:\/\/fmp-components.com\/wp-content\/uploads\/2024\/12\/Forklift-Distance-Adjustment-Hydraulic-Cylinder-Dimensions-5.webp 680w, https:\/\/fmp-components.com\/wp-content\/uploads\/2024\/12\/Forklift-Distance-Adjustment-Hydraulic-Cylinder-Dimensions-5-480x198.webp 480w\" sizes=\"(min-width: 0px) and (max-width: 480px) 480px, (min-width: 481px) 680px, 100vw\" \/><\/h2>\n<\/td>\n<td>\n<h2><img loading=\"lazy\" decoding=\"async\" class=\"alignnone size-full wp-image-338\" src=\"https:\/\/fmp-components.com\/wp-content\/uploads\/2024\/12\/Forklift-Distance-Adjustment-Hydraulic-Cylinder-Dimensions-6.webp\" alt=\"Forklift-Mesafe-Ayarlama-Hidrolik-Silindir-Boyutlar\u0131\" width=\"680\" height=\"280\" title=\"\" srcset=\"https:\/\/fmp-components.com\/wp-content\/uploads\/2024\/12\/Forklift-Distance-Adjustment-Hydraulic-Cylinder-Dimensions-6.webp 680w, https:\/\/fmp-components.com\/wp-content\/uploads\/2024\/12\/Forklift-Distance-Adjustment-Hydraulic-Cylinder-Dimensions-6-480x198.webp 480w\" sizes=\"(min-width: 0px) and (max-width: 480px) 480px, (min-width: 481px) 680px, 100vw\" \/><\/h2>\n<\/td>\n<\/tr>\n<\/tbody>\n<\/table>\n<table border=\"1\" cellspacing=\"0\" cellpadding=\"0\">\n<tbody>\n<tr>\n<td width=\"246\">Silindir Ad\u0131<\/td>\n<td width=\"336\">\u00c7izim numaras\u0131<\/td>\n<td width=\"126\">Delik \u00e7ap\u0131 (D)<\/td>\n<td width=\"123\">\u00c7ubuk \u00e7ap\u0131 (d)<\/td>\n<td width=\"114\">\u0130nme (S)<\/td>\n<td width=\"170\">Kurulum mesafesi (L)<\/td>\n<td width=\"172\">\u00c7al\u0131\u015fma bas\u0131nc\u0131<\/td>\n<td width=\"366\">Aray\u00fcz boyutlar\u0131 (M)<\/td>\n<td width=\"96\">A\u011f\u0131rl\u0131k<\/td>\n<\/tr>\n<tr>\n<td class=\"et3\" width=\"246\" height=\"284\">Mesafe ayar silindiri<\/td>\n<td class=\"et4\" width=\"336\">5CS17-40-00Z<\/td>\n<td class=\"et4\" width=\"126\">\u03a650<\/td>\n<td class=\"et4\" width=\"123\">\u03a625<\/td>\n<td class=\"et4\" width=\"114\">619<\/td>\n<td class=\"et4\" width=\"170\">889<\/td>\n<td class=\"et4\" width=\"172\">15MPa<\/td>\n<td class=\"et4\" width=\"366\">M14*1.5<\/td>\n<td class=\"et4\" width=\"96\">13 kilo<\/td>\n<\/tr>\n<\/tbody>\n<\/table>\n<table>\n<tbody>\n<tr>\n<td>\n<h2><img loading=\"lazy\" decoding=\"async\" class=\"alignnone size-full wp-image-339\" src=\"https:\/\/fmp-components.com\/wp-content\/uploads\/2024\/12\/Forklift-Distance-Adjustment-Hydraulic-Cylinder-Dimensions-7.webp\" alt=\"Forklift-Mesafe-Ayarlama-Hidrolik-Silindir-Boyutlar\u0131\" width=\"680\" height=\"290\" title=\"\" srcset=\"https:\/\/fmp-components.com\/wp-content\/uploads\/2024\/12\/Forklift-Distance-Adjustment-Hydraulic-Cylinder-Dimensions-7.webp 680w, https:\/\/fmp-components.com\/wp-content\/uploads\/2024\/12\/Forklift-Distance-Adjustment-Hydraulic-Cylinder-Dimensions-7-480x205.webp 480w\" sizes=\"(min-width: 0px) and (max-width: 480px) 480px, (min-width: 481px) 680px, 100vw\" \/><\/h2>\n<\/td>\n<td>\n<h2><img loading=\"lazy\" decoding=\"async\" class=\"alignnone size-full wp-image-340\" src=\"https:\/\/fmp-components.com\/wp-content\/uploads\/2024\/12\/Forklift-Distance-Adjustment-Hydraulic-Cylinder-Dimensions-8.webp\" alt=\"Forklift-Mesafe-Ayarlama-Hidrolik-Silindir-Boyutlar\u0131\" width=\"680\" height=\"290\" title=\"\" srcset=\"https:\/\/fmp-components.com\/wp-content\/uploads\/2024\/12\/Forklift-Distance-Adjustment-Hydraulic-Cylinder-Dimensions-8.webp 680w, https:\/\/fmp-components.com\/wp-content\/uploads\/2024\/12\/Forklift-Distance-Adjustment-Hydraulic-Cylinder-Dimensions-8-480x205.webp 480w\" sizes=\"(min-width: 0px) and (max-width: 480px) 480px, (min-width: 481px) 680px, 100vw\" \/><\/h2>\n<\/td>\n<\/tr>\n<\/tbody>\n<\/table>\n<table border=\"1\" cellspacing=\"0\" cellpadding=\"0\">\n<tbody>\n<tr>\n<td width=\"246\">Silindir Ad\u0131<\/td>\n<td width=\"336\">\u00c7izim numaras\u0131<\/td>\n<td width=\"126\">Delik \u00e7ap\u0131 (D)<\/td>\n<td width=\"123\">\u00c7ubuk \u00e7ap\u0131 (d)<\/td>\n<td width=\"114\">\u0130nme (S)<\/td>\n<td width=\"170\">Kurulum mesafesi (L)<\/td>\n<td width=\"172\">\u00c7al\u0131\u015fma bas\u0131nc\u0131<\/td>\n<td width=\"366\">Aray\u00fcz boyutlar\u0131 (M)<\/td>\n<td width=\"96\">A\u011f\u0131rl\u0131k<\/td>\n<\/tr>\n<tr>\n<td class=\"et3\" width=\"246\" height=\"334\">Mesafe ayar silindiri<\/td>\n<td class=\"et4\" width=\"336\">8M3-304000A-625<\/td>\n<td class=\"et4\" width=\"126\">\u03a663<\/td>\n<td class=\"et4\" width=\"123\">\u03a632<\/td>\n<td class=\"et4\" width=\"114\">855<\/td>\n<td class=\"et4\" width=\"170\">1174<\/td>\n<td class=\"et4\" width=\"172\">20MPa<\/td>\n<td class=\"et4\" width=\"366\">2-M16*1,5<\/td>\n<td class=\"et4\" width=\"96\">22 kg<\/td>\n<\/tr>\n<\/tbody>\n<\/table>\n<table>\n<tbody>\n<tr>\n<td>\n<h2><img loading=\"lazy\" decoding=\"async\" class=\"alignnone size-full wp-image-341\" src=\"https:\/\/fmp-components.com\/wp-content\/uploads\/2024\/12\/Forklift-Distance-Adjustment-Hydraulic-Cylinder-Dimensions-9.webp\" alt=\"Forklift-Mesafe-Ayarlama-Hidrolik-Silindir-Boyutlar\u0131\" width=\"680\" height=\"265\" title=\"\" srcset=\"https:\/\/fmp-components.com\/wp-content\/uploads\/2024\/12\/Forklift-Distance-Adjustment-Hydraulic-Cylinder-Dimensions-9.webp 680w, https:\/\/fmp-components.com\/wp-content\/uploads\/2024\/12\/Forklift-Distance-Adjustment-Hydraulic-Cylinder-Dimensions-9-480x187.webp 480w\" sizes=\"(min-width: 0px) and (max-width: 480px) 480px, (min-width: 481px) 680px, 100vw\" \/><\/h2>\n<\/td>\n<td>\n<h2><img loading=\"lazy\" decoding=\"async\" class=\"alignnone size-full wp-image-342\" src=\"https:\/\/fmp-components.com\/wp-content\/uploads\/2024\/12\/Forklift-Distance-Adjustment-Hydraulic-Cylinder-Dimensions-10.webp\" alt=\"Forklift-Mesafe-Ayarlama-Hidrolik-Silindir-Boyutlar\u0131\" width=\"680\" height=\"265\" title=\"\" srcset=\"https:\/\/fmp-components.com\/wp-content\/uploads\/2024\/12\/Forklift-Distance-Adjustment-Hydraulic-Cylinder-Dimensions-10.webp 680w, https:\/\/fmp-components.com\/wp-content\/uploads\/2024\/12\/Forklift-Distance-Adjustment-Hydraulic-Cylinder-Dimensions-10-480x187.webp 480w\" sizes=\"(min-width: 0px) and (max-width: 480px) 480px, (min-width: 481px) 680px, 100vw\" \/><\/h2>\n<\/td>\n<\/tr>\n<\/tbody>\n<\/table>\n<table border=\"1\" cellspacing=\"0\" cellpadding=\"0\">\n<tbody>\n<tr>\n<td width=\"246\">Silindir Ad\u0131<\/td>\n<td width=\"336\">\u00c7izim numaras\u0131<\/td>\n<td width=\"126\">Delik \u00e7ap\u0131 (D)<\/td>\n<td width=\"123\">\u00c7ubuk \u00e7ap\u0131 (d)<\/td>\n<td width=\"114\">\u0130nme (S)<\/td>\n<td width=\"170\">Kurulum mesafesi (L)<\/td>\n<td width=\"172\">\u00c7al\u0131\u015fma bas\u0131nc\u0131<\/td>\n<td width=\"366\">Aray\u00fcz boyutlar\u0131 (M)<\/td>\n<td width=\"96\">A\u011f\u0131rl\u0131k<\/td>\n<\/tr>\n<tr>\n<td class=\"et3\" width=\"246\" height=\"284\">Mesafe ayar silindiri<\/td>\n<td class=\"et4\" width=\"336\">7B3-304000-00<\/td>\n<td class=\"et4\" width=\"126\">\u03a670<\/td>\n<td class=\"et4\" width=\"123\">\u03a630<\/td>\n<td class=\"et4\" width=\"114\">300<\/td>\n<td class=\"et4\" width=\"170\">536<\/td>\n<td class=\"et4\" width=\"172\">18MPa<\/td>\n<td class=\"et4\" width=\"366\">2-M14*1,5<\/td>\n<td class=\"et4\" width=\"96\">13,5 kg<\/td>\n<\/tr>\n<\/tbody>\n<\/table>\n<h2>Mevcut Hidrolik Silindir Marka ve Modelleri:<\/h2>\n<table border=\"1\" cellspacing=\"0\" cellpadding=\"0\">\n<tbody>\n<tr>\n<td><b data-spm-anchor-id=\"a2700.details.0.i43.45d84a73e99C9z\">KOMATSU (PC)<\/b><\/td>\n<td>PC30, PC40, PC50, PC56, PC60, PC78, PC100, PC110, PC120, PC130, PC160, PC200-3\/5\/6\/7\/8\/8MO, PC210, PC220-5\/6\/7\/8\/8MO, PC240, PC300\/350\/360-5\/6\/7\/8\/8MO, PC400\/450-5\/6\/7\/8\/8MO, PC800, PC850<\/td>\n<\/tr>\n<tr>\n<td><b>TIRTIL (E)<\/b><\/td>\n<td>E301.5, E302, E305.5, E306, E307V1\/V2\/B\/C\/D\/E\/F, E308B\/C, E120B, E312V1\/V2\/B\/C\/D, E313D2, E312D2, E315D,<br \/>\nE200B,E320V1\/V2\/A\/B\/C\/D,E324D,E325C\/D,E329D,E330\/336C\/D,E345C,E349D,E365C,E374,E390<\/td>\n<\/tr>\n<tr>\n<td><b>KOBELCO (SK)<\/b><\/td>\n<td>SK60-3\/5\/8,SK75-8\/SR, SK100 ,SK120-3\/5, SK135-8\/SR, SK140-8, SK200-3\/5\/6\/6E, SK210-3\/5\/6\/6E,<br \/>\nSK230\/250-6E,SK250-8,SK260-8,SK350-8\/S8,SK460\/480-8<\/td>\n<\/tr>\n<tr>\n<td><b>HYUNDAI (R)<\/b><\/td>\n<td>R55-5\/7, R60-5\/7, R80, R110, R130, R200-5, R210-5, R215-5\/7, R220-5\/7\/9, R225-5\/7\/9, R250, R260, R265, R290, R305, R445, R485, R505<\/td>\n<\/tr>\n<tr>\n<td><b data-spm-anchor-id=\"a2700.details.0.i53.45d84a73e99C9z\">HITACHI (EX.ZX)<\/b><\/td>\n<td>EX60, EX100-1\/2\/3, EX120-1\/3\/5\/6, EX200-1\/3\/5, EX230-5, EX300-1, EX400<br \/>\nZAX60,ZAX70,ZA120-6,ZAX200\/210-1\/3\/5\/5K,ZAX240,ZAX250,ZAX260,ZAX330-3\/5\/6,ZAX450\/470,ZAX650\/670,ZAX850\/870<\/td>\n<\/tr>\n<tr>\n<td>\n<div class=\"magic-32\"><b data-spm-anchor-id=\"a2700.details.0.i55.45d84a73e99C9z\">DOOSAN (DH\/DX)<\/b><\/div>\n<\/td>\n<td>\n<div class=\"magic-33\"><span class=\"magic-34\">DH55, DH60, DH80,DH150, DH215-5\/7,DH220-5,DH225-5\/7,DH258,DH300-5\/7, DH370,DH420,DH500<br \/>\nDX55, DX60, DX75, DX130, DX225-9, DX300, DX380, DX420, DX500<\/span><\/div>\n<\/td>\n<\/tr>\n<tr>\n<td>\n<div class=\"magic-32\"><b>VOLVO (EC)<\/b><\/div>\n<\/td>\n<td>\n<div class=\"magic-33\"><span class=\"magic-34\">EC55, EC60, EC75, EC80, EC140, EC210B\/D, EC220D, EC240, EC250, EC290, EC300, EC360 EC380, EC460, EC480, EC700, EC750, EC950<\/span><\/div>\n<\/td>\n<\/tr>\n<tr>\n<td>\n<div class=\"magic-32\"><b>KATO (HD)<\/b><\/div>\n<\/td>\n<td>\n<div class=\"magic-33\"><span class=\"magic-34\">HD307\/308, HD450, HD512, HD700-5\/7, HD820-1\/2\/3\/5\/R, HD1023-1\/3, HD1430-1\/3<\/span><\/div>\n<\/td>\n<\/tr>\n<tr>\n<td>\n<div class=\"magic-32\"><b>D\u0130\u011eER MARKA<\/b><\/div>\n<\/td>\n<td>\n<div class=\"magic-33\"><span class=\"magic-34\">XCMG,LIUGONG,KUBOTA,CASE,YANMAR,SUNWARD,ZOOMLION,LISHIDE,LIEHERR<\/span><\/div>\n<\/td>\n<\/tr>\n<\/tbody>\n<\/table>\n<h3>Forklift Mesafe Ayar\u0131 Hidrolik Silindirinin Uygulamas\u0131<\/h3>\n<p>Forklift Mesafe Ayarl\u0131 Hidrolik Silindir, malzeme ta\u015f\u0131ma ve lojistik alan\u0131ndaki \u00e7e\u015fitli uygulamalarda \u00f6nemli rol oynayan temel bir bile\u015fendir. \u0130\u015fte baz\u0131 \u00f6nemli uygulamalar:<\/p>\n<h4>1. Y\u00fck \u00c7ok Y\u00f6nl\u00fcl\u00fc\u011f\u00fc<\/h4>\n<p>Hidrolik silindir, \u00e7atal aral\u0131\u011f\u0131n\u0131n ayarlanmas\u0131n\u0131 sa\u011flayarak forkliftlerin \u00e7ok \u00e7e\u015fitli y\u00fck boyutlar\u0131n\u0131 ve \u015fekillerini ta\u015f\u0131mas\u0131na olanak tan\u0131r. Bu \u00e7ok y\u00f6nl\u00fcl\u00fck, farkl\u0131 palet veya konteynerlerin kullan\u0131ld\u0131\u011f\u0131 ortamlarda kritik \u00f6neme sahiptir ve malzemelerin verimli bir \u015fekilde elle\u00e7lenmesini ve ta\u015f\u0131nmas\u0131n\u0131 sa\u011flar.<\/p>\n<h3>2. Geli\u015fmi\u015f G\u00fcvenlik<\/h3>\n<p>Hidrolik silindir, \u00e7atallar aras\u0131ndaki mesafenin hassas bir \u015fekilde kontrol edilmesini sa\u011flayarak y\u00fcklerin daha etkili bir \u015fekilde sabitlenmesine yard\u0131mc\u0131 olur. Bu sayede devrilme veya d\u00fc\u015fme riski azal\u0131r ve hem operat\u00f6r hem de \u00e7evredeki i\u015f g\u00fcc\u00fc i\u00e7in g\u00fcvenlik artar.<\/p>\n<h4>3. Verimli Malzeme Ta\u015f\u0131ma<\/h4>\n<p>Depolarda ve da\u011f\u0131t\u0131m merkezlerinde, \u00e7atal mesafelerinin h\u0131zl\u0131 bir \u015fekilde ayarlanabilmesi operasyonlar\u0131 kolayla\u015ft\u0131r\u0131r. Forkliftler, standart paletler ile \u00f6zel y\u00fckler aras\u0131nda kolayca ge\u00e7i\u015f yaparak genel i\u015f ak\u0131\u015f\u0131n\u0131 ve verimlili\u011fi art\u0131r\u0131r.<\/p>\n<h4>4. \u00d6zel Ekipman<\/h4>\n<p>Hidrolik silindir, standart palet ta\u015f\u0131man\u0131n yan\u0131 s\u0131ra, hassas \u00e7atal konumland\u0131rmas\u0131 gerektiren kelep\u00e7eler veya yan kayd\u0131r\u0131c\u0131lar gibi \u00f6zel ata\u015fmanlar i\u00e7in de kullan\u0131\u015fl\u0131d\u0131r. Bu uyarlanabilirlik, forkliftlerin basit kald\u0131rman\u0131n \u00f6tesinde \u00e7e\u015fitli g\u00f6revleri yerine getirmesini sa\u011flayarak onlar\u0131 daha \u00e7ok y\u00f6nl\u00fc hale getirir.<\/p>\n<h4>5. \u0130n\u015faat ve End\u00fcstriyel Uygulamalar<\/h4>\n<p>\u0130n\u015faat sahalar\u0131nda ve end\u00fcstriyel ortamlarda, \u00e7elik kiri\u015fler, bloklar ve kasalar gibi farkl\u0131 boyutlardaki malzemelerin ta\u015f\u0131nmas\u0131 i\u00e7in \u00e7atal mesafesini ayarlayabilme yetene\u011fi hayati \u00f6nem ta\u015f\u0131r. Bu esneklik, forkliftlerin bu ortamlarda yayg\u0131n olarak bulunan \u00e7e\u015fitli malzemeleri verimli bir \u015fekilde y\u00f6netebilmesini sa\u011flar.<\/p>\n<h4>6. Depolama \u00c7\u00f6z\u00fcmlerini Optimize Etme<\/h4>\n<p>Hidrolik silindir, forkliftlerin dar alanlardaki e\u015fyalar\u0131 al\u0131p yerle\u015ftirmesine olanak tan\u0131yarak depolama verimlili\u011fini en \u00fcst d\u00fczeye \u00e7\u0131karmaya yard\u0131mc\u0131 olur. Bu, \u00f6zellikle alan\u0131n s\u0131n\u0131rl\u0131 oldu\u011fu ve hassas elle\u00e7leme gerektiren y\u00fcksek yo\u011funluklu depolama sistemlerinde faydal\u0131d\u0131r.<\/p>\n<p>Forklift Mesafe Ayarl\u0131 Hidrolik Silindir, \u00e7e\u015fitli uygulamalarda forkliftlerin i\u015flevselli\u011fini ve g\u00fcvenli\u011fini \u00f6nemli \u00f6l\u00e7\u00fcde art\u0131r\u0131r. \u00c7atal aral\u0131\u011f\u0131n\u0131 h\u0131zl\u0131 bir \u015fekilde ayarlama yetene\u011fi, operat\u00f6rlerin \u00e7ok \u00e7e\u015fitli y\u00fckleri verimli ve g\u00fcvenli bir \u015fekilde ta\u015f\u0131yabilmesini sa\u011flayarak, malzeme ta\u015f\u0131ma operasyonlar\u0131nda paha bi\u00e7ilmez bir avantaj sunar.<\/p>\n<h3>FMP Hakk\u0131nda<\/h3>\n<p>FMP, ara\u015ft\u0131rma ve \u00fcretime g\u00fc\u00e7l\u00fc bir \u015fekilde odaklanan, hidrolik silindirler konusunda uzmanla\u015fm\u0131\u015f bir \u00fcreticidir. \u015eirket, kurulu\u015fundan bu yana s\u00fcrekli olarak hidrolik silindirlerin geli\u015ftirilmesine odaklanm\u0131\u015f ve hasat ve in\u015faat makineleri gibi \u00e7e\u015fitli \u00fcr\u00fcnlerin \u00fcretiminden, tar\u0131m trakt\u00f6r\u00fc bile\u015fenlerinde uzmanla\u015fmaya do\u011fru evrilmi\u015ftir. On y\u0131l\u0131 a\u015fk\u0131n \u00fcretim uzmanl\u0131\u011f\u0131, y\u00f6netim deneyimi ve geli\u015fmi\u015f \u00fcretim teknolojisiyle FMP, \u00fcr\u00fcnlerinde en y\u00fcksek kaliteyi garanti eder.<\/p>\n<p>\u015eirket profesyonel olarak b\u00fcy\u00fcd\u00fck\u00e7e, kapsaml\u0131 bir tala\u015fl\u0131 imalat \u00fcretim hatt\u0131, montaj hatt\u0131 ve kaplama hatt\u0131 kurmu\u015ftur. FMP, deneyimli y\u00f6netim kadrosu, yetenekli makine tasar\u0131mc\u0131lar\u0131 ve y\u00fcksek e\u011fitimli teknik \u00e7al\u0131\u015fanlardan olu\u015fan \u00f6zverili bir ekip taraf\u0131ndan desteklenmektedir. Bu sayede, istikrarl\u0131 \u00fcr\u00fcn kalitesi sa\u011flan\u0131rken, s\u00fcre\u00e7 s\u00fcreklili\u011fi ve genel \u00fcretim etkinli\u011fi etkin bir \u015fekilde kontrol edilmektedir.<\/p>\n<p>FMP, \"Teknolojik yeniliklerin ilerlemeyi y\u00f6nlendirmesi, kaliteli markalar yarat\u0131lmas\u0131, i\u015f\u00e7ili\u011fin kaliteyi garanti alt\u0131na almas\u0131 ve uzun vadeli kazan-kazan ili\u015fkileri kurulmas\u0131\" temel de\u011ferlerine ba\u011fl\u0131 kalmaktad\u0131r. \u015eirket, \u00fcst\u00fcn m\u00fc\u015fteri hizmeti sunarken y\u00fcksek kaliteli \u00fcr\u00fcnler sunmaya ve pazar\u0131n geli\u015fen ihtiya\u00e7lar\u0131n\u0131 kar\u015f\u0131lamak i\u00e7in s\u00fcrekli \u00e7aba g\u00f6stermeye kararl\u0131d\u0131r.<\/p>\n<p><img loading=\"lazy\" decoding=\"async\" class=\"alignnone wp-image-303\" src=\"https:\/\/fmp-components.com\/wp-content\/uploads\/2024\/12\/hydraulic-cylinder-factory-11_1.webp\" alt=\"hidrolik silindir fabrikas\u0131\" width=\"917\" height=\"1003\" title=\"\" srcset=\"https:\/\/fmp-components.com\/wp-content\/uploads\/2024\/12\/hydraulic-cylinder-factory-11_1.webp 917w, https:\/\/fmp-components.com\/wp-content\/uploads\/2024\/12\/hydraulic-cylinder-factory-11_1-480x525.webp 480w\" sizes=\"(min-width: 0px) and (max-width: 480px) 480px, (min-width: 481px) 917px, 100vw\" \/><\/p>\n<table style=\"width: 100%;\" border=\"1\" width=\"100%\" cellspacing=\"0\" cellpadding=\"0\">\n<tbody>\n<tr>\n<td style=\"width: 41.9294%;\" width=\"226\"><img loading=\"lazy\" decoding=\"async\" class=\"alignnone size-full wp-image-309\" src=\"https:\/\/fmp-components.com\/wp-content\/uploads\/2024\/12\/Forklift-Tilt-Hydraulic-Cylinder.webp\" alt=\"Forklift E\u011fimli Hidrolik Silindir\" width=\"1000\" height=\"750\" title=\"\" srcset=\"https:\/\/fmp-components.com\/wp-content\/uploads\/2024\/12\/Forklift-Tilt-Hydraulic-Cylinder.webp 1000w, https:\/\/fmp-components.com\/wp-content\/uploads\/2024\/12\/Forklift-Tilt-Hydraulic-Cylinder-980x735.webp 980w, https:\/\/fmp-components.com\/wp-content\/uploads\/2024\/12\/Forklift-Tilt-Hydraulic-Cylinder-480x360.webp 480w\" sizes=\"(min-width: 0px) and (max-width: 480px) 480px, (min-width: 481px) and (max-width: 980px) 980px, (min-width: 981px) 1000px, 100vw\" \/><\/td>\n<td style=\"width: 55.6484%;\" width=\"64\"><img loading=\"lazy\" decoding=\"async\" class=\"alignnone wp-image-283\" src=\"https:\/\/fmp-components.com\/wp-content\/uploads\/2024\/12\/hydraulic-cylinder-factory-5.webp\" alt=\"hidrolik silindir fabrikas\u0131\" width=\"542\" height=\"312\" title=\"\"><\/td>\n<\/tr>\n<\/tbody>\n<\/table>\n<p>Yazar\uff1a CX<\/p>","protected":false},"excerpt":{"rendered":"<p>Forklift Mesafe Ayarl\u0131 Hidrolik Silindir, forklift operasyonlar\u0131n\u0131n \u00e7ok y\u00f6nl\u00fcl\u00fc\u011f\u00fcn\u00fc ve verimlili\u011fini art\u0131rmak i\u00e7in tasarlanm\u0131\u015f \u00f6nemli bir bile\u015fendir. Bu hidrolik silindir, \u00e7atallar aras\u0131ndaki mesafenin hassas bir \u015fekilde ayarlanmas\u0131n\u0131 sa\u011flayarak operat\u00f6rlerin \u00e7e\u015fitli y\u00fck boyutlar\u0131n\u0131 ve \u015fekillerini kolayl\u0131kla ayarlamas\u0131n\u0131 sa\u011flar. Y\u00fcksek mukavemetli malzemelerden \u00fcretilen bu silindir, a\u011f\u0131r y\u00fckler alt\u0131nda dayan\u0131kl\u0131l\u0131k ve g\u00fcvenilirlik sa\u011flar. Silindir, tutarl\u0131 performans sa\u011flayan ak\u0131c\u0131 bir \u00e7al\u0131\u015fma mekanizmas\u0131na sahiptir ve h\u0131zl\u0131 ve verimli ayarlamalara olanak tan\u0131r. Bu \u00f6zellik, yaln\u0131zca verimlili\u011fi art\u0131rmakla kalmaz, ayn\u0131 zamanda y\u00fcklerin ta\u015f\u0131ma s\u0131ras\u0131nda uygun \u015fekilde sabitlenmesini ve dengelenmesini sa\u011flayarak g\u00fcvenli\u011fi de art\u0131r\u0131r. Depolarda, \u015fantiyelerde ve end\u00fcstriyel uygulamalarda kullan\u0131m i\u00e7in ideal olan bu hidrolik silindir, forklift i\u015flevselli\u011fini optimize etmek i\u00e7in olmazsa olmazd\u0131r.<\/p>","protected":false},"featured_media":343,"comment_status":"open","ping_status":"closed","template":"","meta":{"_et_pb_use_builder":"","_et_pb_old_content":"","_et_gb_content_width":""},"product_brand":[],"product_cat":[15],"product_tag":[],"class_list":{"0":"post-332","1":"product","2":"type-product","3":"status-publish","4":"has-post-thumbnail","6":"product_cat-uncategorized","8":"first","9":"instock","10":"shipping-taxable","11":"product-type-simple"},"_links":{"self":[{"href":"https:\/\/fmp-components.com\/tr\/wp-json\/wp\/v2\/product\/332","targetHints":{"allow":["GET"]}}],"collection":[{"href":"https:\/\/fmp-components.com\/tr\/wp-json\/wp\/v2\/product"}],"about":[{"href":"https:\/\/fmp-components.com\/tr\/wp-json\/wp\/v2\/types\/product"}],"replies":[{"embeddable":true,"href":"https:\/\/fmp-components.com\/tr\/wp-json\/wp\/v2\/comments?post=332"}],"wp:featuredmedia":[{"embeddable":true,"href":"https:\/\/fmp-components.com\/tr\/wp-json\/wp\/v2\/media\/343"}],"wp:attachment":[{"href":"https:\/\/fmp-components.com\/tr\/wp-json\/wp\/v2\/media?parent=332"}],"wp:term":[{"taxonomy":"product_brand","embeddable":true,"href":"https:\/\/fmp-components.com\/tr\/wp-json\/wp\/v2\/product_brand?post=332"},{"taxonomy":"product_cat","embeddable":true,"href":"https:\/\/fmp-components.com\/tr\/wp-json\/wp\/v2\/product_cat?post=332"},{"taxonomy":"product_tag","embeddable":true,"href":"https:\/\/fmp-components.com\/tr\/wp-json\/wp\/v2\/product_tag?post=332"}],"curies":[{"name":"wp","href":"https:\/\/api.w.org\/{rel}","templated":true}]}}