{"id":3316,"date":"2025-01-06T05:54:00","date_gmt":"2025-01-06T05:54:00","guid":{"rendered":"https:\/\/fmp-components.com\/?page_id=8"},"modified":"2025-01-06T05:54:00","modified_gmt":"2025-01-06T05:54:00","slug":"agriculture-gearbox-for-hay-tedder-fmp03","status":"publish","type":"product","link":"https:\/\/fmp-components.com\/tr\/product\/agriculture-gearbox-for-hay-tedder-fmp03\/","title":{"rendered":"Tar\u0131msal Saman Tender \u015eanz\u0131man\u0131 FMP03"},"content":{"rendered":"<h2 class=\"et_pb_module_header\">Tar\u0131msal Saman Tender \u015eanz\u0131man Spesifikasyonu<\/h2>\n<p><img loading=\"lazy\" decoding=\"async\" class=\"alignnone wp-image-3318\" src=\"https:\/\/fmp-components.com\/wp-content\/uploads\/2025\/01\/agricutural-gearbox-fmp03.png\" alt=\"tar\u0131msal-di\u015fli kutusu-fmp03\" width=\"809\" height=\"766\" title=\"\" srcset=\"https:\/\/fmp-components.com\/wp-content\/uploads\/2025\/01\/agricutural-gearbox-fmp03.png 809w, https:\/\/fmp-components.com\/wp-content\/uploads\/2025\/01\/agricutural-gearbox-fmp03-480x455.png 480w\" sizes=\"(min-width: 0px) and (max-width: 480px) 480px, (min-width: 481px) 809px, 100vw\" \/><\/p>\n<table style=\"width: 86.9328%;\" border=\"1\" width=\"100%\" cellspacing=\"0\" cellpadding=\"0\">\n<tbody>\n<tr>\n<th style=\"width: 38.0987%;\">Oran<\/th>\n<td style=\"width: 48.6184%;\">2.63:1<\/td>\n<\/tr>\n<tr>\n<th style=\"width: 38.0987%;\">Giri\u015f H\u0131z\u0131<\/th>\n<td style=\"width: 48.6184%;\">400 devir\/dakika<\/td>\n<\/tr>\n<tr>\n<th style=\"width: 38.0987%;\">Giri\u015f Mili<\/th>\n<td style=\"width: 48.6184%;\">X<\/td>\n<\/tr>\n<\/tbody>\n<\/table>\n<h3>Hay Tender Tar\u0131m \u015eanz\u0131man\u0131n\u0131n \u00d6zellikleri<\/h3>\n<ol>\n<li><strong>Y\u00fcksek Performansl\u0131 \u0130n\u015faat<\/strong><br \/>\nHay Tedder \u015fanz\u0131man\u0131, zorlu tar\u0131m ko\u015fullar\u0131nda g\u00fc\u00e7l\u00fc performans sunmak \u00fczere tasarlanm\u0131\u015ft\u0131r. Zorlu ortamlarda s\u00fcrekli kullan\u0131m\u0131n zorluklar\u0131na dayanacak \u015fekilde y\u00fcksek mukavemetli malzemelerden yap\u0131lm\u0131\u015f dayan\u0131kl\u0131 bir g\u00f6vdeye sahiptir.<\/li>\n<li><strong>Hassas Di\u015fli Tasar\u0131m\u0131<\/strong><br \/>\nHassas i\u015flenmi\u015f di\u015fliler, a\u015f\u0131nma ve y\u0131pranmay\u0131 azaltarak sorunsuz ve verimli bir \u00e7al\u0131\u015fma sa\u011flar. Bu sayede \u015fanz\u0131man\u0131n genel \u00f6mr\u00fc uzar ve bak\u0131m gereksinimleri en aza indirilir.<\/li>\n<li><strong>Y\u00fcksek Tork Kapasitesi<\/strong><br \/>\nA\u011f\u0131r hizmet tipi tar\u0131m makineleri i\u00e7in tasarlanan \u015fanz\u0131man, y\u00fcksek tork \u00e7\u0131k\u0131\u015f\u0131 sunarak, ot da\u011f\u0131tma gibi zorlu g\u00f6revlerde bile optimum performans sa\u011flar ve d\u00fczg\u00fcn yay\u0131l\u0131m i\u00e7in tutarl\u0131 g\u00fc\u00e7 sa\u011flar.<\/li>\n<li><strong>Verimli G\u00fc\u00e7 Aktar\u0131m\u0131<\/strong><br \/>\n\u015eanz\u0131man, trakt\u00f6r\u00fcn PTO (G\u00fc\u00e7 Aktarma Organ\u0131) sisteminden ot da\u011f\u0131tma makinesine verimli g\u00fc\u00e7 aktar\u0131m\u0131 sa\u011flayacak \u015fekilde tasarlanm\u0131\u015ft\u0131r; b\u00f6ylece minimum enerji kayb\u0131 ve maksimum verimlilik sa\u011flan\u0131r.<\/li>\n<li><strong>Kompakt ve Hafif<\/strong><br \/>\nA\u011f\u0131r hizmet tipi kabiliyetlerine ra\u011fmen \u015fanz\u0131man kompakt ve hafiftir, bu sayede kullan\u0131m\u0131, montaj\u0131 ve bak\u0131m\u0131 kolayd\u0131r, bu da makinenin genel verimlili\u011fini art\u0131r\u0131r.<\/li>\n<\/ol>\n<p>Bu \u00f6zellikler, Hay Tedder Tar\u0131m \u015eanz\u0131man\u0131n\u0131 tar\u0131m makineleri i\u00e7in g\u00fcvenilir ve verimli bir bile\u015fen haline getirerek, saman da\u011f\u0131tma uygulamalar\u0131nda optimum performans ve uzun s\u00fcreli dayan\u0131kl\u0131l\u0131k sa\u011flar.<\/p>\n<h2>FMP Hakk\u0131nda<\/h2>\n<p>Merkezi \u0130talya'da bulunan FMP, tar\u0131m makineleri sekt\u00f6r\u00fcne odaklanan y\u00fcksek performansl\u0131 di\u015fli kutular\u0131n\u0131n tasar\u0131m\u0131, geli\u015ftirilmesi ve \u00fcretimindeki uzmanl\u0131\u011f\u0131yla tan\u0131nan lider bir \u00fcreticidir. Hassas m\u00fchendislik, yenilik\u00e7i \u00e7\u00f6z\u00fcmler ve sars\u0131lmaz g\u00fcvenilirli\u011fiyle tan\u0131nan FMP, hem tar\u0131m hem de end\u00fcstriyel pazarlarda g\u00fcvenilir bir ortak olarak \u00fcn kazanm\u0131\u015ft\u0131r. Zengin portf\u00f6y\u00fcm\u00fcz, \u00e7im bi\u00e7me makineleri i\u00e7in \u00f6zel olarak tasarlanm\u0131\u015f di\u015fli kutular\u0131, kuyruk mili milleri ve \u00e7e\u015fitli uygulamalar\u0131n benzersiz gereksinimlerini kar\u015f\u0131lamak \u00fczere tasarlanm\u0131\u015f bir dizi di\u011fer temel bile\u015feni i\u00e7erir.<\/p>\n<p>FMP olarak, her m\u00fc\u015fterinin farkl\u0131 zorluklarla kar\u015f\u0131la\u015ft\u0131\u011f\u0131n\u0131n bilincindeyiz ve bu nedenle \u00f6zel \u00e7\u00f6z\u00fcmler sunmaya kendimizi adad\u0131k. \u0130ster tek bir bile\u015fen ister tamamen entegre bir sistem olsun, her \u00e7\u00f6z\u00fcm\u00fcn yaln\u0131zca spesifikasyonlar\u0131n\u0131 kar\u015f\u0131lamakla kalmay\u0131p ayn\u0131 zamanda performans\u0131 optimize edip de\u011fer katmas\u0131n\u0131 sa\u011flamak i\u00e7in m\u00fc\u015fterilerimizle yak\u0131n i\u015f birli\u011fi i\u00e7inde \u00e7al\u0131\u015f\u0131yoruz. H\u0131zl\u0131, profesyonel yan\u0131tlar ve uzman rehberli\u011fi sunma taahh\u00fcd\u00fcm\u00fcz, her talebin hassasiyet ve \u00f6zenle ele al\u0131nmas\u0131n\u0131 ve m\u00fcmk\u00fcn olan en iyi sonu\u00e7lar\u0131n elde edilmesini garanti eder.<\/p>\n<p>\u00dcr\u00fcn geli\u015ftirme d\u00f6ng\u00fcs\u00fcn\u00fcn her a\u015famas\u0131nda \u015feffaf ileti\u015fime \u00f6ncelik veriyoruz. \u00d6zverili ekibimiz, m\u00fc\u015fterilerimizin ihtiya\u00e7lar\u0131n\u0131 tam olarak anlamak i\u00e7in onlarla el ele \u00e7al\u0131\u015f\u0131r ve en etkili sonu\u00e7lar\u0131 elde etmek i\u00e7in eyleme ge\u00e7irilebilir i\u00e7g\u00f6r\u00fcler ve uzman \u00f6nerileri sunar. \u0130ster son teknoloji \u00fcr\u00fcnler geli\u015ftiriyor ister rutin sipari\u015fleri kar\u015f\u0131l\u0131yor olal\u0131m, FMP her seferinde zaman\u0131nda, y\u00fcksek kaliteli ve hassas m\u00fchendislik \u00e7\u00f6z\u00fcmleri sunmaya kendini adam\u0131\u015ft\u0131r. Misyonumuz, ola\u011fan\u00fcst\u00fc hizmet ve ola\u011fan\u00fcst\u00fc sonu\u00e7lar sunarak m\u00fc\u015fteri beklentilerini s\u00fcrekli olarak a\u015fmakt\u0131r.<\/p>\n<p>FMP'nin faaliyetlerinin merkezinde kaliteye olan g\u00fc\u00e7l\u00fc ba\u011fl\u0131l\u0131k yer al\u0131r. En y\u00fcksek \u00fcretim standartlar\u0131na ba\u011fl\u0131 kal\u0131yor ve her \u00fcr\u00fcn\u00fcn sekt\u00f6r standartlar\u0131n\u0131 kar\u015f\u0131lamas\u0131n\u0131 ve hatta a\u015fmas\u0131n\u0131 sa\u011flamak i\u00e7in s\u0131k\u0131 kalite kontrol \u00f6nlemleri uyguluyoruz. M\u00fckemmelli\u011fe olan bu ba\u011fl\u0131l\u0131\u011f\u0131m\u0131z, d\u00fcr\u00fcstl\u00fck, ekip \u00e7al\u0131\u015fmas\u0131 ve azim gibi temel de\u011ferlerimizle birlikte, d\u00fcnya \u00e7ap\u0131nda 30'dan fazla \u00fclkedeki m\u00fc\u015fterilerimizle uzun vadeli, g\u00fcvene dayal\u0131 ili\u015fkiler kurmam\u0131z\u0131 sa\u011flam\u0131\u015ft\u0131r.<\/p>\n<p>FMP, m\u00fc\u015fterilerimizin dinamik ihtiya\u00e7lar\u0131na g\u00f6re geli\u015fen uzman tavsiyeleri ve \u00f6zelle\u015ftirilmi\u015f \u00e7\u00f6z\u00fcmler sunarak k\u00fcresel ortakl\u0131klar kurmaya kendini adam\u0131\u015ft\u0131r. Her projenin ba\u015far\u0131s\u0131na katk\u0131da bulunan, uzun vadeli ve kar\u015f\u0131l\u0131kl\u0131 fayda sa\u011flayan ili\u015fkiler kurmay\u0131 hedefliyoruz. \u0130ster yeni bir giri\u015fim i\u00e7in yenilik\u00e7i \u00e7\u00f6z\u00fcmler ar\u0131yor olun, ister mevcut bir sistem i\u00e7in s\u00fcrekli destek ar\u0131yor olun, FMP teknik zorluklar\u0131n \u00fcstesinden gelmenize ve ba\u015far\u0131n\u0131z\u0131n devam\u0131n\u0131 sa\u011flaman\u0131za yard\u0131mc\u0131 olmak i\u00e7in burada.<\/p>\n<p><img loading=\"lazy\" decoding=\"async\" class=\"alignnone wp-image-2695\" src=\"https:\/\/fmp-components.com\/wp-content\/uploads\/2025\/01\/agricultural-gearbox3.webp\" alt=\"tar\u0131msal \u015fanz\u0131man\" width=\"1140\" height=\"1138\" title=\"\" srcset=\"https:\/\/fmp-components.com\/wp-content\/uploads\/2025\/01\/agricultural-gearbox3.webp 1140w, https:\/\/fmp-components.com\/wp-content\/uploads\/2025\/01\/agricultural-gearbox3-480x479.webp 480w\" sizes=\"(min-width: 0px) and (max-width: 480px) 480px, (min-width: 481px) 1140px, 100vw\" \/><\/p>\n<p>Yazar: CX<\/p>","protected":false},"excerpt":{"rendered":"<p>Agriculture Gearbox For Hay Tedder Specification Ratio 2.63:1 Input Speed 400 rpm Input Shaft X Features of Hay Tedder Agriculture Gearbox High-Performance Construction The Hay Tedder gearbox is engineered for robust performance in demanding agricultural conditions. It features a durable housing made from high-strength materials to withstand the rigors of continuous use in tough environments. [&hellip;]<\/p>","protected":false},"featured_media":3317,"comment_status":"open","ping_status":"closed","template":"","meta":{"_et_pb_use_builder":"","_et_pb_old_content":"","_et_gb_content_width":""},"product_brand":[],"product_cat":[83],"product_tag":[],"class_list":{"0":"post-3316","1":"product","2":"type-product","3":"status-publish","4":"has-post-thumbnail","6":"product_cat-gearbox-for-hay-tedders","8":"first","9":"instock","10":"shipping-taxable","11":"product-type-simple"},"_links":{"self":[{"href":"https:\/\/fmp-components.com\/tr\/wp-json\/wp\/v2\/product\/3316","targetHints":{"allow":["GET"]}}],"collection":[{"href":"https:\/\/fmp-components.com\/tr\/wp-json\/wp\/v2\/product"}],"about":[{"href":"https:\/\/fmp-components.com\/tr\/wp-json\/wp\/v2\/types\/product"}],"replies":[{"embeddable":true,"href":"https:\/\/fmp-components.com\/tr\/wp-json\/wp\/v2\/comments?post=3316"}],"wp:featuredmedia":[{"embeddable":true,"href":"https:\/\/fmp-components.com\/tr\/wp-json\/wp\/v2\/media\/3317"}],"wp:attachment":[{"href":"https:\/\/fmp-components.com\/tr\/wp-json\/wp\/v2\/media?parent=3316"}],"wp:term":[{"taxonomy":"product_brand","embeddable":true,"href":"https:\/\/fmp-components.com\/tr\/wp-json\/wp\/v2\/product_brand?post=3316"},{"taxonomy":"product_cat","embeddable":true,"href":"https:\/\/fmp-components.com\/tr\/wp-json\/wp\/v2\/product_cat?post=3316"},{"taxonomy":"product_tag","embeddable":true,"href":"https:\/\/fmp-components.com\/tr\/wp-json\/wp\/v2\/product_tag?post=3316"}],"curies":[{"name":"wp","href":"https:\/\/api.w.org\/{rel}","templated":true}]}}