{"id":3312,"date":"2025-01-06T05:35:19","date_gmt":"2025-01-06T05:35:19","guid":{"rendered":"https:\/\/fmp-components.com\/?page_id=8"},"modified":"2025-01-06T05:35:20","modified_gmt":"2025-01-06T05:35:20","slug":"agitators-gearbox-for-sewage-fmp22","status":"publish","type":"product","link":"https:\/\/fmp-components.com\/tr\/product\/agitators-gearbox-for-sewage-fmp22\/","title":{"rendered":"Kanalizasyon Kar\u0131\u015ft\u0131r\u0131c\u0131 \u015eanz\u0131man FMP22"},"content":{"rendered":"<h2>Kar\u0131\u015ft\u0131r\u0131c\u0131 Red\u00fckt\u00f6r\u00fcn\u00fcn \u00d6zellikleri<\/h2>\n<p><img loading=\"lazy\" decoding=\"async\" class=\"alignnone wp-image-3315\" src=\"https:\/\/fmp-components.com\/wp-content\/uploads\/2025\/01\/agricutural-gearbox-FMP22.png\" alt=\"tar\u0131msal-\u015fanz\u0131man-FMP22\" width=\"817\" height=\"740\" title=\"\" srcset=\"https:\/\/fmp-components.com\/wp-content\/uploads\/2025\/01\/agricutural-gearbox-FMP22.png 817w, https:\/\/fmp-components.com\/wp-content\/uploads\/2025\/01\/agricutural-gearbox-FMP22-480x435.png 480w\" sizes=\"(min-width: 0px) and (max-width: 480px) 480px, (min-width: 481px) 817px, 100vw\" \/><\/p>\n<table style=\"width: 88.6601%;\" border=\"1\" width=\"100%\" cellspacing=\"0\" cellpadding=\"0\">\n<tbody>\n<tr>\n<th style=\"width: 41.843%;\">Oran<\/th>\n<td style=\"width: 46.6019%;\">1:1, 1:1.25<\/td>\n<\/tr>\n<tr>\n<th style=\"width: 41.843%;\">Giri\u015f H\u0131zlar\u0131 (dev\/dak)<\/th>\n<td style=\"width: 46.6019%;\">3200, 3500, 1750<\/td>\n<\/tr>\n<tr>\n<th style=\"width: 41.843%;\">Giri\u015f Mili<\/th>\n<td style=\"width: 46.6019%;\">Z<\/td>\n<\/tr>\n<\/tbody>\n<\/table>\n<h2 data-pm-slice=\"0 0 []\">Kanalizasyon Kar\u0131\u015ft\u0131r\u0131c\u0131 \u015eanz\u0131man\u0131n\u0131n \u00d6zellikleri<\/h2>\n<ol>\n<li><strong>A\u011f\u0131r Hizmet Tipi \u0130n\u015faat<\/strong><br \/>\nSa\u011flam malzemeler kullan\u0131larak tasarlanan kanalizasyon kar\u0131\u015ft\u0131r\u0131c\u0131 di\u015fli kutusu, kanalizasyon ve at\u0131k su ar\u0131tma s\u00fcre\u00e7lerinde yayg\u0131n olarak bulunan kimyasallara, a\u015f\u0131nd\u0131r\u0131c\u0131lara ve korozif maddelere maruz kalma gibi zorlu ve zorlu ortamlara dayanacak \u015fekilde \u00fcretilmi\u015ftir.<\/li>\n<li><strong>Y\u00fcksek Tork Kapasitesi<\/strong><br \/>\n\u015eanz\u0131man, y\u00fcksek tork \u00e7\u0131k\u0131\u015f\u0131 sa\u011flayacak \u015fekilde tasarlanm\u0131\u015ft\u0131r ve a\u011f\u0131r y\u00fck ko\u015fullar\u0131nda bile verimli ve g\u00fcvenilir bir \u00e7al\u0131\u015fma sa\u011flar. Bu, at\u0131k su ar\u0131tma tesislerinde kal\u0131n ve viskoz malzemeleri i\u015fleyen b\u00fcy\u00fck mikserleri \u00e7al\u0131\u015ft\u0131rmak i\u00e7in olmazsa olmazd\u0131r.<\/li>\n<li><strong>Korozyona Dayan\u0131kl\u0131 Kaplamalar<\/strong><br \/>\n\u015eanz\u0131man, su, kanalizasyon ve di\u011fer a\u015f\u0131nd\u0131r\u0131c\u0131 maddelere maruz kalmaktan kaynaklanan hasar\u0131 \u00f6nlemek i\u00e7in korozyona dayan\u0131kl\u0131 kaplamalara veya paslanmaz \u00e7elik bile\u015fenlere sahiptir, bu da uzun s\u00fcreli dayan\u0131kl\u0131l\u0131k sa\u011flar ve bak\u0131m maliyetlerini azalt\u0131r.<\/li>\n<li><strong>Kompakt ve Yerden Tasarruf Sa\u011flayan Tasar\u0131m<\/strong><br \/>\nA\u011f\u0131r hizmet performans\u0131na ra\u011fmen, \u015fanz\u0131man kompakt ve yerden tasarruf sa\u011flayacak \u015fekilde tasarlanm\u0131\u015ft\u0131r ve bu sayede at\u0131k su ar\u0131tma tesisleri veya kanalizasyon pompa istasyonlar\u0131 gibi alan\u0131n s\u0131n\u0131rl\u0131 oldu\u011fu kurulumlar i\u00e7in idealdir.<\/li>\n<li><strong>Hassas M\u00fchendislik<\/strong><br \/>\nDi\u015flilerin sorunsuz \u00e7al\u0131\u015fmas\u0131n\u0131 sa\u011flamak ve zamanla a\u015f\u0131nma ve y\u0131pranmay\u0131 azaltmak i\u00e7in y\u00fcksek hassasiyetle \u00fcretilmi\u015ftir. Bu sayede, a\u011f\u0131r hizmet tipi kullan\u0131mda bile minimum titre\u015fim ve g\u00fcr\u00fclt\u00fcyle daha sessiz ve daha verimli bir performans elde edilir.<\/li>\n<\/ol>\n<p>Bu \u00f6zellikler, kanalizasyon kar\u0131\u015ft\u0131r\u0131c\u0131 di\u015fli kutusunun, y\u00fcksek verimlilik, dayan\u0131kl\u0131l\u0131k ve minimum bak\u0131m ihtiyac\u0131n\u0131 koruyarak kanalizasyon ar\u0131tma tesislerinin zorlu ko\u015fullar\u0131yla g\u00fcvenilir bir \u015fekilde ba\u015fa \u00e7\u0131kmas\u0131n\u0131 sa\u011flar.<\/p>\n<h2>FMP Hakk\u0131nda<\/h2>\n<p>Merkezi \u0130talya'da bulunan FMP, \u00f6ncelikli olarak tar\u0131m makineleri sekt\u00f6r\u00fcne odaklanarak, y\u00fcksek performansl\u0131 di\u015fli kutular\u0131n\u0131n tasar\u0131m\u0131, geli\u015ftirilmesi ve \u00fcretiminde uzmanla\u015fm\u0131\u015f lider bir \u00fcreticidir. Hassas m\u00fchendisli\u011fi, yenilik\u00e7i \u00e7\u00f6z\u00fcmleri ve sars\u0131lmaz g\u00fcvenilirli\u011fiyle tan\u0131nan FMP, hem tar\u0131m hem de end\u00fcstriyel pazarlarda g\u00fcvenilir bir ortak olarak kendini kan\u0131tlam\u0131\u015ft\u0131r. Geni\u015f portf\u00f6y\u00fcm\u00fcz, \u00e7im bi\u00e7me makineleri i\u00e7in \u00f6zel olarak tasarlanm\u0131\u015f di\u015fli kutular\u0131, kuyruk mili milleri ve \u00e7e\u015fitli uygulamalar\u0131n benzersiz gereksinimlerini kar\u015f\u0131lamak \u00fczere titizlikle tasarlanm\u0131\u015f \u00e7ok \u00e7e\u015fitli temel bile\u015fenleri i\u00e7erir.<\/p>\n<p>FMP olarak, her m\u00fc\u015fterinin farkl\u0131 zorluklarla kar\u015f\u0131la\u015ft\u0131\u011f\u0131n\u0131n bilincindeyiz ve bu nedenle \u00f6zel \u00e7\u00f6z\u00fcmler sunmaya kendimizi adad\u0131k. \u0130ster tek bir bile\u015fen ister tamamen entegre bir sistem olsun, her \u00e7\u00f6z\u00fcm\u00fcn yaln\u0131zca \u00f6zel ihtiya\u00e7lar\u0131n\u0131 kar\u015f\u0131lamakla kalmay\u0131p ayn\u0131 zamanda performans\u0131 art\u0131r\u0131p genel de\u011feri en \u00fcst d\u00fczeye \u00e7\u0131karmas\u0131n\u0131 sa\u011flamak i\u00e7in m\u00fc\u015fterilerimizle yak\u0131n bir \u015fekilde \u00e7al\u0131\u015f\u0131yoruz. Zaman\u0131nda, profesyonel yan\u0131tlar ve uzman rehberli\u011fi sunma taahh\u00fcd\u00fcm\u00fcz, her talebin hassasiyetle ele al\u0131nmas\u0131n\u0131 ve s\u00fcrekli olarak en iyi sonu\u00e7lar\u0131n elde edilmesini sa\u011flar.<\/p>\n<p>\u00dcr\u00fcn geli\u015ftirme s\u00fcrecinin tamam\u0131nda \u015feffaf ileti\u015fim ve i\u015f birli\u011fine b\u00fcy\u00fck \u00f6nem veriyoruz. Deneyimli ekibimiz, m\u00fc\u015fterilerimizin ihtiya\u00e7lar\u0131n\u0131 tam olarak anlamak i\u00e7in onlarla yak\u0131n bir \u015fekilde \u00e7al\u0131\u015f\u0131r ve m\u00fcmk\u00fcn olan en iyi sonu\u00e7lar\u0131 elde etmek i\u00e7in de\u011ferli i\u00e7g\u00f6r\u00fcler ve pratik \u00f6neriler sunar. \u0130ster son teknoloji \u00fcr\u00fcnler tasarl\u0131yor ister rutin sipari\u015fleri kar\u015f\u0131l\u0131yor olal\u0131m, FMP her seferinde zaman\u0131nda, y\u00fcksek kaliteli ve hassas m\u00fchendislik \u00e7\u00f6z\u00fcmleri sunmaya kendini adam\u0131\u015ft\u0131r. Amac\u0131m\u0131z, her projede ola\u011fan\u00fcst\u00fc hizmet ve ola\u011fan\u00fcst\u00fc sonu\u00e7lar sunarak m\u00fc\u015fteri beklentilerini s\u00fcrekli olarak a\u015fmakt\u0131r.<\/p>\n<p>FMP'nin faaliyetlerinin merkezinde, kaliteye olan sars\u0131lmaz ba\u011fl\u0131l\u0131k yer al\u0131r. En y\u00fcksek \u00fcretim standartlar\u0131na ba\u011fl\u0131 kal\u0131yor ve her \u00fcr\u00fcn\u00fcn sekt\u00f6r standartlar\u0131n\u0131 kar\u015f\u0131lamas\u0131n\u0131 ve hatta a\u015fmas\u0131n\u0131 sa\u011flamak i\u00e7in titiz kalite kontrol s\u00fcre\u00e7leri uyguluyoruz. M\u00fckemmelli\u011fe odaklanmam\u0131z, d\u00fcr\u00fcstl\u00fck, ekip \u00e7al\u0131\u015fmas\u0131 ve azim gibi temel de\u011ferlerimizle birle\u015ferek, d\u00fcnya \u00e7ap\u0131nda yakla\u015f\u0131k 30 \u00fclkedeki m\u00fc\u015fterilerimizle uzun s\u00fcreli, g\u00fcvene dayal\u0131 ili\u015fkiler kurmam\u0131z\u0131 sa\u011flam\u0131\u015ft\u0131r.<\/p>\n<p>FMP, m\u00fc\u015fterilerimizin de\u011fi\u015fen ihtiya\u00e7lar\u0131na uyum sa\u011flayan uzman tavsiyeleri ve \u00f6zelle\u015ftirilmi\u015f \u00e7\u00f6z\u00fcmler sunarak k\u00fcresel ortakl\u0131klar\u0131 te\u015fvik etmeye kendini adam\u0131\u015ft\u0131r. Her projenin ba\u015far\u0131s\u0131na katk\u0131da bulunan, kal\u0131c\u0131 ve kar\u015f\u0131l\u0131kl\u0131 fayda sa\u011flayan ili\u015fkiler kurmaya \u00e7al\u0131\u015f\u0131yoruz. \u0130ster yeni bir giri\u015fim i\u00e7in yenilik\u00e7i \u00e7\u00f6z\u00fcmler, ister mevcut bir sistem i\u00e7in s\u00fcrekli destek ar\u0131yor olun, FMP teknik zorluklar\u0131n \u00fcstesinden gelmenize ve ba\u015far\u0131n\u0131z\u0131n devam etmesini sa\u011flaman\u0131za yard\u0131mc\u0131 olmak i\u00e7in burada.<\/p>\n<p><img loading=\"lazy\" decoding=\"async\" class=\"alignnone wp-image-2695\" src=\"https:\/\/fmp-components.com\/wp-content\/uploads\/2025\/01\/agricultural-gearbox3.webp\" alt=\"tar\u0131msal \u015fanz\u0131man\" width=\"1140\" height=\"1138\" title=\"\" srcset=\"https:\/\/fmp-components.com\/wp-content\/uploads\/2025\/01\/agricultural-gearbox3.webp 1140w, https:\/\/fmp-components.com\/wp-content\/uploads\/2025\/01\/agricultural-gearbox3-480x479.webp 480w\" sizes=\"(min-width: 0px) and (max-width: 480px) 480px, (min-width: 481px) 1140px, 100vw\" \/><\/p>\n<p>Yazar: CX<\/p>","protected":false},"excerpt":{"rendered":"<p>Specification of Agitators Gearbox Ratio 1:1, 1:1.25 Input Speeds (rpm) 3200, 3500, 1750 Input Shaft Z Features of Sewage Mixer Gearbox Heavy-Duty Construction Designed with robust materials, the sewage mixer gearbox is built to withstand harsh and demanding environments, including exposure to chemicals, abrasives, and corrosive substances commonly found in sewage and wastewater treatment processes. [&hellip;]<\/p>","protected":false},"featured_media":3314,"comment_status":"open","ping_status":"closed","template":"","meta":{"_et_pb_use_builder":"","_et_pb_old_content":"","_et_gb_content_width":""},"product_brand":[],"product_cat":[82],"product_tag":[],"class_list":{"0":"post-3312","1":"product","2":"type-product","3":"status-publish","4":"has-post-thumbnail","6":"product_cat-agitators-gearbox-for-sewage","8":"first","9":"instock","10":"shipping-taxable","11":"product-type-simple"},"_links":{"self":[{"href":"https:\/\/fmp-components.com\/tr\/wp-json\/wp\/v2\/product\/3312","targetHints":{"allow":["GET"]}}],"collection":[{"href":"https:\/\/fmp-components.com\/tr\/wp-json\/wp\/v2\/product"}],"about":[{"href":"https:\/\/fmp-components.com\/tr\/wp-json\/wp\/v2\/types\/product"}],"replies":[{"embeddable":true,"href":"https:\/\/fmp-components.com\/tr\/wp-json\/wp\/v2\/comments?post=3312"}],"wp:featuredmedia":[{"embeddable":true,"href":"https:\/\/fmp-components.com\/tr\/wp-json\/wp\/v2\/media\/3314"}],"wp:attachment":[{"href":"https:\/\/fmp-components.com\/tr\/wp-json\/wp\/v2\/media?parent=3312"}],"wp:term":[{"taxonomy":"product_brand","embeddable":true,"href":"https:\/\/fmp-components.com\/tr\/wp-json\/wp\/v2\/product_brand?post=3312"},{"taxonomy":"product_cat","embeddable":true,"href":"https:\/\/fmp-components.com\/tr\/wp-json\/wp\/v2\/product_cat?post=3312"},{"taxonomy":"product_tag","embeddable":true,"href":"https:\/\/fmp-components.com\/tr\/wp-json\/wp\/v2\/product_tag?post=3312"}],"curies":[{"name":"wp","href":"https:\/\/api.w.org\/{rel}","templated":true}]}}