{"id":3308,"date":"2025-01-06T05:16:18","date_gmt":"2025-01-06T05:16:18","guid":{"rendered":"https:\/\/fmp-components.com\/?page_id=8"},"modified":"2025-01-06T05:16:18","modified_gmt":"2025-01-06T05:16:18","slug":"fmp11-series-agricultural-micro-tiller-gearbox","status":"publish","type":"product","link":"https:\/\/fmp-components.com\/tr\/product\/fmp11-series-agricultural-micro-tiller-gearbox\/","title":{"rendered":"FMP11 Serisi Tar\u0131msal Mikro \u00c7apa Makinesi \u015eanz\u0131man\u0131"},"content":{"rendered":"<h2>Mikro \u00c7apa Makinesi \u015eanz\u0131man \u00d6zellikleri<\/h2>\n<p><img loading=\"lazy\" decoding=\"async\" class=\"alignnone  wp-image-3310\" src=\"https:\/\/fmp-components.com\/wp-content\/uploads\/2025\/01\/agricutural-gearbox-FMP11.png\" alt=\"tar\u0131msal-\u015fanz\u0131man-FMP11\" width=\"892\" height=\"936\" title=\"\" srcset=\"https:\/\/fmp-components.com\/wp-content\/uploads\/2025\/01\/agricutural-gearbox-FMP11.png 892w, https:\/\/fmp-components.com\/wp-content\/uploads\/2025\/01\/agricutural-gearbox-FMP11-480x504.png 480w\" sizes=\"(min-width: 0px) and (max-width: 480px) 480px, (min-width: 481px) 892px, 100vw\" \/><\/p>\n<table style=\"width: 100%;\" border=\"1\" width=\"100%\" cellspacing=\"0\" cellpadding=\"0\">\n<tbody>\n<tr>\n<th>Oran<\/th>\n<td>3.38:1<\/td>\n<\/tr>\n<tr>\n<th>Giri\u015f H\u0131z\u0131<\/th>\n<td>540 devir\/dakika<\/td>\n<\/tr>\n<tr>\n<th>Giri\u015f Mili<\/th>\n<td>X\/Y<\/td>\n<\/tr>\n<tr>\n<th>Giri\u015f G\u00fcc\u00fc<\/th>\n<td>16,9 kW, 23 hp<\/td>\n<\/tr>\n<tr>\n<th>\u00c7\u0131k\u0131\u015f Torku<\/th>\n<td>985 Nm<\/td>\n<\/tr>\n<\/tbody>\n<\/table>\n<h2>Mikro \u00c7apa Makinesi \u015eanz\u0131man\u0131n\u0131n Faydalar\u0131<\/h2>\n<p>Mikro \u00c7apa \u015eanz\u0131man\u0131, k\u00fc\u00e7\u00fck \u00f6l\u00e7ekli tar\u0131m ve bah\u00e7ecilik makinelerinde vazge\u00e7ilmez bir bile\u015fen haline getiren \u00e7e\u015fitli avantajlar sunmaktad\u0131r. Bu avantajlar, daha sorunsuz \u00e7al\u0131\u015fma, art\u0131r\u0131lm\u0131\u015f verimlilik ve geli\u015fmi\u015f dayan\u0131kl\u0131l\u0131k sa\u011flayarak, \u00e7apalama, toprak haz\u0131rl\u0131\u011f\u0131 ve di\u011fer benzer tar\u0131msal faaliyetler gibi i\u015fler i\u00e7in ideal hale getirir. \u0130\u015fte ba\u015fl\u0131ca avantajlar\u0131:<\/p>\n<p>1. <strong>Kompakt ve Hafif Tasar\u0131m<\/strong><\/p>\n<ul>\n<li>Mikro \u00e7apa makinesinin \u015fanz\u0131man\u0131, kompakt ve hafif olacak \u015fekilde tasarlanm\u0131\u015ft\u0131r; bu da \u00e7apa makinesinin manevra kabiliyetini ve ta\u015f\u0131nabilirli\u011fini art\u0131r\u0131r. Bah\u00e7eler, meyve bah\u00e7eleri veya k\u00fc\u00e7\u00fck araziler gibi b\u00fcy\u00fck makinelerin hantal olaca\u011f\u0131 daha k\u00fc\u00e7\u00fck ve dar alanlarda kullan\u0131m i\u00e7in m\u00fckemmeldir.<\/li>\n<\/ul>\n<p>2. <strong>Geli\u015ftirilmi\u015f Tork ve G\u00fc\u00e7 Aktar\u0131m\u0131<\/strong><\/p>\n<ul>\n<li>Mikro toprak i\u015fleme makinelerinin \u015fanz\u0131manlar\u0131, g\u00fcc\u00fc motordan toprak i\u015fleme aletlerine verimli bir \u015fekilde aktarmak ve topra\u011f\u0131 kazmak i\u00e7in gerekli torku sa\u011flamak \u00fczere tasarlanm\u0131\u015ft\u0131r. Bu, daha iyi toprak i\u015fleme derinli\u011fi ve toprak havaland\u0131rmas\u0131 sa\u011flayarak ekim i\u00e7in daha etkili toprak haz\u0131rl\u0131\u011f\u0131na olanak tan\u0131r.<\/li>\n<\/ul>\n<p>3. <strong>Dayan\u0131kl\u0131l\u0131k ve Uzun \u00d6m\u00fcr<\/strong><\/p>\n<ul>\n<li>Sertle\u015ftirilmi\u015f \u00e7elik gibi y\u00fcksek kaliteli malzemelerden \u00fcretilen mikro \u00e7apa di\u015fli kutular\u0131, s\u00fcrekli kullan\u0131m\u0131n zorluklar\u0131na dayanacak \u015fekilde tasarlanm\u0131\u015ft\u0131r. Sa\u011flam yap\u0131s\u0131, erken a\u015f\u0131nmay\u0131 \u00f6nlemeye yard\u0131mc\u0131 olarak bak\u0131m s\u0131kl\u0131\u011f\u0131n\u0131 azalt\u0131r ve di\u015fli kutusunun ve \u00e7apa makinesinin genel \u00f6mr\u00fcn\u00fc uzat\u0131r.<\/li>\n<\/ul>\n<p>4. <strong>Enerji Verimlili\u011fi<\/strong><\/p>\n<ul>\n<li>Bu \u015fanz\u0131manlar, g\u00fc\u00e7 kullan\u0131m\u0131n\u0131 optimize etmek, motorun verimli \u00e7al\u0131\u015fmas\u0131n\u0131 sa\u011flamak ve daha az yak\u0131t t\u00fcketmesini garanti etmek \u00fczere tasarlanm\u0131\u015ft\u0131r. Bu da i\u015fletme maliyetlerini d\u00fc\u015f\u00fcrerek, k\u00fc\u00e7\u00fck \u00f6l\u00e7ekli \u00e7ift\u00e7ilik veya bah\u00e7ecilik i\u015fletmeleri i\u00e7in daha \u00e7evre dostu bir se\u00e7enek haline getirir.<\/li>\n<\/ul>\n<p>5. <strong>Kullan\u0131m Kolayl\u0131\u011f\u0131<\/strong><\/p>\n<ul>\n<li>\u015eanz\u0131man, k\u00fc\u00e7\u00fck \u00e7apa makineleriyle kolay entegrasyon i\u00e7in tasarlanm\u0131\u015ft\u0131r ve kullan\u0131c\u0131lar\u0131n makineyi minimum \u00e7abayla \u00e7al\u0131\u015ft\u0131rmas\u0131na olanak tan\u0131r. Kompakt tasar\u0131m ayr\u0131ca makinenin toplam a\u011f\u0131rl\u0131\u011f\u0131n\u0131 azaltarak kullan\u0131m kolayl\u0131\u011f\u0131n\u0131 art\u0131r\u0131r ve operat\u00f6r yorgunlu\u011funu azalt\u0131r.<\/li>\n<\/ul>\n<p>Mikro Toprak \u0130\u015fleme \u015eanz\u0131man\u0131, k\u00fc\u00e7\u00fck \u00f6l\u00e7ekli toprak i\u015fleme ekipmanlar\u0131 i\u00e7in paha bi\u00e7ilmez bir bile\u015fendir ve hem hobi ama\u00e7l\u0131 hem de profesyonel bah\u00e7\u0131vanlar\u0131n ihtiya\u00e7lar\u0131n\u0131 kar\u015f\u0131layan dayan\u0131kl\u0131l\u0131k, verimlilik ve maliyet etkinli\u011finin bir kombinasyonunu sunar.<\/p>\n<p><img loading=\"lazy\" decoding=\"async\" class=\"alignnone size-full wp-image-3311\" src=\"https:\/\/fmp-components.com\/wp-content\/uploads\/2025\/01\/tractor-pto-shaft-1.jpg\" alt=\"trakt\u00f6r-pto-\u015faft\u0131\" width=\"960\" height=\"360\" title=\"\" srcset=\"https:\/\/fmp-components.com\/wp-content\/uploads\/2025\/01\/tractor-pto-shaft-1.jpg 960w, https:\/\/fmp-components.com\/wp-content\/uploads\/2025\/01\/tractor-pto-shaft-1-480x180.jpg 480w\" sizes=\"(min-width: 0px) and (max-width: 480px) 480px, (min-width: 481px) 960px, 100vw\" \/><\/p>\n<h2>FMP Hakk\u0131nda<\/h2>\n<p>Merkezi \u0130talya'da bulunan FMP, \u00f6zellikle tar\u0131m makineleri sekt\u00f6r\u00fcne odaklanarak y\u00fcksek performansl\u0131 \u015fanz\u0131manlar\u0131n tasar\u0131m\u0131, geli\u015ftirilmesi ve \u00fcretimi konusunda uzmanl\u0131\u011f\u0131yla tan\u0131nan lider bir \u00fcreticidir. Hassas m\u00fchendisli\u011fi, yenilik\u00e7i \u00e7\u00f6z\u00fcmleri ve sars\u0131lmaz g\u00fcvenilirli\u011fiyle bilinen FMP, hem tar\u0131m hem de end\u00fcstriyel pazarlarda g\u00fcvenilir bir ortak olarak g\u00fc\u00e7l\u00fc bir itibar kazanm\u0131\u015ft\u0131r. Geni\u015f \u00fcr\u00fcn portf\u00f6y\u00fcm\u00fcz, \u00e7im bi\u00e7me makineleri i\u00e7in \u00f6zel olarak tasarlanm\u0131\u015f \u015fanz\u0131manlar, PTO \u015faftlar\u0131 ve \u00e7e\u015fitli uygulamalar\u0131n \u00f6zel taleplerini kar\u015f\u0131lamak \u00fczere titizlikle tasarlanm\u0131\u015f \u00e7ok \u00e7e\u015fitli di\u011fer temel bile\u015fenleri i\u00e7ermektedir.<\/p>\n<p>FMP olarak, her m\u00fc\u015fterinin kendine \u00f6zg\u00fc zorluklarla kar\u015f\u0131 kar\u015f\u0131ya oldu\u011funu anl\u0131yoruz. Bu anlay\u0131\u015f, ister tek tek bile\u015fenler isterse tamamen entegre sistemler olsun, \u00f6zel \u00e7\u00f6z\u00fcmler sunma taahh\u00fcd\u00fcm\u00fcz\u00fc y\u00f6nlendiriyor. M\u00fc\u015fterilerimizle yak\u0131n i\u015f birli\u011fi i\u00e7inde \u00e7al\u0131\u015farak, her \u00e7\u00f6z\u00fcm\u00fcn yaln\u0131zca onlar\u0131n \u00f6zel ihtiya\u00e7lar\u0131n\u0131 kar\u015f\u0131lamakla kalmay\u0131p, ayn\u0131 zamanda performans\u0131 optimize etmesini ve de\u011feri en \u00fcst d\u00fczeye \u00e7\u0131karmas\u0131n\u0131 sa\u011fl\u0131yoruz. Zaman\u0131nda, profesyonel yan\u0131tlar ve uzman rehberlik sa\u011flama konusundaki kararl\u0131l\u0131\u011f\u0131m\u0131z, her sorunun hassasiyetle ele al\u0131nmas\u0131n\u0131 ve s\u00fcrekli olarak en iyi sonu\u00e7lar\u0131 vermesini garanti eder.<\/p>\n<p>\u00dcr\u00fcn geli\u015ftirme s\u00fcrecinin tamam\u0131nda \u015feffaf ve s\u00fcrekli ileti\u015fime \u00f6ncelik veriyoruz. Alan\u0131nda uzman ekibimiz, m\u00fc\u015fterilerimizin gereksinimlerini tam olarak anlamak i\u00e7in onlarla yak\u0131n i\u015f birli\u011fi i\u00e7inde \u00e7al\u0131\u015farak, en iyi sonu\u00e7lar\u0131 sa\u011flamak i\u00e7in de\u011ferli bilgiler ve uzman tavsiyeleri sunmaktad\u0131r. \u0130ster en son teknolojiye sahip \u00fcr\u00fcnler geli\u015ftiriyor olal\u0131m, ister rutin sipari\u015fleri yerine getiriyor olal\u0131m, FMP her zaman zaman\u0131nda, y\u00fcksek kaliteli ve hassas m\u00fchendislik \u00fcr\u00fcn\u00fc \u00e7\u00f6z\u00fcmler sunmaya kendini adam\u0131\u015ft\u0131r. Amac\u0131m\u0131z, her projede ola\u011fan\u00fcst\u00fc hizmet ve m\u00fckemmel sonu\u00e7lar sa\u011flayarak m\u00fc\u015fteri beklentilerini s\u00fcrekli olarak a\u015fmakt\u0131r.<\/p>\n<p>FMP'nin faaliyetlerinin merkezinde, kaliteye olan sars\u0131lmaz ba\u011fl\u0131l\u0131k yer almaktad\u0131r. En y\u00fcksek \u00fcretim standartlar\u0131na ba\u011fl\u0131 kal\u0131yor ve her \u00fcr\u00fcn\u00fcn yaln\u0131zca sekt\u00f6r \u00f6l\u00e7\u00fctlerini kar\u015f\u0131lamakla kalmay\u0131p a\u015fmas\u0131n\u0131 sa\u011flamak i\u00e7in titiz kalite kontrol \u00f6nlemleri uyguluyoruz. M\u00fckemmelli\u011fe olan bu ba\u011fl\u0131l\u0131k, d\u00fcr\u00fcstl\u00fck, ekip \u00e7al\u0131\u015fmas\u0131 ve azim gibi temel de\u011ferlerimizle birle\u015ferek, d\u00fcnya \u00e7ap\u0131nda yakla\u015f\u0131k 30 \u00fclkede m\u00fc\u015fterilerimizle uzun \u00f6m\u00fcrl\u00fc, g\u00fcvene dayal\u0131 ili\u015fkiler kurmam\u0131z\u0131 sa\u011flam\u0131\u015ft\u0131r.<\/p>\n<p>FMP, m\u00fc\u015fterilerimizin de\u011fi\u015fen ihtiya\u00e7lar\u0131n\u0131 kar\u015f\u0131layan uzman tavsiyeleri ve \u00f6zelle\u015ftirilmi\u015f \u00e7\u00f6z\u00fcmler sunarak k\u00fcresel ortakl\u0131klar\u0131 geli\u015ftirmeye kendini adam\u0131\u015ft\u0131r. Her projenin ba\u015far\u0131s\u0131na katk\u0131da bulunan kal\u0131c\u0131, kar\u015f\u0131l\u0131kl\u0131 fayda sa\u011flayan ili\u015fkiler kurmay\u0131 hedefliyoruz. \u0130ster yeni bir giri\u015fim i\u00e7in yenilik\u00e7i \u00e7\u00f6z\u00fcmler ar\u0131yor olun, ister mevcut bir sistem i\u00e7in s\u00fcrekli deste\u011fe ihtiyac\u0131n\u0131z olsun, FMP teknik zorluklar\u0131n \u00fcstesinden gelmenize ve s\u00fcrekli ba\u015far\u0131n\u0131z\u0131 sa\u011flaman\u0131za yard\u0131mc\u0131 olmaya haz\u0131rd\u0131r.<\/p>\n<p><img loading=\"lazy\" decoding=\"async\" class=\"alignnone wp-image-2695\" src=\"https:\/\/fmp-components.com\/wp-content\/uploads\/2025\/01\/agricultural-gearbox3.webp\" alt=\"tar\u0131msal \u015fanz\u0131man\" width=\"1140\" height=\"1138\" title=\"\" srcset=\"https:\/\/fmp-components.com\/wp-content\/uploads\/2025\/01\/agricultural-gearbox3.webp 1140w, https:\/\/fmp-components.com\/wp-content\/uploads\/2025\/01\/agricultural-gearbox3-480x479.webp 480w\" sizes=\"(min-width: 0px) and (max-width: 480px) 480px, (min-width: 481px) 1140px, 100vw\" \/><\/p>\n<p>Yazar: CX<\/p>","protected":false},"excerpt":{"rendered":"<p>Micro Tiller Gearbox Specification Ratio 3.38:1 Input Speed 540 rpm Input Shaft X\/Y Input Power 16.9 kW, 23 hp Output Torque 985 Nm Benefits of Micro Tiller Gearbox The Micro Tiller Gearbox offers several benefits, making it an essential component in small-scale farming and gardening machinery. These advantages ensure smoother operation, increased efficiency, and enhanced [&hellip;]<\/p>","protected":false},"featured_media":3309,"comment_status":"open","ping_status":"closed","template":"","meta":{"_et_pb_use_builder":"","_et_pb_old_content":"","_et_gb_content_width":""},"product_brand":[],"product_cat":[81],"product_tag":[],"class_list":{"0":"post-3308","1":"product","2":"type-product","3":"status-publish","4":"has-post-thumbnail","6":"product_cat-micro-tiller-gearbox","8":"first","9":"instock","10":"shipping-taxable","11":"product-type-simple"},"_links":{"self":[{"href":"https:\/\/fmp-components.com\/tr\/wp-json\/wp\/v2\/product\/3308","targetHints":{"allow":["GET"]}}],"collection":[{"href":"https:\/\/fmp-components.com\/tr\/wp-json\/wp\/v2\/product"}],"about":[{"href":"https:\/\/fmp-components.com\/tr\/wp-json\/wp\/v2\/types\/product"}],"replies":[{"embeddable":true,"href":"https:\/\/fmp-components.com\/tr\/wp-json\/wp\/v2\/comments?post=3308"}],"wp:featuredmedia":[{"embeddable":true,"href":"https:\/\/fmp-components.com\/tr\/wp-json\/wp\/v2\/media\/3309"}],"wp:attachment":[{"href":"https:\/\/fmp-components.com\/tr\/wp-json\/wp\/v2\/media?parent=3308"}],"wp:term":[{"taxonomy":"product_brand","embeddable":true,"href":"https:\/\/fmp-components.com\/tr\/wp-json\/wp\/v2\/product_brand?post=3308"},{"taxonomy":"product_cat","embeddable":true,"href":"https:\/\/fmp-components.com\/tr\/wp-json\/wp\/v2\/product_cat?post=3308"},{"taxonomy":"product_tag","embeddable":true,"href":"https:\/\/fmp-components.com\/tr\/wp-json\/wp\/v2\/product_tag?post=3308"}],"curies":[{"name":"wp","href":"https:\/\/api.w.org\/{rel}","templated":true}]}}