{"id":3285,"date":"2025-01-06T02:26:59","date_gmt":"2025-01-06T02:26:59","guid":{"rendered":"https:\/\/fmp-components.com\/?page_id=8"},"modified":"2025-01-06T02:26:59","modified_gmt":"2025-01-06T02:26:59","slug":"manure-spreaders-gearboxes-replacement-of-comer-code-n-2a","status":"publish","type":"product","link":"https:\/\/fmp-components.com\/tr\/product\/manure-spreaders-gearboxes-replacement-of-comer-code-n-2a\/","title":{"rendered":"G\u00fcbre Da\u011f\u0131t\u0131c\u0131 \u015eanz\u0131manlar\u0131 \u2013 Comer Code N-2A'n\u0131n De\u011fi\u015ftirilmesi"},"content":{"rendered":"<h2>G\u00fcbre Serpme Makinesi Di\u015fli Kutular\u0131 N-2A \u00d6zellikleri<\/h2>\n<p><img loading=\"lazy\" decoding=\"async\" class=\"alignnone size-full wp-image-3286\" src=\"https:\/\/fmp-components.com\/wp-content\/uploads\/2025\/01\/manure-spreader-gearbox-N2A-specifications.webp\" alt=\"g\u00fcbre serpme makinesi di\u015fli kutusu N2A \u00f6zellikleri\" width=\"1012\" height=\"544\" title=\"\" srcset=\"https:\/\/fmp-components.com\/wp-content\/uploads\/2025\/01\/manure-spreader-gearbox-N2A-specifications.webp 1012w, https:\/\/fmp-components.com\/wp-content\/uploads\/2025\/01\/manure-spreader-gearbox-N2A-specifications-980x527.webp 980w, https:\/\/fmp-components.com\/wp-content\/uploads\/2025\/01\/manure-spreader-gearbox-N2A-specifications-480x258.webp 480w\" sizes=\"(min-width: 0px) and (max-width: 480px) 480px, (min-width: 481px) and (max-width: 980px) 980px, (min-width: 981px) 1012px, 100vw\" \/><\/p>\n<table style=\"width: 93.7748%; height: 397px;\" border=\"1\">\n<tbody>\n<tr>\n<td><strong>Ben<\/strong><\/td>\n<td>5.67<\/td>\n<\/tr>\n<tr>\n<td><strong>N<sub>1<\/sub>[dev\/dak]<\/strong><\/td>\n<td>540<\/td>\n<\/tr>\n<tr>\n<td><strong>P<sub>1<\/sub>[kW]<\/strong><\/td>\n<td>23.5<\/td>\n<\/tr>\n<tr>\n<td><strong>M<sub>2<\/sub>[Nm]<\/strong><\/td>\n<td>&#8211;<\/td>\n<\/tr>\n<tr>\n<td><strong>\u015eaft X<img loading=\"lazy\" decoding=\"async\" class=\"size-full wp-image-3287 aligncenter\" src=\"https:\/\/fmp-components.com\/wp-content\/uploads\/2025\/01\/shaft-x-1.webp\" alt=\"\u015faft-x\" width=\"81\" height=\"78\" title=\"\" srcset=\"https:\/\/fmp-components.com\/wp-content\/uploads\/2025\/01\/shaft-x-1.webp 81w, https:\/\/fmp-components.com\/wp-content\/uploads\/2025\/01\/shaft-x-1-12x12.webp 12w\" sizes=\"(max-width: 81px) 100vw, 81px\" \/><\/strong><\/td>\n<td>1\u201d 3\/8 Z6<\/td>\n<\/tr>\n<tr>\n<td><strong>Mil Y<img loading=\"lazy\" decoding=\"async\" class=\"size-full wp-image-3287 aligncenter\" src=\"https:\/\/fmp-components.com\/wp-content\/uploads\/2025\/01\/shaft-x-1.webp\" alt=\"\u015faft-x\" width=\"81\" height=\"78\" title=\"\" srcset=\"https:\/\/fmp-components.com\/wp-content\/uploads\/2025\/01\/shaft-x-1.webp 81w, https:\/\/fmp-components.com\/wp-content\/uploads\/2025\/01\/shaft-x-1-12x12.webp 12w\" sizes=\"(max-width: 81px) 100vw, 81px\" \/><\/strong><\/td>\n<td>1\u201d 3\/8 Z6<\/td>\n<\/tr>\n<tr>\n<td><strong>\u015eaft Z<img loading=\"lazy\" decoding=\"async\" class=\"size-full wp-image-3287 aligncenter\" src=\"https:\/\/fmp-components.com\/wp-content\/uploads\/2025\/01\/shaft-x-1.webp\" alt=\"\u015faft-x\" width=\"81\" height=\"78\" title=\"\" srcset=\"https:\/\/fmp-components.com\/wp-content\/uploads\/2025\/01\/shaft-x-1.webp 81w, https:\/\/fmp-components.com\/wp-content\/uploads\/2025\/01\/shaft-x-1-12x12.webp 12w\" sizes=\"(max-width: 81px) 100vw, 81px\" \/><\/strong><\/td>\n<td>1\u201d 3\/8 Z6<\/td>\n<\/tr>\n<tr>\n<td><strong>Giri\u015f<\/strong><\/td>\n<td>Z<\/td>\n<\/tr>\n<\/tbody>\n<\/table>\n<h3>G\u00fcbre Serpme Makinesi \u015eanz\u0131man\u0131n\u0131n \u00d6zellikleri<\/h3>\n<ol>\n<li><strong>Dayan\u0131kl\u0131 Konut<\/strong><br \/>\nDi\u015fli kutusu, genellikle d\u00f6kme demir veya al\u00fcminyum ala\u015f\u0131mlar\u0131 gibi y\u00fcksek mukavemetli malzemelerden yap\u0131lm\u0131\u015f, sa\u011flam ve korozyona dayan\u0131kl\u0131 bir g\u00f6vdeye sahiptir ve zorlu tar\u0131m ko\u015fullar\u0131nda bile uzun s\u00fcreli dayan\u0131kl\u0131l\u0131k sa\u011flar.<\/li>\n<li><strong>Y\u00fcksek Tork Kapasitesi<\/strong><br \/>\nA\u011f\u0131r tar\u0131msal i\u015flerin \u00fcstesinden gelmek \u00fczere tasarlanan g\u00fcbre serpme makinesi \u015fanz\u0131man\u0131, verimli \u00e7al\u0131\u015fma i\u00e7in y\u00fcksek tork sa\u011flar ve trakt\u00f6rden serpme makinesine sorunsuz g\u00fc\u00e7 aktar\u0131m\u0131n\u0131 garanti eder.<\/li>\n<li><strong>Hassas Di\u015fliler<\/strong><br \/>\nDi\u015fliler, hassas bir \u015fekilde birbirine ge\u00e7erek d\u00fczg\u00fcn \u00e7al\u0131\u015fma ve a\u015f\u0131nmay\u0131 azalt\u0131p verimlili\u011fi art\u0131rmak i\u00e7in \u00f6zel olarak tasarlanm\u0131\u015ft\u0131r. Bu di\u015fliler genellikle d\u00f6vme y\u00f6ntemiyle \u00fcretilir ve y\u00fcksek gerilimli ko\u015fullara dayanacak \u015fekilde i\u015flenir.<\/li>\n<li><strong>\u00c7oklu Di\u015fli Oranlar\u0131<\/strong><br \/>\nG\u00fcbre serpme makinelerinin di\u015fli kutular\u0131, 1:1, 1.46:1 ve di\u011fer \u00f6zel oranlar gibi \u00e7e\u015fitli di\u015fli oranlar\u0131nda mevcuttur ve farkl\u0131 makinelerin ve uygulamalar\u0131n \u00f6zel gereksinimlerini kar\u015f\u0131lamak i\u00e7in esneklik sunar.<\/li>\n<li><strong>Konik Makaral\u0131 Rulmanlar<\/strong><br \/>\nY\u00fcksek y\u00fck kapasiteli konik makaral\u0131 rulmanlar, \u015faftlara \u00fcst\u00fcn destek sa\u011flamak, rulman \u00f6mr\u00fcn\u00fc, y\u00fck kapasitesini ve genel \u015fanz\u0131man performans\u0131n\u0131 art\u0131rmak i\u00e7in \u015fanz\u0131manda kullan\u0131l\u0131r.<\/li>\n<\/ol>\n<p>Bu \u00f6zellikler, g\u00fcbre serpme makinelerinin di\u015fli kutular\u0131n\u0131 modern tar\u0131m operasyonlar\u0131nda son derece g\u00fcvenilir ve etkili bile\u015fenler haline getirerek \u00e7ift\u00e7ilerin g\u00fcbre serpme gibi i\u015fleri verimlilik, tutarl\u0131l\u0131k ve minimum ar\u0131za s\u00fcresiyle ger\u00e7ekle\u015ftirebilmelerini sa\u011flar.<\/p>\n<p><img loading=\"lazy\" decoding=\"async\" class=\"alignnone  wp-image-3289\" src=\"https:\/\/fmp-components.com\/wp-content\/uploads\/2025\/01\/manure-spreader-gearbox-supplier1.webp\" alt=\"g\u00fcbre serpme makinesi di\u015fli kutusu tedarik\u00e7isi(1)\" width=\"941\" height=\"627\" title=\"\" srcset=\"https:\/\/fmp-components.com\/wp-content\/uploads\/2025\/01\/manure-spreader-gearbox-supplier1.webp 941w, https:\/\/fmp-components.com\/wp-content\/uploads\/2025\/01\/manure-spreader-gearbox-supplier1-480x320.webp 480w\" sizes=\"(min-width: 0px) and (max-width: 480px) 480px, (min-width: 481px) 941px, 100vw\" \/><\/p>\n<h3>G\u00fcbre Serpme Makinesi \u015eanz\u0131man\u0131 i\u00e7in PTO Mili<\/h3>\n<p>PTO (G\u00fc\u00e7 \u00c7\u0131k\u0131\u015f\u0131) mili, trakt\u00f6r\u00fcn g\u00fc\u00e7 \u00e7\u0131k\u0131\u015f\u0131n\u0131 g\u00fcbre serpme makinesinin \u015fanz\u0131man\u0131na ba\u011flayan ve g\u00fcbre serpme makinesinin \u00e7al\u0131\u015fmas\u0131 i\u00e7in mekanik g\u00fcc\u00fcn aktar\u0131lmas\u0131n\u0131 sa\u011flayan \u00f6nemli bir bile\u015fendir. PTO mili, trakt\u00f6r\u00fcn motoru ile g\u00fcbre serpme makinesinin \u015fanz\u0131man\u0131 aras\u0131nda ba\u011flant\u0131 g\u00f6revi g\u00f6rerek serpme makinesinin etkili ve verimli bir \u015fekilde \u00e7al\u0131\u015ft\u0131r\u0131lmas\u0131n\u0131 sa\u011flar. A\u015fa\u011f\u0131da, g\u00fcbre serpme makinesi \u015fanz\u0131manlar\u0131 i\u00e7in PTO milinin temel \u00f6zellikleri ve faydalar\u0131 yer almaktad\u0131r:<\/p>\n<ol>\n<li><strong>A\u011f\u0131r Hizmet Tipi \u0130n\u015faat<\/strong>\n<ul>\n<li><strong>Y\u00fcksek mukavemetli \u00e7elik<\/strong>PTO mili, tar\u0131msal i\u015flerde kar\u015f\u0131la\u015f\u0131lan yo\u011fun tork ve gerilime dayanabilmesi i\u00e7in sa\u011flam, y\u00fcksek mukavemetli \u00e7elikten \u00fcretilmi\u015ftir.<\/li>\n<li><strong>Dayan\u0131kl\u0131 bile\u015fenler<\/strong>Sa\u011flam ba\u011flant\u0131lar\u0131 ve g\u00fc\u00e7lendirilmi\u015f tasar\u0131m\u0131yla PTO \u015faftlar\u0131, toz, nem ve kimyasal elementlere maruz kalma da dahil olmak \u00fczere tar\u0131m\u0131n zorlu ortamlar\u0131na dayanacak \u015fekilde \u00fcretilmi\u015ftir.<\/li>\n<\/ul>\n<\/li>\n<li><strong>Uyumluluk<\/strong>\n<ul>\n<li><strong>Evrensel tasar\u0131m<\/strong>PTO \u015faftlar\u0131, \u00e7ok \u00e7e\u015fitli trakt\u00f6rler ve g\u00fcbre serpme makineleriyle uyumlulu\u011fu sa\u011flamak i\u00e7in \u00fcniversal mafsallarla tasarlanm\u0131\u015ft\u0131r.<\/li>\n<li><strong>Standartla\u015ft\u0131r\u0131lm\u0131\u015f ba\u011flant\u0131lar<\/strong>\u015eaftlar, trakt\u00f6r\u00fcn PTO \u00e7\u0131k\u0131\u015f\u0131na ve g\u00fcbre serpme makinesinin \u015fanz\u0131man giri\u015fine uygun standart ba\u011flant\u0131 elemanlar\u0131yla donat\u0131lm\u0131\u015ft\u0131r; bu da kolay takma ve \u00e7\u0131karma sa\u011flar.<\/li>\n<\/ul>\n<\/li>\n<li><strong>Y\u00fcksek Tork Aktar\u0131m\u0131<\/strong>\n<ul>\n<li>PTO \u015faftlar\u0131, trakt\u00f6rden g\u00fcbre serpme makinesinin \u015fanz\u0131man\u0131na y\u00fcksek tork iletmek \u00fczere tasarlanm\u0131\u015ft\u0131r. Bu, serpme makinesinin a\u011f\u0131r y\u00fck ko\u015fullar\u0131nda bile verimli bir \u015fekilde \u00e7al\u0131\u015fmas\u0131n\u0131 sa\u011flar.<\/li>\n<\/ul>\n<\/li>\n<li><strong>G\u00fcvenlik \u00d6zellikleri<\/strong>\n<ul>\n<li><strong>G\u00fcvenlik kalkanlar\u0131 ve koruyucular\u0131<\/strong>PTO milleri, hareketli par\u00e7alarla kaz accidental temas\u0131 \u00f6nlemek ve kullan\u0131c\u0131 i\u00e7in g\u00fcvenli \u00e7al\u0131\u015fma sa\u011flamak amac\u0131yla g\u00fcvenlik kalkanlar\u0131 ve koruyucularla donat\u0131lm\u0131\u015ft\u0131r.<\/li>\n<li><strong>Kaymal\u0131 kavrama mekanizmalar\u0131<\/strong>Bir\u00e7ok PTO \u015faft\u0131, ani sars\u0131nt\u0131lardan veya a\u015f\u0131r\u0131 torktan kaynaklanan hasarlara kar\u015f\u0131 \u015faft\u0131 ve ba\u011fl\u0131 makineleri korumak i\u00e7in kaymal\u0131 kavramalar veya a\u015f\u0131r\u0131 y\u00fck koruma mekanizmalar\u0131 ile donat\u0131lm\u0131\u015ft\u0131r.<\/li>\n<\/ul>\n<\/li>\n<li><strong>Esneklik ve Eri\u015fim<\/strong>\n<ul>\n<li>PTO \u015faftlar\u0131, trakt\u00f6r ile g\u00fcbre serpme makinesi aras\u0131ndaki mesafeye uyacak \u015fekilde \u00e7e\u015fitli uzunluklarda mevcuttur ve farkl\u0131 kurulumlar i\u00e7in uygun eri\u015fim ve esneklik sa\u011flar.<\/li>\n<li><strong>Teleskopik tasar\u0131m<\/strong>Baz\u0131 PTO \u015faftlar\u0131, trakt\u00f6r ile g\u00fcbre serpme makinesi aras\u0131ndaki farkl\u0131 \u00e7al\u0131\u015fma mesafelerine uyum sa\u011flamak i\u00e7in uzunluk ayarlamalar\u0131na olanak tan\u0131yan teleskopik bir tasar\u0131ma sahiptir.<\/li>\n<\/ul>\n<\/li>\n<\/ol>\n<ol>\n<li style=\"list-style-type: none;\"><\/li>\n<\/ol>\n<p>\u00d6zetle, g\u00fcbre serpme makinelerinin \u015fanz\u0131manlar\u0131 i\u00e7in PTO mili, modern tar\u0131m operasyonlar\u0131nda \u00e7ok \u00f6nemli bir bile\u015fendir. Verimli g\u00fc\u00e7 aktar\u0131m\u0131n\u0131 sa\u011flar, g\u00fcvenli\u011fi art\u0131r\u0131r ve \u00e7e\u015fitli uygulamalar i\u00e7in dayan\u0131kl\u0131l\u0131k ve esneklik sunar. Y\u00fcksek kaliteli bir PTO mili kullanarak, \u00e7ift\u00e7iler g\u00fcbre serpme makinelerinin performans\u0131n\u0131 en \u00fcst d\u00fczeye \u00e7\u0131kar\u0131rken, bak\u0131m ihtiya\u00e7lar\u0131n\u0131 ve i\u015fletme maliyetlerini en aza indirebilirler.<\/p>\n<p><img loading=\"lazy\" decoding=\"async\" class=\"alignnone  wp-image-3288\" src=\"https:\/\/fmp-components.com\/wp-content\/uploads\/2025\/01\/pto-shaft-for-manure-spreader-gearbox1.webp\" alt=\"g\u00fcbre serpme makinesi di\u015fli kutusu i\u00e7in pto-\u015faft\u0131(1)\" width=\"852\" height=\"837\" title=\"\" srcset=\"https:\/\/fmp-components.com\/wp-content\/uploads\/2025\/01\/pto-shaft-for-manure-spreader-gearbox1.webp 852w, https:\/\/fmp-components.com\/wp-content\/uploads\/2025\/01\/pto-shaft-for-manure-spreader-gearbox1-480x471.webp 480w\" sizes=\"(min-width: 0px) and (max-width: 480px) 480px, (min-width: 481px) 852px, 100vw\" \/><\/p>\n<h2>FMP Hakk\u0131nda<\/h2>\n<p>Merkezi \u0130talya'da bulunan FMP, \u00f6zellikle tar\u0131m makineleri sekt\u00f6r\u00fcne odaklanarak y\u00fcksek performansl\u0131 \u015fanz\u0131manlar\u0131n tasar\u0131m\u0131, geli\u015ftirilmesi ve \u00fcretimi konusunda uzmanl\u0131\u011f\u0131yla tan\u0131nan lider bir \u00fcreticidir. Hassas m\u00fchendislik, yenilik\u00e7i \u00e7\u00f6z\u00fcmler ve e\u015fsiz g\u00fcvenilirlik ile bilinen FMP, hem tar\u0131m hem de end\u00fcstriyel pazarlarda g\u00fcvenilir bir ortak olarak kendini kan\u0131tlam\u0131\u015ft\u0131r. Geni\u015f \u00fcr\u00fcn yelpazemizde, \u00e7im bi\u00e7me makineleri, PTO \u015faftlar\u0131 ve di\u011fer temel bile\u015fenler i\u00e7in \u00f6zel olarak tasarlanm\u0131\u015f \u015fanz\u0131manlar yer almaktad\u0131r; bunlar\u0131n t\u00fcm\u00fc, \u00e7ok \u00e7e\u015fitli uygulamalar\u0131n hassas taleplerini kar\u015f\u0131lamak \u00fczere tasarlanm\u0131\u015ft\u0131r.<\/p>\n<p>FMP olarak, her m\u00fc\u015fterinin ihtiya\u00e7lar\u0131n\u0131n benzersiz oldu\u011funu anl\u0131yoruz. Bu anlay\u0131\u015f, ister tek tek bile\u015fenler isterse tamamen entegre sistemler olsun, \u00f6zel \u00e7\u00f6z\u00fcmler sunma taahh\u00fcd\u00fcm\u00fcz\u00fc y\u00f6nlendiriyor. M\u00fc\u015fterilerimizle yak\u0131n \u00e7al\u0131\u015farak, her \u00e7\u00f6z\u00fcm\u00fcn gereksinimleriyle m\u00fckemmel bir \u015fekilde uyumlu olmas\u0131n\u0131, performans\u0131 optimize etmesini ve maksimum de\u011fer sunmas\u0131n\u0131 sa\u011fl\u0131yoruz. Zaman\u0131nda, profesyonel yan\u0131tlar ve uzman rehberlik sa\u011flama konusundaki kararl\u0131l\u0131\u011f\u0131m\u0131z, her sorunun hassasiyetle ele al\u0131nmas\u0131n\u0131 ve tutarl\u0131 ve ba\u015far\u0131l\u0131 sonu\u00e7lar elde edilmesini sa\u011flar.<\/p>\n<p>\u00dcr\u00fcn geli\u015ftirme s\u00fcrecinin her a\u015famas\u0131nda \u015feffaf ve s\u00fcrekli ileti\u015fime \u00f6ncelik veriyoruz. Deneyimli ekibimiz, m\u00fc\u015fterilerimizin \u00f6zel ihtiya\u00e7lar\u0131n\u0131 tam olarak anlamak i\u00e7in onlarla yak\u0131n i\u015f birli\u011fi i\u00e7inde \u00e7al\u0131\u015farak, en iyi sonu\u00e7lar\u0131 elde etmek i\u00e7in de\u011ferli bilgiler ve \u00f6neriler sunmaktad\u0131r. Yenilik\u00e7i \u00fcr\u00fcnler geli\u015ftirmek veya rutin sipari\u015fleri yerine getirmek olsun, FMP her zaman zaman\u0131nda, y\u00fcksek kaliteli ve hassas m\u00fchendislik \u00fcr\u00fcn\u00fc \u00e7\u00f6z\u00fcmler sunmaya kendini adam\u0131\u015ft\u0131r. Amac\u0131m\u0131z, m\u00fc\u015fteri beklentilerini a\u015fmak, ola\u011fan\u00fcst\u00fc hizmet sunmak ve her projede m\u00fckemmel sonu\u00e7lar elde etmektir.<\/p>\n<p>FMP'nin faaliyetlerinin merkezinde, kaliteye olan sars\u0131lmaz ba\u011fl\u0131l\u0131k yatmaktad\u0131r. Her \u00fcr\u00fcn\u00fcn sekt\u00f6r standartlar\u0131n\u0131 a\u015fmas\u0131n\u0131 sa\u011flamak i\u00e7in en y\u00fcksek \u00fcretim standartlar\u0131na ba\u011fl\u0131 kal\u0131yor ve titiz kalite kontrol prosed\u00fcrleri uyguluyoruz. M\u00fckemmelli\u011fe olan bu ba\u011fl\u0131l\u0131k, d\u00fcr\u00fcstl\u00fck, ekip \u00e7al\u0131\u015fmas\u0131 ve azim gibi temel de\u011ferlerimizle birle\u015ferek, d\u00fcnya \u00e7ap\u0131nda yakla\u015f\u0131k 30 \u00fclkede m\u00fc\u015fterilerimizle uzun \u00f6m\u00fcrl\u00fc, g\u00fcvene dayal\u0131 ili\u015fkiler kurmam\u0131z\u0131 sa\u011flam\u0131\u015ft\u0131r.<\/p>\n<p>FMP, m\u00fc\u015fterilerimizin de\u011fi\u015fen ihtiya\u00e7lar\u0131na g\u00f6re geli\u015fen uzman tavsiyeleri ve \u00f6zelle\u015ftirilmi\u015f \u00e7\u00f6z\u00fcmler sunarak k\u00fcresel ortakl\u0131klar\u0131 geli\u015ftirmeye kendini adam\u0131\u015ft\u0131r. Her projenin ba\u015far\u0131s\u0131n\u0131 sa\u011flayan uzun vadeli, kar\u015f\u0131l\u0131kl\u0131 fayda sa\u011flayan ili\u015fkiler kurmaya \u00e7al\u0131\u015f\u0131yoruz. \u0130ster yeni bir giri\u015fim i\u00e7in yenilik\u00e7i \u00e7\u00f6z\u00fcmler ar\u0131yor olun, ister mevcut bir sistem i\u00e7in s\u00fcrekli destek ar\u0131yor olun, FMP teknik zorluklar\u0131n \u00fcstesinden gelmenize ve s\u00fcrekli ba\u015far\u0131n\u0131z\u0131 sa\u011flaman\u0131za yard\u0131mc\u0131 olmak i\u00e7in burada.<\/p>\n<p><img loading=\"lazy\" decoding=\"async\" class=\"alignnone wp-image-2695\" src=\"https:\/\/fmp-components.com\/wp-content\/uploads\/2025\/01\/agricultural-gearbox3.webp\" alt=\"tar\u0131msal \u015fanz\u0131man\" width=\"1140\" height=\"1138\" title=\"\" srcset=\"https:\/\/fmp-components.com\/wp-content\/uploads\/2025\/01\/agricultural-gearbox3.webp 1140w, https:\/\/fmp-components.com\/wp-content\/uploads\/2025\/01\/agricultural-gearbox3-480x479.webp 480w\" sizes=\"(min-width: 0px) and (max-width: 480px) 480px, (min-width: 481px) 1140px, 100vw\" \/><\/p>\n<p>Yazar: CX<\/p>","protected":false},"excerpt":{"rendered":"<p>Manure Spreader Gearboxes N-2A Specification i 5.67 N1[rpm] 540 P1[kW] 23.5 M2[Nm] &#8211; Shaft X 1&#8221; 3\/8 Z6 Shaft Y 1&#8221; 3\/8 Z6 Shaft Z 1&#8221; 3\/8 Z6 Input Z Features of Manure Spreader Gearbox Durable Housing The gearbox features a robust, corrosion-resistant housing, typically made from high-strength materials such as cast iron or aluminum [&hellip;]<\/p>","protected":false},"featured_media":3290,"comment_status":"open","ping_status":"closed","template":"","meta":{"_et_pb_use_builder":"","_et_pb_old_content":"","_et_gb_content_width":""},"product_brand":[],"product_cat":[79],"product_tag":[],"class_list":{"0":"post-3285","1":"product","2":"type-product","3":"status-publish","4":"has-post-thumbnail","6":"product_cat-manure-spreader-gearbox","8":"first","9":"instock","10":"shipping-taxable","11":"product-type-simple"},"_links":{"self":[{"href":"https:\/\/fmp-components.com\/tr\/wp-json\/wp\/v2\/product\/3285","targetHints":{"allow":["GET"]}}],"collection":[{"href":"https:\/\/fmp-components.com\/tr\/wp-json\/wp\/v2\/product"}],"about":[{"href":"https:\/\/fmp-components.com\/tr\/wp-json\/wp\/v2\/types\/product"}],"replies":[{"embeddable":true,"href":"https:\/\/fmp-components.com\/tr\/wp-json\/wp\/v2\/comments?post=3285"}],"wp:featuredmedia":[{"embeddable":true,"href":"https:\/\/fmp-components.com\/tr\/wp-json\/wp\/v2\/media\/3290"}],"wp:attachment":[{"href":"https:\/\/fmp-components.com\/tr\/wp-json\/wp\/v2\/media?parent=3285"}],"wp:term":[{"taxonomy":"product_brand","embeddable":true,"href":"https:\/\/fmp-components.com\/tr\/wp-json\/wp\/v2\/product_brand?post=3285"},{"taxonomy":"product_cat","embeddable":true,"href":"https:\/\/fmp-components.com\/tr\/wp-json\/wp\/v2\/product_cat?post=3285"},{"taxonomy":"product_tag","embeddable":true,"href":"https:\/\/fmp-components.com\/tr\/wp-json\/wp\/v2\/product_tag?post=3285"}],"curies":[{"name":"wp","href":"https:\/\/api.w.org\/{rel}","templated":true}]}}