{"id":3259,"date":"2025-01-06T01:36:46","date_gmt":"2025-01-06T01:36:46","guid":{"rendered":"https:\/\/fmp-components.com\/?page_id=8"},"modified":"2025-01-06T01:36:47","modified_gmt":"2025-01-06T01:36:47","slug":"gearbox-for-agricultural-machinery-700-series","status":"publish","type":"product","link":"https:\/\/fmp-components.com\/tr\/product\/gearbox-for-agricultural-machinery-700-series\/","title":{"rendered":"Tar\u0131m Makinalar\u0131 i\u00e7in \u015eanz\u0131man 700 Serisi"},"content":{"rendered":"<h2>700 Serisi \u0130\u00e7in \u00c7izim<\/h2>\n<p><img loading=\"lazy\" decoding=\"async\" class=\"alignnone  wp-image-3263\" src=\"https:\/\/fmp-components.com\/wp-content\/uploads\/2025\/01\/R700-Spec-1.webp\" alt=\"R700-\u00d6zellik-1\" width=\"900\" height=\"1126\" title=\"\" srcset=\"https:\/\/fmp-components.com\/wp-content\/uploads\/2025\/01\/R700-Spec-1.webp 900w, https:\/\/fmp-components.com\/wp-content\/uploads\/2025\/01\/R700-Spec-1-480x601.webp 480w\" sizes=\"(min-width: 0px) and (max-width: 480px) 480px, (min-width: 481px) 900px, 100vw\" \/><\/p>\n<h3>700 Serisi i\u00e7in \u015eaft D\u00f6n\u00fc\u015f Hizalamas\u0131<\/h3>\n<p><img loading=\"lazy\" decoding=\"async\" class=\"alignnone size-full wp-image-3262\" src=\"https:\/\/fmp-components.com\/wp-content\/uploads\/2025\/01\/R700-Rotation.webp\" alt=\"R700-D\u00f6nme\" width=\"1024\" height=\"345\" title=\"\" srcset=\"https:\/\/fmp-components.com\/wp-content\/uploads\/2025\/01\/R700-Rotation.webp 1024w, https:\/\/fmp-components.com\/wp-content\/uploads\/2025\/01\/R700-Rotation-980x330.webp 980w, https:\/\/fmp-components.com\/wp-content\/uploads\/2025\/01\/R700-Rotation-480x162.webp 480w\" sizes=\"(min-width: 0px) and (max-width: 480px) 480px, (min-width: 481px) and (max-width: 980px) 980px, (min-width: 981px) 1024px, 100vw\" \/><\/p>\n<h3>Derecelendirme Tablolar\u0131<\/h3>\n<p><img loading=\"lazy\" decoding=\"async\" class=\"alignnone  wp-image-3264\" src=\"https:\/\/fmp-components.com\/wp-content\/uploads\/2025\/01\/R700-rating-charts.webp\" alt=\"R700 derecelendirme \u00e7izelgeleri\" width=\"862\" height=\"397\" title=\"\" srcset=\"https:\/\/fmp-components.com\/wp-content\/uploads\/2025\/01\/R700-rating-charts.webp 393w, https:\/\/fmp-components.com\/wp-content\/uploads\/2025\/01\/R700-rating-charts-300x138.webp 300w, https:\/\/fmp-components.com\/wp-content\/uploads\/2025\/01\/R700-rating-charts-18x8.webp 18w\" sizes=\"(max-width: 862px) 100vw, 862px\" \/><\/p>\n<h3>Tar\u0131m Makinalar\u0131 i\u00e7in \u015eanz\u0131man 700 Serisi<\/h3>\n<p><strong>\u00d6zellikler:<\/strong><\/p>\n<ul>\n<li><strong>\u0130ki Par\u00e7al\u0131 Al\u00fcminyum G\u00f6vde<\/strong>: Y\u00fcksek mukavemetli al\u00fcminyumdan \u00fcretilen bu muhafaza, \u00fcst\u00fcn dayan\u0131kl\u0131l\u0131k sa\u011flar <strong>korozyon direnci<\/strong> Ve <strong>termal kapasite<\/strong>Bu sayede zorlu tar\u0131m ortamlar\u0131na kar\u015f\u0131 olduk\u00e7a dayan\u0131kl\u0131d\u0131r.<\/li>\n<li><strong>Hassas \u0130\u015flenmi\u015f Bile\u015fenler<\/strong>: Her bir di\u015fli kutusu, m\u00fckemmel di\u015fli uyumunu garantilemek i\u00e7in hassas bir \u015fekilde i\u015flenmi\u015ftir ve <strong>yatak \u00f6n y\u00fck\u00fc<\/strong>A\u011f\u0131r y\u00fck ko\u015fullar\u0131nda sorunsuz ve verimli bir \u00e7al\u0131\u015fma sa\u011flar.<\/li>\n<li><strong>D\u00f6vme Di\u015fliler<\/strong>: 700 Serisi, hassas d\u00f6vme di\u015flilerle donat\u0131lm\u0131\u015ft\u0131r <strong>3:1 di\u015fli oran\u0131<\/strong>M\u00fckemmel tork iletimi ve \u00e7al\u0131\u015fma verimlili\u011fi sa\u011flar.<\/li>\n<li><strong>Konik Makaral\u0131 Rulmanlar<\/strong>: Bu yataklar, <strong>y\u00fck kapasitesi<\/strong> ve uzatmak <strong>rulman \u00f6mr\u00fc<\/strong>Y\u00fcksek stresli ortamlarda bile uzun s\u00fcreli performans sa\u011flar.<\/li>\n<li><strong>Y\u00fcksek Mukavemetli \u00c7elik \u015eaftlar<\/strong>: The <strong>1,75 in\u00e7 giri\u015f mili<\/strong> Ve <strong>2,75 in\u00e7 \u00e7\u0131k\u0131\u015f mili<\/strong> A\u011f\u0131r hizmet uygulamalar\u0131nda sa\u011flaml\u0131k ve g\u00fcvenilirlik sa\u011flayan y\u00fcksek mukavemetli \u00e7elikten \u00fcretilmi\u015ftir.<\/li>\n<li><strong>80W90 Di\u015fli Ya\u011f\u0131<\/strong>: Y\u00fcksek kaliteyle dolu <strong>80W90 di\u015fli ya\u011f\u0131<\/strong>\u015eanz\u0131man sevkiyattan \u00f6nce s\u0131z\u0131nt\u0131lara kar\u015f\u0131 kapsaml\u0131 bir \u015fekilde test edilir ve ilk g\u00fcnden itibaren optimum \u00e7al\u0131\u015fma sa\u011flan\u0131r.<\/li>\n<li><strong>S\u0131z\u0131nt\u0131 Testi Yap\u0131ld\u0131<\/strong>: Her \u00fcnite, s\u0131f\u0131r s\u0131z\u0131nt\u0131y\u0131 garantilemek, g\u00fcvenilirli\u011fi garanti alt\u0131na almak ve zamanla bak\u0131m ihtiya\u00e7lar\u0131n\u0131 azaltmak i\u00e7in kapsaml\u0131 bir s\u0131z\u0131nt\u0131 testinden ge\u00e7irilir.<\/li>\n<li><strong>A\u011f\u0131rl\u0131k<\/strong>: 700 Serisi \u015fanz\u0131man\u0131n a\u011f\u0131rl\u0131\u011f\u0131 yakla\u015f\u0131k olarak <strong>120 kilo<\/strong>Ya\u011flay\u0131c\u0131 da dahil olmak \u00fczere, onu sa\u011flamla\u015ft\u0131ran ve en zorlu tar\u0131m makinesi g\u00f6revlerinin \u00fcstesinden gelebilecek hale getiren.<\/li>\n<\/ul>\n<h3>Ek Faydalar:<\/h3>\n<ul>\n<li><strong>Optimum Termal Y\u00f6netim<\/strong>: Al\u00fcminyum g\u00f6vde sadece dayan\u0131kl\u0131l\u0131k sa\u011flamakla kalm\u0131yor, ayn\u0131 zamanda \u0131s\u0131y\u0131 etkili bir \u015fekilde da\u011f\u0131tmaya yard\u0131mc\u0131 oluyor ve zorlu ko\u015fullarda uzun s\u00fcreli kullan\u0131mlarda bile tutarl\u0131 performans\u0131 koruyor.<\/li>\n<li><strong>Dayan\u0131kl\u0131l\u0131k ve Uzun \u00d6m\u00fcr<\/strong>:S\u00fcrekli, y\u00fcksek y\u00fck gerektiren tar\u0131msal uygulamalar i\u00e7in tasarlanan 700 Serisi, zorlu \u00e7al\u0131\u015fma ortamlar\u0131na dayanacak \u015fekilde \u00fcretilmi\u015ftir ve daha uzun hizmet \u00f6mr\u00fc ile minimum kesinti s\u00fcresi sa\u011flar.<\/li>\n<li><strong>\u00d6l\u00e7ekte Verimlilik<\/strong>: 3:1 di\u015fli oran\u0131, b\u00fcy\u00fck tar\u0131m makineleri i\u00e7in idealdir ve \u015fanz\u0131man\u0131n verimlili\u011fi en \u00fcst d\u00fczeye \u00e7\u0131karmas\u0131n\u0131, g\u00fcc\u00fc etkili bir \u015fekilde aktararak optimum tarla operasyonlar\u0131 i\u00e7in kullan\u0131lmas\u0131n\u0131 sa\u011flar.<\/li>\n<\/ul>\n<p>700 Serisi \u015eanz\u0131man, en zorlu tar\u0131m ko\u015fullar\u0131nda bile ola\u011fan\u00fcst\u00fc g\u00fcvenilirlik, performans ve dayan\u0131kl\u0131l\u0131k sunmak \u00fczere tasarlanm\u0131\u015ft\u0131r. \u0130ster b\u00fcy\u00fck trakt\u00f6rler, ister bi\u00e7erd\u00f6verler veya di\u011fer a\u011f\u0131r hizmet tipi makineler kullan\u0131yor olun, 700 Serisi, verimli \u00e7al\u0131\u015fma ve uzun vadeli g\u00fcvenilirlik i\u00e7in ihtiya\u00e7 duydu\u011funuz g\u00fcc\u00fc ve dayan\u0131kl\u0131l\u0131\u011f\u0131 sa\u011flar.<\/p>\n<h3>FMP Hakk\u0131nda<\/h3>\n<p>Merkezi \u0130talya'da bulunan FMP, \u00f6zellikle tar\u0131m makineleri sekt\u00f6r\u00fcne odaklanarak, y\u00fcksek performansl\u0131 di\u015fli kutular\u0131 tasarlama, geli\u015ftirme ve \u00fcretme konusundaki uzmanl\u0131\u011f\u0131yla tan\u0131nan se\u00e7kin bir \u00fcreticidir. Hassas m\u00fchendisli\u011fi, yenilik\u00e7i \u00e7\u00f6z\u00fcmleri ve sars\u0131lmaz g\u00fcvenilirli\u011fiyle tan\u0131nan FMP, hem tar\u0131m hem de end\u00fcstriyel pazarlarda g\u00fcvenilir bir ortak olarak g\u00fc\u00e7l\u00fc bir \u00fcne kavu\u015fmu\u015ftur. Kapsaml\u0131 portf\u00f6y\u00fcm\u00fcz, \u00e7im bi\u00e7me makineleri i\u00e7in \u00f6zel olarak tasarlanm\u0131\u015f di\u015fli kutular\u0131, PTO \u015faftlar\u0131 ve \u00e7e\u015fitli uygulamalar\u0131n \u00f6zel gereksinimlerini kar\u015f\u0131lamak \u00fczere \u00f6zenle tasarlanm\u0131\u015f \u00e7ok \u00e7e\u015fitli di\u011fer kritik bile\u015fenleri i\u00e7ermektedir.<\/p>\n<p>FMP olarak, her m\u00fc\u015fterinin kendine \u00f6zg\u00fc zorluklarla kar\u015f\u0131la\u015ft\u0131\u011f\u0131n\u0131n bilincindeyiz ve bu, \u00f6zel \u00e7\u00f6z\u00fcmler sunma konusundaki kararl\u0131l\u0131\u011f\u0131m\u0131z\u0131 besliyor. \u0130ster tek bir bile\u015fen ister entegre bir sistem olsun, her \u00e7\u00f6z\u00fcm\u00fcn yaln\u0131zca gereksinimlerini kar\u015f\u0131lamas\u0131n\u0131 de\u011fil, ayn\u0131 zamanda performans\u0131 art\u0131r\u0131p genel de\u011feri en \u00fcst d\u00fczeye \u00e7\u0131karmas\u0131n\u0131 sa\u011flamak i\u00e7in m\u00fc\u015fterilerimizle yak\u0131n bir \u015fekilde \u00e7al\u0131\u015f\u0131yoruz. H\u0131zl\u0131, profesyonel yan\u0131tlar ve uzman rehberli\u011fine olan ba\u011fl\u0131l\u0131\u011f\u0131m\u0131z, her sorunun hassasiyetle ele al\u0131nmas\u0131n\u0131 ve s\u00fcrekli olarak en iyi sonu\u00e7lar\u0131n elde edilmesini garanti eder.<\/p>\n<p>\u00dcr\u00fcn geli\u015ftirme s\u00fcrecinin tamam\u0131nda \u015feffaf ve s\u00fcrekli ileti\u015fime b\u00fcy\u00fck \u00f6nem veriyoruz. \u00d6zverili ekibimiz, m\u00fc\u015fterilerimizin ihtiya\u00e7lar\u0131n\u0131 tam olarak anlamak i\u00e7in onlarla yak\u0131n bir \u015fekilde \u00e7al\u0131\u015f\u0131r ve m\u00fcmk\u00fcn olan en iyi sonu\u00e7lar\u0131 sa\u011flamak i\u00e7in de\u011ferli i\u00e7g\u00f6r\u00fcler ve uygulanabilir \u00f6neriler sunar. \u0130ster yenilik\u00e7i \u00fcr\u00fcnler tasarl\u0131yor ister rutin sipari\u015fleri yerine getiriyor olal\u0131m, FMP her seferinde zaman\u0131nda, y\u00fcksek kaliteli ve hassas m\u00fchendislik \u00e7\u00f6z\u00fcmleri sunmaya kendini adam\u0131\u015ft\u0131r. Amac\u0131m\u0131z, her projede ola\u011fan\u00fcst\u00fc hizmet ve ola\u011fan\u00fcst\u00fc sonu\u00e7lar sunarak m\u00fc\u015fteri beklentilerini a\u015fmakt\u0131r.<\/p>\n<p>FMP'nin faaliyetlerinin temelinde, kaliteye olan sars\u0131lmaz ba\u011fl\u0131l\u0131k yatar. Her \u00fcr\u00fcn\u00fcn sekt\u00f6r standartlar\u0131n\u0131 kar\u015f\u0131lamas\u0131n\u0131 ve hatta a\u015fmas\u0131n\u0131 sa\u011flamak i\u00e7in en y\u00fcksek \u00fcretim standartlar\u0131na ba\u011fl\u0131 kal\u0131yor ve s\u0131k\u0131 kalite kontrol s\u00fcre\u00e7leri uyguluyoruz. M\u00fckemmelli\u011fe olan bu ba\u011fl\u0131l\u0131\u011f\u0131m\u0131z, d\u00fcr\u00fcstl\u00fck, ekip \u00e7al\u0131\u015fmas\u0131 ve azim gibi temel de\u011ferlerimizle birle\u015ferek, d\u00fcnya \u00e7ap\u0131nda yakla\u015f\u0131k 30 \u00fclkedeki m\u00fc\u015fterilerimizle uzun s\u00fcreli, g\u00fcvene dayal\u0131 ili\u015fkiler kurmam\u0131z\u0131 sa\u011flam\u0131\u015ft\u0131r.<\/p>\n<p>FMP, m\u00fc\u015fterilerimizin dinamik ihtiya\u00e7lar\u0131na g\u00f6re geli\u015fen uzman tavsiyeleri ve \u00f6zelle\u015ftirilmi\u015f \u00e7\u00f6z\u00fcmler sunarak k\u00fcresel ortakl\u0131klar kurmaya kendini adam\u0131\u015ft\u0131r. Her projenin ba\u015far\u0131s\u0131n\u0131 sa\u011flayan, uzun vadeli ve kar\u015f\u0131l\u0131kl\u0131 fayda sa\u011flayan ili\u015fkiler kurmay\u0131 hedefliyoruz. \u0130ster yeni bir giri\u015fim i\u00e7in yenilik\u00e7i \u00e7\u00f6z\u00fcmler ar\u0131yor olun, ister mevcut bir sistem i\u00e7in s\u00fcrekli deste\u011fe ihtiya\u00e7 duyuyor olun, FMP teknik zorluklar\u0131n \u00fcstesinden gelmenize ve ba\u015far\u0131n\u0131z\u0131n devam\u0131n\u0131 sa\u011flaman\u0131za yard\u0131mc\u0131 olmaya haz\u0131rd\u0131r.<\/p>\n<p><img loading=\"lazy\" decoding=\"async\" class=\"alignnone wp-image-2695\" src=\"https:\/\/fmp-components.com\/wp-content\/uploads\/2025\/01\/agricultural-gearbox3.webp\" alt=\"tar\u0131msal \u015fanz\u0131man\" width=\"1140\" height=\"1138\" title=\"\" srcset=\"https:\/\/fmp-components.com\/wp-content\/uploads\/2025\/01\/agricultural-gearbox3.webp 1140w, https:\/\/fmp-components.com\/wp-content\/uploads\/2025\/01\/agricultural-gearbox3-480x479.webp 480w\" sizes=\"(min-width: 0px) and (max-width: 480px) 480px, (min-width: 481px) 1140px, 100vw\" \/><\/p>\n<p>Yazar: CX<\/p>","protected":false},"excerpt":{"rendered":"<p>Drawing For 700 Series Shaft Rotation Alignment For 700 Series Rating Charts Gearbox for Agricultural Machinery 700 Series Features: Two-Piece Aluminum Housing: Constructed with high-strength aluminum, this housing ensures superior corrosion resistance and thermal capacity, making it highly durable for demanding agricultural environments. Precision Machined Components: Each gearbox is precision-machined to guarantee perfect gear meshing [&hellip;]<\/p>","protected":false},"featured_media":3260,"comment_status":"open","ping_status":"closed","template":"","meta":{"_et_pb_use_builder":"","_et_pb_old_content":"","_et_gb_content_width":""},"product_brand":[],"product_cat":[78],"product_tag":[],"class_list":{"0":"post-3259","1":"product","2":"type-product","3":"status-publish","4":"has-post-thumbnail","6":"product_cat-gearbox-for-agricultural-machinery","8":"first","9":"instock","10":"shipping-taxable","11":"product-type-simple"},"_links":{"self":[{"href":"https:\/\/fmp-components.com\/tr\/wp-json\/wp\/v2\/product\/3259","targetHints":{"allow":["GET"]}}],"collection":[{"href":"https:\/\/fmp-components.com\/tr\/wp-json\/wp\/v2\/product"}],"about":[{"href":"https:\/\/fmp-components.com\/tr\/wp-json\/wp\/v2\/types\/product"}],"replies":[{"embeddable":true,"href":"https:\/\/fmp-components.com\/tr\/wp-json\/wp\/v2\/comments?post=3259"}],"wp:featuredmedia":[{"embeddable":true,"href":"https:\/\/fmp-components.com\/tr\/wp-json\/wp\/v2\/media\/3260"}],"wp:attachment":[{"href":"https:\/\/fmp-components.com\/tr\/wp-json\/wp\/v2\/media?parent=3259"}],"wp:term":[{"taxonomy":"product_brand","embeddable":true,"href":"https:\/\/fmp-components.com\/tr\/wp-json\/wp\/v2\/product_brand?post=3259"},{"taxonomy":"product_cat","embeddable":true,"href":"https:\/\/fmp-components.com\/tr\/wp-json\/wp\/v2\/product_cat?post=3259"},{"taxonomy":"product_tag","embeddable":true,"href":"https:\/\/fmp-components.com\/tr\/wp-json\/wp\/v2\/product_tag?post=3259"}],"curies":[{"name":"wp","href":"https:\/\/api.w.org\/{rel}","templated":true}]}}