{"id":3253,"date":"2025-01-06T01:10:21","date_gmt":"2025-01-06T01:10:21","guid":{"rendered":"https:\/\/fmp-components.com\/?page_id=8"},"modified":"2025-01-06T01:15:31","modified_gmt":"2025-01-06T01:15:31","slug":"gearbox-for-agricultural-machinery-600-series","status":"publish","type":"product","link":"https:\/\/fmp-components.com\/tr\/product\/gearbox-for-agricultural-machinery-600-series\/","title":{"rendered":"Tar\u0131m Makinalar\u0131 i\u00e7in \u015eanz\u0131man 600 Serisi"},"content":{"rendered":"<h2>Derecelendirme Tablosu<\/h2>\n<p><img loading=\"lazy\" decoding=\"async\" class=\"alignnone wp-image-3255\" src=\"https:\/\/fmp-components.com\/wp-content\/uploads\/2025\/01\/R600-rating-charts.webp\" alt=\"R600 derecelendirme \u00e7izelgeleri\" width=\"844\" height=\"1536\" title=\"\" srcset=\"https:\/\/fmp-components.com\/wp-content\/uploads\/2025\/01\/R600-rating-charts.webp 339w, https:\/\/fmp-components.com\/wp-content\/uploads\/2025\/01\/R600-rating-charts-165x300.webp 165w, https:\/\/fmp-components.com\/wp-content\/uploads\/2025\/01\/R600-rating-charts-7x12.webp 7w\" sizes=\"(max-width: 844px) 100vw, 844px\" \/><\/p>\n<h3>600 Serisi \u0130\u00e7in \u00c7izim<\/h3>\n<p><img loading=\"lazy\" decoding=\"async\" class=\"alignnone wp-image-3254\" src=\"https:\/\/fmp-components.com\/wp-content\/uploads\/2025\/01\/600drawing.webp\" alt=\"600 \u00e7izim\" width=\"889\" height=\"1149\" title=\"\" srcset=\"https:\/\/fmp-components.com\/wp-content\/uploads\/2025\/01\/600drawing.webp 889w, https:\/\/fmp-components.com\/wp-content\/uploads\/2025\/01\/600drawing-480x621.webp 480w\" sizes=\"(min-width: 0px) and (max-width: 480px) 480px, (min-width: 481px) 889px, 100vw\" \/><\/p>\n<h3>600 Serisi i\u00e7in \u015eaft D\u00f6n\u00fc\u015f Hizalamas\u0131<\/h3>\n<p><img loading=\"lazy\" decoding=\"async\" class=\"alignnone size-full wp-image-3257\" src=\"https:\/\/fmp-components.com\/wp-content\/uploads\/2025\/01\/R400-600Rotation.webp\" alt=\"R400-600D\u00f6nme\" width=\"1024\" height=\"384\" title=\"\" srcset=\"https:\/\/fmp-components.com\/wp-content\/uploads\/2025\/01\/R400-600Rotation.webp 1024w, https:\/\/fmp-components.com\/wp-content\/uploads\/2025\/01\/R400-600Rotation-980x368.webp 980w, https:\/\/fmp-components.com\/wp-content\/uploads\/2025\/01\/R400-600Rotation-480x180.webp 480w\" sizes=\"(min-width: 0px) and (max-width: 480px) 480px, (min-width: 481px) and (max-width: 980px) 980px, (min-width: 981px) 1024px, 100vw\" \/><\/p>\n<h3>Tar\u0131m Makinalar\u0131 i\u00e7in \u015eanz\u0131man\u0131n Temel \u00d6zellikleri \u2013 600 Serisi<\/h3>\n<p>600 Serisi \u015eanz\u0131man, zorlu tar\u0131m uygulamalar\u0131 i\u00e7in tasarlanm\u0131\u015f olup, ola\u011fan\u00fcst\u00fc performans ve dayan\u0131kl\u0131l\u0131k sunar. Sa\u011flam iki par\u00e7al\u0131 al\u00fcminyum g\u00f6vdeye sahip bu \u015fanz\u0131man, \u00fcst\u00fcn mukavemet, korozyon direnci ve termal kapasite sunarak zorlu ko\u015fullarda bile g\u00fcvenilir \u00e7al\u0131\u015fma sa\u011flar. \u0130ster tar\u0131m makinelerinde ister di\u011fer a\u011f\u0131r hizmet tipi ekipmanlarda kullan\u0131ls\u0131n, bu \u015fanz\u0131man uzun vadeli g\u00fcvenilirlik ve verimlilik i\u00e7in tasarlanm\u0131\u015ft\u0131r.<\/p>\n<ul>\n<li><strong>\u0130ki Par\u00e7al\u0131 Al\u00fcminyum G\u00f6vde<\/strong>: G\u00f6vde, y\u00fcksek kaliteli al\u00fcminyumdan \u00fcretilmi\u015f olup, dayan\u0131kl\u0131l\u0131k ve hafifli\u011fin ideal birle\u015fimini sunar. Korozyona dayan\u0131kl\u0131d\u0131r ve y\u00fcksek termal kapasiteye sahiptir, bu da onu uzun \u00e7al\u0131\u015fma s\u00fcreleri ve zorlu ortamlar i\u00e7in ideal k\u0131lar.<\/li>\n<li><strong>Hassas \u0130\u015flenmi\u015f Bile\u015fenler<\/strong>: Di\u015fliler ve yataklar dahil her bir bile\u015fen, tam di\u015fli uyumu ve yatak \u00f6n y\u00fck\u00fcn\u00fc garanti alt\u0131na almak i\u00e7in hassas bir \u015fekilde i\u015flenerek s\u00fcrt\u00fcnme ve a\u015f\u0131nma en aza indirilmi\u015ftir. Bu, \u015fanz\u0131man\u0131n \u00f6mr\u00fcn\u00fc ve performans\u0131n\u0131 art\u0131r\u0131r.<\/li>\n<li><strong>Geni\u015f Di\u015fli Oranlar\u0131 Aral\u0131\u011f\u0131<\/strong>: \u015eanz\u0131man alt\u0131 adet hassas d\u00f6vme di\u015fli oran\u0131yla geliyor:\n<ul>\n<li>1:1<\/li>\n<li>1.18:1<\/li>\n<li>1.35:1<\/li>\n<li>1.5:1<\/li>\n<li>1.86:1<\/li>\n<li>2:1 Bu \u00e7e\u015fitlilik esneklik sa\u011flayarak, \u015fanz\u0131man\u0131n farkl\u0131 tar\u0131m makinelerinin \u00f6zel g\u00fc\u00e7 aktar\u0131m gereksinimlerine g\u00f6re \u00f6zelle\u015ftirilmesine olanak tan\u0131r.<\/li>\n<\/ul>\n<\/li>\n<li><strong>Konik Makaral\u0131 Rulmanlar<\/strong>: Konik makaral\u0131 rulmanlarla donat\u0131lan \u015fanz\u0131man, zorlu operasyonlarda bile art\u0131r\u0131lm\u0131\u015f y\u00fck kapasitesi sunar ve rulman \u00f6mr\u00fcn\u00fc uzat\u0131r. Bu \u00f6zellik, ar\u0131za s\u00fcresini ve bak\u0131m maliyetlerini azaltmaya yard\u0131mc\u0131 olur.<\/li>\n<li><strong>Y\u00fcksek Mukavemetli \u00c7elik \u015eaft<\/strong>: 1,75 in\u00e7lik \u015faft, a\u011f\u0131r y\u00fckler ve zorlu ko\u015fullara dayanacak \u00fcst\u00fcn dayan\u0131kl\u0131l\u0131k ve esneklik sa\u011flayan y\u00fcksek mukavemetli \u00e7elikten yap\u0131lm\u0131\u015ft\u0131r ve zamanla istikrarl\u0131 performans sa\u011flar.<\/li>\n<li><strong>Ya\u011flama ve Test<\/strong>: \u015eanz\u0131man, optimum ya\u011flama i\u00e7in 80W90 di\u015fli ya\u011f\u0131 ile \u00f6nceden doldurulmu\u015f olup, \u00e7al\u0131\u015fma s\u0131ras\u0131nda a\u015f\u0131nma ve y\u0131pranmay\u0131 azalt\u0131r. Ayr\u0131ca, g\u00fcvenilirli\u011fi garanti alt\u0131na almak ve olas\u0131 \u00e7al\u0131\u015fma sorunlar\u0131n\u0131 \u00f6nlemek i\u00e7in sevkiyattan \u00f6nce s\u0131zd\u0131rmazl\u0131k testinden ge\u00e7irilir.<\/li>\n<li><strong>A\u011f\u0131rl\u0131k<\/strong>: 600 Serisi 60-70 lbs a\u011f\u0131rl\u0131\u011f\u0131ndad\u0131r<strong>.<\/strong>A\u011f\u0131r hizmet tipi tar\u0131m makineleri i\u00e7in kolay kurulum ve sa\u011flam destek sa\u011flayan dengeli bir a\u011f\u0131rl\u0131k sa\u011flayan ya\u011f da dahil olmak \u00fczere.<\/li>\n<\/ul>\n<p>600 Serisi \u015eanz\u0131man, bi\u00e7erd\u00f6verler, pulluklar ve trakt\u00f6rler gibi \u00e7ok \u00e7e\u015fitli tar\u0131m makineleri i\u00e7in idealdir. Y\u00fcksek y\u00fck ta\u015f\u0131ma kapasitesi ve hassas m\u00fchendisli\u011fi, modern tar\u0131m operasyonlar\u0131n\u0131n zorlu taleplerini kar\u015f\u0131layabilmesini sa\u011flayarak kritik ekipmanlar i\u00e7in optimum performans ve uzun \u00f6m\u00fcr sa\u011flar.<\/p>\n<p>Sa\u011flam tasar\u0131m\u0131, \u00e7ok y\u00f6nl\u00fc di\u015fli oranlar\u0131 ve \u00fcst\u00fcn bile\u015fenleriyle 600 Serisi \u015eanz\u0131man, tar\u0131m makineleri i\u00e7in g\u00fcvenilir bir se\u00e7im olarak \u00f6ne \u00e7\u0131k\u0131yor. Zorlu \u00e7al\u0131\u015fma ko\u015fullar\u0131na dayan\u0131kl\u0131 ve verimli g\u00fc\u00e7 aktar\u0131m\u0131 sa\u011flayan bu \u015fanz\u0131man, tar\u0131m sekt\u00f6r\u00fcnde uzun \u00f6m\u00fcrl\u00fc ve y\u00fcksek performansl\u0131 \u015fanz\u0131man arayan herkes i\u00e7in vazge\u00e7ilmez bir bile\u015fendir.<\/p>\n<h3>FMP Hakk\u0131nda<\/h3>\n<p>Merkezi \u0130talya'da bulunan FMP, tar\u0131m makineleri sekt\u00f6r\u00fcne odaklanan y\u00fcksek performansl\u0131 di\u015fli kutular\u0131n\u0131n tasar\u0131m\u0131, geli\u015ftirilmesi ve \u00fcretimindeki uzmanl\u0131\u011f\u0131yla tan\u0131nan lider bir \u00fcreticidir. FMP, hassas m\u00fchendislik, yenilik\u00e7i \u00e7\u00f6z\u00fcmler ve sars\u0131lmaz g\u00fcvenilirlik konusunda g\u00fc\u00e7l\u00fc bir itibar kazanm\u0131\u015f ve hem tar\u0131m hem de end\u00fcstriyel pazarlarda g\u00fcvenilir bir ortak olarak kendini kan\u0131tlam\u0131\u015ft\u0131r. Geni\u015f portf\u00f6y\u00fcm\u00fcz, her biri \u00e7e\u015fitli uygulamalar\u0131n hassas gereksinimlerini kar\u015f\u0131lamak \u00fczere \u00f6zenle tasarlanm\u0131\u015f \u00e7im bi\u00e7me makineleri, PTO \u015faftlar\u0131 ve di\u011fer temel bile\u015fenler i\u00e7in \u00f6zel olarak tasarlanm\u0131\u015f di\u015fli kutular\u0131 i\u00e7erir.<\/p>\n<p>FMP olarak, her m\u00fc\u015fterinin farkl\u0131 zorluklarla kar\u015f\u0131la\u015ft\u0131\u011f\u0131n\u0131n bilincindeyiz. Bu anlay\u0131\u015f, ister bireysel bile\u015fenler ister tamamen entegre sistemler i\u00e7in olsun, ki\u015fiye \u00f6zel \u00e7\u00f6z\u00fcmler sunma taahh\u00fcd\u00fcm\u00fcz\u00fc g\u00fc\u00e7lendiriyor. M\u00fc\u015fterilerimizle yak\u0131n i\u015f birli\u011fi i\u00e7inde \u00e7al\u0131\u015farak, her \u00e7\u00f6z\u00fcm\u00fcn yaln\u0131zca tam gereksinimlerini kar\u015f\u0131lamas\u0131n\u0131 de\u011fil, ayn\u0131 zamanda performans ve de\u011feri de en \u00fcst d\u00fczeye \u00e7\u0131karmas\u0131n\u0131 sa\u011fl\u0131yoruz. H\u0131zl\u0131, profesyonel yan\u0131tlar ve uzman rehberli\u011fi sunma konusundaki \u00f6zverimiz, her talebin hassasiyetle ele al\u0131nmas\u0131n\u0131 ve s\u00fcrekli olarak en iyi sonu\u00e7lar\u0131n elde edilmesini garanti eder.<\/p>\n<p>\u00dcr\u00fcn geli\u015ftirme d\u00f6ng\u00fcs\u00fcn\u00fcn her a\u015famas\u0131nda \u015feffaf ve s\u00fcrekli ileti\u015fime b\u00fcy\u00fck \u00f6nem veriyoruz. \u00d6zverili ekibimiz, m\u00fc\u015fterilerimizle do\u011frudan \u00e7al\u0131\u015farak ihtiya\u00e7lar\u0131n\u0131 derinlemesine anl\u0131yor, en iyi sonu\u00e7lar\u0131 elde etmek i\u00e7in de\u011ferli i\u00e7g\u00f6r\u00fcler ve uzman \u00f6nerileri sunuyor. \u0130ster son teknoloji \u00fcr\u00fcnler tasarl\u0131yor ister rutin sipari\u015fleri kar\u015f\u0131l\u0131yor olal\u0131m, FMP her seferinde zaman\u0131nda, y\u00fcksek kaliteli ve hassas m\u00fchendislik \u00e7\u00f6z\u00fcmleri sunmaya kendini adam\u0131\u015ft\u0131r. Amac\u0131m\u0131z, ola\u011fan\u00fcst\u00fc hizmet sunarak ve her projede ola\u011fan\u00fcst\u00fc sonu\u00e7lar elde ederek m\u00fc\u015fteri beklentilerini s\u00fcrekli olarak a\u015fmakt\u0131r.<\/p>\n<p>FMP'nin faaliyetlerinin temelinde, kaliteye olan sars\u0131lmaz ba\u011fl\u0131l\u0131\u011f\u0131m\u0131z yatar. En y\u00fcksek \u00fcretim standartlar\u0131na ba\u011fl\u0131 kal\u0131yor ve her \u00fcr\u00fcn\u00fcn sekt\u00f6r standartlar\u0131n\u0131 kar\u015f\u0131lamakla kalmay\u0131p a\u015fmas\u0131n\u0131 sa\u011flamak i\u00e7in titiz kalite kontrol s\u00fcre\u00e7leri uyguluyoruz. M\u00fckemmelli\u011fe olan bu ba\u011fl\u0131l\u0131\u011f\u0131m\u0131z, d\u00fcr\u00fcstl\u00fck, ekip \u00e7al\u0131\u015fmas\u0131 ve azim gibi temel de\u011ferlerimizle birle\u015ferek, d\u00fcnya \u00e7ap\u0131nda yakla\u015f\u0131k 30 \u00fclkedeki m\u00fc\u015fterilerimizle uzun s\u00fcreli, g\u00fcvene dayal\u0131 ili\u015fkiler kurmam\u0131z\u0131 sa\u011flam\u0131\u015ft\u0131r.<\/p>\n<p>FMP, m\u00fc\u015fterilerimizin de\u011fi\u015fen ihtiya\u00e7lar\u0131n\u0131 kar\u015f\u0131layan uzman tavsiyeleri ve \u00f6zelle\u015ftirilmi\u015f \u00e7\u00f6z\u00fcmler sunarak k\u00fcresel ortakl\u0131klar kurmaya kendini adam\u0131\u015ft\u0131r. Her projenin ba\u015far\u0131s\u0131na katk\u0131da bulunan, uzun vadeli ve kar\u015f\u0131l\u0131kl\u0131 fayda sa\u011flayan ili\u015fkiler kurmay\u0131 hedefliyoruz. \u0130ster yeni bir giri\u015fim i\u00e7in yenilik\u00e7i \u00e7\u00f6z\u00fcmler, ister mevcut bir sistem i\u00e7in s\u00fcrekli destek ar\u0131yor olun, FMP teknik zorluklar\u0131n \u00fcstesinden gelmenize ve ba\u015far\u0131n\u0131z\u0131n devam etmesini sa\u011flaman\u0131za yard\u0131mc\u0131 olmak i\u00e7in buradad\u0131r.<\/p>\n<p><img loading=\"lazy\" decoding=\"async\" class=\"alignnone wp-image-2695\" src=\"https:\/\/fmp-components.com\/wp-content\/uploads\/2025\/01\/agricultural-gearbox3.webp\" alt=\"tar\u0131msal \u015fanz\u0131man\" width=\"1140\" height=\"1138\" title=\"\" srcset=\"https:\/\/fmp-components.com\/wp-content\/uploads\/2025\/01\/agricultural-gearbox3.webp 1140w, https:\/\/fmp-components.com\/wp-content\/uploads\/2025\/01\/agricultural-gearbox3-480x479.webp 480w\" sizes=\"(min-width: 0px) and (max-width: 480px) 480px, (min-width: 481px) 1140px, 100vw\" \/><\/p>\n<p>Yazar: CX<\/p>","protected":false},"excerpt":{"rendered":"<p>Rating Chart Drawing For 600 Series Shaft Rotation Alignment For 600 Series Key Features of Gearbox for Agricultural Machinery &#8211; 600 Series The 600 Series Gearbox is engineered for demanding agricultural applications, designed to deliver exceptional performance and durability. Built with a robust two-piece aluminum housing, this gearbox offers superior strength, corrosion resistance, and thermal [&hellip;]<\/p>","protected":false},"featured_media":3258,"comment_status":"open","ping_status":"closed","template":"","meta":{"_et_pb_use_builder":"","_et_pb_old_content":"","_et_gb_content_width":""},"product_brand":[],"product_cat":[78],"product_tag":[],"class_list":{"0":"post-3253","1":"product","2":"type-product","3":"status-publish","4":"has-post-thumbnail","6":"product_cat-gearbox-for-agricultural-machinery","8":"first","9":"instock","10":"shipping-taxable","11":"product-type-simple"},"_links":{"self":[{"href":"https:\/\/fmp-components.com\/tr\/wp-json\/wp\/v2\/product\/3253","targetHints":{"allow":["GET"]}}],"collection":[{"href":"https:\/\/fmp-components.com\/tr\/wp-json\/wp\/v2\/product"}],"about":[{"href":"https:\/\/fmp-components.com\/tr\/wp-json\/wp\/v2\/types\/product"}],"replies":[{"embeddable":true,"href":"https:\/\/fmp-components.com\/tr\/wp-json\/wp\/v2\/comments?post=3253"}],"wp:featuredmedia":[{"embeddable":true,"href":"https:\/\/fmp-components.com\/tr\/wp-json\/wp\/v2\/media\/3258"}],"wp:attachment":[{"href":"https:\/\/fmp-components.com\/tr\/wp-json\/wp\/v2\/media?parent=3253"}],"wp:term":[{"taxonomy":"product_brand","embeddable":true,"href":"https:\/\/fmp-components.com\/tr\/wp-json\/wp\/v2\/product_brand?post=3253"},{"taxonomy":"product_cat","embeddable":true,"href":"https:\/\/fmp-components.com\/tr\/wp-json\/wp\/v2\/product_cat?post=3253"},{"taxonomy":"product_tag","embeddable":true,"href":"https:\/\/fmp-components.com\/tr\/wp-json\/wp\/v2\/product_tag?post=3253"}],"curies":[{"name":"wp","href":"https:\/\/api.w.org\/{rel}","templated":true}]}}