{"id":3242,"date":"2025-01-06T00:58:53","date_gmt":"2025-01-06T00:58:53","guid":{"rendered":"https:\/\/fmp-components.com\/?page_id=8"},"modified":"2025-01-06T00:58:53","modified_gmt":"2025-01-06T00:58:53","slug":"gearbox-for-agricultural-machinery-500-series","status":"publish","type":"product","link":"https:\/\/fmp-components.com\/tr\/product\/gearbox-for-agricultural-machinery-500-series\/","title":{"rendered":"Tar\u0131m Makinalar\u0131 i\u00e7in \u015eanz\u0131man 500 Serisi"},"content":{"rendered":"<h2>Derecelendirme Tablosu<\/h2>\n<p><img loading=\"lazy\" decoding=\"async\" class=\"alignnone  wp-image-3250\" src=\"https:\/\/fmp-components.com\/wp-content\/uploads\/2025\/01\/R500-rating-charts.webp\" alt=\"R500 derecelendirme \u00e7izelgeleri\" width=\"870\" height=\"1106\" title=\"\" srcset=\"https:\/\/fmp-components.com\/wp-content\/uploads\/2025\/01\/R500-rating-charts.webp 394w, https:\/\/fmp-components.com\/wp-content\/uploads\/2025\/01\/R500-rating-charts-236x300.webp 236w, https:\/\/fmp-components.com\/wp-content\/uploads\/2025\/01\/R500-rating-charts-9x12.webp 9w\" sizes=\"(max-width: 870px) 100vw, 870px\" \/><\/p>\n<h3>500 Serisi \u0130\u00e7in \u00c7izim<\/h3>\n<p><img loading=\"lazy\" decoding=\"async\" class=\"alignnone  wp-image-3249\" src=\"https:\/\/fmp-components.com\/wp-content\/uploads\/2025\/01\/500drawing.webp\" alt=\"500 \u00e7izim\" width=\"888\" height=\"1150\" title=\"\" srcset=\"https:\/\/fmp-components.com\/wp-content\/uploads\/2025\/01\/500drawing.webp 888w, https:\/\/fmp-components.com\/wp-content\/uploads\/2025\/01\/500drawing-480x621.webp 480w\" sizes=\"(min-width: 0px) and (max-width: 480px) 480px, (min-width: 481px) 888px, 100vw\" \/><\/p>\n<h3>500 Serisi i\u00e7in \u015eaft D\u00f6n\u00fc\u015f Hizalamas\u0131<\/h3>\n<p><img loading=\"lazy\" decoding=\"async\" class=\"alignnone size-full wp-image-3251\" src=\"https:\/\/fmp-components.com\/wp-content\/uploads\/2025\/01\/500-rotation-option.webp\" alt=\"500-d\u00f6nd\u00fcrme-se\u00e7ene\u011fi\" width=\"1024\" height=\"384\" title=\"\" srcset=\"https:\/\/fmp-components.com\/wp-content\/uploads\/2025\/01\/500-rotation-option.webp 1024w, https:\/\/fmp-components.com\/wp-content\/uploads\/2025\/01\/500-rotation-option-980x368.webp 980w, https:\/\/fmp-components.com\/wp-content\/uploads\/2025\/01\/500-rotation-option-480x180.webp 480w\" sizes=\"(min-width: 0px) and (max-width: 480px) 480px, (min-width: 481px) and (max-width: 980px) 980px, (min-width: 981px) 1024px, 100vw\" \/><\/p>\n<h3>Tar\u0131m Makinalar\u0131 i\u00e7in 500 Serisi \u015eanz\u0131man<\/h3>\n<p><strong>\u00d6zellikler ve Avantajlar:<\/strong><\/p>\n<ul>\n<li><strong>\u0130ki Par\u00e7al\u0131 Al\u00fcminyum G\u00f6vde:<\/strong> Y\u00fcksek mukavemetli al\u00fcminyumdan \u00fcretilen g\u00f6vde, ola\u011fan\u00fcst\u00fc dayan\u0131kl\u0131l\u0131k, korozyon direnci ve \u00fcst\u00fcn termal kapasite sunar. Bu sayede, zorlu \u00e7al\u0131\u015fma ko\u015fullar\u0131nda bile optimum performans sa\u011flayarak tar\u0131msal ortamlar i\u00e7in son derece uygundur.<\/li>\n<li><strong>Hassas \u0130\u015fleme:<\/strong> Her bir bile\u015fen, m\u00fckemmel di\u015fli uyumu ve hassas yatak \u00f6n y\u00fck\u00fc sa\u011flamak i\u00e7in hassas bir \u015fekilde i\u015flenmi\u015ftir. Bu ayr\u0131nt\u0131lara g\u00f6sterilen \u00f6zen, \u015fanz\u0131man\u0131n daha sorunsuz \u00e7al\u0131\u015fmas\u0131na, s\u00fcrt\u00fcnmenin azalt\u0131lmas\u0131na ve \u00f6mr\u00fcn\u00fcn uzat\u0131lmas\u0131na katk\u0131da bulunur.<\/li>\n<li><strong>\u00c7ok Y\u00f6nl\u00fc Di\u015fli Oranlar\u0131:<\/strong> 500 Serisi, 1:1, 1,35:1, 1,5:1 ve 2:1 olmak \u00fczere d\u00f6rt oranda hassas d\u00f6vme di\u015flilerle donat\u0131lm\u0131\u015ft\u0131r ve \u00e7e\u015fitli uygulama ihtiya\u00e7lar\u0131n\u0131za uygun \u00e7e\u015fitli se\u00e7enekler sunar. Ayr\u0131ca, 1:1 oran\u0131nda spiral konik di\u015fli se\u00e7ene\u011fi de mevcuttur ve bu da \u015fanz\u0131man\u0131n farkl\u0131 g\u00f6revlere uyum sa\u011flama yetene\u011fini daha da art\u0131r\u0131r.<\/li>\n<li><strong>Konik Makaral\u0131 Rulmanlar:<\/strong> Y\u00fcksek kaliteli konik makaral\u0131 rulmanlar, art\u0131r\u0131lm\u0131\u015f y\u00fck kapasitesi ve uzat\u0131lm\u0131\u015f rulman \u00f6mr\u00fc sa\u011flayarak zorlu uygulamalarda bile tutarl\u0131 ve g\u00fcvenilir performans sa\u011flar. Bu rulmanlar, daha y\u00fcksek radyal ve eksenel y\u00fckleri kald\u0131racak \u015fekilde tasarlanm\u0131\u015ft\u0131r ve bu da onlar\u0131 a\u011f\u0131r hizmet tipi tar\u0131m makineleri i\u00e7in ideal k\u0131lar.<\/li>\n<li><strong>Y\u00fcksek Mukavemetli \u00c7elik \u015eaft:<\/strong> 500 Serisi \u015fanz\u0131man, y\u00fcksek mukavemetli \u00e7elikten yap\u0131lm\u0131\u015f 1,375 in\u00e7lik bir \u015fafta sahiptir ve bu da geli\u015fmi\u015f dayan\u0131kl\u0131l\u0131k ve a\u015f\u0131nma direnci sa\u011flar. Bu sa\u011flam \u015faft tasar\u0131m\u0131, zorlu ortamlarda bile uzun s\u00fcreler boyunca g\u00fcvenilir g\u00fc\u00e7 aktar\u0131m\u0131 sa\u011flar.<\/li>\n<li><strong>Ya\u011flama ve S\u0131z\u0131nt\u0131 Testi:<\/strong> \u015eanz\u0131man, ba\u015flang\u0131\u00e7tan itibaren sorunsuz ve verimli bir \u00e7al\u0131\u015fma sa\u011flayan 80W90 di\u015fli ya\u011f\u0131 ile \u00f6nceden doldurulmu\u015ftur. Her \u00fcnite, teslimattan \u00f6nce kapsaml\u0131 bir s\u0131zd\u0131rmazl\u0131k testinden ge\u00e7irilerek s\u0131zd\u0131rmaz bir \u00fcr\u00fcn garanti alt\u0131na al\u0131n\u0131r.<\/li>\n<li><strong>A\u011f\u0131rl\u0131k ve Kullan\u0131m Kolayl\u0131\u011f\u0131:<\/strong> 500 Serisi di\u015fli kutusunun a\u011f\u0131rl\u0131\u011f\u0131 25 ila 30 lbs aras\u0131ndad\u0131r<strong>.<\/strong>Di\u015fli ya\u011f\u0131 dahil. Bu a\u011f\u0131rl\u0131k, montaj ve kullan\u0131m i\u00e7in y\u00f6netilebilir kal\u0131rken sa\u011flaml\u0131k sa\u011flamak i\u00e7in dikkatlice dengelenmi\u015ftir.<\/li>\n<\/ul>\n<p>500 Serisi \u015eanz\u0131man, geli\u015fmi\u015f dayan\u0131kl\u0131l\u0131k, verimli performans ve \u00e7e\u015fitli uygulamalar i\u00e7in \u00e7ok y\u00f6nl\u00fcl\u00fck sunan tar\u0131m makineleri i\u00e7in ideal bir \u00e7\u00f6z\u00fcmd\u00fcr. Toprak i\u015fleme, ekim veya hasat makinelerinde kullan\u0131lan bu \u015fanz\u0131man, en zorlu \u00e7al\u0131\u015fma ko\u015fullar\u0131nda bile g\u00fcvenilir hizmet sunar. Sa\u011flam tasar\u0131m\u0131 ve y\u00fcksek kaliteli malzemeleri, tar\u0131m sekt\u00f6r\u00fcnde uzun \u00f6m\u00fcrl\u00fc ve g\u00fcvenilir \u015fanz\u0131man \u00e7\u00f6z\u00fcmleri arayan \u00fcreticiler ve operat\u00f6rler i\u00e7in g\u00fcvenilir bir se\u00e7im olmas\u0131n\u0131 sa\u011flar.<\/p>\n<h2>FMP Hakk\u0131nda<\/h2>\n<p>Merkezi \u0130talya'da bulunan FMP, y\u00fcksek performansl\u0131 di\u015fli kutular\u0131n\u0131n tasar\u0131m\u0131, geli\u015ftirilmesi ve \u00fcretiminde uzmanla\u015fm\u0131\u015f se\u00e7kin bir \u00fcreticidir. Tar\u0131m makineleri sekt\u00f6r\u00fcne b\u00fcy\u00fck \u00f6nem veren FMP, hassas m\u00fchendisli\u011fi, yenilik\u00e7i \u00e7\u00f6z\u00fcmleri ve sars\u0131lmaz g\u00fcvenilirli\u011fiyle \u00fcnl\u00fcd\u00fcr. FMP, y\u0131llar i\u00e7inde hem tar\u0131m hem de end\u00fcstriyel pazarlarda g\u00fcvenilir bir ortak olarak sa\u011flam bir itibar kazanm\u0131\u015ft\u0131r. Geni\u015f portf\u00f6y\u00fcm\u00fcz, \u00e7e\u015fitli uygulamalar\u0131n \u00f6zel gereksinimlerini kar\u015f\u0131lamak \u00fczere \u00f6zenle tasarlanm\u0131\u015f, \u00f6zel olarak tasarlanm\u0131\u015f di\u015fli kutular\u0131, PTO \u015faftlar\u0131 ve di\u011fer \u00e7e\u015fitli kritik bile\u015fenleri i\u00e7ermektedir.<\/p>\n<p>FMP olarak, her m\u00fc\u015fterinin kendine \u00f6zg\u00fc gereksinimleri oldu\u011funun bilincindeyiz. Bu anlay\u0131\u015f, hem bireysel bile\u015fenleri hem de tamamen entegre sistemleri ele alacak \u015fekilde tasarlanm\u0131\u015f, ki\u015fiye \u00f6zel \u00e7\u00f6z\u00fcmler sunma konusundaki kararl\u0131l\u0131\u011f\u0131m\u0131z\u0131 besliyor. M\u00fc\u015fterilerimizle yak\u0131n i\u015f birli\u011fi i\u00e7inde \u00e7al\u0131\u015farak, her \u00e7\u00f6z\u00fcm\u00fcn yaln\u0131zca \u00f6zel ihtiya\u00e7lar\u0131n\u0131 kar\u015f\u0131lamas\u0131n\u0131 de\u011fil, ayn\u0131 zamanda performans\u0131, verimlili\u011fi ve de\u011feri de art\u0131rmas\u0131n\u0131 sa\u011fl\u0131yoruz. H\u0131zl\u0131 ve profesyonel yan\u0131tlar ve uzman rehberli\u011fine olan ba\u011fl\u0131l\u0131\u011f\u0131m\u0131z, her talebin hassasiyetle kar\u015f\u0131lanmas\u0131n\u0131 ve en iyi sonu\u00e7lar\u0131n elde edilmesini sa\u011flar.<\/p>\n<p>A\u00e7\u0131k ve \u015feffaf ileti\u015fim, yakla\u015f\u0131m\u0131m\u0131z\u0131n temelini olu\u015fturur. \u0130lk tasar\u0131m a\u015famas\u0131ndan \u00fcr\u00fcn teslimat\u0131na kadar, \u00f6zverili ekibimiz m\u00fc\u015fterilerimizle yan yana \u00e7al\u0131\u015farak kar\u015f\u0131la\u015ft\u0131klar\u0131 zorluklar\u0131 derinlemesine anlar. Bu i\u015f birli\u011fine dayal\u0131 yakla\u015f\u0131m, de\u011ferli i\u00e7g\u00f6r\u00fcler sunmam\u0131z\u0131, yenilik\u00e7i \u00e7\u00f6z\u00fcmler payla\u015fmam\u0131z\u0131 ve nihayetinde en iyi sonu\u00e7lar\u0131 elde etmemizi sa\u011flar. \u0130ster \u00e7\u0131\u011f\u0131r a\u00e7an projeler \u00fczerinde \u00e7al\u0131\u015f\u0131yor olun, ister rutin sipari\u015fleri yerine getiriyor olun, FMP her seferinde zaman\u0131nda, y\u00fcksek kaliteli ve hassas m\u00fchendislik \u00e7\u00f6z\u00fcmleri sunmaya kendini adam\u0131\u015ft\u0131r. Amac\u0131m\u0131z, her projede ola\u011fan\u00fcst\u00fc hizmet ve ola\u011fan\u00fcst\u00fc sonu\u00e7lar sunarak m\u00fc\u015fteri beklentilerini s\u00fcrekli olarak a\u015fmakt\u0131r.<\/p>\n<p>FMP'nin faaliyetlerinin merkezinde, kaliteye olan sars\u0131lmaz ba\u011fl\u0131l\u0131\u011f\u0131m\u0131z yer almaktad\u0131r. En y\u00fcksek \u00fcretim standartlar\u0131na ba\u011fl\u0131 kal\u0131yor ve her \u00fcr\u00fcn\u00fcn sekt\u00f6r standartlar\u0131n\u0131 a\u015fmas\u0131n\u0131 sa\u011flamak i\u00e7in titiz kalite kontrol s\u00fcre\u00e7leri uyguluyoruz. M\u00fckemmelli\u011fe olan bu ba\u011fl\u0131l\u0131\u011f\u0131m\u0131z, d\u00fcr\u00fcstl\u00fck, ekip \u00e7al\u0131\u015fmas\u0131 ve azim gibi temel de\u011ferlerimizin yan\u0131 s\u0131ra, d\u00fcnya \u00e7ap\u0131nda 30'dan fazla \u00fclkedeki m\u00fc\u015fterilerimizle g\u00fcvene dayal\u0131 kal\u0131c\u0131 ili\u015fkiler kurmam\u0131z\u0131 sa\u011flam\u0131\u015ft\u0131r.<\/p>\n<p>FMP, k\u00fcresel ortakl\u0131klar kurmaya, uzman tavsiyeleri sunmaya ve m\u00fc\u015fterilerimizin ihtiya\u00e7lar\u0131na g\u00f6re de\u011fi\u015fen \u00f6zelle\u015ftirilmi\u015f \u00e7\u00f6z\u00fcmler sunmaya her zaman odaklanm\u0131\u015ft\u0131r. Amac\u0131m\u0131z, her projenin ba\u015far\u0131s\u0131na katk\u0131da bulunan, uzun vadeli ve kar\u015f\u0131l\u0131kl\u0131 fayda sa\u011flayan ili\u015fkiler kurmakt\u0131r. \u0130ster yeni bir giri\u015fim i\u00e7in yenilik\u00e7i \u00e7\u00f6z\u00fcmler ar\u0131yor olun, ister yerle\u015fik bir sistem i\u00e7in s\u00fcrekli deste\u011fe ihtiya\u00e7 duyuyor olun, FMP teknik zorluklar\u0131n \u00fcstesinden gelmenize ve ba\u015far\u0131n\u0131z\u0131n devam etmesini sa\u011flaman\u0131za yard\u0131mc\u0131 olmaya haz\u0131rd\u0131r.<\/p>\n<p><img loading=\"lazy\" decoding=\"async\" class=\"alignnone wp-image-2695\" src=\"https:\/\/fmp-components.com\/wp-content\/uploads\/2025\/01\/agricultural-gearbox3.webp\" alt=\"tar\u0131msal \u015fanz\u0131man\" width=\"1140\" height=\"1138\" title=\"\" srcset=\"https:\/\/fmp-components.com\/wp-content\/uploads\/2025\/01\/agricultural-gearbox3.webp 1140w, https:\/\/fmp-components.com\/wp-content\/uploads\/2025\/01\/agricultural-gearbox3-480x479.webp 480w\" sizes=\"(min-width: 0px) and (max-width: 480px) 480px, (min-width: 481px) 1140px, 100vw\" \/><\/p>\n<p>Yazar: CX<\/p>","protected":false},"excerpt":{"rendered":"<p>500 Serisi \u015eaft D\u00f6n\u00fc\u015f Hizalamas\u0131 i\u00e7in Derecelendirme Tablosu \u00c7izimi 500 Serisi Tar\u0131m Makinalar\u0131 i\u00e7in 500 Serisi \u015eanz\u0131man \u00d6zellikleri ve Avantajlar\u0131: \u0130ki Par\u00e7al\u0131 Al\u00fcminyum G\u00f6vde: Y\u00fcksek mukavemetli al\u00fcminyumdan \u00fcretilen g\u00f6vde, ola\u011fan\u00fcst\u00fc dayan\u0131kl\u0131l\u0131k, korozyon direnci ve \u00fcst\u00fcn termal kapasite sunar. Bu, zorlu \u00e7al\u0131\u015fma ko\u015fullar\u0131nda bile optimum performans sa\u011flayarak onu tar\u0131msal ortamlar i\u00e7in son derece uygun hale getirir. [\u2026]<\/p>","protected":false},"featured_media":3252,"comment_status":"open","ping_status":"closed","template":"","meta":{"_et_pb_use_builder":"","_et_pb_old_content":"","_et_gb_content_width":""},"product_brand":[],"product_cat":[78],"product_tag":[],"class_list":{"0":"post-3242","1":"product","2":"type-product","3":"status-publish","4":"has-post-thumbnail","6":"product_cat-gearbox-for-agricultural-machinery","8":"first","9":"instock","10":"shipping-taxable","11":"product-type-simple"},"_links":{"self":[{"href":"https:\/\/fmp-components.com\/tr\/wp-json\/wp\/v2\/product\/3242","targetHints":{"allow":["GET"]}}],"collection":[{"href":"https:\/\/fmp-components.com\/tr\/wp-json\/wp\/v2\/product"}],"about":[{"href":"https:\/\/fmp-components.com\/tr\/wp-json\/wp\/v2\/types\/product"}],"replies":[{"embeddable":true,"href":"https:\/\/fmp-components.com\/tr\/wp-json\/wp\/v2\/comments?post=3242"}],"wp:featuredmedia":[{"embeddable":true,"href":"https:\/\/fmp-components.com\/tr\/wp-json\/wp\/v2\/media\/3252"}],"wp:attachment":[{"href":"https:\/\/fmp-components.com\/tr\/wp-json\/wp\/v2\/media?parent=3242"}],"wp:term":[{"taxonomy":"product_brand","embeddable":true,"href":"https:\/\/fmp-components.com\/tr\/wp-json\/wp\/v2\/product_brand?post=3242"},{"taxonomy":"product_cat","embeddable":true,"href":"https:\/\/fmp-components.com\/tr\/wp-json\/wp\/v2\/product_cat?post=3242"},{"taxonomy":"product_tag","embeddable":true,"href":"https:\/\/fmp-components.com\/tr\/wp-json\/wp\/v2\/product_tag?post=3242"}],"curies":[{"name":"wp","href":"https:\/\/api.w.org\/{rel}","templated":true}]}}