{"id":3241,"date":"2025-01-06T00:37:34","date_gmt":"2025-01-06T00:37:34","guid":{"rendered":"https:\/\/fmp-components.com\/?page_id=8"},"modified":"2025-01-06T06:53:06","modified_gmt":"2025-01-06T06:53:06","slug":"gearbox-for-agricultural-machinery-200-series","status":"publish","type":"product","link":"https:\/\/fmp-components.com\/tr\/product\/gearbox-for-agricultural-machinery-200-series\/","title":{"rendered":"Tar\u0131m Makinalar\u0131 i\u00e7in \u015eanz\u0131man 200 Serisi"},"content":{"rendered":"<h2>Derecelendirme Tablosu<\/h2>\n<p><img loading=\"lazy\" decoding=\"async\" class=\"alignnone wp-image-3245\" src=\"https:\/\/fmp-components.com\/wp-content\/uploads\/2025\/01\/R200-rating-charts.webp\" alt=\"R200 derecelendirme \u00e7izelgeleri\" width=\"917\" height=\"863\" title=\"\" srcset=\"https:\/\/fmp-components.com\/wp-content\/uploads\/2025\/01\/R200-rating-charts.webp 441w, https:\/\/fmp-components.com\/wp-content\/uploads\/2025\/01\/R200-rating-charts-300x282.webp 300w, https:\/\/fmp-components.com\/wp-content\/uploads\/2025\/01\/R200-rating-charts-13x12.webp 13w\" sizes=\"(max-width: 917px) 100vw, 917px\" \/><\/p>\n<h3>200 Serisi i\u00e7in \u00c7izim<\/h3>\n<p><img loading=\"lazy\" decoding=\"async\" class=\"wp-image-3246 alignnone\" src=\"https:\/\/fmp-components.com\/wp-content\/uploads\/2025\/01\/200drawing.webp\" alt=\"200 \u00e7izim\" width=\"876\" height=\"1134\" title=\"\" srcset=\"https:\/\/fmp-components.com\/wp-content\/uploads\/2025\/01\/200drawing.webp 876w, https:\/\/fmp-components.com\/wp-content\/uploads\/2025\/01\/200drawing-480x621.webp 480w\" sizes=\"(min-width: 0px) and (max-width: 480px) 480px, (min-width: 481px) 876px, 100vw\" \/><\/p>\n<h3>200 Serisi i\u00e7in \u015eaft D\u00f6n\u00fc\u015f Hizalamas\u0131<\/h3>\n<p><img loading=\"lazy\" decoding=\"async\" class=\"alignnone wp-image-3247\" src=\"https:\/\/fmp-components.com\/wp-content\/uploads\/2025\/01\/100shaft-1.webp\" alt=\"100 \u015faft\" width=\"842\" height=\"255\" title=\"\" srcset=\"https:\/\/fmp-components.com\/wp-content\/uploads\/2025\/01\/100shaft-1.webp 360w, https:\/\/fmp-components.com\/wp-content\/uploads\/2025\/01\/100shaft-1-300x91.webp 300w, https:\/\/fmp-components.com\/wp-content\/uploads\/2025\/01\/100shaft-1-18x5.webp 18w\" sizes=\"(max-width: 842px) 100vw, 842px\" \/><\/p>\n<h3>Tar\u0131m Makinalar\u0131 i\u00e7in 200 Serisi \u015eanz\u0131man<\/h3>\n<p>200 Serisi \u015eanz\u0131man, tar\u0131m makinelerinin zorlu ihtiya\u00e7lar\u0131n\u0131 kar\u015f\u0131lamak \u00fczere tasarlanm\u0131\u015f olup, g\u00fc\u00e7l\u00fc performans, geli\u015fmi\u015f dayan\u0131kl\u0131l\u0131k ve m\u00fckemmel verimlilik sunar. \u00c7e\u015fitli tar\u0131m uygulamalar\u0131 i\u00e7in \u00fcretilen bu \u015fanz\u0131man, hassas m\u00fchendisli\u011fi y\u00fcksek kaliteli malzemelerle birle\u015ftirerek zorlu ko\u015fullarda \u00fcst\u00fcn g\u00fcvenilirlik sa\u011flar.<\/p>\n<h4>\u00d6zellikler:<\/h4>\n<ul>\n<li><strong>\u0130ki Par\u00e7al\u0131 Al\u00fcminyum G\u00f6vde<\/strong>: Dayan\u0131kl\u0131, hafif al\u00fcminyumdan \u00fcretilen iki par\u00e7al\u0131 g\u00f6vde, <strong>ola\u011fan\u00fcst\u00fc g\u00fc\u00e7<\/strong>, <strong>korozyon direnci<\/strong>, Ve <strong>termal kapasite<\/strong>Bu \u00f6zelli\u011fi sayesinde zorlu ko\u015fullara maruz kalman\u0131n yayg\u0131n oldu\u011fu tar\u0131msal ortamlar i\u00e7in olduk\u00e7a uygundur.<\/li>\n<li><strong>Hassas \u0130\u015fleme<\/strong>: \u015eanz\u0131man <strong>hassas i\u015flenmi\u015f<\/strong> M\u00fckemmel bir di\u015fli uyumu ve yatak \u00f6n y\u00fck\u00fc sa\u011flayarak verimlili\u011fi optimize eder ve a\u015f\u0131nmay\u0131 azalt\u0131r. Bu titiz s\u00fcre\u00e7, uzun s\u00fcreler boyunca g\u00fcvenilir ve sessiz bir \u00e7al\u0131\u015fma sa\u011flar.<\/li>\n<li><strong>\u00c7oklu Oranlarda D\u00f6vme Di\u015fliler<\/strong>: 200 Serisi \u015fanz\u0131man a\u015fa\u011f\u0131dakilerle donat\u0131lm\u0131\u015ft\u0131r: <strong>hassas d\u00f6vme di\u015fliler<\/strong> \u00fc\u00e7 oranda mevcuttur: <strong>1:1<\/strong>, <strong>1.5:1<\/strong>, Ve <strong>2:1<\/strong>\u00c7e\u015fitli uygulamalarda esneklik sa\u011flayarak, farkl\u0131 tar\u0131msal g\u00f6revler i\u00e7in h\u0131z ve torkun do\u011fru dengesini sa\u011flar.<\/li>\n<li><strong>Konik Makaral\u0131 Rulmanlar<\/strong>: <strong>Konik makaral\u0131 rulmanlar<\/strong> art\u0131r\u0131lm\u0131\u015f bir performans sa\u011flamak i\u00e7in tasar\u0131ma entegre edilmi\u015ftir <strong>y\u00fck kapasitesi<\/strong> Ve <strong>daha uzun rulman \u00f6mr\u00fc<\/strong>A\u011f\u0131r y\u00fckler ve y\u00fcksek stresler alt\u0131nda bile istikrarl\u0131 \u00e7al\u0131\u015fma ve dayan\u0131kl\u0131l\u0131k sa\u011flar.<\/li>\n<li><strong>Y\u00fcksek Mukavemetli 1\u2033 \u015eaft<\/strong>: \u015eanz\u0131manda bir <strong>1 in\u00e7lik \u015faft<\/strong> yap\u0131lm\u0131\u015f <strong>y\u00fcksek mukavemetli \u00e7elik<\/strong>Zorlu tar\u0131m operasyonlar\u0131n\u0131 idare etmek i\u00e7in tasarlanm\u0131\u015f olup, zorlu ortamlarda performans g\u00f6stermek i\u00e7in gerekli g\u00fcc\u00fc ve g\u00fcvenilirli\u011fi sa\u011flar.<\/li>\n<li><strong>Ya\u011flama ve S\u0131z\u0131nt\u0131 Testi<\/strong>: \u00d6nceden doldurulmu\u015f <strong>80W90 di\u015fli ya\u011f\u0131<\/strong>, her vites kutusu tamamen <strong>s\u0131z\u0131nt\u0131 testi yap\u0131lm\u0131\u015f<\/strong> Sevkiyattan \u00f6nce d\u00fczg\u00fcn bir s\u0131zd\u0131rmazl\u0131k sa\u011flamak ve en ba\u015f\u0131ndan itibaren sorunsuz bir \u015fekilde \u00e7al\u0131\u015fmas\u0131n\u0131 garantilemek i\u00e7in.<\/li>\n<li><strong>A\u011f\u0131rl\u0131k<\/strong>: 200 Serisi yakla\u015f\u0131k olarak \u015fu a\u011f\u0131rl\u0131\u011fa sahiptir: <strong>12 ila 15 lbs.<\/strong>Tar\u0131m ekipmanlar\u0131na binen y\u00fck\u00fc en aza indirmek i\u00e7in dayan\u0131kl\u0131l\u0131k ve hafiflik aras\u0131nda bir denge sa\u011flayan ya\u011f da dahil olmak \u00fczere.<\/li>\n<\/ul>\n<p>200 Serisi \u015eanz\u0131man, tar\u0131m makineleri i\u00e7in m\u00fckemmel g\u00fc\u00e7 aktar\u0131m\u0131, uzun \u00f6m\u00fcrl\u00fc dayan\u0131kl\u0131l\u0131k ve minimum bak\u0131m gereksinimi sunan son derece \u00e7ok y\u00f6nl\u00fc bir \u00e7\u00f6z\u00fcmd\u00fcr. 200 Serisi, ister toprak i\u015fleme, ister hasat veya di\u011fer tar\u0131m uygulamalar\u0131 i\u00e7in olsun, her ko\u015fulda sorunsuz ve verimli bir \u00e7al\u0131\u015fma sa\u011flar.<\/p>\n<p>\u00d6zel ihtiya\u00e7lar\u0131n\u0131z varsa veya \u00f6zelle\u015ftirilmi\u015f bir \u00e7\u00f6z\u00fcme ihtiyac\u0131n\u0131z varsa, FMP uzman tavsiyeleri ve \u00f6zel \u00e7\u00f6z\u00fcmlerle size yard\u0131mc\u0131 olmaya haz\u0131r. \u0130htiya\u00e7lar\u0131n\u0131za uygun do\u011fru \u015fanz\u0131manla tar\u0131m makinelerinizin performans\u0131n\u0131 optimize etmenize yard\u0131mc\u0131 olal\u0131m.<\/p>\n<h2>FMP Hakk\u0131nda<\/h2>\n<p>Merkezi \u0130talya'da bulunan FMP, tar\u0131m makineleri sekt\u00f6r\u00fcne hizmet vermeye b\u00fcy\u00fck \u00f6nem veren, y\u00fcksek performansl\u0131 di\u015fli kutular\u0131n\u0131n tasar\u0131m\u0131, geli\u015ftirilmesi ve \u00fcretiminde se\u00e7kin bir liderdir. Hassas m\u00fchendislik, yenilik\u00e7i \u00e7\u00f6z\u00fcmler ve s\u00fcrekli g\u00fcvenilirlik konusundaki kararl\u0131l\u0131\u011f\u0131yla tan\u0131nan FMP, hem tar\u0131m hem de end\u00fcstriyel sekt\u00f6rlerde g\u00fcvenilir bir ortak olarak sayg\u0131n bir konuma ula\u015fm\u0131\u015ft\u0131r. Geni\u015f \u00fcr\u00fcn yelpazemiz, \u00e7im bi\u00e7me makineleri i\u00e7in \u00f6zel olarak tasarlanm\u0131\u015f di\u015fli kutular\u0131, PTO \u015faftlar\u0131 ve di\u011fer temel bile\u015fenleri i\u00e7erir ve hepsi \u00e7ok \u00e7e\u015fitli uygulamalar\u0131n benzersiz gereksinimlerini kar\u015f\u0131lamak \u00fczere \u00f6zenle tasarlanm\u0131\u015ft\u0131r.<\/p>\n<p>FMP olarak, her m\u00fc\u015fterinin farkl\u0131 ihtiya\u00e7 ve zorluklar\u0131 oldu\u011funun bilincindeyiz. Bu anlay\u0131\u015f, ister bireysel bile\u015fenler ister tamamen entegre sistemler i\u00e7in olsun, \u00f6zel \u00e7\u00f6z\u00fcmler sunma oda\u011f\u0131m\u0131z\u0131 g\u00fc\u00e7lendiriyor. M\u00fc\u015fterilerimizle yak\u0131n i\u015f birli\u011fi i\u00e7inde \u00e7al\u0131\u015farak, her \u00e7\u00f6z\u00fcm\u00fcn onlar\u0131n \u00f6zel ihtiya\u00e7lar\u0131yla m\u00fckemmel bir \u015fekilde uyumlu olmas\u0131n\u0131, performans\u0131 optimize etmesini ve de\u011feri en \u00fcst d\u00fczeye \u00e7\u0131karmas\u0131n\u0131 sa\u011fl\u0131yoruz. Zaman\u0131nda yan\u0131t verme, profesyonel rehberlik ve uzman uygulama konusundaki kararl\u0131l\u0131\u011f\u0131m\u0131z, her projenin hassasiyetle ele al\u0131nmas\u0131n\u0131 ve s\u00fcrekli olarak m\u00fcmk\u00fcn olan en iyi sonu\u00e7lara ula\u015f\u0131lmas\u0131n\u0131 garanti eder.<\/p>\n<p>\u00dcr\u00fcn geli\u015ftirme s\u00fcrecinin tamam\u0131nda a\u00e7\u0131k ve s\u00fcrekli ileti\u015fime b\u00fcy\u00fck \u00f6nem veriyoruz. \u00d6zverili ekibimiz, m\u00fc\u015fterilerimizle el ele \u00e7al\u0131\u015farak ihtiya\u00e7lar\u0131n\u0131 en iyi \u015fekilde anl\u0131yor ve optimum sonu\u00e7lar elde etmek i\u00e7in de\u011ferli i\u00e7g\u00f6r\u00fcler ve \u00f6neriler sunuyor. \u0130ster son teknoloji \u00fcr\u00fcnler tasarl\u0131yor ister rutin sipari\u015fleri kar\u015f\u0131l\u0131yor olun, FMP her seferinde zaman\u0131nda, y\u00fcksek kaliteli ve hassas m\u00fchendislik \u00e7\u00f6z\u00fcmleri sunma taahh\u00fcd\u00fcnden taviz vermiyor. Amac\u0131m\u0131z, \u00fcstlendi\u011fimiz her projede ola\u011fan\u00fcst\u00fc hizmet ve sonu\u00e7lar sunarak m\u00fc\u015fteri beklentilerini a\u015fmakt\u0131r.<\/p>\n<p>FMP'nin \u00f6z\u00fcnde, kaliteye olan sars\u0131lmaz ba\u011fl\u0131l\u0131\u011f\u0131m\u0131z yatar. En y\u00fcksek sekt\u00f6r standartlar\u0131na ba\u011fl\u0131 kal\u0131r ve her \u00fcr\u00fcn\u00fcn sekt\u00f6r standartlar\u0131n\u0131 kar\u015f\u0131lamakla kalmay\u0131p a\u015fmas\u0131n\u0131 sa\u011flamak i\u00e7in titiz kalite kontrol s\u00fcre\u00e7leri uygular\u0131z. M\u00fckemmelli\u011fe olan bu ba\u011fl\u0131l\u0131\u011f\u0131m\u0131z, d\u00fcr\u00fcstl\u00fck, ekip \u00e7al\u0131\u015fmas\u0131 ve azim gibi temel de\u011ferlerimizle birle\u015ferek, d\u00fcnya \u00e7ap\u0131nda yakla\u015f\u0131k 30 \u00fclkedeki m\u00fc\u015fterilerimizle uzun s\u00fcreli, g\u00fcvene dayal\u0131 ili\u015fkiler kurmam\u0131z\u0131 sa\u011flam\u0131\u015ft\u0131r.<\/p>\n<p>FMP, m\u00fc\u015fterilerimizin de\u011fi\u015fen ihtiya\u00e7lar\u0131na paralel olarak geli\u015fen uzman tavsiyeleri ve \u00f6zelle\u015ftirilmi\u015f \u00e7\u00f6z\u00fcmler sunarak k\u00fcresel ortakl\u0131klar kurma konusunda tutkuludur. Her projenin ba\u015far\u0131s\u0131n\u0131 sa\u011flayan, uzun vadeli ve kar\u015f\u0131l\u0131kl\u0131 fayda sa\u011flayan ili\u015fkiler kurmay\u0131 hedefliyoruz. \u0130ster yeni bir giri\u015fim i\u00e7in yenilik\u00e7i \u00e7\u00f6z\u00fcmlere, ister mevcut bir sistem i\u00e7in s\u00fcrekli deste\u011fe ihtiyac\u0131n\u0131z olsun, FMP teknik zorluklar\u0131n \u00fcstesinden gelmenize ve ba\u015far\u0131n\u0131z\u0131n devam etmesini sa\u011flaman\u0131za yard\u0131mc\u0131 olmaya kendini adam\u0131\u015ft\u0131r.<\/p>\n<p><img loading=\"lazy\" decoding=\"async\" class=\"alignnone wp-image-2695\" src=\"https:\/\/fmp-components.com\/wp-content\/uploads\/2025\/01\/agricultural-gearbox3.webp\" alt=\"tar\u0131msal \u015fanz\u0131man\" width=\"1140\" height=\"1138\" title=\"\" srcset=\"https:\/\/fmp-components.com\/wp-content\/uploads\/2025\/01\/agricultural-gearbox3.webp 1140w, https:\/\/fmp-components.com\/wp-content\/uploads\/2025\/01\/agricultural-gearbox3-480x479.webp 480w\" sizes=\"(min-width: 0px) and (max-width: 480px) 480px, (min-width: 481px) 1140px, 100vw\" \/><\/p>\n<p>Yazar: CX<\/p>","protected":false},"excerpt":{"rendered":"<p>Rating Chart Drawing for 200 Series Shaft Rotation Alignment For 200 Series 200 Series Gearbox for Agricultural Machinery The 200 Series Gearbox is engineered to meet the demanding needs of agricultural machinery, offering robust performance, enhanced durability, and excellent efficiency. Built for a range of agricultural applications, this gearbox combines precision engineering with high-quality materials [&hellip;]<\/p>","protected":false},"featured_media":3244,"comment_status":"open","ping_status":"closed","template":"","meta":{"_et_pb_use_builder":"","_et_pb_old_content":"","_et_gb_content_width":""},"product_brand":[],"product_cat":[78],"product_tag":[],"class_list":{"0":"post-3241","1":"product","2":"type-product","3":"status-publish","4":"has-post-thumbnail","6":"product_cat-gearbox-for-agricultural-machinery","8":"first","9":"instock","10":"shipping-taxable","11":"product-type-simple"},"_links":{"self":[{"href":"https:\/\/fmp-components.com\/tr\/wp-json\/wp\/v2\/product\/3241","targetHints":{"allow":["GET"]}}],"collection":[{"href":"https:\/\/fmp-components.com\/tr\/wp-json\/wp\/v2\/product"}],"about":[{"href":"https:\/\/fmp-components.com\/tr\/wp-json\/wp\/v2\/types\/product"}],"replies":[{"embeddable":true,"href":"https:\/\/fmp-components.com\/tr\/wp-json\/wp\/v2\/comments?post=3241"}],"wp:featuredmedia":[{"embeddable":true,"href":"https:\/\/fmp-components.com\/tr\/wp-json\/wp\/v2\/media\/3244"}],"wp:attachment":[{"href":"https:\/\/fmp-components.com\/tr\/wp-json\/wp\/v2\/media?parent=3241"}],"wp:term":[{"taxonomy":"product_brand","embeddable":true,"href":"https:\/\/fmp-components.com\/tr\/wp-json\/wp\/v2\/product_brand?post=3241"},{"taxonomy":"product_cat","embeddable":true,"href":"https:\/\/fmp-components.com\/tr\/wp-json\/wp\/v2\/product_cat?post=3241"},{"taxonomy":"product_tag","embeddable":true,"href":"https:\/\/fmp-components.com\/tr\/wp-json\/wp\/v2\/product_tag?post=3241"}],"curies":[{"name":"wp","href":"https:\/\/api.w.org\/{rel}","templated":true}]}}