{"id":3236,"date":"2025-01-05T08:24:05","date_gmt":"2025-01-05T08:24:05","guid":{"rendered":"https:\/\/fmp-components.com\/?page_id=8"},"modified":"2025-01-05T08:24:05","modified_gmt":"2025-01-05T08:24:05","slug":"gearbox-for-agricultural-machinery-100-series","status":"publish","type":"product","link":"https:\/\/fmp-components.com\/tr\/product\/gearbox-for-agricultural-machinery-100-series\/","title":{"rendered":"Tar\u0131m Makinalar\u0131 i\u00e7in \u015eanz\u0131man 100 Serisi"},"content":{"rendered":"<h3><span class=\"ws12\">DERECELEND\u0130RME TABLOSU<\/span><\/h3>\n<p><img loading=\"lazy\" decoding=\"async\" class=\"alignnone  wp-image-3237\" src=\"https:\/\/fmp-components.com\/wp-content\/uploads\/2025\/01\/100drawing.webp\" alt=\"100 \u00e7izim\" width=\"886\" height=\"1250\" title=\"\" srcset=\"https:\/\/fmp-components.com\/wp-content\/uploads\/2025\/01\/100drawing.webp 886w, https:\/\/fmp-components.com\/wp-content\/uploads\/2025\/01\/100drawing-480x677.webp 480w\" sizes=\"(min-width: 0px) and (max-width: 480px) 480px, (min-width: 481px) 886px, 100vw\" \/><\/p>\n<h3>100 SER\u0130S\u0130 \u0130\u00c7\u0130N \u00c7\u0130Z\u0130M<\/h3>\n<p><img loading=\"lazy\" decoding=\"async\" class=\"alignnone  wp-image-3239\" src=\"https:\/\/fmp-components.com\/wp-content\/uploads\/2025\/01\/R100-rating-charts.webp\" alt=\"R100 derecelendirme \u00e7izelgeleri\" width=\"843\" height=\"661\" title=\"\" srcset=\"https:\/\/fmp-components.com\/wp-content\/uploads\/2025\/01\/R100-rating-charts.webp 843w, https:\/\/fmp-components.com\/wp-content\/uploads\/2025\/01\/R100-rating-charts-480x376.webp 480w\" sizes=\"(min-width: 0px) and (max-width: 480px) 480px, (min-width: 481px) 843px, 100vw\" \/><\/p>\n<h3>100 SER\u0130S\u0130 \u0130\u00c7\u0130N \u015eAFT D\u00d6N\u00dc\u015e H\u0130ZALAMASI<\/h3>\n<p><img loading=\"lazy\" decoding=\"async\" class=\"alignnone  wp-image-3238\" src=\"https:\/\/fmp-components.com\/wp-content\/uploads\/2025\/01\/100shaft.webp\" alt=\"100 \u015faft\" width=\"830\" height=\"251\" title=\"\" srcset=\"https:\/\/fmp-components.com\/wp-content\/uploads\/2025\/01\/100shaft.webp 360w, https:\/\/fmp-components.com\/wp-content\/uploads\/2025\/01\/100shaft-300x91.webp 300w, https:\/\/fmp-components.com\/wp-content\/uploads\/2025\/01\/100shaft-18x5.webp 18w\" sizes=\"(max-width: 830px) 100vw, 830px\" \/><\/p>\n<h3>Tar\u0131m Makinalar\u0131 i\u00e7in 100 Serisi \u015eanz\u0131man<\/h3>\n<p>100 Serisi \u015eanz\u0131man, tar\u0131m makineleri i\u00e7in \u00f6zel olarak tasarlanm\u0131\u015f olup optimum performans, dayan\u0131kl\u0131l\u0131k ve verimlilik sunar. Sa\u011flam yap\u0131s\u0131 ve geli\u015fmi\u015f \u00f6zellikleriyle, zorlu tar\u0131m ko\u015fullar\u0131nda bile g\u00fcvenilirlik sa\u011flar. \u015eanz\u0131man, k\u00fcltivat\u00f6rler, bi\u00e7me makineleri ve g\u00fcvenilir g\u00fc\u00e7 aktar\u0131m\u0131 gerektiren di\u011fer makineler gibi \u00e7ok \u00e7e\u015fitli tar\u0131m ekipmanlar\u0131 i\u00e7in vazge\u00e7ilmez bir bile\u015fendir.<\/p>\n<p><strong>Temel \u00d6zellikler:<\/strong><\/p>\n<ul>\n<li><strong>\u0130ki Par\u00e7al\u0131 Al\u00fcminyum G\u00f6vde<\/strong><br \/>\n\u015eanz\u0131man, geli\u015fmi\u015f dayan\u0131kl\u0131l\u0131k ve korozyon direnci i\u00e7in tasarlanm\u0131\u015f iki par\u00e7al\u0131 al\u00fcminyum bir g\u00f6vdeye sahiptir. G\u00f6vde ayr\u0131ca m\u00fckemmel performans sunar. <strong>termal kapasite<\/strong>Bu sayede zorlu tar\u0131m ko\u015fullar\u0131nda s\u00fcrekli \u00e7al\u0131\u015fmaya uygundur.<\/li>\n<li><strong>Optimum Performans i\u00e7in Hassas \u0130\u015fleme<\/strong><br \/>\nHer \u00fcnite, m\u00fckemmel di\u015fli uyumu ve yatak \u00f6n y\u00fck\u00fcn\u00fc garantilemek i\u00e7in hassas bir \u015fekilde i\u015flenmi\u015ftir; bu da sorunsuz \u00e7al\u0131\u015fmay\u0131 ve minimum a\u015f\u0131nmay\u0131 garanti eder.<strong>R<\/strong> Zamanla. Bu y\u00fcksek i\u015f\u00e7ilik seviyesi, \u015fanz\u0131man\u0131n verimlili\u011fini ve \u00f6mr\u00fcn\u00fc art\u0131r\u0131r.<\/li>\n<li><strong>\u00c7oklu Oranl\u0131 D\u00f6vme Di\u015fliler<\/strong><br \/>\n\u015eanz\u0131man, 1:1, 1.1:1 ve 1.43:1 olmak \u00fczere \u00fc\u00e7 farkl\u0131 oranda sunulan hassas d\u00f6vme di\u015fliler kullan\u0131r. Bu se\u00e7enekler esneklik sa\u011flayarak kullan\u0131c\u0131lar\u0131n kendi \u00f6zel ekipman ve operasyonel gereksinimleri i\u00e7in ideal oran\u0131 se\u00e7melerine olanak tan\u0131r.<\/li>\n<li><strong>Geli\u015fmi\u015f Y\u00fck Kapasitesi i\u00e7in Konik Makaral\u0131 Rulmanlar<\/strong><br \/>\nKonik makaral\u0131 rulmanlarla donat\u0131lan 100 Serisi red\u00fckt\u00f6r, art\u0131r\u0131lm\u0131\u015f y\u00fck kapasitesi sunar ve rulman \u00f6mr\u00fcn\u00fc \u00f6nemli \u00f6l\u00e7\u00fcde uzat\u0131r. Bu \u00f6zellik, red\u00fckt\u00f6r\u00fc \u00f6zellikle y\u00fcksek gerilimli uygulamalar i\u00e7in uygun hale getirerek, a\u011f\u0131r hizmet tipi tar\u0131msal kullan\u0131m taleplerine dayanabilmesini sa\u011flar.<\/li>\n<li><strong>Y\u00fcksek Mukavemetli \u00c7elik \u015eaft<\/strong><br \/>\n\u015eanz\u0131man bir <strong>1\u2033 \u015faft<\/strong> Y\u00fcksek mukavemetli \u00e7elikten \u00fcretilen bu \u015fanz\u0131man, dayan\u0131kl\u0131l\u0131\u011f\u0131 art\u0131rmak ve \u00e7e\u015fitli \u00e7al\u0131\u015fma ko\u015fullar\u0131nda tutarl\u0131 performans sa\u011flamak i\u00e7in tasarlanm\u0131\u015f standart bir \u00f6zelliktir. Bu a\u011f\u0131r hizmet tipi \u015faft, \u015fanz\u0131man\u0131n zorlu ortamlarda bile sorunsuz \u00e7al\u0131\u015fmas\u0131n\u0131 sa\u011flar.<\/li>\n<li><strong>80W90 Di\u015fli Ya\u011f\u0131<\/strong><br \/>\n80W90 di\u015fli ya\u011f\u0131 ile \u00f6nceden doldurulmu\u015f 100 Serisi \u015fanz\u0131man, an\u0131nda kullan\u0131ma haz\u0131rd\u0131r. Ya\u011flay\u0131c\u0131, di\u015flilerin sorunsuz bir \u015fekilde kavramas\u0131n\u0131 ve verimli bir \u0131s\u0131 da\u011f\u0131l\u0131m\u0131n\u0131 sa\u011flar. Her \u015fanz\u0131man, m\u00fckemmel bir \u015fekilde s\u0131zd\u0131rmaz hale getirildi\u011finden ve montaja haz\u0131r oldu\u011fundan emin olmak i\u00e7in sevkiyattan \u00f6nce s\u0131zd\u0131rmazl\u0131k testinden ge\u00e7irilir.<\/li>\n<li><strong>Hafif ve Dayan\u0131kl\u0131 Tasar\u0131m<\/strong><br \/>\nYa\u011f dahil sadece 3-4,5 kg a\u011f\u0131rl\u0131\u011f\u0131nda olan 100 Serisi, kolay kurulum ve kullan\u0131m i\u00e7in hafif olacak \u015fekilde tasarlanm\u0131\u015ft\u0131r. D\u00fc\u015f\u00fck a\u011f\u0131rl\u0131\u011f\u0131na ra\u011fmen, \u015fanz\u0131man sa\u011flaml\u0131\u011f\u0131n\u0131 ve dayan\u0131kl\u0131l\u0131\u011f\u0131n\u0131 koruyarak \u00e7e\u015fitli tar\u0131m uygulamalar\u0131 i\u00e7in m\u00fckemmel bir se\u00e7imdir.<\/li>\n<\/ul>\n<p><strong>Uygulamalar:<\/strong><br \/>\n100 Serisi \u015eanz\u0131man \u00e7ok y\u00f6nl\u00fcd\u00fcr ve bi\u00e7me makineleri, k\u00fcltivat\u00f6rler ve g\u00fcbre serpme makineleri dahil olmak \u00fczere \u00e7e\u015fitli tar\u0131m makinelerinde kullan\u0131labilir. Hassas m\u00fchendisli\u011fi, tutarl\u0131 g\u00fc\u00e7 aktar\u0131m\u0131 ve g\u00fcvenilir performans gerektiren g\u00f6revler i\u00e7in idealdir ve farkl\u0131 tar\u0131m g\u00f6revlerinde sorunsuz \u00e7al\u0131\u015fma sa\u011flar.<\/p>\n<p>Tar\u0131m Makinalar\u0131 i\u00e7in 100 Serisi \u015eanz\u0131man, y\u00fcksek performans, dayan\u0131kl\u0131l\u0131k ve esneklik sunarak modern tar\u0131m ekipmanlar\u0131 i\u00e7in g\u00fcvenilir bir tercihtir. \u0130ster hassasiyet, ister y\u00fck ta\u015f\u0131ma g\u00fcc\u00fc, ister \u00f6zelle\u015ftirme se\u00e7enekleri ar\u0131yor olun, bu \u015fanz\u0131man tarlada kusursuz \u00e7al\u0131\u015fma i\u00e7in ihtiyac\u0131n\u0131z olan her \u015feyi sunar.<\/p>\n<h3>FMP Hakk\u0131nda<\/h3>\n<p>Merkezi \u0130talya'da bulunan FMP, \u00f6ncelikli olarak tar\u0131m makineleri sekt\u00f6r\u00fcne odaklanarak, y\u00fcksek performansl\u0131 di\u015fli kutular\u0131n\u0131n tasar\u0131m\u0131, geli\u015ftirilmesi ve \u00fcretiminde uzmanla\u015fm\u0131\u015f se\u00e7kin bir \u00fcreticidir. Hassas m\u00fchendisli\u011fi, yenilik\u00e7i \u00e7\u00f6z\u00fcmleri ve sars\u0131lmaz g\u00fcvenilirli\u011fiyle tan\u0131nan FMP, hem tar\u0131m hem de end\u00fcstriyel pazarlarda g\u00fcvenilir bir ortak olarak sa\u011flam bir \u00fcne kavu\u015fmu\u015ftur. Geni\u015f portf\u00f6y\u00fcm\u00fcz, \u00e7im bi\u00e7me makineleri, PTO \u015faftlar\u0131 ve di\u011fer hayati bile\u015fenler i\u00e7in \u00f6zel olarak tasarlanm\u0131\u015f di\u015fli kutular\u0131n\u0131 i\u00e7erir ve hepsi \u00e7e\u015fitli uygulamalar\u0131n \u00f6zel ihtiya\u00e7lar\u0131n\u0131 kar\u015f\u0131lamak \u00fczere tasarlanm\u0131\u015ft\u0131r.<\/p>\n<p>FMP olarak, her m\u00fc\u015fterinin farkl\u0131 zorluklarla kar\u015f\u0131la\u015ft\u0131\u011f\u0131n\u0131n bilincindeyiz. Bu anlay\u0131\u015f, ister bireysel bile\u015fenler ister tamamen entegre sistemler i\u00e7in olsun, ki\u015fiye \u00f6zel \u00e7\u00f6z\u00fcmler sunma yakla\u015f\u0131m\u0131m\u0131z\u0131 y\u00f6nlendiriyor. M\u00fc\u015fterilerimizle yak\u0131n i\u015f birli\u011fi i\u00e7inde \u00e7al\u0131\u015farak, her \u00e7\u00f6z\u00fcm\u00fcn gereksinimleriyle titizlikle uyumlu olmas\u0131n\u0131, performans\u0131 optimize ederken de\u011feri en \u00fcst d\u00fczeye \u00e7\u0131karmas\u0131n\u0131 sa\u011fl\u0131yoruz. H\u0131zl\u0131 yan\u0131t s\u00fcrelerine, profesyonel rehberli\u011fe ve hassas uygulamaya olan ba\u011fl\u0131l\u0131\u011f\u0131m\u0131z, her talebin uzmanca ele al\u0131nmas\u0131n\u0131 ve m\u00fcmk\u00fcn olan en iyi sonu\u00e7lar\u0131n sunulmas\u0131n\u0131 sa\u011flar.<\/p>\n<p>Net ve s\u00fcrekli ileti\u015fim, \u00fcr\u00fcn geli\u015ftirme d\u00f6ng\u00fcs\u00fcn\u00fcn tamam\u0131nda yakla\u015f\u0131m\u0131m\u0131z\u0131n temel bir par\u00e7as\u0131d\u0131r. \u00d6zverili ekibimiz, m\u00fc\u015fterilerimizle do\u011frudan \u00e7al\u0131\u015farak ihtiya\u00e7lar\u0131n\u0131 kapsaml\u0131 bir \u015fekilde anlar ve en uygun sonu\u00e7lar\u0131 elde etmek i\u00e7in de\u011ferli i\u00e7g\u00f6r\u00fcler ve \u00f6neriler sunar. \u0130ster son teknoloji \u00fcr\u00fcnler tasarl\u0131yor ister rutin sipari\u015fleri kar\u015f\u0131l\u0131yor olal\u0131m, FMP her seferinde zaman\u0131nda, y\u00fcksek kaliteli ve hassas m\u00fchendislik \u00e7\u00f6z\u00fcmleri sunmaya kendini adam\u0131\u015ft\u0131r. Amac\u0131m\u0131z, her projede ola\u011fan\u00fcst\u00fc hizmet ve ola\u011fan\u00fcst\u00fc sonu\u00e7lar sunarak m\u00fc\u015fteri beklentilerini a\u015fmakt\u0131r.<\/p>\n<p>Kalite, FMP'nin faaliyetlerinin temel ta\u015f\u0131d\u0131r. Her \u00fcr\u00fcn\u00fcn sekt\u00f6r standartlar\u0131n\u0131 kar\u015f\u0131lamas\u0131n\u0131 ve hatta a\u015fmas\u0131n\u0131 sa\u011flamak i\u00e7in en y\u00fcksek \u00fcretim standartlar\u0131n\u0131 koruyor ve s\u0131k\u0131 kalite kontrol \u00f6nlemleri uyguluyoruz. M\u00fckemmelli\u011fe olan bu ba\u011fl\u0131l\u0131\u011f\u0131m\u0131z, d\u00fcr\u00fcstl\u00fck, ekip \u00e7al\u0131\u015fmas\u0131 ve azim gibi temel de\u011ferlerimizle bir araya gelerek, d\u00fcnya genelinde yakla\u015f\u0131k 30 \u00fclkedeki m\u00fc\u015fterilerimizle uzun s\u00fcreli, g\u00fcvene dayal\u0131 ili\u015fkiler kurmam\u0131z\u0131 sa\u011flam\u0131\u015ft\u0131r.<\/p>\n<p>FMP, m\u00fc\u015fterilerimizin ihtiya\u00e7lar\u0131na g\u00f6re geli\u015fen uzman tavsiyeleri ve \u00f6zelle\u015ftirilmi\u015f \u00e7\u00f6z\u00fcmler sunarak k\u00fcresel ortakl\u0131klar kurmaya kendini adam\u0131\u015ft\u0131r. Her projenin s\u00fcrekli ba\u015far\u0131s\u0131na katk\u0131da bulunan, uzun vadeli ve kar\u015f\u0131l\u0131kl\u0131 fayda sa\u011flayan ili\u015fkiler kurmay\u0131 hedefliyoruz. \u0130ster yeni bir giri\u015fim i\u00e7in yenilik\u00e7i \u00e7\u00f6z\u00fcmler ar\u0131yor olun, ister mevcut bir sistem i\u00e7in s\u00fcrekli deste\u011fe ihtiya\u00e7 duyuyor olun, FMP teknik zorluklar\u0131n \u00fcstesinden gelmenize ve uzun vadeli ba\u015far\u0131n\u0131z\u0131 sa\u011flaman\u0131za yard\u0131mc\u0131 olmak i\u00e7in burada.<\/p>\n<p><img loading=\"lazy\" decoding=\"async\" class=\"alignnone wp-image-2695\" src=\"https:\/\/fmp-components.com\/wp-content\/uploads\/2025\/01\/agricultural-gearbox3.webp\" alt=\"tar\u0131msal \u015fanz\u0131man\" width=\"1140\" height=\"1138\" title=\"\" srcset=\"https:\/\/fmp-components.com\/wp-content\/uploads\/2025\/01\/agricultural-gearbox3.webp 1140w, https:\/\/fmp-components.com\/wp-content\/uploads\/2025\/01\/agricultural-gearbox3-480x479.webp 480w\" sizes=\"(min-width: 0px) and (max-width: 480px) 480px, (min-width: 481px) 1140px, 100vw\" \/><\/p>\n<p>Yazar: CX<\/p>","protected":false},"excerpt":{"rendered":"<p>RATING CHART DRAWING FOR 100 SERIES SHAFT ROTATION ALIGNMENT FOR 100\u00a0SERIES 100 Series Gearbox for Agricultural Machinery The 100 Series Gearbox is designed specifically for agricultural machinery, providing optimal performance, durability, and efficiency. Engineered with a robust construction and advanced features, it ensures reliability even in demanding agricultural environments. The gearbox is an essential component [&hellip;]<\/p>","protected":false},"featured_media":3240,"comment_status":"open","ping_status":"closed","template":"","meta":{"_et_pb_use_builder":"","_et_pb_old_content":"","_et_gb_content_width":""},"product_brand":[],"product_cat":[78],"product_tag":[],"class_list":{"0":"post-3236","1":"product","2":"type-product","3":"status-publish","4":"has-post-thumbnail","6":"product_cat-gearbox-for-agricultural-machinery","8":"first","9":"instock","10":"shipping-taxable","11":"product-type-simple"},"_links":{"self":[{"href":"https:\/\/fmp-components.com\/tr\/wp-json\/wp\/v2\/product\/3236","targetHints":{"allow":["GET"]}}],"collection":[{"href":"https:\/\/fmp-components.com\/tr\/wp-json\/wp\/v2\/product"}],"about":[{"href":"https:\/\/fmp-components.com\/tr\/wp-json\/wp\/v2\/types\/product"}],"replies":[{"embeddable":true,"href":"https:\/\/fmp-components.com\/tr\/wp-json\/wp\/v2\/comments?post=3236"}],"wp:featuredmedia":[{"embeddable":true,"href":"https:\/\/fmp-components.com\/tr\/wp-json\/wp\/v2\/media\/3240"}],"wp:attachment":[{"href":"https:\/\/fmp-components.com\/tr\/wp-json\/wp\/v2\/media?parent=3236"}],"wp:term":[{"taxonomy":"product_brand","embeddable":true,"href":"https:\/\/fmp-components.com\/tr\/wp-json\/wp\/v2\/product_brand?post=3236"},{"taxonomy":"product_cat","embeddable":true,"href":"https:\/\/fmp-components.com\/tr\/wp-json\/wp\/v2\/product_cat?post=3236"},{"taxonomy":"product_tag","embeddable":true,"href":"https:\/\/fmp-components.com\/tr\/wp-json\/wp\/v2\/product_tag?post=3236"}],"curies":[{"name":"wp","href":"https:\/\/api.w.org\/{rel}","templated":true}]}}