{"id":323,"date":"2024-12-09T06:38:13","date_gmt":"2024-12-09T06:38:13","guid":{"rendered":"https:\/\/fmp-components.com\/?page_id=8"},"modified":"2024-12-09T06:51:12","modified_gmt":"2024-12-09T06:51:12","slug":"forklift-short-lifting-hydraulic-cylinder","status":"publish","type":"product","link":"https:\/\/fmp-components.com\/tr\/product\/forklift-short-lifting-hydraulic-cylinder\/","title":{"rendered":"Forklift K\u0131sa Kald\u0131rma Hidrolik Silindiri"},"content":{"rendered":"<p style=\"text-align: center;\"><span style=\"font-size: 18pt;\">Forklift K\u0131sa Kald\u0131rma Hidrolik Silindiri<\/span><\/p>\n<p><img loading=\"lazy\" decoding=\"async\" class=\"size-full wp-image-331 aligncenter\" src=\"https:\/\/fmp-components.com\/wp-content\/uploads\/2024\/12\/Forklift-Short-Lifting-Hydraulic-Cylinder.webp\" alt=\"Forklift K\u0131sa Kald\u0131rma Hidrolik Silindiri\" width=\"500\" height=\"500\" title=\"\" srcset=\"https:\/\/fmp-components.com\/wp-content\/uploads\/2024\/12\/Forklift-Short-Lifting-Hydraulic-Cylinder.webp 500w, https:\/\/fmp-components.com\/wp-content\/uploads\/2024\/12\/Forklift-Short-Lifting-Hydraulic-Cylinder-480x480.webp 480w\" sizes=\"(min-width: 0px) and (max-width: 480px) 480px, (min-width: 481px) 500px, 100vw\" \/><\/p>\n<p>&nbsp;<\/p>\n<h2>Forklift K\u0131sa Kald\u0131rma Hidrolik Silindir Par\u00e7alar\u0131:<\/h2>\n<p><img loading=\"lazy\" decoding=\"async\" class=\"alignnone size-full wp-image-328\" src=\"https:\/\/fmp-components.com\/wp-content\/uploads\/2024\/12\/Forklift-Short-Lifting-Hydraulic-Cylinder-Parts.webp\" alt=\"Forklift-K\u0131sa-Kald\u0131rma-Hidrolik-Silindir-Par\u00e7alar\u0131\" width=\"1024\" height=\"593\" title=\"\" srcset=\"https:\/\/fmp-components.com\/wp-content\/uploads\/2024\/12\/Forklift-Short-Lifting-Hydraulic-Cylinder-Parts.webp 1024w, https:\/\/fmp-components.com\/wp-content\/uploads\/2024\/12\/Forklift-Short-Lifting-Hydraulic-Cylinder-Parts-980x568.webp 980w, https:\/\/fmp-components.com\/wp-content\/uploads\/2024\/12\/Forklift-Short-Lifting-Hydraulic-Cylinder-Parts-480x278.webp 480w\" sizes=\"(min-width: 0px) and (max-width: 480px) 480px, (min-width: 481px) and (max-width: 980px) 980px, (min-width: 981px) 1024px, 100vw\" \/><\/p>\n<table style=\"width: 100%; height: 253px;\" border=\"1\" width=\"100%\" cellspacing=\"0\" cellpadding=\"0\">\n<tbody>\n<tr style=\"height: 47px;\">\n<td style=\"height: 31px;\">\n<div class=\"magic-27\" data-spm-anchor-id=\"a2700.details.0.i24.71f03c42bHjEJ9\">1<\/div>\n<\/td>\n<td style=\"height: 31px;\">\n<div class=\"magic-28\">Silindir Muhafazas\u0131 tertibat\u0131<\/div>\n<\/td>\n<td style=\"height: 31px;\">\n<div class=\"magic-29\">11<\/div>\n<\/td>\n<td style=\"height: 31px;\">\n<div class=\"magic-30\">Zincir Di\u015flisi Koltu\u011fu<\/div>\n<\/td>\n<td style=\"height: 31px;\">\n<div class=\"magic-29\">21<\/div>\n<\/td>\n<td style=\"height: 31px;\">\n<div class=\"magic-31\">O-Ring<\/div>\n<\/td>\n<\/tr>\n<tr style=\"height: 47px;\">\n<td style=\"height: 32px;\">\n<div class=\"magic-27\">2<\/div>\n<\/td>\n<td style=\"height: 32px;\">\n<div class=\"magic-28\">Piston<\/div>\n<\/td>\n<td style=\"height: 32px;\">\n<div class=\"magic-29\">12<\/div>\n<\/td>\n<td style=\"height: 32px;\">\n<div class=\"magic-30\">Zincir Di\u015flisi Kapa\u011f\u0131<\/div>\n<\/td>\n<td style=\"height: 32px;\">\n<div class=\"magic-29\">22<\/div>\n<\/td>\n<td style=\"height: 32px;\">\n<div class=\"magic-31\">Ya\u011f memesi<\/div>\n<\/td>\n<\/tr>\n<tr style=\"height: 47px;\">\n<td style=\"height: 29px;\">\n<div class=\"magic-27\">3<\/div>\n<\/td>\n<td style=\"height: 29px;\">\n<div class=\"magic-28\">Petrol Borusu<\/div>\n<\/td>\n<td style=\"height: 29px;\">\n<div class=\"magic-29\">13<\/div>\n<\/td>\n<td style=\"height: 29px;\">\n<div class=\"magic-30\">Yayl\u0131 Rondelalar<\/div>\n<\/td>\n<td style=\"height: 29px;\">\n<div class=\"magic-29\">23<\/div>\n<\/td>\n<td style=\"height: 29px;\">\n<div class=\"magic-31\">O-Ring<\/div>\n<\/td>\n<\/tr>\n<tr style=\"height: 23px;\">\n<td style=\"height: 23px;\">\n<div class=\"magic-27\">4<\/div>\n<\/td>\n<td style=\"height: 23px;\">\n<div class=\"magic-28\">Kontrol Vanas\u0131<\/div>\n<\/td>\n<td style=\"height: 23px;\">\n<div class=\"magic-29\">14<\/div>\n<\/td>\n<td style=\"height: 23px;\">\n<div class=\"magic-30\">Alt\u0131gen C\u0131vata<\/div>\n<\/td>\n<td style=\"height: 23px;\">\n<div class=\"magic-29\">24<\/div>\n<\/td>\n<td style=\"height: 23px;\">\n<div class=\"magic-31\">\u00e7ama\u015f\u0131r makinesi<\/div>\n<\/td>\n<\/tr>\n<tr style=\"height: 23px;\">\n<td style=\"height: 23px;\">\n<div class=\"magic-27\">5<\/div>\n<\/td>\n<td style=\"height: 23px;\">\n<div class=\"magic-28\">Delik \u0130\u00e7in Segmanlar<\/div>\n<\/td>\n<td style=\"height: 23px;\">\n<div class=\"magic-29\">15<\/div>\n<\/td>\n<td style=\"height: 23px;\">\n<div class=\"magic-30\">Du Bush<\/div>\n<\/td>\n<td style=\"height: 23px;\">\n<div class=\"magic-29\">25<\/div>\n<\/td>\n<td style=\"height: 23px;\">\n<div class=\"magic-31\">Vidalar<\/div>\n<\/td>\n<\/tr>\n<tr style=\"height: 23px;\">\n<td style=\"height: 23px;\">\n<div class=\"magic-27\">6<\/div>\n<\/td>\n<td style=\"height: 23px;\">\n<div class=\"magic-28\">O-Ring<\/div>\n<\/td>\n<td style=\"height: 23px;\">\n<div class=\"magic-29\">16<\/div>\n<\/td>\n<td style=\"height: 23px;\">\n<div class=\"magic-30\">Arka Halka<\/div>\n<\/td>\n<td style=\"height: 23px;\">\n<div class=\"magic-29\">26<\/div>\n<\/td>\n<td style=\"height: 23px;\">\n<div class=\"magic-31\">Piston \u00c7ubu\u011fu<\/div>\n<\/td>\n<\/tr>\n<tr style=\"height: 23px;\">\n<td style=\"height: 23px;\">\n<div class=\"magic-27\">7<\/div>\n<\/td>\n<td style=\"height: 23px;\">\n<div class=\"magic-28\">A\u015f\u0131nma Halkas\u0131<\/div>\n<\/td>\n<td style=\"height: 23px;\">\n<div class=\"magic-29\">17<\/div>\n<\/td>\n<td style=\"height: 23px;\">\n<div class=\"magic-30\">\u00c7ubuk Contas\u0131<\/div>\n<\/td>\n<td style=\"height: 23px;\">\n<div class=\"magic-29\">27<\/div>\n<\/td>\n<td style=\"height: 23px;\">\n<div class=\"magic-31\">Fi\u015f<\/div>\n<\/td>\n<\/tr>\n<tr style=\"height: 23px;\">\n<td style=\"height: 23px;\">\n<div class=\"magic-27\">8<\/div>\n<\/td>\n<td style=\"height: 23px;\">\n<div class=\"magic-28\">Delik Contas\u0131<\/div>\n<\/td>\n<td style=\"height: 23px;\">\n<div class=\"magic-29\">18<\/div>\n<\/td>\n<td style=\"height: 23px;\">\n<div class=\"magic-30\">Toz Silece\u011fi<\/div>\n<\/td>\n<td style=\"height: 23px;\"><\/td>\n<td style=\"height: 23px;\"><\/td>\n<\/tr>\n<tr style=\"height: 23px;\">\n<td style=\"height: 23px;\">\n<div class=\"magic-27\">9<\/div>\n<\/td>\n<td style=\"height: 23px;\">\n<div class=\"magic-28\">Yuvarlak Tel<\/div>\n<\/td>\n<td style=\"height: 23px;\">\n<div class=\"magic-29\">19<\/div>\n<\/td>\n<td style=\"height: 23px;\">\n<div class=\"magic-30\">Arka Halka<\/div>\n<\/td>\n<td style=\"height: 23px;\"><\/td>\n<td style=\"height: 23px;\"><\/td>\n<\/tr>\n<tr style=\"height: 23px;\">\n<td style=\"height: 23px;\">\n<div class=\"magic-27\">10<\/div>\n<\/td>\n<td style=\"height: 23px;\">\n<div class=\"magic-28\">Rehber Bush<\/div>\n<\/td>\n<td style=\"height: 23px;\">\n<div class=\"magic-29\">20<\/div>\n<\/td>\n<td style=\"height: 23px;\">\n<div class=\"magic-30\">O-Ring<\/div>\n<\/td>\n<td style=\"height: 23px;\"><\/td>\n<td style=\"height: 23px;\"><\/td>\n<\/tr>\n<\/tbody>\n<\/table>\n<h2><strong>Forklift K\u0131sa Kald\u0131rma Hidrolik Silindir \u00d6l\u00e7\u00fcleri:<\/strong><\/h2>\n<table>\n<tbody>\n<tr>\n<td><img loading=\"lazy\" decoding=\"async\" class=\"alignnone size-full wp-image-324\" src=\"https:\/\/fmp-components.com\/wp-content\/uploads\/2024\/12\/Forklift-Short-Lifting-Hydraulic-Cylinder-Dimensions-1.webp\" alt=\"Forklift-K\u0131sa-Kald\u0131rma-Hidrolik-Silindir-Boyutlar\u0131\" width=\"681\" height=\"281\" title=\"\" srcset=\"https:\/\/fmp-components.com\/wp-content\/uploads\/2024\/12\/Forklift-Short-Lifting-Hydraulic-Cylinder-Dimensions-1.webp 681w, https:\/\/fmp-components.com\/wp-content\/uploads\/2024\/12\/Forklift-Short-Lifting-Hydraulic-Cylinder-Dimensions-1-480x198.webp 480w\" sizes=\"(min-width: 0px) and (max-width: 480px) 480px, (min-width: 481px) 681px, 100vw\" \/><\/td>\n<td><img loading=\"lazy\" decoding=\"async\" class=\"alignnone size-full wp-image-325\" src=\"https:\/\/fmp-components.com\/wp-content\/uploads\/2024\/12\/Forklift-Short-Lifting-Hydraulic-Cylinder-Dimensions-2.webp\" alt=\"Forklift-K\u0131sa-Kald\u0131rma-Hidrolik-Silindir-Boyutlar\u0131\" width=\"681\" height=\"281\" title=\"\" srcset=\"https:\/\/fmp-components.com\/wp-content\/uploads\/2024\/12\/Forklift-Short-Lifting-Hydraulic-Cylinder-Dimensions-2.webp 681w, https:\/\/fmp-components.com\/wp-content\/uploads\/2024\/12\/Forklift-Short-Lifting-Hydraulic-Cylinder-Dimensions-2-480x198.webp 480w\" sizes=\"(min-width: 0px) and (max-width: 480px) 480px, (min-width: 481px) 681px, 100vw\" \/><\/td>\n<\/tr>\n<\/tbody>\n<\/table>\n<table border=\"1\" cellspacing=\"0\" cellpadding=\"0\">\n<tbody>\n<tr>\n<td width=\"246\">Silindir Ad\u0131<\/td>\n<td width=\"336\">\u00c7izim numaras\u0131<\/td>\n<td width=\"126\">Delik \u00e7ap\u0131 (D)<\/td>\n<td width=\"123\">\u00c7ubuk \u00e7ap\u0131 (d)<\/td>\n<td width=\"114\">\u0130nme (S)<\/td>\n<td width=\"170\">Kurulum mesafesi (L)<\/td>\n<td width=\"172\">\u00c7al\u0131\u015fma bas\u0131nc\u0131<\/td>\n<td width=\"366\">Aray\u00fcz boyutlar\u0131 (M)<\/td>\n<td width=\"96\">A\u011f\u0131rl\u0131k<\/td>\n<\/tr>\n<tr>\n<td class=\"et3\" width=\"246\" height=\"225\">K\u0131sa kald\u0131rma silindiri<\/td>\n<td class=\"et4\" width=\"336\">RC25N480-800000-000A<\/td>\n<td class=\"et4\" width=\"126\">\u03a675<\/td>\n<td class=\"et4\" width=\"123\">\u03a660<\/td>\n<td class=\"et4\" width=\"114\">800<\/td>\n<td class=\"et4\" width=\"170\">1065<\/td>\n<td class=\"et4\" width=\"172\">18,1 MPa<\/td>\n<td class=\"et4\" width=\"366\">M22*1,5<\/td>\n<td class=\"et4\" width=\"96\">36 kilo<\/td>\n<\/tr>\n<tr>\n<td class=\"et3\" width=\"246\" height=\"225\">K\u0131sa kald\u0131rma silindiri<\/td>\n<td class=\"et4\">X35N480-800000-001A<\/td>\n<td class=\"et4\">\u03a695<\/td>\n<td class=\"et4\">\u03a680<\/td>\n<td class=\"et4\">800<\/td>\n<td class=\"et4\">1065<\/td>\n<td class=\"et4\">18,1 MPa<\/td>\n<td class=\"et4\">M22*1,5<\/td>\n<td class=\"et4\">48,7 kg<\/td>\n<\/tr>\n<\/tbody>\n<\/table>\n<table>\n<tbody>\n<tr>\n<td><img loading=\"lazy\" decoding=\"async\" class=\"alignnone size-full wp-image-326\" src=\"https:\/\/fmp-components.com\/wp-content\/uploads\/2024\/12\/Forklift-Short-Lifting-Hydraulic-Cylinder-Dimensions-3.webp\" alt=\"Forklift-K\u0131sa-Kald\u0131rma-Hidrolik-Silindir-Boyutlar\u0131\" width=\"600\" height=\"295\" title=\"\" srcset=\"https:\/\/fmp-components.com\/wp-content\/uploads\/2024\/12\/Forklift-Short-Lifting-Hydraulic-Cylinder-Dimensions-3.webp 600w, https:\/\/fmp-components.com\/wp-content\/uploads\/2024\/12\/Forklift-Short-Lifting-Hydraulic-Cylinder-Dimensions-3-480x236.webp 480w\" sizes=\"(min-width: 0px) and (max-width: 480px) 480px, (min-width: 481px) 600px, 100vw\" \/><\/td>\n<td><img loading=\"lazy\" decoding=\"async\" class=\"alignnone size-full wp-image-327\" src=\"https:\/\/fmp-components.com\/wp-content\/uploads\/2024\/12\/Forklift-Short-Lifting-Hydraulic-Cylinder-Dimensions-4.webp\" alt=\"Forklift-K\u0131sa-Kald\u0131rma-Hidrolik-Silindir-Boyutlar\u0131\" width=\"600\" height=\"295\" title=\"\" srcset=\"https:\/\/fmp-components.com\/wp-content\/uploads\/2024\/12\/Forklift-Short-Lifting-Hydraulic-Cylinder-Dimensions-4.webp 600w, https:\/\/fmp-components.com\/wp-content\/uploads\/2024\/12\/Forklift-Short-Lifting-Hydraulic-Cylinder-Dimensions-4-480x236.webp 480w\" sizes=\"(min-width: 0px) and (max-width: 480px) 480px, (min-width: 481px) 600px, 100vw\" \/><\/td>\n<\/tr>\n<\/tbody>\n<\/table>\n<table border=\"1\" cellspacing=\"0\" cellpadding=\"0\">\n<tbody>\n<tr>\n<td width=\"246\">Silindir Ad\u0131<\/td>\n<td width=\"336\">\u00c7izim numaras\u0131<\/td>\n<td width=\"126\">Delik \u00e7ap\u0131 (D)<\/td>\n<td width=\"123\">\u00c7ubuk \u00e7ap\u0131 (d)<\/td>\n<td width=\"114\">\u0130nme (S)<\/td>\n<td width=\"170\">Kurulum mesafesi (L)<\/td>\n<td width=\"172\">\u00c7al\u0131\u015fma bas\u0131nc\u0131<\/td>\n<td width=\"366\">Aray\u00fcz boyutlar\u0131 (M)<\/td>\n<td width=\"96\">A\u011f\u0131rl\u0131k<\/td>\n<\/tr>\n<tr>\n<td class=\"et3\" width=\"246\" height=\"170\">K\u0131sa kald\u0131rma silindiri<\/td>\n<td class=\"et4\" width=\"336\">N30N450-800000-002A<\/td>\n<td class=\"et4\" width=\"126\">\u03a685<\/td>\n<td class=\"et4\" width=\"123\">\u03a670<\/td>\n<td class=\"et4\" width=\"114\">777<\/td>\n<td class=\"et4\" width=\"170\">1015<\/td>\n<td class=\"et4\" width=\"172\">18,1 MPa<\/td>\n<td class=\"et4\" width=\"366\">M22*1,5<\/td>\n<td class=\"et4\" width=\"96\">45,5 kg<\/td>\n<\/tr>\n<tr>\n<td class=\"et3\" width=\"246\" height=\"170\">K\u0131sa kald\u0131rma silindiri<\/td>\n<td class=\"et4\">3U3H-800000-001A<\/td>\n<td class=\"et4\">\u03a685<\/td>\n<td class=\"et4\">\u03a670<\/td>\n<td class=\"et4\">777<\/td>\n<td class=\"et4\">1015<\/td>\n<td class=\"et4\">18,1 MPa<\/td>\n<td class=\"et4\">M22*1,5<\/td>\n<td class=\"et4\">45,5 kg<\/td>\n<\/tr>\n<tr>\n<td class=\"et3\" width=\"246\" height=\"170\">K\u0131sa kald\u0131rma silindiri<\/td>\n<td class=\"et4\">N35N450-800000-003A<\/td>\n<td class=\"et4\">\u03a695<\/td>\n<td class=\"et4\">\u03a680<\/td>\n<td class=\"et4\">775<\/td>\n<td class=\"et4\">1013<\/td>\n<td class=\"et4\">18,1 MPa<\/td>\n<td class=\"et4\">M22*1,5<\/td>\n<td class=\"et4\">54 kilo<\/td>\n<\/tr>\n<\/tbody>\n<\/table>\n<h2>Mevcut Hidrolik Silindir Marka ve Modelleri:<\/h2>\n<table border=\"1\" cellspacing=\"0\" cellpadding=\"0\">\n<tbody>\n<tr>\n<td><b data-spm-anchor-id=\"a2700.details.0.i43.45d84a73e99C9z\">KOMATSU (PC)<\/b><\/td>\n<td>PC30, PC40, PC50, PC56, PC60, PC78, PC100, PC110, PC120, PC130, PC160, PC200-3\/5\/6\/7\/8\/8MO, PC210, PC220-5\/6\/7\/8\/8MO, PC240, PC300\/350\/360-5\/6\/7\/8\/8MO, PC400\/450-5\/6\/7\/8\/8MO, PC800, PC850<\/td>\n<\/tr>\n<tr>\n<td><b>TIRTIL (E)<\/b><\/td>\n<td>E301.5, E302, E305.5, E306, E307V1\/V2\/B\/C\/D\/E\/F, E308B\/C, E120B, E312V1\/V2\/B\/C\/D, E313D2, E312D2, E315D,<br \/>\nE200B,E320V1\/V2\/A\/B\/C\/D,E324D,E325C\/D,E329D,E330\/336C\/D,E345C,E349D,E365C,E374,E390<\/td>\n<\/tr>\n<tr>\n<td><b>KOBELCO (SK)<\/b><\/td>\n<td>SK60-3\/5\/8,SK75-8\/SR, SK100 ,SK120-3\/5, SK135-8\/SR, SK140-8, SK200-3\/5\/6\/6E, SK210-3\/5\/6\/6E,<br \/>\nSK230\/250-6E,SK250-8,SK260-8,SK350-8\/S8,SK460\/480-8<\/td>\n<\/tr>\n<tr>\n<td><b>HYUNDAI (R)<\/b><\/td>\n<td>R55-5\/7, R60-5\/7, R80, R110, R130, R200-5, R210-5, R215-5\/7, R220-5\/7\/9, R225-5\/7\/9, R250, R260, R265, R290, R305, R445, R485, R505<\/td>\n<\/tr>\n<tr>\n<td><b data-spm-anchor-id=\"a2700.details.0.i53.45d84a73e99C9z\">HITACHI (EX.ZX)<\/b><\/td>\n<td>EX60, EX100-1\/2\/3, EX120-1\/3\/5\/6, EX200-1\/3\/5, EX230-5, EX300-1, EX400<br \/>\nZAX60,ZAX70,ZA120-6,ZAX200\/210-1\/3\/5\/5K,ZAX240,ZAX250,ZAX260,ZAX330-3\/5\/6,ZAX450\/470,ZAX650\/670,ZAX850\/870<\/td>\n<\/tr>\n<tr>\n<td>\n<div class=\"magic-32\"><b data-spm-anchor-id=\"a2700.details.0.i55.45d84a73e99C9z\">DOOSAN (DH\/DX)<\/b><\/div>\n<\/td>\n<td>\n<div class=\"magic-33\"><span class=\"magic-34\">DH55, DH60, DH80,DH150, DH215-5\/7,DH220-5,DH225-5\/7,DH258,DH300-5\/7, DH370,DH420,DH500<br \/>\nDX55, DX60, DX75, DX130, DX225-9, DX300, DX380, DX420, DX500<\/span><\/div>\n<\/td>\n<\/tr>\n<tr>\n<td>\n<div class=\"magic-32\"><b>VOLVO (EC)<\/b><\/div>\n<\/td>\n<td>\n<div class=\"magic-33\"><span class=\"magic-34\">EC55, EC60, EC75, EC80, EC140, EC210B\/D, EC220D, EC240, EC250, EC290, EC300, EC360 EC380, EC460, EC480, EC700, EC750, EC950<\/span><\/div>\n<\/td>\n<\/tr>\n<tr>\n<td>\n<div class=\"magic-32\"><b>KATO (HD)<\/b><\/div>\n<\/td>\n<td>\n<div class=\"magic-33\"><span class=\"magic-34\">HD307\/308, HD450, HD512, HD700-5\/7, HD820-1\/2\/3\/5\/R, HD1023-1\/3, HD1430-1\/3<\/span><\/div>\n<\/td>\n<\/tr>\n<tr>\n<td>\n<div class=\"magic-32\"><b>D\u0130\u011eER MARKA<\/b><\/div>\n<\/td>\n<td>\n<div class=\"magic-33\"><span class=\"magic-34\">XCMG,LIUGONG,KUBOTA,CASE,YANMAR,SUNWARD,ZOOMLION,LISHIDE,LIEHERR<\/span><\/div>\n<\/td>\n<\/tr>\n<\/tbody>\n<\/table>\n<h3>Forklift K\u0131sa Kald\u0131rma Hidrolik Silindirinin \u00d6zellikleri<\/h3>\n<p><strong>Alan Verimlili\u011fi i\u00e7in Kompakt Tasar\u0131m<\/strong><br \/>\nForklift k\u0131sa kald\u0131rma hidrolik silindiri, kompakt yap\u0131s\u0131yla s\u0131n\u0131rl\u0131 alan gerektiren uygulamalar i\u00e7in idealdir. Daha k\u0131sa stro\u011fu ve daha k\u00fc\u00e7\u00fck boyutu, dar koridorlar veya depolar ile depolama tesislerindeki s\u0131k\u0131\u015f\u0131k \u00e7al\u0131\u015fma alanlar\u0131 gibi dar alanlara s\u0131\u011fmas\u0131n\u0131 sa\u011flar. Bu yerden tasarruf sa\u011flayan \u00f6zellik, forkliftlerin geleneksel kald\u0131rma silindirlerinin \u00e7ok b\u00fcy\u00fck veya hantal olabilece\u011fi ortamlarda verimli bir \u015fekilde \u00e7al\u0131\u015fmas\u0131n\u0131 sa\u011flar.<\/p>\n<p><strong>Daha K\u00fc\u00e7\u00fck Boyuta Ra\u011fmen Y\u00fcksek Kald\u0131rma Kapasitesi<\/strong><br \/>\nKompakt tasar\u0131m\u0131na ra\u011fmen, forklift k\u0131sa kald\u0131rma hidrolik silindiri y\u00fcksek kald\u0131rma kapasitesi sa\u011flayacak \u015fekilde tasarlanm\u0131\u015ft\u0131r. Orta b\u00fcy\u00fckl\u00fckteki y\u00fckleri hassas bir \u015fekilde kald\u0131r\u0131p indirmek i\u00e7in gereken g\u00fcc\u00fc sa\u011flayarak, \u00e7e\u015fitli malzeme ve mallar\u0131n ta\u015f\u0131nmas\u0131 i\u00e7in uygundur. Bu g\u00fc\u00e7 ve kompaktl\u0131k dengesi, daha k\u00fc\u00e7\u00fck veya daha k\u0131s\u0131tl\u0131 ortamlarda performanstan \u00f6d\u00fcn vermeden etkili y\u00fck ta\u015f\u0131ma olana\u011f\u0131 sa\u011flar.<\/p>\n<p><strong>P\u00fcr\u00fczs\u00fcz ve Kontroll\u00fc \u00c7al\u0131\u015fma<\/strong><br \/>\nForklift k\u0131sa kald\u0131rma hidrolik silindiri, sorunsuz ve kontroll\u00fc kald\u0131rma ve indirme hareketleri sa\u011flayarak g\u00fcvenli ve verimli \u00e7al\u0131\u015fmaya katk\u0131da bulunur. Y\u00fckleri ta\u015f\u0131rken kademeli ve hassas ayarlamalar yap\u0131lmas\u0131n\u0131 sa\u011flayarak, y\u00fck\u00fcn dengesini bozabilecek ani hareketler veya ani kaymalar riskini en aza indirir. Bu \u00f6zellik, hassas ta\u015f\u0131ma veya dikkatli y\u00fck konumland\u0131rma gerektiren ortamlarda \u00f6zellikle \u00f6nemlidir.<\/p>\n<p><strong>Dayan\u0131kl\u0131l\u0131k ve G\u00fcvenilirlik<\/strong><br \/>\nDayan\u0131kl\u0131 malzemelerden \u00fcretilen ve d\u00fczenli, a\u011f\u0131r hizmet tipi kullan\u0131m\u0131n gerekliliklerine dayanacak \u015fekilde tasarlanan forklift k\u0131sa kald\u0131rma hidrolik silindiri, uzun \u00f6m\u00fcrl\u00fc performans sunar. Sabit bas\u0131n\u00e7 ve y\u00fcksek frekansl\u0131 kald\u0131rma \u00e7evrimleri gibi zorlu ko\u015fullara dayanabilir ve bu da onu g\u00fcnl\u00fck operasyonlar i\u00e7in g\u00fcvenilir bir bile\u015fen haline getirir. Sa\u011flam yap\u0131s\u0131, minimum bak\u0131mla uzun y\u0131llar verimli bir \u015fekilde \u00e7al\u0131\u015fmaya devam etmesini sa\u011flar.<\/p>\n<p><strong>Dar Alanlarda Geli\u015fmi\u015f Manevra Kabiliyeti<\/strong><br \/>\nForklift k\u0131sa kald\u0131rma hidrolik silindirinin kompakt tasar\u0131m\u0131 ve y\u00fcksek verimlili\u011fi, forkliftlerin dar veya s\u0131k\u0131\u015f\u0131k alanlardaki manevra kabiliyetini art\u0131r\u0131r. Bu silindir sayesinde forkliftler, dar koridorlarda, daha k\u00fc\u00e7\u00fck depolama alanlar\u0131nda veya tavan y\u00fcksekli\u011fi s\u0131n\u0131rl\u0131 alanlarda kald\u0131rma i\u015flemleri ger\u00e7ekle\u015ftirebilir ve bu da onu kompakt depolar, perakende stok alanlar\u0131 veya k\u00fc\u00e7\u00fck \u00fcretim tesisleri gibi ortamlar i\u00e7in ideal bir se\u00e7im haline getirir.<\/p>\n<h3>FMP Hakk\u0131nda<\/h3>\n<p>FMP, ara\u015ft\u0131rma ve \u00fcretime g\u00fc\u00e7l\u00fc bir \u015fekilde odaklanan, hidrolik silindirler konusunda uzmanla\u015fm\u0131\u015f bir \u00fcreticidir. \u015eirket, kurulu\u015fundan bu yana s\u00fcrekli olarak hidrolik silindirlerin geli\u015ftirilmesine odaklanm\u0131\u015f ve hasat ve in\u015faat makineleri gibi \u00e7e\u015fitli \u00fcr\u00fcnlerin \u00fcretiminden, tar\u0131m trakt\u00f6r\u00fc bile\u015fenlerinde uzmanla\u015fmaya do\u011fru evrilmi\u015ftir. On y\u0131l\u0131 a\u015fk\u0131n \u00fcretim uzmanl\u0131\u011f\u0131, y\u00f6netim deneyimi ve geli\u015fmi\u015f \u00fcretim teknolojisiyle FMP, \u00fcr\u00fcnlerinde en y\u00fcksek kaliteyi garanti eder.<\/p>\n<p>\u015eirket profesyonel olarak b\u00fcy\u00fcd\u00fck\u00e7e, kapsaml\u0131 bir tala\u015fl\u0131 imalat \u00fcretim hatt\u0131, montaj hatt\u0131 ve kaplama hatt\u0131 kurmu\u015ftur. FMP, deneyimli y\u00f6netim kadrosu, yetenekli makine tasar\u0131mc\u0131lar\u0131 ve y\u00fcksek e\u011fitimli teknik \u00e7al\u0131\u015fanlardan olu\u015fan \u00f6zverili bir ekip taraf\u0131ndan desteklenmektedir. Bu sayede, istikrarl\u0131 \u00fcr\u00fcn kalitesi sa\u011flan\u0131rken, s\u00fcre\u00e7 s\u00fcreklili\u011fi ve genel \u00fcretim etkinli\u011fi etkin bir \u015fekilde kontrol edilmektedir.<\/p>\n<p>FMP, \"Teknolojik yeniliklerin ilerlemeyi y\u00f6nlendirmesi, kaliteli markalar yarat\u0131lmas\u0131, i\u015f\u00e7ili\u011fin kaliteyi garanti alt\u0131na almas\u0131 ve uzun vadeli kazan-kazan ili\u015fkileri kurulmas\u0131\" temel de\u011ferlerine ba\u011fl\u0131 kalmaktad\u0131r. \u015eirket, \u00fcst\u00fcn m\u00fc\u015fteri hizmeti sunarken y\u00fcksek kaliteli \u00fcr\u00fcnler sunmaya ve pazar\u0131n geli\u015fen ihtiya\u00e7lar\u0131n\u0131 kar\u015f\u0131lamak i\u00e7in s\u00fcrekli \u00e7aba g\u00f6stermeye kararl\u0131d\u0131r.<\/p>\n<p><img loading=\"lazy\" decoding=\"async\" class=\"alignnone wp-image-303\" src=\"https:\/\/fmp-components.com\/wp-content\/uploads\/2024\/12\/hydraulic-cylinder-factory-11_1.webp\" alt=\"hidrolik silindir fabrikas\u0131\" width=\"917\" height=\"1003\" title=\"\" srcset=\"https:\/\/fmp-components.com\/wp-content\/uploads\/2024\/12\/hydraulic-cylinder-factory-11_1.webp 917w, https:\/\/fmp-components.com\/wp-content\/uploads\/2024\/12\/hydraulic-cylinder-factory-11_1-480x525.webp 480w\" sizes=\"(min-width: 0px) and (max-width: 480px) 480px, (min-width: 481px) 917px, 100vw\" \/><\/p>\n<table style=\"width: 100%;\" border=\"1\" width=\"100%\" cellspacing=\"0\" cellpadding=\"0\">\n<tbody>\n<tr>\n<td style=\"width: 41.9294%;\" width=\"226\"><img loading=\"lazy\" decoding=\"async\" class=\"alignnone size-full wp-image-309\" src=\"https:\/\/fmp-components.com\/wp-content\/uploads\/2024\/12\/Forklift-Tilt-Hydraulic-Cylinder.webp\" alt=\"Forklift E\u011fimli Hidrolik Silindir\" width=\"1000\" height=\"750\" title=\"\" srcset=\"https:\/\/fmp-components.com\/wp-content\/uploads\/2024\/12\/Forklift-Tilt-Hydraulic-Cylinder.webp 1000w, https:\/\/fmp-components.com\/wp-content\/uploads\/2024\/12\/Forklift-Tilt-Hydraulic-Cylinder-980x735.webp 980w, https:\/\/fmp-components.com\/wp-content\/uploads\/2024\/12\/Forklift-Tilt-Hydraulic-Cylinder-480x360.webp 480w\" sizes=\"(min-width: 0px) and (max-width: 480px) 480px, (min-width: 481px) and (max-width: 980px) 980px, (min-width: 981px) 1000px, 100vw\" \/><\/td>\n<td style=\"width: 55.6484%;\" width=\"64\"><img loading=\"lazy\" decoding=\"async\" class=\"alignnone wp-image-283\" src=\"https:\/\/fmp-components.com\/wp-content\/uploads\/2024\/12\/hydraulic-cylinder-factory-5.webp\" alt=\"hidrolik silindir fabrikas\u0131\" width=\"542\" height=\"312\" title=\"\"><\/td>\n<\/tr>\n<\/tbody>\n<\/table>\n<p>Yazar\uff1a CX<\/p>","protected":false},"excerpt":{"rendered":"<p>Forklift k\u0131sa kald\u0131rma hidrolik silindiri, dar alanlarda kompakt ve verimli kald\u0131rma i\u015flemleri i\u00e7in \u00f6zel olarak tasarlanm\u0131\u015ft\u0131r. Daha k\u0131sa strok ve kompakt tasar\u0131m\u0131yla bu tip hidrolik silindir, geleneksel uzun kald\u0131rma silindirlerinin s\u0131\u011fmayaca\u011f\u0131 veya etkili olmayaca\u011f\u0131 dar alanlarda \u00e7al\u0131\u015fmas\u0131 gereken forkliftler i\u00e7in idealdir. Daha k\u00fc\u00e7\u00fck boyutuna ra\u011fmen, k\u0131sa kald\u0131rma hidrolik silindiri orta a\u011f\u0131rl\u0131ktaki y\u00fckleri hassas ve dengeli bir \u015fekilde ta\u015f\u0131mak i\u00e7in gereken kald\u0131rma g\u00fcc\u00fcn\u00fc sa\u011flar. Sorunsuz ve kontroll\u00fc kald\u0131rma sa\u011flayarak, dar koridorlu depolarda veya yerden tasarruf ve y\u00fcksek manevra kabiliyetinin temel \u00f6ncelik oldu\u011fu daha k\u00fc\u00e7\u00fck y\u00fckleri ta\u015f\u0131rken kullan\u0131m i\u00e7in m\u00fckemmeldir.<\/p>","protected":false},"featured_media":331,"comment_status":"open","ping_status":"closed","template":"","meta":{"_et_pb_use_builder":"","_et_pb_old_content":"","_et_gb_content_width":""},"product_brand":[],"product_cat":[20],"product_tag":[],"class_list":{"0":"post-323","1":"product","2":"type-product","3":"status-publish","4":"has-post-thumbnail","6":"product_cat-forklift-hydraulic-cylinders","8":"first","9":"instock","10":"shipping-taxable","11":"product-type-simple"},"_links":{"self":[{"href":"https:\/\/fmp-components.com\/tr\/wp-json\/wp\/v2\/product\/323","targetHints":{"allow":["GET"]}}],"collection":[{"href":"https:\/\/fmp-components.com\/tr\/wp-json\/wp\/v2\/product"}],"about":[{"href":"https:\/\/fmp-components.com\/tr\/wp-json\/wp\/v2\/types\/product"}],"replies":[{"embeddable":true,"href":"https:\/\/fmp-components.com\/tr\/wp-json\/wp\/v2\/comments?post=323"}],"wp:featuredmedia":[{"embeddable":true,"href":"https:\/\/fmp-components.com\/tr\/wp-json\/wp\/v2\/media\/331"}],"wp:attachment":[{"href":"https:\/\/fmp-components.com\/tr\/wp-json\/wp\/v2\/media?parent=323"}],"wp:term":[{"taxonomy":"product_brand","embeddable":true,"href":"https:\/\/fmp-components.com\/tr\/wp-json\/wp\/v2\/product_brand?post=323"},{"taxonomy":"product_cat","embeddable":true,"href":"https:\/\/fmp-components.com\/tr\/wp-json\/wp\/v2\/product_cat?post=323"},{"taxonomy":"product_tag","embeddable":true,"href":"https:\/\/fmp-components.com\/tr\/wp-json\/wp\/v2\/product_tag?post=323"}],"curies":[{"name":"wp","href":"https:\/\/api.w.org\/{rel}","templated":true}]}}