{"id":3192,"date":"2025-01-05T07:45:23","date_gmt":"2025-01-05T07:45:23","guid":{"rendered":"https:\/\/fmp-components.com\/?page_id=8"},"modified":"2025-01-05T08:01:28","modified_gmt":"2025-01-05T08:01:28","slug":"gearbox-for-agricultural-machinery-type-xl-series","status":"publish","type":"product","link":"https:\/\/fmp-components.com\/tr\/product\/gearbox-for-agricultural-machinery-type-xl-series\/","title":{"rendered":"XL Serisi Tar\u0131m Makinalar\u0131 i\u00e7in \u015eanz\u0131man"},"content":{"rendered":"<table style=\"width: 100%;\" border=\"1\" width=\"100%\" cellspacing=\"0\" cellpadding=\"0\">\n<tbody>\n<tr>\n<td>T\u0130P<\/td>\n<td>T\u0130P<\/td>\n<td>T\u0130P<\/td>\n<\/tr>\n<tr>\n<td>XL-2<\/td>\n<td>XL-S-8<\/td>\n<td>XL-S-020<\/td>\n<\/tr>\n<tr>\n<td>XL-101<\/td>\n<td>XL-150<\/td>\n<td>XL-080-INV<\/td>\n<\/tr>\n<tr>\n<td>XL-014<\/td>\n<td>XL-082<\/td>\n<td>XL-014-FL<\/td>\n<\/tr>\n<tr>\n<td>XL-012<\/td>\n<td>XL-010<\/td>\n<td>XL-022<\/td>\n<\/tr>\n<tr>\n<td>XL-S-9<\/td>\n<td>XL-080<\/td>\n<td>XL-90<\/td>\n<\/tr>\n<tr>\n<td>XL-010.012<\/td>\n<td>XL-010.010<\/td>\n<td>XL-022.010<\/td>\n<\/tr>\n<tr>\n<td>XL-101-INV<\/td>\n<td>XL-S8-C2<\/td>\n<td>XL-11S-C2<\/td>\n<\/tr>\n<tr>\n<td>XL-014-FL<\/td>\n<td>VT-030<\/td>\n<td>FTI1500<\/td>\n<\/tr>\n<\/tbody>\n<\/table>\n<h3>Tar\u0131m Makinalar\u0131 i\u00e7in T\u0130P XL-012 \u015eanz\u0131man<\/h3>\n<p><img loading=\"lazy\" decoding=\"async\" class=\"alignnone size-full wp-image-3207\" src=\"https:\/\/fmp-components.com\/wp-content\/uploads\/2025\/01\/1-1.jpg\" alt=\"\" width=\"711\" height=\"696\" title=\"\" srcset=\"https:\/\/fmp-components.com\/wp-content\/uploads\/2025\/01\/1-1.jpg 711w, https:\/\/fmp-components.com\/wp-content\/uploads\/2025\/01\/1-1-480x470.jpg 480w\" sizes=\"(min-width: 0px) and (max-width: 480px) 480px, (min-width: 481px) 711px, 100vw\" \/><br \/>\nT\u0130P FTF101802 Tar\u0131m Makinalar\u0131 i\u00e7in \u015eanz\u0131man<br \/>\n<img loading=\"lazy\" decoding=\"async\" class=\"alignnone size-full wp-image-3231\" src=\"https:\/\/fmp-components.com\/wp-content\/uploads\/2025\/01\/1-25.jpg\" alt=\"\" width=\"724\" height=\"743\" title=\"\" srcset=\"https:\/\/fmp-components.com\/wp-content\/uploads\/2025\/01\/1-25.jpg 724w, https:\/\/fmp-components.com\/wp-content\/uploads\/2025\/01\/1-25-480x493.jpg 480w\" sizes=\"(min-width: 0px) and (max-width: 480px) 480px, (min-width: 481px) 724px, 100vw\" \/><\/p>\n<h3>Tar\u0131m Makinalar\u0131 i\u00e7in T\u0130P FTI1500 \u015eanz\u0131man<\/h3>\n<p><img loading=\"lazy\" decoding=\"async\" class=\"alignnone size-full wp-image-3230\" src=\"https:\/\/fmp-components.com\/wp-content\/uploads\/2025\/01\/1-24.jpg\" alt=\"\" width=\"761\" height=\"825\" title=\"\" srcset=\"https:\/\/fmp-components.com\/wp-content\/uploads\/2025\/01\/1-24.jpg 761w, https:\/\/fmp-components.com\/wp-content\/uploads\/2025\/01\/1-24-480x520.jpg 480w\" sizes=\"(min-width: 0px) and (max-width: 480px) 480px, (min-width: 481px) 761px, 100vw\" \/><\/p>\n<h3>T\u0130P VT-030 Tar\u0131m Makinalar\u0131 i\u00e7in \u015eanz\u0131man<\/h3>\n<p><img loading=\"lazy\" decoding=\"async\" class=\"alignnone size-full wp-image-3229\" src=\"https:\/\/fmp-components.com\/wp-content\/uploads\/2025\/01\/1-23.jpg\" alt=\"\" width=\"728\" height=\"699\" title=\"\" srcset=\"https:\/\/fmp-components.com\/wp-content\/uploads\/2025\/01\/1-23.jpg 728w, https:\/\/fmp-components.com\/wp-content\/uploads\/2025\/01\/1-23-480x461.jpg 480w\" sizes=\"(min-width: 0px) and (max-width: 480px) 480px, (min-width: 481px) 728px, 100vw\" \/><\/p>\n<h3>T\u0130P XL-014-FL.XL-082 Tar\u0131m Makinalar\u0131 i\u00e7in \u015eanz\u0131man<\/h3>\n<p><img loading=\"lazy\" decoding=\"async\" class=\"alignnone size-full wp-image-3228\" src=\"https:\/\/fmp-components.com\/wp-content\/uploads\/2025\/01\/1-22.jpg\" alt=\"\" width=\"729\" height=\"730\" title=\"\" srcset=\"https:\/\/fmp-components.com\/wp-content\/uploads\/2025\/01\/1-22.jpg 729w, https:\/\/fmp-components.com\/wp-content\/uploads\/2025\/01\/1-22-480x481.jpg 480w\" sizes=\"(min-width: 0px) and (max-width: 480px) 480px, (min-width: 481px) 729px, 100vw\" \/><\/p>\n<h3>Tar\u0131m Makinalar\u0131 i\u00e7in T\u0130P XL-082 \u015eanz\u0131man<\/h3>\n<p><img loading=\"lazy\" decoding=\"async\" class=\"alignnone size-full wp-image-3227\" src=\"https:\/\/fmp-components.com\/wp-content\/uploads\/2025\/01\/1-21.jpg\" alt=\"\" width=\"714\" height=\"764\" title=\"\" srcset=\"https:\/\/fmp-components.com\/wp-content\/uploads\/2025\/01\/1-21.jpg 714w, https:\/\/fmp-components.com\/wp-content\/uploads\/2025\/01\/1-21-480x514.jpg 480w\" sizes=\"(min-width: 0px) and (max-width: 480px) 480px, (min-width: 481px) 714px, 100vw\" \/><\/p>\n<h3>Tar\u0131m Makinalar\u0131 i\u00e7in T\u0130P XL-014-FL \u015eanz\u0131man<\/h3>\n<p><img loading=\"lazy\" decoding=\"async\" class=\"alignnone size-full wp-image-3226\" src=\"https:\/\/fmp-components.com\/wp-content\/uploads\/2025\/01\/1-20.jpg\" alt=\"\" width=\"732\" height=\"843\" title=\"\" srcset=\"https:\/\/fmp-components.com\/wp-content\/uploads\/2025\/01\/1-20.jpg 732w, https:\/\/fmp-components.com\/wp-content\/uploads\/2025\/01\/1-20-480x553.jpg 480w\" sizes=\"(min-width: 0px) and (max-width: 480px) 480px, (min-width: 481px) 732px, 100vw\" \/><\/p>\n<h3>Tar\u0131m Makinalar\u0131 i\u00e7in T\u0130P XL-014 \u015eanz\u0131man<\/h3>\n<p><img loading=\"lazy\" decoding=\"async\" class=\"alignnone size-full wp-image-3225\" src=\"https:\/\/fmp-components.com\/wp-content\/uploads\/2025\/01\/1-19.jpg\" alt=\"\" width=\"743\" height=\"862\" title=\"\" srcset=\"https:\/\/fmp-components.com\/wp-content\/uploads\/2025\/01\/1-19.jpg 743w, https:\/\/fmp-components.com\/wp-content\/uploads\/2025\/01\/1-19-480x557.jpg 480w\" sizes=\"(min-width: 0px) and (max-width: 480px) 480px, (min-width: 481px) 743px, 100vw\" \/><\/p>\n<h3>Tar\u0131m Makinalar\u0131 i\u00e7in T\u0130P XL-11S-C2 \u015eanz\u0131man<\/h3>\n<p><img loading=\"lazy\" decoding=\"async\" class=\"alignnone size-full wp-image-3224\" src=\"https:\/\/fmp-components.com\/wp-content\/uploads\/2025\/01\/1-18.jpg\" alt=\"\" width=\"729\" height=\"801\" title=\"\" srcset=\"https:\/\/fmp-components.com\/wp-content\/uploads\/2025\/01\/1-18.jpg 729w, https:\/\/fmp-components.com\/wp-content\/uploads\/2025\/01\/1-18-480x527.jpg 480w\" sizes=\"(min-width: 0px) and (max-width: 480px) 480px, (min-width: 481px) 729px, 100vw\" \/><\/p>\n<h3>Tar\u0131m Makinalar\u0131 i\u00e7in T\u0130P XL-S8-C2 \u015eanz\u0131man<\/h3>\n<p><img loading=\"lazy\" decoding=\"async\" class=\"alignnone size-full wp-image-3223\" src=\"https:\/\/fmp-components.com\/wp-content\/uploads\/2025\/01\/1-17.jpg\" alt=\"\" width=\"731\" height=\"824\" title=\"\" srcset=\"https:\/\/fmp-components.com\/wp-content\/uploads\/2025\/01\/1-17.jpg 731w, https:\/\/fmp-components.com\/wp-content\/uploads\/2025\/01\/1-17-480x541.jpg 480w\" sizes=\"(min-width: 0px) and (max-width: 480px) 480px, (min-width: 481px) 731px, 100vw\" \/><\/p>\n<h3>Tar\u0131m Makinalar\u0131 i\u00e7in T\u0130P XL-101-INV \u015eanz\u0131man<\/h3>\n<p><img loading=\"lazy\" decoding=\"async\" class=\"alignnone size-full wp-image-3222\" src=\"https:\/\/fmp-components.com\/wp-content\/uploads\/2025\/01\/1-16.jpg\" alt=\"\" width=\"736\" height=\"822\" title=\"\" srcset=\"https:\/\/fmp-components.com\/wp-content\/uploads\/2025\/01\/1-16.jpg 736w, https:\/\/fmp-components.com\/wp-content\/uploads\/2025\/01\/1-16-480x536.jpg 480w\" sizes=\"(min-width: 0px) and (max-width: 480px) 480px, (min-width: 481px) 736px, 100vw\" \/><\/p>\n<h3>Tar\u0131m Makinalar\u0131 i\u00e7in T\u0130P XL-080-INV \u015eanz\u0131man<\/h3>\n<p><img loading=\"lazy\" decoding=\"async\" class=\"alignnone size-full wp-image-3221\" src=\"https:\/\/fmp-components.com\/wp-content\/uploads\/2025\/01\/1-15.jpg\" alt=\"\" width=\"725\" height=\"744\" title=\"\" srcset=\"https:\/\/fmp-components.com\/wp-content\/uploads\/2025\/01\/1-15.jpg 725w, https:\/\/fmp-components.com\/wp-content\/uploads\/2025\/01\/1-15-480x493.jpg 480w\" sizes=\"(min-width: 0px) and (max-width: 480px) 480px, (min-width: 481px) 725px, 100vw\" \/><\/p>\n<h3>Tar\u0131m Makinalar\u0131 i\u00e7in T\u0130P XL-150 \u015eanz\u0131man<\/h3>\n<p><img loading=\"lazy\" decoding=\"async\" class=\"alignnone size-full wp-image-3220\" src=\"https:\/\/fmp-components.com\/wp-content\/uploads\/2025\/01\/1-14.jpg\" alt=\"\" width=\"711\" height=\"706\" title=\"\" srcset=\"https:\/\/fmp-components.com\/wp-content\/uploads\/2025\/01\/1-14.jpg 711w, https:\/\/fmp-components.com\/wp-content\/uploads\/2025\/01\/1-14-480x477.jpg 480w\" sizes=\"(min-width: 0px) and (max-width: 480px) 480px, (min-width: 481px) 711px, 100vw\" \/><\/p>\n<h3>Tar\u0131m Makinalar\u0131 i\u00e7in T\u0130P XL-101 \u015eanz\u0131man<\/h3>\n<p><img loading=\"lazy\" decoding=\"async\" class=\"alignnone size-full wp-image-3219\" src=\"https:\/\/fmp-components.com\/wp-content\/uploads\/2025\/01\/1-13.jpg\" alt=\"\" width=\"732\" height=\"868\" title=\"\" srcset=\"https:\/\/fmp-components.com\/wp-content\/uploads\/2025\/01\/1-13.jpg 732w, https:\/\/fmp-components.com\/wp-content\/uploads\/2025\/01\/1-13-480x569.jpg 480w\" sizes=\"(min-width: 0px) and (max-width: 480px) 480px, (min-width: 481px) 732px, 100vw\" \/><\/p>\n<h3>Tar\u0131m Makinalar\u0131 i\u00e7in T\u0130P XL-90 \u015eanz\u0131man<\/h3>\n<p><img loading=\"lazy\" decoding=\"async\" class=\"alignnone size-full wp-image-3218\" src=\"https:\/\/fmp-components.com\/wp-content\/uploads\/2025\/01\/1-12.jpg\" alt=\"\" width=\"729\" height=\"859\" title=\"\" srcset=\"https:\/\/fmp-components.com\/wp-content\/uploads\/2025\/01\/1-12.jpg 729w, https:\/\/fmp-components.com\/wp-content\/uploads\/2025\/01\/1-12-480x566.jpg 480w\" sizes=\"(min-width: 0px) and (max-width: 480px) 480px, (min-width: 481px) 729px, 100vw\" \/><\/p>\n<h3>Tar\u0131m Makinalar\u0131 i\u00e7in T\u0130P XL-080 \u015eanz\u0131man<\/h3>\n<p><img loading=\"lazy\" decoding=\"async\" class=\"alignnone size-full wp-image-3217\" src=\"https:\/\/fmp-components.com\/wp-content\/uploads\/2025\/01\/1-11.jpg\" alt=\"\" width=\"725\" height=\"845\" title=\"\" srcset=\"https:\/\/fmp-components.com\/wp-content\/uploads\/2025\/01\/1-11.jpg 725w, https:\/\/fmp-components.com\/wp-content\/uploads\/2025\/01\/1-11-480x559.jpg 480w\" sizes=\"(min-width: 0px) and (max-width: 480px) 480px, (min-width: 481px) 725px, 100vw\" \/><\/p>\n<h3>Tar\u0131m Makinalar\u0131 i\u00e7in T\u0130P XL-S-9 \u015eanz\u0131man<\/h3>\n<p><img loading=\"lazy\" decoding=\"async\" class=\"alignnone size-full wp-image-3216\" src=\"https:\/\/fmp-components.com\/wp-content\/uploads\/2025\/01\/1-10.jpg\" alt=\"\" width=\"740\" height=\"814\" title=\"\" srcset=\"https:\/\/fmp-components.com\/wp-content\/uploads\/2025\/01\/1-10.jpg 740w, https:\/\/fmp-components.com\/wp-content\/uploads\/2025\/01\/1-10-480x528.jpg 480w\" sizes=\"(min-width: 0px) and (max-width: 480px) 480px, (min-width: 481px) 740px, 100vw\" \/><\/p>\n<h3>Tar\u0131m Makinalar\u0131 i\u00e7in T\u0130P XL-S-8 \u015eanz\u0131man<\/h3>\n<p><img loading=\"lazy\" decoding=\"async\" class=\"alignnone size-full wp-image-3215\" src=\"https:\/\/fmp-components.com\/wp-content\/uploads\/2025\/01\/1-9.jpg\" alt=\"\" width=\"723\" height=\"812\" title=\"\" srcset=\"https:\/\/fmp-components.com\/wp-content\/uploads\/2025\/01\/1-9.jpg 723w, https:\/\/fmp-components.com\/wp-content\/uploads\/2025\/01\/1-9-480x539.jpg 480w\" sizes=\"(min-width: 0px) and (max-width: 480px) 480px, (min-width: 481px) 723px, 100vw\" \/><\/p>\n<h3>Tar\u0131m Makinalar\u0131 i\u00e7in T\u0130P XL-S-020 \u015eanz\u0131man<\/h3>\n<p><img loading=\"lazy\" decoding=\"async\" class=\"alignnone size-full wp-image-3214\" src=\"https:\/\/fmp-components.com\/wp-content\/uploads\/2025\/01\/1-8.jpg\" alt=\"\" width=\"731\" height=\"828\" title=\"\" srcset=\"https:\/\/fmp-components.com\/wp-content\/uploads\/2025\/01\/1-8.jpg 731w, https:\/\/fmp-components.com\/wp-content\/uploads\/2025\/01\/1-8-480x544.jpg 480w\" sizes=\"(min-width: 0px) and (max-width: 480px) 480px, (min-width: 481px) 731px, 100vw\" \/><\/p>\n<h3>Tar\u0131m Makinalar\u0131 i\u00e7in T\u0130P XL-2 \u015eanz\u0131man<\/h3>\n<p><img loading=\"lazy\" decoding=\"async\" class=\"alignnone size-full wp-image-3213\" src=\"https:\/\/fmp-components.com\/wp-content\/uploads\/2025\/01\/1-7.jpg\" alt=\"\" width=\"720\" height=\"824\" title=\"\" srcset=\"https:\/\/fmp-components.com\/wp-content\/uploads\/2025\/01\/1-7.jpg 720w, https:\/\/fmp-components.com\/wp-content\/uploads\/2025\/01\/1-7-480x549.jpg 480w\" sizes=\"(min-width: 0px) and (max-width: 480px) 480px, (min-width: 481px) 720px, 100vw\" \/><\/p>\n<h3>T\u0130P XL-022.010 Tar\u0131m Makinalar\u0131 i\u00e7in \u015eanz\u0131man<\/h3>\n<p><img loading=\"lazy\" decoding=\"async\" class=\"alignnone size-full wp-image-3212\" src=\"https:\/\/fmp-components.com\/wp-content\/uploads\/2025\/01\/1-6.jpg\" alt=\"\" width=\"717\" height=\"807\" title=\"\" srcset=\"https:\/\/fmp-components.com\/wp-content\/uploads\/2025\/01\/1-6.jpg 717w, https:\/\/fmp-components.com\/wp-content\/uploads\/2025\/01\/1-6-480x540.jpg 480w\" sizes=\"(min-width: 0px) and (max-width: 480px) 480px, (min-width: 481px) 717px, 100vw\" \/><\/p>\n<h3>T\u0130P XL-010.010 Tar\u0131m Makinalar\u0131 i\u00e7in \u015eanz\u0131man<\/h3>\n<p><img loading=\"lazy\" decoding=\"async\" class=\"alignnone size-full wp-image-3211\" src=\"https:\/\/fmp-components.com\/wp-content\/uploads\/2025\/01\/1-5.jpg\" alt=\"\" width=\"702\" height=\"841\" title=\"\" srcset=\"https:\/\/fmp-components.com\/wp-content\/uploads\/2025\/01\/1-5.jpg 702w, https:\/\/fmp-components.com\/wp-content\/uploads\/2025\/01\/1-5-480x575.jpg 480w\" sizes=\"(min-width: 0px) and (max-width: 480px) 480px, (min-width: 481px) 702px, 100vw\" \/><\/p>\n<h3>T\u0130P XL-010.012 Tar\u0131m Makinalar\u0131 i\u00e7in \u015eanz\u0131man<\/h3>\n<p><img loading=\"lazy\" decoding=\"async\" class=\"alignnone size-full wp-image-3210\" src=\"https:\/\/fmp-components.com\/wp-content\/uploads\/2025\/01\/1-4.jpg\" alt=\"\" width=\"724\" height=\"826\" title=\"\" srcset=\"https:\/\/fmp-components.com\/wp-content\/uploads\/2025\/01\/1-4.jpg 724w, https:\/\/fmp-components.com\/wp-content\/uploads\/2025\/01\/1-4-480x548.jpg 480w\" sizes=\"(min-width: 0px) and (max-width: 480px) 480px, (min-width: 481px) 724px, 100vw\" \/><\/p>\n<h3>Tar\u0131m Makinalar\u0131 i\u00e7in T\u0130P XL-022 \u015eanz\u0131man<\/h3>\n<p><img loading=\"lazy\" decoding=\"async\" class=\"alignnone size-full wp-image-3209\" src=\"https:\/\/fmp-components.com\/wp-content\/uploads\/2025\/01\/1-3.jpg\" alt=\"\" width=\"717\" height=\"846\" title=\"\" srcset=\"https:\/\/fmp-components.com\/wp-content\/uploads\/2025\/01\/1-3.jpg 717w, https:\/\/fmp-components.com\/wp-content\/uploads\/2025\/01\/1-3-480x566.jpg 480w\" sizes=\"(min-width: 0px) and (max-width: 480px) 480px, (min-width: 481px) 717px, 100vw\" \/><\/p>\n<h3>Tar\u0131m Makinalar\u0131 i\u00e7in T\u0130P XL-010 \u015eanz\u0131man<\/h3>\n<p><img loading=\"lazy\" decoding=\"async\" class=\"alignnone size-full wp-image-3208\" src=\"https:\/\/fmp-components.com\/wp-content\/uploads\/2025\/01\/1-2.jpg\" alt=\"\" width=\"709\" height=\"842\" title=\"\" srcset=\"https:\/\/fmp-components.com\/wp-content\/uploads\/2025\/01\/1-2.jpg 709w, https:\/\/fmp-components.com\/wp-content\/uploads\/2025\/01\/1-2-480x570.jpg 480w\" sizes=\"(min-width: 0px) and (max-width: 480px) 480px, (min-width: 481px) 709px, 100vw\" \/><\/p>","protected":false},"excerpt":{"rendered":"<p>TYPE TYPE TYPE XL-2 XL-S-8 XL-S-020 XL-101 XL-150 XL-080-INV XL-014 XL-082 XL-014-FL XL-012 XL-010 XL-022 XL-S-9 XL-080 XL-90 XL-010.012 XL-010.010 XL-022.010 XL-101-INV XL-S8-C2 XL-11S-C2 XL-014-FL VT-030 F.T.I.1500 TYPE XL-012 Gearbox for Agricultural Machinery TYPE F.T.F.101802 Gearbox for Agricultural Machinery TYPE F.T.I.1500 Gearbox for Agricultural Machinery TYPE VT-030 Gearbox for Agricultural Machinery TYPE XL-014-FL.XL-082 Gearbox for [&hellip;]<\/p>","protected":false},"featured_media":3206,"comment_status":"open","ping_status":"closed","template":"","meta":{"_et_pb_use_builder":"","_et_pb_old_content":"","_et_gb_content_width":""},"product_brand":[],"product_cat":[78],"product_tag":[],"class_list":{"0":"post-3192","1":"product","2":"type-product","3":"status-publish","4":"has-post-thumbnail","6":"product_cat-gearbox-for-agricultural-machinery","8":"first","9":"instock","10":"shipping-taxable","11":"product-type-simple"},"_links":{"self":[{"href":"https:\/\/fmp-components.com\/tr\/wp-json\/wp\/v2\/product\/3192","targetHints":{"allow":["GET"]}}],"collection":[{"href":"https:\/\/fmp-components.com\/tr\/wp-json\/wp\/v2\/product"}],"about":[{"href":"https:\/\/fmp-components.com\/tr\/wp-json\/wp\/v2\/types\/product"}],"replies":[{"embeddable":true,"href":"https:\/\/fmp-components.com\/tr\/wp-json\/wp\/v2\/comments?post=3192"}],"wp:featuredmedia":[{"embeddable":true,"href":"https:\/\/fmp-components.com\/tr\/wp-json\/wp\/v2\/media\/3206"}],"wp:attachment":[{"href":"https:\/\/fmp-components.com\/tr\/wp-json\/wp\/v2\/media?parent=3192"}],"wp:term":[{"taxonomy":"product_brand","embeddable":true,"href":"https:\/\/fmp-components.com\/tr\/wp-json\/wp\/v2\/product_brand?post=3192"},{"taxonomy":"product_cat","embeddable":true,"href":"https:\/\/fmp-components.com\/tr\/wp-json\/wp\/v2\/product_cat?post=3192"},{"taxonomy":"product_tag","embeddable":true,"href":"https:\/\/fmp-components.com\/tr\/wp-json\/wp\/v2\/product_tag?post=3192"}],"curies":[{"name":"wp","href":"https:\/\/api.w.org\/{rel}","templated":true}]}}