{"id":3185,"date":"2025-01-05T05:56:59","date_gmt":"2025-01-05T05:56:59","guid":{"rendered":"https:\/\/fmp-components.com\/?page_id=8"},"modified":"2025-01-06T02:16:30","modified_gmt":"2025-01-06T02:16:30","slug":"corn-header-gearbox-replacement-of-comer-code-t-304a","status":"publish","type":"product","link":"https:\/\/fmp-components.com\/tr\/product\/corn-header-gearbox-replacement-of-comer-code-t-304a\/","title":{"rendered":"M\u0131s\u0131r Tablas\u0131 Di\u015fli Kutusu \u2013 K\u00f6\u015fe Kodu T-304A'n\u0131n De\u011fi\u015ftirilmesi"},"content":{"rendered":"<h2>T-304A M\u0131s\u0131r Tablas\u0131 \u015eanz\u0131man\u0131n\u0131n \u00d6zellikleri<\/h2>\n<p><img loading=\"lazy\" decoding=\"async\" class=\"alignnone size-full wp-image-3187\" src=\"https:\/\/fmp-components.com\/wp-content\/uploads\/2025\/01\/corn-header-gearbox-specification-t304a.webp\" alt=\"m\u0131s\u0131r-ba\u015flatma-di\u015fli kutusu-spesifikasyonu-t304a\" width=\"971\" height=\"483\" title=\"\" srcset=\"https:\/\/fmp-components.com\/wp-content\/uploads\/2025\/01\/corn-header-gearbox-specification-t304a.webp 971w, https:\/\/fmp-components.com\/wp-content\/uploads\/2025\/01\/corn-header-gearbox-specification-t304a-480x239.webp 480w\" sizes=\"(min-width: 0px) and (max-width: 480px) 480px, (min-width: 481px) 971px, 100vw\" \/><\/p>\n<table class=\"kh-1xzm1su\" border=\"1\" data-intent=\"lists-product-attributes\" data-test-id=\"attributes-list\">\n<tbody class=\"kh-1ago99h\">\n<tr id=\"attProductDetails\" class=\"kh-bwvum6\" data-test-id=\"attribute-row\">\n<th class=\"kh-10oizfy\">\u00dcr\u00fcn detaylar\u0131<\/th>\n<td class=\"kh-1f5nhat\">\n<ul>\n<li class=\"kh-16zd49f\">T\u00fcm red\u00fckt\u00f6rler ya\u011fs\u0131z olarak teslim edilir.<\/li>\n<li class=\"kh-16zd49f\">\u0130lk ya\u011f de\u011fi\u015fimi 50-70 \u00e7al\u0131\u015fma saatinin ard\u0131ndan, daha sonra 500-700 \u00e7al\u0131\u015fma saatinin ard\u0131ndan veya en az y\u0131lda bir kez yap\u0131lmal\u0131d\u0131r.<\/li>\n<li class=\"kh-16zd49f\">Farkl\u0131 RPM'deki g\u00fc\u00e7 i\u00e7in bizimle ileti\u015fime ge\u00e7in.<\/li>\n<\/ul>\n<\/td>\n<\/tr>\n<tr id=\"attApplicationRange\" class=\"kh-bwvum6\" data-test-id=\"attribute-row\">\n<th class=\"kh-10oizfy\">Uygulama aral\u0131\u011f\u0131<\/th>\n<td class=\"kh-1f5nhat\">\n<ul>\n<li class=\"kh-16zd49f\">\u00c7e\u015fitli (tar\u0131msal) uygulamalar<\/li>\n<li class=\"kh-16zd49f\">Delik delici<\/li>\n<\/ul>\n<\/td>\n<\/tr>\n<tr id=\"attConsistsOf\" class=\"kh-bwvum6\" data-test-id=\"attribute-row\">\n<th class=\"kh-10oizfy\">\u015eunlardan olu\u015fur:<\/th>\n<td class=\"kh-1f5nhat\">\n<ul>\n<li class=\"kh-16zd49f\">Vites kutusu<\/li>\n<li class=\"kh-16zd49f\">Ya\u011fs\u0131z<\/li>\n<\/ul>\n<\/td>\n<\/tr>\n<\/tbody>\n<\/table>\n<h2>M\u0131s\u0131r Tablas\u0131 Di\u015fli Kutular\u0131n\u0131n \u00d6zellikleri<\/h2>\n<ol>\n<li><strong>Y\u00fcksek Tork Kapasitesi<\/strong><br \/>\nM\u0131s\u0131r tablas\u0131 di\u015fli kutular\u0131, trakt\u00f6rden tabla mekanizmas\u0131na verimli bir g\u00fc\u00e7 aktar\u0131m\u0131 sa\u011flayarak y\u00fcksek tork y\u00fcklerini kald\u0131racak \u015fekilde tasarlanm\u0131\u015ft\u0131r. Bu, \u00f6zellikle m\u0131s\u0131r hasad\u0131 i\u00e7in \u00f6nemlidir, \u00e7\u00fcnk\u00fc di\u015fli kutusunun mahsul\u00fc kesme ve toplama s\u0131ras\u0131ndaki mekanik strese dayanmas\u0131 gerekir.<\/li>\n<li><strong>Dayan\u0131kl\u0131 Yap\u0131<\/strong><br \/>\nY\u00fcksek kaliteli \u00e7elik veya d\u00f6kme demir gibi sa\u011flam malzemelerden \u00fcretilen m\u0131s\u0131r tablas\u0131 di\u015fli kutular\u0131, dayan\u0131kl\u0131l\u0131k ve uzun \u00f6m\u00fcr i\u00e7in tasarlanm\u0131\u015ft\u0131r. Bu di\u015fli kutular\u0131, zorlu tar\u0131m ortamlar\u0131nda performans g\u00f6sterebilir, zorlu hava ko\u015fullar\u0131na ve uzun \u00e7al\u0131\u015fma saatlerine dayan\u0131kl\u0131d\u0131r.<\/li>\n<li><strong>Hassas M\u00fchendislik<\/strong><br \/>\nM\u0131s\u0131r hasat tablas\u0131 di\u015fli kutular\u0131, sorunsuz ve g\u00fcvenilir bir \u00e7al\u0131\u015fma sa\u011flamak i\u00e7in hassasiyetle tasarlanm\u0131\u015ft\u0131r. Di\u015fli kutusundaki di\u015fliler, s\u0131k\u0131 toleranslarla \u00fcretilmi\u015f olup s\u00fcrt\u00fcnmeyi azalt\u0131p verimlili\u011fi art\u0131rarak t\u00fcm hasat sisteminin performans\u0131n\u0131 iyile\u015ftirir.<\/li>\n<li><strong>Kompakt ve Verimli Tasar\u0131m<\/strong><br \/>\nBu di\u015fli kutular\u0131, kompakt ancak g\u00fc\u00e7l\u00fcd\u00fcr ve bu sayede alan\u0131n k\u0131s\u0131tl\u0131 oldu\u011fu m\u0131s\u0131r hasat makinelerine entegre edilmek i\u00e7in idealdir. K\u00fc\u00e7\u00fck boyutlar\u0131na ra\u011fmen, operasyonel verimlili\u011fi korurken \u00f6nemli g\u00fc\u00e7 y\u00fcklerini kar\u015f\u0131layacak \u015fekilde tasarlanm\u0131\u015ft\u0131r.<\/li>\n<li><strong>Di\u015fli Oranlar\u0131<\/strong><br \/>\nM\u0131s\u0131r tablas\u0131 di\u015fli kutular\u0131 genellikle m\u0131s\u0131r hasad\u0131n\u0131n ihtiya\u00e7lar\u0131na g\u00f6re optimize edilmi\u015f \u00f6zel di\u015fli oranlar\u0131na sahiptir. Do\u011fru oran, kesme ve toplama i\u015flemlerine uygun do\u011fru h\u0131z ve g\u00fc\u00e7 \u00e7\u0131k\u0131\u015f\u0131n\u0131 sa\u011flayarak tablan\u0131n genel verimlili\u011fini ve performans\u0131n\u0131 art\u0131r\u0131r.<\/li>\n<\/ol>\n<p>\u00d6zetle, PTO \u015faftlar\u0131, trakt\u00f6r\u00fc m\u0131s\u0131r tablas\u0131 di\u015fli kutusuna ba\u011flayan ve hasat s\u00fcrecinde verimli g\u00fc\u00e7 aktar\u0131m\u0131 sa\u011flayan temel bile\u015fenlerdir. Do\u011fru PTO \u015faft\u0131, g\u00fcvenilir, emniyetli ve verimli bir \u00e7al\u0131\u015fma sa\u011flayarak hasat s\u0131ras\u0131nda daha y\u00fcksek \u00fcretkenli\u011fe ve daha az duru\u015f s\u00fcresine katk\u0131da bulunur.<\/p>\n<p><img loading=\"lazy\" decoding=\"async\" class=\"wp-image-3186 aligncenter\" src=\"https:\/\/fmp-components.com\/wp-content\/uploads\/2025\/01\/corn-header-gearbox-t304a1.webp\" alt=\"m\u0131s\u0131r-ba\u015flatma-di\u015fli kutusu-t304a(1)\" width=\"576\" height=\"576\" title=\"\" srcset=\"https:\/\/fmp-components.com\/wp-content\/uploads\/2025\/01\/corn-header-gearbox-t304a1.webp 300w, https:\/\/fmp-components.com\/wp-content\/uploads\/2025\/01\/corn-header-gearbox-t304a1-150x150.webp 150w, https:\/\/fmp-components.com\/wp-content\/uploads\/2025\/01\/corn-header-gearbox-t304a1-12x12.webp 12w, https:\/\/fmp-components.com\/wp-content\/uploads\/2025\/01\/corn-header-gearbox-t304a1-100x100.webp 100w\" sizes=\"(max-width: 576px) 100vw, 576px\" \/><\/p>\n<h3><strong>M\u0131s\u0131r Tablas\u0131 \u015eanz\u0131manlar\u0131 i\u00e7in PTO Milleri<\/strong><\/h3>\n<p>PTO (G\u00fc\u00e7 Aktarma Organ\u0131) \u015faftlar\u0131, trakt\u00f6r motorundan m\u0131s\u0131r tablas\u0131 di\u015fli kutusuna mekanik g\u00fc\u00e7 aktarmak i\u00e7in kullan\u0131lan kritik bile\u015fenlerdir. PTO \u015faft\u0131, trakt\u00f6r\u00fcn PTO \u00e7\u0131k\u0131\u015f\u0131n\u0131 m\u0131s\u0131r tablas\u0131 di\u015fli kutusuna ba\u011flayarak, kesme ve toplama mekanizmalar\u0131n\u0131 \u00e7al\u0131\u015ft\u0131rmak i\u00e7in g\u00fcc\u00fcn verimli bir \u015fekilde iletilmesini sa\u011flar. M\u0131s\u0131r tablas\u0131 di\u015fli kutular\u0131 i\u00e7in PTO \u015faft\u0131 se\u00e7erken dikkat edilmesi gereken \u00f6zellikler ve hususlara genel bir bak\u0131\u015f:<\/p>\n<ol>\n<li><strong>Y\u00fcksek Torklu \u015eanz\u0131man<\/strong><br \/>\nM\u0131s\u0131r tablas\u0131 red\u00fckt\u00f6rleri i\u00e7in PTO milleri, m\u0131s\u0131r tablas\u0131n\u0131n kesme, toplama ve harmanlama mekanizmalar\u0131n\u0131 \u00e7al\u0131\u015ft\u0131rmak i\u00e7in gereken y\u00fcksek torklu y\u00fckleri kar\u015f\u0131lamak \u00fczere tasarlanm\u0131\u015ft\u0131r. Mil, trakt\u00f6rden red\u00fckt\u00f6re \u00f6nemli miktarda g\u00fc\u00e7 aktar\u0131rken ayn\u0131 zamanda sorunsuz bir \u00e7al\u0131\u015fma sa\u011flamal\u0131d\u0131r.<\/li>\n<li><strong>Dayan\u0131kl\u0131l\u0131k ve G\u00fc\u00e7<\/strong><br \/>\nY\u00fcksek mukavemetli \u00e7elik veya ala\u015f\u0131ml\u0131 metaller gibi y\u00fcksek kaliteli malzemelerden \u00fcretilen bu PTO \u015faftlar\u0131, uzun \u00f6m\u00fcrl\u00fc olacak \u015fekilde tasarlanm\u0131\u015ft\u0131r. Tar\u0131m makinelerinin a\u011f\u0131r hizmet ko\u015fullar\u0131 alt\u0131nda a\u015f\u0131nma ve y\u0131pranmaya kar\u015f\u0131 dayan\u0131kl\u0131 olacak \u015fekilde tasarlanm\u0131\u015f olup, uzun bir kullan\u0131m \u00f6mr\u00fc sa\u011flar.<\/li>\n<li><strong>Evrensel Uyumluluk<\/strong><br \/>\nM\u0131s\u0131r tablas\u0131 \u015fanz\u0131manlar\u0131 i\u00e7in PTO \u015faftlar\u0131 genellikle \u00fcniversal mafsallarla tasarlan\u0131r ve bu sayede \u00e7e\u015fitli trakt\u00f6r modelleri ve m\u0131s\u0131r tablas\u0131 markalar\u0131yla uyumlu hale gelir. Bu uyarlanabilirlik, PTO \u015faft\u0131n\u0131n farkl\u0131 makinelere ve \u00e7al\u0131\u015fma d\u00fczenlerine kolayca entegre edilebilmesini sa\u011flar.<\/li>\n<li><strong>Esneklik ve Ayarlanabilirlik<\/strong><br \/>\nPTO \u015faftlar\u0131 genellikle esneklik ve ayar kolayl\u0131\u011f\u0131 sa\u011flayan teleskopik b\u00f6l\u00fcmlerle donat\u0131lm\u0131\u015ft\u0131r. Bu \u00f6zellik, operat\u00f6rlerin \u015faft uzunlu\u011funu farkl\u0131 trakt\u00f6r-ba\u015fak makinesi mesafelerine uyacak \u015fekilde ayarlamas\u0131na olanak tan\u0131r, b\u00f6ylece do\u011fru hizalama sa\u011flan\u0131r ve \u015faft ile \u015fanz\u0131man \u00fczerindeki stres azalt\u0131l\u0131r.<\/li>\n<li><strong>Verimli G\u00fc\u00e7 Transferi<\/strong><br \/>\nBu \u015faftlar, g\u00fc\u00e7 aktar\u0131m\u0131 s\u0131ras\u0131nda enerji kayb\u0131n\u0131 en aza indirecek \u015fekilde tasarlanm\u0131\u015ft\u0131r. \u0130yi tasarlanm\u0131\u015f bir PTO \u015faft\u0131, trakt\u00f6r motorundan gelen maksimum g\u00fcc\u00fcn m\u0131s\u0131r tablas\u0131 di\u015fli kutusuna verimli bir \u015fekilde iletilmesini sa\u011flayarak hasat s\u00fcrecinin genel verimlili\u011fini art\u0131r\u0131r.<\/li>\n<\/ol>\n<p>\u00d6zetle, PTO \u015faftlar\u0131, trakt\u00f6r\u00fc m\u0131s\u0131r tablas\u0131 di\u015fli kutusuna ba\u011flayan ve hasat s\u00fcrecinde verimli g\u00fc\u00e7 aktar\u0131m\u0131 sa\u011flayan temel bile\u015fenlerdir. Do\u011fru PTO \u015faft\u0131, g\u00fcvenilir, emniyetli ve verimli bir \u00e7al\u0131\u015fma sa\u011flayarak hasat s\u0131ras\u0131nda daha y\u00fcksek \u00fcretkenli\u011fe ve daha az duru\u015f s\u00fcresine katk\u0131da bulunur.<\/p>\n<p><img loading=\"lazy\" decoding=\"async\" class=\"wp-image-3188 aligncenter\" src=\"https:\/\/fmp-components.com\/wp-content\/uploads\/2025\/01\/corn-header-gearbox-t304a-11.webp\" alt=\"m\u0131s\u0131r-ba\u015flatma-di\u015fli kutusu-t304a-1(1)\" width=\"690\" height=\"690\" title=\"\" srcset=\"https:\/\/fmp-components.com\/wp-content\/uploads\/2025\/01\/corn-header-gearbox-t304a-11.webp 300w, https:\/\/fmp-components.com\/wp-content\/uploads\/2025\/01\/corn-header-gearbox-t304a-11-150x150.webp 150w, https:\/\/fmp-components.com\/wp-content\/uploads\/2025\/01\/corn-header-gearbox-t304a-11-12x12.webp 12w, https:\/\/fmp-components.com\/wp-content\/uploads\/2025\/01\/corn-header-gearbox-t304a-11-100x100.webp 100w\" sizes=\"(max-width: 690px) 100vw, 690px\" \/><\/p>\n<h3>FMP Hakk\u0131nda<\/h3>\n<p>Merkezi \u0130talya'da bulunan FMP, tar\u0131m makineleri sekt\u00f6r\u00fcne odaklanarak y\u00fcksek performansl\u0131 di\u015fli kutular\u0131 tasarlama, geli\u015ftirme ve \u00fcretme konusundaki uzmanl\u0131\u011f\u0131yla tan\u0131nan \u00f6nde gelen bir \u00fcreticidir. Hassas m\u00fchendisli\u011fi, yenilik\u00e7i \u00e7\u00f6z\u00fcmleri ve s\u00fcrekli g\u00fcvenilirli\u011fiyle tan\u0131nan FMP, hem tar\u0131m hem de end\u00fcstriyel pazarlarda g\u00fcvenilir bir ortak olarak g\u00fc\u00e7l\u00fc bir itibar kazanm\u0131\u015ft\u0131r. Zengin portf\u00f6y\u00fcm\u00fcz, \u00e7im bi\u00e7me makineleri i\u00e7in \u00f6zel olarak tasarlanm\u0131\u015f di\u015fli kutular\u0131, PTO \u015faftlar\u0131 ve her biri \u00e7e\u015fitli uygulamalar\u0131n \u00f6zel gereksinimlerini kar\u015f\u0131lamak \u00fczere \u00f6zenle tasarlanm\u0131\u015f \u00e7ok \u00e7e\u015fitli di\u011fer kritik bile\u015fenleri i\u00e7erir.<\/p>\n<p>FMP olarak, her m\u00fc\u015fterinin benzersiz zorluklarla kar\u015f\u0131la\u015ft\u0131\u011f\u0131n\u0131n bilincindeyiz. Bu anlay\u0131\u015f, ister bireysel bile\u015fenler ister tamamen entegre sistemler i\u00e7in olsun, ki\u015fiye \u00f6zel \u00e7\u00f6z\u00fcmler sunma taahh\u00fcd\u00fcm\u00fcz\u00fc g\u00fc\u00e7lendiriyor. M\u00fc\u015fterilerimizle yak\u0131n i\u015f birli\u011fi i\u00e7inde \u00e7al\u0131\u015farak, her \u00e7\u00f6z\u00fcm\u00fcn yaln\u0131zca \u00f6zel ihtiya\u00e7lar\u0131n\u0131 kar\u015f\u0131lamas\u0131n\u0131 de\u011fil, ayn\u0131 zamanda performans\u0131 optimize etmesini ve de\u011feri en \u00fcst d\u00fczeye \u00e7\u0131karmas\u0131n\u0131 sa\u011fl\u0131yoruz. Zaman\u0131nda, profesyonel yan\u0131tlar ve uzman rehberli\u011fine olan ba\u011fl\u0131l\u0131\u011f\u0131m\u0131z, her talebin hassasiyetle ele al\u0131nmas\u0131n\u0131 ve s\u00fcrekli olarak en iyi sonu\u00e7lar\u0131n elde edilmesini sa\u011flar.<\/p>\n<p>\u00dcr\u00fcn geli\u015ftirme s\u00fcrecinin tamam\u0131nda \u015feffaf ve s\u00fcrekli ileti\u015fime b\u00fcy\u00fck \u00f6nem veriyoruz. \u00d6zverili ekibimiz, m\u00fc\u015fterilerimizle yak\u0131n i\u015f birli\u011fi i\u00e7inde \u00e7al\u0131\u015farak ihtiya\u00e7lar\u0131n\u0131 tam olarak anl\u0131yor ve en iyi sonu\u00e7lar\u0131 elde etmek i\u00e7in de\u011ferli i\u00e7g\u00f6r\u00fcler ve \u00f6neriler sunuyor. \u0130ster son teknoloji \u00fcr\u00fcnler tasarl\u0131yor ister rutin sipari\u015fleri kar\u015f\u0131l\u0131yor olun, FMP her seferinde zaman\u0131nda, y\u00fcksek kaliteli ve hassas m\u00fchendislik \u00e7\u00f6z\u00fcmleri sunmaya kendini adam\u0131\u015ft\u0131r. Amac\u0131m\u0131z, her projede ola\u011fan\u00fcst\u00fc hizmet ve sonu\u00e7lar sunarak m\u00fc\u015fteri beklentilerini a\u015fmakt\u0131r.<\/p>\n<p>FMP'nin faaliyetlerinin temelinde, kaliteye olan sars\u0131lmaz ba\u011fl\u0131l\u0131\u011f\u0131m\u0131z yatar. Her \u00fcr\u00fcn\u00fcn sekt\u00f6r standartlar\u0131n\u0131 kar\u015f\u0131lamas\u0131n\u0131 ve hatta a\u015fmas\u0131n\u0131 sa\u011flamak i\u00e7in en y\u00fcksek \u00fcretim standartlar\u0131na ba\u011fl\u0131 kal\u0131yor ve s\u0131k\u0131 kalite kontrol s\u00fcre\u00e7leri uyguluyoruz. M\u00fckemmelli\u011fe olan bu sars\u0131lmaz odaklanmam\u0131z, d\u00fcr\u00fcstl\u00fck, ekip \u00e7al\u0131\u015fmas\u0131 ve azim gibi temel de\u011ferlerimizle birle\u015ferek, d\u00fcnya \u00e7ap\u0131nda yakla\u015f\u0131k 30 \u00fclkedeki m\u00fc\u015fterilerimizle uzun s\u00fcreli, g\u00fcvene dayal\u0131 ili\u015fkiler kurmam\u0131z\u0131 sa\u011flam\u0131\u015ft\u0131r.<\/p>\n<p>FMP olarak, m\u00fc\u015fterilerimizin s\u00fcrekli de\u011fi\u015fen ihtiya\u00e7lar\u0131n\u0131 kar\u015f\u0131layan uzman tavsiyeleri ve \u00f6zelle\u015ftirilmi\u015f \u00e7\u00f6z\u00fcmler sunarak k\u00fcresel ortakl\u0131klar kurmaya her zaman istekliyiz. Her projenin ba\u015far\u0131s\u0131na katk\u0131da bulunan, uzun vadeli ve kar\u015f\u0131l\u0131kl\u0131 fayda sa\u011flayan ili\u015fkiler kurmay\u0131 hedefliyoruz. \u0130ster yeni bir giri\u015fim i\u00e7in yenilik\u00e7i \u00e7\u00f6z\u00fcmler, ister mevcut bir sistem i\u00e7in s\u00fcrekli destek ar\u0131yor olun, FMP teknik zorluklar\u0131n \u00fcstesinden gelmenize ve ba\u015far\u0131n\u0131z\u0131n devam etmesini sa\u011flaman\u0131za yard\u0131mc\u0131 olmaya haz\u0131rd\u0131r.<\/p>\n<p><img loading=\"lazy\" decoding=\"async\" class=\"alignnone wp-image-2695\" src=\"https:\/\/fmp-components.com\/wp-content\/uploads\/2025\/01\/agricultural-gearbox3.webp\" alt=\"tar\u0131msal \u015fanz\u0131man\" width=\"1140\" height=\"1138\" title=\"\" srcset=\"https:\/\/fmp-components.com\/wp-content\/uploads\/2025\/01\/agricultural-gearbox3.webp 1140w, https:\/\/fmp-components.com\/wp-content\/uploads\/2025\/01\/agricultural-gearbox3-480x479.webp 480w\" sizes=\"(min-width: 0px) and (max-width: 480px) 480px, (min-width: 481px) 1140px, 100vw\" \/><\/p>\n<p>Yazar: CX<\/p>","protected":false},"excerpt":{"rendered":"<p>Specifications of Corn Header Gearbox T-304A Product details All gearboxes are supplied without oil. First oil change after 50-70 operating hours, then after 500-700 operating hours or at least once a year. Contact us for power at a different RPM. Application range Various (agricultural) applications Hole borer Consists of Gearbox Without oil Characteristics of Corn [&hellip;]<\/p>","protected":false},"featured_media":3186,"comment_status":"open","ping_status":"closed","template":"","meta":{"_et_pb_use_builder":"","_et_pb_old_content":"","_et_gb_content_width":""},"product_brand":[],"product_cat":[78],"product_tag":[],"class_list":{"0":"post-3185","1":"product","2":"type-product","3":"status-publish","4":"has-post-thumbnail","6":"product_cat-gearbox-for-agricultural-machinery","8":"first","9":"instock","10":"shipping-taxable","11":"product-type-simple"},"_links":{"self":[{"href":"https:\/\/fmp-components.com\/tr\/wp-json\/wp\/v2\/product\/3185","targetHints":{"allow":["GET"]}}],"collection":[{"href":"https:\/\/fmp-components.com\/tr\/wp-json\/wp\/v2\/product"}],"about":[{"href":"https:\/\/fmp-components.com\/tr\/wp-json\/wp\/v2\/types\/product"}],"replies":[{"embeddable":true,"href":"https:\/\/fmp-components.com\/tr\/wp-json\/wp\/v2\/comments?post=3185"}],"wp:featuredmedia":[{"embeddable":true,"href":"https:\/\/fmp-components.com\/tr\/wp-json\/wp\/v2\/media\/3186"}],"wp:attachment":[{"href":"https:\/\/fmp-components.com\/tr\/wp-json\/wp\/v2\/media?parent=3185"}],"wp:term":[{"taxonomy":"product_brand","embeddable":true,"href":"https:\/\/fmp-components.com\/tr\/wp-json\/wp\/v2\/product_brand?post=3185"},{"taxonomy":"product_cat","embeddable":true,"href":"https:\/\/fmp-components.com\/tr\/wp-json\/wp\/v2\/product_cat?post=3185"},{"taxonomy":"product_tag","embeddable":true,"href":"https:\/\/fmp-components.com\/tr\/wp-json\/wp\/v2\/product_tag?post=3185"}],"curies":[{"name":"wp","href":"https:\/\/api.w.org\/{rel}","templated":true}]}}