{"id":3134,"date":"2025-01-05T02:56:27","date_gmt":"2025-01-05T02:56:27","guid":{"rendered":"https:\/\/fmp-components.com\/?page_id=8"},"modified":"2025-01-05T02:56:28","modified_gmt":"2025-01-05T02:56:28","slug":"agricultural-potato-harvester-gearbox-for-harvesting-potato","status":"publish","type":"product","link":"https:\/\/fmp-components.com\/tr\/product\/agricultural-potato-harvester-gearbox-for-harvesting-potato\/","title":{"rendered":"Patates Hasad\u0131 i\u00e7in Tar\u0131msal Patates Hasat Makinesi \u015eanz\u0131man\u0131"},"content":{"rendered":"<p><img loading=\"lazy\" decoding=\"async\" class=\"alignnone size-full wp-image-3135\" src=\"https:\/\/fmp-components.com\/wp-content\/uploads\/2025\/01\/0_Potato-Harvester-Gearbox-6.webp\" alt=\"Patates Hasat Makinesi \u015eanz\u0131man\" width=\"1534\" height=\"1138\" title=\"\" srcset=\"https:\/\/fmp-components.com\/wp-content\/uploads\/2025\/01\/0_Potato-Harvester-Gearbox-6.webp 1534w, https:\/\/fmp-components.com\/wp-content\/uploads\/2025\/01\/0_Potato-Harvester-Gearbox-6-1280x950.webp 1280w, https:\/\/fmp-components.com\/wp-content\/uploads\/2025\/01\/0_Potato-Harvester-Gearbox-6-980x727.webp 980w, https:\/\/fmp-components.com\/wp-content\/uploads\/2025\/01\/0_Potato-Harvester-Gearbox-6-480x356.webp 480w\" sizes=\"(min-width: 0px) and (max-width: 480px) 480px, (min-width: 481px) and (max-width: 980px) 980px, (min-width: 981px) and (max-width: 1280px) 1280px, (min-width: 1281px) 1534px, 100vw\" \/><\/p>\n<h2>\u00dcr\u00fcn \u00d6zellikleri:<\/h2>\n<p>&nbsp;<\/p>\n<table border=\"1\" width=\"100%\" cellspacing=\"0\" cellpadding=\"0\">\n<tbody>\n<tr>\n<td width=\"193\">\u00dcr\u00fcn Ad\u0131<\/td>\n<td width=\"461\">Patates Hasat Makinesi \u015eanz\u0131man\u0131<\/td>\n<\/tr>\n<tr>\n<td>Malzeme<\/td>\n<td>\u00dct\u00fc<\/td>\n<\/tr>\n<tr>\n<td>Tip<\/td>\n<td>FMP-LLTC-14<\/td>\n<\/tr>\n<tr>\n<td>Renk<\/td>\n<td>\u00d6zelle\u015ftirme<\/td>\n<\/tr>\n<tr>\n<td>Anma G\u00fcc\u00fc<\/td>\n<td>15 kW<\/td>\n<\/tr>\n<tr>\n<td>Oran<\/td>\n<td>1:3.92<\/td>\n<\/tr>\n<tr>\n<td>Garanti<\/td>\n<td>Bir bu\u00e7uk y\u0131l<\/td>\n<\/tr>\n<tr>\n<td>Kullan\u0131lm\u0131\u015f<\/td>\n<td>Patates hasat makinesi<\/td>\n<\/tr>\n<\/tbody>\n<\/table>\n<h2>Patates Hasat Makinesi \u015eanz\u0131man\u0131n\u0131n Avantajlar\u0131<\/h2>\n<p>Patates hasat makinesi di\u015fli kutusu, modern tar\u0131m makinelerinde hayati bir bile\u015fen olup, patates hasat operasyonlar\u0131n\u0131n performans\u0131n\u0131, verimlili\u011fini ve dayan\u0131kl\u0131l\u0131\u011f\u0131n\u0131 art\u0131ran \u00e7e\u015fitli avantajlar sunar. Patates hasat makinesi di\u015fli kutusu kullanman\u0131n baz\u0131 temel avantajlar\u0131 \u015funlard\u0131r:<\/p>\n<p><strong>1. Optimize Edilmi\u015f G\u00fc\u00e7 Aktar\u0131m\u0131<\/strong><\/p>\n<ul>\n<li>Patates hasat makinesi \u015fanz\u0131manlar\u0131, trakt\u00f6r\u00fcn PTO'sundan (G\u00fc\u00e7 Aktarma Organ\u0131) gelen g\u00fcc\u00fc hasat makinesinin \u00e7e\u015fitli bile\u015fenlerine verimli bir \u015fekilde aktarmak \u00fczere tasarlanm\u0131\u015ft\u0131r. Bu sayede, \u00f6zellikle zorlu tarla ko\u015fullar\u0131nda a\u011f\u0131r y\u00fckleri ta\u015f\u0131rken sorunsuz \u00e7al\u0131\u015fma ve tutarl\u0131 performans sa\u011flan\u0131r.<\/li>\n<\/ul>\n<p><strong>2. Geli\u015fmi\u015f Dayan\u0131kl\u0131l\u0131k<\/strong><\/p>\n<ul>\n<li>Zorlu tar\u0131m ko\u015fullar\u0131na dayan\u0131kl\u0131 olarak \u00fcretilen patates hasat makinesi di\u015fli kutular\u0131, y\u00fcksek dayan\u0131kl\u0131l\u0131k i\u00e7in tasarlanm\u0131\u015ft\u0131r. Y\u00fcksek mukavemetli malzemelerin kullan\u0131m\u0131 ve hassas \u00fcretim, tarlada s\u00fcrekli \u00e7al\u0131\u015fman\u0131n getirdi\u011fi stres ve zorlanmay\u0131 kald\u0131rabilmelerini sa\u011flayarak ar\u0131za riskini azalt\u0131r ve makinenin \u00f6mr\u00fcn\u00fc uzat\u0131r.<\/li>\n<\/ul>\n<p><strong>3. Hassasiyet ve Verimlilik<\/strong><\/p>\n<ul>\n<li>Patates hasat makinesindeki di\u015fli kutusu, patateslerin kaz\u0131lmas\u0131, ayr\u0131lmas\u0131 ve ta\u015f\u0131nmas\u0131 gibi hasatta yer alan \u00e7e\u015fitli mekanizmalar \u00fczerinde hassas kontrol sa\u011flamak \u00fczere tasarlanm\u0131\u015ft\u0131r. D\u00f6n\u00fc\u015f h\u0131z\u0131n\u0131 ve torkunu optimize ederek, di\u015fli kutusu verimli \u00e7al\u0131\u015fmay\u0131 s\u00fcrd\u00fcrmeye, kay\u0131plar\u0131 \u00f6nlemeye ve patateslerin minimum hasarla hasat edilmesini sa\u011flamaya yard\u0131mc\u0131 olur.<\/li>\n<\/ul>\n<p><strong>4. Maliyet Etkin Bak\u0131m<\/strong><\/p>\n<ul>\n<li>Patates hasat makinesi di\u015fli kutular\u0131, genel i\u015fletme maliyetlerini d\u00fc\u015f\u00fcrmeye yard\u0131mc\u0131 olan kolay bak\u0131m i\u00e7in tasarlanm\u0131\u015ft\u0131r. Do\u011fru bak\u0131m ve servis ile bu di\u015fli kutular\u0131 daha uzun \u00f6m\u00fcrl\u00fc olabilir ve b\u00f6ylece s\u0131k s\u0131k de\u011fi\u015ftirme ihtiyac\u0131 azal\u0131r. Mod\u00fcler tasar\u0131mlar\u0131 ayr\u0131ca daha kolay onar\u0131m imkan\u0131 sunarak hasat d\u00f6nemindeki duru\u015f s\u00fcrelerini en aza indirir.<\/li>\n<\/ul>\n<p><strong>5. \u00c7ok Y\u00f6nl\u00fcl\u00fck ve Uyum Kabiliyeti<\/strong><\/p>\n<ul>\n<li>Bir\u00e7ok patates hasat makinesi di\u015fli kutusu, \u00e7e\u015fitli hasat makinesi modellerine ve farkl\u0131 tarla ko\u015fullar\u0131na uyum sa\u011flayabilecek \u015fekilde \u00e7ok y\u00f6nl\u00fc olarak tasarlanm\u0131\u015ft\u0131r. Bu esneklik, farkl\u0131 ihtiya\u00e7lara sahip \u00e7ift\u00e7ilere de\u011fer katarak, birden fazla operasyonda kullan\u0131labilmelerini sa\u011flar.<\/li>\n<\/ul>\n<p>\u00c7ift\u00e7iler, patates hasat makineleri i\u00e7in y\u00fcksek kaliteli di\u015fli kutular\u0131 se\u00e7erek verimlili\u011fi en \u00fcst d\u00fczeye \u00e7\u0131karabilir, i\u015fletme maliyetlerini azaltabilir ve ekipmanlar\u0131n\u0131n \u00f6mr\u00fcn\u00fc uzatabilirler. Di\u015fli kutusu, hasat sezonu boyunca sorunsuz ve verimli bir \u00e7al\u0131\u015fma sa\u011flaman\u0131n \u00f6nemli bir par\u00e7as\u0131d\u0131r.<\/p>\n<table style=\"border-collapse: collapse; width: 100.404%; height: 407px;\" border=\"0\" width=\"128\" cellspacing=\"0\" cellpadding=\"0\">\n<tbody>\n<tr style=\"height: 13.8pt;\">\n<td style=\"height: 13.8pt; width: 40.9032%;\" align=\"right\" width=\"64\" height=\"18\"><img loading=\"lazy\" decoding=\"async\" class=\"alignnone size-full wp-image-3137\" src=\"https:\/\/fmp-components.com\/wp-content\/uploads\/2025\/01\/0_Potato-Harvester-Gearbox-22.webp\" alt=\"Patates Hasat Makinesi \u015eanz\u0131man\" width=\"800\" height=\"800\" title=\"\" srcset=\"https:\/\/fmp-components.com\/wp-content\/uploads\/2025\/01\/0_Potato-Harvester-Gearbox-22.webp 800w, https:\/\/fmp-components.com\/wp-content\/uploads\/2025\/01\/0_Potato-Harvester-Gearbox-22-480x480.webp 480w\" sizes=\"(min-width: 0px) and (max-width: 480px) 480px, (min-width: 481px) 800px, 100vw\" \/><\/td>\n<td style=\"width: 58.9782%;\" align=\"right\" width=\"64\"><img loading=\"lazy\" decoding=\"async\" class=\"alignnone  wp-image-3136\" src=\"https:\/\/fmp-components.com\/wp-content\/uploads\/2025\/01\/0_Potato-Harvester-Gearbox-7.webp\" alt=\"Patates Hasat Makinesi \u015eanz\u0131man\" width=\"547\" height=\"376\" title=\"\" srcset=\"https:\/\/fmp-components.com\/wp-content\/uploads\/2025\/01\/0_Potato-Harvester-Gearbox-7.webp 547w, https:\/\/fmp-components.com\/wp-content\/uploads\/2025\/01\/0_Potato-Harvester-Gearbox-7-480x330.webp 480w\" sizes=\"(min-width: 0px) and (max-width: 480px) 480px, (min-width: 481px) 547px, 100vw\" \/><\/td>\n<\/tr>\n<\/tbody>\n<\/table>\n<h2>Trakt\u00f6r PTO Tahrikli Patates Hasat Makinesi \u015eanz\u0131man\u0131n\u0131n \u00c7al\u0131\u015fma Prensibi<\/h2>\n<p>PTO tahrikli bir patates hasat makinesi \u015fanz\u0131man\u0131, trakt\u00f6r\u00fcn G\u00fc\u00e7 Aktarma Organ\u0131 (PTO) sisteminden patates hasad\u0131nda kullan\u0131lan \u00e7e\u015fitli mekanizmalara g\u00fcc\u00fcn verimli bir \u015fekilde aktar\u0131lmas\u0131nda \u00f6nemli bir rol oynar. \u015eanz\u0131man, g\u00fcc\u00fc makinenin farkl\u0131 par\u00e7alar\u0131na d\u00fczenleyip da\u011f\u0131tarak hasat makinesinin optimum performans\u0131n\u0131 sa\u011flar ve sorunsuz, verimli ve g\u00fcvenilir bir \u00e7al\u0131\u015fma sa\u011flar. A\u015fa\u011f\u0131da, PTO tahrikli patates hasat makinesi \u015fanz\u0131man\u0131n\u0131n \u00e7al\u0131\u015fma prensibine genel bir bak\u0131\u015f sunulmaktad\u0131r:<\/p>\n<p><strong>1. Trakt\u00f6rden \u015eanz\u0131mana G\u00fc\u00e7 Aktar\u0131m\u0131<\/strong><\/p>\n<ul>\n<li>PTO \u015eaft\u0131 Kavramas\u0131: \u0130\u015flem, trakt\u00f6r\u00fcn motor g\u00fcc\u00fcn\u00fcn PTO \u015faft\u0131 arac\u0131l\u0131\u011f\u0131yla iletilmesiyle ba\u015flar. Trakt\u00f6r\u00fcn PTO sistemi, mekanik g\u00fc\u00e7 (d\u00f6nme torku) \u00fcretir ve bunu bi\u00e7erd\u00f6verin \u015fanz\u0131man\u0131na ba\u011fl\u0131 PTO \u015faft\u0131 arac\u0131l\u0131\u011f\u0131yla iletir.<\/li>\n<li>D\u00f6n\u00fc\u015f Giri\u015fi: Trakt\u00f6r\u00fcn motoru \u00e7al\u0131\u015f\u0131rken, PTO \u015faft\u0131 belirli bir h\u0131zda (trakt\u00f6re ba\u011fl\u0131 olarak genellikle 540 veya 1000 RPM civar\u0131nda) d\u00f6ner. Bu d\u00f6n\u00fc\u015f g\u00fcc\u00fc daha sonra di\u015fli kutusuna aktar\u0131l\u0131r ve burada i\u015flenerek patates hasat makinesinin \u00e7e\u015fitli bile\u015fenlerine yeniden da\u011f\u0131t\u0131l\u0131r.<\/li>\n<\/ul>\n<p><strong>2. \u015eanz\u0131man G\u00fc\u00e7 Da\u011f\u0131t\u0131m\u0131<\/strong><\/p>\n<ul>\n<li>Red\u00fcksiyon ve H\u0131z Kontrol\u00fc: \u015eanz\u0131man\u0131n temel i\u015flevi, PTO giri\u015finin d\u00f6n\u00fc\u015f h\u0131z\u0131n\u0131 bi\u00e7erd\u00f6verin \u00e7al\u0131\u015fma mekanizmalar\u0131na uygun bir seviyeye d\u00fc\u015f\u00fcrmektir. Trakt\u00f6r\u00fcn PTO'su genellikle daha y\u00fcksek h\u0131zlarda (\u00f6rne\u011fin 540 RPM) \u00e7al\u0131\u015f\u0131r, ancak kazma, temizleme ve konvey\u00f6r sistemleri gibi \u00e7e\u015fitli bi\u00e7erd\u00f6ver fonksiyonlar\u0131 daha d\u00fc\u015f\u00fck h\u0131zlar gerektirir. \u015eanz\u0131man, giri\u015f h\u0131z\u0131n\u0131 azaltmak ve her bir par\u00e7an\u0131n do\u011fru h\u0131zda \u00e7al\u0131\u015fmas\u0131n\u0131 sa\u011flamak i\u00e7in bir dizi di\u015fli (planet, konik veya helisel di\u015fliler gibi) kullan\u0131r.<\/li>\n<li>Tork Art\u0131\u015f\u0131: H\u0131z d\u00fc\u015f\u00fcrmenin yan\u0131 s\u0131ra, \u015fanz\u0131man genellikle patatesleri kazmak, kald\u0131rmak ve topraktan ay\u0131rmak i\u00e7in gerekli g\u00fcc\u00fc sa\u011flamak \u00fczere torku da art\u0131r\u0131r. Artan tork, \u00f6zellikle zorlu toprak ko\u015fullar\u0131nda \u00e7al\u0131\u015f\u0131rken, hasat makinesinin mekanik sistemlerine g\u00fc\u00e7 sa\u011flamak i\u00e7in olmazsa olmazd\u0131r.<\/li>\n<\/ul>\n<p><strong>3. \u00c7e\u015fitli Bile\u015fenlere G\u00fc\u00e7 Aktar\u0131m\u0131<\/strong><\/p>\n<ul>\n<li>Kazma Mekanizmas\u0131: \u015eanz\u0131man, g\u00fcc\u00fc topra\u011f\u0131 gev\u015feten ve patatesleri \u00e7\u0131karan bir dizi d\u00f6ner b\u0131\u00e7ak veya ba\u011flant\u0131 noktas\u0131ndan olu\u015fan kazma bile\u015fenlerine iletir. D\u00f6nme hareketi genellikle bir zincir, kay\u0131\u015f veya \u015faft sistemi arac\u0131l\u0131\u011f\u0131yla aktar\u0131l\u0131r.<\/li>\n<li>Konvey\u00f6r Sistemi: \u015eanz\u0131mandan gelen g\u00fc\u00e7, hasat edilen patatesleri topraktan temizleme ve ay\u0131rma sistemlerine ta\u015f\u0131yan konvey\u00f6r bant veya elevat\u00f6r\u00fc de \u00e7al\u0131\u015ft\u0131r\u0131r. Konvey\u00f6r sistemi, patatesleri zarar vermeden ta\u015f\u0131mak i\u00e7in istikrarl\u0131 ve verimli bir g\u00fc\u00e7 aktar\u0131m\u0131na ihtiya\u00e7 duyar.<\/li>\n<li>Ay\u0131rma ve Temizleme Mekanizmas\u0131: Di\u015fli kutusu, genellikle patateslerdeki toprak, ta\u015f ve kal\u0131nt\u0131lar\u0131 ay\u0131ran titre\u015fimli elekler veya d\u00f6ner tamburlar i\u00e7eren temizleme sistemine g\u00fc\u00e7 sa\u011flar. Bu sayede, depolama veya ta\u015f\u0131ma i\u00e7in yaln\u0131zca temiz patatesler toplan\u0131r.<\/li>\n<li>Ek Sistemler: Hasat makinesinin modeline ba\u011fl\u0131 olarak, \u015fanz\u0131man ayr\u0131ca kald\u0131rma mekanizmalar\u0131, toprak eleme ekipmanlar\u0131 veya genel hasat verimlili\u011fini art\u0131rmak i\u00e7in tasarlanm\u0131\u015f yard\u0131mc\u0131 aletler gibi di\u011fer sistemleri de \u00e7al\u0131\u015ft\u0131rabilir.<\/li>\n<\/ul>\n<p><strong>4. De\u011fi\u015fken H\u0131z Kontrol\u00fc (varsa)<\/strong><\/p>\n<ul>\n<li>Baz\u0131 geli\u015fmi\u015f patates hasat makinesi di\u015fli kutular\u0131, operat\u00f6rlerin belirli bile\u015fenlerin (\u00f6rne\u011fin konvey\u00f6r bantlar\u0131 veya kazma mekanizmalar\u0131) h\u0131z\u0131n\u0131 farkl\u0131 tarla ko\u015fullar\u0131na uyacak \u015fekilde ayarlamas\u0131na olanak tan\u0131yan de\u011fi\u015fken h\u0131z kontrol\u00fc \u00f6zelli\u011fine sahiptir. Bu \u00f6zellik, performans \u00fczerinde daha fazla kontrol sa\u011flayarak hasat makinesinin \u00e7al\u0131\u015fmas\u0131n\u0131 optimize eder ve de\u011fi\u015fen toprak tipleri ve tarla ko\u015fullar\u0131nda maksimum verimlilik sa\u011flar.<\/li>\n<\/ul>\n<p><strong>5. Verimlilik ve Senkronizasyon<\/strong><\/p>\n<ul>\n<li>\u015eanz\u0131man, patates hasat makinesinin t\u00fcm bile\u015fenlerinin m\u00fckemmel bir senkronizasyon i\u00e7inde \u00e7al\u0131\u015fmas\u0131n\u0131 sa\u011flayarak makinenin maksimum verimlilikte \u00e7al\u0131\u015fmas\u0131n\u0131 sa\u011flar. Farkl\u0131 bile\u015fenlerin tork ve d\u00f6n\u00fc\u015f h\u0131z\u0131n\u0131 ayarlayarak, kazma, ta\u015f\u0131ma ve temizleme i\u015flemlerinin dengeli ve verimli olmas\u0131n\u0131 sa\u011flayarak enerji kayb\u0131n\u0131 en aza indirir ve yak\u0131t t\u00fcketimini optimize eder.<\/li>\n<\/ul>\n<p>PTO tahrikli patates hasat makinesi \u015fanz\u0131man\u0131n\u0131n \u00e7al\u0131\u015fma prensibi, esas itibar\u0131yla trakt\u00f6r\u00fcn y\u00fcksek h\u0131zl\u0131 PTO \u00e7\u0131k\u0131\u015f\u0131n\u0131, \u00e7e\u015fitli hasat fonksiyonlar\u0131 i\u00e7in gereken kontroll\u00fc, g\u00fcvenilir g\u00fcce verimli bir \u015fekilde d\u00f6n\u00fc\u015ft\u00fcrerek makinenin genel performans\u0131n\u0131 optimize etmeye dayanmaktad\u0131r.<\/p>\n<p><img loading=\"lazy\" decoding=\"async\" class=\"size-full wp-image-3138 aligncenter\" src=\"https:\/\/fmp-components.com\/wp-content\/uploads\/2025\/01\/0_Potato-Harvester-Gearbox-23.webp\" alt=\"Patates Hasat Makinesi \u015eanz\u0131man\" width=\"800\" height=\"800\" title=\"\" srcset=\"https:\/\/fmp-components.com\/wp-content\/uploads\/2025\/01\/0_Potato-Harvester-Gearbox-23.webp 800w, https:\/\/fmp-components.com\/wp-content\/uploads\/2025\/01\/0_Potato-Harvester-Gearbox-23-480x480.webp 480w\" sizes=\"(min-width: 0px) and (max-width: 480px) 480px, (min-width: 481px) 800px, 100vw\" \/><\/p>\n<h3>FMP Hakk\u0131nda<\/h3>\n<p>\u0130talya merkezli FMP, tar\u0131m makineleri sekt\u00f6r\u00fcne odaklanarak y\u00fcksek performansl\u0131 di\u015fli kutular\u0131n\u0131n tasar\u0131m\u0131, geli\u015ftirilmesi ve \u00fcretiminde uzmanla\u015fm\u0131\u015f lider bir \u00fcreticidir. Hassas m\u00fchendisli\u011fi, yenilik\u00e7i \u00e7\u00f6z\u00fcmleri ve sars\u0131lmaz g\u00fcvenilirli\u011fiyle tan\u0131nan FMP, hem tar\u0131m hem de end\u00fcstriyel pazarlarda g\u00fcvenilir bir ortak olarak g\u00fc\u00e7l\u00fc bir itibar kazanm\u0131\u015ft\u0131r. Geni\u015f \u00fcr\u00fcn portf\u00f6y\u00fcm\u00fcz, \u00e7im bi\u00e7me makineleri i\u00e7in \u00f6zel olarak tasarlanm\u0131\u015f di\u015fli kutular\u0131, kuyruk mili milleri ve her biri farkl\u0131 uygulamalar\u0131n benzersiz gereksinimlerini kar\u015f\u0131lamak \u00fczere \u00f6zenle tasarlanm\u0131\u015f \u00e7e\u015fitli temel bile\u015fenleri i\u00e7erir.<\/p>\n<p>FMP olarak, her m\u00fc\u015fterinin farkl\u0131 zorluklarla kar\u015f\u0131la\u015ft\u0131\u011f\u0131n\u0131n bilincindeyiz. Bu anlay\u0131\u015f, ister bireysel bile\u015fenler ister tamamen entegre sistemler i\u00e7in olsun, ki\u015fiye \u00f6zel \u00e7\u00f6z\u00fcmler sunma taahh\u00fcd\u00fcm\u00fcz\u00fc destekliyor. M\u00fc\u015fterilerimizle yak\u0131n i\u015f birli\u011fi i\u00e7inde, her \u00e7\u00f6z\u00fcm\u00fcn yaln\u0131zca \u00f6zel ihtiya\u00e7lar\u0131n\u0131 kar\u015f\u0131lamakla kalmay\u0131p, ayn\u0131 zamanda performans\u0131 art\u0131r\u0131p de\u011feri en \u00fcst d\u00fczeye \u00e7\u0131karmas\u0131n\u0131 sa\u011fl\u0131yoruz. H\u0131zl\u0131, profesyonel yan\u0131tlar ve uzman rehberli\u011fine odaklanmam\u0131z, her sorunun hassasiyetle ele al\u0131nmas\u0131n\u0131 ve her seferinde en iyi sonu\u00e7lar\u0131n garanti edilmesini sa\u011flar.<\/p>\n<p>\u00dcr\u00fcn geli\u015ftirme s\u00fcrecinin tamam\u0131nda s\u00fcrekli ve \u015feffaf ileti\u015fime \u00f6nem veriyoruz. \u00d6zverili ekibimiz, m\u00fc\u015fterilerimizle yak\u0131n bir \u015fekilde \u00e7al\u0131\u015farak ihtiya\u00e7lar\u0131n\u0131 derinlemesine anl\u0131yor ve optimum sonu\u00e7lar elde etmek i\u00e7in de\u011ferli i\u00e7g\u00f6r\u00fcler ve \u00f6neriler sunuyor. \u0130ster son teknoloji \u00fcr\u00fcnler geli\u015ftiriyor ister rutin sipari\u015fleri kar\u015f\u0131l\u0131yor olun, FMP y\u00fcksek kaliteli, hassas m\u00fchendislik \u00e7\u00f6z\u00fcmlerini zaman\u0131nda ve \u00f6d\u00fcn vermeden sunmaya kendini adam\u0131\u015ft\u0131r. Misyonumuz, her projede ola\u011fan\u00fcst\u00fc hizmet ve ola\u011fan\u00fcst\u00fc sonu\u00e7lar sunarak m\u00fc\u015fteri beklentilerini s\u00fcrekli olarak a\u015fmakt\u0131r.<\/p>\n<p>Kalite, FMP'nin faaliyetlerinin temel ta\u015f\u0131d\u0131r. Her \u00fcr\u00fcn\u00fcn sekt\u00f6r standartlar\u0131n\u0131 kar\u015f\u0131lamas\u0131n\u0131 ve hatta a\u015fmas\u0131n\u0131 sa\u011flamak i\u00e7in en y\u00fcksek \u00fcretim standartlar\u0131na ba\u011fl\u0131 kal\u0131yor ve s\u0131k\u0131 kalite kontrol \u00f6nlemleri uyguluyoruz. M\u00fckemmelli\u011fe olan bu sars\u0131lmaz ba\u011fl\u0131l\u0131\u011f\u0131m\u0131z, d\u00fcr\u00fcstl\u00fck, ekip \u00e7al\u0131\u015fmas\u0131 ve azim gibi temel de\u011ferlerimizle birle\u015ferek, d\u00fcnya \u00e7ap\u0131nda yakla\u015f\u0131k 30 \u00fclkedeki m\u00fc\u015fterilerimizle uzun vadeli, g\u00fcvene dayal\u0131 ili\u015fkiler kurmam\u0131z\u0131 sa\u011flam\u0131\u015ft\u0131r.<\/p>\n<p>FMP, m\u00fc\u015fterilerimizin de\u011fi\u015fen ihtiya\u00e7lar\u0131n\u0131 kar\u015f\u0131layan uzman tavsiyeleri ve \u00f6zelle\u015ftirilmi\u015f \u00e7\u00f6z\u00fcmler sunarak k\u00fcresel ortakl\u0131klar kurmaya her zaman isteklidir. Her projenin ba\u015far\u0131s\u0131na katk\u0131da bulunan, uzun vadeli ve kar\u015f\u0131l\u0131kl\u0131 fayda sa\u011flayan ili\u015fkiler kurmaya kendimizi adad\u0131k. \u0130ster yeni bir giri\u015fim i\u00e7in yenilik\u00e7i \u00e7\u00f6z\u00fcmlere, ister mevcut bir sistem i\u00e7in s\u00fcrekli deste\u011fe ihtiyac\u0131n\u0131z olsun, FMP teknik zorluklar\u0131n \u00fcstesinden gelmenize ve ba\u015far\u0131n\u0131z\u0131n devam\u0131n\u0131 sa\u011flaman\u0131za yard\u0131mc\u0131 olmaya haz\u0131rd\u0131r.<\/p>\n<p><img loading=\"lazy\" decoding=\"async\" class=\"alignnone wp-image-2695\" src=\"https:\/\/fmp-components.com\/wp-content\/uploads\/2025\/01\/agricultural-gearbox3.webp\" alt=\"tar\u0131msal \u015fanz\u0131man\" width=\"1140\" height=\"1138\" title=\"\" srcset=\"https:\/\/fmp-components.com\/wp-content\/uploads\/2025\/01\/agricultural-gearbox3.webp 1140w, https:\/\/fmp-components.com\/wp-content\/uploads\/2025\/01\/agricultural-gearbox3-480x479.webp 480w\" sizes=\"(min-width: 0px) and (max-width: 480px) 480px, (min-width: 481px) 1140px, 100vw\" \/><\/p>\n<p>Yazar: CX<\/p>","protected":false},"excerpt":{"rendered":"<p>Product Specifications: &nbsp; Product Name Potato Harvester Gearbox Material Iron Type FMP-LLTC-14 Color Customization Rated Power 15KW Ratio 1:3.92 Warranty One and half year Used Potato harvester Advantages of Potato Harvester Gearbox The potato harvester gearbox is a vital component in modern agricultural machinery, providing several benefits that enhance the performance, efficiency, and durability of [&hellip;]<\/p>","protected":false},"featured_media":3139,"comment_status":"open","ping_status":"closed","template":"","meta":{"_et_pb_use_builder":"","_et_pb_old_content":"","_et_gb_content_width":""},"product_brand":[],"product_cat":[75],"product_tag":[],"class_list":{"0":"post-3134","1":"product","2":"type-product","3":"status-publish","4":"has-post-thumbnail","6":"product_cat-potato-harvester-gearbox","8":"first","9":"instock","10":"shipping-taxable","11":"product-type-simple"},"_links":{"self":[{"href":"https:\/\/fmp-components.com\/tr\/wp-json\/wp\/v2\/product\/3134","targetHints":{"allow":["GET"]}}],"collection":[{"href":"https:\/\/fmp-components.com\/tr\/wp-json\/wp\/v2\/product"}],"about":[{"href":"https:\/\/fmp-components.com\/tr\/wp-json\/wp\/v2\/types\/product"}],"replies":[{"embeddable":true,"href":"https:\/\/fmp-components.com\/tr\/wp-json\/wp\/v2\/comments?post=3134"}],"wp:featuredmedia":[{"embeddable":true,"href":"https:\/\/fmp-components.com\/tr\/wp-json\/wp\/v2\/media\/3139"}],"wp:attachment":[{"href":"https:\/\/fmp-components.com\/tr\/wp-json\/wp\/v2\/media?parent=3134"}],"wp:term":[{"taxonomy":"product_brand","embeddable":true,"href":"https:\/\/fmp-components.com\/tr\/wp-json\/wp\/v2\/product_brand?post=3134"},{"taxonomy":"product_cat","embeddable":true,"href":"https:\/\/fmp-components.com\/tr\/wp-json\/wp\/v2\/product_cat?post=3134"},{"taxonomy":"product_tag","embeddable":true,"href":"https:\/\/fmp-components.com\/tr\/wp-json\/wp\/v2\/product_tag?post=3134"}],"curies":[{"name":"wp","href":"https:\/\/api.w.org\/{rel}","templated":true}]}}