{"id":3129,"date":"2025-01-05T02:44:39","date_gmt":"2025-01-05T02:44:39","guid":{"rendered":"https:\/\/fmp-components.com\/?page_id=8"},"modified":"2025-01-05T02:44:39","modified_gmt":"2025-01-05T02:44:39","slug":"grain-auger-gearbox-fmp-2390-for-agricultural-grain-storage-and-transportation","status":"publish","type":"product","link":"https:\/\/fmp-components.com\/tr\/product\/grain-auger-gearbox-fmp-2390-for-agricultural-grain-storage-and-transportation\/","title":{"rendered":"Tar\u0131msal Tah\u0131l Depolama ve Ta\u015f\u0131ma i\u00e7in Tah\u0131l Burgu \u015eanz\u0131man FMP-2390"},"content":{"rendered":"<h2>Tah\u0131l Helezon Di\u015fli Kutusu FMP-2390 Teknik \u00d6zellikleri<\/h2>\n<p><img loading=\"lazy\" decoding=\"async\" class=\"alignnone size-full wp-image-3131\" src=\"https:\/\/fmp-components.com\/wp-content\/uploads\/2025\/01\/Grain-Auger-Gearbox-EP-2390-Dimension.webp\" alt=\"Tah\u0131l-Helezon-Di\u015fli Kutusu-EP-2390-Boyut\" width=\"1534\" height=\"1064\" title=\"\" srcset=\"https:\/\/fmp-components.com\/wp-content\/uploads\/2025\/01\/Grain-Auger-Gearbox-EP-2390-Dimension.webp 1534w, https:\/\/fmp-components.com\/wp-content\/uploads\/2025\/01\/Grain-Auger-Gearbox-EP-2390-Dimension-1280x888.webp 1280w, https:\/\/fmp-components.com\/wp-content\/uploads\/2025\/01\/Grain-Auger-Gearbox-EP-2390-Dimension-980x680.webp 980w, https:\/\/fmp-components.com\/wp-content\/uploads\/2025\/01\/Grain-Auger-Gearbox-EP-2390-Dimension-480x333.webp 480w\" sizes=\"(min-width: 0px) and (max-width: 480px) 480px, (min-width: 481px) and (max-width: 980px) 980px, (min-width: 981px) and (max-width: 1280px) 1280px, (min-width: 1281px) 1534px, 100vw\" \/><\/p>\n<table style=\"width: 95.8687%; height: 220px;\" border=\"1\" cellspacing=\"0\" cellpadding=\"0\">\n<tbody>\n<tr class=\"firstRow\">\n<td>\u00dcr\u00fcn Ad\u0131<\/td>\n<td>Tah\u0131l burgu di\u015fli kutusu FMP-2390<\/td>\n<\/tr>\n<tr>\n<td>Malzeme<\/td>\n<td>G\u00f6vde HT250, Mil 20CrMnTi<\/td>\n<\/tr>\n<tr>\n<td>Renk<\/td>\n<td>Koyu veya K\u0131rm\u0131z\u0131 veya iste\u011fe g\u00f6re<\/td>\n<\/tr>\n<tr>\n<td>Tip<\/td>\n<td>Konik di\u015fli<\/td>\n<\/tr>\n<tr>\n<td>Oran<\/td>\n<td>1:1<\/td>\n<\/tr>\n<tr>\n<td>Rulman<\/td>\n<td>QC veya C&amp;U veya NTN<\/td>\n<\/tr>\n<tr>\n<td>Garanti<\/td>\n<td>bir bu\u00e7uk y\u0131l<\/td>\n<\/tr>\n<tr>\n<td>Kullan\u0131lm\u0131\u015f<\/td>\n<td>tah\u0131l depolama<\/td>\n<\/tr>\n<\/tbody>\n<\/table>\n<h3>Tah\u0131l Depolama ve Ta\u015f\u0131mac\u0131l\u0131\u011f\u0131nda Tah\u0131l Helezon Di\u015fli Kutusunun Uygulamalar\u0131<\/h3>\n<p>Tah\u0131l burgu di\u015fli kutular\u0131, depolama ve ta\u015f\u0131ma s\u00fcre\u00e7lerinde tah\u0131llar\u0131n verimli bir \u015fekilde hareket ettirilmesi ve i\u015flenmesinde kritik bir rol oynar. A\u015fa\u011f\u0131da, bu sekt\u00f6rlerde tah\u0131l burgu di\u015fli kutular\u0131n\u0131n ba\u015fl\u0131ca uygulamalar\u0131 yer almaktad\u0131r:<\/p>\n<ol>\n<li><strong>Tah\u0131l Depolama Silolar\u0131:<\/strong>\n<ul>\n<li><strong>Tah\u0131l Ambarlar\u0131:<\/strong> Di\u015fli kutusu, tah\u0131l depolar\u0131nda kullan\u0131lan helezonlar\u0131 \u00e7al\u0131\u015ft\u0131rarak tah\u0131l\u0131 silolar i\u00e7indeki \u00e7e\u015fitli depolama seviyelerine ta\u015f\u0131r. Tah\u0131l\u0131n verimli bir \u015fekilde ta\u015f\u0131nmas\u0131, topaklanmay\u0131 veya hasar\u0131 \u00f6nlemek ve optimum depolama ko\u015fullar\u0131n\u0131 sa\u011flamak i\u00e7in \u00e7ok \u00f6nemlidir.<\/li>\n<li><strong>Bo\u015faltma Sistemleri:<\/strong> Helezonlu di\u015fli kutular\u0131, tah\u0131l\u0131n depolama silolar\u0131ndan kamyonlara, konvey\u00f6rlere veya di\u011fer ta\u015f\u0131ma sistemlerine bo\u015falt\u0131lmas\u0131nda ayr\u0131lmaz bir par\u00e7ad\u0131r. Hassasiyetleri, tah\u0131l\u0131n sorunsuz ve tutarl\u0131 bir \u015fekilde akmas\u0131n\u0131 sa\u011flayarak t\u0131kanmalar\u0131 veya gecikmeleri \u00f6nler.<\/li>\n<\/ul>\n<\/li>\n<li><strong>Tah\u0131l \u0130\u015fleme Tesisleri:<\/strong>\n<ul>\n<li><strong>Konvey\u00f6r Sistemleri:<\/strong> Tah\u0131l i\u015fleme tesislerinde, helezon di\u015fli kutular\u0131, tah\u0131l\u0131 i\u015fleme tesisinin \u00e7e\u015fitli b\u00f6l\u00fcmleri aras\u0131nda hareket ettiren vidal\u0131 konvey\u00f6rlere g\u00fc\u00e7 sa\u011flamak i\u00e7in kullan\u0131l\u0131r. Bu sayede tah\u0131l\u0131n depolama, temizleme ve \u00f6\u011f\u00fctme alanlar\u0131 aras\u0131nda h\u0131zl\u0131 bir \u015fekilde ta\u015f\u0131nmas\u0131 sa\u011flan\u0131r.<\/li>\n<li><strong>Kurutma Sistemleri:<\/strong> Tah\u0131l burgu di\u015fli kutular\u0131, burgular\u0131n tah\u0131l\u0131 kurutma odalar\u0131ndan ge\u00e7irerek s\u00fcrekli hava ak\u0131\u015f\u0131 ve nem azalt\u0131m\u0131 sa\u011flad\u0131\u011f\u0131 kurutma sistemlerinde kullan\u0131l\u0131r. Bu, tah\u0131l\u0131n uzun s\u00fcreli depolama i\u00e7in en uygun durumda kalmas\u0131n\u0131 sa\u011flar.<\/li>\n<\/ul>\n<\/li>\n<li><strong>Tah\u0131l\u0131n Pazara Ta\u015f\u0131nmas\u0131:<\/strong>\n<ul>\n<li><strong>Kamyon Y\u00fckleme:<\/strong> Helezonlu di\u015fli kutular\u0131, tah\u0131l\u0131n depolama tesislerinden veya ta\u015f\u0131ma silolar\u0131ndan kamyonlara y\u00fcklenerek daha sonraki da\u011f\u0131t\u0131m i\u00e7in kullan\u0131ld\u0131\u011f\u0131 kamyon y\u00fckleme istasyonlar\u0131nda hayati \u00f6neme sahiptir. Di\u015fli kutusu, tah\u0131l\u0131n sorunsuz, h\u0131zl\u0131 ve kontroll\u00fc bir \u015fekilde aktar\u0131lmas\u0131n\u0131 sa\u011flar.<\/li>\n<li><strong>Toplu Tah\u0131l Ta\u015f\u0131ma:<\/strong> B\u00fcy\u00fck \u00f6l\u00e7ekli d\u00f6kme tah\u0131l ta\u015f\u0131ma tesislerinde, helezon di\u015fli kutular\u0131, tah\u0131l\u0131 verimli bir \u015fekilde ta\u015f\u0131mak i\u00e7in gerekli torku sa\u011flayarak d\u00f6k\u00fclmeyi ve israf\u0131 en aza indirirken verimlili\u011fi en \u00fcst d\u00fczeye \u00e7\u0131kar\u0131r.<\/li>\n<\/ul>\n<\/li>\n<li><strong>Tah\u0131l \u0130\u015fleme ve \u00d6\u011f\u00fctme:<\/strong>\n<ul>\n<li><strong>Temizlik Sistemleri:<\/strong> Di\u015fli kutular\u0131 ile \u00e7al\u0131\u015fan tah\u0131l burgular\u0131, tah\u0131l\u0131 \u00e7e\u015fitli eleme, ay\u0131rma ve s\u0131n\u0131fland\u0131rma makinelerinden ge\u00e7irmek i\u00e7in temizleme sistemlerinde kullan\u0131l\u0131r. Bu burgular, istenmeyen kal\u0131nt\u0131lar\u0131 uzakla\u015ft\u0131rmaya ve tah\u0131llar\u0131n \u00f6\u011f\u00fctme veya daha ileri i\u015fleme i\u00e7in haz\u0131r olmas\u0131n\u0131 sa\u011flamaya yard\u0131mc\u0131 olur.<\/li>\n<li><strong>\u00d6\u011f\u00fctme \u00dcniteleri:<\/strong> Helezon di\u015fli kutular\u0131, tah\u0131l\u0131n \u00f6\u011f\u00fct\u00fclerek un haline getirildi\u011fi veya ba\u015fka ama\u00e7larla i\u015flendi\u011fi de\u011firmen \u00fcnitelerinde tah\u0131l ta\u015f\u0131mac\u0131l\u0131\u011f\u0131n\u0131 da destekler. Tah\u0131l\u0131n \u00f6\u011f\u00fct\u00fcc\u00fclere veya k\u0131r\u0131c\u0131lara s\u00fcrekli olarak beslenmesini sa\u011flarlar.<\/li>\n<\/ul>\n<\/li>\n<li><strong>\u00c7iftliklerde Kullan\u0131m:<\/strong>\n<ul>\n<li><strong>Tar\u0131m Burgular\u0131:<\/strong> Hasat makinelerinden depolama tanklar\u0131na veya r\u00f6morklara tah\u0131l ta\u015f\u0131mac\u0131l\u0131\u011f\u0131 i\u00e7in \u00e7iftliklerde yayg\u0131n olarak helezon di\u015fli kutular\u0131 kullan\u0131l\u0131r. Bu di\u015fli kutular\u0131, helezonlara gerekli torku ve kontrol\u00fc sa\u011flayarak hasat mevsimlerinde tah\u0131l transferinde etkili olmalar\u0131n\u0131 sa\u011flar.<\/li>\n<li><strong>Tah\u0131l Depolama Sistemleri:<\/strong> Tah\u0131l depolar\u0131ndaki helezonlu di\u015fli kutular\u0131, tah\u0131l\u0131n \u00e7iftli\u011fin veya depolama tesislerinin farkl\u0131 alanlar\u0131na ta\u015f\u0131nmas\u0131n\u0131 kolayla\u015ft\u0131rarak, ta\u015f\u0131ma i\u015flemi s\u0131ras\u0131nda tah\u0131llar\u0131n zarar g\u00f6rmemesini sa\u011flar.<\/li>\n<\/ul>\n<\/li>\n<\/ol>\n<p>Tah\u0131l burgu di\u015fli kutular\u0131n\u0131n kullan\u0131m\u0131yla, tar\u0131m ve depolama tesisleri operasyonlar\u0131n\u0131 kolayla\u015ft\u0131rabilir, i\u015fletme maliyetlerini d\u00fc\u015f\u00fcrebilir ve y\u00fcksek tah\u0131l kalitesi standartlar\u0131n\u0131 koruyabilir.<\/p>\n<p><img loading=\"lazy\" decoding=\"async\" class=\"size-full wp-image-3132 aligncenter\" src=\"https:\/\/fmp-components.com\/wp-content\/uploads\/2025\/01\/Grain-Transportation-Gearbox-5.webp\" alt=\"Tah\u0131l Ta\u015f\u0131ma \u015eanz\u0131man\u0131-5\" width=\"800\" height=\"800\" title=\"\" srcset=\"https:\/\/fmp-components.com\/wp-content\/uploads\/2025\/01\/Grain-Transportation-Gearbox-5.webp 800w, https:\/\/fmp-components.com\/wp-content\/uploads\/2025\/01\/Grain-Transportation-Gearbox-5-480x480.webp 480w\" sizes=\"(min-width: 0px) and (max-width: 480px) 480px, (min-width: 481px) 800px, 100vw\" \/><\/p>\n<h2>Tah\u0131l Helezon \u015eanz\u0131man\u0131n\u0131n Ba\u015fl\u0131ca Bile\u015fenleri<\/h2>\n<p>Tah\u0131l burgu di\u015fli kutusu, tar\u0131m ve depolama sistemlerinde kritik bir bile\u015fendir; \u00e7\u00fcnk\u00fc tah\u0131l\u0131n ta\u015f\u0131ma, depolama ve \u00f6\u011f\u00fctme gibi \u00e7e\u015fitli s\u00fcre\u00e7lerden verimli bir \u015fekilde ge\u00e7mesini sa\u011flar. Tah\u0131l burgu di\u015fli kutusunun temel bile\u015fenleri dayan\u0131kl\u0131l\u0131k, performans ve verimlilik i\u00e7in tasarlanm\u0131\u015ft\u0131r. \u0130\u015fte ba\u015fl\u0131ca bile\u015fenler:<\/p>\n<ol>\n<li><strong>\u015eanz\u0131man Muhafazas\u0131:<\/strong>\n<ul>\n<li>D\u0131\u015f kasa veya g\u00f6vde, \u015fanz\u0131man\u0131n i\u00e7 bile\u015fenlerini korur. Genellikle d\u00f6kme demir veya dayan\u0131kl\u0131 \u00e7elik gibi y\u00fcksek mukavemetli malzemelerden yap\u0131lan g\u00f6vde, \u015fanz\u0131man\u0131n toz, nem ve a\u015f\u0131r\u0131 s\u0131cakl\u0131klar da dahil olmak \u00fczere tar\u0131msal ortamlar\u0131n zorlu ko\u015fullar\u0131na dayanabilmesini sa\u011flar.<\/li>\n<\/ul>\n<\/li>\n<li><strong>Giri\u015f Mili:<\/strong>\n<ul>\n<li>Giri\u015f mili, tahrik kayna\u011f\u0131ndan (\u00f6rne\u011fin, elektrik motoru, trakt\u00f6r PTO'su veya motor) g\u00fc\u00e7 alan bile\u015fendir. D\u00f6nme hareketini di\u015fli kutusuna aktar\u0131r ve bu da burgu mekanizmas\u0131na iletilir. Giri\u015f mili, y\u00fcksek d\u00f6nme h\u0131zlar\u0131n\u0131 ve tork y\u00fcklerini kald\u0131racak \u015fekilde tasarlanm\u0131\u015ft\u0131r.<\/li>\n<\/ul>\n<\/li>\n<li><strong>\u00c7\u0131k\u0131\u015f Mili:<\/strong>\n<ul>\n<li>\u00c7\u0131k\u0131\u015f mili, burguya ba\u011fl\u0131d\u0131r ve di\u015fli kutusu taraf\u0131ndan \u00fcretilen d\u00f6nme hareketini burguya iletir. Tah\u0131l\u0131n ta\u015f\u0131nmas\u0131nda burgunun sorunsuz \u00e7al\u0131\u015fmas\u0131n\u0131 sa\u011flamada hayati bir rol oynar. \u00c7\u0131k\u0131\u015f mili genellikle, y\u00fck\u00fc desteklemek ve uzun \u00e7al\u0131\u015fma saatlerinde a\u015f\u0131nmay\u0131 \u00f6nlemek i\u00e7in a\u011f\u0131r hizmet tipi rulmanlarla tasarlanm\u0131\u015ft\u0131r.<\/li>\n<\/ul>\n<\/li>\n<li><strong>Di\u015fliler:<\/strong>\n<ul>\n<li>Tah\u0131l burgulu ta\u015f\u0131ma makinelerinin di\u015fli kutular\u0131ndaki di\u015fliler, giri\u015f torkunu ve h\u0131z\u0131n\u0131 istenen \u00e7\u0131k\u0131\u015fa d\u00f6n\u00fc\u015ft\u00fcrmekten sorumlu temel bile\u015fenlerdir. Tah\u0131l burgulu ta\u015f\u0131ma makinelerinin di\u015fli kutular\u0131nda kullan\u0131lan yayg\u0131n di\u015fli t\u00fcrleri \u015funlard\u0131r:\n<ul>\n<li><strong>Helisel Di\u015fliler:<\/strong> Geli\u015ftirilmi\u015f verimlilikle sorunsuz ve sessiz \u00e7al\u0131\u015fma sa\u011flay\u0131n.<\/li>\n<li><strong>D\u00fcz Di\u015fliler:<\/strong> Daha basit ve daha uygun maliyetli, ancak genellikle helisel di\u015flilere g\u00f6re daha g\u00fcr\u00fclt\u00fcl\u00fc.<\/li>\n<li><strong>Konik Di\u015fliler:<\/strong> D\u00f6nme y\u00f6n\u00fcn\u00fc de\u011fi\u015ftirmek i\u00e7in kullan\u0131l\u0131r, genellikle dik a\u00e7\u0131l\u0131 di\u015fli kutular\u0131nda bulunur.<\/li>\n<\/ul>\n<\/li>\n<li>Di\u015fli tipi se\u00e7imi, gereken tork, h\u0131z ve dayan\u0131kl\u0131l\u0131\u011fa ba\u011fl\u0131d\u0131r.<\/li>\n<\/ul>\n<\/li>\n<li><strong>Rulmanlar:<\/strong>\n<ul>\n<li>Rulmanlar, \u015fanz\u0131man i\u00e7indeki d\u00f6nen milleri destekleyerek s\u00fcrt\u00fcnmeyi en aza indirir ve sorunsuz \u00e7al\u0131\u015fmay\u0131 sa\u011flar. \u00d6zellikle a\u011f\u0131r y\u00fckler alt\u0131nda, stabiliteyi korumak ve a\u015f\u0131nmay\u0131 azaltmak i\u00e7in kritik \u00f6neme sahiptirler. \u015eanz\u0131man\u0131n \u00f6mr\u00fcn\u00fc uzatmak ve bak\u0131m ihtiyac\u0131n\u0131 azaltmak i\u00e7in y\u00fcksek kaliteli rulmanlar se\u00e7ilir.<\/li>\n<\/ul>\n<\/li>\n<\/ol>\n<p>Tah\u0131l burgu di\u015fli kutusunun temel bile\u015fenleri, tah\u0131l i\u015fleme ve ta\u015f\u0131mac\u0131l\u0131\u011f\u0131nda verimli ve g\u00fcvenilir performans sa\u011flamak i\u00e7in birlikte \u00e7al\u0131\u015f\u0131r. Bu bile\u015fenlerin do\u011fru se\u00e7imi, bak\u0131m\u0131 ve ya\u011flanmas\u0131, optimum i\u015flevsellik ve uzun hizmet \u00f6mr\u00fc sa\u011flamak i\u00e7in \u00e7ok \u00f6nemlidir; bu da tah\u0131l burgu di\u015fli kutusunu modern tar\u0131m ve depolama i\u015flemlerinin hayati bir par\u00e7as\u0131 haline getirir.<\/p>\n<p><img loading=\"lazy\" decoding=\"async\" class=\"alignnone size-full wp-image-3133\" src=\"https:\/\/fmp-components.com\/wp-content\/uploads\/2025\/01\/Grain-Transportation-Gearbox-6.webp\" alt=\"Tah\u0131l Ta\u015f\u0131ma \u015eanz\u0131man\u0131-6\" width=\"1534\" height=\"1286\" title=\"\" srcset=\"https:\/\/fmp-components.com\/wp-content\/uploads\/2025\/01\/Grain-Transportation-Gearbox-6.webp 1534w, https:\/\/fmp-components.com\/wp-content\/uploads\/2025\/01\/Grain-Transportation-Gearbox-6-1280x1073.webp 1280w, https:\/\/fmp-components.com\/wp-content\/uploads\/2025\/01\/Grain-Transportation-Gearbox-6-980x822.webp 980w, https:\/\/fmp-components.com\/wp-content\/uploads\/2025\/01\/Grain-Transportation-Gearbox-6-480x402.webp 480w\" sizes=\"(min-width: 0px) and (max-width: 480px) 480px, (min-width: 481px) and (max-width: 980px) 980px, (min-width: 981px) and (max-width: 1280px) 1280px, (min-width: 1281px) 1534px, 100vw\" \/><\/p>\n<h2>FMP Hakk\u0131nda<\/h2>\n<p>Merkezi \u0130talya'da bulunan FMP, tar\u0131m makineleri sekt\u00f6r\u00fcne odaklanarak y\u00fcksek performansl\u0131 di\u015fli kutular\u0131 tasarlama, geli\u015ftirme ve \u00fcretme konusundaki uzmanl\u0131\u011f\u0131yla tan\u0131nan lider bir \u00fcreticidir. Hassas m\u00fchendisli\u011fi, yenilik\u00e7i \u00e7\u00f6z\u00fcmleri ve istikrarl\u0131 g\u00fcvenilirli\u011fiyle tan\u0131nan FMP, hem tar\u0131m hem de end\u00fcstriyel pazarlarda g\u00fcvenilir bir ortak olarak \u00fcn kazanm\u0131\u015ft\u0131r. Kapsaml\u0131 portf\u00f6y\u00fcm\u00fcz, \u00e7im bi\u00e7me makineleri i\u00e7in \u00f6zel olarak tasarlanm\u0131\u015f di\u015fli kutular\u0131, PTO \u015faftlar\u0131 ve \u00e7e\u015fitli uygulamalar\u0131n \u00f6zel gereksinimlerini kar\u015f\u0131lamak \u00fczere \u00f6zenle tasarlanm\u0131\u015f \u00e7ok \u00e7e\u015fitli temel bile\u015fenleri i\u00e7erir.<\/p>\n<p>FMP olarak, her m\u00fc\u015fterinin benzersiz zorluklarla kar\u015f\u0131la\u015ft\u0131\u011f\u0131n\u0131n fark\u0131nday\u0131z. Bu nedenle, ister bireysel bile\u015fenler ister tamamen entegre sistemler i\u00e7in olsun, size \u00f6zel \u00e7\u00f6z\u00fcmler sunma konusunda uzmanla\u015f\u0131yoruz. M\u00fc\u015fterilerimizle yak\u0131n i\u015f birli\u011fi i\u00e7inde, her \u00e7\u00f6z\u00fcm\u00fcn yaln\u0131zca ihtiya\u00e7lar\u0131n\u0131 kar\u015f\u0131lamas\u0131n\u0131 de\u011fil, ayn\u0131 zamanda performans\u0131 optimize etmesini ve de\u011feri en \u00fcst d\u00fczeye \u00e7\u0131karmas\u0131n\u0131 sa\u011fl\u0131yoruz. H\u0131zl\u0131, profesyonel yan\u0131tlar ve uzman rehberli\u011fine olan ba\u011fl\u0131l\u0131\u011f\u0131m\u0131z, her sorunun hassasiyetle ele al\u0131nmas\u0131n\u0131 ve her seferinde en iyi sonu\u00e7lar\u0131n elde edilmesini garanti eder.<\/p>\n<p>\u00dcr\u00fcn geli\u015ftirme d\u00f6ng\u00fcs\u00fcn\u00fcn tamam\u0131nda net ve kesintisiz ileti\u015fime \u00f6ncelik veriyoruz. \u00d6zverili ekibimiz, m\u00fc\u015fterilerimizle yak\u0131n bir \u015fekilde \u00e7al\u0131\u015farak ihtiya\u00e7lar\u0131n\u0131 derinlemesine anl\u0131yor ve optimum sonu\u00e7lar elde etmek i\u00e7in de\u011ferli i\u00e7g\u00f6r\u00fcler ve \u00f6neriler sunuyor. \u0130ster son teknoloji \u00fcr\u00fcnler tasarl\u0131yor ister rutin sipari\u015fleri kar\u015f\u0131l\u0131yor olun, FMP her seferinde zaman\u0131nda, y\u00fcksek kaliteli ve hassas m\u00fchendislik \u00e7\u00f6z\u00fcmleri sunmaya kendini adam\u0131\u015ft\u0131r. Misyonumuz, her projede ola\u011fan\u00fcst\u00fc hizmet ve sonu\u00e7lar sunarak m\u00fc\u015fteri beklentilerini s\u00fcrekli olarak a\u015fmakt\u0131r.<\/p>\n<p>Kalite, FMP'nin faaliyetlerinin merkezinde yer al\u0131r. Her \u00fcr\u00fcn\u00fcn sekt\u00f6r standartlar\u0131n\u0131 kar\u015f\u0131lamas\u0131n\u0131 ve hatta \u00e7o\u011fu zaman a\u015fmas\u0131n\u0131 sa\u011flamak i\u00e7in en y\u00fcksek \u00fcretim standartlar\u0131n\u0131 koruyor ve titiz kalite kontrol \u00f6nlemleri uyguluyoruz. M\u00fckemmelli\u011fe olan bu ba\u011fl\u0131l\u0131\u011f\u0131m\u0131z, d\u00fcr\u00fcstl\u00fck, ekip \u00e7al\u0131\u015fmas\u0131 ve azim gibi temel de\u011ferlerimizle birlikte, d\u00fcnya \u00e7ap\u0131nda yakla\u015f\u0131k 30 \u00fclkedeki m\u00fc\u015fterilerimizle uzun s\u00fcreli, g\u00fcvene dayal\u0131 ili\u015fkiler kurmam\u0131z\u0131 sa\u011flam\u0131\u015ft\u0131r.<\/p>\n<p>FMP, m\u00fc\u015fterilerimizin de\u011fi\u015fen ihtiya\u00e7lar\u0131n\u0131 kar\u015f\u0131layan uzman tavsiyeleri ve \u00f6zelle\u015ftirilmi\u015f \u00e7\u00f6z\u00fcmler sunarak k\u00fcresel ortakl\u0131klar kurmaya her zaman isteklidir. Her projenin ba\u015far\u0131s\u0131na katk\u0131da bulunan, uzun vadeli ve kar\u015f\u0131l\u0131kl\u0131 fayda sa\u011flayan ili\u015fkiler kurmay\u0131 hedefliyoruz. \u0130ster yeni bir giri\u015fim i\u00e7in yenilik\u00e7i \u00e7\u00f6z\u00fcmlere, ister mevcut bir sistem i\u00e7in s\u00fcrekli deste\u011fe ihtiyac\u0131n\u0131z olsun, FMP teknik zorluklar\u0131n \u00fcstesinden gelmenize ve ba\u015far\u0131n\u0131z\u0131n devam\u0131n\u0131 sa\u011flaman\u0131za yard\u0131mc\u0131 olmaya haz\u0131rd\u0131r.<\/p>\n<p><img loading=\"lazy\" decoding=\"async\" class=\"alignnone wp-image-2695\" src=\"https:\/\/fmp-components.com\/wp-content\/uploads\/2025\/01\/agricultural-gearbox3.webp\" alt=\"tar\u0131msal \u015fanz\u0131man\" width=\"1140\" height=\"1138\" title=\"\" srcset=\"https:\/\/fmp-components.com\/wp-content\/uploads\/2025\/01\/agricultural-gearbox3.webp 1140w, https:\/\/fmp-components.com\/wp-content\/uploads\/2025\/01\/agricultural-gearbox3-480x479.webp 480w\" sizes=\"(min-width: 0px) and (max-width: 480px) 480px, (min-width: 481px) 1140px, 100vw\" \/><\/p>\n<p>Yazar: CX<\/p>","protected":false},"excerpt":{"rendered":"<p>Grain Auger Gearbox FMP-2390 Specifications Product Name Grain auger gearbox FMP-2390 Material Housing as HT250, Shaft as 20CrMnTi Color Dark or Red or as customized Type Bevel gear Ratio 1:1 Bearing QC or C&amp;U or NTN Warranty one and half year Used grain storage Applications of Grain Auger Gearbox for Grain Storage and Transportation Grain [&hellip;]<\/p>","protected":false},"featured_media":3130,"comment_status":"open","ping_status":"closed","template":"","meta":{"_et_pb_use_builder":"","_et_pb_old_content":"","_et_gb_content_width":""},"product_brand":[],"product_cat":[74],"product_tag":[],"class_list":{"0":"post-3129","1":"product","2":"type-product","3":"status-publish","4":"has-post-thumbnail","6":"product_cat-grain-transportation-gearbox","8":"first","9":"instock","10":"shipping-taxable","11":"product-type-simple"},"_links":{"self":[{"href":"https:\/\/fmp-components.com\/tr\/wp-json\/wp\/v2\/product\/3129","targetHints":{"allow":["GET"]}}],"collection":[{"href":"https:\/\/fmp-components.com\/tr\/wp-json\/wp\/v2\/product"}],"about":[{"href":"https:\/\/fmp-components.com\/tr\/wp-json\/wp\/v2\/types\/product"}],"replies":[{"embeddable":true,"href":"https:\/\/fmp-components.com\/tr\/wp-json\/wp\/v2\/comments?post=3129"}],"wp:featuredmedia":[{"embeddable":true,"href":"https:\/\/fmp-components.com\/tr\/wp-json\/wp\/v2\/media\/3130"}],"wp:attachment":[{"href":"https:\/\/fmp-components.com\/tr\/wp-json\/wp\/v2\/media?parent=3129"}],"wp:term":[{"taxonomy":"product_brand","embeddable":true,"href":"https:\/\/fmp-components.com\/tr\/wp-json\/wp\/v2\/product_brand?post=3129"},{"taxonomy":"product_cat","embeddable":true,"href":"https:\/\/fmp-components.com\/tr\/wp-json\/wp\/v2\/product_cat?post=3129"},{"taxonomy":"product_tag","embeddable":true,"href":"https:\/\/fmp-components.com\/tr\/wp-json\/wp\/v2\/product_tag?post=3129"}],"curies":[{"name":"wp","href":"https:\/\/api.w.org\/{rel}","templated":true}]}}