{"id":3115,"date":"2025-01-05T02:03:05","date_gmt":"2025-01-05T02:03:05","guid":{"rendered":"https:\/\/fmp-components.com\/?page_id=8"},"modified":"2025-01-05T02:03:05","modified_gmt":"2025-01-05T02:03:05","slug":"grain-transportation-gearbox-fmp-2168-for-agricultural-grain-transportation","status":"publish","type":"product","link":"https:\/\/fmp-components.com\/tr\/product\/grain-transportation-gearbox-fmp-2168-for-agricultural-grain-transportation\/","title":{"rendered":"Tar\u0131msal Tah\u0131l Ta\u015f\u0131mac\u0131l\u0131\u011f\u0131 i\u00e7in Tah\u0131l Ta\u015f\u0131ma \u015eanz\u0131man\u0131 FMP-2168"},"content":{"rendered":"<h2>Tah\u0131l Ta\u015f\u0131ma \u015eanz\u0131man\u0131 FMP-2168 Boyut<\/h2>\n<p><img loading=\"lazy\" decoding=\"async\" class=\"alignnone size-full wp-image-3117\" src=\"https:\/\/fmp-components.com\/wp-content\/uploads\/2025\/01\/Grain-Transportation-Gearbox-EP-2168-Dimension.webp\" alt=\"Tah\u0131l Ta\u015f\u0131ma \u015eanz\u0131man-EP-2168-Boyut\" width=\"1031\" height=\"706\" title=\"\" srcset=\"https:\/\/fmp-components.com\/wp-content\/uploads\/2025\/01\/Grain-Transportation-Gearbox-EP-2168-Dimension.webp 1031w, https:\/\/fmp-components.com\/wp-content\/uploads\/2025\/01\/Grain-Transportation-Gearbox-EP-2168-Dimension-980x671.webp 980w, https:\/\/fmp-components.com\/wp-content\/uploads\/2025\/01\/Grain-Transportation-Gearbox-EP-2168-Dimension-480x329.webp 480w\" sizes=\"(min-width: 0px) and (max-width: 480px) 480px, (min-width: 481px) and (max-width: 980px) 980px, (min-width: 981px) 1031px, 100vw\" \/><\/p>\n<h2>Tah\u0131l Ta\u015f\u0131ma \u015eanz\u0131man\u0131 FMP-2168 \u00d6zellikleri<\/h2>\n<table style=\"width: 96.0108%; height: 218px;\" border=\"1\" cellspacing=\"0\" cellpadding=\"0\">\n<tbody>\n<tr class=\"firstRow\">\n<td>\u00dcr\u00fcn Ad\u0131<\/td>\n<td>Tah\u0131l Ta\u015f\u0131ma \u015fanz\u0131man\u0131<\/td>\n<\/tr>\n<tr>\n<td>Malzeme<\/td>\n<td>G\u00f6vde i\u00e7in HT250, di\u015fli mili i\u00e7in 40CrMnTi.<\/td>\n<\/tr>\n<tr>\n<td>Renk<\/td>\n<td>\u00d6zelle\u015ftirilmi\u015f<\/td>\n<\/tr>\n<tr>\n<td>Oran<\/td>\n<td>1:1<\/td>\n<\/tr>\n<tr>\n<td>Oran g\u00fcc\u00fc<\/td>\n<td>24 beygir<\/td>\n<\/tr>\n<tr>\n<td>A\u011f\u0131rl\u0131k<\/td>\n<td>11,5 kg<\/td>\n<\/tr>\n<tr>\n<td>Kullan\u0131lm\u0131\u015f<\/td>\n<td>Tah\u0131l ta\u015f\u0131mac\u0131l\u0131\u011f\u0131<\/td>\n<\/tr>\n<\/tbody>\n<\/table>\n<h2>Tah\u0131l Ta\u015f\u0131ma \u015eanz\u0131man\u0131 FMP-2168 Kullanman\u0131n Avantajlar\u0131<\/h2>\n<ol>\n<li><strong>Y\u00fcksek Tork Kapasitesi<\/strong><br \/>\nFMP-2168 tah\u0131l ta\u015f\u0131ma red\u00fckt\u00f6r\u00fc, y\u00fcksek torklu y\u00fckleri kald\u0131racak \u015fekilde tasarlanm\u0131\u015ft\u0131r ve bu sayede g\u00fcvenilir ve verimli g\u00fc\u00e7 aktar\u0131m\u0131 gerektiren tah\u0131l ta\u015f\u0131ma sistemleri i\u00e7in idealdir. A\u011f\u0131r tah\u0131l y\u00fcklerini kolayca y\u00f6netebilir ve zorlu ko\u015fullarda bile sorunsuz \u00e7al\u0131\u015fma sa\u011flar.<\/li>\n<li><strong>Geli\u015fmi\u015f Verimlilik<\/strong><br \/>\nGeli\u015fmi\u015f di\u015fli teknolojisi sayesinde FMP-2168, g\u00fc\u00e7 aktar\u0131m\u0131nda daha y\u00fcksek verimlilik sunar. Enerji kay\u0131plar\u0131n\u0131 azaltarak, giri\u015f g\u00fcc\u00fcn\u00fcn daha b\u00fcy\u00fck bir k\u0131sm\u0131n\u0131n tah\u0131l ta\u015f\u0131ma sistemine etkili bir \u015fekilde aktar\u0131lmas\u0131n\u0131 sa\u011flar, i\u015fletme maliyetlerini en aza indirir ve genel sistem performans\u0131n\u0131 iyile\u015ftirir.<\/li>\n<li><strong>Dayan\u0131kl\u0131 Yap\u0131<\/strong><br \/>\nSa\u011flam malzemeler ve hassas m\u00fchendislikle \u00fcretilmi\u015f bile\u015fenlerle \u00fcretilen FMP-2168 red\u00fckt\u00f6r, son derece dayan\u0131kl\u0131d\u0131r ve tah\u0131l elle\u00e7leme ve ta\u015f\u0131mac\u0131l\u0131\u011f\u0131nda s\u0131kl\u0131kla kar\u015f\u0131la\u015f\u0131lan zorlu ko\u015fullara dayanabilir. Sa\u011flam yap\u0131s\u0131, uzun bir kullan\u0131m \u00f6mr\u00fc sa\u011flar ve bak\u0131m ve onar\u0131m s\u0131kl\u0131\u011f\u0131n\u0131 azalt\u0131r.<\/li>\n<li><strong>Kompakt Tasar\u0131m<\/strong><br \/>\nFMP-2168, y\u00fcksek tork kapasitesine ra\u011fmen kompakt ve yerden tasarruf sa\u011flayan bir tasar\u0131ma sahiptir. Bu sayede, a\u015f\u0131r\u0131 yer kaplamadan veya makinelere gereksiz y\u00fck bindirmeden \u00e7e\u015fitli tah\u0131l ta\u015f\u0131ma sistemlerine kolayca entegre edilebilir ve dar alanlar i\u00e7in verimli bir \u00e7\u00f6z\u00fcm sunar.<\/li>\n<li><strong>\u00c7ok y\u00f6nl\u00fcl\u00fck<\/strong><br \/>\nFMP-2168 di\u015fli kutusu son derece \u00e7ok y\u00f6nl\u00fcd\u00fcr ve konvey\u00f6r bantlar, elevat\u00f6rler, helezonlar ve di\u011fer malzeme ta\u015f\u0131ma ekipmanlar\u0131 dahil olmak \u00fczere \u00e7ok \u00e7e\u015fitli tah\u0131l ta\u015f\u0131ma sistemlerinde kullan\u0131labilir. Uyarlanabilirli\u011fi, \u00e7e\u015fitli tar\u0131msal uygulamalar i\u00e7in uygun olmas\u0131n\u0131 sa\u011flayarak sistem tasar\u0131m\u0131nda esneklik sunar.<\/li>\n<\/ol>\n<p>FMP-2168 tah\u0131l ta\u015f\u0131ma red\u00fckt\u00f6r\u00fc, tah\u0131l elle\u00e7leme uygulamalar\u0131 i\u00e7in sa\u011flam, verimli ve uygun maliyetli bir \u00e7\u00f6z\u00fcm sunar. Y\u00fcksek tork kapasitesi, dayan\u0131kl\u0131l\u0131\u011f\u0131, d\u00fc\u015f\u00fck bak\u0131m gereksinimleri ve \u00e7ok y\u00f6nl\u00fcl\u00fc\u011f\u00fcyle, tah\u0131l ta\u015f\u0131ma sistemlerinin performans\u0131n\u0131 ve g\u00fcvenilirli\u011fini art\u0131rmak i\u00e7in m\u00fckemmel bir se\u00e7imdir. \u0130ster verimlili\u011fi art\u0131rmak, ister ar\u0131za s\u00fcresini azaltmak veya ekipman\u0131n\u0131z\u0131n \u00f6mr\u00fcn\u00fc uzatmak isteyin, FMP-2168 red\u00fckt\u00f6r\u00fc her t\u00fcrl\u00fc tah\u0131l elle\u00e7leme operasyonu i\u00e7in \u00f6nemli avantajlar sa\u011flar.<\/p>\n<p><img loading=\"lazy\" decoding=\"async\" class=\"size-full wp-image-3116 aligncenter\" src=\"https:\/\/fmp-components.com\/wp-content\/uploads\/2025\/01\/Grain-Transportation-Gearbox-32-2.webp\" alt=\"Tah\u0131l Ta\u015f\u0131ma \u015eanz\u0131man-32 (2)\" width=\"800\" height=\"800\" title=\"\" srcset=\"https:\/\/fmp-components.com\/wp-content\/uploads\/2025\/01\/Grain-Transportation-Gearbox-32-2.webp 800w, https:\/\/fmp-components.com\/wp-content\/uploads\/2025\/01\/Grain-Transportation-Gearbox-32-2-480x480.webp 480w\" sizes=\"(min-width: 0px) and (max-width: 480px) 480px, (min-width: 481px) 800px, 100vw\" \/><\/p>\n<h2>Tah\u0131l Ta\u015f\u0131ma \u015eanz\u0131man\u0131n\u0131n FMP-2168 Uygulamalar\u0131<\/h2>\n<p>FMP-2168 tah\u0131l ta\u015f\u0131ma di\u015fli kutusu, \u00e7e\u015fitli tar\u0131m ve tah\u0131l elle\u00e7leme uygulamalar\u0131nda kullan\u0131lan \u00e7ok y\u00f6nl\u00fc ve dayan\u0131kl\u0131 bir bile\u015fendir. G\u00fcc\u00fc verimli bir \u015fekilde aktarma ve a\u011f\u0131r y\u00fcklere dayanma kabiliyeti, onu tah\u0131l ta\u015f\u0131mac\u0131l\u0131\u011f\u0131nda kullan\u0131lan \u00e7ok \u00e7e\u015fitli makineler i\u00e7in uygun hale getirir. Ba\u015fl\u0131ca uygulama alanlar\u0131 \u015funlard\u0131r:<\/p>\n<p><strong>1. Tah\u0131l Elevat\u00f6rleri<\/strong><\/p>\n<p>FMP-2168 di\u015fli kutusu, tah\u0131l\u0131 alt seviyelerden \u00fcst seviyelere ta\u015f\u0131yan dikey konvey\u00f6rlere g\u00fc\u00e7 sa\u011flayan tah\u0131l silolar\u0131nda yayg\u0131n olarak kullan\u0131l\u0131r. Y\u00fcksek tork kapasitesi, silonun b\u00fcy\u00fck miktarlarda tah\u0131l\u0131 minimum a\u015f\u0131nma ve y\u0131pranma ile verimli bir \u015fekilde ta\u015f\u0131mas\u0131n\u0131 sa\u011flar.<\/p>\n<p><strong>2. Konvey\u00f6r Sistemleri<\/strong><\/p>\n<p>Tah\u0131l depolama ve ta\u015f\u0131ma tesislerinde kullan\u0131lan konvey\u00f6r bantlar\u0131, g\u00fc\u00e7 aktar\u0131m\u0131 ve bant hareketinin sa\u011flanmas\u0131 i\u00e7in FMP-2168 gibi di\u015fli kutular\u0131na g\u00fcvenir. Di\u015fli kutusu, tah\u0131l\u0131n d\u00fczg\u00fcn ve s\u00fcrekli ak\u0131\u015f\u0131n\u0131 sa\u011flayarak t\u0131kanmalar\u0131 ve sistem kesintilerini \u00f6nler.<\/p>\n<p><strong>3. Burgu<\/strong><\/p>\n<p>Tah\u0131l ambarlar\u0131n\u0131 ve silolar\u0131 y\u00fcklemek veya bo\u015faltmak i\u00e7in kullan\u0131lan tah\u0131l helezonlar\u0131, tah\u0131l\u0131 spiral helezonlar arac\u0131l\u0131\u011f\u0131yla verimli bir \u015fekilde ta\u015f\u0131mak i\u00e7in g\u00fc\u00e7l\u00fc di\u015fli kutular\u0131 gerektirir. FMP-2168 di\u015fli kutusunun dayan\u0131kl\u0131l\u0131\u011f\u0131 ve y\u00fcksek tork \u00e7\u0131k\u0131\u015f\u0131, onu bu uygulama i\u00e7in ideal hale getirerek etkili tah\u0131l hareketi sa\u011flar ve sistemin a\u015f\u0131r\u0131 y\u00fcklenme riskini azalt\u0131r.<\/p>\n<p><strong>4. Tah\u0131l Ta\u015f\u0131ma ve Ay\u0131klama Sistemleri<\/strong><\/p>\n<p>Tah\u0131llar\u0131n ay\u0131kland\u0131\u011f\u0131, temizlendi\u011fi ve i\u015flendi\u011fi tah\u0131l i\u015fleme tesislerinde, ay\u0131klama ve temizleme makinelerinin tahrik sistemlerinde FMP-2168 red\u00fckt\u00f6r\u00fc kullan\u0131labilir. Verimlili\u011fi, farkl\u0131 tah\u0131l t\u00fcrlerinin i\u015flenmesinde sorunsuz \u00e7al\u0131\u015fma sa\u011flar ve sistem ar\u0131za s\u00fcrelerini en aza indirir.<\/p>\n<p><strong>5. Tah\u0131l Ta\u015f\u0131ma Kamyonlar\u0131 (Burgu Sistemleri)<\/strong><\/p>\n<p>FMP-2168, tah\u0131l ta\u015f\u0131ma kamyonlar\u0131na monte edilen helezon sistemlerinde kullan\u0131m i\u00e7in idealdir. Bu sistemler, ta\u015f\u0131ma s\u0131ras\u0131nda tah\u0131l\u0131 y\u00fcklemek ve bo\u015faltmak i\u00e7in kullan\u0131l\u0131r. \u015eanz\u0131man, de\u011fi\u015fken y\u00fck ko\u015fullar\u0131nda bile tutarl\u0131 performans sa\u011flayarak, kamyon tabanl\u0131 g\u00fcvenilir tah\u0131l ta\u015f\u0131mac\u0131l\u0131\u011f\u0131 i\u00e7in vazge\u00e7ilmezdir.<\/p>\n<p>FMP-2168 tah\u0131l ta\u015f\u0131ma \u015fanz\u0131man\u0131, \u00e7ok y\u00f6nl\u00fcd\u00fcr ve \u00e7ok \u00e7e\u015fitli tah\u0131l elle\u00e7leme uygulamalar\u0131 i\u00e7in idealdir. Tah\u0131l elevat\u00f6rleri ve konvey\u00f6rlerden helezon sistemlerine ve mobil tah\u0131l ekipmanlar\u0131na kadar, bu \u015fanz\u0131man tar\u0131m ve tah\u0131l depolama sistemlerinde sorunsuz, g\u00fcvenilir ve verimli bir g\u00fc\u00e7 aktar\u0131m\u0131 sa\u011flar. Sa\u011flaml\u0131\u011f\u0131, dayan\u0131kl\u0131l\u0131\u011f\u0131 ve uyarlanabilirli\u011fi, onu her t\u00fcrl\u00fc tah\u0131l ta\u015f\u0131ma veya elle\u00e7leme sistemi i\u00e7in vazge\u00e7ilmez bir bile\u015fen haline getirerek uzun vadeli operasyonel verimlilik ve g\u00fcvenilirlik sa\u011flar.<\/p>\n<p><img loading=\"lazy\" decoding=\"async\" class=\"alignnone size-full wp-image-3118\" src=\"https:\/\/fmp-components.com\/wp-content\/uploads\/2025\/01\/Grain-Transportation-Gearbox-28.webp\" alt=\"Tah\u0131l Ta\u015f\u0131ma \u015eanz\u0131man-28\" width=\"1060\" height=\"519\" title=\"\" srcset=\"https:\/\/fmp-components.com\/wp-content\/uploads\/2025\/01\/Grain-Transportation-Gearbox-28.webp 1060w, https:\/\/fmp-components.com\/wp-content\/uploads\/2025\/01\/Grain-Transportation-Gearbox-28-980x480.webp 980w, https:\/\/fmp-components.com\/wp-content\/uploads\/2025\/01\/Grain-Transportation-Gearbox-28-480x235.webp 480w\" sizes=\"(min-width: 0px) and (max-width: 480px) 480px, (min-width: 481px) and (max-width: 980px) 980px, (min-width: 981px) 1060px, 100vw\" \/><\/p>\n<h2>FMP Hakk\u0131nda<\/h2>\n<p>Merkezi \u0130talya'da bulunan FMP, \u00f6zellikle tar\u0131m makineleri sekt\u00f6r\u00fc i\u00e7in y\u00fcksek performansl\u0131 di\u015fli kutular\u0131n\u0131n tasar\u0131m\u0131, geli\u015ftirilmesi ve \u00fcretimindeki uzmanl\u0131\u011f\u0131yla \u00f6ne \u00e7\u0131kan lider bir \u00fcreticidir. Hassas m\u00fchendisli\u011fi, yenilik\u00e7i \u00e7\u00f6z\u00fcmleri ve e\u015fsiz g\u00fcvenilirli\u011fiyle tan\u0131nan FMP, hem tar\u0131m hem de end\u00fcstriyel pazarlarda g\u00fcvenilir bir ortak olarak kendini kan\u0131tlam\u0131\u015ft\u0131r. Geni\u015f \u00fcr\u00fcn portf\u00f6y\u00fcm\u00fcz, \u00e7im bi\u00e7me makineleri i\u00e7in \u00f6zel olarak tasarlanm\u0131\u015f di\u015fli kutular\u0131, kuyruk mili milleri ve \u00e7e\u015fitli uygulamalar\u0131n benzersiz gereksinimlerini kar\u015f\u0131lamak \u00fczere \u00f6zenle tasarlanm\u0131\u015f \u00e7ok \u00e7e\u015fitli di\u011fer temel bile\u015fenleri i\u00e7erir.<\/p>\n<p>FMP olarak, her m\u00fc\u015fterinin kendine \u00f6zg\u00fc zorluklarla kar\u015f\u0131la\u015ft\u0131\u011f\u0131n\u0131n bilincindeyiz. Bu anlay\u0131\u015f, ister bireysel bile\u015fenler ister tamamen entegre sistemler i\u00e7in olsun, ki\u015fiye \u00f6zel \u00e7\u00f6z\u00fcmler sunma taahh\u00fcd\u00fcm\u00fcz\u00fc g\u00fc\u00e7lendiriyor. M\u00fc\u015fterilerimizle yak\u0131n i\u015f birli\u011fi i\u00e7inde \u00e7al\u0131\u015farak, her \u00e7\u00f6z\u00fcm\u00fcn yaln\u0131zca hassas ihtiya\u00e7lar\u0131n\u0131 kar\u015f\u0131lamas\u0131n\u0131 de\u011fil, ayn\u0131 zamanda performans\u0131 optimize etmesini ve de\u011feri en \u00fcst d\u00fczeye \u00e7\u0131karmas\u0131n\u0131 sa\u011fl\u0131yoruz. H\u0131zl\u0131, profesyonel yan\u0131tlar ve uzman rehberli\u011fine olan ba\u011fl\u0131l\u0131\u011f\u0131m\u0131z, her sorunun hassasiyetle ele al\u0131nmas\u0131n\u0131 ve m\u00fcmk\u00fcn olan en iyi sonu\u00e7lara ula\u015f\u0131lmas\u0131n\u0131 sa\u011flar.<\/p>\n<p>\u00dcr\u00fcn geli\u015ftirme d\u00f6ng\u00fcs\u00fcn\u00fcn tamam\u0131nda net ve kesintisiz ileti\u015fime \u00f6ncelik veriyoruz. \u00d6zverili ekibimiz, m\u00fc\u015fterilerimizle yak\u0131n i\u015f birli\u011fi i\u00e7inde \u00e7al\u0131\u015farak ihtiya\u00e7lar\u0131n\u0131 derinlemesine anl\u0131yor ve optimum sonu\u00e7lar sa\u011flamak i\u00e7in de\u011ferli i\u00e7g\u00f6r\u00fcler ve \u00f6neriler sunuyor. \u0130ster son teknoloji \u00fcr\u00fcnler tasarl\u0131yor ister rutin sipari\u015fleri kar\u015f\u0131l\u0131yor olal\u0131m, FMP her seferinde zaman\u0131nda, y\u00fcksek kaliteli ve hassas m\u00fchendislik \u00e7\u00f6z\u00fcmleri sunma konusunda kararl\u0131l\u0131\u011f\u0131n\u0131 s\u00fcrd\u00fcr\u00fcyor. Misyonumuz, her projede ola\u011fan\u00fcst\u00fc hizmet ve sonu\u00e7lar sunarak m\u00fc\u015fteri beklentilerini a\u015fmakt\u0131r.<\/p>\n<p>Kalite, FMP'nin faaliyetlerinin temel ta\u015f\u0131d\u0131r. Her \u00fcr\u00fcn\u00fcn sekt\u00f6r standartlar\u0131n\u0131 kar\u015f\u0131lamas\u0131n\u0131 ve hatta s\u0131kl\u0131kla a\u015fmas\u0131n\u0131 sa\u011flamak i\u00e7in en y\u00fcksek \u00fcretim standartlar\u0131na ba\u011fl\u0131 kal\u0131yor ve titiz kalite kontrol s\u00fcre\u00e7leri uyguluyoruz. M\u00fckemmelli\u011fe olan bu sars\u0131lmaz ba\u011fl\u0131l\u0131\u011f\u0131m\u0131z, d\u00fcr\u00fcstl\u00fck, ekip \u00e7al\u0131\u015fmas\u0131 ve azim gibi temel de\u011ferlerimizin yan\u0131 s\u0131ra, d\u00fcnya \u00e7ap\u0131nda yakla\u015f\u0131k 30 \u00fclkedeki m\u00fc\u015fterilerimizle uzun vadeli, g\u00fcvene dayal\u0131 ili\u015fkiler kurmam\u0131z\u0131 sa\u011flam\u0131\u015ft\u0131r.<\/p>\n<p>FMP olarak, m\u00fc\u015fterilerimizin de\u011fi\u015fen ihtiya\u00e7lar\u0131n\u0131 kar\u015f\u0131layan uzman tavsiyeleri ve \u00f6zelle\u015ftirilmi\u015f \u00e7\u00f6z\u00fcmler sunarak k\u00fcresel ortakl\u0131klar kurmaya her zaman istekliyiz. Her projenin ba\u015far\u0131s\u0131n\u0131 sa\u011flayan, uzun vadeli ve kar\u015f\u0131l\u0131kl\u0131 fayda sa\u011flayan ili\u015fkiler kurmaya \u00e7al\u0131\u015f\u0131yoruz. \u0130ster yeni bir giri\u015fim i\u00e7in yenilik\u00e7i \u00e7\u00f6z\u00fcmler ar\u0131yor olun, ister mevcut bir sistem i\u00e7in s\u00fcrekli deste\u011fe ihtiya\u00e7 duyuyor olun, FMP teknik zorluklar\u0131n \u00fcstesinden gelmenize ve ba\u015far\u0131n\u0131z\u0131n devam\u0131n\u0131 sa\u011flaman\u0131za yard\u0131mc\u0131 olmaya haz\u0131rd\u0131r.<\/p>\n<p><img loading=\"lazy\" decoding=\"async\" class=\"alignnone wp-image-2695\" src=\"https:\/\/fmp-components.com\/wp-content\/uploads\/2025\/01\/agricultural-gearbox3.webp\" alt=\"tar\u0131msal \u015fanz\u0131man\" width=\"1140\" height=\"1138\" title=\"\" srcset=\"https:\/\/fmp-components.com\/wp-content\/uploads\/2025\/01\/agricultural-gearbox3.webp 1140w, https:\/\/fmp-components.com\/wp-content\/uploads\/2025\/01\/agricultural-gearbox3-480x479.webp 480w\" sizes=\"(min-width: 0px) and (max-width: 480px) 480px, (min-width: 481px) 1140px, 100vw\" \/><\/p>\n<p>Yazar: CX<\/p>","protected":false},"excerpt":{"rendered":"<p>Grain Transportation Gearbox FMP-2168 Dimension Grain Transportation Gearbox FMP-2168 Specifications Product Name Grain Transportation\u00a0gearbox Material HT250\u00a0for housing, 40CrMnTi for gear shaft. Color Customized Ratio 1:1 Rate power 24HP Weight 11.5KG Used Grain transportation Advantages of Using Grain Transportation Gearbox FMP-2168 High Torque Capacity The FMP-2168 grain transportation gearbox is designed to handle high torque loads, [&hellip;]<\/p>","protected":false},"featured_media":3116,"comment_status":"open","ping_status":"closed","template":"","meta":{"_et_pb_use_builder":"","_et_pb_old_content":"","_et_gb_content_width":""},"product_brand":[],"product_cat":[74],"product_tag":[],"class_list":{"0":"post-3115","1":"product","2":"type-product","3":"status-publish","4":"has-post-thumbnail","6":"product_cat-grain-transportation-gearbox","8":"first","9":"instock","10":"shipping-taxable","11":"product-type-simple"},"_links":{"self":[{"href":"https:\/\/fmp-components.com\/tr\/wp-json\/wp\/v2\/product\/3115","targetHints":{"allow":["GET"]}}],"collection":[{"href":"https:\/\/fmp-components.com\/tr\/wp-json\/wp\/v2\/product"}],"about":[{"href":"https:\/\/fmp-components.com\/tr\/wp-json\/wp\/v2\/types\/product"}],"replies":[{"embeddable":true,"href":"https:\/\/fmp-components.com\/tr\/wp-json\/wp\/v2\/comments?post=3115"}],"wp:featuredmedia":[{"embeddable":true,"href":"https:\/\/fmp-components.com\/tr\/wp-json\/wp\/v2\/media\/3116"}],"wp:attachment":[{"href":"https:\/\/fmp-components.com\/tr\/wp-json\/wp\/v2\/media?parent=3115"}],"wp:term":[{"taxonomy":"product_brand","embeddable":true,"href":"https:\/\/fmp-components.com\/tr\/wp-json\/wp\/v2\/product_brand?post=3115"},{"taxonomy":"product_cat","embeddable":true,"href":"https:\/\/fmp-components.com\/tr\/wp-json\/wp\/v2\/product_cat?post=3115"},{"taxonomy":"product_tag","embeddable":true,"href":"https:\/\/fmp-components.com\/tr\/wp-json\/wp\/v2\/product_tag?post=3115"}],"curies":[{"name":"wp","href":"https:\/\/api.w.org\/{rel}","templated":true}]}}