{"id":3107,"date":"2025-01-05T01:22:07","date_gmt":"2025-01-05T01:22:07","guid":{"rendered":"https:\/\/fmp-components.com\/?page_id=8"},"modified":"2025-01-05T01:22:08","modified_gmt":"2025-01-05T01:22:08","slug":"l-series-grain-storage-gearbox-fmp-1005-for-agricultural-grain-storage","status":"publish","type":"product","link":"https:\/\/fmp-components.com\/tr\/product\/l-series-grain-storage-gearbox-fmp-1005-for-agricultural-grain-storage\/","title":{"rendered":"Tar\u0131msal Tah\u0131l Depolama i\u00e7in L Serisi Tah\u0131l Depolama \u015eanz\u0131man\u0131 FMP-1005"},"content":{"rendered":"<h2>Tah\u0131l Depolama \u015eanz\u0131man FMP-1005 \u00d6zellikleri<\/h2>\n<table style=\"width: 98.7251%;\" border=\"1\" cellspacing=\"0\" cellpadding=\"0\">\n<tbody>\n<tr class=\"firstRow\">\n<td style=\"width: 24.7312%;\">\u00dcr\u00fcn Ad\u0131<\/td>\n<td style=\"width: 257.354%;\">Tah\u0131l depolama \u015fanz\u0131man\u0131<\/td>\n<\/tr>\n<tr>\n<td style=\"width: 24.7312%;\">Malzeme<\/td>\n<td style=\"width: 257.354%;\">G\u00f6vde i\u00e7in HT250, di\u015fli mili i\u00e7in 40CrMnTi.<\/td>\n<\/tr>\n<tr>\n<td style=\"width: 24.7312%;\">Renk<\/td>\n<td style=\"width: 257.354%;\">\u00d6zelle\u015ftirme<\/td>\n<\/tr>\n<tr>\n<td style=\"width: 24.7312%;\">Kal\u0131p No<\/td>\n<td style=\"width: 257.354%;\">6.5<\/td>\n<\/tr>\n<tr>\n<td style=\"width: 24.7312%;\">Kullan\u0131lm\u0131\u015f<\/td>\n<td style=\"width: 257.354%;\">Tah\u0131l depolama<\/td>\n<\/tr>\n<\/tbody>\n<\/table>\n<h2>FMP-1005 Tah\u0131l Depolama \u015eanz\u0131man\u0131n\u0131 Kullanman\u0131n Faydalar\u0131<\/h2>\n<p>Tah\u0131l Depolama \u015eanz\u0131man\u0131 FMP-1005, tar\u0131msal tah\u0131l depolama sistemlerinde i\u015flevselli\u011fini, verimlili\u011fini ve g\u00fcvenilirli\u011fini art\u0131ran \u00e7e\u015fitli avantajlar sunar. Bu \u015fanz\u0131man\u0131 kullanman\u0131n temel avantajlar\u0131 \u015funlard\u0131r:<\/p>\n<p><strong>1. Geli\u015fmi\u015f Verimlilik<\/strong><\/p>\n<ul>\n<li>G\u00fc\u00e7 Aktar\u0131m\u0131 Optimizasyonu: FMP-1005 di\u015fli kutusu, g\u00fcc\u00fc motordan tah\u0131l i\u015fleme makinelerine verimli bir \u015fekilde iletmek \u00fczere tasarlanm\u0131\u015ft\u0131r. Enerji kayb\u0131n\u0131 azaltarak, giri\u015f g\u00fcc\u00fcn\u00fcn \u00f6nemli bir k\u0131sm\u0131n\u0131n \u00e7\u0131k\u0131\u015f g\u00fcc\u00fcne etkili bir \u015fekilde d\u00f6n\u00fc\u015ft\u00fcr\u00fclmesini sa\u011flar. Bu da daha verimli bir \u00e7al\u0131\u015fma sa\u011flayarak enerji t\u00fcketimini ve i\u015fletme maliyetlerini d\u00fc\u015f\u00fcr\u00fcr.<\/li>\n<\/ul>\n<p><strong>2. Y\u00fcksek Tork Kapasitesi<\/strong><\/p>\n<ul>\n<li>Geli\u015fmi\u015f Y\u00fck Ta\u015f\u0131ma: FMP-1005 di\u015fli kutusu, y\u00fcksek torku kald\u0131racak \u015fekilde tasarlanm\u0131\u015ft\u0131r ve bu sayede tah\u0131l\u0131 ta\u015f\u0131mak veya i\u015flemek i\u00e7in \u00f6nemli bir g\u00fc\u00e7 gerektiren zorlu tah\u0131l depolama uygulamalar\u0131 i\u00e7in uygundur. Konvey\u00f6rler, helezonlar ve tah\u0131l elevat\u00f6rleri gibi a\u011f\u0131r hizmet tipi ekipmanlara g\u00fc\u00e7 sa\u011flayarak a\u011f\u0131r y\u00fckler alt\u0131nda sorunsuz \u00e7al\u0131\u015fma sa\u011flar.<\/li>\n<\/ul>\n<p><strong>3. Sorunsuz ve G\u00fcvenilir \u00c7al\u0131\u015fma<\/strong><\/p>\n<ul>\n<li>Azalt\u0131lm\u0131\u015f Titre\u015fim ve G\u00fcr\u00fclt\u00fc: Hassas m\u00fchendislikle \u00fcretilen FMP-1005 \u015fanz\u0131man, minimum titre\u015fimle sorunsuz bir \u00e7al\u0131\u015fma sa\u011flar. Bu, yaln\u0131zca daha istikrarl\u0131 ve tutarl\u0131 bir performans sa\u011flamakla kalmaz, ayn\u0131 zamanda tah\u0131l depolama alan\u0131ndaki g\u00fcr\u00fclt\u00fc seviyelerini de azaltarak daha konforlu bir \u00e7al\u0131\u015fma ortam\u0131 yarat\u0131r.<\/li>\n<\/ul>\n<p><strong>4. Dayan\u0131kl\u0131l\u0131k ve Uzun \u00d6m\u00fcr<\/strong><\/p>\n<ul>\n<li>Sa\u011flam Tasar\u0131m: \u015eanz\u0131man, toz, nem ve s\u0131cakl\u0131k de\u011fi\u015fimleri gibi tar\u0131msal ortamlar\u0131n zorlu \u00e7evre ko\u015fullar\u0131na dayanabilecek y\u00fcksek kaliteli malzemeler kullan\u0131larak \u00fcretilmi\u015ftir. Sa\u011flam tasar\u0131m\u0131, uzun \u00f6m\u00fcrl\u00fc performans sa\u011flayarak s\u0131k bak\u0131m veya de\u011fi\u015ftirme ihtiyac\u0131n\u0131 azalt\u0131r.<\/li>\n<\/ul>\n<p><strong>5. Minimum Bak\u0131m<\/strong><\/p>\n<ul>\n<li>Uzun \u00d6m\u00fcrl\u00fc Bile\u015fenler: Y\u00fcksek mukavemetli di\u015flileri ve iyi tasarlanm\u0131\u015f ya\u011flama sistemi sayesinde FMP-1005 \u015fanz\u0131man daha az bak\u0131m gerektirir. Dahili bile\u015fenler a\u015f\u0131nma ve y\u0131pranmaya kar\u015f\u0131 korunarak, zaman i\u00e7inde duru\u015f s\u00fcrelerini ve servis maliyetlerini azalt\u0131r.<\/li>\n<\/ul>\n<p>Tah\u0131l Depolama \u015eanz\u0131man\u0131 FMP-1005, geli\u015fmi\u015f i\u015fletme verimlili\u011fi, y\u00fcksek tork kapasitesi, g\u00fcvenilirlik ve dayan\u0131kl\u0131l\u0131k gibi bir\u00e7ok \u00f6nemli avantaj sunar. Sorunsuz \u00e7al\u0131\u015fmas\u0131, minimum bak\u0131m gereksinimleri ve \u00e7e\u015fitli uygulamalardaki \u00e7ok y\u00f6nl\u00fcl\u00fc\u011f\u00fc, onu tah\u0131l depolama ve ta\u015f\u0131ma sistemlerini optimize etmek i\u00e7in vazge\u00e7ilmez bir bile\u015fen haline getirir. Bu \u015fanz\u0131man, daha iyi performans sa\u011flaman\u0131n yan\u0131 s\u0131ra, i\u015fletme maliyetlerini d\u00fc\u015f\u00fcrmeye ve tar\u0131m makinelerinin \u00f6mr\u00fcn\u00fc uzatmaya da yard\u0131mc\u0131 olur.<\/p>\n<p><img loading=\"lazy\" decoding=\"async\" class=\"alignnone size-full wp-image-3108\" src=\"https:\/\/fmp-components.com\/wp-content\/uploads\/2025\/01\/Grain-Transportation-Gearbox-29.webp\" alt=\"Tah\u0131l Ta\u015f\u0131ma \u015eanz\u0131man\u0131\" width=\"1060\" height=\"561\" title=\"\" srcset=\"https:\/\/fmp-components.com\/wp-content\/uploads\/2025\/01\/Grain-Transportation-Gearbox-29.webp 1060w, https:\/\/fmp-components.com\/wp-content\/uploads\/2025\/01\/Grain-Transportation-Gearbox-29-980x519.webp 980w, https:\/\/fmp-components.com\/wp-content\/uploads\/2025\/01\/Grain-Transportation-Gearbox-29-480x254.webp 480w\" sizes=\"(min-width: 0px) and (max-width: 480px) 480px, (min-width: 481px) and (max-width: 980px) 980px, (min-width: 981px) 1060px, 100vw\" \/><\/p>\n<h2>FMP-1005 Tah\u0131l Depolama \u015eanz\u0131man\u0131n\u0131 Kullanman\u0131n Faydalar\u0131<\/h2>\n<p>Tah\u0131l Depolama \u015eanz\u0131man\u0131 FMP-1005, tah\u0131l elle\u00e7leme ve depolama ile ilgili \u00e7e\u015fitli tar\u0131msal ve end\u00fcstriyel uygulamalarda yayg\u0131n olarak kullan\u0131lmaktad\u0131r. Bu \u015fanz\u0131man\u0131n ba\u015fl\u0131ca uygulamalar\u0131ndan baz\u0131lar\u0131 \u015funlard\u0131r:<\/p>\n<p><strong>1. Tah\u0131l Konvey\u00f6rleri<\/strong><\/p>\n<ul>\n<li>Fonksiyon: FMP-1005 di\u015fli kutusu, tah\u0131l\u0131 depolama tesisi i\u00e7inde bir yerden ba\u015fka bir yere ta\u015f\u0131yan tah\u0131l konvey\u00f6rlerine g\u00fc\u00e7 sa\u011flar. Tah\u0131l\u0131n uzun mesafelerde sorunsuz ve verimli bir \u015fekilde ta\u015f\u0131nmas\u0131n\u0131 sa\u011flayarak gecikmeleri azalt\u0131r ve verimi art\u0131r\u0131r.<\/li>\n<li>Avantajlar\u0131: B\u00fcy\u00fck miktarda tah\u0131l\u0131n i\u015flenmesine yard\u0131mc\u0131 olur, s\u00fcrekli \u00e7al\u0131\u015fma i\u00e7in sabit h\u0131z ve tork sa\u011flar.<\/li>\n<\/ul>\n<p><strong>2. Tah\u0131l Elevat\u00f6rleri<\/strong><\/p>\n<ul>\n<li>\u0130\u015flevi: \u015eanz\u0131man, tah\u0131l elevat\u00f6rlerinde tah\u0131l\u0131 alt seviyelerden daha y\u00fcksek depolama silolar\u0131na veya ambarlar\u0131na dikey olarak kald\u0131rmak i\u00e7in kullan\u0131l\u0131r. Y\u00fcksek tork kapasitesi, elevat\u00f6r sisteminin a\u011f\u0131r y\u00fckleri kald\u0131rmas\u0131n\u0131 sa\u011flar.<\/li>\n<li>Avantajlar\u0131: A\u011f\u0131r kald\u0131rma ko\u015fullar\u0131nda g\u00fcvenilir \u00e7al\u0131\u015fmay\u0131 garanti ederek, ar\u0131za ve makine hasar\u0131 riskini en aza indirir.<\/li>\n<\/ul>\n<p><strong>3. Tah\u0131l Ta\u015f\u0131ma i\u00e7in Burgu Makineleri<\/strong><\/p>\n<ul>\n<li>Fonksiyon: FMP-1005 di\u015fli kutular\u0131, tah\u0131l\u0131 depolama ambarlar\u0131na, silolara veya r\u00f6morklara ta\u015f\u0131mak i\u00e7in kullan\u0131lan helezonlarda yayg\u0131n olarak kullan\u0131l\u0131r. Helezonlar, tah\u0131llar\u0131 bir konteynerden di\u011ferine aktarmak i\u00e7in hayati \u00f6nem ta\u015f\u0131r.<\/li>\n<li>Avantajlar\u0131: Helezon sistemine d\u00fczg\u00fcn, tutarl\u0131 hareket ve g\u00fc\u00e7 sa\u011flayarak, tah\u0131l\u0131n minimum hasarla verimli bir \u015fekilde aktar\u0131lmas\u0131n\u0131 sa\u011flar.<\/li>\n<\/ul>\n<p><strong>4. Tah\u0131l Ay\u0131klama ve Temizleme Makineleri<\/strong><\/p>\n<ul>\n<li>\u0130\u015flevi: \u015eanz\u0131man, hasat edilen tah\u0131l\u0131 ay\u0131klay\u0131p temizleyen makinelerde kullan\u0131l\u0131r. Bu makineler, tah\u0131ldaki art\u0131klar\u0131 ay\u0131r\u0131r ve boyuta veya kaliteye g\u00f6re ay\u0131r\u0131r.<\/li>\n<li>Faydalar\u0131: S\u00fcrekli ve sorunsuz bir \u015fekilde s\u0131ralama ve temizleme i\u015flemlerinin y\u00fcr\u00fct\u00fclmesi i\u00e7in gerekli olan tutarl\u0131, g\u00fcvenilir g\u00fc\u00e7 iletimini destekler.<\/li>\n<\/ul>\n<p><strong>5. Tah\u0131l Kurutucular\u0131<\/strong><\/p>\n<ul>\n<li>Fonksiyon: Di\u015fli kutusu, tah\u0131l kurutma ekipmanlar\u0131nda bulunur ve tah\u0131l\u0131n nem i\u00e7eri\u011fini azaltmak i\u00e7in s\u0131cak havay\u0131 tah\u0131l\u0131n i\u00e7inden dola\u015ft\u0131ran fanlar, konvey\u00f6rler ve helezonlar gibi bile\u015fenleri \u00e7al\u0131\u015ft\u0131r\u0131r.<\/li>\n<li>Faydalar\u0131: Tah\u0131l kalitesinin korunmas\u0131 a\u00e7\u0131s\u0131ndan kritik \u00f6neme sahip olan kurutma sisteminin d\u00fczg\u00fcn \u00e7al\u0131\u015fmas\u0131n\u0131 sa\u011flayarak kurutma verimlili\u011fini art\u0131r\u0131r.<\/li>\n<\/ul>\n<p>Tah\u0131l Depolama \u015eanz\u0131man Kutusu FMP-1005, \u00e7e\u015fitli tah\u0131l i\u015fleme ve depolama uygulamalar\u0131nda kullan\u0131lan \u00e7ok y\u00f6nl\u00fc bir bile\u015fendir. Sa\u011flam tasar\u0131m\u0131 ve g\u00fcvenilir performans\u0131, onu tah\u0131l i\u015fleme, depolama ve nakliyede kullan\u0131lan konvey\u00f6rlere, helezonlara, elevat\u00f6rlere, temizleme sistemlerine ve di\u011fer kritik makinelere g\u00fc\u00e7 sa\u011flamak i\u00e7in ideal hale getirir. Uyarlanabilirli\u011fi, sorunsuz \u00e7al\u0131\u015fma sa\u011flar, ar\u0131za s\u00fcrelerini azalt\u0131r ve hem b\u00fcy\u00fck hem de k\u00fc\u00e7\u00fck \u00f6l\u00e7ekli tar\u0131msal ortamlarda tah\u0131l i\u015fleme sistemlerinin verimlili\u011fini en \u00fcst d\u00fczeye \u00e7\u0131kar\u0131r.<\/p>\n<p><img loading=\"lazy\" decoding=\"async\" class=\"alignnone size-full wp-image-3096\" src=\"https:\/\/fmp-components.com\/wp-content\/uploads\/2025\/01\/Grain-Storage-Gearbox-28.webp\" alt=\"Tah\u0131l Depolama Di\u015fli Kutusu\" width=\"1200\" height=\"950\" title=\"\" srcset=\"https:\/\/fmp-components.com\/wp-content\/uploads\/2025\/01\/Grain-Storage-Gearbox-28.webp 1200w, https:\/\/fmp-components.com\/wp-content\/uploads\/2025\/01\/Grain-Storage-Gearbox-28-980x776.webp 980w, https:\/\/fmp-components.com\/wp-content\/uploads\/2025\/01\/Grain-Storage-Gearbox-28-480x380.webp 480w\" sizes=\"(min-width: 0px) and (max-width: 480px) 480px, (min-width: 481px) and (max-width: 980px) 980px, (min-width: 981px) 1200px, 100vw\" \/><\/p>\n<h2>FMP Hakk\u0131nda<\/h2>\n<p>Merkezi \u0130talya'da bulunan FMP, tar\u0131m makineleri sekt\u00f6r\u00fcne odaklanarak y\u00fcksek performansl\u0131 di\u015fli kutular\u0131 tasarlama, geli\u015ftirme ve \u00fcretme konusundaki uzmanl\u0131\u011f\u0131yla tan\u0131nan lider bir \u00fcreticidir. Hassas m\u00fchendisli\u011fi, yenilik\u00e7i \u00e7\u00f6z\u00fcmleri ve istikrarl\u0131 g\u00fcvenilirli\u011fiyle tan\u0131nan FMP, hem tar\u0131m hem de end\u00fcstriyel pazarlarda g\u00fcvenilir bir ortak olarak \u00fcn kazanm\u0131\u015ft\u0131r. Kapsaml\u0131 portf\u00f6y\u00fcm\u00fcz, \u00e7im bi\u00e7me makineleri i\u00e7in \u00f6zel olarak tasarlanm\u0131\u015f di\u015fli kutular\u0131, PTO \u015faftlar\u0131 ve \u00e7e\u015fitli uygulamalar\u0131n \u00f6zel gereksinimlerini kar\u015f\u0131lamak \u00fczere \u00f6zenle tasarlanm\u0131\u015f \u00e7ok \u00e7e\u015fitli temel bile\u015fenleri i\u00e7erir.<\/p>\n<p>FMP olarak, her m\u00fc\u015fterinin benzersiz zorluklarla kar\u015f\u0131la\u015ft\u0131\u011f\u0131n\u0131n fark\u0131nday\u0131z. Bu nedenle, ister bireysel bile\u015fenler ister tamamen entegre sistemler i\u00e7in olsun, size \u00f6zel \u00e7\u00f6z\u00fcmler sunma konusunda uzmanla\u015f\u0131yoruz. M\u00fc\u015fterilerimizle yak\u0131n i\u015f birli\u011fi i\u00e7inde, her \u00e7\u00f6z\u00fcm\u00fcn yaln\u0131zca ihtiya\u00e7lar\u0131n\u0131 kar\u015f\u0131lamas\u0131n\u0131 de\u011fil, ayn\u0131 zamanda performans\u0131 optimize etmesini ve de\u011feri en \u00fcst d\u00fczeye \u00e7\u0131karmas\u0131n\u0131 sa\u011fl\u0131yoruz. H\u0131zl\u0131, profesyonel yan\u0131tlar ve uzman rehberli\u011fine olan ba\u011fl\u0131l\u0131\u011f\u0131m\u0131z, her sorunun hassasiyetle ele al\u0131nmas\u0131n\u0131 ve her seferinde en iyi sonu\u00e7lar\u0131n elde edilmesini garanti eder.<\/p>\n<p>\u00dcr\u00fcn geli\u015ftirme d\u00f6ng\u00fcs\u00fcn\u00fcn tamam\u0131nda net ve kesintisiz ileti\u015fime \u00f6ncelik veriyoruz. \u00d6zverili ekibimiz, m\u00fc\u015fterilerimizle yak\u0131n bir \u015fekilde \u00e7al\u0131\u015farak ihtiya\u00e7lar\u0131n\u0131 derinlemesine anl\u0131yor ve optimum sonu\u00e7lar elde etmek i\u00e7in de\u011ferli i\u00e7g\u00f6r\u00fcler ve \u00f6neriler sunuyor. \u0130ster son teknoloji \u00fcr\u00fcnler tasarl\u0131yor ister rutin sipari\u015fleri kar\u015f\u0131l\u0131yor olun, FMP her seferinde zaman\u0131nda, y\u00fcksek kaliteli ve hassas m\u00fchendislik \u00e7\u00f6z\u00fcmleri sunmaya kendini adam\u0131\u015ft\u0131r. Misyonumuz, her projede ola\u011fan\u00fcst\u00fc hizmet ve sonu\u00e7lar sunarak m\u00fc\u015fteri beklentilerini s\u00fcrekli olarak a\u015fmakt\u0131r.<\/p>\n<p>Kalite, FMP'nin faaliyetlerinin merkezinde yer al\u0131r. Her \u00fcr\u00fcn\u00fcn sekt\u00f6r standartlar\u0131n\u0131 kar\u015f\u0131lamas\u0131n\u0131 ve hatta \u00e7o\u011fu zaman a\u015fmas\u0131n\u0131 sa\u011flamak i\u00e7in en y\u00fcksek \u00fcretim standartlar\u0131n\u0131 koruyor ve titiz kalite kontrol \u00f6nlemleri uyguluyoruz. M\u00fckemmelli\u011fe olan bu ba\u011fl\u0131l\u0131\u011f\u0131m\u0131z, d\u00fcr\u00fcstl\u00fck, ekip \u00e7al\u0131\u015fmas\u0131 ve azim gibi temel de\u011ferlerimizle birlikte, d\u00fcnya \u00e7ap\u0131nda yakla\u015f\u0131k 30 \u00fclkedeki m\u00fc\u015fterilerimizle uzun s\u00fcreli, g\u00fcvene dayal\u0131 ili\u015fkiler kurmam\u0131z\u0131 sa\u011flam\u0131\u015ft\u0131r.<\/p>\n<p>FMP, m\u00fc\u015fterilerimizin de\u011fi\u015fen ihtiya\u00e7lar\u0131n\u0131 kar\u015f\u0131layan uzman tavsiyeleri ve \u00f6zelle\u015ftirilmi\u015f \u00e7\u00f6z\u00fcmler sunarak k\u00fcresel ortakl\u0131klar kurmaya her zaman isteklidir. Her projenin ba\u015far\u0131s\u0131na katk\u0131da bulunan, uzun vadeli ve kar\u015f\u0131l\u0131kl\u0131 fayda sa\u011flayan ili\u015fkiler kurmay\u0131 hedefliyoruz. \u0130ster yeni bir giri\u015fim i\u00e7in yenilik\u00e7i \u00e7\u00f6z\u00fcmlere, ister mevcut bir sistem i\u00e7in s\u00fcrekli deste\u011fe ihtiyac\u0131n\u0131z olsun, FMP teknik zorluklar\u0131n \u00fcstesinden gelmenize ve ba\u015far\u0131n\u0131z\u0131n devam\u0131n\u0131 sa\u011flaman\u0131za yard\u0131mc\u0131 olmaya haz\u0131rd\u0131r.<\/p>\n<p><img loading=\"lazy\" decoding=\"async\" class=\"alignnone wp-image-2695\" src=\"https:\/\/fmp-components.com\/wp-content\/uploads\/2025\/01\/agricultural-gearbox3.webp\" alt=\"tar\u0131msal \u015fanz\u0131man\" width=\"1140\" height=\"1138\" title=\"\" srcset=\"https:\/\/fmp-components.com\/wp-content\/uploads\/2025\/01\/agricultural-gearbox3.webp 1140w, https:\/\/fmp-components.com\/wp-content\/uploads\/2025\/01\/agricultural-gearbox3-480x479.webp 480w\" sizes=\"(min-width: 0px) and (max-width: 480px) 480px, (min-width: 481px) 1140px, 100vw\" \/><\/p>\n<p>Yazar: CX<\/p>","protected":false},"excerpt":{"rendered":"<p>Grain Storage Gearbox FMP-1005 Specifications Product Name Grain storage gearbox Material HT250 for housing, 40CrMnTi for gear shaft. Color Customization Mould No 6.5 Used Grain storage Benefits of Using Grain Storage Gearbox FMP-1005 The Grain Storage Gearbox FMP-1005 offers several benefits that enhance its functionality, efficiency, and reliability in agricultural grain storage systems. Below are [&hellip;]<\/p>","protected":false},"featured_media":3109,"comment_status":"open","ping_status":"closed","template":"","meta":{"_et_pb_use_builder":"","_et_pb_old_content":"","_et_gb_content_width":""},"product_brand":[],"product_cat":[73],"product_tag":[],"class_list":{"0":"post-3107","1":"product","2":"type-product","3":"status-publish","4":"has-post-thumbnail","6":"product_cat-grain-storage-gearbox","8":"first","9":"instock","10":"shipping-taxable","11":"product-type-simple"},"_links":{"self":[{"href":"https:\/\/fmp-components.com\/tr\/wp-json\/wp\/v2\/product\/3107","targetHints":{"allow":["GET"]}}],"collection":[{"href":"https:\/\/fmp-components.com\/tr\/wp-json\/wp\/v2\/product"}],"about":[{"href":"https:\/\/fmp-components.com\/tr\/wp-json\/wp\/v2\/types\/product"}],"replies":[{"embeddable":true,"href":"https:\/\/fmp-components.com\/tr\/wp-json\/wp\/v2\/comments?post=3107"}],"wp:featuredmedia":[{"embeddable":true,"href":"https:\/\/fmp-components.com\/tr\/wp-json\/wp\/v2\/media\/3109"}],"wp:attachment":[{"href":"https:\/\/fmp-components.com\/tr\/wp-json\/wp\/v2\/media?parent=3107"}],"wp:term":[{"taxonomy":"product_brand","embeddable":true,"href":"https:\/\/fmp-components.com\/tr\/wp-json\/wp\/v2\/product_brand?post=3107"},{"taxonomy":"product_cat","embeddable":true,"href":"https:\/\/fmp-components.com\/tr\/wp-json\/wp\/v2\/product_cat?post=3107"},{"taxonomy":"product_tag","embeddable":true,"href":"https:\/\/fmp-components.com\/tr\/wp-json\/wp\/v2\/product_tag?post=3107"}],"curies":[{"name":"wp","href":"https:\/\/api.w.org\/{rel}","templated":true}]}}