{"id":3102,"date":"2025-01-05T01:11:31","date_gmt":"2025-01-05T01:11:31","guid":{"rendered":"https:\/\/fmp-components.com\/?page_id=8"},"modified":"2025-01-05T01:11:32","modified_gmt":"2025-01-05T01:11:32","slug":"l-series-40hp-grain-storage-gearbox-fmp-5490-for-agricultural-grain-storage","status":"publish","type":"product","link":"https:\/\/fmp-components.com\/tr\/product\/l-series-40hp-grain-storage-gearbox-fmp-5490-for-agricultural-grain-storage\/","title":{"rendered":"Tar\u0131msal Tah\u0131l Depolama i\u00e7in L Serisi 40HP Tah\u0131l Depolama \u015eanz\u0131man\u0131 FMP-5490"},"content":{"rendered":"<h2>Tah\u0131l Depolama \u015eanz\u0131man FMP-5490 \u00d6zellikleri<\/h2>\n<p><img loading=\"lazy\" decoding=\"async\" class=\"alignnone size-full wp-image-3104\" src=\"https:\/\/fmp-components.com\/wp-content\/uploads\/2025\/01\/Grain-Storage-Gearbox-FMP-5490-Dimension.webp\" alt=\"Tah\u0131l Depolama Di\u015fli Kutusu FMP-5490 Boyutu\" width=\"967\" height=\"714\" title=\"\" srcset=\"https:\/\/fmp-components.com\/wp-content\/uploads\/2025\/01\/Grain-Storage-Gearbox-FMP-5490-Dimension.webp 967w, https:\/\/fmp-components.com\/wp-content\/uploads\/2025\/01\/Grain-Storage-Gearbox-FMP-5490-Dimension-480x354.webp 480w\" sizes=\"(min-width: 0px) and (max-width: 480px) 480px, (min-width: 481px) 967px, 100vw\" \/><\/p>\n<table style=\"width: 93.3388%; height: 204px;\" border=\"1\" cellspacing=\"0\" cellpadding=\"0\">\n<tbody>\n<tr class=\"firstRow\">\n<td>\u00dcr\u00fcn Ad\u0131<\/td>\n<td>Tah\u0131l depolama \u015fanz\u0131man\u0131<\/td>\n<\/tr>\n<tr>\n<td>Malzeme<\/td>\n<td>G\u00f6vde i\u00e7in HT250, di\u015fli mili i\u00e7in 20CrMnTi.<\/td>\n<\/tr>\n<tr>\n<td>Renk<\/td>\n<td>\u00d6zelle\u015ftirme<\/td>\n<\/tr>\n<tr>\n<td>A\u011f\u0131rl\u0131k<\/td>\n<td>21kg<\/td>\n<\/tr>\n<tr>\n<td>Oran<\/td>\n<td>1.5:1<\/td>\n<\/tr>\n<tr>\n<td>G\u00fc\u00e7<\/td>\n<td>40 beygir<\/td>\n<\/tr>\n<tr>\n<td>Kullan\u0131lm\u0131\u015f<\/td>\n<td>Tah\u0131l depolama<\/td>\n<\/tr>\n<\/tbody>\n<\/table>\n<h2>Tar\u0131msal Ama\u00e7l\u0131 L Serisi Tah\u0131l Depolama \u015eanz\u0131man\u0131n\u0131n Kullan\u0131lmas\u0131n\u0131n Faydalar\u0131<\/h2>\n<p>L Serisi Tah\u0131l Depolama \u015eanz\u0131man\u0131, \u00f6zellikle tah\u0131l depolama sistemlerinde olmak \u00fczere tar\u0131msal uygulamalar i\u00e7in bir\u00e7ok \u00f6nemli avantaj sunar. Bu avantajlar \u015funlard\u0131r:<\/p>\n<p><strong>1. Dayan\u0131kl\u0131l\u0131k ve Uzun \u00d6m\u00fcr<\/strong><\/p>\n<ul>\n<li>L Serisi red\u00fckt\u00f6rler, zorlu tar\u0131m ko\u015fullar\u0131na dayanacak \u015fekilde tasarlanm\u0131\u015ft\u0131r. Y\u00fcksek kaliteli malzemelerden \u00fcretilen bu red\u00fckt\u00f6rler, a\u015f\u0131nma ve y\u0131pranmaya kar\u015f\u0131 dayan\u0131kl\u0131d\u0131r ve a\u011f\u0131r y\u00fckler ve s\u00fcrekli kullan\u0131m alt\u0131nda \u00e7al\u0131\u015fan tah\u0131l depolama sistemlerinde uzun \u00f6m\u00fcrl\u00fc performans sunar.<\/li>\n<\/ul>\n<p><strong>2. Y\u00fcksek Verimlilik<\/strong><\/p>\n<ul>\n<li>Hassas m\u00fchendislik sayesinde L Serisi red\u00fckt\u00f6rler, g\u00fc\u00e7 aktar\u0131m\u0131nda ola\u011fan\u00fcst\u00fc verimlilik sa\u011flar. Bu sayede tah\u0131l konvey\u00f6rleri, helezonlar ve elevat\u00f6rler gibi ekipmanlar\u0131n sorunsuz ve g\u00fcvenilir bir \u015fekilde \u00e7al\u0131\u015fmas\u0131 sa\u011flan\u0131r, performans optimize edilir ve enerji t\u00fcketimi azalt\u0131l\u0131r.<\/li>\n<\/ul>\n<p><strong>3. Kompakt ve Yerden Tasarruf Sa\u011flayan Tasar\u0131m<\/strong><\/p>\n<ul>\n<li>L Serisi red\u00fckt\u00f6rlerin kompakt tasar\u0131m\u0131, tah\u0131l depolama sistemlerindeki dar alanlara kolayca entegre edilebilmelerini sa\u011flar. K\u00fc\u00e7\u00fck boyutlar\u0131 sayesinde gereksiz yer kaplamazken, verimli tah\u0131l elle\u00e7leme i\u00e7in gereken g\u00fcc\u00fc sa\u011flarlar.<\/li>\n<\/ul>\n<p><strong>4. Zorlu Ko\u015fullarda G\u00fcvenilir Performans<\/strong><\/p>\n<ul>\n<li>Tar\u0131msal ortamlar, toz, nem ve de\u011fi\u015fken s\u0131cakl\u0131klara maruz kalma gibi zorlu ko\u015fullara maruz kalabilir. L Serisi di\u015fli kutular\u0131, bu zorlu ko\u015fullarda bile g\u00fcvenilir bir \u015fekilde \u00e7al\u0131\u015facak \u015fekilde tasarlanm\u0131\u015ft\u0131r ve tah\u0131l depolama ekipmanlar\u0131n\u0131n kesintisiz \u00e7al\u0131\u015fmas\u0131n\u0131 sa\u011flayarak ar\u0131za s\u00fcrelerini en aza indirir.<\/li>\n<\/ul>\n<p><strong>5. \u00d6zelle\u015ftirme Se\u00e7enekleri<\/strong><\/p>\n<ul>\n<li>L Serisi red\u00fckt\u00f6rler, farkl\u0131 tah\u0131l depolama sistemlerinin \u00f6zel ihtiya\u00e7lar\u0131n\u0131 kar\u015f\u0131layacak \u015fekilde uyarlanabilir. De\u011fi\u015fen kapasiteler, benzersiz operasyonel gereksinimler veya farkl\u0131 montaj konfig\u00fcrasyonlar\u0131 i\u00e7in FMP, \u00e7e\u015fitli tar\u0131m makineleriyle uyumlulu\u011fu garanti eden esnek \u00e7\u00f6z\u00fcmler sunar.<\/li>\n<\/ul>\n<p>\u00d6zetle, L Serisi Tah\u0131l Depolama \u015eanz\u0131man\u0131 dayan\u0131kl\u0131l\u0131k, verimlilik ve g\u00fcvenilirlik sunarak, tah\u0131l depolama ve ta\u015f\u0131ma ekipmanlar\u0131n\u0131n zorlu ko\u015fullar alt\u0131nda performans g\u00f6stermesi gereken tar\u0131msal uygulamalar i\u00e7in ideal bir se\u00e7im haline geliyor.<\/p>\n<p><img loading=\"lazy\" decoding=\"async\" class=\"alignnone size-full wp-image-3105\" src=\"https:\/\/fmp-components.com\/wp-content\/uploads\/2025\/01\/Grain-Storage-Gearbox-22.webp\" alt=\"Tah\u0131l Depolama \u015eanz\u0131man-22\" width=\"1060\" height=\"677\" title=\"\" srcset=\"https:\/\/fmp-components.com\/wp-content\/uploads\/2025\/01\/Grain-Storage-Gearbox-22.webp 1060w, https:\/\/fmp-components.com\/wp-content\/uploads\/2025\/01\/Grain-Storage-Gearbox-22-980x626.webp 980w, https:\/\/fmp-components.com\/wp-content\/uploads\/2025\/01\/Grain-Storage-Gearbox-22-480x307.webp 480w\" sizes=\"(min-width: 0px) and (max-width: 480px) 480px, (min-width: 481px) and (max-width: 980px) 980px, (min-width: 981px) 1060px, 100vw\" \/><\/p>\n<h2>L Serisi Tah\u0131l Depolama \u015eanz\u0131man\u0131n\u0131n Tar\u0131msal Uygulamalar<\/h2>\n<p>L Serisi Tah\u0131l Depolama \u015eanz\u0131man\u0131 \u00e7ok y\u00f6nl\u00fcd\u00fcr ve \u00f6zellikle tah\u0131l i\u015fleme ve depolama sistemleri olmak \u00fczere \u00e7e\u015fitli tar\u0131msal uygulamalarda kullan\u0131labilir. Ba\u015fl\u0131ca uygulama alanlar\u0131ndan baz\u0131lar\u0131 \u015funlard\u0131r:<\/p>\n<p><strong>1. Tah\u0131l Elevat\u00f6rleri<\/strong><\/p>\n<ul>\n<li>L Serisi red\u00fckt\u00f6r, tah\u0131l\u0131n bir kattan di\u011ferine dikey ta\u015f\u0131nmas\u0131n\u0131 sa\u011flayan tah\u0131l asans\u00f6rlerinde yayg\u0131n olarak kullan\u0131l\u0131r. G\u00fcvenilirli\u011fi ve dayan\u0131kl\u0131l\u0131\u011f\u0131, a\u011f\u0131r y\u00fckler alt\u0131nda bile sorunsuz \u00e7al\u0131\u015fmas\u0131n\u0131 sa\u011flayarak, tah\u0131l\u0131n depolara veya silolara kald\u0131r\u0131lmas\u0131 i\u00e7in idealdir.<\/li>\n<\/ul>\n<p><strong>2. Tah\u0131l Konvey\u00f6rleri<\/strong><\/p>\n<ul>\n<li>Tah\u0131l konvey\u00f6r sistemlerinde L Serisi red\u00fckt\u00f6r, tah\u0131l\u0131n yatay veya e\u011fimli olarak aktar\u0131lmas\u0131nda kilit rol oynar. Y\u00fckleme, bo\u015faltma veya depolama gibi ama\u00e7larla, d\u00f6kme tah\u0131l\u0131n bir yerden di\u011ferine verimli ve kesintisiz bir \u015fekilde ta\u015f\u0131nmas\u0131n\u0131 sa\u011flar.<\/li>\n<\/ul>\n<p><strong>3. Tah\u0131l Burgular\u0131<\/strong><\/p>\n<ul>\n<li>L Serisi di\u015fli kutusu, tah\u0131l\u0131 bir yerden ba\u015fka bir yere, genellikle ambarlardan kamyonlara veya depolama alanlar\u0131na ta\u015f\u0131mak i\u00e7in hayati \u00f6nem ta\u015f\u0131yan tah\u0131l helezonlar\u0131nda yayg\u0131n olarak kullan\u0131l\u0131r. Di\u015fli kutusu, verimli \u00e7al\u0131\u015fma i\u00e7in gerekli torku ve g\u00fcvenilirli\u011fi sa\u011flar.<\/li>\n<\/ul>\n<p><strong>4. Tah\u0131l Ta\u015f\u0131ma Ekipmanlar\u0131<\/strong><\/p>\n<ul>\n<li>L Serisi di\u015fli kutusu, kar\u0131\u015ft\u0131rma, ay\u0131klama ve kurutma gibi \u00e7e\u015fitli tah\u0131l i\u015fleme makinelerinin vazge\u00e7ilmez bir bile\u015fenidir. Sa\u011flam yap\u0131s\u0131, s\u00fcrekli ve a\u011f\u0131r hizmet tipi i\u015flemler i\u00e7in idealdir.<\/li>\n<\/ul>\n<p><strong>5. Tah\u0131l Ambar\u0131 S\u00fcp\u00fcrgeleri<\/strong><\/p>\n<ul>\n<li>L Serisi di\u015fli kutusu, tah\u0131l\u0131n depo silolar\u0131ndan \u00e7\u0131kar\u0131lmas\u0131na yard\u0131mc\u0131 olan tah\u0131l silo s\u00fcp\u00fcrme helezonlar\u0131nda kullan\u0131l\u0131r. Tah\u0131l\u0131n silolardan verimli bir \u015fekilde bo\u015falt\u0131lmas\u0131n\u0131 sa\u011flayan s\u00fcp\u00fcrme mekanizmas\u0131n\u0131 \u00e7al\u0131\u015ft\u0131rarak manuel i\u015f g\u00fcc\u00fc ihtiyac\u0131n\u0131 azalt\u0131r.<\/li>\n<\/ul>\n<p>L Serisi Tah\u0131l Depolama \u015eanz\u0131man\u0131, \u00f6z\u00fcnde tah\u0131l depolama, elle\u00e7leme ve nakliye alan\u0131ndaki \u00e7e\u015fitli talepleri kar\u015f\u0131lamak \u00fczere tasarlanm\u0131\u015ft\u0131r ve tar\u0131msal faaliyetlerde g\u00fcvenilir, verimli ve uygun maliyetli \u00e7\u00f6z\u00fcmler sunar. \u00c7e\u015fitli uygulamalardaki g\u00fc\u00e7l\u00fc performans\u0131, i\u015f ak\u0131\u015f\u0131n\u0131 optimize etmeye ve tar\u0131m sekt\u00f6r\u00fcnde verimlili\u011fi art\u0131rmaya yard\u0131mc\u0131 olur.<\/p>\n<p><img loading=\"lazy\" decoding=\"async\" class=\"alignnone size-full wp-image-3096\" src=\"https:\/\/fmp-components.com\/wp-content\/uploads\/2025\/01\/Grain-Storage-Gearbox-28.webp\" alt=\"Tah\u0131l Depolama Di\u015fli Kutusu\" width=\"1200\" height=\"950\" title=\"\" srcset=\"https:\/\/fmp-components.com\/wp-content\/uploads\/2025\/01\/Grain-Storage-Gearbox-28.webp 1200w, https:\/\/fmp-components.com\/wp-content\/uploads\/2025\/01\/Grain-Storage-Gearbox-28-980x776.webp 980w, https:\/\/fmp-components.com\/wp-content\/uploads\/2025\/01\/Grain-Storage-Gearbox-28-480x380.webp 480w\" sizes=\"(min-width: 0px) and (max-width: 480px) 480px, (min-width: 481px) and (max-width: 980px) 980px, (min-width: 981px) 1200px, 100vw\" \/><\/p>\n<h2>Tar\u0131msal L Serisi Tah\u0131l Depolama \u015eanz\u0131man\u0131n\u0131n \u00c7al\u0131\u015fma Prensibi<\/h2>\n<p>L Serisi Tah\u0131l Depolama \u015eanz\u0131man\u0131, \u00f6zellikle tah\u0131l depolama sistemlerinde olmak \u00fczere \u00e7e\u015fitli tar\u0131msal uygulamalar i\u00e7in g\u00fcc\u00fc verimli bir \u015fekilde aktarmak ve gerekli torku sa\u011flamak \u00fczere tasarlanm\u0131\u015ft\u0131r. L Serisi \u015fanz\u0131man\u0131n \u00e7al\u0131\u015fma prensibi a\u015fa\u011f\u0131da a\u00e7\u0131klanm\u0131\u015ft\u0131r:<\/p>\n<p><strong>1. G\u00fc\u00e7 Giri\u015fi<\/strong><\/p>\n<p>\u015eanz\u0131man, g\u00fcc\u00fcn\u00fc genellikle bir elektrik motoru, motor veya PTO (G\u00fc\u00e7 Aktarma Organ\u0131) sistemi olan bir ana tahrik \u00fcnitesinden al\u0131r. Bu g\u00fc\u00e7, tahrik motoruna ba\u011fl\u0131 bir giri\u015f mili arac\u0131l\u0131\u011f\u0131yla iletilir.<\/p>\n<p><strong>2. Hareketin \u0130letimi<\/strong><\/p>\n<p>L Serisi red\u00fckt\u00f6r, giri\u015f milinden \u00e7\u0131k\u0131\u015f miline d\u00f6nme enerjisinin aktar\u0131lmas\u0131n\u0131 kolayla\u015ft\u0131ran \u00e7oklu di\u015flilerle tasarlanm\u0131\u015ft\u0131r. Giri\u015f mili d\u00f6nd\u00fck\u00e7e, red\u00fckt\u00f6r i\u00e7indeki di\u015flilerle etkile\u015fime girerek d\u00f6nme hareketini uygulama i\u00e7in istenen tork ve h\u0131za d\u00f6n\u00fc\u015ft\u00fcr\u00fcr.<\/p>\n<p><strong>3. Vites Azaltma<\/strong><\/p>\n<p>L Serisi di\u015fli kutusu, giri\u015f milinin h\u0131z\u0131n\u0131 d\u00fc\u015f\u00fcr\u00fcrken ayn\u0131 anda \u00e7\u0131k\u0131\u015f torkunu art\u0131rmak i\u00e7in bir dizi red\u00fcksiyon di\u015flisi kullan\u0131r. Bu h\u0131z d\u00fc\u015f\u00fc\u015f\u00fc, konvey\u00f6rler, helezonlar ve di\u011fer tah\u0131l i\u015fleme makineleri gibi tahrik etti\u011fi ekipman\u0131n daha kontroll\u00fc ve verimli \u00e7al\u0131\u015fmas\u0131n\u0131 sa\u011flar.<\/p>\n<p><strong>4. Tork Aktar\u0131m\u0131<\/strong><\/p>\n<p>\u015eanz\u0131man, tah\u0131l ambarlar\u0131 veya helezonlar gibi tar\u0131m makinelerine do\u011frudan ba\u011fl\u0131 olan \u00e7\u0131k\u0131\u015f miline tork sa\u011flar. L Serisi \u015fanz\u0131man, gerekli torkun motora veya sistemin di\u011fer bile\u015fenlerine a\u015f\u0131r\u0131 y\u00fcklenmeden iletilmesini sa\u011flar.<\/p>\n<p><strong>5. Verimli G\u00fc\u00e7 D\u00f6n\u00fc\u015f\u00fcm\u00fc<\/strong><\/p>\n<p>L Serisi \u015fanz\u0131man, \u015fanz\u0131man i\u015flemi s\u0131ras\u0131nda enerji kayb\u0131n\u0131 en aza indiren y\u00fcksek verimli di\u015flilerle tasarlanm\u0131\u015ft\u0131r. Bu sayede, giri\u015f g\u00fcc\u00fcn\u00fcn \u00f6nemli bir k\u0131sm\u0131 kullan\u0131labilir \u00e7\u0131k\u0131\u015f g\u00fcc\u00fcne d\u00f6n\u00fc\u015ft\u00fcr\u00fclerek sistemdeki yak\u0131t t\u00fcketimi veya elektrik kullan\u0131m\u0131 optimize edilir.<\/p>\n<p>\u00d6zetle, L Serisi Tah\u0131l Depolama \u015eanz\u0131man\u0131, motor veya PTO'dan gelen g\u00fcc\u00fc verimli bir \u015fekilde d\u00f6n\u00fc\u015ft\u00fcr\u00fcr, torku art\u0131r\u0131rken h\u0131z\u0131 d\u00fc\u015f\u00fcr\u00fcr ve ba\u011fl\u0131 tar\u0131m ekipmanlar\u0131na p\u00fcr\u00fczs\u00fcz ve g\u00fcvenilir bir hareket sa\u011flar. Bu sayede, tah\u0131l i\u015fleme ve depolamada optimum performans sa\u011flayarak bir\u00e7ok tar\u0131m uygulamas\u0131nda vazge\u00e7ilmez bir bile\u015fen haline gelir.<\/p>\n<p><img loading=\"lazy\" decoding=\"async\" class=\"alignnone size-full wp-image-3106\" src=\"https:\/\/fmp-components.com\/wp-content\/uploads\/2025\/01\/Grain-Storage-Gearbox-13.webp\" alt=\"Tah\u0131l Depolama \u015eanz\u0131man-13\" width=\"1500\" height=\"1008\" title=\"\" srcset=\"https:\/\/fmp-components.com\/wp-content\/uploads\/2025\/01\/Grain-Storage-Gearbox-13.webp 1500w, https:\/\/fmp-components.com\/wp-content\/uploads\/2025\/01\/Grain-Storage-Gearbox-13-1280x860.webp 1280w, https:\/\/fmp-components.com\/wp-content\/uploads\/2025\/01\/Grain-Storage-Gearbox-13-980x659.webp 980w, https:\/\/fmp-components.com\/wp-content\/uploads\/2025\/01\/Grain-Storage-Gearbox-13-480x323.webp 480w\" sizes=\"(min-width: 0px) and (max-width: 480px) 480px, (min-width: 481px) and (max-width: 980px) 980px, (min-width: 981px) and (max-width: 1280px) 1280px, (min-width: 1281px) 1500px, 100vw\" \/><\/p>\n<h3>FMP Hakk\u0131nda<\/h3>\n<p>Merkezi \u0130talya'da bulunan FMP, tar\u0131m makineleri sekt\u00f6r\u00fcne odaklanarak y\u00fcksek performansl\u0131 di\u015fli kutular\u0131n\u0131n tasar\u0131m\u0131, geli\u015ftirilmesi ve \u00fcretimindeki uzmanl\u0131\u011f\u0131yla tan\u0131nan lider bir \u00fcreticidir. Hassas m\u00fchendislik, yenilik\u00e7i \u00e7\u00f6z\u00fcmler ve sars\u0131lmaz g\u00fcvenilirli\u011fiyle tan\u0131nan FMP, hem tar\u0131m hem de end\u00fcstriyel pazarlarda g\u00fcvenilir bir ortak olarak sa\u011flam bir itibar kazanm\u0131\u015ft\u0131r. Geni\u015f portf\u00f6y\u00fcm\u00fcz, \u00e7im bi\u00e7me makineleri i\u00e7in \u00f6zel olarak tasarlanm\u0131\u015f di\u015fli kutular\u0131, PTO \u015faftlar\u0131 ve her biri farkl\u0131 uygulamalar\u0131n \u00f6zel gereksinimlerini kar\u015f\u0131lamak \u00fczere \u00f6zenle tasarlanm\u0131\u015f \u00e7ok \u00e7e\u015fitli temel bile\u015fenleri i\u00e7erir.<\/p>\n<p>FMP olarak, her m\u00fc\u015fterinin farkl\u0131 zorluklarla kar\u015f\u0131la\u015ft\u0131\u011f\u0131n\u0131n bilincindeyiz. Bu anlay\u0131\u015f, ister bireysel bile\u015fenler ister tamamen entegre sistemler i\u00e7in olsun, ki\u015fiye \u00f6zel \u00e7\u00f6z\u00fcmler sunma konusundaki uzmanl\u0131\u011f\u0131m\u0131z\u0131 besliyor. M\u00fc\u015fterilerimizle yak\u0131n i\u015f birli\u011fi i\u00e7inde \u00e7al\u0131\u015farak, her \u00e7\u00f6z\u00fcm\u00fcn yaln\u0131zca benzersiz ihtiya\u00e7lar\u0131n\u0131 kar\u015f\u0131lamas\u0131n\u0131 de\u011fil, ayn\u0131 zamanda performans\u0131 art\u0131r\u0131p de\u011feri en \u00fcst d\u00fczeye \u00e7\u0131karmas\u0131n\u0131 da sa\u011fl\u0131yoruz. Zaman\u0131nda, profesyonel yan\u0131tlar ve uzman rehberli\u011fine olan ba\u011fl\u0131l\u0131\u011f\u0131m\u0131z, her sorunun hassasiyetle ele al\u0131nmas\u0131n\u0131 ve s\u00fcrekli olarak en iyi sonu\u00e7lar\u0131n elde edilmesini garanti eder.<\/p>\n<p>\u00dcr\u00fcn geli\u015ftirme d\u00f6ng\u00fcs\u00fcn\u00fcn tamam\u0131nda net ve s\u00fcrekli ileti\u015fime b\u00fcy\u00fck \u00f6nem veriyoruz. \u00d6zverili ekibimiz, m\u00fc\u015fterilerimizle el ele \u00e7al\u0131\u015farak ihtiya\u00e7lar\u0131n\u0131 derinlemesine anl\u0131yor ve en iyi sonu\u00e7lar\u0131 garantileyen de\u011ferli i\u00e7g\u00f6r\u00fcler ve \u00f6neriler sunuyor. \u0130ster son teknoloji \u00fcr\u00fcnler tasarl\u0131yor ister rutin sipari\u015fleri yerine getiriyor olal\u0131m, FMP her seferinde y\u00fcksek kaliteli, hassas m\u00fchendislik \u00e7\u00f6z\u00fcmleri sunmaya kendini adam\u0131\u015ft\u0131r. Misyonumuz, her projede ola\u011fan\u00fcst\u00fc hizmet ve sonu\u00e7lar sunarak m\u00fc\u015fteri beklentilerini s\u00fcrekli olarak a\u015fmakt\u0131r.<\/p>\n<p>Kalite, FMP'nin faaliyetlerinin merkezinde yer al\u0131r. Her \u00fcr\u00fcn\u00fcn sekt\u00f6r standartlar\u0131n\u0131 kar\u015f\u0131lamas\u0131n\u0131 ve hatta a\u015fmas\u0131n\u0131 sa\u011flamak i\u00e7in en y\u00fcksek \u00fcretim standartlar\u0131na ba\u011fl\u0131 kal\u0131yor ve titiz kalite kontrol s\u00fcre\u00e7leri uyguluyoruz. M\u00fckemmelli\u011fe olan bu sars\u0131lmaz ba\u011fl\u0131l\u0131\u011f\u0131m\u0131z, d\u00fcr\u00fcstl\u00fck, ekip \u00e7al\u0131\u015fmas\u0131 ve azim gibi temel de\u011ferlerimizle birle\u015ferek, d\u00fcnya \u00e7ap\u0131nda yakla\u015f\u0131k 30 \u00fclkedeki m\u00fc\u015fterilerimizle uzun s\u00fcreli, g\u00fcvene dayal\u0131 ili\u015fkiler kurmam\u0131z\u0131 sa\u011flam\u0131\u015ft\u0131r.<\/p>\n<p>FMP olarak, m\u00fc\u015fterilerimizin s\u00fcrekli de\u011fi\u015fen ihtiya\u00e7lar\u0131n\u0131 kar\u015f\u0131layan uzman tavsiyeleri ve \u00f6zelle\u015ftirilmi\u015f \u00e7\u00f6z\u00fcmler sunarak k\u00fcresel ortakl\u0131klar kurmaya her zaman istekliyiz. Her projenin ba\u015far\u0131s\u0131na katk\u0131da bulunan, uzun vadeli ve kar\u015f\u0131l\u0131kl\u0131 fayda sa\u011flayan ili\u015fkiler kurmay\u0131 hedefliyoruz. \u0130ster yeni bir giri\u015fim i\u00e7in yenilik\u00e7i \u00e7\u00f6z\u00fcmlere, ister mevcut bir sistem i\u00e7in s\u00fcrekli deste\u011fe ihtiyac\u0131n\u0131z olsun, FMP teknik zorluklar\u0131n \u00fcstesinden gelmenize ve ba\u015far\u0131n\u0131z\u0131n devam\u0131n\u0131 sa\u011flaman\u0131za yard\u0131mc\u0131 olmaya haz\u0131rd\u0131r.<\/p>\n<p><img loading=\"lazy\" decoding=\"async\" class=\"alignnone wp-image-2695\" src=\"https:\/\/fmp-components.com\/wp-content\/uploads\/2025\/01\/agricultural-gearbox3.webp\" alt=\"tar\u0131msal \u015fanz\u0131man\" width=\"1140\" height=\"1138\" title=\"\" srcset=\"https:\/\/fmp-components.com\/wp-content\/uploads\/2025\/01\/agricultural-gearbox3.webp 1140w, https:\/\/fmp-components.com\/wp-content\/uploads\/2025\/01\/agricultural-gearbox3-480x479.webp 480w\" sizes=\"(min-width: 0px) and (max-width: 480px) 480px, (min-width: 481px) 1140px, 100vw\" \/><\/p>\n<p>Yazar: CX<\/p>","protected":false},"excerpt":{"rendered":"<p>Grain Storage Gearbox FMP-5490 Specifications Product Name Grain storage gearbox Material HT250 for housing, 20CrMnTi for gear shaft. Color Customization Weight 21KG Ratio 1.5:1 Power 40HP Used Grain storage Benefits of Using the L Series Grain Storage Gearbox for Agricultural The L Series Grain Storage Gearbox offers several key benefits for agricultural applications, particularly in [&hellip;]<\/p>","protected":false},"featured_media":3103,"comment_status":"open","ping_status":"closed","template":"","meta":{"_et_pb_use_builder":"","_et_pb_old_content":"","_et_gb_content_width":""},"product_brand":[],"product_cat":[73],"product_tag":[],"class_list":{"0":"post-3102","1":"product","2":"type-product","3":"status-publish","4":"has-post-thumbnail","6":"product_cat-grain-storage-gearbox","8":"first","9":"instock","10":"shipping-taxable","11":"product-type-simple"},"_links":{"self":[{"href":"https:\/\/fmp-components.com\/tr\/wp-json\/wp\/v2\/product\/3102","targetHints":{"allow":["GET"]}}],"collection":[{"href":"https:\/\/fmp-components.com\/tr\/wp-json\/wp\/v2\/product"}],"about":[{"href":"https:\/\/fmp-components.com\/tr\/wp-json\/wp\/v2\/types\/product"}],"replies":[{"embeddable":true,"href":"https:\/\/fmp-components.com\/tr\/wp-json\/wp\/v2\/comments?post=3102"}],"wp:featuredmedia":[{"embeddable":true,"href":"https:\/\/fmp-components.com\/tr\/wp-json\/wp\/v2\/media\/3103"}],"wp:attachment":[{"href":"https:\/\/fmp-components.com\/tr\/wp-json\/wp\/v2\/media?parent=3102"}],"wp:term":[{"taxonomy":"product_brand","embeddable":true,"href":"https:\/\/fmp-components.com\/tr\/wp-json\/wp\/v2\/product_brand?post=3102"},{"taxonomy":"product_cat","embeddable":true,"href":"https:\/\/fmp-components.com\/tr\/wp-json\/wp\/v2\/product_cat?post=3102"},{"taxonomy":"product_tag","embeddable":true,"href":"https:\/\/fmp-components.com\/tr\/wp-json\/wp\/v2\/product_tag?post=3102"}],"curies":[{"name":"wp","href":"https:\/\/api.w.org\/{rel}","templated":true}]}}