{"id":3094,"date":"2025-01-05T00:29:23","date_gmt":"2025-01-05T00:29:23","guid":{"rendered":"https:\/\/fmp-components.com\/?page_id=8"},"modified":"2025-01-05T00:53:33","modified_gmt":"2025-01-05T00:53:33","slug":"t-series-grain-storage-gearbox-fmp-4090-for-agricultural-grain-storage","status":"publish","type":"product","link":"https:\/\/fmp-components.com\/tr\/product\/t-series-grain-storage-gearbox-fmp-4090-for-agricultural-grain-storage\/","title":{"rendered":"Tar\u0131msal Tah\u0131l Depolama i\u00e7in T Serisi Tah\u0131l Depolama \u015eanz\u0131man\u0131 FMP-4090"},"content":{"rendered":"<h2>T Serisi Tah\u0131l Depolama \u015eanz\u0131man FMP-4090 \u00d6zellikleri<\/h2>\n<table style=\"width: 97.8083%; height: 184px;\" border=\"1\" cellspacing=\"0\" cellpadding=\"0\">\n<tbody>\n<tr class=\"firstRow\">\n<td>\u00dcr\u00fcn Ad\u0131<\/td>\n<td>Tah\u0131l depolama \u015fanz\u0131man\u0131<\/td>\n<\/tr>\n<tr>\n<td>Malzeme<\/td>\n<td>G\u00f6vde i\u00e7in A380, di\u015fli mili i\u00e7in 40CrMnTi.<\/td>\n<\/tr>\n<tr>\n<td>Renk<\/td>\n<td>\u00d6zelle\u015ftirilmi\u015f<\/td>\n<\/tr>\n<tr>\n<td>Oran<\/td>\n<td>1:35:1<\/td>\n<\/tr>\n<tr>\n<td>Oran g\u00fcc\u00fc<\/td>\n<td>45 beygir<\/td>\n<\/tr>\n<tr>\n<td>A\u011f\u0131rl\u0131k<\/td>\n<td>13,2 kg<\/td>\n<\/tr>\n<tr>\n<td>Kullan\u0131lm\u0131\u015f<\/td>\n<td>Tah\u0131l depolama<\/td>\n<\/tr>\n<\/tbody>\n<\/table>\n<h2>Tar\u0131msal Ama\u00e7l\u0131 T Serisi Tah\u0131l Depolama \u015eanz\u0131man\u0131n\u0131n Kullan\u0131lmas\u0131n\u0131n Faydalar\u0131<\/h2>\n<p>T Serisi Tah\u0131l Depolama \u015eanz\u0131man\u0131, \u00f6zellikle tah\u0131l depolama sistemleri olmak \u00fczere tar\u0131msal uygulamalar i\u00e7in say\u0131s\u0131z avantaj sunar. Bu \u015fanz\u0131man\u0131 kullanman\u0131n temel avantajlar\u0131 \u015funlard\u0131r:<\/p>\n<p><strong>1. Geli\u015fmi\u015f Dayan\u0131kl\u0131l\u0131k ve G\u00fcvenilirlik<\/strong><\/p>\n<ul>\n<li>Uzun \u00d6m\u00fcrl\u00fc Performans: T Serisi red\u00fckt\u00f6rler, sa\u011flam malzemeler ve hassas m\u00fchendislikle \u00fcretilerek, tar\u0131m ortamlar\u0131ndaki zorlu ko\u015fullara dayan\u0131kl\u0131l\u0131k sa\u011flar. Bu dayan\u0131kl\u0131l\u0131k, daha az ar\u0131za ve daha uzun hizmet \u00f6mr\u00fc sa\u011flayarak bak\u0131m maliyetlerini ve duru\u015f s\u00fcrelerini azalt\u0131r.<\/li>\n<\/ul>\n<p><strong>2. Y\u00fcksek Verimlilik<\/strong><\/p>\n<ul>\n<li>Optimize Edilmi\u015f G\u00fc\u00e7 Aktar\u0131m\u0131: Di\u015fli kutular\u0131, t\u00fcm tah\u0131l i\u015fleme ve depolama sisteminin sorunsuz \u00e7al\u0131\u015fmas\u0131n\u0131 sa\u011flayan verimli bir g\u00fc\u00e7 aktar\u0131m\u0131 sa\u011flayacak \u015fekilde tasarlanm\u0131\u015ft\u0131r. Bu verimlilik, optimum performans\u0131 korurken enerji t\u00fcketimini azaltmaya, i\u015fletme maliyetlerini d\u00fc\u015f\u00fcrmeye yard\u0131mc\u0131 olur.<\/li>\n<\/ul>\n<p><strong>3. \u00d6zelle\u015ftirme Se\u00e7enekleri<\/strong><\/p>\n<ul>\n<li>\u00d6zel \u0130htiya\u00e7lara G\u00f6re Tasarlanm\u0131\u015f: T Serisi, farkl\u0131 tah\u0131l depolama uygulamalar\u0131n\u0131n \u00f6zel taleplerini kar\u015f\u0131layacak \u015fekilde \u00f6zelle\u015ftirilebilir. \u0130ster k\u00fc\u00e7\u00fck \u00f6l\u00e7ekli i\u015fletmeler ister b\u00fcy\u00fck depolama tesisleri i\u00e7in olsun, bu di\u015fli kutusu \u00e7e\u015fitli konfig\u00fcrasyonlara ve sistem boyutlar\u0131na uyacak \u015fekilde uyarlanabilir.<\/li>\n<\/ul>\n<p><strong>4. Sorunsuz \u00c7al\u0131\u015fma<\/strong><\/p>\n<ul>\n<li>G\u00fcr\u00fclt\u00fc ve Titre\u015fim Azaltma: T Serisi \u015fanz\u0131man\u0131n geli\u015fmi\u015f tasar\u0131m\u0131 ve yap\u0131s\u0131, \u00e7al\u0131\u015fma g\u00fcr\u00fclt\u00fcs\u00fcn\u00fc ve titre\u015fimleri en aza indirir. Bu sayede daha sessiz ve daha istikrarl\u0131 bir \u00e7al\u0131\u015fma ortam\u0131 yarat\u0131larak genel sistem performans\u0131n\u0131n iyile\u015ftirilmesine katk\u0131da bulunur.<\/li>\n<\/ul>\n<p><strong>5. Geli\u015ftirilmi\u015f Tah\u0131l Ta\u015f\u0131ma<\/strong><\/p>\n<ul>\n<li>Tutarl\u0131 \u00c7al\u0131\u015fma: G\u00fcvenilir g\u00fc\u00e7 aktar\u0131m\u0131 ve hassas kontrol ile T Serisi di\u015fli kutusu, konvey\u00f6rler ve helezonlar gibi tah\u0131l ta\u015f\u0131ma ekipmanlar\u0131n\u0131n tutarl\u0131 ve dengeli \u00e7al\u0131\u015fmas\u0131n\u0131 sa\u011flar. Bu, tah\u0131l\u0131n hasar g\u00f6rmesini \u00f6nlemeye yard\u0131mc\u0131 olur ve verimli bir \u015fekilde depolanmas\u0131n\u0131 sa\u011flar.<\/li>\n<\/ul>\n<p>T Serisi Tah\u0131l Depolama \u015eanz\u0131man\u0131n\u0131n tar\u0131msal uygulamalarda kullan\u0131lmas\u0131, verimlili\u011fi art\u0131r\u0131r, i\u015fletme maliyetlerini d\u00fc\u015f\u00fcr\u00fcr ve ekipman\u0131n \u00f6mr\u00fcn\u00fc uzat\u0131rken, y\u00fcksek g\u00fcvenilirlik ve d\u00fc\u015f\u00fck bak\u0131m gereksinimi sa\u011flar. Bu avantajlar, onu her t\u00fcrl\u00fc modern tah\u0131l depolama tesisi i\u00e7in m\u00fckemmel bir se\u00e7im haline getirerek, daha sorunsuz operasyonlar ve daha y\u00fcksek yat\u0131r\u0131m getirisi sa\u011flar.<\/p>\n<table style=\"border-collapse: collapse; width: 102.065%; height: 354px;\" border=\"0\" width=\"128\" cellspacing=\"0\" cellpadding=\"0\">\n<tbody>\n<tr style=\"height: 13.8pt;\">\n<td style=\"height: 13.8pt; width: 48.318%;\" align=\"right\" width=\"64\" height=\"18\"><img loading=\"lazy\" decoding=\"async\" class=\"alignnone size-full wp-image-3099\" src=\"https:\/\/fmp-components.com\/wp-content\/uploads\/2025\/01\/T-Series-Grain-Storage-Gearbox-for-Agricultural-1.webp\" alt=\"Tah\u0131l Depolama Di\u015fli Kutusu\" width=\"1000\" height=\"623\" title=\"\" srcset=\"https:\/\/fmp-components.com\/wp-content\/uploads\/2025\/01\/T-Series-Grain-Storage-Gearbox-for-Agricultural-1.webp 1000w, https:\/\/fmp-components.com\/wp-content\/uploads\/2025\/01\/T-Series-Grain-Storage-Gearbox-for-Agricultural-1-980x611.webp 980w, https:\/\/fmp-components.com\/wp-content\/uploads\/2025\/01\/T-Series-Grain-Storage-Gearbox-for-Agricultural-1-480x299.webp 480w\" sizes=\"(min-width: 0px) and (max-width: 480px) 480px, (min-width: 481px) and (max-width: 980px) 980px, (min-width: 981px) 1000px, 100vw\" \/><\/td>\n<td style=\"width: 51.58%;\" align=\"right\" width=\"64\"><img loading=\"lazy\" decoding=\"async\" class=\"alignnone size-full wp-image-3101\" src=\"https:\/\/fmp-components.com\/wp-content\/uploads\/2025\/01\/Grain-Storage-Gearbox-21.webp\" alt=\"Tah\u0131l Depolama Di\u015fli Kutusu\" width=\"946\" height=\"551\" title=\"\" srcset=\"https:\/\/fmp-components.com\/wp-content\/uploads\/2025\/01\/Grain-Storage-Gearbox-21.webp 946w, https:\/\/fmp-components.com\/wp-content\/uploads\/2025\/01\/Grain-Storage-Gearbox-21-480x280.webp 480w\" sizes=\"(min-width: 0px) and (max-width: 480px) 480px, (min-width: 481px) 946px, 100vw\" \/><\/td>\n<\/tr>\n<\/tbody>\n<\/table>\n<h2>T Serisi Tah\u0131l Depolama \u015eanz\u0131man\u0131n\u0131n Tar\u0131msal Uygulamalar\u0131<\/h2>\n<p>T Serisi Tah\u0131l Depolama \u015eanz\u0131man\u0131, \u00f6zellikle tah\u0131l i\u015fleme ve depolama ile ilgili olmak \u00fczere \u00e7e\u015fitli tar\u0131msal uygulamalarda yayg\u0131n olarak kullan\u0131lmaktad\u0131r. Sa\u011flam tasar\u0131m\u0131 ve verimlili\u011fi, onu bir\u00e7ok tar\u0131m i\u015fletmesinde vazge\u00e7ilmez bir bile\u015fen haline getirmektedir. T Serisi Tah\u0131l Depolama \u015eanz\u0131man\u0131n\u0131n baz\u0131 temel uygulamalar\u0131 \u015funlard\u0131r:<\/p>\n<p><strong>1. Tah\u0131l Ta\u015f\u0131ma Sistemleri<\/strong><\/p>\n<ul>\n<li>Rol: \u015eanz\u0131man, tah\u0131l\u0131 depolama tesisleri i\u00e7inde bir yerden ba\u015fka bir yere veya i\u015fleme s\u00fcrecinin farkl\u0131 a\u015famalar\u0131 aras\u0131nda ta\u015f\u0131yan konvey\u00f6rleri \u00e7al\u0131\u015ft\u0131r\u0131r.<\/li>\n<li>Uygulama: Koval\u0131 elevat\u00f6rlerde, yatay konvey\u00f6rlerde ve e\u011fimli konvey\u00f6rlerde kullan\u0131lan T Serisi red\u00fckt\u00f6r, tah\u0131l\u0131n d\u00fczg\u00fcn ve verimli bir \u015fekilde hareket etmesini sa\u011flayarak s\u0131k\u0131\u015fma ve gecikme riskini azalt\u0131r.<\/li>\n<\/ul>\n<p><strong>2. Tah\u0131l Burgular\u0131<\/strong><\/p>\n<ul>\n<li>G\u00f6revi: Helezonlar genellikle kamyonlardan veya silolardan tah\u0131l y\u00fcklemek ve bo\u015faltmak i\u00e7in kullan\u0131l\u0131r. T Serisi di\u015fli kutusu, helezon sistemine g\u00fc\u00e7 vererek g\u00fcvenilir ve s\u00fcrekli tah\u0131l ak\u0131\u015f\u0131 sa\u011flar.<\/li>\n<li>Uygulama: \u015eanz\u0131man, tutarl\u0131 d\u00f6n\u00fc\u015f ve optimum kontrol sa\u011flayarak t\u0131kanmalar\u0131 \u00f6nler ve helezon sistemindeki a\u015f\u0131nmay\u0131 en aza indirir, b\u00f6ylece i\u015fletme verimlili\u011fini art\u0131r\u0131r.<\/li>\n<\/ul>\n<p><strong>3. Tah\u0131l Kurutma Sistemleri<\/strong><\/p>\n<ul>\n<li>Rol: Tah\u0131l kurutucular\u0131nda, di\u015fli kutusu, tah\u0131l\u0131 e\u015fit \u015fekilde kurutmak i\u00e7in dola\u015ft\u0131ran d\u00f6nen tambur veya konvey\u00f6r sistemlerine g\u00fc\u00e7 sa\u011flar.<\/li>\n<li>Uygulama: T Serisi red\u00fckt\u00f6r, tah\u0131l kalitesinin korunmas\u0131 ve nem oran\u0131n\u0131n azalt\u0131lmas\u0131 i\u00e7in \u00f6nemli olan verimli ve etkili kurutmay\u0131, gerekli torku sa\u011flayarak sa\u011flar.<\/li>\n<\/ul>\n<p><strong>4. Tah\u0131l Depolama Silosu \u0130\u015flemleri<\/strong><\/p>\n<ul>\n<li>Rol: T Serisi di\u015fli kutusu, havaland\u0131rma sistemleri, bo\u015faltma helezonlar\u0131 ve konvey\u00f6rler dahil olmak \u00fczere tah\u0131l silolar\u0131ndaki \u00e7e\u015fitli mekanizmalar\u0131 \u00e7al\u0131\u015ft\u0131r\u0131r.<\/li>\n<li>Uygulama: Tah\u0131l\u0131n silolara giri\u015f ve \u00e7\u0131k\u0131\u015f\u0131n\u0131n d\u00fczg\u00fcn ve g\u00fcvenilir bir \u015fekilde yap\u0131lmas\u0131n\u0131 sa\u011flayarak daha iyi depolama ko\u015fullar\u0131 sa\u011flar ve yetersiz havaland\u0131rmadan kaynaklanan bozulma potansiyelini azalt\u0131r.<\/li>\n<\/ul>\n<p><strong>5. Tah\u0131l Temizleme ve Ay\u0131klama Ekipmanlar\u0131<\/strong><\/p>\n<ul>\n<li>Rol: \u015eanz\u0131man, tah\u0131l\u0131 depolama veya sat\u0131\u015fa haz\u0131rlamak i\u00e7in kullan\u0131lan titre\u015fimli elekler, temizleyiciler ve ay\u0131klay\u0131c\u0131lar gibi temizleme ve ay\u0131klama makinelerinin motorlar\u0131n\u0131 \u00e7al\u0131\u015ft\u0131rmak i\u00e7in kullan\u0131l\u0131r.<\/li>\n<li>Uygulama: T Serisi red\u00fckt\u00f6r, verimli g\u00fc\u00e7 aktar\u0131m\u0131yla temizlik ekipmanlar\u0131n\u0131n tutarl\u0131 performans\u0131n\u0131 garanti alt\u0131na alarak, kirlerin giderilmesine yard\u0131mc\u0131 olur ve yaln\u0131zca y\u00fcksek kaliteli tah\u0131l\u0131n depolanmas\u0131n\u0131 veya sevk edilmesini sa\u011flar.<\/li>\n<\/ul>\n<p>T Serisi Tah\u0131l Depolama \u015eanz\u0131man\u0131, bir\u00e7ok tar\u0131msal s\u00fcre\u00e7te vazge\u00e7ilmez bir bile\u015fen olup, \u00e7e\u015fitli tah\u0131l i\u015fleme, i\u015fleme ve depolama sistemleri i\u00e7in g\u00fcvenilir ve verimli g\u00fc\u00e7 aktar\u0131m\u0131 sa\u011flar. \u00c7ok y\u00f6nl\u00fcl\u00fc\u011f\u00fc, verimlili\u011fi ve dayan\u0131kl\u0131l\u0131\u011f\u0131, tah\u0131l ta\u015f\u0131ma, kurutma, ay\u0131klama, \u00f6\u011f\u00fctme ve daha bir\u00e7ok i\u015flem i\u00e7in ideal olmas\u0131n\u0131 sa\u011flayarak, \u00e7ok \u00e7e\u015fitli tar\u0131msal uygulamalarda sorunsuz \u00e7al\u0131\u015fma sa\u011flar.<\/p>\n<p><img loading=\"lazy\" decoding=\"async\" class=\"alignnone size-full wp-image-3096\" src=\"https:\/\/fmp-components.com\/wp-content\/uploads\/2025\/01\/Grain-Storage-Gearbox-28.webp\" alt=\"Tah\u0131l Depolama Di\u015fli Kutusu\" width=\"1200\" height=\"950\" title=\"\" srcset=\"https:\/\/fmp-components.com\/wp-content\/uploads\/2025\/01\/Grain-Storage-Gearbox-28.webp 1200w, https:\/\/fmp-components.com\/wp-content\/uploads\/2025\/01\/Grain-Storage-Gearbox-28-980x776.webp 980w, https:\/\/fmp-components.com\/wp-content\/uploads\/2025\/01\/Grain-Storage-Gearbox-28-480x380.webp 480w\" sizes=\"(min-width: 0px) and (max-width: 480px) 480px, (min-width: 481px) and (max-width: 980px) 980px, (min-width: 981px) 1200px, 100vw\" \/><\/p>\n<h2>FMP Hakk\u0131nda<\/h2>\n<p>Merkezi \u0130talya'da bulunan FMP, tar\u0131m makineleri sekt\u00f6r\u00fcne odaklanarak y\u00fcksek performansl\u0131 di\u015fli kutular\u0131 tasarlama, geli\u015ftirme ve \u00fcretme konusundaki uzmanl\u0131\u011f\u0131yla tan\u0131nan \u00f6nde gelen bir \u00fcreticidir. Hassas m\u00fchendisli\u011fi, yenilik\u00e7i \u00e7\u00f6z\u00fcmleri ve sars\u0131lmaz g\u00fcvenilirli\u011fiyle tan\u0131nan FMP, hem tar\u0131m hem de end\u00fcstriyel pazarlarda g\u00fcvenilir bir ortak olarak kendini kan\u0131tlam\u0131\u015ft\u0131r. Geni\u015f portf\u00f6y\u00fcm\u00fcz, \u00e7im bi\u00e7me makineleri i\u00e7in \u00f6zel olarak tasarlanm\u0131\u015f di\u015fli kutular\u0131, PTO \u015faftlar\u0131 ve \u00e7e\u015fitli uygulamalar\u0131n farkl\u0131 ihtiya\u00e7lar\u0131n\u0131 kar\u015f\u0131lamak \u00fczere titizlikle haz\u0131rlanm\u0131\u015f \u00e7ok \u00e7e\u015fitli kritik bile\u015fenleri i\u00e7erir.<\/p>\n<p>FMP olarak, her m\u00fc\u015fterinin benzersiz zorluklarla kar\u015f\u0131la\u015ft\u0131\u011f\u0131n\u0131n bilincindeyiz. Bu nedenle, ister bireysel bile\u015fenler ister tamamen entegre sistemler i\u00e7in olsun, ki\u015fiye \u00f6zel \u00e7\u00f6z\u00fcmler sunma konusunda uzmanla\u015f\u0131yoruz. M\u00fc\u015fterilerimizle yak\u0131n i\u015f birli\u011fi i\u00e7inde \u00e7al\u0131\u015farak, her \u00e7\u00f6z\u00fcm\u00fcn yaln\u0131zca \u00f6zel gereksinimlerini kar\u015f\u0131lamas\u0131n\u0131 de\u011fil, ayn\u0131 zamanda performans\u0131 art\u0131r\u0131p de\u011feri en \u00fcst d\u00fczeye \u00e7\u0131karmas\u0131n\u0131 da sa\u011fl\u0131yoruz. H\u0131zl\u0131, profesyonel yan\u0131tlar ve uzman rehberli\u011fi sunma taahh\u00fcd\u00fcm\u00fcz, her talebin hassasiyetle ele al\u0131nmas\u0131n\u0131 ve her zaman en iyi sonu\u00e7lara ula\u015f\u0131lmas\u0131n\u0131 sa\u011flar.<\/p>\n<p>\u00dcr\u00fcn geli\u015ftirme d\u00f6ng\u00fcs\u00fcn\u00fcn tamam\u0131nda a\u00e7\u0131k ve s\u00fcrekli ileti\u015fim, yakla\u015f\u0131m\u0131m\u0131z\u0131n temelini olu\u015fturur. \u00d6zverili ekibimiz, m\u00fc\u015fterilerimizle do\u011frudan i\u015f birli\u011fi yaparak ihtiya\u00e7lar\u0131n\u0131 derinlemesine anlar ve en iyi sonu\u00e7lar\u0131 elde etmek i\u00e7in de\u011ferli i\u00e7g\u00f6r\u00fcler ve \u00f6neriler sunar. \u0130ster son teknoloji \u00fcr\u00fcnler tasarl\u0131yor ister rutin sipari\u015fleri kar\u015f\u0131l\u0131yor olal\u0131m, FMP her seferinde zaman\u0131nda, y\u00fcksek kaliteli ve hassas m\u00fchendislik \u00e7\u00f6z\u00fcmleri sunmaya kararl\u0131d\u0131r. Misyonumuz, her projede ola\u011fan\u00fcst\u00fc hizmet ve ola\u011fan\u00fcst\u00fc sonu\u00e7lar sunarak m\u00fc\u015fteri beklentilerini s\u00fcrekli olarak a\u015fmakt\u0131r.<\/p>\n<p>FMP'de yapt\u0131\u011f\u0131m\u0131z her \u015feyin merkezinde kalite vard\u0131r. En y\u00fcksek \u00fcretim standartlar\u0131na ba\u011fl\u0131 kal\u0131yor ve her \u00fcr\u00fcn\u00fcn sekt\u00f6r standartlar\u0131n\u0131 kar\u015f\u0131lamakla kalmay\u0131p, \u00e7o\u011fu zaman da a\u015fmas\u0131n\u0131 sa\u011flamak i\u00e7in s\u0131k\u0131 kalite kontrol \u00f6nlemleri uyguluyoruz. M\u00fckemmelli\u011fe olan bu ba\u011fl\u0131l\u0131\u011f\u0131m\u0131z, d\u00fcr\u00fcstl\u00fck, ekip \u00e7al\u0131\u015fmas\u0131 ve azim gibi temel de\u011ferlerimizle birlikte, d\u00fcnya \u00e7ap\u0131nda yakla\u015f\u0131k 30 \u00fclkedeki m\u00fc\u015fterilerimizle uzun vadeli, g\u00fcvene dayal\u0131 ili\u015fkiler kurmam\u0131z\u0131 sa\u011flam\u0131\u015ft\u0131r.<\/p>\n<p>FMP, m\u00fc\u015fterilerimizin de\u011fi\u015fen ihtiya\u00e7lar\u0131n\u0131 kar\u015f\u0131lamak i\u00e7in uzman tavsiyeleri ve \u00f6zelle\u015ftirilmi\u015f \u00e7\u00f6z\u00fcmler sunarak k\u00fcresel ortakl\u0131klar kurmaya her zaman isteklidir. Her projenin ba\u015far\u0131s\u0131n\u0131 sa\u011flayan, uzun vadeli ve kar\u015f\u0131l\u0131kl\u0131 fayda sa\u011flayan ili\u015fkiler kurmaya kendimizi adad\u0131k. \u0130ster yeni bir giri\u015fim i\u00e7in yenilik\u00e7i \u00e7\u00f6z\u00fcmler ar\u0131yor olun, ister mevcut bir sistem i\u00e7in s\u00fcrekli deste\u011fe ihtiya\u00e7 duyuyor olun, FMP teknik zorluklar\u0131n \u00fcstesinden gelmenize ve ba\u015far\u0131n\u0131z\u0131n devam\u0131n\u0131 sa\u011flaman\u0131za yard\u0131mc\u0131 olmak i\u00e7in burada.<\/p>\n<p><img loading=\"lazy\" decoding=\"async\" class=\"alignnone wp-image-2695\" src=\"https:\/\/fmp-components.com\/wp-content\/uploads\/2025\/01\/agricultural-gearbox3.webp\" alt=\"tar\u0131msal \u015fanz\u0131man\" width=\"1140\" height=\"1138\" title=\"\" srcset=\"https:\/\/fmp-components.com\/wp-content\/uploads\/2025\/01\/agricultural-gearbox3.webp 1140w, https:\/\/fmp-components.com\/wp-content\/uploads\/2025\/01\/agricultural-gearbox3-480x479.webp 480w\" sizes=\"(min-width: 0px) and (max-width: 480px) 480px, (min-width: 481px) 1140px, 100vw\" \/><\/p>\n<p>Yazar: CX<\/p>","protected":false},"excerpt":{"rendered":"<p>T Series Grain Storage Gearbox FMP-4090 Specifications Product Name Grain storage gearbox Material A380 for housing, 40CrMnTi for gear shaft. Color Customized Ratio 1:35:1 Rate power 45HP Weight 13.2KG Used Grain storage Benefits of Using the T Series Grain Storage Gearbox for Agricultural The T Series Grain Storage Gearbox offers numerous advantages for agricultural applications, [&hellip;]<\/p>","protected":false},"featured_media":3098,"comment_status":"open","ping_status":"closed","template":"","meta":{"_et_pb_use_builder":"","_et_pb_old_content":"","_et_gb_content_width":""},"product_brand":[],"product_cat":[73],"product_tag":[],"class_list":{"0":"post-3094","1":"product","2":"type-product","3":"status-publish","4":"has-post-thumbnail","6":"product_cat-grain-storage-gearbox","8":"first","9":"instock","10":"shipping-taxable","11":"product-type-simple"},"_links":{"self":[{"href":"https:\/\/fmp-components.com\/tr\/wp-json\/wp\/v2\/product\/3094","targetHints":{"allow":["GET"]}}],"collection":[{"href":"https:\/\/fmp-components.com\/tr\/wp-json\/wp\/v2\/product"}],"about":[{"href":"https:\/\/fmp-components.com\/tr\/wp-json\/wp\/v2\/types\/product"}],"replies":[{"embeddable":true,"href":"https:\/\/fmp-components.com\/tr\/wp-json\/wp\/v2\/comments?post=3094"}],"wp:featuredmedia":[{"embeddable":true,"href":"https:\/\/fmp-components.com\/tr\/wp-json\/wp\/v2\/media\/3098"}],"wp:attachment":[{"href":"https:\/\/fmp-components.com\/tr\/wp-json\/wp\/v2\/media?parent=3094"}],"wp:term":[{"taxonomy":"product_brand","embeddable":true,"href":"https:\/\/fmp-components.com\/tr\/wp-json\/wp\/v2\/product_brand?post=3094"},{"taxonomy":"product_cat","embeddable":true,"href":"https:\/\/fmp-components.com\/tr\/wp-json\/wp\/v2\/product_cat?post=3094"},{"taxonomy":"product_tag","embeddable":true,"href":"https:\/\/fmp-components.com\/tr\/wp-json\/wp\/v2\/product_tag?post=3094"}],"curies":[{"name":"wp","href":"https:\/\/api.w.org\/{rel}","templated":true}]}}