{"id":3088,"date":"2025-01-04T08:55:19","date_gmt":"2025-01-04T08:55:19","guid":{"rendered":"https:\/\/fmp-components.com\/?page_id=8"},"modified":"2025-01-04T09:00:03","modified_gmt":"2025-01-04T09:00:03","slug":"agricultural-combine-harvester-reversing-gearbox-for-rice-harvesting","status":"publish","type":"product","link":"https:\/\/fmp-components.com\/tr\/product\/agricultural-combine-harvester-reversing-gearbox-for-rice-harvesting\/","title":{"rendered":"Pirin\u00e7 Hasad\u0131 i\u00e7in Tar\u0131msal Bi\u00e7erd\u00f6ver Geri Vites Kutusu"},"content":{"rendered":"<p><img loading=\"lazy\" decoding=\"async\" class=\"alignnone size-full wp-image-3090\" src=\"https:\/\/fmp-components.com\/wp-content\/uploads\/2025\/01\/10_Combine-Harvester-Gearbox-2.webp\" alt=\"Bi\u00e7erd\u00f6ver-Di\u015fli Kutusu\" width=\"1534\" height=\"1138\" title=\"\" srcset=\"https:\/\/fmp-components.com\/wp-content\/uploads\/2025\/01\/10_Combine-Harvester-Gearbox-2.webp 1534w, https:\/\/fmp-components.com\/wp-content\/uploads\/2025\/01\/10_Combine-Harvester-Gearbox-2-1280x950.webp 1280w, https:\/\/fmp-components.com\/wp-content\/uploads\/2025\/01\/10_Combine-Harvester-Gearbox-2-980x727.webp 980w, https:\/\/fmp-components.com\/wp-content\/uploads\/2025\/01\/10_Combine-Harvester-Gearbox-2-480x356.webp 480w\" sizes=\"(min-width: 0px) and (max-width: 480px) 480px, (min-width: 481px) and (max-width: 980px) 980px, (min-width: 981px) and (max-width: 1280px) 1280px, (min-width: 1281px) 1534px, 100vw\" \/><\/p>\n<h2>\u00dcr\u00fcn \u00d6zellikleri:<\/h2>\n<table style=\"width: 86.1946%; height: 161px;\" border=\"1\" cellspacing=\"0\" cellpadding=\"0\">\n<tbody>\n<tr>\n<td>\u00dcr\u00fcn Ad\u0131<\/td>\n<td>Pirin\u00e7 hasat makinesi i\u00e7in k\u0131sa hasat makinesi geri viteste<\/td>\n<\/tr>\n<tr>\n<td>Malzeme<\/td>\n<td>G\u00f6vde i\u00e7in QT450, di\u015fli mili i\u00e7in 20CrMnTi.<\/td>\n<\/tr>\n<tr>\n<td>Renk<\/td>\n<td>\u00d6zelle\u015ftirme<\/td>\n<\/tr>\n<tr>\n<td>Model<\/td>\n<td>\u00a0FMP-1.6Z.03-05<\/td>\n<\/tr>\n<tr>\n<td>Kullan\u0131lm\u0131\u015f<\/td>\n<td>Pirin\u00e7 hasat makinesi<\/td>\n<\/tr>\n<\/tbody>\n<\/table>\n<h2>Bi\u00e7erd\u00f6ver Geri Vites Kutusu Kullanman\u0131n Avantajlar\u0131<\/h2>\n<p>Bi\u00e7erd\u00f6ver Geri Vites Kutusu, bi\u00e7erd\u00f6verin verimlili\u011fini ve i\u015flevselli\u011fini art\u0131ran bir\u00e7ok \u00f6nemli avantaj sunar. Bu \u00f6zel \u015fanz\u0131man\u0131 kullanman\u0131n baz\u0131 temel faydalar\u0131 \u015funlard\u0131r:<\/p>\n<p><strong>1. Geli\u015ftirilmi\u015f Manevra Kabiliyeti<\/strong><\/p>\n<ul>\n<li>Geri vites kutusu, bi\u00e7erd\u00f6verin karma\u015f\u0131k manevralara veya durup d\u00f6nmeye gerek kalmadan kolayca geri gitmesini sa\u011flar. Bu \u00f6zellik, \u00f6zellikle dar alanlarda veya tarlada konum ayarlamas\u0131 yaparken kullan\u0131\u015fl\u0131d\u0131r ve genel operasyonel verimlili\u011fi art\u0131r\u0131r.<\/li>\n<\/ul>\n<p><strong>2. Artan Operasyonel Verimlilik<\/strong><\/p>\n<ul>\n<li>Geri vites kutusu sayesinde bi\u00e7erd\u00f6ver, vites de\u011fi\u015ftirmeye veya vites de\u011fi\u015ftirmeye gerek kalmadan h\u0131zl\u0131 bir \u015fekilde y\u00f6n de\u011fi\u015ftirebilir. Bu sayede, yo\u011fun mahsul bulunan alanlara girip \u00e7\u0131karken daha yumu\u015fak ve h\u0131zl\u0131 ge\u00e7i\u015fler sa\u011flanarak, duru\u015f s\u00fcreleri azalt\u0131l\u0131r ve hasat verimlili\u011fi art\u0131r\u0131l\u0131r.<\/li>\n<\/ul>\n<p><strong>3. Geli\u015fmi\u015f \u00dcretkenlik<\/strong><\/p>\n<ul>\n<li>Durmadan h\u0131zl\u0131 geri d\u00f6n\u00fc\u015f \u00f6zelli\u011fi sayesinde operat\u00f6rler gecikmeleri \u00f6nleyebilir ve makinenin konumunu de\u011fi\u015ftirmek i\u00e7in harcanan s\u00fcreyi azaltabilir. Bu, \u00f6zellikle engeller, d\u00f6n\u00fc\u015fler veya engebeli arazi nedeniyle s\u0131k s\u0131k y\u00f6n de\u011fi\u015fikli\u011fi gerektiren tarlalarda, hasat s\u00fcrecinde daha y\u00fcksek genel verim sa\u011flar.<\/li>\n<\/ul>\n<p><strong>4. Daha Fazla \u00c7ok Y\u00f6nl\u00fcl\u00fck<\/strong><\/p>\n<ul>\n<li>Geri vites kutusu, \u00e7al\u0131\u015fma ko\u015fullar\u0131nda daha fazla esneklik sa\u011flar. Hasat makinesinin, \u00fcr\u00fcn art\u0131klar\u0131n\u0131 temizleme, tabla konumlar\u0131n\u0131 ayarlamak i\u00e7in geri gitme veya engellerin etraf\u0131ndan dola\u015fma gibi \u00e7e\u015fitli g\u00f6revlere uyum sa\u011flamas\u0131na yard\u0131mc\u0131 olur; t\u00fcm bunlar\u0131 farkl\u0131 bir vitese ge\u00e7meye veya \u00e7al\u0131\u015fmay\u0131 durdurmaya gerek kalmadan ger\u00e7ekle\u015ftirir.<\/li>\n<\/ul>\n<p><strong>5. Azalt\u0131lm\u0131\u015f A\u015f\u0131nma ve Y\u0131pranma<\/strong><\/p>\n<ul>\n<li>\u015eanz\u0131man, geri viteste daha ak\u0131c\u0131 bir s\u00fcr\u00fc\u015f sa\u011flayarak debriyaj ve \u015fanz\u0131man gibi di\u011fer kritik bile\u015fenlerin a\u015f\u0131nmas\u0131n\u0131 azalt\u0131r. Ayr\u0131ca, manuel m\u00fcdahale ihtiyac\u0131n\u0131 en aza indirerek arac\u0131n aktarma organlar\u0131n\u0131n \u00f6mr\u00fcn\u00fc uzat\u0131r ve mekanik ar\u0131za riskini azalt\u0131r.<\/li>\n<\/ul>\n<p>\u00d6zetle, Bi\u00e7erd\u00f6ver Geri Vites Kutusu, art\u0131r\u0131lm\u0131\u015f manevra kabiliyeti, operasyonel verimlilik ve \u00fcretkenlik gibi avantajlar sunman\u0131n yan\u0131 s\u0131ra g\u00fcvenli\u011fi art\u0131r\u0131r, a\u015f\u0131nma ve y\u0131pranmay\u0131 azalt\u0131r ve yak\u0131t verimlili\u011fini art\u0131r\u0131r. Bu avantajlar, onu modern bi\u00e7erd\u00f6ver operasyonlar\u0131nda vazge\u00e7ilmez bir bile\u015fen haline getirerek \u00e7ift\u00e7ilere hem zamandan hem de maliyetten tasarruf sa\u011flar.<\/p>\n<p><img loading=\"lazy\" decoding=\"async\" class=\"alignnone  wp-image-3091\" src=\"https:\/\/fmp-components.com\/wp-content\/uploads\/2025\/01\/10_Combine-Harvester-Gearbox-12.webp\" alt=\"Bi\u00e7erd\u00f6ver-Di\u015fli Kutusu\" width=\"1078\" height=\"609\" title=\"\" srcset=\"https:\/\/fmp-components.com\/wp-content\/uploads\/2025\/01\/10_Combine-Harvester-Gearbox-12.webp 1078w, https:\/\/fmp-components.com\/wp-content\/uploads\/2025\/01\/10_Combine-Harvester-Gearbox-12-980x554.webp 980w, https:\/\/fmp-components.com\/wp-content\/uploads\/2025\/01\/10_Combine-Harvester-Gearbox-12-480x271.webp 480w\" sizes=\"(min-width: 0px) and (max-width: 480px) 480px, (min-width: 481px) and (max-width: 980px) 980px, (min-width: 981px) 1078px, 100vw\" \/><\/p>\n<h2>Bi\u00e7erd\u00f6ver Geri Vites Kutusunun Temel Bile\u015fenleri<\/h2>\n<div class=\"flex-shrink-0 flex flex-col relative items-end\">\n<div>\n<div class=\"pt-0\">\n<div class=\"gizmo-bot-avatar flex h-8 w-8 items-center justify-center overflow-hidden rounded-full\">\n<div class=\"relative p-1 rounded-sm flex items-center justify-center bg-token-main-surface-primary text-token-text-primary h-8 w-8\">Bi\u00e7erd\u00f6ver Geri Vites Kutusu, modern bi\u00e7erd\u00f6verlerde kritik bir bile\u015fendir ve makinenin manuel vites de\u011fi\u015ftirmeye gerek kalmadan verimli ve sorunsuz bir \u015fekilde geri vitese ge\u00e7mesini sa\u011flar. G\u00fcvenilir g\u00fc\u00e7 aktar\u0131m\u0131 ve kontrol sa\u011flamak i\u00e7in birlikte \u00e7al\u0131\u015fan \u00e7e\u015fitli mekanik bile\u015fenleri bir araya getirir. Bir bi\u00e7erd\u00f6ver geri vites kutusunun temel bile\u015fenleri \u015funlard\u0131r:<\/div>\n<\/div>\n<\/div>\n<\/div>\n<\/div>\n<div class=\"group\/conversation-turn relative flex w-full min-w-0 flex-col agent-turn\">\n<div class=\"flex-col gap-1 md:gap-3\">\n<div class=\"flex max-w-full flex-col flex-grow\">\n<div class=\"min-h-8 text-message flex w-full flex-col items-end gap-2 whitespace-normal break-words text-start [.text-message+&amp;]:mt-5\" dir=\"auto\" data-message-author-role=\"assistant\" data-message-id=\"e6cb3039-0226-4bda-ac7c-bde40b961baf\" data-message-model-slug=\"gpt-4o-mini\">\n<div class=\"flex w-full flex-col gap-1 empty:hidden first:pt-[3px]\">\n<div class=\"markdown prose w-full break-words dark:prose-invert light\">\n<p><strong>1. Giri\u015f Mili<\/strong><\/p>\n<ul>\n<li>Giri\u015f mili, g\u00fcc\u00fc motordan \u015fanz\u0131mana iletir. Motorun d\u00f6nme kuvvetinin \u015fanz\u0131mana girdi\u011fi ve vites de\u011fi\u015ftirme s\u00fcrecini ba\u015flatan birincil ba\u011flant\u0131d\u0131r.<\/li>\n<\/ul>\n<p><strong>2. Geri Vites Seti<\/strong><\/p>\n<ul>\n<li>Bu di\u015fli tak\u0131m\u0131, d\u00f6n\u00fc\u015f y\u00f6n\u00fcn\u00fc de\u011fi\u015ftirmekten sorumludur. Etkinle\u015ftirildi\u011finde, \u00e7\u0131k\u0131\u015f milinin y\u00f6n\u00fcn\u00fc tersine \u00e7evirerek bi\u00e7erd\u00f6verin geriye do\u011fru hareket etmesini sa\u011flar. Geri vites tak\u0131m\u0131 genellikle, d\u00f6n\u00fc\u015f\u00fc tersine \u00e7evirmek i\u00e7in devreye giren ve devreden \u00e7\u0131kan avara di\u015flileri, mahmuz di\u015flileri ve pinyon di\u015flilerinden olu\u015fur.<\/li>\n<\/ul>\n<p><strong>3. Ana \u015eanz\u0131man Muhafazas\u0131<\/strong><\/p>\n<ul>\n<li>\u015eanz\u0131man muhafazas\u0131, t\u00fcm i\u00e7 bile\u015fenleri bar\u0131nd\u0131ran ve koruyan d\u0131\u015f kasad\u0131r. Genellikle, \u00e7al\u0131\u015fma s\u0131ras\u0131nda kar\u015f\u0131la\u015f\u0131lan y\u00fcksek gerilim ve bas\u0131nca dayanacak \u015fekilde d\u00f6kme demir veya \u00e7elik gibi dayan\u0131kl\u0131 malzemelerden yap\u0131l\u0131r. Muhafaza ayr\u0131ca di\u015flilerin ve millerin do\u011fru hizalanmas\u0131n\u0131 sa\u011flar.<\/li>\n<\/ul>\n<p><strong>4. \u00c7\u0131k\u0131\u015f Mili<\/strong><\/p>\n<ul>\n<li>\u00c7\u0131k\u0131\u015f mili, g\u00fcc\u00fc \u015fanz\u0131mandan bi\u00e7erd\u00f6verin tahrik sistemine iletir. Bu mil, bi\u00e7erd\u00f6verin tekerleklerine veya paletlerine ba\u011fl\u0131d\u0131r ve di\u015fli kavramas\u0131na ba\u011fl\u0131 olarak ileri veya geri hareket etmesini sa\u011flar.<\/li>\n<\/ul>\n<p><strong>5. Debriyaj Mekanizmas\u0131<\/strong><\/p>\n<ul>\n<li>Debriyaj, \u015fanz\u0131man\u0131 motor g\u00fcc\u00fcnden ay\u0131rmak veya devreye sokmak i\u00e7in kullan\u0131l\u0131r. Operat\u00f6r\u00fcn motor ile \u015fanz\u0131man aras\u0131ndaki ba\u011flant\u0131y\u0131 kontrol etmesini sa\u011flayarak vites de\u011fi\u015ftirirken sorunsuz bir \u00e7al\u0131\u015fma sa\u011flar. Geri vites \u015fanz\u0131man\u0131nda ise debriyaj hem ileri hem de geri hareketi kolayla\u015ft\u0131r\u0131r.<\/li>\n<\/ul>\n<p>Bu temel bile\u015fenler, bi\u00e7erd\u00f6verler i\u00e7in son derece verimli ve g\u00fcvenilir bir geri vites sistemi sa\u011flamak \u00fczere birlikte \u00e7al\u0131\u015f\u0131r. Geri vites kutusu, operat\u00f6rlerin ileri ve geri hareketler aras\u0131nda kolayca ge\u00e7i\u015f yapmas\u0131n\u0131 sa\u011flayarak, arazide manevra kabiliyetini, \u00fcretkenli\u011fi ve operasyonel verimlili\u011fi art\u0131r\u0131r.<\/p>\n<p><img loading=\"lazy\" decoding=\"async\" class=\"alignnone size-full wp-image-3092\" src=\"https:\/\/fmp-components.com\/wp-content\/uploads\/2025\/01\/10_Combine-Harvester-Gearbox-14.webp\" alt=\"Bi\u00e7erd\u00f6ver-Di\u015fli Kutusu\" width=\"1280\" height=\"720\" title=\"\" srcset=\"https:\/\/fmp-components.com\/wp-content\/uploads\/2025\/01\/10_Combine-Harvester-Gearbox-14.webp 1280w, https:\/\/fmp-components.com\/wp-content\/uploads\/2025\/01\/10_Combine-Harvester-Gearbox-14-980x551.webp 980w, https:\/\/fmp-components.com\/wp-content\/uploads\/2025\/01\/10_Combine-Harvester-Gearbox-14-480x270.webp 480w\" sizes=\"(min-width: 0px) and (max-width: 480px) 480px, (min-width: 481px) and (max-width: 980px) 980px, (min-width: 981px) 1280px, 100vw\" \/><\/p>\n<h2>FMP Hakk\u0131nda<\/h2>\n<p>Merkezi \u0130talya'da bulunan FMP, tar\u0131m makineleri sekt\u00f6r\u00fcne odaklanarak y\u00fcksek performansl\u0131 di\u015fli kutular\u0131 tasarlama, geli\u015ftirme ve \u00fcretme konusundaki uzmanl\u0131\u011f\u0131yla tan\u0131nan lider bir \u00fcreticidir. Hassas m\u00fchendisli\u011fi, yenilik\u00e7i \u00e7\u00f6z\u00fcmleri ve istikrarl\u0131 g\u00fcvenilirli\u011fiyle tan\u0131nan FMP, hem tar\u0131m hem de end\u00fcstriyel pazarlarda g\u00fcvenilir bir ortak olarak \u00fcn kazanm\u0131\u015ft\u0131r. Kapsaml\u0131 portf\u00f6y\u00fcm\u00fcz, \u00e7im bi\u00e7me makineleri i\u00e7in \u00f6zel olarak tasarlanm\u0131\u015f di\u015fli kutular\u0131, PTO \u015faftlar\u0131 ve \u00e7e\u015fitli uygulamalar\u0131n \u00f6zel gereksinimlerini kar\u015f\u0131lamak \u00fczere \u00f6zenle tasarlanm\u0131\u015f \u00e7ok \u00e7e\u015fitli temel bile\u015fenleri i\u00e7erir.<\/p>\n<p>FMP olarak, her m\u00fc\u015fterinin benzersiz zorluklarla kar\u015f\u0131la\u015ft\u0131\u011f\u0131n\u0131n fark\u0131nday\u0131z. Bu nedenle, ister bireysel bile\u015fenler ister tamamen entegre sistemler i\u00e7in olsun, size \u00f6zel \u00e7\u00f6z\u00fcmler sunma konusunda uzmanla\u015f\u0131yoruz. M\u00fc\u015fterilerimizle yak\u0131n i\u015f birli\u011fi i\u00e7inde, her \u00e7\u00f6z\u00fcm\u00fcn yaln\u0131zca ihtiya\u00e7lar\u0131n\u0131 kar\u015f\u0131lamas\u0131n\u0131 de\u011fil, ayn\u0131 zamanda performans\u0131 optimize etmesini ve de\u011feri en \u00fcst d\u00fczeye \u00e7\u0131karmas\u0131n\u0131 sa\u011fl\u0131yoruz. H\u0131zl\u0131, profesyonel yan\u0131tlar ve uzman rehberli\u011fine olan ba\u011fl\u0131l\u0131\u011f\u0131m\u0131z, her sorunun hassasiyetle ele al\u0131nmas\u0131n\u0131 ve her seferinde en iyi sonu\u00e7lar\u0131n elde edilmesini garanti eder.<\/p>\n<p>\u00dcr\u00fcn geli\u015ftirme d\u00f6ng\u00fcs\u00fcn\u00fcn tamam\u0131nda net ve kesintisiz ileti\u015fime \u00f6ncelik veriyoruz. \u00d6zverili ekibimiz, m\u00fc\u015fterilerimizle yak\u0131n bir \u015fekilde \u00e7al\u0131\u015farak ihtiya\u00e7lar\u0131n\u0131 derinlemesine anl\u0131yor ve optimum sonu\u00e7lar elde etmek i\u00e7in de\u011ferli i\u00e7g\u00f6r\u00fcler ve \u00f6neriler sunuyor. \u0130ster son teknoloji \u00fcr\u00fcnler tasarl\u0131yor ister rutin sipari\u015fleri kar\u015f\u0131l\u0131yor olun, FMP her seferinde zaman\u0131nda, y\u00fcksek kaliteli ve hassas m\u00fchendislik \u00e7\u00f6z\u00fcmleri sunmaya kendini adam\u0131\u015ft\u0131r. Misyonumuz, her projede ola\u011fan\u00fcst\u00fc hizmet ve sonu\u00e7lar sunarak m\u00fc\u015fteri beklentilerini s\u00fcrekli olarak a\u015fmakt\u0131r.<\/p>\n<p>Kalite, FMP'nin faaliyetlerinin merkezinde yer al\u0131r. Her \u00fcr\u00fcn\u00fcn sekt\u00f6r standartlar\u0131n\u0131 kar\u015f\u0131lamas\u0131n\u0131 ve hatta \u00e7o\u011fu zaman a\u015fmas\u0131n\u0131 sa\u011flamak i\u00e7in en y\u00fcksek \u00fcretim standartlar\u0131n\u0131 koruyor ve titiz kalite kontrol \u00f6nlemleri uyguluyoruz. M\u00fckemmelli\u011fe olan bu ba\u011fl\u0131l\u0131\u011f\u0131m\u0131z, d\u00fcr\u00fcstl\u00fck, ekip \u00e7al\u0131\u015fmas\u0131 ve azim gibi temel de\u011ferlerimizle birlikte, d\u00fcnya \u00e7ap\u0131nda yakla\u015f\u0131k 30 \u00fclkedeki m\u00fc\u015fterilerimizle uzun s\u00fcreli, g\u00fcvene dayal\u0131 ili\u015fkiler kurmam\u0131z\u0131 sa\u011flam\u0131\u015ft\u0131r.<\/p>\n<p>FMP, m\u00fc\u015fterilerimizin de\u011fi\u015fen ihtiya\u00e7lar\u0131n\u0131 kar\u015f\u0131layan uzman tavsiyeleri ve \u00f6zelle\u015ftirilmi\u015f \u00e7\u00f6z\u00fcmler sunarak k\u00fcresel ortakl\u0131klar kurmaya her zaman isteklidir. Her projenin ba\u015far\u0131s\u0131na katk\u0131da bulunan, uzun vadeli ve kar\u015f\u0131l\u0131kl\u0131 fayda sa\u011flayan ili\u015fkiler kurmay\u0131 hedefliyoruz. \u0130ster yeni bir giri\u015fim i\u00e7in yenilik\u00e7i \u00e7\u00f6z\u00fcmlere, ister mevcut bir sistem i\u00e7in s\u00fcrekli deste\u011fe ihtiyac\u0131n\u0131z olsun, FMP teknik zorluklar\u0131n \u00fcstesinden gelmenize ve ba\u015far\u0131n\u0131z\u0131n devam\u0131n\u0131 sa\u011flaman\u0131za yard\u0131mc\u0131 olmaya haz\u0131rd\u0131r.<\/p>\n<p><img loading=\"lazy\" decoding=\"async\" class=\"alignnone wp-image-2695\" src=\"https:\/\/fmp-components.com\/wp-content\/uploads\/2025\/01\/agricultural-gearbox3.webp\" alt=\"tar\u0131msal \u015fanz\u0131man\" width=\"1140\" height=\"1138\" title=\"\" srcset=\"https:\/\/fmp-components.com\/wp-content\/uploads\/2025\/01\/agricultural-gearbox3.webp 1140w, https:\/\/fmp-components.com\/wp-content\/uploads\/2025\/01\/agricultural-gearbox3-480x479.webp 480w\" sizes=\"(min-width: 0px) and (max-width: 480px) 480px, (min-width: 481px) 1140px, 100vw\" \/><\/p>\n<p>Yazar: CX<\/p>\n<\/div>\n<\/div>\n<\/div>\n<\/div>\n<\/div>\n<\/div>","protected":false},"excerpt":{"rendered":"<p>Product Specifications: Product Name Short harvester reversing for rice harvester Material QT450 for housing, 20CrMnTi for gear shaft. Color Customization Model \u00a0FMP-1.6Z.03-05 Used Rice harvester Advantages of Using the Combine Harvester Reversing Gearbox The Combine Harvester Reversing Gearbox offers several significant advantages that enhance the efficiency and functionality of the harvester. Here are some key [&hellip;]<\/p>","protected":false},"featured_media":3093,"comment_status":"open","ping_status":"closed","template":"","meta":{"_et_pb_use_builder":"","_et_pb_old_content":"","_et_gb_content_width":""},"product_brand":[],"product_cat":[72],"product_tag":[],"class_list":{"0":"post-3088","1":"product","2":"type-product","3":"status-publish","4":"has-post-thumbnail","6":"product_cat-combine-harvester-gearbox","8":"first","9":"instock","10":"shipping-taxable","11":"product-type-simple"},"_links":{"self":[{"href":"https:\/\/fmp-components.com\/tr\/wp-json\/wp\/v2\/product\/3088","targetHints":{"allow":["GET"]}}],"collection":[{"href":"https:\/\/fmp-components.com\/tr\/wp-json\/wp\/v2\/product"}],"about":[{"href":"https:\/\/fmp-components.com\/tr\/wp-json\/wp\/v2\/types\/product"}],"replies":[{"embeddable":true,"href":"https:\/\/fmp-components.com\/tr\/wp-json\/wp\/v2\/comments?post=3088"}],"wp:featuredmedia":[{"embeddable":true,"href":"https:\/\/fmp-components.com\/tr\/wp-json\/wp\/v2\/media\/3093"}],"wp:attachment":[{"href":"https:\/\/fmp-components.com\/tr\/wp-json\/wp\/v2\/media?parent=3088"}],"wp:term":[{"taxonomy":"product_brand","embeddable":true,"href":"https:\/\/fmp-components.com\/tr\/wp-json\/wp\/v2\/product_brand?post=3088"},{"taxonomy":"product_cat","embeddable":true,"href":"https:\/\/fmp-components.com\/tr\/wp-json\/wp\/v2\/product_cat?post=3088"},{"taxonomy":"product_tag","embeddable":true,"href":"https:\/\/fmp-components.com\/tr\/wp-json\/wp\/v2\/product_tag?post=3088"}],"curies":[{"name":"wp","href":"https:\/\/api.w.org\/{rel}","templated":true}]}}