{"id":3061,"date":"2025-01-04T07:59:04","date_gmt":"2025-01-04T07:59:04","guid":{"rendered":"https:\/\/fmp-components.com\/?page_id=8"},"modified":"2025-01-04T07:59:04","modified_gmt":"2025-01-04T07:59:04","slug":"fertilizer-seeder-gearbox-fmp190-r3-for-fertilizer-broadcaster","status":"publish","type":"product","link":"https:\/\/fmp-components.com\/tr\/product\/fertilizer-seeder-gearbox-fmp190-r3-for-fertilizer-broadcaster\/","title":{"rendered":"G\u00fcbre Yay\u0131c\u0131 i\u00e7in G\u00fcbre Ekim Makinesi \u015eanz\u0131man Kutusu FMP190-R3"},"content":{"rendered":"<h2>G\u00fcbre Ekim Makinesi \u015eanz\u0131man FMP190-R3 Boyutlar\u0131<\/h2>\n<h2><img loading=\"lazy\" decoding=\"async\" class=\"alignnone size-full wp-image-3062\" src=\"https:\/\/fmp-components.com\/wp-content\/uploads\/2025\/01\/Fertilizer-Seeder-Gearbox-EP190-R3-Dimensions.webp\" alt=\"G\u00fcbre-Ekim Makinas\u0131-\u015eanz\u0131man-FMP190-R3-Boyutlar\u0131\" width=\"1306\" height=\"866\" title=\"\" srcset=\"https:\/\/fmp-components.com\/wp-content\/uploads\/2025\/01\/Fertilizer-Seeder-Gearbox-EP190-R3-Dimensions.webp 1306w, https:\/\/fmp-components.com\/wp-content\/uploads\/2025\/01\/Fertilizer-Seeder-Gearbox-EP190-R3-Dimensions-1280x849.webp 1280w, https:\/\/fmp-components.com\/wp-content\/uploads\/2025\/01\/Fertilizer-Seeder-Gearbox-EP190-R3-Dimensions-980x650.webp 980w, https:\/\/fmp-components.com\/wp-content\/uploads\/2025\/01\/Fertilizer-Seeder-Gearbox-EP190-R3-Dimensions-480x318.webp 480w\" sizes=\"(min-width: 0px) and (max-width: 480px) 480px, (min-width: 481px) and (max-width: 980px) 980px, (min-width: 981px) and (max-width: 1280px) 1280px, (min-width: 1281px) 1306px, 100vw\" \/> <img loading=\"lazy\" decoding=\"async\" class=\"alignnone size-full wp-image-3063\" src=\"https:\/\/fmp-components.com\/wp-content\/uploads\/2025\/01\/Fertilizer-Seeder-Gearbox-EP190-R3-Shaft-Dimensions.webp\" alt=\"G\u00fcbre-Ekim Makinas\u0131-\u015eanz\u0131man-FMP190-R3-Boyutlar\u0131\" width=\"1139\" height=\"296\" title=\"\" srcset=\"https:\/\/fmp-components.com\/wp-content\/uploads\/2025\/01\/Fertilizer-Seeder-Gearbox-EP190-R3-Shaft-Dimensions.webp 1139w, https:\/\/fmp-components.com\/wp-content\/uploads\/2025\/01\/Fertilizer-Seeder-Gearbox-EP190-R3-Shaft-Dimensions-980x255.webp 980w, https:\/\/fmp-components.com\/wp-content\/uploads\/2025\/01\/Fertilizer-Seeder-Gearbox-EP190-R3-Shaft-Dimensions-480x125.webp 480w\" sizes=\"(min-width: 0px) and (max-width: 480px) 480px, (min-width: 481px) and (max-width: 980px) 980px, (min-width: 981px) 1139px, 100vw\" \/>\u00a0G\u00fcbre Ekim Makinas\u0131 \u015eanz\u0131man FMP190-R3 Teknik Verileri<\/h2>\n<table style=\"width: 89.3855%;\" border=\"1\" cellspacing=\"0\" cellpadding=\"0\">\n<tbody>\n<tr>\n<td style=\"width: 20.1097%;\" colspan=\"2\" rowspan=\"2\">Ben<\/td>\n<td style=\"width: 28.702%;\" rowspan=\"2\">Uygun<\/td>\n<td style=\"width: 11.883%;\">Rpm giri\u015fi<\/td>\n<td style=\"width: 13.3455%;\">Rpm \u00e7\u0131k\u0131\u015f\u0131<\/td>\n<td style=\"width: 7.67824%;\" colspan=\"2\">G\u00fc\u00e7<\/td>\n<td style=\"width: 98.5375%;\" rowspan=\"2\">Di\u015f \u00e7\u0131karma<\/td>\n<\/tr>\n<tr>\n<td style=\"width: 11.883%;\">dev\/dak<\/td>\n<td style=\"width: 13.3455%;\">dev\/dak<\/td>\n<td style=\"width: 4.02194%;\">Kilogram<\/td>\n<td style=\"width: 3.65631%;\">HP<\/td>\n<\/tr>\n<tr>\n<td style=\"width: 12.6143%;\">Yava\u015flamak<\/td>\n<td style=\"width: 7.49543%;\">1.38:1<\/td>\n<td style=\"width: 28.702%;\">G\u00fcbre serpme makinesi vb.<\/td>\n<td style=\"width: 11.883%;\">540<\/td>\n<td style=\"width: 13.3455%;\">390<\/td>\n<td style=\"width: 4.02194%;\">62<\/td>\n<td style=\"width: 3.65631%;\">85<\/td>\n<td style=\"width: 98.5375%;\">Gleason Helisel<br \/>\nDi\u015fler<\/td>\n<\/tr>\n<tr>\n<td style=\"width: 180.256%;\" colspan=\"8\">Not: Herhangi bir \u00f6zel iste\u011finiz varsa l\u00fctfen bana bildirin, \u00f6zel sipari\u015fleri de kabul ediyoruz.<\/td>\n<\/tr>\n<\/tbody>\n<\/table>\n<h2>FMP190-R3 G\u00fcbre Ekim Makinas\u0131 \u015eanz\u0131man\u0131n\u0131n Avantajlar\u0131<\/h2>\n<div class=\"m-auto text-base py-[18px] px-3 md:px-4 w-full md:px-5 lg:px-4 xl:px-5\">\n<div class=\"mx-auto flex flex-1 gap-4 text-base md:gap-5 lg:gap-6 md:max-w-3xl lg:max-w-[40rem] xl:max-w-[48rem]\">\n<div class=\"group\/conversation-turn relative flex w-full min-w-0 flex-col agent-turn\">\n<div class=\"flex-col gap-1 md:gap-3\">\n<div class=\"flex max-w-full flex-col flex-grow\">\n<div class=\"min-h-8 text-message flex w-full flex-col items-end gap-2 whitespace-normal break-words text-start [.text-message+&amp;]:mt-5\" dir=\"auto\" data-message-author-role=\"assistant\" data-message-id=\"b5d5baad-aa49-48fd-a4ec-b7e79369c90f\" data-message-model-slug=\"gpt-4o\">\n<div class=\"flex w-full flex-col gap-1 empty:hidden first:pt-[3px]\">\n<div class=\"markdown prose w-full break-words dark:prose-invert light\">\n<p>FM190-R3 G\u00fcbre Ekim Makinesi \u015eanz\u0131man Kutusu, g\u00fcbre ekim ve da\u011f\u0131t\u0131m sistemlerinin performans\u0131n\u0131 ve verimlili\u011fini art\u0131ran bir\u00e7ok \u00f6nemli avantaj sunar. Ba\u015fl\u0131ca avantajlar\u0131 \u015funlard\u0131r:<\/p>\n<p><strong>1. Hassas G\u00fcbre Da\u011f\u0131t\u0131m\u0131<\/strong><\/p>\n<ul>\n<li>FM190-R3 \u015fanz\u0131man, tarla genelinde homojen ve do\u011fru g\u00fcbre uygulamas\u0131 sa\u011flar. Tohum ve g\u00fcbre da\u011f\u0131t\u0131m mekanizmalar\u0131n\u0131n h\u0131z\u0131n\u0131 kontrol ederek, tutarl\u0131 bir da\u011f\u0131l\u0131m d\u00fczeni elde edilmesine, \u00fcr\u00fcn veriminin art\u0131r\u0131lmas\u0131na ve israf\u0131n en aza indirilmesine yard\u0131mc\u0131 olur.<\/li>\n<\/ul>\n<p><strong>2. Y\u00fcksek Dayan\u0131kl\u0131l\u0131k ve Uzun \u00d6m\u00fcr<\/strong><\/p>\n<ul>\n<li>Y\u00fcksek kaliteli malzemeler ve sa\u011flam yap\u0131 ile \u00fcretilen FM190-R3 \u015fanz\u0131man, uzun s\u00fcreli g\u00fcvenilirlik i\u00e7in tasarlanm\u0131\u015ft\u0131r. Nem, toz ve a\u015f\u0131r\u0131 s\u0131cakl\u0131klar gibi zorlu saha ko\u015fullar\u0131na dayanabilir, s\u0131k bak\u0131m ve de\u011fi\u015ftirme ihtiyac\u0131n\u0131 azalt\u0131r.<\/li>\n<\/ul>\n<p><strong>3. Optimize Edilmi\u015f Performans<\/strong><\/p>\n<ul>\n<li>\u015eanz\u0131man, optimum g\u00fc\u00e7 aktar\u0131m\u0131 sa\u011flayacak \u015fekilde tasarlanm\u0131\u015ft\u0131r; sorunsuz \u00e7al\u0131\u015fmay\u0131 garanti eder ve sistemde a\u015f\u0131r\u0131 zorlanmay\u0131 \u00f6nler. Verimli g\u00fc\u00e7 d\u00f6n\u00fc\u015f\u00fcm\u00fc, daha d\u00fc\u015f\u00fck enerji t\u00fcketimi sa\u011flayarak yak\u0131t tasarrufuna ve genel i\u015fletme maliyetinin azalt\u0131lmas\u0131na katk\u0131da bulunur.<\/li>\n<\/ul>\n<p><strong>4. \u00d6zelle\u015ftirme ve Esneklik<\/strong><\/p>\n<ul>\n<li>FM190-R3 \u015fanz\u0131man, uygulamada sundu\u011fu esneklik sayesinde \u00e7e\u015fitli g\u00fcbre ekim makineleri ve geni\u015f alanlara serpme makineleri i\u00e7in uygundur. Uyarlanabilirli\u011fi, farkl\u0131 mahsul t\u00fcrlerinin ve tarla ko\u015fullar\u0131n\u0131n \u00f6zel ihtiya\u00e7lar\u0131n\u0131 kar\u015f\u0131layarak hem k\u00fc\u00e7\u00fck hem de b\u00fcy\u00fck \u00f6l\u00e7ekli operasyonlarda verimlili\u011fi art\u0131r\u0131r.<\/li>\n<\/ul>\n<p><strong>5. Bak\u0131m Kolayl\u0131\u011f\u0131<\/strong><\/p>\n<ul>\n<li>FM190-R3 \u015fanz\u0131man, kolay bak\u0131m ve servis i\u00e7in tasarlanm\u0131\u015ft\u0131r. Kullan\u0131c\u0131 dostu yap\u0131s\u0131, basit kontrol, ya\u011flama ve par\u00e7a de\u011fi\u015fimlerine olanak tan\u0131yarak, ar\u0131za s\u00fcrelerini azaltmaya ve sahada kesintisiz ve g\u00fcvenilir \u00e7al\u0131\u015fma sa\u011flamaya yard\u0131mc\u0131 olur.<\/li>\n<\/ul>\n<p>FM190-R3 G\u00fcbre Ekim Makinesi \u015eanz\u0131man\u0131, g\u00fcbre uygulama s\u00fcrecini optimize etmek, operasyonel verimlili\u011fi art\u0131rmak ve y\u00fcksek kaliteli, tekd\u00fcze sonu\u00e7lar sa\u011flarken bak\u0131m maliyetlerini d\u00fc\u015f\u00fcrmek isteyen \u00e7ift\u00e7iler i\u00e7in m\u00fckemmel bir se\u00e7imdir.<\/p>\n<p><img loading=\"lazy\" decoding=\"async\" class=\"alignnone size-full wp-image-3065\" src=\"https:\/\/fmp-components.com\/wp-content\/uploads\/2025\/01\/Fertilizer-Seeder-Gearbox-EP190-R3-Benefits-11.webp\" alt=\"G\u00fcbre-Ekim Makinas\u0131-\u015eanz\u0131man-FMP190-R3-Faydalar\u0131-1(1)\" width=\"1446\" height=\"755\" title=\"\" srcset=\"https:\/\/fmp-components.com\/wp-content\/uploads\/2025\/01\/Fertilizer-Seeder-Gearbox-EP190-R3-Benefits-11.webp 1446w, https:\/\/fmp-components.com\/wp-content\/uploads\/2025\/01\/Fertilizer-Seeder-Gearbox-EP190-R3-Benefits-11-1280x668.webp 1280w, https:\/\/fmp-components.com\/wp-content\/uploads\/2025\/01\/Fertilizer-Seeder-Gearbox-EP190-R3-Benefits-11-980x512.webp 980w, https:\/\/fmp-components.com\/wp-content\/uploads\/2025\/01\/Fertilizer-Seeder-Gearbox-EP190-R3-Benefits-11-480x251.webp 480w\" sizes=\"(min-width: 0px) and (max-width: 480px) 480px, (min-width: 481px) and (max-width: 980px) 980px, (min-width: 981px) and (max-width: 1280px) 1280px, (min-width: 1281px) 1446px, 100vw\" \/><\/p>\n<h2>G\u00fcbre Yay\u0131c\u0131 i\u00e7in Do\u011fru G\u00fcbre Ekim Makinesi \u015eanz\u0131man Kutusu FMP190-R3'\u00fc Se\u00e7in<\/h2>\n<p>G\u00fcbre serpme makineniz i\u00e7in do\u011fru FMP190-R3 G\u00fcbre Ekim Makinesi \u015eanz\u0131man\u0131n\u0131 se\u00e7mek, optimum performans, verimlilik ve dayan\u0131kl\u0131l\u0131k sa\u011flamak i\u00e7in kritik \u00f6neme sahiptir. \u0130\u015fte bilin\u00e7li bir karar vermenize yard\u0131mc\u0131 olacak bir k\u0131lavuz:<\/p>\n<h3>Do\u011fru \u015eanz\u0131man\u0131 Se\u00e7mek \u0130\u00e7in Temel Hususlar<\/h3>\n<p><strong>1. Ba\u015fvuru Ko\u015fullar\u0131<\/strong><\/p>\n<ul>\n<li>Tarla Boyutu ve \u00dcr\u00fcn T\u00fcr\u00fc: Ekti\u011finiz \u00fcr\u00fcn t\u00fcr\u00fcn\u00fc ve operasyonunuzun \u00f6l\u00e7e\u011fini anlay\u0131n. Tutarl\u0131 ve geni\u015f alana da\u011f\u0131t\u0131m kapasitesi nedeniyle, daha b\u00fcy\u00fck tarlalar veya y\u00fcksek hacimli operasyonlar i\u00e7in FMP190-R3 faydal\u0131 olabilir.<\/li>\n<li>G\u00fcbre T\u00fcr\u00fc: Kulland\u0131\u011f\u0131n\u0131z g\u00fcbre t\u00fcr\u00fcn\u00fc belirleyin. Di\u015fli kutusu, kat\u0131, s\u0131v\u0131 veya gran\u00fcl g\u00fcbre t\u00fcr\u00fcyle uyumlu olmal\u0131 ve farkl\u0131 boyut ve uygulama oranlar\u0131n\u0131 kar\u015f\u0131layabilmelidir.<\/li>\n<\/ul>\n<p><strong>2. G\u00fc\u00e7 Aktar\u0131m Verimlili\u011fi<\/strong><\/p>\n<ul>\n<li>PTO Uyumlulu\u011fu: FMP190-R3'\u00fcn trakt\u00f6r\u00fcn\u00fcz\u00fcn PTO (G\u00fc\u00e7 Aktarma Organ\u0131) sistemi veya di\u011fer g\u00fc\u00e7 kaynaklar\u0131yla uyumlu oldu\u011fundan emin olun. Bu \u015fanz\u0131man, PTO'dan g\u00fcbre serpme makinesine verimli g\u00fc\u00e7 aktar\u0131m\u0131 sa\u011flayarak sorunsuz \u00e7al\u0131\u015fma ve etkili performans sa\u011flayacak \u015fekilde tasarlanm\u0131\u015ft\u0131r.<\/li>\n<li>\u015eanz\u0131man Oran\u0131: \u015eanz\u0131man\u0131n di\u015fli oranlar\u0131, serpme makinesinin gereksinimlerine uygun olmal\u0131d\u0131r. FMP190-R3, g\u00fcbrenin e\u015fit \u015fekilde da\u011f\u0131t\u0131lmas\u0131 i\u00e7in optimize edilmi\u015f bir g\u00fc\u00e7 iletimi sunarak \u00e7al\u0131\u015fma verimlili\u011fini art\u0131r\u0131r.<\/li>\n<\/ul>\n<p><strong>3. Dayan\u0131kl\u0131l\u0131k ve G\u00fcvenilirlik<\/strong><\/p>\n<ul>\n<li>Malzeme Kalitesi: Kimyasallara, g\u00fcbrelere, neme ve fiziksel a\u015f\u0131nmaya maruz kalma gibi tar\u0131msal ortamlar\u0131n zorluklar\u0131na dayanabilecek, y\u00fcksek kaliteli ve dayan\u0131kl\u0131 malzemelerden \u00fcretilmi\u015f bir \u015fanz\u0131man se\u00e7in. FMP190-R3, zorlu ko\u015fullar\u0131n \u00fcstesinden gelecek \u015fekilde tasarlanm\u0131\u015ft\u0131r.<\/li>\n<li>Korozyon Direnci: G\u00fcbrelere ve di\u011fer a\u015f\u0131nd\u0131r\u0131c\u0131 maddelere maruz kalma riskini g\u00f6z \u00f6n\u00fcnde bulundurarak, pas ve korozyona dayan\u0131kl\u0131 bir di\u015fli kutusu se\u00e7in. FMP190-R3, \u00f6mr\u00fcn\u00fc uzatmak i\u00e7in korozyon \u00f6nleyici \u00f6zelliklerle tasarlanm\u0131\u015ft\u0131r.<\/li>\n<\/ul>\n<p><strong>4. Bak\u0131m Kolayl\u0131\u011f\u0131<\/strong><\/p>\n<ul>\n<li>Bak\u0131m ve Ya\u011flama: Bak\u0131m\u0131 ve servisi kolay bir di\u015fli kutusu aray\u0131n. FMP190-R3, kolay bak\u0131m i\u00e7in tasarlanm\u0131\u015ft\u0131r; bu da ar\u0131za s\u00fcresini azalt\u0131r ve yay\u0131n istasyonunun yo\u011fun sezonlarda \u00e7al\u0131\u015f\u0131r durumda kalmas\u0131n\u0131 sa\u011flar.<\/li>\n<li>Yedek Par\u00e7a Bulunabilirli\u011fi: FMP190-R3 i\u00e7in yedek par\u00e7alar\u0131n kolayca bulunabildi\u011finden ve gerekti\u011finde kolayca de\u011fi\u015ftirilebildi\u011finden emin olun. Bu, bile\u015fen ar\u0131zas\u0131 durumunda gereksiz gecikmeleri ve maliyetleri \u00f6nleyebilir.<\/li>\n<\/ul>\n<p><strong>5. G\u00fc\u00e7 \u00c7\u0131k\u0131\u015f\u0131 ve H\u0131z Kontrol\u00fc<\/strong><\/p>\n<ul>\n<li>Ayarlanabilir H\u0131z: Yeti\u015ftirdi\u011finiz \u00fcr\u00fcn t\u00fcr\u00fcne ba\u011fl\u0131 olarak, g\u00fcbre uygulama h\u0131z\u0131n\u0131 kontrol etmeniz gerekebilir. FMP190-R3, g\u00fcbrenin hassas bir \u015fekilde uygulanmas\u0131n\u0131 sa\u011flamak, tarla alan\u0131n\u0131 iyile\u015ftirmek ve israf\u0131 azaltmak i\u00e7in esnek ayarlamalar sunar.<\/li>\n<li>Y\u00fck Alt\u0131nda Performans: \u015eanz\u0131man, kar\u015f\u0131la\u015faca\u011f\u0131n\u0131z y\u00fck ko\u015fullar\u0131nda verimli bir performans g\u00f6stermelidir. FMP190-R3, a\u011f\u0131r saha \u00e7al\u0131\u015fmalar\u0131nda bile optimum g\u00fc\u00e7 ve kontrol sa\u011flayacak \u015fekilde tasarlanm\u0131\u015ft\u0131r.<\/li>\n<\/ul>\n<h3>Neden FMP190-R3 G\u00fcbre Ekim Makinas\u0131 \u015eanz\u0131man\u0131n\u0131 Se\u00e7melisiniz?<\/h3>\n<ul>\n<li>Optimize Edilmi\u015f Performans: FMP190-R3 \u015fanz\u0131man, \u00e7e\u015fitli tarla boyutlar\u0131nda ve \u00fcr\u00fcn t\u00fcrlerinde g\u00fcbrenin d\u00fczg\u00fcn da\u011f\u0131l\u0131m\u0131n\u0131 sa\u011flayarak p\u00fcr\u00fczs\u00fcz, g\u00fcvenilir ve verimli bir performans sunar.<\/li>\n<li>\u00d6zelle\u015ftirme: H\u0131z ve \u00e7\u0131k\u0131\u015f i\u00e7in ayarlanabilir ayarlarla FMP190-R3, g\u00fcbre serpme makinenizin \u00f6zel gereksinimlerini kar\u015f\u0131layacak \u015fekilde uyarlanabilir.<\/li>\n<li>Dayan\u0131kl\u0131l\u0131k: Y\u00fcksek kaliteli malzemeler ve korozyona dayan\u0131kl\u0131 \u00f6zelliklerle \u00fcretilen FMP190-R3, en zorlu tar\u0131m ortamlar\u0131na dayanacak \u015fekilde tasarlanm\u0131\u015ft\u0131r.<\/li>\n<li>Kolay Bak\u0131m: Basit tasar\u0131m\u0131 ve kolay bak\u0131m\u0131, duru\u015f s\u00fcrelerini azaltmaya ve operasyonlar\u0131n\u0131z\u0131n sorunsuz bir \u015fekilde y\u00fcr\u00fct\u00fclmesini sa\u011flamaya yard\u0131mc\u0131 olur.<\/li>\n<li>Uyumluluk: FMP190-R3, \u00e7ok \u00e7e\u015fitli g\u00fcbre serpme makineleri ve ekim makineleriyle uyumludur ve bu da onu \u00e7e\u015fitli tar\u0131msal uygulamalar i\u00e7in \u00e7ok y\u00f6nl\u00fc bir se\u00e7im haline getirir.<\/li>\n<\/ul>\n<p>G\u00fcbre serpme makineniz i\u00e7in g\u00fcbre ekim makinesi \u015fanz\u0131man\u0131 se\u00e7erken, FMP190-R3 g\u00fcvenilir g\u00fc\u00e7 iletimi, dayan\u0131kl\u0131l\u0131\u011f\u0131 ve kolay bak\u0131m\u0131yla m\u00fckemmel bir se\u00e7im olarak \u00f6ne \u00e7\u0131k\u0131yor. \u00c7e\u015fitli ekim ve g\u00fcbreleme sistemleriyle uyumlulu\u011fu ve verimli g\u00fcbre da\u011f\u0131t\u0131m kapasitesi, onu modern tar\u0131m ihtiya\u00e7lar\u0131 i\u00e7in \u00e7ok y\u00f6nl\u00fc ve uygun maliyetli bir \u00e7\u00f6z\u00fcm haline getiriyor.<\/p>\n<p>G\u00fcbre uygulaman\u0131zda en iyi sonu\u00e7lar\u0131 elde etmek i\u00e7in, operasyonunuzun \u00f6zel ihtiya\u00e7lar\u0131n\u0131 de\u011ferlendirdi\u011finizden ve FMP190-R3'\u00fcn ekipman\u0131n\u0131za ve performans gereksinimlerinize uygun oldu\u011fundan emin oldu\u011funuzdan emin olun.<\/p>\n<p><img loading=\"lazy\" decoding=\"async\" class=\"alignnone  wp-image-3060\" src=\"https:\/\/fmp-components.com\/wp-content\/uploads\/2025\/01\/Fertilizer-Seeder-Gearbox-EP50-Common-Applications-1.webp\" alt=\"G\u00fcbre-Ekim-Di\u015fli Kutusu-EP50-Ortak-Uygulamalar-1\" width=\"1075\" height=\"627\" title=\"\" srcset=\"https:\/\/fmp-components.com\/wp-content\/uploads\/2025\/01\/Fertilizer-Seeder-Gearbox-EP50-Common-Applications-1.webp 1075w, https:\/\/fmp-components.com\/wp-content\/uploads\/2025\/01\/Fertilizer-Seeder-Gearbox-EP50-Common-Applications-1-980x571.webp 980w, https:\/\/fmp-components.com\/wp-content\/uploads\/2025\/01\/Fertilizer-Seeder-Gearbox-EP50-Common-Applications-1-480x280.webp 480w\" sizes=\"(min-width: 0px) and (max-width: 480px) 480px, (min-width: 481px) and (max-width: 980px) 980px, (min-width: 981px) 1075px, 100vw\" \/><\/p>\n<h3>FMP Hakk\u0131nda<\/h3>\n<p>Merkezi \u0130talya'da bulunan FMP, tar\u0131m makineleri sekt\u00f6r\u00fcne \u00f6zel bir odaklanma ile y\u00fcksek performansl\u0131 di\u015fli kutular\u0131 tasarlama, geli\u015ftirme ve \u00fcretme konusundaki uzmanl\u0131\u011f\u0131yla tan\u0131nan \u00f6nde gelen bir \u00fcreticidir. Hassas m\u00fchendisli\u011fi, yenilik\u00e7i \u00e7\u00f6z\u00fcmleri ve istikrarl\u0131 g\u00fcvenilirli\u011fiyle tan\u0131nan FMP, hem tar\u0131m hem de end\u00fcstriyel pazarlarda g\u00fcvenilir bir ortak olarak kendini kan\u0131tlam\u0131\u015ft\u0131r. Geni\u015f \u00fcr\u00fcn portf\u00f6y\u00fcm\u00fcz, \u00e7im bi\u00e7me makineleri i\u00e7in \u00f6zel olarak tasarlanm\u0131\u015f di\u015fli kutular\u0131, kuyruk mili milleri ve di\u011fer temel bile\u015fenleri i\u00e7erir ve hepsi \u00e7e\u015fitli uygulamalar\u0131n \u00e7e\u015fitli ihtiya\u00e7lar\u0131n\u0131 kar\u015f\u0131lamak \u00fczere \u00f6zenle \u00fcretilmi\u015ftir.<\/p>\n<p>FMP olarak, her m\u00fc\u015fterinin kendine \u00f6zg\u00fc zorluklarla kar\u015f\u0131la\u015ft\u0131\u011f\u0131n\u0131n fark\u0131nday\u0131z. Bu nedenle, ister bireysel bile\u015fenler ister tamamen entegre sistemler i\u00e7in olsun, \u00f6zel \u00e7\u00f6z\u00fcmler sunma konusunda uzmanla\u015f\u0131yoruz. M\u00fc\u015fterilerimizle yak\u0131n i\u015f birli\u011fi i\u00e7inde, her \u00e7\u00f6z\u00fcm\u00fcn yaln\u0131zca \u00f6zel ihtiya\u00e7lar\u0131n\u0131 kar\u015f\u0131lamas\u0131n\u0131 de\u011fil, ayn\u0131 zamanda performans\u0131 optimize etmesini ve de\u011feri en \u00fcst d\u00fczeye \u00e7\u0131karmas\u0131n\u0131 sa\u011fl\u0131yoruz. H\u0131zl\u0131 ve profesyonel yan\u0131tlar ve uzman rehberli\u011fine olan ba\u011fl\u0131l\u0131\u011f\u0131m\u0131z, her talebin hassasiyetle ele al\u0131nmas\u0131n\u0131 ve m\u00fcmk\u00fcn olan en iyi sonu\u00e7lar\u0131n elde edilmesini sa\u011flar.<\/p>\n<p>\u00dcr\u00fcn geli\u015ftirme d\u00f6ng\u00fcs\u00fcn\u00fcn tamam\u0131nda net ve s\u00fcrekli ileti\u015fime \u00f6ncelik veriyoruz. \u00d6zverili ekibimiz, m\u00fc\u015fterilerimizin ihtiya\u00e7lar\u0131n\u0131 tam olarak anlamak ve optimum sonu\u00e7lara ula\u015fmak i\u00e7in de\u011ferli i\u00e7g\u00f6r\u00fcler ve \u00f6neriler sunmak \u00fczere do\u011frudan m\u00fc\u015fterilerimizle \u00e7al\u0131\u015f\u0131r. \u0130ster son teknoloji \u00fcr\u00fcnler tasarl\u0131yor ister rutin sipari\u015fleri yerine getiriyor olal\u0131m, FMP her seferinde zaman\u0131nda, y\u00fcksek kaliteli ve hassas m\u00fchendislik \u00e7\u00f6z\u00fcmleri sunmaya kendini adam\u0131\u015ft\u0131r. Misyonumuz, her projede ola\u011fan\u00fcst\u00fc hizmet ve sonu\u00e7lar sunarak m\u00fc\u015fteri beklentilerini s\u00fcrekli olarak a\u015fmakt\u0131r.<\/p>\n<p>Kalite, FMP'nin faaliyetlerinin temel ta\u015f\u0131d\u0131r. Her \u00fcr\u00fcn\u00fcn sekt\u00f6r standartlar\u0131n\u0131 kar\u015f\u0131lamas\u0131n\u0131 ve hatta a\u015fmas\u0131n\u0131 sa\u011flamak i\u00e7in en y\u00fcksek \u00fcretim standartlar\u0131na ba\u011fl\u0131 kal\u0131yor ve s\u0131k\u0131 kalite kontrol s\u00fcre\u00e7leri uyguluyoruz. M\u00fckemmelli\u011fe olan bu ba\u011fl\u0131l\u0131\u011f\u0131m\u0131z, d\u00fcr\u00fcstl\u00fck, ekip \u00e7al\u0131\u015fmas\u0131 ve azim gibi temel de\u011ferlerimizle birle\u015ferek, d\u00fcnya \u00e7ap\u0131nda yakla\u015f\u0131k 30 \u00fclkedeki m\u00fc\u015fterilerimizle kal\u0131c\u0131 ve g\u00fcvene dayal\u0131 ili\u015fkiler kurmam\u0131z\u0131 sa\u011flam\u0131\u015ft\u0131r.<\/p>\n<p>FMP, m\u00fc\u015fterilerimizin de\u011fi\u015fen ihtiya\u00e7lar\u0131n\u0131 kar\u015f\u0131layan uzman tavsiyeleri ve \u00f6zelle\u015ftirilmi\u015f \u00e7\u00f6z\u00fcmler sunarak k\u00fcresel ortakl\u0131klar kurmaya her zaman isteklidir. Her projenin ba\u015far\u0131s\u0131na katk\u0131da bulunan, uzun vadeli ve kar\u015f\u0131l\u0131kl\u0131 fayda sa\u011flayan ili\u015fkiler kurmay\u0131 hedefliyoruz. \u0130ster yeni bir giri\u015fim i\u00e7in yenilik\u00e7i \u00e7\u00f6z\u00fcmler ar\u0131yor olun, ister mevcut bir sistem i\u00e7in s\u00fcrekli deste\u011fe ihtiya\u00e7 duyuyor olun, FMP teknik zorluklar\u0131n\u0131z\u0131n \u00fcstesinden gelmenize ve ba\u015far\u0131n\u0131z\u0131n devam\u0131n\u0131 sa\u011flaman\u0131za yard\u0131mc\u0131 olmaya haz\u0131rd\u0131r.<\/p>\n<p><img loading=\"lazy\" decoding=\"async\" class=\"alignnone wp-image-2695\" src=\"https:\/\/fmp-components.com\/wp-content\/uploads\/2025\/01\/agricultural-gearbox3.webp\" alt=\"tar\u0131msal \u015fanz\u0131man\" width=\"1140\" height=\"1138\" title=\"\" srcset=\"https:\/\/fmp-components.com\/wp-content\/uploads\/2025\/01\/agricultural-gearbox3.webp 1140w, https:\/\/fmp-components.com\/wp-content\/uploads\/2025\/01\/agricultural-gearbox3-480x479.webp 480w\" sizes=\"(min-width: 0px) and (max-width: 480px) 480px, (min-width: 481px) 1140px, 100vw\" \/><\/p>\n<p>Yazar: CX<\/p>\n<\/div>\n<\/div>\n<\/div>\n<\/div>\n<\/div>\n<\/div>\n<\/div>\n<\/div>","protected":false},"excerpt":{"rendered":"<p>Fertilizer Seeder Gearbox FMP190-R3 Dimensions \u00a0Fertilizer Seeder Gearbox FMP190-R3 Technical Data i Suitable Rpm input Rpm output Power Toothing r\/min r\/min Kw Hp Decelerate 1.38:1 Fertilizer broadcaster, etc 540 390 62 85 Gleason Helical Teeth Remark: If you have any special require feel free let me know, we also accept custom. Benefits of the Fertilizer [&hellip;]<\/p>","protected":false},"featured_media":3064,"comment_status":"open","ping_status":"closed","template":"","meta":{"_et_pb_use_builder":"","_et_pb_old_content":"","_et_gb_content_width":""},"product_brand":[],"product_cat":[71],"product_tag":[],"class_list":{"0":"post-3061","1":"product","2":"type-product","3":"status-publish","4":"has-post-thumbnail","6":"product_cat-fertilizer-seeder-gearbox","8":"first","9":"instock","10":"shipping-taxable","11":"product-type-simple"},"_links":{"self":[{"href":"https:\/\/fmp-components.com\/tr\/wp-json\/wp\/v2\/product\/3061","targetHints":{"allow":["GET"]}}],"collection":[{"href":"https:\/\/fmp-components.com\/tr\/wp-json\/wp\/v2\/product"}],"about":[{"href":"https:\/\/fmp-components.com\/tr\/wp-json\/wp\/v2\/types\/product"}],"replies":[{"embeddable":true,"href":"https:\/\/fmp-components.com\/tr\/wp-json\/wp\/v2\/comments?post=3061"}],"wp:featuredmedia":[{"embeddable":true,"href":"https:\/\/fmp-components.com\/tr\/wp-json\/wp\/v2\/media\/3064"}],"wp:attachment":[{"href":"https:\/\/fmp-components.com\/tr\/wp-json\/wp\/v2\/media?parent=3061"}],"wp:term":[{"taxonomy":"product_brand","embeddable":true,"href":"https:\/\/fmp-components.com\/tr\/wp-json\/wp\/v2\/product_brand?post=3061"},{"taxonomy":"product_cat","embeddable":true,"href":"https:\/\/fmp-components.com\/tr\/wp-json\/wp\/v2\/product_cat?post=3061"},{"taxonomy":"product_tag","embeddable":true,"href":"https:\/\/fmp-components.com\/tr\/wp-json\/wp\/v2\/product_tag?post=3061"}],"curies":[{"name":"wp","href":"https:\/\/api.w.org\/{rel}","templated":true}]}}