{"id":3057,"date":"2025-01-04T07:45:41","date_gmt":"2025-01-04T07:45:41","guid":{"rendered":"https:\/\/fmp-components.com\/?page_id=8"},"modified":"2025-01-04T07:45:42","modified_gmt":"2025-01-04T07:45:42","slug":"fertilizer-seeder-gearbox-fmp50-for-fertilizer-broadcaster","status":"publish","type":"product","link":"https:\/\/fmp-components.com\/tr\/product\/fertilizer-seeder-gearbox-fmp50-for-fertilizer-broadcaster\/","title":{"rendered":"G\u00fcbre Yay\u0131c\u0131 i\u00e7in G\u00fcbre Ekim Makinesi \u015eanz\u0131man Kutusu FMP50"},"content":{"rendered":"<h2>G\u00fcbre Ekim Makinesi \u015eanz\u0131man FMP50 Boyutlar\u0131<\/h2>\n<p><img loading=\"lazy\" decoding=\"async\" class=\"alignnone size-full wp-image-3058\" src=\"https:\/\/fmp-components.com\/wp-content\/uploads\/2025\/01\/Fertilizer-Seeder-Gearbox-EP50-Dimensions.webp\" alt=\"G\u00fcbre-Ekim Makinas\u0131-Di\u015fli Kutusu-EP50-Boyutlar\u0131\" width=\"1265\" height=\"730\" title=\"\" srcset=\"https:\/\/fmp-components.com\/wp-content\/uploads\/2025\/01\/Fertilizer-Seeder-Gearbox-EP50-Dimensions.webp 1265w, https:\/\/fmp-components.com\/wp-content\/uploads\/2025\/01\/Fertilizer-Seeder-Gearbox-EP50-Dimensions-980x566.webp 980w, https:\/\/fmp-components.com\/wp-content\/uploads\/2025\/01\/Fertilizer-Seeder-Gearbox-EP50-Dimensions-480x277.webp 480w\" sizes=\"(min-width: 0px) and (max-width: 480px) 480px, (min-width: 481px) and (max-width: 980px) 980px, (min-width: 981px) 1265px, 100vw\" \/><\/p>\n<h2>G\u00fcbre Ekim Makinas\u0131 \u015eanz\u0131man FMP50 Teknik Verileri<\/h2>\n<table style=\"width: 98.9862%; height: 186px;\" border=\"1\" cellspacing=\"0\" cellpadding=\"0\">\n<tbody>\n<tr>\n<td colspan=\"2\" rowspan=\"2\">Ben<\/td>\n<td rowspan=\"2\">Uygun<\/td>\n<td>Rpm giri\u015fi<\/td>\n<td>Rpm \u00e7\u0131k\u0131\u015f\u0131<\/td>\n<td>\u00c7\u0131k\u0131\u015f torku<\/td>\n<td>A\u011f\u0131rl\u0131k<\/td>\n<td rowspan=\"2\">Di\u015f \u00e7\u0131karma<\/td>\n<\/tr>\n<tr>\n<td>dev\/dak<\/td>\n<td>dev\/dak<\/td>\n<td>Nm<\/td>\n<td>kilogram<\/td>\n<\/tr>\n<tr>\n<td>Yava\u015flamak<\/td>\n<td>43.54:1<\/td>\n<td>G\u00fcbre serpme makinesi vb.<\/td>\n<td>1000<\/td>\n<td>23<\/td>\n<td>5000<\/td>\n<td>55<\/td>\n<td>Gleason Helisel<br \/>\nDi\u015fler<\/td>\n<\/tr>\n<tr>\n<td colspan=\"8\">Not: Herhangi bir \u00f6zel iste\u011finiz varsa l\u00fctfen bana bildirin, \u00f6zel sipari\u015fleri de kabul ediyoruz.<\/td>\n<\/tr>\n<\/tbody>\n<\/table>\n<table style=\"height: 204px;\" border=\"1\" width=\"1073\" cellspacing=\"0\" cellpadding=\"0\">\n<tbody>\n<tr>\n<td style=\"width: 406.125px;\">A<\/td>\n<td style=\"width: 246.458px;\">B<\/td>\n<td style=\"width: 413.306px;\">C<\/td>\n<\/tr>\n<tr>\n<td style=\"width: 406.125px;\">\u03a650<\/td>\n<td style=\"width: 246.458px;\">14<\/td>\n<td style=\"width: 413.306px;\">53.8<\/td>\n<\/tr>\n<tr>\n<td style=\"width: 406.125px;\">\u03a655<\/td>\n<td style=\"width: 246.458px;\">16<\/td>\n<td style=\"width: 413.306px;\">59.3<\/td>\n<\/tr>\n<tr>\n<td style=\"width: 406.125px;\">\u03a660<\/td>\n<td style=\"width: 246.458px;\">18<\/td>\n<td style=\"width: 413.306px;\">64.4<\/td>\n<\/tr>\n<\/tbody>\n<\/table>\n<h2>G\u00fcbre Serpme Makinas\u0131 i\u00e7in G\u00fcbre Ekim Makinas\u0131 \u015eanz\u0131man FMP50 Nas\u0131l \u00c7al\u0131\u015f\u0131r?<\/h2>\n<p>G\u00fcbre serpme makineleri i\u00e7in FMP50 G\u00fcbre Ekim Makinesi \u015eanz\u0131man Kutusu, tar\u0131msal faaliyetler s\u0131ras\u0131nda g\u00fcbrelerin etkili ve verimli bir \u015fekilde da\u011f\u0131t\u0131lmas\u0131n\u0131 sa\u011flayan \u00f6nemli bir bile\u015fendir. Bu \u015fanz\u0131man, trakt\u00f6rden veya ana makineden gelen g\u00fcc\u00fcn g\u00fcbre serpme mekanizmas\u0131na aktar\u0131lmas\u0131nda kritik bir rol oynar. A\u015fa\u011f\u0131da, bir g\u00fcbre serpme makinesinde FMP50 \u015fanz\u0131man\u0131n\u0131n nas\u0131l \u00e7al\u0131\u015ft\u0131\u011f\u0131na dair ayr\u0131nt\u0131l\u0131 bir a\u00e7\u0131klama bulunmaktad\u0131r:<\/p>\n<p><strong>1. G\u00fc\u00e7 Aktar\u0131m\u0131<\/strong><\/p>\n<ul>\n<li>FMP50 \u015fanz\u0131man, trakt\u00f6r\u00fcn PTO \u015faft\u0131ndan (G\u00fc\u00e7 Aktarma Organ\u0131) veya di\u011fer g\u00fc\u00e7 kaynaklar\u0131ndan d\u00f6nme g\u00fcc\u00fc al\u0131r. PTO \u015faft\u0131 genellikle sabit bir h\u0131zda \u00e7al\u0131\u015farak g\u00fcc\u00fc \u015fanz\u0131mana aktar\u0131r.<\/li>\n<li>FMP50 \u015fanz\u0131man, g\u00fcbre serpme makinesinin \u00f6zel \u00e7al\u0131\u015fma gereksinimlerine ba\u011fl\u0131 olarak iletilen g\u00fcc\u00fcn h\u0131z\u0131n\u0131 azalt\u0131r veya art\u0131r\u0131r. Bu sayede \u015fanz\u0131man, g\u00fcbre serpme mekanizmas\u0131 i\u00e7in optimum h\u0131z\u0131 kontrol edebilir.<\/li>\n<\/ul>\n<p><strong>2. H\u0131z D\u00fczenlemesi<\/strong><\/p>\n<ul>\n<li>FMP50 \u015fanz\u0131man\u0131n\u0131n temel i\u015flevlerinden biri h\u0131z ayarlamas\u0131d\u0131r. \u015eanz\u0131man, g\u00fcbre serpme makinesinin i\u00e7indeki d\u00f6nen serpme disklerinin h\u0131z\u0131n\u0131 ayarlar.<\/li>\n<li>\u015eanz\u0131man, h\u0131z\u0131 kontrol ederek g\u00fcbrenin tarlaya do\u011fru oranda e\u015fit \u015fekilde da\u011f\u0131lmas\u0131n\u0131 sa\u011flar. Bu, e\u015fit da\u011f\u0131l\u0131m sa\u011flanmas\u0131na yard\u0131mc\u0131 olur ve g\u00fcbrenin a\u015f\u0131r\u0131 veya yetersiz uygulanmas\u0131 gibi sorunlar\u0131 \u00f6nler.<\/li>\n<\/ul>\n<p><strong>3. Bile\u015fenlerin Senkronizasyonu<\/strong><\/p>\n<ul>\n<li>\u015eanz\u0131man, g\u00fcbre serpme makinesinin \u00e7e\u015fitli bile\u015fenlerinin senkronizasyonundan sorumludur. G\u00fcbre dozaj mekanizmas\u0131n\u0131n ve serpme disklerinin uyum i\u00e7inde d\u00f6nmesini sa\u011flar.<\/li>\n<li>G\u00fcbre dozajlama mekanizmas\u0131 g\u00fcbre ak\u0131\u015f\u0131n\u0131 d\u00fczenlerken, yayma diskleri g\u00fcbreyi tarlaya da\u011f\u0131t\u0131r. Bu bile\u015fenlerin birlikte \u00e7al\u0131\u015fmas\u0131n\u0131 sa\u011flayan \u015fanz\u0131man, do\u011fru ve tutarl\u0131 g\u00fcbre uygulamas\u0131n\u0131 garanti eder.<\/li>\n<\/ul>\n<p><strong>4. Dayan\u0131kl\u0131l\u0131k ve Hassasiyet<\/strong><\/p>\n<ul>\n<li>FMP50 \u015fanz\u0131man, \u00e7al\u0131\u015fma s\u0131ras\u0131nda olu\u015fan y\u00fcksek tork y\u00fcklerini kar\u015f\u0131layacak \u015fekilde tasarlanm\u0131\u015ft\u0131r ve zorlu tar\u0131m ko\u015fullar\u0131nda g\u00fcvenilirlik ve dayan\u0131kl\u0131l\u0131k sa\u011flar.<\/li>\n<li>Hassas m\u00fchendisli\u011fi sayesinde bile\u015fenlerin iyi hizalanmas\u0131 sa\u011flanarak a\u015f\u0131nma ve y\u0131pranma en aza indirilir ve di\u015fli kutusunun ve t\u00fcm g\u00fcbre serpme makinesinin \u00e7al\u0131\u015fma \u00f6mr\u00fc uzat\u0131l\u0131r.<\/li>\n<\/ul>\n<p><strong>5. Ya\u011flama ve So\u011futma<\/strong><\/p>\n<ul>\n<li>FMP50 \u015fanz\u0131man\u0131n\u0131n verimli \u00e7al\u0131\u015fmas\u0131 i\u00e7in do\u011fru ya\u011flama kritik \u00f6neme sahiptir. \u015eanz\u0131man, i\u00e7 di\u015fliler aras\u0131ndaki s\u00fcrt\u00fcnmeyi azaltan ve a\u015f\u0131r\u0131 \u0131s\u0131nmay\u0131 \u00f6nleyen ya\u011flama sistemleriyle donat\u0131lm\u0131\u015ft\u0131r. Bu, \u00f6zellikle b\u00fcy\u00fck \u00f6l\u00e7ekli tar\u0131m alanlar\u0131nda uzun s\u00fcreli kullan\u0131mlarda sorunsuz \u00e7al\u0131\u015fma sa\u011flar.<\/li>\n<\/ul>\n<p>FMP50 G\u00fcbre Ekim Makinas\u0131 \u015eanz\u0131man\u0131, \u00f6z\u00fcnde, g\u00fcbre serpme makinesinin verimli, hassas ve g\u00fcvenilir bir \u015fekilde \u00e7al\u0131\u015fmas\u0131n\u0131 sa\u011flayan, g\u00fcbre kullan\u0131m\u0131n\u0131 optimize eden ve \u00fcr\u00fcn verimlili\u011fini art\u0131ran ayr\u0131lmaz bir bile\u015fendir.<\/p>\n<p><img loading=\"lazy\" decoding=\"async\" class=\"alignnone size-full wp-image-3055\" src=\"https:\/\/fmp-components.com\/wp-content\/uploads\/2025\/01\/Fertilizer-Seeder-Gearbox-Agriculture-Applications-scaled.webp\" alt=\"G\u00fcbre-Ekim Makinas\u0131-Di\u015fli Kutusu-Tar\u0131m Uygulamalar\u0131\" width=\"2560\" height=\"892\" title=\"\" srcset=\"https:\/\/fmp-components.com\/wp-content\/uploads\/2025\/01\/Fertilizer-Seeder-Gearbox-Agriculture-Applications-scaled.webp 2560w, https:\/\/fmp-components.com\/wp-content\/uploads\/2025\/01\/Fertilizer-Seeder-Gearbox-Agriculture-Applications-1280x446.webp 1280w, https:\/\/fmp-components.com\/wp-content\/uploads\/2025\/01\/Fertilizer-Seeder-Gearbox-Agriculture-Applications-980x341.webp 980w, https:\/\/fmp-components.com\/wp-content\/uploads\/2025\/01\/Fertilizer-Seeder-Gearbox-Agriculture-Applications-480x167.webp 480w\" sizes=\"(min-width: 0px) and (max-width: 480px) 480px, (min-width: 481px) and (max-width: 980px) 980px, (min-width: 981px) and (max-width: 1280px) 1280px, (min-width: 1281px) 2560px, 100vw\" \/><\/p>\n<h2>G\u00fcbre Ekim Makinesi \u015eanz\u0131man EP50 Yayg\u0131n Uygulamalar<\/h2>\n<p>FMP50 G\u00fcbre Ekim Makinesi \u015eanz\u0131man Kutusu, geni\u015f tarlalara g\u00fcbre ve tohumu verimli bir \u015fekilde da\u011f\u0131tmak i\u00e7in tasarlanm\u0131\u015f, \u00e7e\u015fitli tar\u0131m makinelerinde \u00e7ok y\u00f6nl\u00fc ve vazge\u00e7ilmez bir bile\u015fendir. FMP50 \u015fanz\u0131man\u0131n\u0131n yayg\u0131n kullan\u0131m alanlar\u0131 a\u015fa\u011f\u0131dad\u0131r:<\/p>\n<p><strong>1. G\u00fcbre Yay\u0131c\u0131lar\u0131<\/strong><\/p>\n<ul>\n<li>FMP50 \u015fanz\u0131man, g\u00fcbre serpme makinelerinde yayg\u0131n olarak kullan\u0131l\u0131r ve gran\u00fcl veya toz g\u00fcbrelerin tarlaya do\u011fru ve e\u015fit bir \u015fekilde da\u011f\u0131t\u0131lmas\u0131n\u0131 sa\u011flar. Da\u011f\u0131t\u0131c\u0131 disklerin d\u00f6n\u00fc\u015f h\u0131z\u0131n\u0131 kontrol ederek, \u015fanz\u0131man, g\u00fcbrenin homojen bir \u015fekilde uygulanmas\u0131n\u0131 sa\u011flayarak optimum \u00fcr\u00fcn b\u00fcy\u00fcmesini desteklerken israf\u0131 da en aza indirir.<\/li>\n<\/ul>\n<p><strong>2. Ekim Makinesi ve G\u00fcbre Kombinasyonlar\u0131 (Hava Ekim Makineleri)<\/strong><\/p>\n<ul>\n<li>FMP50 \u015fanz\u0131man, haval\u0131 ekim makineleri gibi kombine ekim ve g\u00fcbreleme makinelerinde yayg\u0131n olarak kullan\u0131l\u0131r. Bu makineler, ayn\u0131 anda tohum ekmek ve g\u00fcbre uygulamak \u00fczere tasarlanm\u0131\u015ft\u0131r. \u015eanz\u0131man, tohum \u00f6l\u00e7\u00fcm ve g\u00fcbre da\u011f\u0131t\u0131m sistemlerinin \u00e7al\u0131\u015fmas\u0131n\u0131 senkronize ederek hem tohumlar\u0131n hem de g\u00fcbrelerin do\u011fru ve verimli bir \u015fekilde yerle\u015ftirilmesini sa\u011flar.<\/li>\n<li>Bu entegrasyon, sahada birden fazla ge\u00e7i\u015f yapma ihtiyac\u0131n\u0131 azaltarak, operasyonel verimlili\u011fi art\u0131r\u0131rken, zamandan ve i\u015f\u00e7ilik maliyetlerinden tasarruf sa\u011fl\u0131yor.<\/li>\n<\/ul>\n<p><strong>3. Hassas Tar\u0131m Ekipmanlar\u0131<\/strong><\/p>\n<ul>\n<li>FMP50 \u015fanz\u0131man, hassas ve de\u011fi\u015fken oranl\u0131 g\u00fcbre uygulamas\u0131 gerektiren hassas tar\u0131m ekipmanlar\u0131nda da bulunur. Bu sistemler, g\u00fcbre uygulama oranlar\u0131n\u0131 tarla ko\u015fullar\u0131na g\u00f6re ayarlamak i\u00e7in GPS ve sens\u00f6rler gibi geli\u015fmi\u015f teknolojiler kullan\u0131r.<\/li>\n<li>FMP50 \u015fanz\u0131man, g\u00fcbrenin e\u015fit ve do\u011fru bir \u015fekilde da\u011f\u0131lmas\u0131n\u0131 sa\u011flayarak kaynaklar\u0131n verimli kullan\u0131lmas\u0131na ve \u00e7evresel etkinin en aza indirilmesine katk\u0131da bulunur.<\/li>\n<\/ul>\n<p><strong>4. Trakt\u00f6re Monteli G\u00fcbre Serpme Makineleri<\/strong><\/p>\n<ul>\n<li>Trakt\u00f6re monte g\u00fcbre serpme makinelerinde, FMP50 \u015fanz\u0131man\u0131 trakt\u00f6r\u00fcn PTO'sundan (G\u00fc\u00e7 Aktarma Organ\u0131) gelen g\u00fcc\u00fc serpme mekanizmas\u0131na aktar\u0131r. \u015eanz\u0131man, serpme disklerinin d\u00f6n\u00fc\u015f h\u0131z\u0131n\u0131 kontrol ederek g\u00fcbrenin tarlaya e\u015fit \u015fekilde da\u011f\u0131lmas\u0131n\u0131 sa\u011flar.<\/li>\n<li>Bu yay\u0131c\u0131lar genellikle, \u00fcr\u00fcn verimini en \u00fcst d\u00fczeye \u00e7\u0131karmak i\u00e7in tutarl\u0131 ve hassas g\u00fcbre da\u011f\u0131t\u0131m\u0131n\u0131n hayati \u00f6nem ta\u015f\u0131d\u0131\u011f\u0131 b\u00fcy\u00fck \u00f6l\u00e7ekli tar\u0131m i\u015fletmelerinde kullan\u0131l\u0131r.<\/li>\n<\/ul>\n<p><strong>5. Gran\u00fcl G\u00fcbre Uygulama Sistemleri<\/strong><\/p>\n<ul>\n<li>FMP50 di\u015fli kutusu, gran\u00fcl g\u00fcbre uygulama sistemlerinde kullan\u0131l\u0131r ve gran\u00fcl g\u00fcbrelerin topra\u011fa da\u011f\u0131t\u0131lmas\u0131ndan sorumlu mekanizmay\u0131 \u00e7al\u0131\u015ft\u0131r\u0131r. Di\u015fli kutusu, g\u00fcbrenin do\u011fru oranda da\u011f\u0131t\u0131lmas\u0131n\u0131 ve topra\u011fa e\u015fit \u015fekilde yay\u0131lmas\u0131n\u0131 sa\u011flayarak, bitkilerin besin maddelerine eri\u015fimini optimize eder.<\/li>\n<li>Bu sistemler, sa\u011fl\u0131kl\u0131 bitki b\u00fcy\u00fcmesini te\u015fvik etmek i\u00e7in hassas g\u00fcbre uygulamas\u0131n\u0131n \u00f6nemli oldu\u011fu tah\u0131llar, baklagiller ve sebzeler gibi \u00e7e\u015fitli \u00fcr\u00fcnlerde yayg\u0131n olarak kullan\u0131lmaktad\u0131r.<\/li>\n<\/ul>\n<p>FMP50 G\u00fcbre Ekim Makinesi \u015eanz\u0131man\u0131, \u00e7e\u015fitli tar\u0131m uygulamalar\u0131nda hassas ve verimli g\u00fcbre uygulamas\u0131n\u0131 sa\u011flamak, sonu\u00e7 olarak daha iyi \u00fcr\u00fcn verimi, daha verimli g\u00fcbre kullan\u0131m\u0131 ve s\u00fcrd\u00fcr\u00fclebilir tar\u0131m uygulamalar\u0131 sa\u011flamak \u00fczere tasarlanm\u0131\u015ft\u0131r.<\/p>\n<p><img loading=\"lazy\" decoding=\"async\" class=\"alignnone  wp-image-3060\" src=\"https:\/\/fmp-components.com\/wp-content\/uploads\/2025\/01\/Fertilizer-Seeder-Gearbox-EP50-Common-Applications-1.webp\" alt=\"G\u00fcbre-Ekim-Di\u015fli Kutusu-EP50-Ortak-Uygulamalar-1\" width=\"1103\" height=\"643\" title=\"\" srcset=\"https:\/\/fmp-components.com\/wp-content\/uploads\/2025\/01\/Fertilizer-Seeder-Gearbox-EP50-Common-Applications-1.webp 1103w, https:\/\/fmp-components.com\/wp-content\/uploads\/2025\/01\/Fertilizer-Seeder-Gearbox-EP50-Common-Applications-1-980x571.webp 980w, https:\/\/fmp-components.com\/wp-content\/uploads\/2025\/01\/Fertilizer-Seeder-Gearbox-EP50-Common-Applications-1-480x280.webp 480w\" sizes=\"(min-width: 0px) and (max-width: 480px) 480px, (min-width: 481px) and (max-width: 980px) 980px, (min-width: 981px) 1103px, 100vw\" \/><\/p>\n<h3>FMP Hakk\u0131nda<\/h3>\n<p>Merkezi \u0130talya'da bulunan FMP, tar\u0131m makineleri sekt\u00f6r\u00fcne odaklanan y\u00fcksek performansl\u0131 di\u015fli kutular\u0131n\u0131n tasar\u0131m\u0131, geli\u015ftirilmesi ve \u00fcretimindeki uzmanl\u0131\u011f\u0131yla tan\u0131nan lider bir \u00fcreticidir. Hassas m\u00fchendislik, yenilik\u00e7ilik ve ola\u011fan\u00fcst\u00fc g\u00fcvenilirli\u011fiyle tan\u0131nan FMP, hem tar\u0131m hem de end\u00fcstriyel sekt\u00f6rlerde g\u00fcvenilir bir ortak olarak g\u00fc\u00e7l\u00fc bir \u00fcne kavu\u015fmu\u015ftur. Geni\u015f portf\u00f6y\u00fcm\u00fcz, \u00e7im bi\u00e7me makineleri i\u00e7in \u00f6zel olarak tasarlanm\u0131\u015f di\u015fli kutular\u0131, PTO \u015faftlar\u0131 ve \u00e7e\u015fitli kritik bile\u015fenlerden olu\u015fan geni\u015f bir yelpazeyi i\u00e7erir ve hepsi \u00e7e\u015fitli uygulamalar\u0131n benzersiz gereksinimlerini kar\u015f\u0131lamak \u00fczere tasarlanm\u0131\u015ft\u0131r.<\/p>\n<p>FMP olarak, her m\u00fc\u015fterinin kendine \u00f6zg\u00fc zorluklar ve ihtiya\u00e7larla kar\u015f\u0131 kar\u015f\u0131ya oldu\u011funun bilincindeyiz. Bu nedenle, ister bireysel bile\u015fenler ister tamamen entegre sistemler olsun, \u00f6zelle\u015ftirilmi\u015f \u00e7\u00f6z\u00fcmler sunmaya kendimizi adad\u0131k. M\u00fc\u015fterilerimizle yak\u0131n i\u015f birli\u011fi i\u00e7inde \u00e7al\u0131\u015farak, her \u00e7\u00f6z\u00fcm\u00fcn yaln\u0131zca ihtiya\u00e7lar\u0131n\u0131 kar\u015f\u0131lamas\u0131n\u0131 de\u011fil, ayn\u0131 zamanda genel performans\u0131 art\u0131r\u0131p maksimum de\u011fer sunmas\u0131n\u0131 da sa\u011fl\u0131yoruz. Uzman rehberli\u011fimizle birle\u015fen h\u0131zl\u0131 ve profesyonel yan\u0131tlar konusundaki kararl\u0131l\u0131\u011f\u0131m\u0131z, her talebin \u00f6zenle ve hassasiyetle ele al\u0131nmas\u0131n\u0131 ve en iyi sonu\u00e7lar\u0131n al\u0131nmas\u0131n\u0131 garanti eder.<\/p>\n<p>\u00dcr\u00fcn geli\u015ftirme d\u00f6ng\u00fcs\u00fcn\u00fcn tamam\u0131nda a\u00e7\u0131k ve s\u00fcrekli ileti\u015fime \u00f6ncelik veriyoruz. Ekibimiz, m\u00fc\u015fterilerimizle do\u011frudan \u00e7al\u0131\u015farak ihtiya\u00e7lar\u0131n\u0131 derinlemesine anl\u0131yor ve m\u00fcmk\u00fcn olan en iyi sonu\u00e7lar\u0131 elde etmek i\u00e7in uzman g\u00f6r\u00fc\u015fleri ve \u00f6neriler sunuyor. \u0130ster yenilik\u00e7i \u00fcr\u00fcnler tasarl\u0131yor ister rutin sipari\u015fleri kar\u015f\u0131l\u0131yor olal\u0131m, FMP olarak her seferinde zaman\u0131nda, y\u00fcksek kaliteli ve hassas m\u00fchendislik \u00e7\u00f6z\u00fcmleri sunmaya kendimizi adad\u0131k. Amac\u0131m\u0131z, her projede ola\u011fan\u00fcst\u00fc hizmet ve somut sonu\u00e7lar sunarak m\u00fc\u015fteri beklentilerini a\u015fmakt\u0131r.<\/p>\n<p>Kalite, FMP'de yapt\u0131\u011f\u0131m\u0131z her \u015feyin temel ta\u015f\u0131d\u0131r. En y\u00fcksek \u00fcretim standartlar\u0131na ba\u011fl\u0131 kal\u0131yor ve her \u00fcr\u00fcn\u00fcn sekt\u00f6r standartlar\u0131n\u0131 kar\u015f\u0131lamas\u0131n\u0131 ve hatta s\u0131kl\u0131kla a\u015fmas\u0131n\u0131 sa\u011flamak i\u00e7in titiz kalite kontrol s\u00fcre\u00e7leri uyguluyoruz. M\u00fckemmelli\u011fe olan bu ba\u011fl\u0131l\u0131\u011f\u0131m\u0131z, d\u00fcr\u00fcstl\u00fck, ekip \u00e7al\u0131\u015fmas\u0131 ve azim gibi temel de\u011ferlerimizin yan\u0131 s\u0131ra, d\u00fcnya \u00e7ap\u0131nda yakla\u015f\u0131k 30 \u00fclkedeki m\u00fc\u015fterilerimizle uzun s\u00fcreli, g\u00fcvene dayal\u0131 ili\u015fkiler kurmam\u0131z\u0131 sa\u011flam\u0131\u015ft\u0131r.<\/p>\n<p>FMP, k\u00fcresel ortakl\u0131klar kurmaya her zaman isteklidir ve m\u00fc\u015fterilerimizin de\u011fi\u015fen ihtiya\u00e7lar\u0131na uygun uzman tavsiyeleri ve \u00f6zelle\u015ftirilmi\u015f \u00e7\u00f6z\u00fcmler sunmaya kendini adam\u0131\u015ft\u0131r. Sadece \u00fcr\u00fcn tedarik etmenin \u00f6tesine ge\u00e7iyoruz; amac\u0131m\u0131z, her projenin ba\u015far\u0131s\u0131na katk\u0131da bulunan, uzun vadeli ve kar\u015f\u0131l\u0131kl\u0131 fayda sa\u011flayan ortakl\u0131klar kurmakt\u0131r. \u0130ster yeni bir giri\u015fim i\u00e7in yenilik\u00e7i \u00e7\u00f6z\u00fcmlere, ister mevcut bir sistem i\u00e7in s\u00fcrekli deste\u011fe ihtiyac\u0131n\u0131z olsun, FMP teknik zorluklar\u0131n \u00fcstesinden gelmenize ve ba\u015far\u0131n\u0131z\u0131n devam etmesini sa\u011flaman\u0131za yard\u0131mc\u0131 olmaya haz\u0131rd\u0131r.<\/p>\n<p><img loading=\"lazy\" decoding=\"async\" class=\"alignnone wp-image-2695\" src=\"https:\/\/fmp-components.com\/wp-content\/uploads\/2025\/01\/agricultural-gearbox3.webp\" alt=\"tar\u0131msal \u015fanz\u0131man\" width=\"1140\" height=\"1138\" title=\"\" srcset=\"https:\/\/fmp-components.com\/wp-content\/uploads\/2025\/01\/agricultural-gearbox3.webp 1140w, https:\/\/fmp-components.com\/wp-content\/uploads\/2025\/01\/agricultural-gearbox3-480x479.webp 480w\" sizes=\"(min-width: 0px) and (max-width: 480px) 480px, (min-width: 481px) 1140px, 100vw\" \/><\/p>\n<p>Yazar: CX<\/p>","protected":false},"excerpt":{"rendered":"<p>Fertilizer Seeder Gearbox FMP50 Dimensions Fertilizer Seeder Gearbox FMP50 Technical Data i Suitable Rpm input Rpm output Output torque Weight Toothing r\/min r\/min N.m kg Decelerate 43.54:1 Fertilizer broadcaster, etc 1000 23 5000 55 Gleason Helical Teeth Remark: If you have any special require feel free let me know, we also accept custom. A B [&hellip;]<\/p>","protected":false},"featured_media":3059,"comment_status":"open","ping_status":"closed","template":"","meta":{"_et_pb_use_builder":"","_et_pb_old_content":"","_et_gb_content_width":""},"product_brand":[],"product_cat":[71],"product_tag":[],"class_list":{"0":"post-3057","1":"product","2":"type-product","3":"status-publish","4":"has-post-thumbnail","6":"product_cat-fertilizer-seeder-gearbox","8":"first","9":"instock","10":"shipping-taxable","11":"product-type-simple"},"_links":{"self":[{"href":"https:\/\/fmp-components.com\/tr\/wp-json\/wp\/v2\/product\/3057","targetHints":{"allow":["GET"]}}],"collection":[{"href":"https:\/\/fmp-components.com\/tr\/wp-json\/wp\/v2\/product"}],"about":[{"href":"https:\/\/fmp-components.com\/tr\/wp-json\/wp\/v2\/types\/product"}],"replies":[{"embeddable":true,"href":"https:\/\/fmp-components.com\/tr\/wp-json\/wp\/v2\/comments?post=3057"}],"wp:featuredmedia":[{"embeddable":true,"href":"https:\/\/fmp-components.com\/tr\/wp-json\/wp\/v2\/media\/3059"}],"wp:attachment":[{"href":"https:\/\/fmp-components.com\/tr\/wp-json\/wp\/v2\/media?parent=3057"}],"wp:term":[{"taxonomy":"product_brand","embeddable":true,"href":"https:\/\/fmp-components.com\/tr\/wp-json\/wp\/v2\/product_brand?post=3057"},{"taxonomy":"product_cat","embeddable":true,"href":"https:\/\/fmp-components.com\/tr\/wp-json\/wp\/v2\/product_cat?post=3057"},{"taxonomy":"product_tag","embeddable":true,"href":"https:\/\/fmp-components.com\/tr\/wp-json\/wp\/v2\/product_tag?post=3057"}],"curies":[{"name":"wp","href":"https:\/\/api.w.org\/{rel}","templated":true}]}}