{"id":3052,"date":"2025-01-04T07:31:52","date_gmt":"2025-01-04T07:31:52","guid":{"rendered":"https:\/\/fmp-components.com\/?page_id=8"},"modified":"2025-01-04T07:40:05","modified_gmt":"2025-01-04T07:40:05","slug":"fertilizer-seeder-gearbox-fmp35-for-fertilizer-broadcaster","status":"publish","type":"product","link":"https:\/\/fmp-components.com\/tr\/product\/fertilizer-seeder-gearbox-fmp35-for-fertilizer-broadcaster\/","title":{"rendered":"G\u00fcbre Yay\u0131c\u0131 i\u00e7in G\u00fcbre Ekim Makinesi \u015eanz\u0131man Kutusu FMP35"},"content":{"rendered":"<h2>G\u00fcbre Ekim Makinesi \u015eanz\u0131man FMP35 Boyutlar\u0131<\/h2>\n<p><img loading=\"lazy\" decoding=\"async\" class=\"alignnone size-full wp-image-3053\" src=\"https:\/\/fmp-components.com\/wp-content\/uploads\/2025\/01\/Fertilizer-Seeder-Gearbox-EP35-Dimensions.webp\" alt=\"G\u00fcbre-Ekim Makinas\u0131-Di\u015fli Kutusu-EP35-Boyutlar\u0131\" width=\"1310\" height=\"868\" title=\"\" srcset=\"https:\/\/fmp-components.com\/wp-content\/uploads\/2025\/01\/Fertilizer-Seeder-Gearbox-EP35-Dimensions.webp 1310w, https:\/\/fmp-components.com\/wp-content\/uploads\/2025\/01\/Fertilizer-Seeder-Gearbox-EP35-Dimensions-1280x848.webp 1280w, https:\/\/fmp-components.com\/wp-content\/uploads\/2025\/01\/Fertilizer-Seeder-Gearbox-EP35-Dimensions-980x649.webp 980w, https:\/\/fmp-components.com\/wp-content\/uploads\/2025\/01\/Fertilizer-Seeder-Gearbox-EP35-Dimensions-480x318.webp 480w\" sizes=\"(min-width: 0px) and (max-width: 480px) 480px, (min-width: 481px) and (max-width: 980px) 980px, (min-width: 981px) and (max-width: 1280px) 1280px, (min-width: 1281px) 1310px, 100vw\" \/><\/p>\n<h2>G\u00fcbre Ekim Makinas\u0131 \u015eanz\u0131man FMP35 Teknik Verileri<\/h2>\n<table style=\"width: 97.7216%; height: 144px;\" border=\"1\" cellspacing=\"0\" cellpadding=\"0\">\n<tbody>\n<tr>\n<td colspan=\"2\" rowspan=\"2\">Ben<\/td>\n<td rowspan=\"2\">Uygun<\/td>\n<td>Rpm giri\u015fi<\/td>\n<td>Rpm \u00e7\u0131k\u0131\u015f\u0131<\/td>\n<td>\u00c7\u0131k\u0131\u015f torku<\/td>\n<td>A\u011f\u0131rl\u0131k<\/td>\n<td rowspan=\"2\">Di\u015f \u00e7\u0131karma<\/td>\n<\/tr>\n<tr>\n<td>dev\/dak<\/td>\n<td>dev\/dak<\/td>\n<td>Nm<\/td>\n<td>kilogram<\/td>\n<\/tr>\n<tr>\n<td>Yava\u015flamak<\/td>\n<td>24.3:1<\/td>\n<td>G\u00fcbre serpme makinesi vb.<\/td>\n<td>1000<\/td>\n<td>41<\/td>\n<td>3500<\/td>\n<td>47<\/td>\n<td>Gleason Helisel<br \/>\nDi\u015fler<\/td>\n<\/tr>\n<tr>\n<td colspan=\"8\">Not: Herhangi bir \u00f6zel iste\u011finiz varsa l\u00fctfen bana bildirin, \u00f6zel sipari\u015fleri de kabul ediyoruz.<\/td>\n<\/tr>\n<\/tbody>\n<\/table>\n<table style=\"height: 191px;\" border=\"1\" width=\"1066\" cellspacing=\"0\" cellpadding=\"0\">\n<tbody>\n<tr>\n<td style=\"width: 403.458px;\">A<\/td>\n<td style=\"width: 244.833px;\">B<\/td>\n<td style=\"width: 410.597px;\">C<\/td>\n<\/tr>\n<tr>\n<td style=\"width: 403.458px;\">\u03a645<\/td>\n<td style=\"width: 244.833px;\">14<\/td>\n<td style=\"width: 410.597px;\">48.8<\/td>\n<\/tr>\n<tr>\n<td style=\"width: 403.458px;\">\u03a650<\/td>\n<td style=\"width: 244.833px;\">14<\/td>\n<td style=\"width: 410.597px;\">53.8<\/td>\n<\/tr>\n<tr>\n<td style=\"width: 403.458px;\">\u03a660<\/td>\n<td style=\"width: 244.833px;\">18<\/td>\n<td style=\"width: 410.597px;\">64.4<\/td>\n<\/tr>\n<\/tbody>\n<\/table>\n<h2>G\u00fcbre Yay\u0131c\u0131 i\u00e7in FMP35 G\u00fcbre Ekim Makinesi \u015eanz\u0131man\u0131n\u0131n Faydalar\u0131<\/h2>\n<p>FMP35 G\u00fcbre Ekim Makinesi \u015eanz\u0131man Kutusu, g\u00fcbre serpme makinelerinin \u00f6nemli bir bile\u015fenidir ve g\u00fcbre uygulamas\u0131n\u0131n verimlili\u011fini, hassasiyetini ve dayan\u0131kl\u0131l\u0131\u011f\u0131n\u0131 art\u0131ran \u00e7e\u015fitli avantajlar sunar. Bir g\u00fcbre serpme makinesi sisteminde FMP35 \u015fanz\u0131man\u0131n\u0131n ba\u015fl\u0131ca avantajlar\u0131 \u015funlard\u0131r:<\/p>\n<p><strong>1. Hassas G\u00fcbre Da\u011f\u0131t\u0131m\u0131<\/strong><\/p>\n<ul>\n<li>FMP35 \u015fanz\u0131man, \u00fcr\u00fcn verimini en \u00fcst d\u00fczeye \u00e7\u0131karmak ve a\u015f\u0131r\u0131 g\u00fcbrelemeyi veya israf\u0131 \u00f6nlemek i\u00e7in \u00e7ok \u00f6nemli olan do\u011fru ve d\u00fczg\u00fcn g\u00fcbre da\u011f\u0131t\u0131m\u0131n\u0131 sa\u011flamak \u00fczere tasarlanm\u0131\u015ft\u0131r.<\/li>\n<li>G\u00fcbre da\u011f\u0131t\u0131m sistemine tutarl\u0131 g\u00fc\u00e7 sa\u011flar, g\u00fcbre serpme makinelerinin h\u0131z\u0131n\u0131 ve d\u00f6n\u00fc\u015f\u00fcn\u00fc kontrol etmeye yard\u0131mc\u0131 olur, do\u011fru miktarda g\u00fcbrenin tarlaya e\u015fit \u015fekilde uygulanmas\u0131n\u0131 sa\u011flar.<\/li>\n<\/ul>\n<p><strong>2. Y\u00fcksek G\u00fc\u00e7 Verimlili\u011fi<\/strong><\/p>\n<ul>\n<li>FMP35 \u015fanz\u0131man, trakt\u00f6r\u00fcn PTO'sundan (G\u00fc\u00e7 Aktarma Organ\u0131) gelen enerjinin g\u00fcbre serpme makinesinin komponentlerine verimli bir \u015fekilde aktar\u0131lmas\u0131n\u0131 sa\u011flayarak optimum g\u00fc\u00e7 iletimi i\u00e7in tasarlanm\u0131\u015ft\u0131r.<\/li>\n<li>Y\u00fcksek torku ve verimli g\u00fc\u00e7 da\u011f\u0131l\u0131m\u0131, makinenin en y\u00fcksek verimlilikte \u00e7al\u0131\u015fmas\u0131na yard\u0131mc\u0131 olarak yak\u0131t t\u00fcketimini azalt\u0131r ve makinenin a\u011f\u0131r hizmet ko\u015fullar\u0131nda bile sorunsuz \u00e7al\u0131\u015fmas\u0131n\u0131 sa\u011flar.<\/li>\n<\/ul>\n<p><strong>3. Dayan\u0131kl\u0131l\u0131k ve G\u00fcvenilirlik<\/strong><\/p>\n<ul>\n<li>Y\u00fcksek kaliteli malzemeler ve ileri m\u00fchendislikle \u00fcretilen FMP35 \u015fanz\u0131man, dayan\u0131kl\u0131d\u0131r ve nem, kir ve g\u00fcbre gibi a\u015f\u0131nd\u0131r\u0131c\u0131 maddelere maruz kalma gibi tar\u0131msal faaliyetlerde s\u0131kl\u0131kla kar\u015f\u0131la\u015f\u0131lan zorlu ko\u015fullara dayanabilir.<\/li>\n<li>Dayan\u0131kl\u0131 tasar\u0131m\u0131, \u00e7ift\u00e7iler i\u00e7in toplam sahip olma maliyetini d\u00fc\u015f\u00fcren, minimum bak\u0131mla uzun \u00f6m\u00fcrl\u00fc performans sa\u011flar.<\/li>\n<\/ul>\n<p><strong>4. Geli\u015fmi\u015f Di\u015fli Dayan\u0131kl\u0131l\u0131\u011f\u0131<\/strong><\/p>\n<ul>\n<li>\u015eanz\u0131man, y\u00fcksek y\u00fck ve streslere dayanacak \u015fekilde tasarlanm\u0131\u015ft\u0131r ve di\u015flilerin a\u015f\u0131nmadan sorunsuz \u00e7al\u0131\u015fmas\u0131n\u0131 sa\u011flar. Sertle\u015ftirilmi\u015f di\u015fliler ve s\u0131zd\u0131rmaz yataklar, \u00f6zellikle zorlu tar\u0131m ortamlar\u0131nda uzun s\u00fcreli kullan\u0131mlarda daha fazla dayan\u0131kl\u0131l\u0131k ve g\u00fcvenilirlik sa\u011flar.<\/li>\n<li>Bu \u00f6zellik, daha az ar\u0131za, daha uzun servis aral\u0131klar\u0131 ve daha az s\u0131kl\u0131kta onar\u0131mlar sa\u011flayarak g\u00fcbre serpme makinesinin daha g\u00fcvenilir olmas\u0131n\u0131 sa\u011flar.<\/li>\n<\/ul>\n<p><strong>5. Ayarlanabilir H\u0131z Kontrol\u00fc<\/strong><\/p>\n<ul>\n<li>FMP35 \u015fanz\u0131man\u0131 genellikle ayarlanabilir h\u0131z ayarlar\u0131 sunarak operat\u00f6rlerin g\u00fcbre serpme makinesinin d\u00f6n\u00fc\u015f h\u0131z\u0131n\u0131 kontrol etmelerine ve farkl\u0131 g\u00fcbre t\u00fcrlerine ve tarla ko\u015fullar\u0131na g\u00f6re uyarlamalar\u0131na olanak tan\u0131r.<\/li>\n<li>Bu de\u011fi\u015fken h\u0131z kontrol\u00fc, serpme makinesinin esnekli\u011fini art\u0131rarak, \u00e7e\u015fitli g\u00fcbreleri ve uygulama oranlar\u0131n\u0131 idare edebilmesini, verimlili\u011fini art\u0131rmas\u0131n\u0131 ve hassas uygulama sa\u011flamas\u0131n\u0131 garantiler.<\/li>\n<\/ul>\n<p>FMP35 G\u00fcbre Ekim Makinesi \u015eanz\u0131man\u0131, dayan\u0131kl\u0131l\u0131k, verimlilik ve esnekli\u011fi bir arada sunarak modern tar\u0131mda kullan\u0131lan g\u00fcbre serpme makinelerinin vazge\u00e7ilmez bir bile\u015fenidir. G\u00fcbre uygulamas\u0131n\u0131n hassasiyetini ve tutarl\u0131l\u0131\u011f\u0131n\u0131 art\u0131rarak, bak\u0131m maliyetlerini d\u00fc\u015f\u00fcrerek ve makinenin genel operasyonel verimlili\u011fini art\u0131rarak, FMP35 \u015fanz\u0131man\u0131 tar\u0131msal faaliyetlerin ba\u015far\u0131s\u0131na \u00f6nemli \u00f6l\u00e7\u00fcde katk\u0131da bulunur.<\/p>\n<p><img loading=\"lazy\" decoding=\"async\" class=\"alignnone size-full wp-image-3054\" src=\"https:\/\/fmp-components.com\/wp-content\/uploads\/2025\/01\/Fertilizer-Seeder-Gearbox-EP35-Benefits.webp\" alt=\"G\u00fcbre-Ekim Makinas\u0131-Di\u015fli Kutusu-EP35-Faydalar\u0131\" width=\"1440\" height=\"556\" title=\"\" srcset=\"https:\/\/fmp-components.com\/wp-content\/uploads\/2025\/01\/Fertilizer-Seeder-Gearbox-EP35-Benefits.webp 1440w, https:\/\/fmp-components.com\/wp-content\/uploads\/2025\/01\/Fertilizer-Seeder-Gearbox-EP35-Benefits-1280x494.webp 1280w, https:\/\/fmp-components.com\/wp-content\/uploads\/2025\/01\/Fertilizer-Seeder-Gearbox-EP35-Benefits-980x378.webp 980w, https:\/\/fmp-components.com\/wp-content\/uploads\/2025\/01\/Fertilizer-Seeder-Gearbox-EP35-Benefits-480x185.webp 480w\" sizes=\"(min-width: 0px) and (max-width: 480px) 480px, (min-width: 481px) and (max-width: 980px) 980px, (min-width: 981px) and (max-width: 1280px) 1280px, (min-width: 1281px) 1440px, 100vw\" \/><\/p>\n<article class=\"w-full scroll-mb-[var(--thread-trailing-height,150px)] text-token-text-primary focus-visible:outline-2 focus-visible:outline-offset-[-4px]\" dir=\"auto\" data-testid=\"conversation-turn-24\" data-scroll-anchor=\"false\">\n<div class=\"m-auto text-base py-[18px] px-3 md:px-4 w-full md:px-5 lg:px-4 xl:px-5\">\n<div class=\"mx-auto flex flex-1 gap-4 text-base md:gap-5 lg:gap-6 md:max-w-3xl lg:max-w-[40rem] xl:max-w-[48rem]\">\n<div class=\"group\/conversation-turn relative flex w-full min-w-0 flex-col\">\n<div class=\"flex-col gap-1 md:gap-3\">\n<div class=\"flex max-w-full flex-col flex-grow\">\n<div class=\"min-h-8 text-message flex w-full flex-col items-end gap-2 whitespace-normal break-words text-start [.text-message+&amp;]:mt-5\" dir=\"auto\" data-message-author-role=\"user\" data-message-id=\"aaa20b42-842f-4e85-8907-5b760533185e\">\n<div class=\"flex w-full flex-col gap-1 empty:hidden items-end rtl:items-start\">\n<div class=\"relative max-w-[var(--user-chat-width,70%)] rounded-3xl bg-token-message-surface px-5 py-2.5\">\n<h2 class=\"whitespace-pre-wrap\">FMP35 G\u00fcbre Ekim Makinas\u0131 \u015eanz\u0131man\u0131n\u0131n Uygulamalar\u0131<\/h2>\n<\/div>\n<\/div>\n<\/div>\n<\/div>\n<\/div>\n<\/div>\n<\/div>\n<\/div>\n<\/article>\n<article class=\"w-full scroll-mb-[var(--thread-trailing-height,150px)] text-token-text-primary focus-visible:outline-2 focus-visible:outline-offset-[-4px]\" dir=\"auto\" data-testid=\"conversation-turn-25\" data-scroll-anchor=\"true\">\n<div class=\"m-auto text-base py-[18px] px-3 md:px-4 w-full md:px-5 lg:px-4 xl:px-5\">\n<div class=\"mx-auto flex flex-1 gap-4 text-base md:gap-5 lg:gap-6 md:max-w-3xl lg:max-w-[40rem] xl:max-w-[48rem]\">\n<div class=\"group\/conversation-turn relative flex w-full min-w-0 flex-col agent-turn\">\n<div class=\"flex-col gap-1 md:gap-3\">\n<div class=\"flex max-w-full flex-col flex-grow\">\n<div class=\"min-h-8 text-message flex w-full flex-col items-end gap-2 whitespace-normal break-words text-start [.text-message+&amp;]:mt-5\" dir=\"auto\" data-message-author-role=\"assistant\" data-message-id=\"e0c83200-805b-47fc-b9ad-e0aba657fdc7\" data-message-model-slug=\"gpt-4o\">\n<div class=\"flex w-full flex-col gap-1 empty:hidden first:pt-[3px]\">\n<div class=\"markdown prose w-full break-words dark:prose-invert light\">\n<p>FMP35 G\u00fcbre Ekim Makinesi \u015eanz\u0131man\u0131, \u00e7e\u015fitli g\u00fcbre uygulama sistemlerinin ve ekim ekipmanlar\u0131n\u0131n performans\u0131n\u0131 optimize etmek i\u00e7in \u00f6zel olarak tasarlanm\u0131\u015ft\u0131r. Hassas g\u00fc\u00e7 iletimi, dayan\u0131kl\u0131l\u0131k ve verimlilik sa\u011flamada \u00f6nemli bir rol oynar. FMP35 \u015fanz\u0131man\u0131n\u0131n tar\u0131m makinelerinde temel uygulamalar\u0131 a\u015fa\u011f\u0131dad\u0131r:<\/p>\n<p><strong>1. G\u00fcbre Yay\u0131c\u0131lar\u0131<\/strong><\/p>\n<ul>\n<li>FMP35 \u015fanz\u0131man, g\u00fcbre serpme makinelerinde yayg\u0131n olarak kullan\u0131l\u0131r ve g\u00fcbre serpme disklerine do\u011fru g\u00fc\u00e7 da\u011f\u0131l\u0131m\u0131 sa\u011flar. \u015eanz\u0131man, serpme mekanizmas\u0131n\u0131n h\u0131z\u0131n\u0131 ve d\u00f6n\u00fc\u015f\u00fcn\u00fc kontrol ederek, gran\u00fcl veya toz g\u00fcbrelerin tarlaya e\u015fit ve homojen bir \u015fekilde uygulanmas\u0131n\u0131 sa\u011flar.<\/li>\n<li>Bu, optimum g\u00fcbre kapsam\u0131n\u0131 garanti alt\u0131na alarak, bitki beslenmesini art\u0131r\u0131rken, israf\u0131 ve a\u015f\u0131r\u0131 g\u00fcbrelemeyi en aza indirir.<\/li>\n<\/ul>\n<p><strong>2. Ekim Makinesi ve G\u00fcbre Kombinasyonlar\u0131<\/strong><\/p>\n<ul>\n<li>FMP35 \u015fanz\u0131man, genellikle kombine ekim ve g\u00fcbreleme makinelerinde (g\u00fcbre ekme makineleri olarak da bilinir) kullan\u0131l\u0131r. Bu makineler ayn\u0131 anda hem tohum eker hem de g\u00fcbre uygular, bu da tarlada birden fazla ge\u00e7i\u015f ihtiyac\u0131n\u0131 azaltarak ekim s\u00fcrecini optimize etmeye yard\u0131mc\u0131 olur.<\/li>\n<li>\u015eanz\u0131man, tohum dozajlama ve g\u00fcbre da\u011f\u0131t\u0131m sistemlerinin senkronize \u00e7al\u0131\u015fmas\u0131n\u0131 sa\u011flayarak do\u011fru ekim derinli\u011fi ve homojen g\u00fcbre da\u011f\u0131l\u0131m\u0131 sa\u011flar.<\/li>\n<\/ul>\n<p><strong>3. Hassas Tar\u0131m Ekipmanlar\u0131<\/strong><\/p>\n<ul>\n<li>FMP35 di\u015fli kutusu, g\u00fcbre uygulamas\u0131nda y\u00fcksek hassasiyet gerektiren hassas tar\u0131m aletlerinde kullan\u0131l\u0131r. G\u00fcbrelerin hassas oranlarda ve hassas noktalara da\u011f\u0131t\u0131lmas\u0131n\u0131 sa\u011flamak i\u00e7in yayma \u00fcnitelerine g\u00fc\u00e7 sa\u011flar; bu da \u00fcr\u00fcn verimini en \u00fcst d\u00fczeye \u00e7\u0131karmak ve girdi maliyetlerini azaltmak i\u00e7in kritik \u00f6neme sahiptir.<\/li>\n<li>De\u011fi\u015fken uygulama oranlar\u0131n\u0131 idare edebilme kabiliyeti, g\u00fcbre kullan\u0131m\u0131n\u0131 toprak ko\u015fullar\u0131na, \u00fcr\u00fcn ihtiya\u00e7lar\u0131na ve tarla haritalar\u0131na g\u00f6re uyarlayan ileri teknoloji sistemleri i\u00e7in uygun hale getirir.<\/li>\n<\/ul>\n<p><strong>4. Hava Ekim Sistemleri<\/strong><\/p>\n<ul>\n<li>Hem tohum ekimi hem de g\u00fcbreleme amac\u0131yla kullan\u0131lan haval\u0131 ekim sistemlerinde, FMP35 red\u00fckt\u00f6r\u00fc, da\u011f\u0131t\u0131m fanlar\u0131na ve dozajlama sistemlerine g\u00fc\u00e7 sa\u011flamada kilit rol oynar. G\u00fcbre ve tohumlar\u0131n topra\u011fa do\u011fru ve e\u015fit \u015fekilde da\u011f\u0131t\u0131lmas\u0131n\u0131 sa\u011flar.<\/li>\n<li>\u015eanz\u0131man, ak\u0131\u015f h\u0131z\u0131n\u0131 ve debiyi kontrol etmeye yard\u0131mc\u0131 olur ve g\u00fcbrelerin do\u011fru miktarda ve do\u011fru zamanda uygulanmas\u0131n\u0131 sa\u011flamada \u00f6nemli bir bile\u015fendir.<\/li>\n<\/ul>\n<p><strong>5. Tah\u0131l ve Baklagiller \u0130\u00e7in Yay\u0131n Makineleri<\/strong><\/p>\n<ul>\n<li>FMP35 \u015fanz\u0131man, g\u00fcbre ve kire\u00e7 veya tohum gibi di\u011fer malzemeleri geni\u015f alanlara serpmek i\u00e7in tasarlanm\u0131\u015f serpme makinelerinde kullan\u0131l\u0131r. \u00d6zellikle tah\u0131l ve baklagiller gibi homojen g\u00fcbre da\u011f\u0131l\u0131m\u0131ndan faydalanan \u00fcr\u00fcnler i\u00e7in \u00f6nemli olan g\u00fcbre veya tohumun e\u015fit da\u011f\u0131l\u0131m\u0131n\u0131 sa\u011flar.<\/li>\n<li>Bu, g\u00fcbre israf\u0131n\u0131 en aza indirirken \u00fcr\u00fcn verimini en \u00fcst d\u00fczeye \u00e7\u0131karmaya ve topra\u011fa do\u011fru miktarda besin maddesinin ula\u015fmas\u0131n\u0131 sa\u011flamaya yard\u0131mc\u0131 olur.<\/li>\n<\/ul>\n<p>FMP35 G\u00fcbre Ekim Makinesi \u015eanz\u0131man\u0131, \u00e7ok \u00e7e\u015fitli tar\u0131m makinelerinde verimlili\u011fi, hassasiyeti ve \u00fcretkenli\u011fi art\u0131ran temel bir bile\u015fendir. \u00c7ok y\u00f6nl\u00fcl\u00fc\u011f\u00fc ve dayan\u0131kl\u0131l\u0131\u011f\u0131, onu \u00e7e\u015fitli \u00fcr\u00fcn t\u00fcrleri ve tarla ko\u015fullar\u0131nda g\u00fcbre uygulama sistemlerini optimize etmek isteyen \u00e7ift\u00e7iler ve operat\u00f6rler i\u00e7in ideal bir se\u00e7im haline getirir.<\/p>\n<p><img loading=\"lazy\" decoding=\"async\" class=\"alignnone size-full wp-image-3055\" src=\"https:\/\/fmp-components.com\/wp-content\/uploads\/2025\/01\/Fertilizer-Seeder-Gearbox-Agriculture-Applications-scaled.webp\" alt=\"G\u00fcbre-Ekim Makinas\u0131-Di\u015fli Kutusu-Tar\u0131m Uygulamalar\u0131\" width=\"2560\" height=\"892\" title=\"\" srcset=\"https:\/\/fmp-components.com\/wp-content\/uploads\/2025\/01\/Fertilizer-Seeder-Gearbox-Agriculture-Applications-scaled.webp 2560w, https:\/\/fmp-components.com\/wp-content\/uploads\/2025\/01\/Fertilizer-Seeder-Gearbox-Agriculture-Applications-1280x446.webp 1280w, https:\/\/fmp-components.com\/wp-content\/uploads\/2025\/01\/Fertilizer-Seeder-Gearbox-Agriculture-Applications-980x341.webp 980w, https:\/\/fmp-components.com\/wp-content\/uploads\/2025\/01\/Fertilizer-Seeder-Gearbox-Agriculture-Applications-480x167.webp 480w\" sizes=\"(min-width: 0px) and (max-width: 480px) 480px, (min-width: 481px) and (max-width: 980px) 980px, (min-width: 981px) and (max-width: 1280px) 1280px, (min-width: 1281px) 2560px, 100vw\" \/><\/p>\n<h2>FMP Hakk\u0131nda<\/h2>\n<p>Merkezi \u0130talya'da bulunan FMP, tar\u0131m makineleri sekt\u00f6r\u00fcne odaklanan y\u00fcksek performansl\u0131 di\u015fli kutular\u0131n\u0131n tasar\u0131m\u0131, geli\u015ftirilmesi ve \u00fcretimindeki uzmanl\u0131\u011f\u0131yla tan\u0131nan lider bir \u00fcreticidir. Hassas m\u00fchendislik, yenilik\u00e7i \u00e7\u00f6z\u00fcmler ve sars\u0131lmaz g\u00fcvenilirli\u011fiyle tan\u0131nan FMP, hem tar\u0131m hem de end\u00fcstriyel sekt\u00f6rlerde g\u00fcvenilir bir ortak olarak \u00fcn kazanm\u0131\u015ft\u0131r. Geni\u015f \u00fcr\u00fcn portf\u00f6y\u00fcm\u00fcz, \u00e7im bi\u00e7me makineleri i\u00e7in \u00f6zel olarak tasarlanm\u0131\u015f di\u015fli kutular\u0131, kuyruk mili milleri ve \u00e7e\u015fitli uygulamalar\u0131n \u00f6zel gereksinimlerini kar\u015f\u0131lamak \u00fczere tasarlanm\u0131\u015f \u00e7ok \u00e7e\u015fitli temel bile\u015fenleri i\u00e7erir.<\/p>\n<p>FMP olarak, her m\u00fc\u015fterinin kendine \u00f6zg\u00fc zorluklar\u0131 ve gereksinimleri oldu\u011funun bilincindeyiz. Bu nedenle, ister bireysel bile\u015fenler ister tamamen entegre sistemler i\u00e7in olsun, \u00f6zel \u00e7\u00f6z\u00fcmler sunma konusunda uzmanla\u015f\u0131yoruz. M\u00fc\u015fterilerimizle yak\u0131n i\u015f birli\u011fi i\u00e7inde \u00e7al\u0131\u015farak, her \u00e7\u00f6z\u00fcm\u00fcn yaln\u0131zca benzersiz ihtiya\u00e7lar\u0131n\u0131 kar\u015f\u0131lamas\u0131n\u0131 de\u011fil, ayn\u0131 zamanda performans\u0131 art\u0131r\u0131p de\u011feri en \u00fcst d\u00fczeye \u00e7\u0131karmas\u0131n\u0131 da sa\u011fl\u0131yoruz. H\u0131zl\u0131, profesyonel yan\u0131tlar ve uzman rehberli\u011fine olan ba\u011fl\u0131l\u0131\u011f\u0131m\u0131z, her talebin hassasiyetle ele al\u0131nmas\u0131n\u0131 ve her seferinde en iyi sonu\u00e7lar\u0131n elde edilmesini sa\u011flar.<\/p>\n<p>\u00dcr\u00fcn geli\u015ftirme d\u00f6ng\u00fcs\u00fcn\u00fcn tamam\u0131nda \u015feffaf ve s\u00fcrekli ileti\u015fime \u00f6ncelik veriyoruz. \u00d6zverili ekibimiz, m\u00fc\u015fterilerimizle do\u011frudan \u00e7al\u0131\u015farak ihtiya\u00e7lar\u0131n\u0131 derinlemesine anl\u0131yor ve en iyi sonu\u00e7lar\u0131 elde etmek i\u00e7in de\u011ferli i\u00e7g\u00f6r\u00fcler ve \u00f6neriler sunuyor. \u0130ster son teknoloji \u00fcr\u00fcnler tasarl\u0131yor ister rutin sipari\u015fleri kar\u015f\u0131l\u0131yor olal\u0131m, FMP her seferinde zaman\u0131nda, y\u00fcksek kaliteli ve hassas m\u00fchendislik \u00e7\u00f6z\u00fcmleri sunmaya kendini adam\u0131\u015ft\u0131r. Amac\u0131m\u0131z, her projede ola\u011fan\u00fcst\u00fc hizmet ve sonu\u00e7lar sunarak m\u00fc\u015fteri beklentilerini s\u00fcrekli olarak a\u015fmakt\u0131r.<\/p>\n<p>Kalite, FMP'nin faaliyetlerinin merkezinde yer al\u0131r. Her \u00fcr\u00fcn\u00fcn sekt\u00f6r standartlar\u0131n\u0131 kar\u015f\u0131lamas\u0131n\u0131 ve hatta \u00e7o\u011fu zaman a\u015fmas\u0131n\u0131 sa\u011flamak i\u00e7in en y\u00fcksek \u00fcretim standartlar\u0131na ba\u011fl\u0131 kal\u0131yor ve titiz kalite kontrol s\u00fcre\u00e7leri uyguluyoruz. M\u00fckemmelli\u011fe olan bu ba\u011fl\u0131l\u0131\u011f\u0131m\u0131z, d\u00fcr\u00fcstl\u00fck, ekip \u00e7al\u0131\u015fmas\u0131 ve azim gibi temel de\u011ferlerimizin yan\u0131 s\u0131ra, d\u00fcnya \u00e7ap\u0131nda yakla\u015f\u0131k 30 \u00fclkedeki m\u00fc\u015fterilerimizle kal\u0131c\u0131 ve g\u00fcvene dayal\u0131 ili\u015fkiler kurmam\u0131z\u0131 sa\u011flam\u0131\u015ft\u0131r.<\/p>\n<p>FMP, k\u00fcresel ortakl\u0131klar kurmaya her zaman isteklidir ve m\u00fc\u015fterilerimizin de\u011fi\u015fen ihtiya\u00e7lar\u0131n\u0131 kar\u015f\u0131layan uzman tavsiyeleri ve \u00f6zelle\u015ftirilmi\u015f \u00e7\u00f6z\u00fcmler sunmaya kendini adam\u0131\u015ft\u0131r. Sadece \u00fcr\u00fcn tedarik etmenin \u00f6tesine ge\u00e7erek, her projenin ba\u015far\u0131s\u0131na katk\u0131da bulunan, uzun vadeli ve kar\u015f\u0131l\u0131kl\u0131 fayda sa\u011flayan ortakl\u0131klar kurmay\u0131 hedefliyoruz. \u0130ster yeni bir giri\u015fim i\u00e7in yenilik\u00e7i \u00e7\u00f6z\u00fcmlere, ister mevcut bir sistem i\u00e7in s\u00fcrekli deste\u011fe ihtiyac\u0131n\u0131z olsun, FMP teknik zorluklar\u0131n \u00fcstesinden gelmenize ve ba\u015far\u0131n\u0131z\u0131n devam etmesini sa\u011flaman\u0131za yard\u0131mc\u0131 olmaya haz\u0131rd\u0131r.<\/p>\n<p><img loading=\"lazy\" decoding=\"async\" class=\"alignnone wp-image-2695\" src=\"https:\/\/fmp-components.com\/wp-content\/uploads\/2025\/01\/agricultural-gearbox3.webp\" alt=\"tar\u0131msal \u015fanz\u0131man\" width=\"1140\" height=\"1138\" title=\"\" srcset=\"https:\/\/fmp-components.com\/wp-content\/uploads\/2025\/01\/agricultural-gearbox3.webp 1140w, https:\/\/fmp-components.com\/wp-content\/uploads\/2025\/01\/agricultural-gearbox3-480x479.webp 480w\" sizes=\"(min-width: 0px) and (max-width: 480px) 480px, (min-width: 481px) 1140px, 100vw\" \/><\/p>\n<p>Yazar: CX<\/p>\n<p>&nbsp;<\/p>\n<\/div>\n<\/div>\n<\/div>\n<\/div>\n<\/div>\n<\/div>\n<\/div>\n<\/div>\n<\/article>","protected":false},"excerpt":{"rendered":"<p>Fertilizer Seeder Gearbox FMP35 Dimensions Fertilizer Seeder Gearbox FMP35 Technical Data i Suitable Rpm input Rpm output Output torque Weight Toothing r\/min r\/min N.m kg Decelerate 24.3:1 Fertilizer broadcaster, etc 1000 41 3500 47 Gleason Helical Teeth Remark: If you have any special require feel free let me know, we also accept custom. A B [&hellip;]<\/p>","protected":false},"featured_media":3056,"comment_status":"open","ping_status":"closed","template":"","meta":{"_et_pb_use_builder":"","_et_pb_old_content":"","_et_gb_content_width":""},"product_brand":[],"product_cat":[71],"product_tag":[],"class_list":{"0":"post-3052","1":"product","2":"type-product","3":"status-publish","4":"has-post-thumbnail","6":"product_cat-fertilizer-seeder-gearbox","8":"first","9":"instock","10":"shipping-taxable","11":"product-type-simple"},"_links":{"self":[{"href":"https:\/\/fmp-components.com\/tr\/wp-json\/wp\/v2\/product\/3052","targetHints":{"allow":["GET"]}}],"collection":[{"href":"https:\/\/fmp-components.com\/tr\/wp-json\/wp\/v2\/product"}],"about":[{"href":"https:\/\/fmp-components.com\/tr\/wp-json\/wp\/v2\/types\/product"}],"replies":[{"embeddable":true,"href":"https:\/\/fmp-components.com\/tr\/wp-json\/wp\/v2\/comments?post=3052"}],"wp:featuredmedia":[{"embeddable":true,"href":"https:\/\/fmp-components.com\/tr\/wp-json\/wp\/v2\/media\/3056"}],"wp:attachment":[{"href":"https:\/\/fmp-components.com\/tr\/wp-json\/wp\/v2\/media?parent=3052"}],"wp:term":[{"taxonomy":"product_brand","embeddable":true,"href":"https:\/\/fmp-components.com\/tr\/wp-json\/wp\/v2\/product_brand?post=3052"},{"taxonomy":"product_cat","embeddable":true,"href":"https:\/\/fmp-components.com\/tr\/wp-json\/wp\/v2\/product_cat?post=3052"},{"taxonomy":"product_tag","embeddable":true,"href":"https:\/\/fmp-components.com\/tr\/wp-json\/wp\/v2\/product_tag?post=3052"}],"curies":[{"name":"wp","href":"https:\/\/api.w.org\/{rel}","templated":true}]}}