{"id":3047,"date":"2025-01-04T07:16:41","date_gmt":"2025-01-04T07:16:41","guid":{"rendered":"https:\/\/fmp-components.com\/?page_id=8"},"modified":"2025-01-04T07:16:41","modified_gmt":"2025-01-04T07:16:41","slug":"double-disc-silage-machine-gearbox-fmp-qz115-for-silage-machines","status":"publish","type":"product","link":"https:\/\/fmp-components.com\/tr\/product\/double-disc-silage-machine-gearbox-fmp-qz115-for-silage-machines\/","title":{"rendered":"Silaj Makineleri i\u00e7in \u00c7ift Diskli Silaj Makinesi \u015eanz\u0131man\u0131 FMP-QZ115"},"content":{"rendered":"<h2>\u00c7ift Diskli Silaj Makinesi \u015eanz\u0131man\u0131 FMP-QZ115 Teknik Verileri<\/h2>\n<p><img loading=\"lazy\" decoding=\"async\" class=\"alignnone size-full wp-image-3049\" src=\"https:\/\/fmp-components.com\/wp-content\/uploads\/2025\/01\/Double-Disc-Silage-Machine-Gearbox-EP-QZ115-Dimensions.webp\" alt=\"\u00c7ift Diskli Silaj Makinesi \u015eanz\u0131man\u0131 EP-QZ115 Boyutlar\u0131\" width=\"1237\" height=\"890\" title=\"\" srcset=\"https:\/\/fmp-components.com\/wp-content\/uploads\/2025\/01\/Double-Disc-Silage-Machine-Gearbox-EP-QZ115-Dimensions.webp 1237w, https:\/\/fmp-components.com\/wp-content\/uploads\/2025\/01\/Double-Disc-Silage-Machine-Gearbox-EP-QZ115-Dimensions-980x705.webp 980w, https:\/\/fmp-components.com\/wp-content\/uploads\/2025\/01\/Double-Disc-Silage-Machine-Gearbox-EP-QZ115-Dimensions-480x345.webp 480w\" sizes=\"(min-width: 0px) and (max-width: 480px) 480px, (min-width: 481px) and (max-width: 980px) 980px, (min-width: 981px) 1237px, 100vw\" \/><\/p>\n<h2>\u00c7ift Diskli Silaj Makinesi \u015eanz\u0131man\u0131 FMP-QZ115 Teknik Verileri<\/h2>\n<table style=\"width: 92.4037%; height: 146px;\" border=\"1\" cellspacing=\"0\" cellpadding=\"0\">\n<tbody>\n<tr>\n<td colspan=\"2\" rowspan=\"2\">Ben<\/td>\n<td rowspan=\"2\">Uygun<\/td>\n<td>Rpm giri\u015fi<\/td>\n<td>Rpm \u00e7\u0131k\u0131\u015f\u0131<\/td>\n<td>\u00c7\u0131k\u0131\u015f torku<\/td>\n<td>A\u011f\u0131rl\u0131k<\/td>\n<td rowspan=\"2\">Di\u015f \u00e7\u0131karma<\/td>\n<\/tr>\n<tr>\n<td>dev\/dak<\/td>\n<td>dev\/dak<\/td>\n<td>Nm<\/td>\n<td>kilogram<\/td>\n<\/tr>\n<tr>\n<td>Yava\u015flamak<\/td>\n<td>1: 1<\/td>\n<td>silaj makineleri, vb.<\/td>\n<td>1000<\/td>\n<td>1000<\/td>\n<td>580<\/td>\n<td>35<\/td>\n<td>Gleason Helisel<br \/>\nDi\u015fler<\/td>\n<\/tr>\n<tr>\n<td colspan=\"8\">Not: Herhangi bir \u00f6zel iste\u011finiz varsa l\u00fctfen bana bildirin, \u00f6zel sipari\u015fleri de kabul ediyoruz.<\/td>\n<\/tr>\n<\/tbody>\n<\/table>\n<table style=\"height: 128px; width: 92.5728%;\" border=\"1\" width=\"1005\" cellspacing=\"0\" cellpadding=\"0\">\n<tbody>\n<tr>\n<td style=\"width: 27.4354%;\">A<\/td>\n<td style=\"width: 16.6998%;\">B<\/td>\n<td style=\"width: 27.9324%;\">C<\/td>\n<td style=\"width: 28.329%;\">D<\/td>\n<\/tr>\n<tr>\n<td style=\"width: 27.4354%;\">\u03a645<\/td>\n<td style=\"width: 16.6998%;\">14<\/td>\n<td style=\"width: 27.9324%;\">39.5<\/td>\n<td style=\"width: 28.329%;\">M14<\/td>\n<\/tr>\n<tr>\n<td style=\"width: 27.4354%;\">\u03a640<\/td>\n<td style=\"width: 16.6998%;\">12<\/td>\n<td style=\"width: 27.9324%;\">35<\/td>\n<td style=\"width: 28.329%;\">M12<\/td>\n<\/tr>\n<tr>\n<td style=\"width: 27.4354%;\">\u03a635<\/td>\n<td style=\"width: 16.6998%;\">10<\/td>\n<td style=\"width: 27.9324%;\">30<\/td>\n<td style=\"width: 28.329%;\">M12<\/td>\n<\/tr>\n<\/tbody>\n<\/table>\n<h2>\u00c7ift Diskli Silaj Makinesi \u015eanz\u0131man\u0131 FMP-QZ115'in Avantajlar\u0131<\/h2>\n<p>\u00c7ift Diskli Silaj Makinesi \u015eanz\u0131man\u0131 FMP-QZ115, silaj hasat i\u015flemlerinin verimlili\u011fini, g\u00fcvenilirli\u011fini ve performans\u0131n\u0131 art\u0131rmak i\u00e7in tasarlanm\u0131\u015f bir dizi avantaj sunar. \u00d6zellikle \u00e7ift kesme diskli makineler i\u00e7in tasarlanan bu \u015fanz\u0131man, sorunsuz ve hassas \u00e7al\u0131\u015fma sa\u011flayarak silaj hasat s\u00fcrecinde \u00f6nemli bir rol oynar. \u0130\u015fte FMP-QZ115'in ba\u015fl\u0131ca avantajlar\u0131:<\/p>\n<p><strong>1. Y\u00fcksek G\u00fc\u00e7 Verimlili\u011fi ve Tork \u0130letimi<\/strong><\/p>\n<ul>\n<li>FMP-QZ115 \u015fanz\u0131man\u0131, y\u00fcksek tork gerektiren uygulamalar\u0131 y\u00f6netmek \u00fczere tasarlanm\u0131\u015ft\u0131r ve trakt\u00f6r\u00fcn PTO (G\u00fc\u00e7 \u00c7\u0131k\u0131\u015f\u0131) \u015faft\u0131ndan silaj makinesinin kesme disklerine verimli g\u00fc\u00e7 aktar\u0131m\u0131 sa\u011flar.<\/li>\n<li>Sa\u011flam tasar\u0131m\u0131, g\u00fcc\u00fcn her iki kesme diskine de e\u015fit olarak da\u011f\u0131t\u0131lmas\u0131n\u0131 sa\u011flayarak, t\u00fcm ba\u015fl\u0131k boyunca tutarl\u0131 bir kesme kuvveti sunar.<\/li>\n<li>Di\u015fli kutusu, g\u00fc\u00e7 kayb\u0131n\u0131 en aza indirerek silaj makinesinin genel performans\u0131n\u0131 en \u00fcst d\u00fczeye \u00e7\u0131kar\u0131r.<\/li>\n<\/ul>\n<p><strong>2. Y\u00fcksek Kaliteli Silaj \u0130\u00e7in Hassas Kesim<\/strong><\/p>\n<ul>\n<li>FMP-QZ115 \u015fanz\u0131manla \u00e7al\u0131\u015fan \u00e7ift diskli sistem, yem bitkilerinin e\u015fit b\u00fcy\u00fckl\u00fckte par\u00e7alara ayr\u0131lmas\u0131n\u0131 sa\u011flayarak y\u00fcksek kaliteli silaj elde edilmesi i\u00e7in gerekli olan bir avantaj sunar.<\/li>\n<li>Kesme disklerinin senkronize \u00e7al\u0131\u015fmas\u0131, silaj\u0131n do\u011fru fermantasyonu ve optimum depolanmas\u0131 i\u00e7in kritik \u00f6neme sahip olan hassas ve tutarl\u0131 do\u011frama uzunlu\u011fu sa\u011flar.<\/li>\n<li>Hassas kesim sayesinde silaj, hayvanlar taraf\u0131ndan daha iyi sindirilebilir hale gelir ve yemin besin de\u011ferini art\u0131r\u0131r.<\/li>\n<\/ul>\n<p><strong>3. Dayan\u0131kl\u0131l\u0131k ve Uzun \u00d6m\u00fcr<\/strong><\/p>\n<ul>\n<li>FMP-QZ115 \u015fanz\u0131man, dayan\u0131kl\u0131 malzemeler ve geli\u015fmi\u015f m\u00fchendislik ile \u00fcretilmi\u015ftir ve zorlu tar\u0131m ortamlar\u0131nda bile uzun \u00f6m\u00fcrl\u00fc performans sa\u011flar.<\/li>\n<li>Y\u00fcksek y\u00fck, nem ve kir maruziyeti gibi zorlu ko\u015fullar alt\u0131nda g\u00fcvenilirli\u011finden \u00f6d\u00fcn vermeden verimli bir \u015fekilde \u00e7al\u0131\u015facak \u015fekilde tasarlanm\u0131\u015ft\u0131r.<\/li>\n<li>\u015eanz\u0131man\u0131n y\u00fcksek kaliteli yap\u0131s\u0131, makinenin kullan\u0131m \u00f6mr\u00fcn\u00fc uzatarak s\u0131k onar\u0131m ve bak\u0131m ihtiyac\u0131n\u0131 azalt\u0131r.<\/li>\n<\/ul>\n<p><strong>4. Kompakt ve Hafif Tasar\u0131m<\/strong><\/p>\n<ul>\n<li>FMP-QZ115 \u015fanz\u0131man\u0131 kompakt ve hafiftir, bu da gereksiz a\u011f\u0131rl\u0131k veya hacim eklemeden silaj makinesine entegre edilmesini kolayla\u015ft\u0131r\u0131r.<\/li>\n<li>Bu durum, makinenin genel \u00e7evikli\u011fine ve manevra kabiliyetine katk\u0131da bulunarak daha iyi kullan\u0131m sa\u011flar ve trakt\u00f6r \u00fczerindeki operasyonel y\u00fck\u00fc azalt\u0131r.<\/li>\n<\/ul>\n<p><strong>5. Azalt\u0131lm\u0131\u015f Bak\u0131m Gereksinimleri<\/strong><\/p>\n<ul>\n<li>\u015eanz\u0131man, i\u00e7 bile\u015fenlerdeki a\u015f\u0131nmay\u0131 azaltan s\u0131zd\u0131rmaz rulmanlar ve geli\u015fmi\u015f ya\u011flama sistemleri i\u00e7eren, d\u00fc\u015f\u00fck bak\u0131m gerektiren bir tasar\u0131mla \u00fcretilmi\u015ftir.<\/li>\n<li>Bu, ar\u0131za s\u00fcrelerini en aza indirir ve bak\u0131m ve servis ihtiya\u00e7lar\u0131n\u0131 azaltarak genel sahip olma maliyetini d\u00fc\u015f\u00fcr\u00fcr.<\/li>\n<li>Kendinden ya\u011flama \u00f6zelli\u011fi, i\u00e7 par\u00e7alar\u0131n s\u00fcrekli olarak do\u011fru \u015fekilde ya\u011flanmas\u0131n\u0131 sa\u011flayarak daha sorunsuz \u00e7al\u0131\u015fma ve art\u0131r\u0131lm\u0131\u015f g\u00fcvenilirlik sunar.<\/li>\n<\/ul>\n<p>FMP-QZ115 \u00c7ift Diskli Silaj Makinesi \u015eanz\u0131man\u0131, dayan\u0131kl\u0131l\u0131k, hassasiyet ve verimlili\u011fin ola\u011fan\u00fcst\u00fc bir kombinasyonunu sunarak modern silaj hasat i\u015flemleri i\u00e7in ideal bir se\u00e7imdir. Geli\u015fmi\u015f \u00f6zellikleri, genel silaj kalitesini art\u0131r\u0131r, bak\u0131m maliyetlerini d\u00fc\u015f\u00fcr\u00fcr ve hem \u015fanz\u0131man\u0131n hem de makinenin \u00f6mr\u00fcn\u00fc uzatarak daha verimli ve uygun maliyetli bir hasat s\u00fcreci sa\u011flar.<\/p>\n<p><img loading=\"lazy\" decoding=\"async\" class=\"alignnone  wp-image-3042\" src=\"https:\/\/fmp-components.com\/wp-content\/uploads\/2025\/01\/Silage-Machine-Gearbox-EP-QZ-QGXRL-for-German-Champion-Four-Disc-Type-3500-Applications-2-1024x641-1.webp\" alt=\"Silaj Makinesi \u015eanz\u0131man Kutusu EP QZ QGXRL Alman \u015eampiyonu D\u00f6rt Diskli Tip 3500 Uygulamalar\u0131 2 1024x641\" width=\"1093\" height=\"684\" title=\"\" srcset=\"https:\/\/fmp-components.com\/wp-content\/uploads\/2025\/01\/Silage-Machine-Gearbox-EP-QZ-QGXRL-for-German-Champion-Four-Disc-Type-3500-Applications-2-1024x641-1.webp 1093w, https:\/\/fmp-components.com\/wp-content\/uploads\/2025\/01\/Silage-Machine-Gearbox-EP-QZ-QGXRL-for-German-Champion-Four-Disc-Type-3500-Applications-2-1024x641-1-980x613.webp 980w, https:\/\/fmp-components.com\/wp-content\/uploads\/2025\/01\/Silage-Machine-Gearbox-EP-QZ-QGXRL-for-German-Champion-Four-Disc-Type-3500-Applications-2-1024x641-1-480x300.webp 480w\" sizes=\"(min-width: 0px) and (max-width: 480px) 480px, (min-width: 481px) and (max-width: 980px) 980px, (min-width: 981px) 1093px, 100vw\" \/><\/p>\n<h2>\u00c7ift Diskli Silaj Makinesi \u015eanz\u0131man\u0131 FMP-QZ115'in Uygulamalar\u0131<\/h2>\n<p>FMP-QZ115 \u00c7ift Diskli Silaj Makinesi \u015eanz\u0131man\u0131, silaj hasat i\u015flemlerinin performans\u0131n\u0131 ve verimlili\u011fini art\u0131rmak i\u00e7in \u00f6zel olarak tasarlanm\u0131\u015ft\u0131r. Sa\u011flam m\u00fchendisli\u011fi ve hassas \u00f6zellikleri, onu \u00e7ok \u00e7e\u015fitli tar\u0131msal uygulamalar i\u00e7in uygun hale getirir. A\u015fa\u011f\u0131da FMP-QZ115 \u015fanz\u0131man\u0131n\u0131n ba\u015fl\u0131ca uygulama alanlar\u0131 yer almaktad\u0131r:<\/p>\n<p><strong>1. Silaj Hasad\u0131<\/strong><\/p>\n<ul>\n<li>FMP-QZ115 \u015fanz\u0131man\u0131 \u00f6ncelikle silaj hasat makinelerinde kullan\u0131l\u0131r ve yem bitkilerini k\u00fc\u00e7\u00fck, homojen par\u00e7alara do\u011framaktan sorumlu \u00e7ift kesme disklerini \u00e7al\u0131\u015ft\u0131r\u0131r. Bu ince do\u011franm\u0131\u015f par\u00e7alar daha sonra i\u015flenir ve silaj olarak depolan\u0131r.<\/li>\n<li>\u015eanz\u0131man, trakt\u00f6r\u00fcn PTO'sundan (G\u00fc\u00e7 \u00c7\u0131k\u0131\u015f\u0131) gelen g\u00fcc\u00fcn her iki kesme diskine de verimli bir \u015fekilde iletilmesini sa\u011flayarak silaj hasad\u0131 s\u00fcrecinde tutarl\u0131 ve g\u00fcvenilir bir performans sunar.<\/li>\n<\/ul>\n<p><strong>2. Yem Kesme ve Do\u011frama<\/strong><\/p>\n<ul>\n<li>\u015eanz\u0131man, m\u0131s\u0131r, ot, yonca ve di\u011fer silajl\u0131k bitkiler de dahil olmak \u00fczere \u00e7e\u015fitli yem bitkilerini do\u011frayan makinelerin ayr\u0131lmaz bir par\u00e7as\u0131d\u0131r.<\/li>\n<li>Bu y\u00f6ntem, silaj\u0131n kalitesini ve tutarl\u0131l\u0131\u011f\u0131n\u0131 sa\u011flamak i\u00e7in gerekli olan hassas ve d\u00fczg\u00fcn kesimi m\u00fcmk\u00fcn k\u0131lar. Do\u011frama uzunlu\u011funun homojenli\u011fi, fermantasyon s\u00fcrecini ve silaj\u0131n genel besin de\u011ferini iyile\u015ftirir; bu da onu hem k\u00fc\u00e7\u00fck \u00f6l\u00e7ekli hem de b\u00fcy\u00fck \u00f6l\u00e7ekli yem \u00fcretimi i\u00e7in \u00f6nemli bir ara\u00e7 haline getirir.<\/li>\n<\/ul>\n<p><strong>3. \u00c7ok Diskli Yem Hasat Makineleri<\/strong><\/p>\n<ul>\n<li>FMP-QZ115, \u00f6zellikle iki kesme diskini ayn\u0131 anda \u00e7al\u0131\u015ft\u0131ran \u00e7ok diskli yem hasat sistemleri i\u00e7in uygundur. Bu, senkronize \u00e7al\u0131\u015fma sa\u011flayarak verimli ve homojen \u00fcr\u00fcn i\u015fleme olana\u011f\u0131 sunar.<\/li>\n<li>Di\u015fli kutusu, birden fazla diski e\u015f zamanl\u0131 olarak hareket ettirerek kesme hassasiyetini art\u0131r\u0131r ve t\u00fcm silaj makinesinin verimlili\u011fini y\u00fckseltir.<\/li>\n<\/ul>\n<p><strong>4. Silaj \u00dcretimi<\/strong><\/p>\n<ul>\n<li>Bu \u015fanz\u0131man, geleneksel samana g\u00f6re daha y\u00fcksek nem i\u00e7eri\u011fine sahip olan ve ot veya baklagillerin do\u011fran\u0131p depolanmas\u0131yla elde edilen silaj \u00fcretiminde de kullan\u0131labilir.<\/li>\n<li>FMP-QZ115, kesme mekanizmas\u0131n\u0131n verimlilikten veya kesme kalitesinden \u00f6d\u00fcn vermeden, genellikle silaj \u00fcretiminde kullan\u0131lan daha \u0131slak malzemeyi i\u015fleyebilmesini sa\u011flar.<\/li>\n<\/ul>\n<p><strong>5. Y\u00fcksek Torklu Tar\u0131msal Uygulamalar<\/strong><\/p>\n<ul>\n<li>Y\u00fcksek tork gereksinimlerini kar\u015f\u0131lamak \u00fczere tasarlanan FMP-QZ115 \u015fanz\u0131man, yo\u011fun, lifli mahsullerin veya kal\u0131n saplar\u0131n kesilmesi gibi a\u011f\u0131r tar\u0131m i\u015fleri i\u00e7in idealdir. Sa\u011flam yap\u0131s\u0131, olgun m\u0131s\u0131r saplar\u0131 veya odunsu yem bitkileri gibi zorlu malzemeleri i\u015fleyebilmesini ve performanstan \u00f6d\u00fcn vermeden y\u00fcksek tork sa\u011flayabilmesini garanti eder.<\/li>\n<li>Y\u00fcksek tork kapasitesi, s\u00fcrekli ve g\u00fcvenilir g\u00fcc\u00fcn \u015fart oldu\u011fu y\u00fcksek talep g\u00f6ren hasat ortamlar\u0131nda kullan\u0131m i\u00e7in uygun hale getirir.<\/li>\n<\/ul>\n<p>FMP-QZ115 \u00c7ift Diskli Silaj Makinesi \u015eanz\u0131man\u0131, silaj hasat makinelerinin verimlili\u011fini, g\u00fcvenilirli\u011fini ve hassasiyetini art\u0131rmak i\u00e7in vazge\u00e7ilmezdir. \u00c7e\u015fitli \u00fcr\u00fcnlere uyarlanabilirli\u011fi, y\u00fcksek tork uygulamalar\u0131n\u0131 kald\u0131rabilme yetene\u011fi ve \u00e7ok y\u00f6nl\u00fc tasar\u0131m\u0131, ister k\u00fc\u00e7\u00fck ister b\u00fcy\u00fck \u00f6l\u00e7ekli olsun, silaj \u00fcretimini optimize etmek isteyen tar\u0131m i\u015fletmeleri i\u00e7in de\u011ferli bir bile\u015fen haline getirir.<\/p>\n<p><img loading=\"lazy\" decoding=\"async\" class=\"alignnone size-full wp-image-3051\" src=\"https:\/\/fmp-components.com\/wp-content\/uploads\/2025\/01\/Double-Disc-Silage-Machine-Gearbox-EP-QZ115-Applications.webp\" alt=\"\u00c7ift Diskli Silaj Makinesi \u015eanz\u0131man\u0131 EP QZ115 Uygulamalar\u0131\" width=\"1024\" height=\"576\" title=\"\" srcset=\"https:\/\/fmp-components.com\/wp-content\/uploads\/2025\/01\/Double-Disc-Silage-Machine-Gearbox-EP-QZ115-Applications.webp 1024w, https:\/\/fmp-components.com\/wp-content\/uploads\/2025\/01\/Double-Disc-Silage-Machine-Gearbox-EP-QZ115-Applications-980x551.webp 980w, https:\/\/fmp-components.com\/wp-content\/uploads\/2025\/01\/Double-Disc-Silage-Machine-Gearbox-EP-QZ115-Applications-480x270.webp 480w\" sizes=\"(min-width: 0px) and (max-width: 480px) 480px, (min-width: 481px) and (max-width: 980px) 980px, (min-width: 981px) 1024px, 100vw\" \/><\/p>\n<h3>FMP Hakk\u0131nda<\/h3>\n<p>Merkezi \u0130talya'da bulunan FMP, \u00f6zellikle tar\u0131m makineleri sekt\u00f6r\u00fcne odaklanarak, y\u00fcksek performansl\u0131 di\u015fli kutular\u0131 tasarlama, geli\u015ftirme ve \u00fcretme konusundaki uzmanl\u0131\u011f\u0131yla tan\u0131nan \u00f6nde gelen bir \u00fcreticidir. Hassas m\u00fchendisli\u011fi, yenilik\u00e7i \u00e7\u00f6z\u00fcmleri ve sars\u0131lmaz g\u00fcvenilirli\u011fiyle tan\u0131nan FMP, hem tar\u0131m hem de sanayi sekt\u00f6rleri i\u00e7in g\u00fcvenilir bir ortak olarak kendini kan\u0131tlam\u0131\u015ft\u0131r. Kapsaml\u0131 \u00fcr\u00fcn portf\u00f6y\u00fcm\u00fcz, \u00e7im bi\u00e7me makineleri i\u00e7in \u00f6zel olarak tasarlanm\u0131\u015f di\u015fli kutular\u0131, kuyruk mili milleri ve \u00e7e\u015fitli uygulamalar\u0131n \u00e7e\u015fitli gereksinimlerini kar\u015f\u0131lamak \u00fczere tasarlanm\u0131\u015f \u00e7ok \u00e7e\u015fitli temel bile\u015fenleri i\u00e7erir.<\/p>\n<p>FMP olarak, her m\u00fc\u015fterinin kendine \u00f6zg\u00fc zorluklar ve ihtiya\u00e7larla kar\u015f\u0131 kar\u015f\u0131ya oldu\u011funun bilincindeyiz. Bu nedenle, ister bireysel bile\u015fenler ister tamamen entegre sistemler olsun, \u00f6zel \u00e7\u00f6z\u00fcmler sunma konusunda uzmanla\u015f\u0131yoruz. M\u00fc\u015fterilerimizle yak\u0131n i\u015f birli\u011fi i\u00e7inde \u00e7al\u0131\u015farak, her \u00e7\u00f6z\u00fcm\u00fcn yaln\u0131zca \u00f6zel ihtiya\u00e7lar\u0131n\u0131 kar\u015f\u0131lamakla kalmay\u0131p, ayn\u0131 zamanda performans\u0131 optimize ederek \u00f6nemli bir de\u011fer katmas\u0131n\u0131 sa\u011fl\u0131yoruz. H\u0131zl\u0131 ve profesyonel yan\u0131tlar ve uzman rehberli\u011fine olan ba\u011fl\u0131l\u0131\u011f\u0131m\u0131z, her talebin hassasiyetle ele al\u0131nmas\u0131n\u0131 ve her seferinde en iyi sonu\u00e7lar\u0131n elde edilmesini garanti eder.<\/p>\n<p>\u00dcr\u00fcn geli\u015ftirme s\u00fcrecinin tamam\u0131nda \u015feffaf ve s\u00fcrekli ileti\u015fime b\u00fcy\u00fck \u00f6nem veriyoruz. Deneyimli ekibimiz, m\u00fc\u015fterilerimizle do\u011frudan \u00e7al\u0131\u015farak ihtiya\u00e7lar\u0131n\u0131 derinlemesine anl\u0131yor ve en iyi sonu\u00e7lar\u0131 sa\u011flamak i\u00e7in derinlemesine \u00f6nerilerde bulunuyor. \u0130ster son teknoloji \u00fcr\u00fcnler geli\u015ftiriyor ister rutin sipari\u015fleri kar\u015f\u0131l\u0131yor olal\u0131m, FMP olarak teslim tarihlerine s\u00fcrekli uyan, y\u00fcksek kaliteli ve hassas m\u00fchendislik \u00e7\u00f6z\u00fcmleri sunmaya kendimizi adad\u0131k. Misyonumuz, her projede ola\u011fan\u00fcst\u00fc hizmet ve sonu\u00e7lar sunarak m\u00fc\u015fteri beklentilerini a\u015fmakt\u0131r.<\/p>\n<p>FMP'de kalite, yapt\u0131\u011f\u0131m\u0131z her \u015feyin temel ta\u015f\u0131d\u0131r. En y\u00fcksek \u00fcretim standartlar\u0131n\u0131 koruyor ve her \u00fcr\u00fcn\u00fcn sekt\u00f6r standartlar\u0131n\u0131 kar\u015f\u0131lamas\u0131n\u0131 ve hatta a\u015fmas\u0131n\u0131 sa\u011flamak i\u00e7in s\u0131k\u0131 kalite kontrol \u00f6nlemleri kullan\u0131yoruz. M\u00fckemmelli\u011fe olan bu ba\u011fl\u0131l\u0131\u011f\u0131m\u0131z, d\u00fcr\u00fcstl\u00fck, ekip \u00e7al\u0131\u015fmas\u0131 ve azim gibi temel de\u011ferlerimizle birle\u015ferek, d\u00fcnya \u00e7ap\u0131nda yakla\u015f\u0131k 30 \u00fclkedeki m\u00fc\u015fterilerimizle g\u00fc\u00e7l\u00fc ve g\u00fcvene dayal\u0131 ili\u015fkiler kurmam\u0131z\u0131 sa\u011flam\u0131\u015ft\u0131r.<\/p>\n<p>FMP, k\u00fcresel ortakl\u0131klar kurmaya her zaman isteklidir ve m\u00fc\u015fterilerimizin de\u011fi\u015fen ihtiya\u00e7lar\u0131n\u0131 kar\u015f\u0131layan uzman tavsiyeleri ve \u00f6zelle\u015ftirilmi\u015f \u00e7\u00f6z\u00fcmler sunmaya kendini adam\u0131\u015ft\u0131r. Sadece \u00fcr\u00fcn tedarik etmenin \u00f6tesine ge\u00e7erek, her projenin ba\u015far\u0131s\u0131na katk\u0131da bulunan uzun vadeli ortakl\u0131klar kurmay\u0131 hedefliyoruz. \u0130ster yeni bir giri\u015fim i\u00e7in yenilik\u00e7i \u00e7\u00f6z\u00fcmlere, ister mevcut bir sistem i\u00e7in s\u00fcrekli deste\u011fe ihtiyac\u0131n\u0131z olsun, FMP teknik zorluklar\u0131n\u0131z\u0131n \u00fcstesinden gelmenize ve ba\u015far\u0131n\u0131z\u0131n devam\u0131n\u0131 sa\u011flaman\u0131za yard\u0131mc\u0131 olmaya haz\u0131rd\u0131r.<\/p>\n<p><img loading=\"lazy\" decoding=\"async\" class=\"alignnone wp-image-2695\" src=\"https:\/\/fmp-components.com\/wp-content\/uploads\/2025\/01\/agricultural-gearbox3.webp\" alt=\"tar\u0131msal \u015fanz\u0131man\" width=\"953\" height=\"951\" title=\"\" srcset=\"https:\/\/fmp-components.com\/wp-content\/uploads\/2025\/01\/agricultural-gearbox3.webp 953w, https:\/\/fmp-components.com\/wp-content\/uploads\/2025\/01\/agricultural-gearbox3-480x479.webp 480w\" sizes=\"(min-width: 0px) and (max-width: 480px) 480px, (min-width: 481px) 953px, 100vw\" \/><\/p>\n<p>Yazar: CX<\/p>\n<p>&nbsp;<\/p>","protected":false},"excerpt":{"rendered":"<p>Double Disc Silage Machine Gearbox FMP-QZ115 Technical Data Double Disc Silage Machine Gearbox FMP-QZ115 Technical Data i Suitable Rpm input Rpm output Output torque Weight Toothing r\/min r\/min N.m kg Decelerate 1: 1 silage machines, etc 1000 1000 580 35 Gleason Helical Teeth Remark: If you have any special require feel free let me know, [&hellip;]<\/p>","protected":false},"featured_media":3050,"comment_status":"open","ping_status":"closed","template":"","meta":{"_et_pb_use_builder":"","_et_pb_old_content":"","_et_gb_content_width":""},"product_brand":[],"product_cat":[69],"product_tag":[],"class_list":{"0":"post-3047","1":"product","2":"type-product","3":"status-publish","4":"has-post-thumbnail","6":"product_cat-silage-machine-gearbox","8":"first","9":"instock","10":"shipping-taxable","11":"product-type-simple"},"_links":{"self":[{"href":"https:\/\/fmp-components.com\/tr\/wp-json\/wp\/v2\/product\/3047","targetHints":{"allow":["GET"]}}],"collection":[{"href":"https:\/\/fmp-components.com\/tr\/wp-json\/wp\/v2\/product"}],"about":[{"href":"https:\/\/fmp-components.com\/tr\/wp-json\/wp\/v2\/types\/product"}],"replies":[{"embeddable":true,"href":"https:\/\/fmp-components.com\/tr\/wp-json\/wp\/v2\/comments?post=3047"}],"wp:featuredmedia":[{"embeddable":true,"href":"https:\/\/fmp-components.com\/tr\/wp-json\/wp\/v2\/media\/3050"}],"wp:attachment":[{"href":"https:\/\/fmp-components.com\/tr\/wp-json\/wp\/v2\/media?parent=3047"}],"wp:term":[{"taxonomy":"product_brand","embeddable":true,"href":"https:\/\/fmp-components.com\/tr\/wp-json\/wp\/v2\/product_brand?post=3047"},{"taxonomy":"product_cat","embeddable":true,"href":"https:\/\/fmp-components.com\/tr\/wp-json\/wp\/v2\/product_cat?post=3047"},{"taxonomy":"product_tag","embeddable":true,"href":"https:\/\/fmp-components.com\/tr\/wp-json\/wp\/v2\/product_tag?post=3047"}],"curies":[{"name":"wp","href":"https:\/\/api.w.org\/{rel}","templated":true}]}}