{"id":3040,"date":"2025-01-04T06:52:23","date_gmt":"2025-01-04T06:52:23","guid":{"rendered":"https:\/\/fmp-components.com\/?page_id=8"},"modified":"2025-01-04T07:03:04","modified_gmt":"2025-01-04T07:03:04","slug":"silage-machine-gearbox-fmp-qz-qgxr-l-for-german-champion-four-disc-type-3500","status":"publish","type":"product","link":"https:\/\/fmp-components.com\/tr\/product\/silage-machine-gearbox-fmp-qz-qgxr-l-for-german-champion-four-disc-type-3500\/","title":{"rendered":"Alman \u015eampiyonu D\u00f6rt Disk (Tip 3500) i\u00e7in Silaj Makinesi \u015eanz\u0131man FMP-QZ-QGXR\/L"},"content":{"rendered":"<h2>Silaj Makinesi \u015eanz\u0131man FMP-QZ-QGXR\/L Boyutlar\u0131<\/h2>\n<p><img loading=\"lazy\" decoding=\"async\" class=\"alignnone size-full wp-image-3043\" src=\"https:\/\/fmp-components.com\/wp-content\/uploads\/2025\/01\/Silage-Machine-Gearbox-EP-QZ-QGXRL-Dimensions-1.webp\" alt=\"Silaj Makinesi \u015eanz\u0131man FMP QZ QGXRL Boyutlar 1\" width=\"1522\" height=\"663\" title=\"\" srcset=\"https:\/\/fmp-components.com\/wp-content\/uploads\/2025\/01\/Silage-Machine-Gearbox-EP-QZ-QGXRL-Dimensions-1.webp 1522w, https:\/\/fmp-components.com\/wp-content\/uploads\/2025\/01\/Silage-Machine-Gearbox-EP-QZ-QGXRL-Dimensions-1-1280x558.webp 1280w, https:\/\/fmp-components.com\/wp-content\/uploads\/2025\/01\/Silage-Machine-Gearbox-EP-QZ-QGXRL-Dimensions-1-980x427.webp 980w, https:\/\/fmp-components.com\/wp-content\/uploads\/2025\/01\/Silage-Machine-Gearbox-EP-QZ-QGXRL-Dimensions-1-480x209.webp 480w\" sizes=\"(min-width: 0px) and (max-width: 480px) 480px, (min-width: 481px) and (max-width: 980px) 980px, (min-width: 981px) and (max-width: 1280px) 1280px, (min-width: 1281px) 1522px, 100vw\" \/> <img loading=\"lazy\" decoding=\"async\" class=\"alignnone size-full wp-image-3044\" src=\"https:\/\/fmp-components.com\/wp-content\/uploads\/2025\/01\/Silage-Machine-Gearbox-EP-QZ-QGXRL-Dimensions-2.webp\" alt=\"Silaj Makinesi \u015eanz\u0131man FMP QZ QGXRL Boyutlar 2\" width=\"1420\" height=\"914\" title=\"\" srcset=\"https:\/\/fmp-components.com\/wp-content\/uploads\/2025\/01\/Silage-Machine-Gearbox-EP-QZ-QGXRL-Dimensions-2.webp 1420w, https:\/\/fmp-components.com\/wp-content\/uploads\/2025\/01\/Silage-Machine-Gearbox-EP-QZ-QGXRL-Dimensions-2-1280x824.webp 1280w, https:\/\/fmp-components.com\/wp-content\/uploads\/2025\/01\/Silage-Machine-Gearbox-EP-QZ-QGXRL-Dimensions-2-980x631.webp 980w, https:\/\/fmp-components.com\/wp-content\/uploads\/2025\/01\/Silage-Machine-Gearbox-EP-QZ-QGXRL-Dimensions-2-480x309.webp 480w\" sizes=\"(min-width: 0px) and (max-width: 480px) 480px, (min-width: 481px) and (max-width: 980px) 980px, (min-width: 981px) and (max-width: 1280px) 1280px, (min-width: 1281px) 1420px, 100vw\" \/><\/p>\n<h2>Silaj Makinesi \u015eanz\u0131man FMP-QZ-QGXR\/L Teknik Verileri<\/h2>\n<table style=\"width: 99.2126%;\" border=\"1\" cellspacing=\"0\" cellpadding=\"0\">\n<tbody>\n<tr>\n<td style=\"width: 13.0597%;\">\u0130sim<\/td>\n<td style=\"width: 19.2164%;\">Uygun<\/td>\n<td style=\"width: 25.5597%;\" colspan=\"2\">D\u00f6n\u00fc\u015f<\/td>\n<td style=\"width: 16.2313%;\">ba\u015fl\u0131k serisi<\/td>\n<td style=\"width: 128.172%;\">Di\u015f \u00e7\u0131karma<\/td>\n<\/tr>\n<tr>\n<td style=\"width: 13.0597%;\">kesme kutusu<\/td>\n<td style=\"width: 19.2164%;\">silaj makineleri<\/td>\n<td style=\"width: 9.14179%;\">sola d\u00f6n\u00fc\u015f<\/td>\n<td style=\"width: 16.4179%;\">dekstrorotasyon<\/td>\n<td style=\"width: 16.2313%;\">3 serisi<\/td>\n<td style=\"width: 128.172%;\">Gleason Helikal Di\u015fleri<\/td>\n<\/tr>\n<tr>\n<td style=\"width: 202.239%;\" colspan=\"6\">Not: Herhangi bir \u00f6zel iste\u011finiz varsa l\u00fctfen bana bildirin, \u00f6zel sipari\u015fleri de kabul ediyoruz.<\/td>\n<\/tr>\n<\/tbody>\n<\/table>\n<h2>Alman \u015eampiyonu D\u00f6rt Diskli (Tip 3500) Silaj Makinesi Ba\u015fl\u0131k \u015eanz\u0131man\u0131n\u0131n \u00c7al\u0131\u015fma Prensibi<\/h2>\n<p>German Champion D\u00f6rt Disk (Tip 3500) Silaj Makinesi Tahrik \u015eanz\u0131man\u0131n\u0131n \u00e7al\u0131\u015fma prensibi, trakt\u00f6r\u00fcn PTO (G\u00fc\u00e7 Aktarma Organ\u0131) \u015faft\u0131ndan gelen g\u00fcc\u00fcn silaj hasat makinesinin kesme ve i\u015fleme bile\u015fenlerine verimli bir \u015fekilde iletilmesine dayan\u0131r. Bu \u015fanz\u0131man, makinenin \u00e7al\u0131\u015fmas\u0131 i\u00e7in olmazsa olmazd\u0131r ve kesme disklerini \u00e7al\u0131\u015ft\u0131rmak i\u00e7in gerekli d\u00f6nme hareketini sa\u011flayarak silaj \u00fcretimi i\u00e7in yem bitkilerinin hassas bir \u015fekilde par\u00e7alanmas\u0131n\u0131 ve i\u015flenmesini sa\u011flar.<\/p>\n<p><strong>1. PTO'dan Ba\u015fl\u0131\u011fa G\u00fc\u00e7 Aktar\u0131m\u0131<\/strong><\/p>\n<ul>\n<li>Trakt\u00f6r\u00fcn PTO \u015faft\u0131 d\u00f6nme g\u00fcc\u00fc \u00fcretir. Silaj makinesi tablas\u0131 \u015fanz\u0131man\u0131, bu g\u00fcc\u00fc PTO'dan gelen bir kaplin arac\u0131l\u0131\u011f\u0131yla alacak \u015fekilde tasarlanm\u0131\u015ft\u0131r.<\/li>\n<li>\u015eanz\u0131man, trakt\u00f6r\u00fcn PTO milinden gelen d\u00f6nme g\u00fcc\u00fcn\u00fc kullan\u0131labilir mekanik g\u00fcce d\u00f6n\u00fc\u015ft\u00fcr\u00fcr ve bu g\u00fc\u00e7 daha sonra kesme disklerine ve tablan\u0131n di\u011fer bile\u015fenlerine iletilir.<\/li>\n<\/ul>\n<p><strong>2. Tork Artt\u0131r\u0131m\u0131 ve H\u0131z Azaltma<\/strong><\/p>\n<ul>\n<li>Tabla di\u015fli kutusunun temel i\u015flevlerinden biri h\u0131z d\u00fc\u015f\u00fcrme ve tork y\u00fckseltmedir. \u015eanz\u0131man, PTO'dan gelen y\u00fcksek h\u0131zl\u0131 d\u00f6n\u00fc\u015f\u00fc (trakt\u00f6r PTO \u00f6zelliklerine ba\u011fl\u0131 olarak genellikle 540 veya 1000 RPM civar\u0131nda), kesme disklerinin gerektirdi\u011fi daha d\u00fc\u015f\u00fck \u00e7al\u0131\u015fma h\u0131zlar\u0131na d\u00fc\u015f\u00fcr\u00fcr.<\/li>\n<li>Ayn\u0131 zamanda, \u015fanz\u0131man, kesme disklerini ve b\u0131\u00e7aklar\u0131 \u00e7al\u0131\u015ft\u0131rmak i\u00e7in gerekli olan torku art\u0131r\u0131r. Bu sayede, kesme bile\u015fenlerinin m\u0131s\u0131r, ot veya yonca gibi yo\u011fun ve lifli bitkileri kesmek i\u00e7in gerekli g\u00fcce sahip olmas\u0131 sa\u011flan\u0131r.<\/li>\n<\/ul>\n<p><strong>3. Kesme Disklerine G\u00fc\u00e7 Da\u011f\u0131t\u0131m\u0131<\/strong><\/p>\n<ul>\n<li>\u015eanz\u0131man, silaj makinas\u0131 tablas\u0131n\u0131n d\u00f6rt adet kesme diskine iletilen g\u00fcc\u00fc da\u011f\u0131t\u0131r.<\/li>\n<li>Her kesme diski, \u015fanz\u0131man taraf\u0131ndan ba\u011f\u0131ms\u0131z olarak \u00e7al\u0131\u015ft\u0131r\u0131l\u0131r ve bu sayede makine, b\u00fcy\u00fck hacimli malzemeleri keserken bile verimli ve d\u00fczg\u00fcn bir \u015fekilde \u00e7al\u0131\u015fabilir. G\u00fc\u00e7 da\u011f\u0131t\u0131m\u0131, \u015fanz\u0131man i\u00e7indeki bir dizi birbirine ba\u011fl\u0131 di\u015fli ve \u015faft arac\u0131l\u0131\u011f\u0131yla sa\u011flan\u0131r ve bu da her diske e\u015fit tork iletimi sa\u011flar.<\/li>\n<\/ul>\n<p><strong>4. Hassas Kesim i\u00e7in D\u00f6nme H\u0131z\u0131 Kontrol\u00fc<\/strong><\/p>\n<ul>\n<li>\u0130stenilen k\u0131yma uzunlu\u011funa ve silaj kalitesine ula\u015fmak i\u00e7in kesme disklerinin d\u00f6n\u00fc\u015f h\u0131z\u0131 \u00e7ok \u00f6nemlidir. Tabla di\u015fli kutusu, farkl\u0131 y\u00fck ko\u015fullar\u0131nda (farkl\u0131 \u00fcr\u00fcn t\u00fcrleri veya tarla ko\u015fullar\u0131 gibi) sabit d\u00f6n\u00fc\u015f h\u0131z\u0131n\u0131 koruyacak \u015fekilde tasarlanm\u0131\u015ft\u0131r.<\/li>\n<li>Red\u00fckt\u00f6r, kesme disklerinin h\u0131z\u0131n\u0131 hassas bir \u015fekilde kontrol ederek, silaj\u0131n d\u00fczg\u00fcn bir \u015fekilde fermantasyonu ve depolanmas\u0131 i\u00e7in kritik \u00f6neme sahip olan yemin e\u015fit \u015fekilde par\u00e7alanmas\u0131n\u0131 sa\u011flar.<\/li>\n<\/ul>\n<p><strong>5. Disklerin Senkronizasyonu<\/strong><\/p>\n<ul>\n<li>\u015eanz\u0131man, d\u00f6rt kesme diskinin \u00e7al\u0131\u015fmas\u0131n\u0131n senkronize edilmesinden de sorumludur. Bu, disklerin m\u00fckemmel bir uyum i\u00e7inde d\u00f6nmesini sa\u011flar ve bu da d\u00fczg\u00fcn kesme performans\u0131n\u0131n korunmas\u0131 i\u00e7in \u00f6nemlidir.<\/li>\n<li>Disklerin senkronize d\u00f6n\u00fc\u015f\u00fc, d\u00fczg\u00fcn bir kesim sa\u011flar ve kalitesiz silaj ve tutars\u0131z fermantasyona yol a\u00e7abilecek dengesiz yem i\u015flemeyi \u00f6nler.<\/li>\n<\/ul>\n<p>German Champion D\u00f6rt Disk (Tip 3500) i\u00e7in Silaj Makinesi Ba\u015fl\u0131k \u015eanz\u0131man\u0131, silaj hasat makinelerinin hassas h\u0131z kontrol\u00fc, g\u00fc\u00e7 aktar\u0131m\u0131 ve disk senkronizasyonu ile verimli bir \u015fekilde \u00e7al\u0131\u015fmas\u0131n\u0131 sa\u011flamada \u00f6nemli bir rol oynar. \u015eanz\u0131man, kesme i\u015flemini optimize ederek y\u00fcksek kaliteli silaj elde edilmesine yard\u0131mc\u0131 olur ve hayvan yemi i\u00e7in m\u00fcmk\u00fcn olan en iyi sonucu sa\u011flar.<\/p>\n<p><img loading=\"lazy\" decoding=\"async\" class=\"alignnone size-full wp-image-2972\" src=\"https:\/\/fmp-components.com\/wp-content\/uploads\/2025\/01\/Silage-Machine-Gearbox-for-German-Champion-Four-Disc-Type-3500-Working-Principle-scaled.webp\" alt=\"Alman \u015eampiyonu D\u00f6rt Diskli Tip 3500 Silaj Makinesi \u015eanz\u0131man\u0131n\u0131n \u00c7al\u0131\u015fma Prensibi\" width=\"2560\" height=\"1212\" title=\"\" srcset=\"https:\/\/fmp-components.com\/wp-content\/uploads\/2025\/01\/Silage-Machine-Gearbox-for-German-Champion-Four-Disc-Type-3500-Working-Principle-scaled.webp 2560w, https:\/\/fmp-components.com\/wp-content\/uploads\/2025\/01\/Silage-Machine-Gearbox-for-German-Champion-Four-Disc-Type-3500-Working-Principle-1280x606.webp 1280w, https:\/\/fmp-components.com\/wp-content\/uploads\/2025\/01\/Silage-Machine-Gearbox-for-German-Champion-Four-Disc-Type-3500-Working-Principle-980x464.webp 980w, https:\/\/fmp-components.com\/wp-content\/uploads\/2025\/01\/Silage-Machine-Gearbox-for-German-Champion-Four-Disc-Type-3500-Working-Principle-480x227.webp 480w\" sizes=\"(min-width: 0px) and (max-width: 480px) 480px, (min-width: 481px) and (max-width: 980px) 980px, (min-width: 981px) and (max-width: 1280px) 1280px, (min-width: 1281px) 2560px, 100vw\" \/><\/p>\n<h2>Alman \u015eampiyonu D\u00f6rt Disk (Tip 3500) i\u00e7in Silaj Makinesi \u015eanz\u0131man Kutusu FMP-QZ-QGXR\/L'nin Uygulamalar\u0131<\/h2>\n<p>German Champion D\u00f6rt Disk (Tip 3500) i\u00e7in FMP-QZ-QGXR\/L Silaj Makinesi \u015eanz\u0131man\u0131, y\u00fcksek performansl\u0131 silaj hasat ekipmanlar\u0131 i\u00e7in tasarlanm\u0131\u015f \u00f6zel bir \u015fanz\u0131mand\u0131r. Bu \u015fanz\u0131man, modern yem i\u015flemenin zorlu gereksinimlerini kar\u015f\u0131lamak \u00fczere \u00f6zel olarak tasarlanm\u0131\u015ft\u0131r ve silaj makinelerinin \u00e7e\u015fitli tar\u0131msal ko\u015fullarda verimli ve g\u00fcvenilir bir \u015fekilde \u00e7al\u0131\u015fmas\u0131n\u0131 sa\u011flar. Bu \u015fanz\u0131man\u0131n temel uygulamalar\u0131 a\u015fa\u011f\u0131dad\u0131r:<\/p>\n<p>1. Silaj Hasad\u0131<\/p>\n<ul>\n<li>FMP-QZ-QGXR\/L \u015fanz\u0131man\u0131n temel uygulama alan\u0131 silaj hasad\u0131d\u0131r. Trakt\u00f6r\u00fcn PTO'sundan gelen g\u00fcc\u00fc, m\u0131s\u0131r, ot, yonca ve baklagiller gibi yem bitkilerini ince i\u015flenmi\u015f ve silaj olarak depolanacak malzemeye d\u00f6n\u00fc\u015ft\u00fcrmekten sorumlu olan silaj makinesinin kesme disklerine verimli bir \u015fekilde aktar\u0131r.<\/li>\n<li>\u00c7ok Y\u00f6nl\u00fc Mahsul T\u00fcrleri: Y\u00fcksek nemli mahsuller (m\u0131s\u0131r gibi) ve daha kuru mahsuller (otlar ve yonca gibi) dahil olmak \u00fczere \u00e7ok \u00e7e\u015fitli mahsulleri i\u015fleyebilir, bu da onu \u00e7e\u015fitli tar\u0131m ortamlar\u0131 i\u00e7in uygun hale getirir.<\/li>\n<\/ul>\n<p>2. Yem Do\u011frama ve Kesme<\/p>\n<ul>\n<li>\u015eanz\u0131man, silaj tablas\u0131ndaki kesme disklerini \u00e7al\u0131\u015ft\u0131rarak makinenin yem malzemesini tek tip par\u00e7alara ay\u0131rmas\u0131n\u0131 sa\u011flar. \u015eanz\u0131man\u0131n hassasiyeti, uygun fermantasyon ve optimum silaj kalitesi i\u00e7in hayati \u00f6nem ta\u015f\u0131yan tutarl\u0131 kesme uzunluklar\u0131 sa\u011flar.<\/li>\n<li>Kesim Hassasiyeti: Kesme disklerinin h\u0131z\u0131n\u0131 ve torkunu kontrol eden \u015fanz\u0131man, silaj\u0131n besin de\u011ferinin korunmas\u0131 ve depolama potansiyelinin optimize edilmesi i\u00e7in \u00f6nemli olan y\u00fcksek kaliteli kesimi sa\u011flar.<\/li>\n<\/ul>\n<p>3. Silaj \u00dcretimi<\/p>\n<ul>\n<li>\u015eanz\u0131man ayr\u0131ca, geleneksel samanlara g\u00f6re daha y\u00fcksek nem oran\u0131nda par\u00e7alan\u0131p depolanan ot veya baklagillerden yap\u0131lan bir silaj t\u00fcr\u00fc olan haylaj \u00fcretiminde de kullan\u0131labiliyor.<\/li>\n<li>Nem Tutma: \u015eanz\u0131man, makinenin g\u00fc\u00e7 kayb\u0131 olmadan daha \u0131slak yemi i\u015fleyebilmesini sa\u011flar ve bu da nem i\u00e7eri\u011finin korunmas\u0131n\u0131n \u00f6nemli oldu\u011fu silaj \u00fcretimi i\u00e7in idealdir.<\/li>\n<\/ul>\n<p>4. Y\u00fcksek Torklu Uygulamalar<\/p>\n<ul>\n<li>FMP-QZ-QGXR\/L di\u015fli kutusu, y\u00fcksek torklu uygulamalar\u0131 kar\u015f\u0131layacak \u015fekilde tasarlanm\u0131\u015ft\u0131r ve bu sayede m\u0131s\u0131r sap\u0131 veya olgun ot gibi yo\u011fun, lifli mahsulleri do\u011framak gibi etkili bir \u015fekilde i\u015flemek i\u00e7in \u00f6nemli miktarda g\u00fc\u00e7 gerektiren zorlu g\u00f6revler i\u00e7in uygundur.<\/li>\n<li>A\u011f\u0131r Hizmet Operasyonlar\u0131: \u015eanz\u0131man, bu operasyonlar s\u0131ras\u0131nda olu\u015fan y\u00fcksek kuvvetlere ve torka dayanacak \u015fekilde tasarlanm\u0131\u015ft\u0131r ve kesme disklerinin zorlu ko\u015fullar alt\u0131nda tutarl\u0131 performans\u0131n\u0131 s\u00fcrd\u00fcrmesini sa\u011flar.<\/li>\n<\/ul>\n<p>5. A\u011f\u0131r Hizmet Tipi Tar\u0131m Makinalar\u0131<\/p>\n<ul>\n<li>\u015eanz\u0131man, tek seferde b\u00fcy\u00fck miktarlarda yem i\u015fleyebilen a\u011f\u0131r hizmet tipi silaj makinelerinde kullan\u0131lmak \u00fczere tasarlanm\u0131\u015ft\u0131r. Bu sayede, y\u00fcksek verim ve g\u00fcvenilirli\u011fin kritik \u00f6nem ta\u015f\u0131d\u0131\u011f\u0131 ticari tar\u0131m i\u015fletmeleri i\u00e7in ideal bir \u00e7\u00f6z\u00fcmd\u00fcr.<\/li>\n<li>Verimli G\u00fc\u00e7 Aktar\u0131m\u0131: Kesme mekanizmas\u0131na g\u00fcvenilir ve verimli g\u00fc\u00e7 aktar\u0131m\u0131 sa\u011flayan \u015fanz\u0131man, b\u00fcy\u00fck \u00f6l\u00e7ekli silaj \u00fcretimi i\u00e7in gereken zaman ve i\u015f\u00e7ili\u011fi azaltarak y\u00fcksek verimli hasada katk\u0131da bulunur.<\/li>\n<\/ul>\n<p>German Champion D\u00f6rt Disk (Tip 3500) i\u00e7in FMP-QZ-QGXR\/L silaj makinesi \u015fanz\u0131man\u0131, verimli, g\u00fcvenilir ve y\u00fcksek kaliteli silaj hasad\u0131 elde etmek i\u00e7in olmazsa olmaz bir bile\u015fendir. Y\u00fcksek tork, h\u0131z d\u00fc\u015f\u00fcrme ve \u00e7ok diskli sistemleri idare edebilme \u00f6zelli\u011fiyle, b\u00fcy\u00fck \u00f6l\u00e7ekli tar\u0131msal i\u015fletmeler ve \u00e7e\u015fitli \u00fcr\u00fcn t\u00fcrleri i\u00e7in idealdir. \u015eanz\u0131man\u0131n sa\u011flam tasar\u0131m\u0131 ve \u00f6zelle\u015ftirilebilir \u00f6zellikleri, modern yem hasat makinelerinin \u00f6zel ihtiya\u00e7lar\u0131n\u0131 kar\u015f\u0131layarak verimlili\u011fin ve silaj kalitesinin artmas\u0131na katk\u0131da bulunur.<\/p>\n<table style=\"border-collapse: collapse; width: 100.171%; height: 13px;\" border=\"0\" width=\"128\" cellspacing=\"0\" cellpadding=\"0\">\n<tbody>\n<tr style=\"height: 13.8pt;\">\n<td style=\"height: 13px; width: 51.8993%;\" align=\"right\" width=\"64\" height=\"18\"><img loading=\"lazy\" decoding=\"async\" class=\"alignnone size-full wp-image-2971\" src=\"https:\/\/fmp-components.com\/wp-content\/uploads\/2025\/01\/Silage-Machine-Gearbox-EP-QZ-WRXL-for-German-Champion-Four-Disc-Type-3500.webp\" alt=\"Silaj Makinesi \u015eanz\u0131man EP QZ WRXL Alman \u015eampiyonu D\u00f6rt Diskli Tip 3500 i\u00e7in\" width=\"1024\" height=\"607\" title=\"\" srcset=\"https:\/\/fmp-components.com\/wp-content\/uploads\/2025\/01\/Silage-Machine-Gearbox-EP-QZ-WRXL-for-German-Champion-Four-Disc-Type-3500.webp 1024w, https:\/\/fmp-components.com\/wp-content\/uploads\/2025\/01\/Silage-Machine-Gearbox-EP-QZ-WRXL-for-German-Champion-Four-Disc-Type-3500-980x581.webp 980w, https:\/\/fmp-components.com\/wp-content\/uploads\/2025\/01\/Silage-Machine-Gearbox-EP-QZ-WRXL-for-German-Champion-Four-Disc-Type-3500-480x285.webp 480w\" sizes=\"(min-width: 0px) and (max-width: 480px) 480px, (min-width: 481px) and (max-width: 980px) 980px, (min-width: 981px) 1024px, 100vw\" \/><\/td>\n<td style=\"width: 761.412%; height: 13px;\" align=\"right\" width=\"64\"><img loading=\"lazy\" decoding=\"async\" class=\"alignnone size-full wp-image-3042\" src=\"https:\/\/fmp-components.com\/wp-content\/uploads\/2025\/01\/Silage-Machine-Gearbox-EP-QZ-QGXRL-for-German-Champion-Four-Disc-Type-3500-Applications-2-1024x641-1.webp\" alt=\"Silaj Makinesi \u015eanz\u0131man Kutusu EP QZ QGXRL Alman \u015eampiyonu D\u00f6rt Diskli Tip 3500 Uygulamalar\u0131 2 1024x641\" width=\"1024\" height=\"641\" title=\"\" srcset=\"https:\/\/fmp-components.com\/wp-content\/uploads\/2025\/01\/Silage-Machine-Gearbox-EP-QZ-QGXRL-for-German-Champion-Four-Disc-Type-3500-Applications-2-1024x641-1.webp 1024w, https:\/\/fmp-components.com\/wp-content\/uploads\/2025\/01\/Silage-Machine-Gearbox-EP-QZ-QGXRL-for-German-Champion-Four-Disc-Type-3500-Applications-2-1024x641-1-980x613.webp 980w, https:\/\/fmp-components.com\/wp-content\/uploads\/2025\/01\/Silage-Machine-Gearbox-EP-QZ-QGXRL-for-German-Champion-Four-Disc-Type-3500-Applications-2-1024x641-1-480x300.webp 480w\" sizes=\"(min-width: 0px) and (max-width: 480px) 480px, (min-width: 481px) and (max-width: 980px) 980px, (min-width: 981px) 1024px, 100vw\" \/><\/td>\n<\/tr>\n<\/tbody>\n<\/table>\n<h3>FMP Hakk\u0131nda<\/h3>\n<p>Merkezi \u0130talya'da bulunan FMP, \u00f6zellikle tar\u0131m makineleri sekt\u00f6r\u00fcne odaklanarak, y\u00fcksek performansl\u0131 di\u015fli kutular\u0131 tasarlama, geli\u015ftirme ve \u00fcretme konusundaki uzmanl\u0131\u011f\u0131yla tan\u0131nan \u00f6nde gelen bir \u00fcreticidir. Hassas m\u00fchendisli\u011fi, yenilik\u00e7i \u00e7\u00f6z\u00fcmleri ve sars\u0131lmaz g\u00fcvenilirli\u011fiyle tan\u0131nan FMP, hem tar\u0131m hem de sanayi sekt\u00f6rleri i\u00e7in g\u00fcvenilir bir ortak olarak kendini kan\u0131tlam\u0131\u015ft\u0131r. Kapsaml\u0131 \u00fcr\u00fcn portf\u00f6y\u00fcm\u00fcz, \u00e7im bi\u00e7me makineleri i\u00e7in \u00f6zel olarak tasarlanm\u0131\u015f di\u015fli kutular\u0131, kuyruk mili milleri ve \u00e7e\u015fitli uygulamalar\u0131n \u00e7e\u015fitli gereksinimlerini kar\u015f\u0131lamak \u00fczere tasarlanm\u0131\u015f \u00e7ok \u00e7e\u015fitli temel bile\u015fenleri i\u00e7erir.<\/p>\n<p>FMP olarak, her m\u00fc\u015fterinin kendine \u00f6zg\u00fc zorluklar ve ihtiya\u00e7larla kar\u015f\u0131 kar\u015f\u0131ya oldu\u011funun bilincindeyiz. Bu nedenle, ister bireysel bile\u015fenler ister tamamen entegre sistemler olsun, \u00f6zel \u00e7\u00f6z\u00fcmler sunma konusunda uzmanla\u015f\u0131yoruz. M\u00fc\u015fterilerimizle yak\u0131n i\u015f birli\u011fi i\u00e7inde \u00e7al\u0131\u015farak, her \u00e7\u00f6z\u00fcm\u00fcn yaln\u0131zca \u00f6zel ihtiya\u00e7lar\u0131n\u0131 kar\u015f\u0131lamakla kalmay\u0131p, ayn\u0131 zamanda performans\u0131 optimize ederek \u00f6nemli bir de\u011fer katmas\u0131n\u0131 sa\u011fl\u0131yoruz. H\u0131zl\u0131 ve profesyonel yan\u0131tlar ve uzman rehberli\u011fine olan ba\u011fl\u0131l\u0131\u011f\u0131m\u0131z, her talebin hassasiyetle ele al\u0131nmas\u0131n\u0131 ve her seferinde en iyi sonu\u00e7lar\u0131n elde edilmesini garanti eder.<\/p>\n<p>\u00dcr\u00fcn geli\u015ftirme s\u00fcrecinin tamam\u0131nda \u015feffaf ve s\u00fcrekli ileti\u015fime b\u00fcy\u00fck \u00f6nem veriyoruz. Deneyimli ekibimiz, m\u00fc\u015fterilerimizle do\u011frudan \u00e7al\u0131\u015farak ihtiya\u00e7lar\u0131n\u0131 derinlemesine anl\u0131yor ve en iyi sonu\u00e7lar\u0131 sa\u011flamak i\u00e7in derinlemesine \u00f6nerilerde bulunuyor. \u0130ster son teknoloji \u00fcr\u00fcnler geli\u015ftiriyor ister rutin sipari\u015fleri kar\u015f\u0131l\u0131yor olal\u0131m, FMP olarak teslim tarihlerine s\u00fcrekli uyan, y\u00fcksek kaliteli ve hassas m\u00fchendislik \u00e7\u00f6z\u00fcmleri sunmaya kendimizi adad\u0131k. Misyonumuz, her projede ola\u011fan\u00fcst\u00fc hizmet ve sonu\u00e7lar sunarak m\u00fc\u015fteri beklentilerini a\u015fmakt\u0131r.<\/p>\n<p>FMP'de kalite, yapt\u0131\u011f\u0131m\u0131z her \u015feyin temel ta\u015f\u0131d\u0131r. En y\u00fcksek \u00fcretim standartlar\u0131n\u0131 koruyor ve her \u00fcr\u00fcn\u00fcn sekt\u00f6r standartlar\u0131n\u0131 kar\u015f\u0131lamas\u0131n\u0131 ve hatta a\u015fmas\u0131n\u0131 sa\u011flamak i\u00e7in s\u0131k\u0131 kalite kontrol \u00f6nlemleri kullan\u0131yoruz. M\u00fckemmelli\u011fe olan bu ba\u011fl\u0131l\u0131\u011f\u0131m\u0131z, d\u00fcr\u00fcstl\u00fck, ekip \u00e7al\u0131\u015fmas\u0131 ve azim gibi temel de\u011ferlerimizle birle\u015ferek, d\u00fcnya \u00e7ap\u0131nda yakla\u015f\u0131k 30 \u00fclkedeki m\u00fc\u015fterilerimizle g\u00fc\u00e7l\u00fc ve g\u00fcvene dayal\u0131 ili\u015fkiler kurmam\u0131z\u0131 sa\u011flam\u0131\u015ft\u0131r.<\/p>\n<p>FMP, k\u00fcresel ortakl\u0131klar kurmaya her zaman isteklidir ve m\u00fc\u015fterilerimizin de\u011fi\u015fen ihtiya\u00e7lar\u0131n\u0131 kar\u015f\u0131layan uzman tavsiyeleri ve \u00f6zelle\u015ftirilmi\u015f \u00e7\u00f6z\u00fcmler sunmaya kendini adam\u0131\u015ft\u0131r. Sadece \u00fcr\u00fcn tedarik etmenin \u00f6tesine ge\u00e7erek, her projenin ba\u015far\u0131s\u0131na katk\u0131da bulunan uzun vadeli ortakl\u0131klar kurmay\u0131 hedefliyoruz. \u0130ster yeni bir giri\u015fim i\u00e7in yenilik\u00e7i \u00e7\u00f6z\u00fcmlere, ister mevcut bir sistem i\u00e7in s\u00fcrekli deste\u011fe ihtiyac\u0131n\u0131z olsun, FMP teknik zorluklar\u0131n\u0131z\u0131n \u00fcstesinden gelmenize ve ba\u015far\u0131n\u0131z\u0131n devam\u0131n\u0131 sa\u011flaman\u0131za yard\u0131mc\u0131 olmaya haz\u0131rd\u0131r.<\/p>\n<p><img loading=\"lazy\" decoding=\"async\" class=\"alignnone wp-image-2695\" src=\"https:\/\/fmp-components.com\/wp-content\/uploads\/2025\/01\/agricultural-gearbox3.webp\" alt=\"tar\u0131msal \u015fanz\u0131man\" width=\"953\" height=\"951\" title=\"\" srcset=\"https:\/\/fmp-components.com\/wp-content\/uploads\/2025\/01\/agricultural-gearbox3.webp 953w, https:\/\/fmp-components.com\/wp-content\/uploads\/2025\/01\/agricultural-gearbox3-480x479.webp 480w\" sizes=\"(min-width: 0px) and (max-width: 480px) 480px, (min-width: 481px) 953px, 100vw\" \/><\/p>\n<p>Yazar: CX<\/p>","protected":false},"excerpt":{"rendered":"<p>Silage Machine Gearbox FMP-QZ-QGXR\/L Dimensions Silage Machine Gearbox FMP-QZ-QGXR\/L Technical Data Name Suitable Turn header series Toothing cutting box silage machines left turn dextrorotation 3 series Gleason Helical Teeth Remark: If you have any special require feel free let me know, we also accept custom. Working Principle of Silage Machine Header Gearbox for German Champion [&hellip;]<\/p>","protected":false},"featured_media":3041,"comment_status":"open","ping_status":"closed","template":"","meta":{"_et_pb_use_builder":"","_et_pb_old_content":"","_et_gb_content_width":""},"product_brand":[],"product_cat":[69],"product_tag":[],"class_list":{"0":"post-3040","1":"product","2":"type-product","3":"status-publish","4":"has-post-thumbnail","6":"product_cat-silage-machine-gearbox","8":"first","9":"instock","10":"shipping-taxable","11":"product-type-simple"},"_links":{"self":[{"href":"https:\/\/fmp-components.com\/tr\/wp-json\/wp\/v2\/product\/3040","targetHints":{"allow":["GET"]}}],"collection":[{"href":"https:\/\/fmp-components.com\/tr\/wp-json\/wp\/v2\/product"}],"about":[{"href":"https:\/\/fmp-components.com\/tr\/wp-json\/wp\/v2\/types\/product"}],"replies":[{"embeddable":true,"href":"https:\/\/fmp-components.com\/tr\/wp-json\/wp\/v2\/comments?post=3040"}],"wp:featuredmedia":[{"embeddable":true,"href":"https:\/\/fmp-components.com\/tr\/wp-json\/wp\/v2\/media\/3041"}],"wp:attachment":[{"href":"https:\/\/fmp-components.com\/tr\/wp-json\/wp\/v2\/media?parent=3040"}],"wp:term":[{"taxonomy":"product_brand","embeddable":true,"href":"https:\/\/fmp-components.com\/tr\/wp-json\/wp\/v2\/product_brand?post=3040"},{"taxonomy":"product_cat","embeddable":true,"href":"https:\/\/fmp-components.com\/tr\/wp-json\/wp\/v2\/product_cat?post=3040"},{"taxonomy":"product_tag","embeddable":true,"href":"https:\/\/fmp-components.com\/tr\/wp-json\/wp\/v2\/product_tag?post=3040"}],"curies":[{"name":"wp","href":"https:\/\/api.w.org\/{rel}","templated":true}]}}