{"id":304,"date":"2024-12-09T06:10:04","date_gmt":"2024-12-09T06:10:04","guid":{"rendered":"https:\/\/fmp-components.com\/?page_id=8"},"modified":"2024-12-09T06:44:10","modified_gmt":"2024-12-09T06:44:10","slug":"forklift-lifting-hydraulic-cylinder","status":"publish","type":"product","link":"https:\/\/fmp-components.com\/tr\/product\/forklift-lifting-hydraulic-cylinder\/","title":{"rendered":"Forklift Kald\u0131rma Hidrolik Silindiri"},"content":{"rendered":"<p style=\"text-align: center;\"><span style=\"font-size: 24pt;\">Forklift Kald\u0131rma Hidrolik Silindiri<\/span><\/p>\n<h2><img loading=\"lazy\" decoding=\"async\" class=\"alignnone wp-image-311\" src=\"https:\/\/fmp-components.com\/wp-content\/uploads\/2024\/12\/Forklift-Lifting-Hydraulic-Cylinder-2.webp\" alt=\"Forklift-Kald\u0131rma-Hidrolik-Silindir\" width=\"931\" height=\"931\" title=\"\" srcset=\"https:\/\/fmp-components.com\/wp-content\/uploads\/2024\/12\/Forklift-Lifting-Hydraulic-Cylinder-2.webp 931w, https:\/\/fmp-components.com\/wp-content\/uploads\/2024\/12\/Forklift-Lifting-Hydraulic-Cylinder-2-480x480.webp 480w\" sizes=\"(min-width: 0px) and (max-width: 480px) 480px, (min-width: 481px) 931px, 100vw\" \/><\/h2>\n<h2><strong>Forklift Kald\u0131rma Hidrolik Silindir \u00d6l\u00e7\u00fcleri:<\/strong><\/h2>\n<p><img loading=\"lazy\" decoding=\"async\" class=\"alignnone size-full wp-image-306\" src=\"https:\/\/fmp-components.com\/wp-content\/uploads\/2024\/12\/Forklift-Lifting-Hydraulic-Cylinder-Dimensions.webp\" alt=\"Forklift-Kald\u0131rma-Hidrolik-Silindir-Boyutlar\u0131\" width=\"1024\" height=\"403\" title=\"\" srcset=\"https:\/\/fmp-components.com\/wp-content\/uploads\/2024\/12\/Forklift-Lifting-Hydraulic-Cylinder-Dimensions.webp 1024w, https:\/\/fmp-components.com\/wp-content\/uploads\/2024\/12\/Forklift-Lifting-Hydraulic-Cylinder-Dimensions-980x386.webp 980w, https:\/\/fmp-components.com\/wp-content\/uploads\/2024\/12\/Forklift-Lifting-Hydraulic-Cylinder-Dimensions-480x189.webp 480w\" sizes=\"(min-width: 0px) and (max-width: 480px) 480px, (min-width: 481px) and (max-width: 980px) 980px, (min-width: 981px) 1024px, 100vw\" \/><\/p>\n<table border=\"1\" cellspacing=\"0\" cellpadding=\"0\">\n<tbody>\n<tr>\n<td width=\"246\">Silindir Ad\u0131<\/td>\n<td width=\"336\">\u00e7izim numaras\u0131<\/td>\n<td width=\"126\">delik \u00e7ap\u0131 (D)<\/td>\n<td width=\"123\">\u00e7ubuk \u00e7ap\u0131 (d)<\/td>\n<td width=\"114\">vuru\u015f (S)<\/td>\n<td width=\"170\">Kurulum mesafesi (L)<\/td>\n<td width=\"172\">\u00e7al\u0131\u015fma bas\u0131nc\u0131<\/td>\n<td width=\"366\">Aray\u00fcz boyutlar\u0131 (M)<\/td>\n<td width=\"96\">a\u011f\u0131rl\u0131k<\/td>\n<\/tr>\n<tr>\n<td class=\"et3\" width=\"246\" height=\"153\">Kald\u0131rma silindiri<\/td>\n<td class=\"et4\" width=\"336\">N30M300-5\/400000-000<\/td>\n<td class=\"et4\" width=\"126\">\u03a656<\/td>\n<td class=\"et4\" width=\"123\">\u03a645<\/td>\n<td class=\"et4\" width=\"114\">1500<\/td>\n<td class=\"et4\" width=\"170\">1658<\/td>\n<td class=\"et4\" width=\"172\">18,1 MPa<\/td>\n<td class=\"et4\" width=\"366\">G1\/2<\/td>\n<td class=\"et4\" width=\"96\">32,6 kg<\/td>\n<\/tr>\n<tr>\n<td class=\"et3\" width=\"246\" height=\"153\">Kald\u0131rma silindiri<\/td>\n<td class=\"et4\">A2A30M300-400000-000<\/td>\n<td class=\"et4\">\u03a656<\/td>\n<td class=\"et4\">\u03a645<\/td>\n<td class=\"et4\">1500<\/td>\n<td class=\"et4\">1658<\/td>\n<td class=\"et4\">18,1 MPa<\/td>\n<td class=\"et4\">M22*1,5<\/td>\n<td class=\"et4\">36 kilo<\/td>\n<\/tr>\n<tr>\n<td class=\"et3\" width=\"246\" height=\"153\">Kald\u0131rma silindiri<\/td>\n<td class=\"et4\">3.5N4.5H-400000-003<\/td>\n<td class=\"et4\">\u03a660<\/td>\n<td class=\"et4\">\u03a645<\/td>\n<td class=\"et4\">1505<\/td>\n<td class=\"et4\">1780<\/td>\n<td class=\"et4\">17,5 MPa<\/td>\n<td class=\"et4\">M22*1,5<\/td>\n<td class=\"et4\">41 kilo<\/td>\n<\/tr>\n<tr>\n<td class=\"et3\" width=\"246\" height=\"153\">Kald\u0131rma silindiri<\/td>\n<td class=\"et4\">N35M300-5\/400000-001A<\/td>\n<td class=\"et4\">\u03a660<\/td>\n<td class=\"et4\">\u03a645<\/td>\n<td class=\"et4\">1500<\/td>\n<td class=\"et4\">1808<\/td>\n<td class=\"et4\">18,1 MPa<\/td>\n<td class=\"et4\">G1\/2<\/td>\n<td class=\"et4\">46 kilo<\/td>\n<\/tr>\n<tr>\n<td class=\"et3\" width=\"246\" height=\"153\">Kald\u0131rma silindiri<\/td>\n<td class=\"et4\">A2A35M300-400000-000<\/td>\n<td class=\"et4\">\u03a660<\/td>\n<td class=\"et4\">\u03a645<\/td>\n<td class=\"et4\">1500<\/td>\n<td class=\"et4\">1808<\/td>\n<td class=\"et4\">18,1 MPa<\/td>\n<td class=\"et4\">M22*1,5<\/td>\n<td class=\"et4\">50 kilo<\/td>\n<\/tr>\n<\/tbody>\n<\/table>\n<h3>Forklift Kald\u0131rma Hidrolik Silindirinin \u00d6zellikleri<\/h3>\n<p><strong>Y\u00fcksek Kald\u0131rma Kapasitesi<\/strong><br \/>\nForklift kald\u0131rma hidrolik silindiri, a\u011f\u0131r y\u00fckleri kald\u0131rmak i\u00e7in gerekli kuvveti sa\u011flayarak tasarlanm\u0131\u015ft\u0131r. Sa\u011flam yap\u0131s\u0131 ve y\u00fcksek bas\u0131n\u00e7l\u0131 hidrolik sistemiyle, y\u00fcklerin, paletlerin ve ekipmanlar\u0131n sorunsuz ve verimli bir \u015fekilde kald\u0131r\u0131lmas\u0131n\u0131 sa\u011flar. Silindirin mukavemeti, b\u00fcy\u00fck ve hacimli \u00fcr\u00fcnlerin g\u00fcvenli ve verimli bir \u015fekilde ta\u015f\u0131nmas\u0131 i\u00e7in kald\u0131rma kapasitesinin hayati \u00f6nem ta\u015f\u0131d\u0131\u011f\u0131 depolarda, da\u011f\u0131t\u0131m merkezlerinde ve \u00fcretim tesislerinde \u00e7al\u0131\u015fan forkliftler i\u00e7in hayati \u00f6nem ta\u015f\u0131r.<\/p>\n<p><strong>Dayan\u0131kl\u0131l\u0131k ve G\u00fcvenilirlik<\/strong><br \/>\nForklift kald\u0131rma hidrolik silindirleri, a\u011f\u0131r hizmet d\u00f6ng\u00fcleri ve a\u015f\u0131r\u0131 \u00e7evresel fakt\u00f6rler de dahil olmak \u00fczere zorlu \u00e7al\u0131\u015fma ko\u015fullar\u0131na dayanacak \u015fekilde \u00fcretilmi\u015ftir. Y\u00fcksek kaliteli malzemelerden \u00fcretilen silindirler, a\u015f\u0131nmaya, korozyona ve s\u0131k kullan\u0131mdan kaynaklanan hasara kar\u015f\u0131 dayan\u0131kl\u0131d\u0131r. Silindirin g\u00fcvenilir performans\u0131, forkliftin minimum kesinti s\u00fcresiyle \u00e7al\u0131\u015fmas\u0131n\u0131 sa\u011flar ve bu da h\u0131zl\u0131 tempolu ortamlarda \u00fcretkenli\u011fi korumak i\u00e7in \u00e7ok \u00f6nemlidir. Rutin bak\u0131m ve muayene, bu silindirlerin optimum performans g\u00f6stermeye devam etmesini sa\u011flayarak ekipman\u0131n \u00f6mr\u00fcn\u00fc uzat\u0131r.<\/p>\n<p><strong>P\u00fcr\u00fczs\u00fcz ve Hassas \u00c7al\u0131\u015fma<\/strong><br \/>\nForklift kald\u0131rma hidrolik silindiri, sorunsuz ve hassas kald\u0131rma ve indirme i\u015flemleri sa\u011flar. Hidrolik sistem, kontroll\u00fc ve kademeli hareket sa\u011flayarak, y\u00fcke zarar verebilecek veya g\u00fcvenli\u011fi tehlikeye atabilecek ani hareketler veya ani kayma riskini azalt\u0131r. Bu hassas kontrol, operat\u00f6rlerin dar veya y\u00fcksek riskli durumlarda bile y\u00fckleri do\u011fru bir \u015fekilde kald\u0131r\u0131p konumland\u0131rabilmeleri sayesinde g\u00fcven ve verimlili\u011fini art\u0131r\u0131r. Sonu\u00e7 olarak, genel forklift performans\u0131n\u0131 art\u0131ran daha g\u00fcvenli ve daha etkili bir kald\u0131rma i\u015flemi elde edilir.<\/p>\n<h3><img loading=\"lazy\" decoding=\"async\" class=\"alignnone size-full wp-image-310\" src=\"https:\/\/fmp-components.com\/wp-content\/uploads\/2024\/12\/Forklift-Lifting-Hydraulic-Cylinder-1.webp\" alt=\"Forklift-Kald\u0131rma-Hidrolik-Silindir\" width=\"1280\" height=\"720\" title=\"\" srcset=\"https:\/\/fmp-components.com\/wp-content\/uploads\/2024\/12\/Forklift-Lifting-Hydraulic-Cylinder-1.webp 1280w, https:\/\/fmp-components.com\/wp-content\/uploads\/2024\/12\/Forklift-Lifting-Hydraulic-Cylinder-1-980x551.webp 980w, https:\/\/fmp-components.com\/wp-content\/uploads\/2024\/12\/Forklift-Lifting-Hydraulic-Cylinder-1-480x270.webp 480w\" sizes=\"(min-width: 0px) and (max-width: 480px) 480px, (min-width: 481px) and (max-width: 980px) 980px, (min-width: 981px) 1280px, 100vw\" \/><\/h3>\n<h3>FMP Hakk\u0131nda<\/h3>\n<p>FMP, ara\u015ft\u0131rma ve \u00fcretime g\u00fc\u00e7l\u00fc bir \u015fekilde odaklanan, hidrolik silindirler konusunda uzmanla\u015fm\u0131\u015f bir \u00fcreticidir. \u015eirket, kurulu\u015fundan bu yana s\u00fcrekli olarak hidrolik silindirlerin geli\u015ftirilmesine odaklanm\u0131\u015f ve hasat ve in\u015faat makineleri gibi \u00e7e\u015fitli \u00fcr\u00fcnlerin \u00fcretiminden, tar\u0131m trakt\u00f6r\u00fc bile\u015fenlerinde uzmanla\u015fmaya do\u011fru evrilmi\u015ftir. On y\u0131l\u0131 a\u015fk\u0131n \u00fcretim uzmanl\u0131\u011f\u0131, y\u00f6netim deneyimi ve geli\u015fmi\u015f \u00fcretim teknolojisiyle FMP, \u00fcr\u00fcnlerinde en y\u00fcksek kaliteyi garanti eder.<\/p>\n<p>\u015eirket profesyonel olarak b\u00fcy\u00fcd\u00fck\u00e7e, kapsaml\u0131 bir tala\u015fl\u0131 imalat \u00fcretim hatt\u0131, montaj hatt\u0131 ve kaplama hatt\u0131 kurmu\u015ftur. FMP, deneyimli y\u00f6netim kadrosu, yetenekli makine tasar\u0131mc\u0131lar\u0131 ve y\u00fcksek e\u011fitimli teknik \u00e7al\u0131\u015fanlardan olu\u015fan \u00f6zverili bir ekip taraf\u0131ndan desteklenmektedir. Bu sayede, istikrarl\u0131 \u00fcr\u00fcn kalitesi sa\u011flan\u0131rken, s\u00fcre\u00e7 s\u00fcreklili\u011fi ve genel \u00fcretim etkinli\u011fi etkin bir \u015fekilde kontrol edilmektedir.<\/p>\n<p>FMP, \"Teknolojik yeniliklerin ilerlemeyi y\u00f6nlendirmesi, kaliteli markalar yarat\u0131lmas\u0131, i\u015f\u00e7ili\u011fin kaliteyi garanti alt\u0131na almas\u0131 ve uzun vadeli kazan-kazan ili\u015fkileri kurulmas\u0131\" temel de\u011ferlerine ba\u011fl\u0131 kalmaktad\u0131r. \u015eirket, \u00fcst\u00fcn m\u00fc\u015fteri hizmeti sunarken y\u00fcksek kaliteli \u00fcr\u00fcnler sunmaya ve pazar\u0131n geli\u015fen ihtiya\u00e7lar\u0131n\u0131 kar\u015f\u0131lamak i\u00e7in s\u00fcrekli \u00e7aba g\u00f6stermeye kararl\u0131d\u0131r.<\/p>\n<p><img loading=\"lazy\" decoding=\"async\" class=\"alignnone wp-image-303\" src=\"https:\/\/fmp-components.com\/wp-content\/uploads\/2024\/12\/hydraulic-cylinder-factory-11_1.webp\" alt=\"hidrolik silindir fabrikas\u0131\" width=\"917\" height=\"1003\" title=\"\" srcset=\"https:\/\/fmp-components.com\/wp-content\/uploads\/2024\/12\/hydraulic-cylinder-factory-11_1.webp 917w, https:\/\/fmp-components.com\/wp-content\/uploads\/2024\/12\/hydraulic-cylinder-factory-11_1-480x525.webp 480w\" sizes=\"(min-width: 0px) and (max-width: 480px) 480px, (min-width: 481px) 917px, 100vw\" \/><\/p>\n<table style=\"width: 100%;\" border=\"1\" width=\"100%\" cellspacing=\"0\" cellpadding=\"0\">\n<tbody>\n<tr>\n<td style=\"width: 41.9294%;\" width=\"226\"><img loading=\"lazy\" decoding=\"async\" class=\"alignnone size-full wp-image-309\" src=\"https:\/\/fmp-components.com\/wp-content\/uploads\/2024\/12\/Forklift-Tilt-Hydraulic-Cylinder.webp\" alt=\"Forklift E\u011fimli Hidrolik Silindir\" width=\"1000\" height=\"750\" title=\"\" srcset=\"https:\/\/fmp-components.com\/wp-content\/uploads\/2024\/12\/Forklift-Tilt-Hydraulic-Cylinder.webp 1000w, https:\/\/fmp-components.com\/wp-content\/uploads\/2024\/12\/Forklift-Tilt-Hydraulic-Cylinder-980x735.webp 980w, https:\/\/fmp-components.com\/wp-content\/uploads\/2024\/12\/Forklift-Tilt-Hydraulic-Cylinder-480x360.webp 480w\" sizes=\"(min-width: 0px) and (max-width: 480px) 480px, (min-width: 481px) and (max-width: 980px) 980px, (min-width: 981px) 1000px, 100vw\" \/><\/td>\n<td style=\"width: 55.6484%;\" width=\"64\"><img loading=\"lazy\" decoding=\"async\" class=\"alignnone wp-image-283\" src=\"https:\/\/fmp-components.com\/wp-content\/uploads\/2024\/12\/hydraulic-cylinder-factory-5.webp\" alt=\"hidrolik silindir fabrikas\u0131\" width=\"542\" height=\"312\" title=\"\"><\/td>\n<\/tr>\n<\/tbody>\n<\/table>\n<p>Yazar\uff1a CX<\/p>","protected":false},"excerpt":{"rendered":"<p>Forklift kald\u0131rma hidrolik silindiri, a\u011f\u0131r y\u00fckleri kald\u0131r\u0131p indirmek i\u00e7in gereken dikey kald\u0131rma g\u00fcc\u00fcn\u00fc sa\u011flamaktan sorumludur. Bu silindir, forkliftin dire\u011fini ve ata\u015fmanlar\u0131n\u0131 kald\u0131rmak i\u00e7in hidrolik bas\u0131n\u00e7 kullan\u0131r ve operat\u00f6rlerin paletleri, konteynerleri ve di\u011fer malzemeleri verimli bir \u015fekilde ta\u015f\u0131mas\u0131n\u0131 ve ta\u015f\u0131mas\u0131n\u0131 sa\u011flar. Y\u00fcksek bas\u0131n\u00e7lara ve a\u011f\u0131r hizmet operasyonlar\u0131na dayanacak \u015fekilde tasarlanan kald\u0131rma hidrolik silindiri, b\u00fcy\u00fck veya hacimli nesneleri ta\u015f\u0131rken bile denge ve g\u00fcvenli\u011fi korurken, sorunsuz ve kontroll\u00fc kald\u0131rma hareketleri sa\u011flar. Sa\u011flam yap\u0131s\u0131, g\u00fcvenilir ve g\u00fc\u00e7l\u00fc kald\u0131rman\u0131n verimlilik i\u00e7in kritik \u00f6nem ta\u015f\u0131d\u0131\u011f\u0131 depolarda, da\u011f\u0131t\u0131m merkezlerinde ve di\u011fer end\u00fcstriyel ortamlarda \u00e7al\u0131\u015fan forkliftler i\u00e7in vazge\u00e7ilmez bir bile\u015fendir.<\/p>","protected":false},"featured_media":311,"comment_status":"open","ping_status":"closed","template":"","meta":{"_et_pb_use_builder":"","_et_pb_old_content":"","_et_gb_content_width":""},"product_brand":[],"product_cat":[20],"product_tag":[],"class_list":{"0":"post-304","1":"product","2":"type-product","3":"status-publish","4":"has-post-thumbnail","6":"product_cat-forklift-hydraulic-cylinders","8":"first","9":"instock","10":"shipping-taxable","11":"product-type-simple"},"_links":{"self":[{"href":"https:\/\/fmp-components.com\/tr\/wp-json\/wp\/v2\/product\/304","targetHints":{"allow":["GET"]}}],"collection":[{"href":"https:\/\/fmp-components.com\/tr\/wp-json\/wp\/v2\/product"}],"about":[{"href":"https:\/\/fmp-components.com\/tr\/wp-json\/wp\/v2\/types\/product"}],"replies":[{"embeddable":true,"href":"https:\/\/fmp-components.com\/tr\/wp-json\/wp\/v2\/comments?post=304"}],"wp:featuredmedia":[{"embeddable":true,"href":"https:\/\/fmp-components.com\/tr\/wp-json\/wp\/v2\/media\/311"}],"wp:attachment":[{"href":"https:\/\/fmp-components.com\/tr\/wp-json\/wp\/v2\/media?parent=304"}],"wp:term":[{"taxonomy":"product_brand","embeddable":true,"href":"https:\/\/fmp-components.com\/tr\/wp-json\/wp\/v2\/product_brand?post=304"},{"taxonomy":"product_cat","embeddable":true,"href":"https:\/\/fmp-components.com\/tr\/wp-json\/wp\/v2\/product_cat?post=304"},{"taxonomy":"product_tag","embeddable":true,"href":"https:\/\/fmp-components.com\/tr\/wp-json\/wp\/v2\/product_tag?post=304"}],"curies":[{"name":"wp","href":"https:\/\/api.w.org\/{rel}","templated":true}]}}