{"id":3036,"date":"2025-01-04T06:44:35","date_gmt":"2025-01-04T06:44:35","guid":{"rendered":"https:\/\/fmp-components.com\/?page_id=8"},"modified":"2025-01-04T06:58:59","modified_gmt":"2025-01-04T06:58:59","slug":"silage-machine-gearbox-fmp-qz-wrxr-for-german-champion-four-disc-type-3500","status":"publish","type":"product","link":"https:\/\/fmp-components.com\/tr\/product\/silage-machine-gearbox-fmp-qz-wrxr-for-german-champion-four-disc-type-3500\/","title":{"rendered":"Alman \u015eampiyonu D\u00f6rt Disk (Tip 3500) i\u00e7in Silaj Makinesi \u015eanz\u0131man FMP-QZ-WRXR"},"content":{"rendered":"<h2>Silaj Makinesi \u015eanz\u0131man FMP-QZ-WRXR Boyutlar\u0131<\/h2>\n<p><img loading=\"lazy\" decoding=\"async\" class=\"alignnone size-full wp-image-3039\" src=\"https:\/\/fmp-components.com\/wp-content\/uploads\/2025\/01\/Silage-Machine-Gearbox-EP-QZ-WRXR-Dimensions-1.webp\" alt=\"Silaj Makinesi \u015eanz\u0131man EP QZ WRXR Boyutlar\u0131 1\" width=\"1332\" height=\"626\" title=\"\" srcset=\"https:\/\/fmp-components.com\/wp-content\/uploads\/2025\/01\/Silage-Machine-Gearbox-EP-QZ-WRXR-Dimensions-1.webp 1332w, https:\/\/fmp-components.com\/wp-content\/uploads\/2025\/01\/Silage-Machine-Gearbox-EP-QZ-WRXR-Dimensions-1-1280x602.webp 1280w, https:\/\/fmp-components.com\/wp-content\/uploads\/2025\/01\/Silage-Machine-Gearbox-EP-QZ-WRXR-Dimensions-1-980x461.webp 980w, https:\/\/fmp-components.com\/wp-content\/uploads\/2025\/01\/Silage-Machine-Gearbox-EP-QZ-WRXR-Dimensions-1-480x226.webp 480w\" sizes=\"(min-width: 0px) and (max-width: 480px) 480px, (min-width: 481px) and (max-width: 980px) 980px, (min-width: 981px) and (max-width: 1280px) 1280px, (min-width: 1281px) 1332px, 100vw\" \/><\/p>\n<p><img loading=\"lazy\" decoding=\"async\" class=\"alignnone size-full wp-image-3038\" src=\"https:\/\/fmp-components.com\/wp-content\/uploads\/2025\/01\/Silage-Machine-Gearbox-EP-QZ-WRXR-Dimensions-2.webp\" alt=\"Silaj Makinesi \u015eanz\u0131man EP QZ WRXR Boyutlar\u0131 2\" width=\"1332\" height=\"569\" title=\"\" srcset=\"https:\/\/fmp-components.com\/wp-content\/uploads\/2025\/01\/Silage-Machine-Gearbox-EP-QZ-WRXR-Dimensions-2.webp 1332w, https:\/\/fmp-components.com\/wp-content\/uploads\/2025\/01\/Silage-Machine-Gearbox-EP-QZ-WRXR-Dimensions-2-1280x547.webp 1280w, https:\/\/fmp-components.com\/wp-content\/uploads\/2025\/01\/Silage-Machine-Gearbox-EP-QZ-WRXR-Dimensions-2-980x419.webp 980w, https:\/\/fmp-components.com\/wp-content\/uploads\/2025\/01\/Silage-Machine-Gearbox-EP-QZ-WRXR-Dimensions-2-480x205.webp 480w\" sizes=\"(min-width: 0px) and (max-width: 480px) 480px, (min-width: 481px) and (max-width: 980px) 980px, (min-width: 981px) and (max-width: 1280px) 1280px, (min-width: 1281px) 1332px, 100vw\" \/><\/p>\n<h2>Silaj Makinesi \u015eanz\u0131man FMP-QZ-WRXR Teknik Verileri<\/h2>\n<table style=\"width: 94.2519%; height: 94px;\" border=\"1\" cellspacing=\"0\" cellpadding=\"0\">\n<tbody>\n<tr>\n<td>\u0130sim<\/td>\n<td>Uygun<\/td>\n<td>D\u00f6n\u00fc\u015f<\/td>\n<td>ba\u015fl\u0131k serisi<\/td>\n<td>Di\u015f \u00e7\u0131karma<\/td>\n<\/tr>\n<tr>\n<td>Besleme kutusu<\/td>\n<td>silaj makineleri<\/td>\n<td>dekstrorotasyon<\/td>\n<td>3 serisi<\/td>\n<td>Gleason Helikal Di\u015fleri<\/td>\n<\/tr>\n<tr>\n<td colspan=\"5\">Not: Herhangi bir \u00f6zel iste\u011finiz varsa l\u00fctfen bana bildirin, \u00f6zel sipari\u015fleri de kabul ediyoruz.<\/td>\n<\/tr>\n<\/tbody>\n<\/table>\n<h2>Alman \u015eampiyonu D\u00f6rt Disk (Tip 3500) i\u00e7in Silaj Makinesi \u015eanz\u0131man Kutusu EP-QZ-WRXR'nin \u00d6zellikleri<\/h2>\n<p>German Champion Four Disc (Tip 3500) i\u00e7in FMP-QZ-WRXR silaj makinesi \u015fanz\u0131man\u0131, silaj hasad\u0131 ve yem i\u015fleme uygulamalar\u0131nda \u00fcst\u00fcn performans ve g\u00fcvenilirlik sa\u011flamak \u00fczere tasarlanm\u0131\u015ft\u0131r. Bu \u015fanz\u0131man\u0131n temel \u00f6zellikleri a\u015fa\u011f\u0131dad\u0131r:<\/p>\n<h3>1. Y\u00fcksek Tork Kapasitesi<\/h3>\n<ul>\n<li>FMP-QZ-WRXR \u015fanz\u0131man, y\u00fcksek tork gereksinimlerini kar\u015f\u0131layacak \u015fekilde tasarlanm\u0131\u015ft\u0131r ve a\u011f\u0131r y\u00fck ko\u015fullar\u0131nda bile sorunsuz \u00e7al\u0131\u015fma sa\u011flar. Bu \u00f6zellik, performanstan \u00f6d\u00fcn vermeden yo\u011fun ve lifli yem bitkilerini par\u00e7alamas\u0131 gereken silaj makineleri i\u00e7in hayati \u00f6nem ta\u015f\u0131r.<\/li>\n<\/ul>\n<h3>2. G\u00fcvenilirlik i\u00e7in Hassas M\u00fchendislik<\/h3>\n<ul>\n<li>Hassas m\u00fchendislikle \u00fcretilen \u015fanz\u0131man, her bile\u015fenin kusursuz bir \u015fekilde birlikte \u00e7al\u0131\u015fmas\u0131n\u0131 sa\u011flayarak tutarl\u0131 performans ve g\u00fcvenilirlik sunar. Bu m\u00fchendislik seviyesi, a\u015f\u0131nma ve y\u0131pranmay\u0131 en aza indirerek \u015fanz\u0131man\u0131n \u00f6mr\u00fcn\u00fc uzat\u0131r ve bak\u0131m maliyetlerini d\u00fc\u015f\u00fcr\u00fcr.<\/li>\n<\/ul>\n<h3>3. Verimli G\u00fc\u00e7 Aktar\u0131m\u0131<\/h3>\n<ul>\n<li>\u015eanz\u0131man, trakt\u00f6r\u00fcn PTO \u015faft\u0131ndan kesme disklerine verimli g\u00fc\u00e7 aktar\u0131m\u0131 i\u00e7in optimize edilmi\u015ftir. PTO taraf\u0131ndan \u00fcretilen enerjinin, silaj makinesinin kesme mekanizmas\u0131n\u0131 \u00e7al\u0131\u015ft\u0131rmak i\u00e7in gereken d\u00f6nme hareketine etkili bir \u015fekilde d\u00f6n\u00fc\u015ft\u00fcr\u00fclmesini sa\u011flayarak genel \u00e7al\u0131\u015fma verimlili\u011fini art\u0131r\u0131r.<\/li>\n<\/ul>\n<h3>4. H\u0131z Azaltma ve Tork Artt\u0131rma<\/h3>\n<ul>\n<li>Giri\u015f h\u0131z\u0131n\u0131 d\u00fc\u015f\u00fcrmek ve torku art\u0131rmak \u00fczere tasarlanan \u015fanz\u0131man, kesme disklerinin yem bitkilerini do\u011framak i\u00e7in optimum h\u0131zda \u00e7al\u0131\u015fmas\u0131n\u0131 sa\u011flar. Trakt\u00f6r\u00fcn PTO'sunun y\u00fcksek h\u0131zl\u0131 d\u00f6n\u00fc\u015f\u00fcn\u00fc azaltarak, \u015fanz\u0131man, makinenin etkili do\u011frama i\u00e7in gereken daha d\u00fc\u015f\u00fck h\u0131zlarda \u00e7al\u0131\u015fmas\u0131n\u0131 sa\u011flarken, a\u011f\u0131r y\u00fckleri ta\u015f\u0131mak i\u00e7in gereken g\u00fcc\u00fc korur.<\/li>\n<\/ul>\n<h3>5. Kompakt ve Sa\u011flam Tasar\u0131m<\/h3>\n<ul>\n<li>FMP-QZ-WRXR \u015fanz\u0131man\u0131n kompakt ve sa\u011flam tasar\u0131m\u0131, zorlu tar\u0131m ko\u015fullar\u0131nda kullan\u0131ma uygundur. Sa\u011flam yap\u0131s\u0131, zorlu arazi ko\u015fullar\u0131nda s\u00fcrekli kullan\u0131m\u0131n getirdi\u011fi fiziksel zorluklara dayanabilmesini sa\u011flayarak dayan\u0131kl\u0131l\u0131k ve uzun s\u00fcreli g\u00fcvenilirlik sunar.<\/li>\n<\/ul>\n<p>German Champion Four Disc (Tip 3500) i\u00e7in FMP-QZ-WRXR silaj makinesi \u015fanz\u0131man\u0131, y\u00fcksek performansl\u0131 m\u00fchendislik, dayan\u0131kl\u0131l\u0131k ve uyarlanabilirli\u011fi bir araya getirerek modern silaj ve yem hasad\u0131 ekipmanlar\u0131n\u0131n vazge\u00e7ilmez bir bile\u015feni haline gelmi\u015ftir. Zorlu tar\u0131msal operasyonlarda optimum performans sa\u011flarken esneklik, g\u00fcvenilirlik ve verimlilik sunar.<\/p>\n<p><img loading=\"lazy\" decoding=\"async\" class=\"alignnone size-full wp-image-2971\" src=\"https:\/\/fmp-components.com\/wp-content\/uploads\/2025\/01\/Silage-Machine-Gearbox-EP-QZ-WRXL-for-German-Champion-Four-Disc-Type-3500.webp\" alt=\"Silaj Makinesi \u015eanz\u0131man EP QZ WRXL Alman \u015eampiyonu D\u00f6rt Diskli Tip 3500 i\u00e7in\" width=\"1024\" height=\"607\" title=\"\" srcset=\"https:\/\/fmp-components.com\/wp-content\/uploads\/2025\/01\/Silage-Machine-Gearbox-EP-QZ-WRXL-for-German-Champion-Four-Disc-Type-3500.webp 1024w, https:\/\/fmp-components.com\/wp-content\/uploads\/2025\/01\/Silage-Machine-Gearbox-EP-QZ-WRXL-for-German-Champion-Four-Disc-Type-3500-980x581.webp 980w, https:\/\/fmp-components.com\/wp-content\/uploads\/2025\/01\/Silage-Machine-Gearbox-EP-QZ-WRXL-for-German-Champion-Four-Disc-Type-3500-480x285.webp 480w\" sizes=\"(min-width: 0px) and (max-width: 480px) 480px, (min-width: 481px) and (max-width: 980px) 980px, (min-width: 981px) 1024px, 100vw\" \/><\/p>\n<h2>Alman \u015eampiyonu D\u00f6rt Disk (Tip 3500) i\u00e7in Silaj Makinesi \u015eanz\u0131man Kutusu FMP-QZ-WRXR'nin Uygulamalar\u0131<\/h2>\n<p>German Champion Four Disc (Tip 3500) i\u00e7in FMP-QZ-WRXR silaj makinesi \u015fanz\u0131man\u0131, silaj hasad\u0131 ve yem i\u015flemede kullan\u0131lan tar\u0131m makineleri i\u00e7in \u00f6zel olarak tasarlanm\u0131\u015f, y\u00fcksek performansl\u0131 ve hassas m\u00fchendislik \u00fcr\u00fcn\u00fc bir bile\u015fendir. Bu \u015fanz\u0131man\u0131n temel uygulamalar\u0131 a\u015fa\u011f\u0131dad\u0131r:<\/p>\n<h3>1. Silaj Hasad\u0131 ve \u0130\u015fleme<\/h3>\n<ul>\n<li>Birincil Uygulama: FMP-QZ-WRXR \u015fanz\u0131man, esas olarak silaj makinelerinde kullan\u0131l\u0131r ve yem bitkilerini do\u011framak ve i\u015flemek i\u00e7in kesme disklerini \u00e7al\u0131\u015ft\u0131r\u0131r. \u015eanz\u0131man, g\u00fcc\u00fc PTO \u015faft\u0131ndan kesme disklerine verimli bir \u015fekilde aktararak, makinenin m\u0131s\u0131r, ot, yonca ve sorgum gibi \u00e7e\u015fitli yem bitkilerini silaj depolamaya uygun ince k\u0131y\u0131lm\u0131\u015f malzemeye d\u00f6n\u00fc\u015ft\u00fcrmesini sa\u011flar.<\/li>\n<li>Mahsul T\u00fcrleri: \u015eanz\u0131man, hem y\u00fcksek nemli mahsullerin (m\u0131s\u0131r gibi) hem de daha kuru mahsullerin (otlar ve baklagiller gibi) hasad\u0131n\u0131 destekleyerek farkl\u0131 mahsul t\u00fcrlerinde optimum performans sa\u011flar.<\/li>\n<\/ul>\n<h3>2. Yem Kesme ve Do\u011frama<\/h3>\n<ul>\n<li>\u015eanz\u0131man, hasat edilen yemi do\u011frayan ve par\u00e7alayan kesme disklerine g\u00fc\u00e7 sa\u011flar. FMP-QZ-WRXR'nin hassas m\u00fchendisli\u011fi, disklerin optimum h\u0131z ve torkta \u00e7al\u0131\u015fmas\u0131n\u0131 sa\u011flayarak, silaj depolamas\u0131 s\u0131ras\u0131nda uygun fermantasyon i\u00e7in hayati \u00f6nem ta\u015f\u0131yan e\u015fit do\u011frama uzunluklar\u0131 sa\u011flar.<\/li>\n<li>Homojen Kesim: Bitkisel materyalin homojen bir \u015fekilde kesilmesini sa\u011flayarak fermantasyon s\u00fcrecini ve yem kalitesini iyile\u015ftirir, bu da hayvan beslenmesi i\u00e7in hayati \u00f6nem ta\u015f\u0131r.<\/li>\n<\/ul>\n<h3>3. Silaj ve Y\u00fcksek Nemli Yem \u00dcretimi<\/h3>\n<ul>\n<li>Silaj hasad\u0131ndaki rol\u00fcne benzer \u015fekilde, FMP-QZ-WRXR \u015fanz\u0131man\u0131, \u0131slak yemi par\u00e7alay\u0131p depolanmak \u00fczere i\u015fleyen makinelere g\u00fc\u00e7 sa\u011flad\u0131\u011f\u0131 silaj \u00fcretiminde de kullan\u0131labilir. \u015eanz\u0131man\u0131n y\u00fcksek torklu uygulamalar\u0131 idare edebilme kabiliyeti, daha \u0131slak ve yo\u011fun malzemeleri i\u015flerken tutarl\u0131 performans\u0131 korumak i\u00e7in bu ko\u015fullarda hayati \u00f6nem ta\u015f\u0131r.<\/li>\n<li>Nem \u0130\u00e7eri\u011finin Korunmas\u0131: \u015eanz\u0131man, y\u00fcksek kaliteli silaj \u00fcretimi i\u00e7in gerekli olan nem i\u00e7eri\u011fini kaybetmeden makinelerin verimli bir \u015fekilde \u00e7al\u0131\u015fmas\u0131n\u0131 sa\u011flar.<\/li>\n<\/ul>\n<h3>4. \u00c7im ve Baklagil Silaj\u0131<\/h3>\n<ul>\n<li>\u015eanz\u0131man, s\u00fct ve besi s\u0131\u011f\u0131rlar\u0131 i\u00e7in temel yemler olan ot silaj\u0131 (\u00e7avdar otu, \u00e7ay\u0131r otu ve yonca gibi) ve baklagil silaj\u0131n\u0131n i\u015flenmesinde olduk\u00e7a etkilidir. \u00c7ok \u00e7e\u015fitli mahsul materyallerini i\u015fleyebilme ve tutarl\u0131 bir \u015fekilde par\u00e7alayabilme yetene\u011fi, hayvanlar i\u00e7in besin de\u011feri y\u00fcksek, y\u00fcksek kaliteli silaj \u00fcretimi i\u00e7in hayati \u00f6nem ta\u015f\u0131r.<\/li>\n<li>Yem Kalitesinin Optimizasyonu: Hassas par\u00e7alama kolayl\u0131\u011f\u0131 sa\u011flayarak silaj\u0131n fermantasyona uygun \u015fekilde haz\u0131rlanmas\u0131n\u0131 sa\u011flar, sindirilebilirli\u011fini ve besin de\u011ferini art\u0131r\u0131r.<\/li>\n<\/ul>\n<h3>5. Y\u00fcksek Hacimli Ticari Tar\u0131m<\/h3>\n<ul>\n<li>FMP-QZ-WRXR \u015fanz\u0131man, ticari \u00e7iftliklerde b\u00fcy\u00fck \u00f6l\u00e7ekli silaj hasad\u0131 i\u00e7in idealdir. Y\u00fcksek hacimli yem bitkilerini i\u015fleyebildi\u011finden, b\u00fcy\u00fck, kendinden tahrikli bi\u00e7erd\u00f6verlerin veya \u00e7ekilebilir silaj bi\u00e7me makinelerinin \u00e7al\u0131\u015fmas\u0131nda vazge\u00e7ilmez bir bile\u015fendir. \u015eanz\u0131man\u0131n sa\u011flam tasar\u0131m\u0131, b\u00fcy\u00fck tar\u0131m tesislerinde tipik olan s\u00fcrekli ve a\u011f\u0131r hizmet tipi operasyonlarda g\u00fcvenilirlik sa\u011flar.<\/li>\n<li>A\u011f\u0131r Hizmet Operasyonlar\u0131nda Dayan\u0131kl\u0131l\u0131k: \u015eanz\u0131man\u0131n performanstan \u00f6d\u00fcn vermeden y\u00fcksek torku iletme yetene\u011fi, onu a\u011f\u0131r hizmet tipi tar\u0131m operasyonlar\u0131 i\u00e7in m\u00fckemmel hale getirerek verimlili\u011fi art\u0131r\u0131r ve duru\u015f s\u00fcresini azalt\u0131r.<\/li>\n<\/ul>\n<p>FMP-QZ-WRXR \u015fanz\u0131man, \u00f6z\u00fcnde, silaj hasad\u0131 ve i\u015flenmesini optimize etmek i\u00e7in \u00f6zel olarak tasarlanm\u0131\u015f, tar\u0131m makineleri i\u00e7in sa\u011flam, \u00e7ok y\u00f6nl\u00fc ve son derece verimli bir bile\u015fendir. Zorlu ko\u015fullarda sorunsuz \u00e7al\u0131\u015fma sa\u011flar, yem kalitesini art\u0131r\u0131r ve b\u00fcy\u00fck \u00f6l\u00e7ekli \u00e7ift\u00e7ilik operasyonlar\u0131n\u0131 destekler.<\/p>\n<p><img loading=\"lazy\" decoding=\"async\" class=\"alignnone size-full wp-image-2972\" src=\"https:\/\/fmp-components.com\/wp-content\/uploads\/2025\/01\/Silage-Machine-Gearbox-for-German-Champion-Four-Disc-Type-3500-Working-Principle-scaled.webp\" alt=\"Alman \u015eampiyonu D\u00f6rt Diskli Tip 3500 Silaj Makinesi \u015eanz\u0131man\u0131n\u0131n \u00c7al\u0131\u015fma Prensibi\" width=\"2560\" height=\"1212\" title=\"\" srcset=\"https:\/\/fmp-components.com\/wp-content\/uploads\/2025\/01\/Silage-Machine-Gearbox-for-German-Champion-Four-Disc-Type-3500-Working-Principle-scaled.webp 2560w, https:\/\/fmp-components.com\/wp-content\/uploads\/2025\/01\/Silage-Machine-Gearbox-for-German-Champion-Four-Disc-Type-3500-Working-Principle-1280x606.webp 1280w, https:\/\/fmp-components.com\/wp-content\/uploads\/2025\/01\/Silage-Machine-Gearbox-for-German-Champion-Four-Disc-Type-3500-Working-Principle-980x464.webp 980w, https:\/\/fmp-components.com\/wp-content\/uploads\/2025\/01\/Silage-Machine-Gearbox-for-German-Champion-Four-Disc-Type-3500-Working-Principle-480x227.webp 480w\" sizes=\"(min-width: 0px) and (max-width: 480px) 480px, (min-width: 481px) and (max-width: 980px) 980px, (min-width: 981px) and (max-width: 1280px) 1280px, (min-width: 1281px) 2560px, 100vw\" \/><\/p>\n<h2>FMP Hakk\u0131nda<\/h2>\n<p>Merkezi \u0130talya'da bulunan FMP, \u00f6zellikle tar\u0131m makineleri sekt\u00f6r\u00fcne odaklanan y\u00fcksek performansl\u0131 di\u015fli kutular\u0131n\u0131n tasar\u0131m\u0131, geli\u015ftirilmesi ve \u00fcretimindeki uzmanl\u0131\u011f\u0131yla tan\u0131nan lider bir \u00fcreticidir. Hassas m\u00fchendisli\u011fi, yenilik\u00e7i \u00e7\u00f6z\u00fcmleri ve sars\u0131lmaz g\u00fcvenilirli\u011fiyle tan\u0131nan FMP, hem tar\u0131m hem de sanayi sekt\u00f6rlerinde g\u00fcvenilir bir ortak olarak \u00fcn kazanm\u0131\u015ft\u0131r. Geni\u015f \u00fcr\u00fcn yelpazemiz, \u00e7im bi\u00e7me makineleri i\u00e7in \u00f6zel olarak tasarlanm\u0131\u015f di\u015fli kutular\u0131, kuyruk mili milleri ve di\u011fer temel bile\u015fenleri i\u00e7erir ve hepsi geni\u015f bir uygulama yelpazesinin \u00e7e\u015fitli ihtiya\u00e7lar\u0131n\u0131 kar\u015f\u0131lamak \u00fczere tasarlanm\u0131\u015ft\u0131r.<\/p>\n<p>FMP olarak, her m\u00fc\u015fterinin kendine \u00f6zg\u00fc zorluklar\u0131 ve gereksinimleri oldu\u011funun bilincindeyiz. Bu nedenle, ister bireysel bile\u015fenler ister tamamen entegre sistemler olsun, \u00f6zel \u00e7\u00f6z\u00fcmler sunma konusunda uzmanla\u015f\u0131yoruz. M\u00fc\u015fterilerimizle yak\u0131n i\u015f birli\u011fi i\u00e7inde \u00e7al\u0131\u015farak, her \u00e7\u00f6z\u00fcm\u00fcn yaln\u0131zca \u00f6zel ihtiya\u00e7lar\u0131n\u0131 kar\u015f\u0131lamas\u0131n\u0131 de\u011fil, ayn\u0131 zamanda hem performans\u0131 hem de de\u011feri art\u0131rmas\u0131n\u0131 sa\u011fl\u0131yoruz. H\u0131zl\u0131 ve profesyonel yan\u0131tlar ve uzman rehberli\u011fine olan ba\u011fl\u0131l\u0131\u011f\u0131m\u0131z, her talebin azami \u00f6zen ve hassasiyetle ele al\u0131nmas\u0131n\u0131 ve her seferinde en iyi sonu\u00e7lar\u0131n elde edilmesini garanti eder.<\/p>\n<p>\u00dcr\u00fcn geli\u015ftirme d\u00f6ng\u00fcs\u00fcn\u00fcn tamam\u0131nda \u015feffaf ve s\u00fcrekli ileti\u015fime \u00f6ncelik veriyoruz. \u00d6zverili ekibimiz, m\u00fc\u015fterilerimizle do\u011frudan \u00e7al\u0131\u015farak \u00f6zel ihtiya\u00e7lar\u0131n\u0131 tam olarak anl\u0131yor ve m\u00fcmk\u00fcn olan en iyi sonu\u00e7lar\u0131 sa\u011flamak i\u00e7in derinlemesine \u00f6neriler sunuyor. \u0130ster yenilik\u00e7i \u00fcr\u00fcnler tasarl\u0131yor ister devam eden sipari\u015fleri kar\u015f\u0131l\u0131yor olal\u0131m, FMP her seferinde zaman\u0131nda, y\u00fcksek kaliteli ve hassas m\u00fchendislik \u00e7\u00f6z\u00fcmleri sunmaya kendini adam\u0131\u015ft\u0131r. Amac\u0131m\u0131z, her projede ola\u011fan\u00fcst\u00fc hizmet ve sonu\u00e7lar sunarak m\u00fc\u015fteri beklentilerini s\u00fcrekli olarak a\u015fmakt\u0131r.<\/p>\n<p>Kalite, FMP'nin faaliyetlerinin temelidir. En y\u00fcksek \u00fcretim standartlar\u0131na ba\u011fl\u0131 kal\u0131yor ve her \u00fcr\u00fcn\u00fcn sekt\u00f6r standartlar\u0131n\u0131 kar\u015f\u0131lamas\u0131n\u0131 ve hatta a\u015fmas\u0131n\u0131 sa\u011flamak i\u00e7in s\u0131k\u0131 kalite kontrol \u00f6nlemleri uyguluyoruz. M\u00fckemmelli\u011fe olan bu ba\u011fl\u0131l\u0131\u011f\u0131m\u0131z, d\u00fcr\u00fcstl\u00fck, ekip \u00e7al\u0131\u015fmas\u0131 ve azim gibi temel de\u011ferlerimizle birle\u015ferek, d\u00fcnya \u00e7ap\u0131nda yakla\u015f\u0131k 30 \u00fclkedeki m\u00fc\u015fterilerimizle kal\u0131c\u0131 ve g\u00fcvene dayal\u0131 ili\u015fkiler kurmam\u0131z\u0131 sa\u011flam\u0131\u015ft\u0131r.<\/p>\n<p>FMP, k\u00fcresel ortakl\u0131klar kurmaya her zaman isteklidir ve m\u00fc\u015fterilerimizin de\u011fi\u015fen ihtiya\u00e7lar\u0131n\u0131 kar\u015f\u0131layan uzman tavsiyeleri ve \u00f6zelle\u015ftirilmi\u015f \u00e7\u00f6z\u00fcmler sunmaya kendini adam\u0131\u015ft\u0131r. Sadece \u00fcr\u00fcn tedarik etmenin \u00f6tesine ge\u00e7erek, her projenin ba\u015far\u0131s\u0131na katk\u0131da bulunan kal\u0131c\u0131 ili\u015fkiler kurmay\u0131 hedefliyoruz. \u0130ster yeni bir giri\u015fim i\u00e7in yenilik\u00e7i \u00e7\u00f6z\u00fcmlere, ister mevcut bir sistem i\u00e7in s\u00fcrekli deste\u011fe ihtiyac\u0131n\u0131z olsun, FMP teknik zorluklar\u0131n\u0131z\u0131 kar\u015f\u0131lamaya ve s\u00fcrekli ba\u015far\u0131n\u0131z\u0131 sa\u011flamaya haz\u0131rd\u0131r.<\/p>\n<p><img loading=\"lazy\" decoding=\"async\" class=\"alignnone wp-image-2695\" src=\"https:\/\/fmp-components.com\/wp-content\/uploads\/2025\/01\/agricultural-gearbox3.webp\" alt=\"tar\u0131msal \u015fanz\u0131man\" width=\"953\" height=\"951\" title=\"\" srcset=\"https:\/\/fmp-components.com\/wp-content\/uploads\/2025\/01\/agricultural-gearbox3.webp 953w, https:\/\/fmp-components.com\/wp-content\/uploads\/2025\/01\/agricultural-gearbox3-480x479.webp 480w\" sizes=\"(min-width: 0px) and (max-width: 480px) 480px, (min-width: 481px) 953px, 100vw\" \/><\/p>\n<p>Yazar: CX<\/p>","protected":false},"excerpt":{"rendered":"<p>Silage Machine Gearbox FMP-QZ-WRXR Dimensions Silage Machine Gearbox FMP-QZ-WRXR Technical Data Name Suitable Turn header series Toothing Feeding box silage machines dextrorotation 3 series Gleason Helical Teeth Remark: If you have any special require feel free let me know, we also accept custom. Features of Silage Machine Gearbox EP-QZ-WRXR for German Champion Four Disc (Type [&hellip;]<\/p>","protected":false},"featured_media":3037,"comment_status":"open","ping_status":"closed","template":"","meta":{"_et_pb_use_builder":"","_et_pb_old_content":"","_et_gb_content_width":""},"product_brand":[],"product_cat":[69],"product_tag":[],"class_list":{"0":"post-3036","1":"product","2":"type-product","3":"status-publish","4":"has-post-thumbnail","6":"product_cat-silage-machine-gearbox","8":"first","9":"instock","10":"shipping-taxable","11":"product-type-simple"},"_links":{"self":[{"href":"https:\/\/fmp-components.com\/tr\/wp-json\/wp\/v2\/product\/3036","targetHints":{"allow":["GET"]}}],"collection":[{"href":"https:\/\/fmp-components.com\/tr\/wp-json\/wp\/v2\/product"}],"about":[{"href":"https:\/\/fmp-components.com\/tr\/wp-json\/wp\/v2\/types\/product"}],"replies":[{"embeddable":true,"href":"https:\/\/fmp-components.com\/tr\/wp-json\/wp\/v2\/comments?post=3036"}],"wp:featuredmedia":[{"embeddable":true,"href":"https:\/\/fmp-components.com\/tr\/wp-json\/wp\/v2\/media\/3037"}],"wp:attachment":[{"href":"https:\/\/fmp-components.com\/tr\/wp-json\/wp\/v2\/media?parent=3036"}],"wp:term":[{"taxonomy":"product_brand","embeddable":true,"href":"https:\/\/fmp-components.com\/tr\/wp-json\/wp\/v2\/product_brand?post=3036"},{"taxonomy":"product_cat","embeddable":true,"href":"https:\/\/fmp-components.com\/tr\/wp-json\/wp\/v2\/product_cat?post=3036"},{"taxonomy":"product_tag","embeddable":true,"href":"https:\/\/fmp-components.com\/tr\/wp-json\/wp\/v2\/product_tag?post=3036"}],"curies":[{"name":"wp","href":"https:\/\/api.w.org\/{rel}","templated":true}]}}