{"id":2967,"date":"2025-01-04T05:29:29","date_gmt":"2025-01-04T05:29:29","guid":{"rendered":"https:\/\/fmp-components.com\/product\/ningbo-bridge-integrated-type-steering-cylinder\/"},"modified":"2025-01-04T05:38:17","modified_gmt":"2025-01-04T05:38:17","slug":"ningbo-bridge-integrated-type-steering-cylinder","status":"publish","type":"product","link":"https:\/\/fmp-components.com\/tr\/product\/ningbo-bridge-integrated-type-steering-cylinder\/","title":{"rendered":"Ningbo Bridge Entegre Tip Direksiyon Silindiri"},"content":{"rendered":"<p style=\"text-align: center;\"><span style=\"font-size: 18pt;\">Ningbo Bridge Entegre Tip Direksiyon Silindiri<\/span><\/p>\n<p><img loading=\"lazy\" decoding=\"async\" class=\"aligncenter wp-image-1012839\" src=\"https:\/\/images.hzpt.com\/2024\/11\/steering-cylinder-integral-1.webp\" alt=\"\" width=\"400\" height=\"400\" title=\"\"><\/p>\n<p>Ningbo K\u00f6pr\u00fc Entegre Tip Direksiyon Silindiri, \u00f6zellikle k\u00f6pr\u00fc in\u015faatlar\u0131nda olmak \u00fczere a\u011f\u0131r makine ve ara\u00e7lardaki direksiyon sistemleri i\u00e7in olmazsa olmaz bir bile\u015fendir. Bu hidrolik akt\u00fcat\u00f6r, manevra kabiliyetini ve hassasiyeti \u00f6nemli \u00f6l\u00e7\u00fcde art\u0131rarak, g\u00fcvenilirlik ve verimlilik arayan operat\u00f6rler i\u00e7in olmazsa olmaz bir \u00fcr\u00fcnd\u00fcr.<\/p>\n<p>Silindir, zorlu uygulamalarda sa\u011flam bir tasar\u0131ma ve ola\u011fan\u00fcst\u00fc bir performansa sahip olup, onu di\u011fer hidrolik akt\u00fcat\u00f6rlerden ay\u0131r\u0131r. Entegre yap\u0131s\u0131, benzersiz dayan\u0131kl\u0131l\u0131k ve hassasiyet sunarak, onu in\u015faat ve makine sekt\u00f6rlerinde kritik bir varl\u0131k haline getirir.<\/p>\n<p>Operat\u00f6rler, kullan\u0131m ve bak\u0131mda en iyi uygulamalara ba\u011fl\u0131 kalarak, bu hidrolik akt\u00fcat\u00f6r\u00fcn t\u00fcm potansiyelini ortaya \u00e7\u0131karabilir ve optimum performans ve uzun \u00f6m\u00fcr sa\u011flayabilirler. Ningbo Bridge Entegre Tip Direksiyon Silindirine yat\u0131r\u0131m yapmak, operasyonlar\u0131n\u0131zda verimlili\u011fi art\u0131rmak ve \u00fcst\u00fcn direksiyon kontrol\u00fc elde etmek anlam\u0131na gelir. Makinelerinizi bug\u00fcn y\u00fckseltin ve fark\u0131 deneyimleyin!<\/p>\n<h3>Ningbo K\u00f6pr\u00fcs\u00fc Entegre Tip Direksiyon Silindiri Parametresi:<\/h3>\n<p><strong>Silindir \u00c7ap\u0131:<\/strong> 50 mm<\/p>\n<p><strong>\u00c7ubuk \u00c7ap\u0131:<\/strong> 25 mm<\/p>\n<p><strong>Seyahat:<\/strong> 130 mm<\/p>\n<p><strong>Kurulum Mesafesi:<\/strong> 487 mm<\/p>\n<h2>Ningbo Bridge Entegre Tip Direksiyon Silindirinin Temel \u00d6zellikleri:<\/h2>\n<h3>Entegre Tasar\u0131m<\/h3>\n<p>Ningbo K\u00f6pr\u00fc Direksiyon Silindirinin entegre tasar\u0131m\u0131, birden fazla bile\u015feni tek ve verimli bir \u00fcnitede birle\u015ftirir. Bu yenilik, kurulumu kolayla\u015ft\u0131r\u0131r ve mekanik ar\u0131za olas\u0131l\u0131\u011f\u0131n\u0131 en aza indirir. Daha az par\u00e7a, daha az karma\u015f\u0131kl\u0131k anlam\u0131na gelir ve bu da \u015funlar\u0131 sa\u011flar:<\/p>\n<p>\u2013 Kolayla\u015ft\u0131r\u0131lm\u0131\u015f Bak\u0131m: \u0130ncelenecek ve de\u011fi\u015ftirilecek daha az bile\u015fen oldu\u011fundan, bak\u0131m daha h\u0131zl\u0131 ve daha uygun maliyetli hale gelir.<br \/>\n\u2013 Geli\u015fmi\u015f G\u00fcvenilirlik: Birle\u015fik bir sistem, gev\u015fek ba\u011flant\u0131lardan veya yanl\u0131\u015f hizalanm\u0131\u015f par\u00e7alardan kaynaklanan sorunlar\u0131n olas\u0131l\u0131\u011f\u0131n\u0131 azalt\u0131r.<\/p>\n<h3>Ola\u011fan\u00fcst\u00fc Dayan\u0131kl\u0131l\u0131k<\/h3>\n<p>En zorlu ko\u015fullarla ba\u015fa \u00e7\u0131kmak i\u00e7in \u00fcretilen Ningbo Bridge Direksiyon Silindiri, ola\u011fan\u00fcst\u00fc bir dayan\u0131kl\u0131l\u0131k sergiliyor. Ba\u015fl\u0131ca \u00f6zellikleri \u015funlard\u0131r:<\/p>\n<p>\u2013 A\u015f\u0131r\u0131 Bas\u0131n\u00e7lara Dayan\u0131kl\u0131: Bu silindir, y\u00fcksek hidrolik bas\u0131n\u00e7lar alt\u0131nda \u00e7al\u0131\u015facak \u015fekilde tasarlanm\u0131\u015ft\u0131r ve bu sayede performanstan \u00f6d\u00fcn vermeden zorlu uygulamalar\u0131n \u00fcstesinden gelebilir.<br \/>\n\u2013 \u00c7evresel Dayan\u0131kl\u0131l\u0131k: Zorlu hava ko\u015fullar\u0131na, toza veya neme maruz kalsa bile, silindir b\u00fct\u00fcnl\u00fc\u011f\u00fcn\u00fc koruyarak d\u0131\u015f mekan ve zorlu ortamlar i\u00e7in uygundur.<\/p>\n<h3>Hassas Kontrol<\/h3>\n<p>Direksiyon uygulamalar\u0131nda hassasiyet \u00e7ok \u00f6nemlidir ve bu silindir \u015funlar\u0131 sa\u011flamada m\u00fckemmeldir:<\/p>\n<p>\u2013 Duyarl\u0131 Performans: Operat\u00f6rler, karma\u015f\u0131k i\u015f sahalar\u0131nda gezinmek i\u00e7in hayati \u00f6nem ta\u015f\u0131yan h\u0131zl\u0131 ve do\u011fru direksiyon tepkileri bekleyebilirler.<br \/>\n\u2013 Geli\u015ftirilmi\u015f Manevra Kabiliyeti: Silindirin tasar\u0131m\u0131, hassas kontrol sa\u011flar ve dar d\u00f6n\u00fc\u015fler yapmay\u0131 ve engelleri a\u015fmay\u0131 kolayla\u015ft\u0131r\u0131r.<\/p>\n<h3>Kompakt Boyut<\/h3>\n<p>Ningbo K\u00f6pr\u00fc Direksiyon Silindirinin kompakt tasar\u0131m\u0131 modern makinelerde \u00f6nemli bir avantajd\u0131r:<\/p>\n<p>\u2013 Yerden Tasarruf Sa\u011flayan \u00c7\u00f6z\u00fcm: Alan\u0131n s\u0131n\u0131rl\u0131 oldu\u011fu uygulamalar i\u00e7in ideal olan bu silindir, performanstan \u00f6d\u00fcn vermeden dar alanlara sorunsuz bir \u015fekilde uyum sa\u011flar.<br \/>\n\u2013 \u00c7ok Y\u00f6nl\u00fc Uygulamalar: Uyarlanabilir boyutu, in\u015faat ekipmanlar\u0131ndan \u00f6zel ara\u00e7lara kadar \u00e7e\u015fitli makineler i\u00e7in uygun olmas\u0131n\u0131 sa\u011flayarak genel operasyonel esnekli\u011fi art\u0131r\u0131r.<\/p>\n<h2>Ningbo Bridge Entegre Tip Direksiyon Silindiri Uygulamas\u0131:<\/h2>\n<p><img loading=\"lazy\" decoding=\"async\" class=\"alignnone wp-image-1012840 size-full\" src=\"https:\/\/images.hzpt.com\/2024\/11\/steering-cylinder-integral-application.webp\" alt=\"\" width=\"1072\" height=\"603\" title=\"\"><\/p>\n<h2>Ningbo Bridge Entegre Tip Direksiyon Silindiri Kullan\u0131m Y\u00f6ntemi:<\/h2>\n<p>Ningbo Bridge Entegre Tip Direksiyon Silindirinin kullan\u0131m\u0131 basittir ve operat\u00f6rlerin onu makinelerine entegre etmelerini kolayla\u015ft\u0131r\u0131r:<\/p>\n<ol>\n<li>Kurulum:\n<ul>\n<li>Silindiri arac\u0131n veya makinenin belirlenen montaj alan\u0131na sabitleyin.<\/li>\n<li>Hidrolik s\u0131v\u0131n\u0131n d\u00fczg\u00fcn ak\u0131\u015f\u0131n\u0131 sa\u011flamak i\u00e7in hidrolik hatlar\u0131n\u0131 ba\u011flay\u0131n.<\/li>\n<\/ul>\n<\/li>\n<li>\u0130\u015flem:\n<ul>\n<li>Gerekti\u011finde silindiri uzatmak veya geri \u00e7ekmek i\u00e7in hidrolik sistemi etkinle\u015ftirin.<\/li>\n<li>Direksiyon tepkisini izleyin ve optimum performans i\u00e7in hidrolik bas\u0131nc\u0131n\u0131 ayarlay\u0131n.<\/li>\n<\/ul>\n<\/li>\n<li>Ayarlama:\n<ul>\n<li>Belirli operasyonel gereksinimlere uyacak \u015fekilde ayarlar\u0131 hassas bir \u015fekilde ayarlay\u0131n ve direksiyon mekanizmas\u0131n\u0131n sorunsuz \u00e7al\u0131\u015fmas\u0131n\u0131 sa\u011flay\u0131n.<\/li>\n<\/ul>\n<\/li>\n<\/ol>\n<h2>Direksiyon Silindirinin \u00c7al\u0131\u015fmas\u0131nda Hassas Kontrol\u00fcn Rol\u00fc Nedir?<\/h2>\n<p>Hassas kontrol, direksiyon silindirinin \u00e7al\u0131\u015fmas\u0131nda \u00f6nemli bir rol oynar ve kullan\u0131ld\u0131\u011f\u0131 makinenin performans\u0131n\u0131 ve g\u00fcvenli\u011fini etkiler. \u0130\u015fte \u00f6neminin baz\u0131 temel y\u00f6nleri:<\/p>\n<h3>1. Do\u011fru Navigasyon<\/h3>\n<ul>\n<li>Duyarl\u0131 Direksiyon: Hassas kontrol, direksiyonu \u00e7evirirken an\u0131nda ve do\u011fru ayarlamalar yap\u0131lmas\u0131na olanak tan\u0131r ve operat\u00f6rlerin karma\u015f\u0131k i\u015f sahalar\u0131nda ve dar alanlarda etkili bir \u015fekilde hareket etmesini sa\u011flar.<\/li>\n<li>Geli\u015fmi\u015f Manevra Kabiliyeti: Operat\u00f6rler, in\u015faat ve a\u011f\u0131r makine operasyonlar\u0131nda \u00f6nemli olan keskin d\u00f6n\u00fc\u015fler yapabilir ve h\u0131zl\u0131 y\u00f6n de\u011fi\u015fiklikleri yapabilirler.<\/li>\n<\/ul>\n<h3>2. Geli\u015ftirilmi\u015f G\u00fcvenlik<\/h3>\n<ul>\n<li>Kaza Riskinin Azalmas\u0131: Hassas kontrol sayesinde, direksiyonu yanl\u0131\u015f \u00e7evirme olas\u0131l\u0131\u011f\u0131 en aza indirilir, bu da kazalar\u0131n \u00f6nlenmesine yard\u0131mc\u0131 olur ve operat\u00f6rler ile \u00e7evredeki personel i\u00e7in genel g\u00fcvenli\u011fi art\u0131r\u0131r.<\/li>\n<li>Kontroll\u00fc Hareket: Direksiyon tepkisini kontrol etme yetene\u011fi, y\u00fcksek riskli ortamlarda kritik \u00f6neme sahip olan ani veya d\u00fczensiz hareketlerin olas\u0131l\u0131\u011f\u0131n\u0131 azalt\u0131r.<\/li>\n<\/ul>\n<h3>3. Artan Verimlilik<\/h3>\n<ul>\n<li>Optimum Performans: Direksiyon hareketlerindeki hassasiyet, daha verimli operasyonlara d\u00f6n\u00fc\u015f\u00fcr ve g\u00f6revleri tamamlamak i\u00e7in gereken zaman ve \u00e7abay\u0131 azalt\u0131r.<\/li>\n<li>Daha Az Operat\u00f6r Yorgunlu\u011fu: Direksiyon sistemleri do\u011fru tepki verdi\u011finde, operat\u00f6rler daha az zorlan\u0131r ve bu da uzun vadede odaklanma ve \u00fcretkenli\u011fin artmas\u0131na yol a\u00e7ar.<\/li>\n<\/ul>\n<h3>4. Tutarl\u0131 Kontrol<\/h3>\n<ul>\n<li>\u00d6ng\u00f6r\u00fclebilir Kullan\u0131m: Hassas kontrol, direksiyon silindirinin \u00f6ng\u00f6r\u00fclebilir \u015fekilde davranmas\u0131n\u0131 sa\u011flayarak operat\u00f6rlerin makineyi kullanma konusunda daha iyi bir anlay\u0131\u015f geli\u015ftirmelerine olanak tan\u0131r.<\/li>\n<li>Uyarlanabilirlik: Dinamik \u00e7al\u0131\u015fma ortamlar\u0131 i\u00e7in olmazsa olmaz olan, makinenin kontrolden \u00f6d\u00fcn vermeden de\u011fi\u015fen y\u00fck ve arazi ko\u015fullar\u0131na uyum sa\u011flamas\u0131n\u0131 sa\u011flar.<\/li>\n<\/ul>\n<h3>5. Geli\u015fmi\u015f Performans \u0130zleme<\/h3>\n<ul>\n<li>Veri Do\u011frulu\u011fu: Sens\u00f6rlerle donat\u0131lm\u0131\u015f modern makinelerde hassas kontrol, performans izleme ve te\u015fhis i\u00e7in do\u011fru verilere katk\u0131da bulunarak proaktif bak\u0131m\u0131 kolayla\u015ft\u0131r\u0131r.<\/li>\n<\/ul>\n<h2>Direksiyon Silindiri Fiyat\u0131n\u0131 Anlamak:<\/h2>\n<p>Ningbo Bridge Entegre Tip Direksiyon Silindirini de\u011ferlendirirken, fiyat\u0131n\u0131 \u00f6zellikleri ve avantajlar\u0131 a\u00e7\u0131s\u0131ndan de\u011ferlendirmek \u00e7ok \u00f6nemlidir. Fiyatland\u0131rmam\u0131z\u0131n \u00f6ne \u00e7\u0131kmas\u0131n\u0131n nedenleri \u015funlard\u0131r:<\/p>\n<p>Kalite Uygun Fiyatla Bulu\u015fuyor: Ningbo Bridge Entegre Tip Direksiyon Silindirini, y\u00fcksek kalite ve performans\u0131n\u0131 yans\u0131tan bir fiyatla sunuyoruz. G\u00fcvenilirlikten \u00f6d\u00fcn vermeden ola\u011fan\u00fcst\u00fc bir de\u011fer elde edersiniz.<br \/>\nUygun Maliyetli Yat\u0131r\u0131m: Baz\u0131lar\u0131 daha ucuz alternatifleri tercih etse de, bunun gibi y\u00fcksek kaliteli bir direksiyon silindirine yat\u0131r\u0131m yapmak uzun vadede tasarruf etmenizi sa\u011flayabilir. Azalan bak\u0131m maliyetleri ve artan dayan\u0131kl\u0131l\u0131k, daha az de\u011fi\u015fim ve onar\u0131m anlam\u0131na gelir.<br \/>\nPazar Rekabet\u00e7ili\u011fi: Rekabet\u00e7i fiyat politikam\u0131z, b\u00fct\u00e7enize uygun y\u00fcksek performansl\u0131 bir direksiyon silindiri bulman\u0131z\u0131 sa\u011flar. Fark\u0131 g\u00f6rmek i\u00e7in fiyatlar\u0131m\u0131z\u0131 di\u011ferleriyle kar\u015f\u0131la\u015ft\u0131rman\u0131z\u0131 \u00f6neririz.<br \/>\nGaranti ve Destek: Fiyatland\u0131rmam\u0131z, yat\u0131r\u0131m\u0131n\u0131z\u0131n korunmas\u0131n\u0131 ve ihtiya\u00e7 duydu\u011funuz her an yard\u0131m alman\u0131z\u0131 sa\u011flayan kapsaml\u0131 bir garanti ve m\u00fc\u015fteri deste\u011fini i\u00e7erir.<\/p>\n<h2>Direksiyon Hidrolik Silindirinin Uygulamas\u0131<\/h2>\n<p>Direksiyon hidrolik silindirleri, \u00e7e\u015fitli ara\u00e7 tiplerindeki direksiyon sistemlerinin temel bile\u015fenleridir. Direksiyon akt\u00fcat\u00f6rleri olarak da bilinen bu silindirler, direksiyon pompas\u0131 taraf\u0131ndan \u00fcretilen enerjiyi, arac\u0131n tekerleklerinin y\u00f6n\u00fcn\u00fc de\u011fi\u015ftirmek i\u00e7in kullan\u0131labilen do\u011frusal harekete d\u00f6n\u00fc\u015ft\u00fcrmeye yard\u0131mc\u0131 olur. Direksiyon hidrolik silindirlerinin baz\u0131 uygulamalar\u0131 \u015funlard\u0131r:<\/p>\n<ol>\n<li>A\u011f\u0131r vas\u0131talar:\n<p>Direksiyon hidrolik silindirleri, kamyon, otob\u00fcs ve in\u015faat makineleri gibi a\u011f\u0131r hizmet tipi ara\u00e7larda yayg\u0131n olarak kullan\u0131l\u0131r. Bu ara\u00e7lar\u0131n direksiyonunu \u00e7evirmek i\u00e7in \u00e7ok fazla kuvvet gerekir ve bir hidrolik silindir, ara\u00e7 y\u00fckl\u00fc olsa bile tekerlekleri d\u00f6nd\u00fcrmek i\u00e7in gerekli g\u00fcc\u00fc \u00fcretebilir. Hidrolik sistem ayr\u0131ca direksiyon mekanizmas\u0131 \u00fczerinde daha hassas kontrol sa\u011flayarak s\u00fcr\u00fcc\u00fclerin b\u00fcy\u00fck ve kullan\u0131m\u0131 zor ara\u00e7larda daha kolay hareket etmesini sa\u011flar.<\/li>\n<li>Arazi ara\u00e7lar\u0131:\n<p>ATV, kum arabas\u0131 ve arazi motosikleti gibi arazi ara\u00e7lar\u0131 da direksiyon hidrolik silindirlerinden faydalan\u0131r. Bu ara\u00e7lar genellikle geleneksel direksiyon mekanizmalar\u0131n\u0131n etkili olmayabilece\u011fi engebeli arazilerde \u00e7al\u0131\u015f\u0131r. Hidrolik silindirler, engellerin \u00fczerinden ge\u00e7mek ve ara\u00e7 \u00fczerinde kontrol\u00fc korumak i\u00e7in gerekli g\u00fcc\u00fc ve hassasiyeti sa\u011flayabilir.<\/li>\n<li>Deniz ve havac\u0131l\u0131k uygulamalar\u0131:\n<p>Direksiyon hidrolik silindirleri yaln\u0131zca kara ta\u015f\u0131tlar\u0131yla s\u0131n\u0131rl\u0131 de\u011fildir. Tekne ve gemi gibi deniz uygulamalar\u0131nda ve uzay ara\u00e7lar\u0131 ve u\u00e7aklar gibi havac\u0131l\u0131k teknolojisinde de kullan\u0131l\u0131rlar. Bu ortamlarda, hidrolik silindirler d\u00fcmenlerin, kanat\u00e7\u0131klar\u0131n ve gemi veya u\u00e7a\u011f\u0131n y\u00f6nlendirilmesine yard\u0131mc\u0131 olan di\u011fer kontrol y\u00fczeylerinin y\u00f6n\u00fcn\u00fc de\u011fi\u015ftirmek i\u00e7in kullan\u0131l\u0131r.<\/li>\n<li>End\u00fcstriyel ekipman:\n<p>Hidrolik silindirler, \u00e7e\u015fitli end\u00fcstriyel ortamlarda direksiyon ve di\u011fer uygulamalar i\u00e7in de kullan\u0131l\u0131r. \u00d6rne\u011fin, vin\u00e7leri, forkliftleri veya di\u011fer a\u011f\u0131r makineleri y\u00f6nlendirmek i\u00e7in kullan\u0131labilirler. Bu ortamlarda, hidrolik silindirler b\u00fcy\u00fck y\u00fckleri hareket ettirmek veya dar alanlarda \u00e7al\u0131\u015fmak i\u00e7in gerekli g\u00fcc\u00fc ve hassasiyeti sa\u011flayabilir.<\/li>\n<li>\u00d6zel uygulamalar:\n<p>Bu yayg\u0131n uygulamalara ek olarak, direksiyon hidrolik silindirleri \u00e7e\u015fitli \u00f6zel ortamlarda da kullan\u0131labilir. \u00d6rne\u011fin, benzersiz bir direksiyon mekanizmas\u0131 gerektiren deneysel ara\u00e7larda veya prototiplerde kullan\u0131labilirler. Ayr\u0131ca, hassas ve kontroll\u00fc hareket gerektiren sanatsal enstalasyonlarda veya kinetik heykellerde de kullan\u0131labilirler.<\/li>\n<\/ol>\n<p>G\u00f6rd\u00fc\u011f\u00fcn\u00fcz gibi, direksiyon hidrolik silindirleri \u00e7e\u015fitli end\u00fcstri ve ortamlarda geni\u015f bir uygulama yelpazesine sahiptir. \u0130ster a\u011f\u0131r vas\u0131talarda, ister arazi ara\u00e7lar\u0131nda, ister denizcilik ve havac\u0131l\u0131k uygulamalar\u0131nda, ister end\u00fcstriyel ekipmanlarda veya \u00f6zel uygulamalarda kullan\u0131ls\u0131n, bu silindirler etkili bir \u015fekilde y\u00f6nlendirmek i\u00e7in gerekli g\u00fcc\u00fc, hassasiyeti ve kontrol\u00fc sa\u011flar.<\/p>\n<h2>FMP Hakk\u0131nda<\/h2>\n<p>FMP, in\u015faat makineleri i\u00e7in y\u00fcksek kaliteli hidrolik silindirler, silindir kitleri ve bile\u015fenlerinin lider \u00fcreticisi ve da\u011f\u0131t\u0131c\u0131s\u0131d\u0131r. Uzun y\u0131llara dayanan sekt\u00f6r deneyimimiz ve profesyonel ekibimizle, m\u00fc\u015fterilerimize in\u015faat makineleri ihtiya\u00e7lar\u0131na g\u00fcvenilir ve verimli \u00e7\u00f6z\u00fcmler sunmaya kararl\u0131y\u0131z.<\/p>\n<p>FMP'yi se\u00e7meniz i\u00e7in be\u015f neden:<\/p>\n<ol>\n<li><strong>Y\u00fcksek kaliteli hidrolik silindirler:<\/strong> Hidrolik silindirlerimizi hassas m\u00fchendislikle \u00fcretiyoruz. Kaliteye olan sars\u0131lmaz ba\u011fl\u0131l\u0131\u011f\u0131m\u0131z, yaln\u0131zca en y\u00fcksek kaliteli hammaddeleri kullanmam\u0131z\u0131 ve bitmi\u015f \u00fcr\u00fcnlerin sekt\u00f6r standartlar\u0131n\u0131 kar\u015f\u0131lad\u0131\u011f\u0131ndan ve hatta a\u015ft\u0131\u011f\u0131ndan emin olmak i\u00e7in s\u0131k\u0131 kalite kontrolleri ger\u00e7ekle\u015ftirmemizi sa\u011flar.<\/li>\n<li><strong>Geni\u015f \u00fcr\u00fcn yelpazesi:<\/strong> \u00dcr\u00fcn yelpazemiz her t\u00fcrl\u00fc in\u015faat makinesi ve aksesuarlar\u0131n\u0131 kapsamaktad\u0131r. \u00c7e\u015fitli hidrolik silindirler, \u015fanz\u0131manlar, zincirler, zincir di\u015flileri, motor aksesuarlar\u0131, hidrolik sistem bile\u015fenleri, \u015fasi aksesuarlar\u0131 ve elektrik sistemi aksesuarlar\u0131 sunuyoruz.<\/li>\n<li><strong>Kurulan ortakl\u0131klar:<\/strong> Bir\u00e7ok y\u00fcksek kaliteli yerli ve yabanc\u0131 tedarik\u00e7iyle uzun vadeli ve istikrarl\u0131 ortakl\u0131klar kurduk. Bu sayede, tedarik etti\u011fimiz t\u00fcm aksesuarlar\u0131n s\u0131k\u0131 kalite standartlar\u0131m\u0131z\u0131 kar\u015f\u0131lamas\u0131n\u0131 sa\u011fl\u0131yoruz.<\/li>\n<li><strong>Deneyimli sat\u0131\u015f ekibi:<\/strong> Sat\u0131\u015f ekibimiz, in\u015faat makineleri sekt\u00f6r\u00fcnde uzun y\u0131llara dayanan deneyim ve bilgiye sahiptir. Bilin\u00e7li kararlar alman\u0131za yard\u0131mc\u0131 olmak i\u00e7in profesyonel \u00fcr\u00fcn dan\u0131\u015fmanl\u0131\u011f\u0131 ve ak\u0131ll\u0131 sat\u0131n alma tavsiyeleri sunabilirler.<\/li>\n<li><strong>Verimli lojistik da\u011f\u0131t\u0131m sistemi:<\/strong> M\u00fc\u015fterilerimizin ihtiya\u00e7 duyduklar\u0131 par\u00e7alar\u0131 zaman\u0131nda ve do\u011fru bir \u015fekilde alabilmelerini sa\u011flamak i\u00e7in etkin bir lojistik da\u011f\u0131t\u0131m sistemine sahibiz.<\/li>\n<\/ol>\n<p><img decoding=\"async\" src=\"https:\/\/fmp-components.com\/wp-content\/uploads\/2025\/01\/Dump-Truck-Trailer-Hydraulic-Cylinder-product-3-3.webp\" alt=\"Hidrolik silindir\" width=\"800\" title=\"\"><\/p>\n<p>FMP olarak, m\u00fc\u015fterilerimize y\u00fcksek kaliteli ve g\u00fcvenilir in\u015faat makinesi aksesuarlar\u0131 ve eksiksiz makine \u00e7\u00f6z\u00fcmleri sunmaya kararl\u0131y\u0131z. Modern fabrika tesislerimiz, CNC tak\u0131m tezgahlar\u0131m\u0131z, bilgisayar destekli tasar\u0131m\u0131m\u0131z, kalifiye \u00e7al\u0131\u015fanlar\u0131m\u0131z, hidrolik sistem uzmanlar\u0131m\u0131z, silindir montajc\u0131lar\u0131m\u0131z ve bayilerimizle, hidrolik silindir, silindir kiti ve bile\u015fen ihtiya\u00e7lar\u0131n\u0131z\u0131 kar\u015f\u0131lamak i\u00e7in tercih edilen orta\u011f\u0131z.<\/p>\n<p>Yazar: CX<\/p>","protected":false},"excerpt":{"rendered":"<p>Ningbo Bridge Integrated-Type Steering Cylinder The Ningbo Bridge Integrated-Type Steering Cylinder is an essential component for steering systems in heavy machinery and vehicles, especially in bridge construction. This hydraulic actuator significantly enhances maneuverability and precision, making it a must-have for operators seeking reliability and efficiency. The cylinder features a robust design and exceptional performance in [&hellip;]<\/p>","protected":false},"featured_media":2968,"comment_status":"closed","ping_status":"closed","template":"","meta":{"_et_pb_use_builder":"","_et_pb_old_content":"","_et_gb_content_width":""},"product_brand":[],"product_cat":[67],"product_tag":[34,70],"class_list":{"0":"post-2967","1":"product","2":"type-product","3":"status-publish","4":"has-post-thumbnail","6":"product_cat-steering-hydraulic-cylinder","7":"product_tag-hydraulic-cylinder","8":"product_tag-steering-hydraulic-cylinder","10":"first","11":"instock","12":"product-type-simple"},"_links":{"self":[{"href":"https:\/\/fmp-components.com\/tr\/wp-json\/wp\/v2\/product\/2967","targetHints":{"allow":["GET"]}}],"collection":[{"href":"https:\/\/fmp-components.com\/tr\/wp-json\/wp\/v2\/product"}],"about":[{"href":"https:\/\/fmp-components.com\/tr\/wp-json\/wp\/v2\/types\/product"}],"replies":[{"embeddable":true,"href":"https:\/\/fmp-components.com\/tr\/wp-json\/wp\/v2\/comments?post=2967"}],"wp:featuredmedia":[{"embeddable":true,"href":"https:\/\/fmp-components.com\/tr\/wp-json\/wp\/v2\/media\/2968"}],"wp:attachment":[{"href":"https:\/\/fmp-components.com\/tr\/wp-json\/wp\/v2\/media?parent=2967"}],"wp:term":[{"taxonomy":"product_brand","embeddable":true,"href":"https:\/\/fmp-components.com\/tr\/wp-json\/wp\/v2\/product_brand?post=2967"},{"taxonomy":"product_cat","embeddable":true,"href":"https:\/\/fmp-components.com\/tr\/wp-json\/wp\/v2\/product_cat?post=2967"},{"taxonomy":"product_tag","embeddable":true,"href":"https:\/\/fmp-components.com\/tr\/wp-json\/wp\/v2\/product_tag?post=2967"}],"curies":[{"name":"wp","href":"https:\/\/api.w.org\/{rel}","templated":true}]}}