{"id":2965,"date":"2025-01-04T05:29:29","date_gmt":"2025-01-04T05:29:29","guid":{"rendered":"https:\/\/fmp-components.com\/product\/ningbo-bridge-split-type-steering-cylinder\/"},"modified":"2025-01-04T05:38:39","modified_gmt":"2025-01-04T05:38:39","slug":"ningbo-bridge-split-type-steering-cylinder","status":"publish","type":"product","link":"https:\/\/fmp-components.com\/tr\/product\/ningbo-bridge-split-type-steering-cylinder\/","title":{"rendered":"Ningbo K\u00f6pr\u00fcl\u00fc B\u00f6l\u00fcnm\u00fc\u015f Tip Direksiyon Silindiri"},"content":{"rendered":"<h2>\u00dcr\u00fcn A\u00e7\u0131klamas\u0131:<\/h2>\n<p>Ningbo K\u00f6pr\u00fcs\u00fc Entegre Tip Direksiyon Silindiri, a\u011f\u0131r hizmet ara\u00e7lar\u0131 i\u00e7in tasarlanm\u0131\u015f y\u00fcksek kaliteli bir direksiyon bile\u015fenidir. Hassas bir \u015fekilde \u00fcretilmi\u015f olup, sorunsuz ve g\u00fcvenilir direksiyon performans\u0131 sa\u011flayan geli\u015fmi\u015f \u00f6zellikler i\u00e7ermektedir.<\/p>\n<p>Bu direksiyon silindiri, en kaliteli malzemelerden \u00fcretilmi\u015f olup en zorlu ko\u015fullara dayanacak \u015fekilde tasarlanm\u0131\u015ft\u0131r. Entegre tasar\u0131m\u0131 sayesinde kolay kurulum ve bak\u0131m imkan\u0131 sunarken, kompakt boyutu da geni\u015f bir uygulama yelpazesi i\u00e7in uygun olmas\u0131n\u0131 sa\u011flar.<\/p>\n<p>Geli\u015fmi\u015f tasar\u0131m\u0131 ve y\u00fcksek kaliteli yap\u0131s\u0131yla Ningbo K\u00f6pr\u00fcs\u00fc Entegre Tip Direksiyon Silindiri, a\u011f\u0131r vas\u0131talar i\u00e7in \u00fcst\u00fcn bir direksiyon deneyimi sunar.<\/p>\n<p><img loading=\"lazy\" decoding=\"async\" class=\"aligncenter wp-image-1012825\" src=\"https:\/\/images.hzpt.com\/2024\/11\/steering-cylinder-split-1-300x300.webp\" alt=\"\" width=\"400\" height=\"400\" title=\"\"><\/p>\n<p>Ningbo K\u00f6pr\u00fcs\u00fc B\u00f6l\u00fcnm\u00fc\u015f Tip Direksiyon Silindiri, bak\u0131m\u0131n\u0131 kolayla\u015ft\u0131ran ve par\u00e7a de\u011fi\u015fimini son derece pratik hale getiren yenilik\u00e7i b\u00f6l\u00fcnm\u00fc\u015f tip tasar\u0131m\u0131yla \u00f6ne \u00e7\u0131kmaktad\u0131r. Hidrolik bas\u0131n\u00e7tan yararlanan bu silindir, direksiyon i\u00e7in gerekli olan kuvveti sa\u011flayarak \u00f6zellikle b\u00fcy\u00fck ve a\u011f\u0131r ara\u00e7lar i\u00e7in avantajl\u0131 bir \u00e7\u00f6z\u00fcm sunmaktad\u0131r. Bu i\u015flevsellik, hassas manevra kabiliyeti ve kontrol\u00fcn son derece \u00f6nemli oldu\u011fu durumlarda hayati \u00f6nem ta\u015f\u0131maktad\u0131r.<\/p>\n<p>Hayati bir bile\u015fen olan Ningbo K\u00f6pr\u00fcs\u00fc B\u00f6l\u00fcnm\u00fc\u015f Tip Direksiyon Silindiri, ara\u00e7 kontrol\u00fcn\u00fc ve s\u00fcr\u00fc\u015f konforunu \u00f6nemli \u00f6l\u00e7\u00fcde art\u0131r\u0131r. Ak\u0131ll\u0131 tasar\u0131m\u0131, bak\u0131m i\u015flemlerini kolayla\u015ft\u0131rmakla kalmaz, ayn\u0131 zamanda g\u00fcvenilir bir direksiyon deneyimi de garanti eder. Ara\u00e7 sahipleri, benzersiz \u00f6zelliklerini anlayarak ve do\u011fru bak\u0131m uygulamalar\u0131n\u0131 takip ederek bu \u00f6nemli bile\u015fenin hem performans\u0131n\u0131 hem de \u00f6mr\u00fcn\u00fc optimize edebilirler.<\/p>\n<p>S\u00fcr\u00fc\u015f deneyiminizi sadece daha g\u00fcvenli de\u011fil, ayn\u0131 zamanda daha ak\u0131c\u0131 ve daha duyarl\u0131 hale getirmek i\u00e7in bug\u00fcn Ningbo K\u00f6pr\u00fcs\u00fc B\u00f6l\u00fcnm\u00fc\u015f Tip Direksiyon Silindiri'ne ge\u00e7in. Arac\u0131n\u0131z\u0131n direksiyon dinamiklerini iyile\u015ftirme f\u0131rsat\u0131n\u0131 ka\u00e7\u0131rmay\u0131n!<\/p>\n<h3>Ningbo K\u00f6pr\u00fcs\u00fc B\u00f6l\u00fcnm\u00fc\u015f Tip Direksiyon Silindiri Parametreleri:<\/h3>\n<p><strong>Silindir \u00c7ap\u0131:<\/strong> 50 mm<br \/>\n<strong>\u00c7ubuk \u00c7ap\u0131:<\/strong> 25 mm<br \/>\n<strong>Seyahat:<\/strong> 135 mm<br \/>\n<strong>Kurulum Mesafesi:<\/strong> 495 mm<\/p>\n<h2>Ningbo K\u00f6pr\u00fcs\u00fc B\u00f6l\u00fcnm\u00fc\u015f Tip Direksiyon Silindirinin Ba\u015fl\u0131ca \u00d6zellikleri:<\/h2>\n<h4>B\u00f6l\u00fcnm\u00fc\u015f Tip Tasar\u0131m<\/h4>\n<p>Ningbo K\u00f6pr\u00fcs\u00fc Direksiyon Silindirinin yenilik\u00e7i b\u00f6l\u00fcnm\u00fc\u015f tip tasar\u0131m\u0131, h\u0131zl\u0131 ve verimli onar\u0131mlara olanak tan\u0131r. Bu \u00f6zellik, ar\u0131za s\u00fcresini en aza indirerek ara\u00e7lar\u0131n yolda kalma s\u00fcresini azalt\u0131r ve daha fazla zaman\u0131 \u00e7al\u0131\u015f\u0131r durumda ge\u00e7irmesini sa\u011flar. Bir par\u00e7an\u0131n de\u011fi\u015ftirilmesi gerekti\u011finde, mekanikler silindire kolayca eri\u015febilir ve bak\u0131m\u0131n\u0131 yapabilir, b\u00f6ylece genel verimlilik artar.<\/p>\n<h4>Y\u00fcksek Kaliteli Malzemeler<\/h4>\n<p>Y\u00fcksek kaliteli ve dayan\u0131kl\u0131 malzemelerden \u00fcretilen bu direksiyon silindiri, g\u00fcnl\u00fck kullan\u0131m\u0131n zorluklar\u0131na dayanacak \u015fekilde tasarlanm\u0131\u015ft\u0131r. A\u015f\u0131nmaya ve korozyona kar\u015f\u0131 direnci, y\u00fcksek bas\u0131n\u00e7l\u0131 senaryolarda bile uzun \u00f6m\u00fcrl\u00fcl\u00fck sa\u011flar. Bu sa\u011flam yap\u0131, silindirin g\u00fcvenilirli\u011fini art\u0131rmakla kalmaz, ayn\u0131 zamanda zaman i\u00e7inde tutarl\u0131 performans sa\u011flayarak arac\u0131n g\u00fcvenli\u011fine de katk\u0131da bulunur.<\/p>\n<h4>Geli\u015ftirilmi\u015f Direksiyon Hassasiyeti<\/h4>\n<p>Ningbo K\u00f6pr\u00fcs\u00fc B\u00f6l\u00fcnm\u00fc\u015f Tip Direksiyon Silindiri, direksiyon tepkisini \u00f6nemli \u00f6l\u00e7\u00fcde iyile\u015ftirerek s\u00fcr\u00fcc\u00fclere hassas kontrol sa\u011flar. Bu geli\u015fmi\u015f direksiyon hassasiyeti, \u00f6zellikle keskin d\u00f6n\u00fc\u015fler veya ani manevralar s\u0131ras\u0131nda ara\u00e7 kullan\u0131m\u0131 i\u00e7in \u00e7ok \u00f6nemlidir. \u00c7e\u015fitli ko\u015fullarda g\u00fcvenli s\u00fcr\u00fc\u015fe olanak tan\u0131yarak s\u00fcr\u00fcc\u00fc ve yolcular i\u00e7in daha g\u00fcvenli bir deneyim sa\u011flar.<\/p>\n<h4>\u00c7ok Y\u00f6nl\u00fc Uyumluluk<\/h4>\n<p>\u00c7ok y\u00f6nl\u00fcl\u00fck g\u00f6z \u00f6n\u00fcnde bulundurularak tasarlanan direksiyon silindiri, \u00e7ok \u00e7e\u015fitli hidrolik sistemlerle uyumludur. Bu uyarlanabilirlik, onu ticari kamyonlardan binek otomobillere kadar \u00e7e\u015fitli ara\u00e7 modelleri i\u00e7in ideal hale getirir. Ara\u00e7 tipinden ba\u011f\u0131ms\u0131z olarak, Ningbo K\u00f6pr\u00fc Direksiyon Silindiri sorunsuz bir \u015fekilde entegre olur ve optimum performans sa\u011flar.<\/p>\n<h4>Kompakt ve Hafif<\/h4>\n<p>Direksiyon silindirinin kompakt ve hafif tasar\u0131m\u0131, arac\u0131n direksiyon sisteminde de\u011ferli yerden tasarruf sa\u011flamakla kalmaz, ayn\u0131 zamanda genel verimlili\u011fe de katk\u0131da bulunur. Direksiyon tertibat\u0131n\u0131n a\u011f\u0131rl\u0131\u011f\u0131n\u0131 azaltarak yak\u0131t verimlili\u011fini ve performans\u0131 art\u0131r\u0131r; bu da onu optimum i\u015flevsellik hedefleyen modern ara\u00e7lar i\u00e7in m\u00fckemmel bir se\u00e7im haline getirir.<\/p>\n<h2>Ningbo K\u00f6pr\u00fcs\u00fc B\u00f6l\u00fcnm\u00fc\u015f Tip Direksiyon Silindiri Uygulamas\u0131:<\/h2>\n<p><img loading=\"lazy\" decoding=\"async\" class=\"alignnone wp-image-1012826 size-full\" src=\"https:\/\/images.hzpt.com\/2024\/11\/steering-cylinder-split-application.webp\" alt=\"\" width=\"1072\" height=\"603\" title=\"\"><\/p>\n<h2>Ningbo K\u00f6pr\u00fcs\u00fc B\u00f6l\u00fcnm\u00fc\u015f Tip Direksiyon Silindirinin Kullan\u0131m Y\u00f6ntemi:<\/h2>\n<p>Ningbo K\u00f6pr\u00fcs\u00fc'n\u00fcn b\u00f6l\u00fcnm\u00fc\u015f tip direksiyon silindirinin kullan\u0131m\u0131, geli\u015fmi\u015f m\u00fchendisli\u011fi sayesinde basit ama etkili bir i\u015flemdir. \u0130\u015fte \u00e7al\u0131\u015fma prensibine daha yak\u0131ndan bir bak\u0131\u015f:<\/p>\n<h4>Hidrolik Direksiyon Aktivasyonu<\/h4>\n<p>S\u00fcr\u00fcc\u00fc direksiyonu \u00e7evirdi\u011finde, hidrolik bas\u0131n\u00e7 \u00fcreten hidrolik direksiyon pompas\u0131 devreye girer. Bu ilk ad\u0131m \u00e7ok \u00f6nemlidir, \u00e7\u00fcnk\u00fc hidrolik sisteme direksiyon deste\u011fi i\u00e7in haz\u0131rl\u0131k sinyali verir. Pompa, direksiyon simidinden gelen mekanik enerjiyi verimli bir \u015fekilde hidrolik enerjiye d\u00f6n\u00fc\u015ft\u00fcrerek, sorunsuz bir direksiyon deneyimi i\u00e7in zemin haz\u0131rlar.<\/p>\n<h4>S\u0131v\u0131 G\u00f6nderimi<\/h4>\n<p>Hidrolik bas\u0131n\u00e7 artt\u0131k\u00e7a, hidrolik s\u0131v\u0131 direksiyon silindirine y\u00f6nlendirilir. Bu s\u0131v\u0131, silindire akarak i\u00e7erideki pistonu itti\u011fi i\u00e7in sistemde hayati bir rol oynar. S\u0131v\u0131n\u0131n hareketi, do\u011fru miktarda bas\u0131n\u00e7 uygulanmas\u0131n\u0131 sa\u011flamak i\u00e7in dikkatlice kontrol edilir ve s\u00fcr\u00fcc\u00fcn\u00fcn girdisine g\u00f6re hassas ayarlamalar yap\u0131lmas\u0131na olanak tan\u0131r.<\/p>\n<h4>Direksiyon Yard\u0131m\u0131<\/h4>\n<p>Silindir i\u00e7indeki pistonun hareketi, i\u015fin p\u00fcf noktas\u0131d\u0131r. Hidrolik s\u0131v\u0131 pistonu itti\u011finde, direksiyon mekanizmas\u0131n\u0131n d\u00f6nmesine yard\u0131mc\u0131 olacak gerekli kuvveti olu\u015fturur. Bu hareket, s\u00fcr\u00fcc\u00fcn\u00fcn ihtiya\u00e7 duydu\u011fu \u00e7abay\u0131 \u00f6nemli \u00f6l\u00e7\u00fcde azaltarak, \u00f6zellikle dar alanlarda veya keskin virajlarda arac\u0131n manevra yapmas\u0131n\u0131 kolayla\u015ft\u0131r\u0131r. Pistonun d\u00fczg\u00fcn \u00e7al\u0131\u015fmas\u0131, direksiyonun do\u011fal ve duyarl\u0131 bir \u015fekilde tepki vermesini sa\u011flar.<\/p>\n<h2>Direksiyon Hidrolik Silindirinin Uygulamas\u0131<\/h2>\n<p>Direksiyon hidrolik silindirleri, \u00e7e\u015fitli ara\u00e7 tiplerindeki direksiyon sistemlerinin temel bile\u015fenleridir. Direksiyon akt\u00fcat\u00f6rleri olarak da bilinen bu silindirler, direksiyon pompas\u0131 taraf\u0131ndan \u00fcretilen enerjiyi, arac\u0131n tekerleklerinin y\u00f6n\u00fcn\u00fc de\u011fi\u015ftirmek i\u00e7in kullan\u0131labilen do\u011frusal harekete d\u00f6n\u00fc\u015ft\u00fcrmeye yard\u0131mc\u0131 olur. Direksiyon hidrolik silindirlerinin baz\u0131 uygulamalar\u0131 \u015funlard\u0131r:<\/p>\n<ol>\n<li>A\u011f\u0131r vas\u0131talar: Direksiyon hidrolik silindirleri, kamyon, otob\u00fcs ve in\u015faat makineleri gibi a\u011f\u0131r vas\u0131talarda yayg\u0131n olarak kullan\u0131l\u0131r. Bu ara\u00e7lar\u0131n direksiyonu \u00e7evirmek i\u00e7in \u00e7ok fazla kuvvet gerekir ve bir hidrolik silindir, ara\u00e7 y\u00fckl\u00fc olsa bile tekerlekleri d\u00f6nd\u00fcrmek i\u00e7in gerekli g\u00fcc\u00fc \u00fcretebilir. Hidrolik sistem ayr\u0131ca direksiyon mekanizmas\u0131 \u00fczerinde daha hassas kontrol sa\u011flayarak s\u00fcr\u00fcc\u00fclerin b\u00fcy\u00fck ve kullan\u0131m\u0131 zor ara\u00e7larda daha kolay hareket etmesini sa\u011flar.<\/li>\n<li>Arazi ara\u00e7lar\u0131: ATV, kum arabas\u0131 ve arazi motosikleti gibi arazi ara\u00e7lar\u0131 da direksiyon hidrolik silindirlerinden faydalan\u0131r. Bu ara\u00e7lar genellikle geleneksel direksiyon mekanizmalar\u0131n\u0131n etkili olmayabilece\u011fi engebeli arazilerde \u00e7al\u0131\u015f\u0131r. Hidrolik silindirler, engellerin \u00fczerinden ge\u00e7mek ve ara\u00e7 \u00fczerinde kontrol\u00fc korumak i\u00e7in gereken g\u00fcc\u00fc ve hassasiyeti sa\u011flayabilir.<\/li>\n<li>Deniz ve havac\u0131l\u0131k uygulamalar\u0131: Direksiyon hidrolik silindirleri yaln\u0131zca kara ta\u015f\u0131tlar\u0131yla s\u0131n\u0131rl\u0131 de\u011fildir. Tekne ve gemi gibi deniz uygulamalar\u0131nda ve uzay ara\u00e7lar\u0131 ve u\u00e7aklar gibi havac\u0131l\u0131k teknolojisinde de kullan\u0131l\u0131rlar. Bu ortamlarda, hidrolik silindirler d\u00fcmenlerin, kanat\u00e7\u0131klar\u0131n ve gemi veya u\u00e7a\u011f\u0131n y\u00f6nlendirilmesine yard\u0131mc\u0131 olan di\u011fer kontrol y\u00fczeylerinin y\u00f6n\u00fcn\u00fc de\u011fi\u015ftirmek i\u00e7in kullan\u0131l\u0131r.<\/li>\n<li>End\u00fcstriyel ekipman: Hidrolik silindirler, \u00e7e\u015fitli end\u00fcstriyel ortamlarda direksiyon ve di\u011fer uygulamalar i\u00e7in de kullan\u0131l\u0131r. \u00d6rne\u011fin, vin\u00e7leri, forkliftleri veya di\u011fer a\u011f\u0131r makineleri y\u00f6nlendirmek i\u00e7in kullan\u0131labilirler. Bu ortamlarda, hidrolik silindirler b\u00fcy\u00fck y\u00fckleri hareket ettirmek veya dar alanlarda \u00e7al\u0131\u015fmak i\u00e7in gerekli g\u00fcc\u00fc ve hassasiyeti sa\u011flayabilir.<\/li>\n<li>\u00d6zel uygulamalar: Bu yayg\u0131n uygulamalara ek olarak, direksiyon hidrolik silindirleri \u00e7e\u015fitli \u00f6zel ortamlarda da kullan\u0131labilir. \u00d6rne\u011fin, benzersiz bir direksiyon mekanizmas\u0131 gerektiren deneysel ara\u00e7larda veya prototiplerde kullan\u0131labilirler. Ayr\u0131ca, hassas ve kontroll\u00fc hareket gerektiren sanatsal enstalasyonlarda veya kinetik heykellerde de kullan\u0131labilirler.<\/li>\n<\/ol>\n<p>G\u00f6rd\u00fc\u011f\u00fcn\u00fcz gibi, direksiyon hidrolik silindirleri \u00e7e\u015fitli end\u00fcstri ve ortamlarda geni\u015f bir uygulama yelpazesine sahiptir. \u0130ster a\u011f\u0131r vas\u0131talarda, ister arazi ara\u00e7lar\u0131nda, ister denizcilik ve havac\u0131l\u0131k uygulamalar\u0131nda, ister end\u00fcstriyel ekipmanlarda veya \u00f6zel uygulamalarda kullan\u0131ls\u0131n, bu silindirler etkili bir \u015fekilde y\u00f6nlendirmek i\u00e7in gerekli g\u00fcc\u00fc, hassasiyeti ve kontrol\u00fc sa\u011flar.<\/p>\n<h2>FMP Hakk\u0131nda<\/h2>\n<p>FMP, in\u015faat makineleri i\u00e7in y\u00fcksek kaliteli hidrolik silindirler, silindir kitleri ve bile\u015fenlerinin lider \u00fcreticisi ve da\u011f\u0131t\u0131c\u0131s\u0131d\u0131r. Uzun y\u0131llara dayanan sekt\u00f6r deneyimimiz ve profesyonel ekibimizle, m\u00fc\u015fterilerimize in\u015faat makineleri ihtiya\u00e7lar\u0131na g\u00fcvenilir ve verimli \u00e7\u00f6z\u00fcmler sunmaya kararl\u0131y\u0131z.<\/p>\n<p>FMP'yi se\u00e7meniz i\u00e7in be\u015f neden:<\/p>\n<ol>\n<li><strong>Y\u00fcksek kaliteli hidrolik silindirler:<\/strong> Hidrolik silindirlerimizi hassas m\u00fchendislikle \u00fcretiyoruz. Kaliteye olan sars\u0131lmaz ba\u011fl\u0131l\u0131\u011f\u0131m\u0131z, yaln\u0131zca en y\u00fcksek kaliteli hammaddeleri kullanmam\u0131z\u0131 ve bitmi\u015f \u00fcr\u00fcnlerin sekt\u00f6r standartlar\u0131n\u0131 kar\u015f\u0131lad\u0131\u011f\u0131ndan ve hatta a\u015ft\u0131\u011f\u0131ndan emin olmak i\u00e7in s\u0131k\u0131 kalite kontrolleri ger\u00e7ekle\u015ftirmemizi sa\u011flar.<\/li>\n<li><strong>Geni\u015f \u00fcr\u00fcn yelpazesi:<\/strong> \u00dcr\u00fcn yelpazemiz her t\u00fcrl\u00fc in\u015faat makinesi ve aksesuarlar\u0131n\u0131 kapsamaktad\u0131r. \u00c7e\u015fitli hidrolik silindirler, \u015fanz\u0131manlar, zincirler, zincir di\u015flileri, motor aksesuarlar\u0131, hidrolik sistem bile\u015fenleri, \u015fasi aksesuarlar\u0131 ve elektrik sistemi aksesuarlar\u0131 sunuyoruz.<\/li>\n<li><strong>Kurulan ortakl\u0131klar:<\/strong> Bir\u00e7ok y\u00fcksek kaliteli yerli ve yabanc\u0131 tedarik\u00e7iyle uzun vadeli ve istikrarl\u0131 ortakl\u0131klar kurduk. Bu sayede, tedarik etti\u011fimiz t\u00fcm aksesuarlar\u0131n s\u0131k\u0131 kalite standartlar\u0131m\u0131z\u0131 kar\u015f\u0131lamas\u0131n\u0131 sa\u011fl\u0131yoruz.<\/li>\n<li><strong>Deneyimli sat\u0131\u015f ekibi:<\/strong> Sat\u0131\u015f ekibimiz, in\u015faat makineleri sekt\u00f6r\u00fcnde uzun y\u0131llara dayanan deneyim ve bilgiye sahiptir. Bilin\u00e7li kararlar alman\u0131za yard\u0131mc\u0131 olmak i\u00e7in profesyonel \u00fcr\u00fcn dan\u0131\u015fmanl\u0131\u011f\u0131 ve ak\u0131ll\u0131 sat\u0131n alma tavsiyeleri sunabilirler.<\/li>\n<li><strong>Verimli lojistik da\u011f\u0131t\u0131m sistemi:<\/strong> M\u00fc\u015fterilerimizin ihtiya\u00e7 duyduklar\u0131 par\u00e7alar\u0131 zaman\u0131nda ve do\u011fru bir \u015fekilde alabilmelerini sa\u011flamak i\u00e7in etkin bir lojistik da\u011f\u0131t\u0131m sistemine sahibiz.<\/li>\n<\/ol>\n<p><img decoding=\"async\" src=\"https:\/\/fmp-components.com\/wp-content\/uploads\/2025\/01\/Dump-Truck-Trailer-Hydraulic-Cylinder-product-3-3.webp\" alt=\"Hidrolik silindir\" width=\"800\" title=\"\"><\/p>\n<p>FMP olarak, m\u00fc\u015fterilerimize y\u00fcksek kaliteli ve g\u00fcvenilir in\u015faat makinesi aksesuarlar\u0131 ve eksiksiz makine \u00e7\u00f6z\u00fcmleri sunmaya kararl\u0131y\u0131z. Modern fabrika tesislerimiz, CNC tak\u0131m tezgahlar\u0131m\u0131z, bilgisayar destekli tasar\u0131m\u0131m\u0131z, kalifiye \u00e7al\u0131\u015fanlar\u0131m\u0131z, hidrolik sistem uzmanlar\u0131m\u0131z, silindir montajc\u0131lar\u0131m\u0131z ve bayilerimizle, hidrolik silindir, silindir kiti ve bile\u015fen ihtiya\u00e7lar\u0131n\u0131z\u0131 kar\u015f\u0131lamak i\u00e7in tercih edilen orta\u011f\u0131z.<\/p>\n<p>Yazar: CX<\/p>","protected":false},"excerpt":{"rendered":"<p>Product Description: Ningbo Bridge Integrated-Type Steering Cylinder is a high-quality steering component designed for heavy-duty vehicles. It is built with precision and incorporates advanced features that ensure smooth and reliable steering performance. This steering cylinder is made with top-grade materials and is engineered to withstand the toughest conditions. Its integrated design allows for easy installation [&hellip;]<\/p>","protected":false},"featured_media":2966,"comment_status":"closed","ping_status":"closed","template":"","meta":{"_et_pb_use_builder":"","_et_pb_old_content":"","_et_gb_content_width":""},"product_brand":[],"product_cat":[67],"product_tag":[34,70],"class_list":{"0":"post-2965","1":"product","2":"type-product","3":"status-publish","4":"has-post-thumbnail","6":"product_cat-steering-hydraulic-cylinder","7":"product_tag-hydraulic-cylinder","8":"product_tag-steering-hydraulic-cylinder","10":"first","11":"instock","12":"product-type-simple"},"_links":{"self":[{"href":"https:\/\/fmp-components.com\/tr\/wp-json\/wp\/v2\/product\/2965","targetHints":{"allow":["GET"]}}],"collection":[{"href":"https:\/\/fmp-components.com\/tr\/wp-json\/wp\/v2\/product"}],"about":[{"href":"https:\/\/fmp-components.com\/tr\/wp-json\/wp\/v2\/types\/product"}],"replies":[{"embeddable":true,"href":"https:\/\/fmp-components.com\/tr\/wp-json\/wp\/v2\/comments?post=2965"}],"wp:featuredmedia":[{"embeddable":true,"href":"https:\/\/fmp-components.com\/tr\/wp-json\/wp\/v2\/media\/2966"}],"wp:attachment":[{"href":"https:\/\/fmp-components.com\/tr\/wp-json\/wp\/v2\/media?parent=2965"}],"wp:term":[{"taxonomy":"product_brand","embeddable":true,"href":"https:\/\/fmp-components.com\/tr\/wp-json\/wp\/v2\/product_brand?post=2965"},{"taxonomy":"product_cat","embeddable":true,"href":"https:\/\/fmp-components.com\/tr\/wp-json\/wp\/v2\/product_cat?post=2965"},{"taxonomy":"product_tag","embeddable":true,"href":"https:\/\/fmp-components.com\/tr\/wp-json\/wp\/v2\/product_tag?post=2965"}],"curies":[{"name":"wp","href":"https:\/\/api.w.org\/{rel}","templated":true}]}}