{"id":2961,"date":"2025-01-04T05:29:29","date_gmt":"2025-01-04T05:29:29","guid":{"rendered":"https:\/\/fmp-components.com\/product\/qj1254-31-021-steering-cylinder\/"},"modified":"2025-01-04T05:50:18","modified_gmt":"2025-01-04T05:50:18","slug":"qj1254-31-021-steering-cylinder","status":"publish","type":"product","link":"https:\/\/fmp-components.com\/tr\/product\/qj1254-31-021-steering-cylinder\/","title":{"rendered":"QJ1254 31 021 Direksiyon Silindiri"},"content":{"rendered":"<h2>FMP-Direksiyon Hidrolik Silindiri<\/h2>\n<p>FMP-Direksiyon Hidrolik Silindiri, direksiyon sistemlerinde kullan\u0131lmak \u00fczere tasarlanm\u0131\u015f geli\u015fmi\u015f bir hidrolik silindirdir. Zorlu ortamlarda y\u00fcksek y\u00fcklere dayanacak ve \u00fcst\u00fcn performans sa\u011flayacak \u015fekilde tasarlanm\u0131\u015ft\u0131r.<\/p>\n<p>Bu hidrolik silindir, uzun \u00f6m\u00fcrl\u00fc kullan\u0131m sa\u011flayan y\u00fcksek kaliteli malzemelerden yap\u0131lm\u0131\u015f dayan\u0131kl\u0131 bir yap\u0131ya sahiptir. Ayr\u0131ca, \u00e7o\u011fu direksiyon sistemine kolayca monte edilebilen kompakt bir tasar\u0131ma sahiptir.<\/p>\n<p>FMP-Direksiyon Hidrolik Silindiri, hassas ve h\u0131zl\u0131 direksiyon kontrol\u00fc sa\u011flayarak p\u00fcr\u00fczs\u00fcz ve hassas d\u00f6n\u00fc\u015fler sa\u011flar. Y\u00fcksek bas\u0131n\u00e7l\u0131 hidrolik s\u0131v\u0131y\u0131 idare edebilir ve zorlu ko\u015fullarda bile g\u00fcvenilir performans sa\u011flar.<\/p>\n<p>\u0130ster yeni bir direksiyon sistemi i\u00e7in hidrolik silindir ar\u0131yor olun, ister mevcut bir sistemin yerine yenisini takmak isteyin, FMP-Steering Hidrolik Silindiri m\u00fckemmel bir se\u00e7imdir. G\u00fcvenilir performans\u0131 ve dayan\u0131kl\u0131 yap\u0131s\u0131yla, uzun y\u0131llar boyunca sorunsuz ve hassas direksiyon kontrol\u00fc sa\u011flayaca\u011f\u0131ndan emin olabilirsiniz.<\/p>\n<p><img loading=\"lazy\" decoding=\"async\" class=\"wp-image-1011636 aligncenter\" src=\"https:\/\/images.hzpt.com\/2024\/11\/qj1254-31-021-steering-cylinder-1.webp\" alt=\"\" width=\"400\" height=\"400\" title=\"\"><\/p>\n<p>QJ1254 31 021 Direksiyon Silindiri, \u00e7e\u015fitli ara\u00e7 ve makinelerdeki hidrolik direksiyon sistemleri i\u00e7in tasarlanm\u0131\u015f temel bir bile\u015fendir. Bu direksiyon silindiri, hidrolik bas\u0131nc\u0131 mekanik g\u00fcce d\u00f6n\u00fc\u015ft\u00fcrerek p\u00fcr\u00fczs\u00fcz ve hassas bir direksiyon hakimiyeti sa\u011flar. Sa\u011flam yap\u0131s\u0131 ve geli\u015fmi\u015f \u00f6zellikleriyle QJ1254 31 021, manevra kabiliyetini ve g\u00fcvenli\u011fi art\u0131rarak in\u015faat, tar\u0131m ve ula\u015f\u0131m sekt\u00f6rlerindeki zorlu uygulamalar i\u00e7in ideal bir se\u00e7imdir.<\/p>\n<p>Hidrolik direksiyon sistemlerinin \u00f6nemli bir par\u00e7as\u0131 olan QJ1254 31 021, dayan\u0131kl\u0131l\u0131k, hassasiyet ve bak\u0131m kolayl\u0131\u011f\u0131n\u0131n benzersiz bir birle\u015fimini sunar. Operat\u00f6rler, \u00f6zelliklerini, kullan\u0131m y\u00f6ntemlerini ve bak\u0131m gereksinimlerini \u00f6\u011frenerek bu hayati hidrolik silindirin performans\u0131n\u0131 art\u0131rabilir ve \u00f6mr\u00fcn\u00fc uzatabilirler.<\/p>\n<p>QJ1254 31 021'e yat\u0131r\u0131m yapmak, makinelerinizin i\u015flevselli\u011fini ve g\u00fcvenli\u011fini art\u0131rman\u0131n yan\u0131 s\u0131ra, i\u015fteki \u00fcretkenli\u011fi de art\u0131r\u0131r. Bu y\u00fcksek kaliteli direksiyon silindirinin operasyonlar\u0131n\u0131z \u00fczerindeki \u00f6nemli etkisini ke\u015ffedin ve her zaman g\u00fcvenilir ve verimli direksiyon performans\u0131 sa\u011flay\u0131n!<\/p>\n<h2>QJ1254 31 021 Direksiyon Silindiri Parametresi:<\/h2>\n<p><strong>Silindir \u00c7ap\u0131:<\/strong> 65 mm<\/p>\n<p><strong>\u00c7ubuk \u00c7ap\u0131:<\/strong> 36 mm<\/p>\n<p><strong>Seyahat:<\/strong> 260 mm<\/p>\n<p><strong>Kurulum Mesafesi:<\/strong> 650 mm<\/p>\n<h2>QJ1254 31 021 Direksiyon Silindirinin Temel \u00d6zellikleri:<\/h2>\n<h4>Y\u00fcksek Dayan\u0131kl\u0131l\u0131k<\/h4>\n<ul>\n<li>Sa\u011flam Malzeme Se\u00e7imi: QJ1254 31 021, mukavemeti ve a\u015f\u0131nma direnci nedeniyle \u00f6zel olarak se\u00e7ilmi\u015f y\u00fcksek kaliteli ala\u015f\u0131mlardan \u00fcretilmi\u015ftir. Bu sayede silindir, a\u011f\u0131r hizmet uygulamalar\u0131n\u0131n zorluklar\u0131na dayanabilir ve in\u015faat sahalar\u0131 ve tar\u0131m alanlar\u0131 gibi ortamlar i\u00e7in idealdir.<\/li>\n<li>Darbe ve \u015eok Direnci: Sa\u011flam tasar\u0131m\u0131, g\u00fcnl\u00fck \u00e7al\u0131\u015fma streslerine dayanman\u0131n yan\u0131 s\u0131ra \u015fok ve titre\u015fimleri de emer. Bu dayan\u0131kl\u0131l\u0131k, bak\u0131m ihtiya\u00e7lar\u0131nda \u00f6nemli bir azalmaya yol a\u00e7ar ve silindirin kullan\u0131m \u00f6mr\u00fcn\u00fc uzat\u0131r.<\/li>\n<\/ul>\n<h4>Hassas Kontrol<\/h4>\n<ul>\n<li style=\"list-style-type: none;\">\n<ul>\n<li>H\u0131zl\u0131 Tepki Mekanizmas\u0131: Direksiyon silindiri, operat\u00f6r komutlar\u0131na h\u0131zl\u0131 ve do\u011fru bir \u015fekilde yan\u0131t veren geli\u015fmi\u015f hidrolik teknolojisine sahiptir. Bu \u00f6zellik, \u00f6zellikle h\u0131zl\u0131 ayarlamalar gerektiren dinamik durumlarda kontrol\u00fcn sa\u011flanmas\u0131 a\u00e7\u0131s\u0131ndan kritik \u00f6neme sahiptir.<\/li>\n<li>Geli\u015fmi\u015f G\u00fcvenlik: Hassas direksiyon hakimiyeti sa\u011flayan QJ1254 31 021, kontrol kayb\u0131ndan kaynaklanan kaza olas\u0131l\u0131\u011f\u0131n\u0131 azaltarak g\u00fcvenli\u011fi art\u0131r\u0131r. Bu, \u00f6zellikle dar alanlarda veya zorlu arazilerde seyrederken \u00f6nemlidir.<\/li>\n<\/ul>\n<\/li>\n<\/ul>\n<h2>Direksiyon Hidrolik Silindirinin Uygulamas\u0131<\/h2>\n<p>Direksiyon hidrolik silindirleri, \u00e7e\u015fitli ara\u00e7 tiplerindeki direksiyon sistemlerinin temel bile\u015fenleridir. Direksiyon akt\u00fcat\u00f6rleri olarak da bilinen bu silindirler, direksiyon pompas\u0131 taraf\u0131ndan \u00fcretilen enerjiyi, arac\u0131n tekerleklerinin y\u00f6n\u00fcn\u00fc de\u011fi\u015ftirmek i\u00e7in kullan\u0131labilen do\u011frusal harekete d\u00f6n\u00fc\u015ft\u00fcrmeye yard\u0131mc\u0131 olur. Direksiyon hidrolik silindirlerinin baz\u0131 uygulamalar\u0131 \u015funlard\u0131r:<\/p>\n<ul>\n<li style=\"list-style-type: none;\">\n<ul>\n<li style=\"list-style-type: none;\">\n<ol>\n<li>A\u011f\u0131r vas\u0131talar: Direksiyon hidrolik silindirleri, kamyon, otob\u00fcs ve in\u015faat makineleri gibi a\u011f\u0131r vas\u0131talarda yayg\u0131n olarak kullan\u0131l\u0131r. Bu ara\u00e7lar\u0131n direksiyonu \u00e7evirmek i\u00e7in \u00e7ok fazla kuvvet gerekir ve bir hidrolik silindir, ara\u00e7 y\u00fckl\u00fc olsa bile tekerlekleri d\u00f6nd\u00fcrmek i\u00e7in gerekli g\u00fcc\u00fc \u00fcretebilir. Hidrolik sistem ayr\u0131ca direksiyon mekanizmas\u0131 \u00fczerinde daha hassas kontrol sa\u011flayarak s\u00fcr\u00fcc\u00fclerin b\u00fcy\u00fck ve kullan\u0131m\u0131 zor ara\u00e7larda daha kolay hareket etmesini sa\u011flar.<\/li>\n<li>Arazi ara\u00e7lar\u0131: ATV, kum arabas\u0131 ve arazi motosikleti gibi arazi ara\u00e7lar\u0131 da direksiyon hidrolik silindirlerinden faydalan\u0131r. Bu ara\u00e7lar genellikle geleneksel direksiyon mekanizmalar\u0131n\u0131n etkili olmayabilece\u011fi engebeli arazilerde \u00e7al\u0131\u015f\u0131r. Hidrolik silindirler, engellerin \u00fczerinden ge\u00e7mek ve ara\u00e7 \u00fczerinde kontrol\u00fc korumak i\u00e7in gereken g\u00fcc\u00fc ve hassasiyeti sa\u011flayabilir.<\/li>\n<li>Deniz ve havac\u0131l\u0131k uygulamalar\u0131: Direksiyon hidrolik silindirleri yaln\u0131zca kara ta\u015f\u0131tlar\u0131yla s\u0131n\u0131rl\u0131 de\u011fildir. Tekne ve gemi gibi deniz uygulamalar\u0131nda ve uzay ara\u00e7lar\u0131 ve u\u00e7aklar gibi havac\u0131l\u0131k teknolojisinde de kullan\u0131l\u0131rlar. Bu ortamlarda, hidrolik silindirler d\u00fcmenlerin, kanat\u00e7\u0131klar\u0131n ve gemi veya u\u00e7a\u011f\u0131n y\u00f6nlendirilmesine yard\u0131mc\u0131 olan di\u011fer kontrol y\u00fczeylerinin y\u00f6n\u00fcn\u00fc de\u011fi\u015ftirmek i\u00e7in kullan\u0131l\u0131r.<\/li>\n<li>End\u00fcstriyel ekipman: Hidrolik silindirler, \u00e7e\u015fitli end\u00fcstriyel ortamlarda direksiyon ve di\u011fer uygulamalar i\u00e7in de kullan\u0131l\u0131r. \u00d6rne\u011fin, vin\u00e7leri, forkliftleri veya di\u011fer a\u011f\u0131r makineleri y\u00f6nlendirmek i\u00e7in kullan\u0131labilirler. Bu ortamlarda, hidrolik silindirler b\u00fcy\u00fck y\u00fckleri hareket ettirmek veya dar alanlarda \u00e7al\u0131\u015fmak i\u00e7in gerekli g\u00fcc\u00fc ve hassasiyeti sa\u011flayabilir.<\/li>\n<li>\u00d6zel uygulamalar: Bu yayg\u0131n uygulamalara ek olarak, direksiyon hidrolik silindirleri \u00e7e\u015fitli \u00f6zel ortamlarda da kullan\u0131labilir. \u00d6rne\u011fin, benzersiz bir direksiyon mekanizmas\u0131 gerektiren deneysel ara\u00e7larda veya prototiplerde kullan\u0131labilirler. Ayr\u0131ca, hassas ve kontroll\u00fc hareket gerektiren sanatsal enstalasyonlarda veya kinetik heykellerde de kullan\u0131labilirler.<\/li>\n<\/ol>\n<\/li>\n<\/ul>\n<\/li>\n<\/ul>\n<p>G\u00f6rd\u00fc\u011f\u00fcn\u00fcz gibi, direksiyon hidrolik silindirleri \u00e7e\u015fitli end\u00fcstri ve ortamlarda geni\u015f bir uygulama yelpazesine sahiptir. \u0130ster a\u011f\u0131r vas\u0131talarda, ister arazi ara\u00e7lar\u0131nda, ister denizcilik ve havac\u0131l\u0131k uygulamalar\u0131nda, ister end\u00fcstriyel ekipmanlarda veya \u00f6zel uygulamalarda kullan\u0131ls\u0131n, bu silindirler etkili bir \u015fekilde y\u00f6nlendirmek i\u00e7in gerekli g\u00fcc\u00fc, hassasiyeti ve kontrol\u00fc sa\u011flar.<\/p>\n<h2>FMP Hakk\u0131nda<\/h2>\n<p>FMP, in\u015faat makineleri i\u00e7in y\u00fcksek kaliteli hidrolik silindirler, silindir kitleri ve bile\u015fenlerinin lider \u00fcreticisi ve da\u011f\u0131t\u0131c\u0131s\u0131d\u0131r. Uzun y\u0131llara dayanan sekt\u00f6r deneyimimiz ve profesyonel ekibimizle, m\u00fc\u015fterilerimize in\u015faat makineleri ihtiya\u00e7lar\u0131na g\u00fcvenilir ve verimli \u00e7\u00f6z\u00fcmler sunmaya kararl\u0131y\u0131z.<\/p>\n<p>FMP'yi se\u00e7meniz i\u00e7in be\u015f neden:<\/p>\n<ul>\n<li style=\"list-style-type: none;\">\n<ul>\n<li style=\"list-style-type: none;\">\n<ol>\n<li><strong>Y\u00fcksek kaliteli hidrolik silindirler:<\/strong> Hidrolik silindirlerimizi hassas m\u00fchendislikle \u00fcretiyoruz. Kaliteye olan sars\u0131lmaz ba\u011fl\u0131l\u0131\u011f\u0131m\u0131z, yaln\u0131zca en y\u00fcksek kaliteli hammaddeleri kullanmam\u0131z\u0131 ve bitmi\u015f \u00fcr\u00fcnlerin sekt\u00f6r standartlar\u0131n\u0131 kar\u015f\u0131lad\u0131\u011f\u0131ndan ve hatta a\u015ft\u0131\u011f\u0131ndan emin olmak i\u00e7in s\u0131k\u0131 kalite kontrolleri ger\u00e7ekle\u015ftirmemizi sa\u011flar.<\/li>\n<li><strong>Geni\u015f \u00fcr\u00fcn yelpazesi:<\/strong> \u00dcr\u00fcn yelpazemiz her t\u00fcrl\u00fc in\u015faat makinesi ve aksesuarlar\u0131n\u0131 kapsamaktad\u0131r. \u00c7e\u015fitli hidrolik silindirler, \u015fanz\u0131manlar, zincirler, zincir di\u015flileri, motor aksesuarlar\u0131, hidrolik sistem bile\u015fenleri, \u015fasi aksesuarlar\u0131 ve elektrik sistemi aksesuarlar\u0131 sunuyoruz.<\/li>\n<li><strong>Kurulan ortakl\u0131klar:<\/strong> Bir\u00e7ok y\u00fcksek kaliteli yerli ve yabanc\u0131 tedarik\u00e7iyle uzun vadeli ve istikrarl\u0131 ortakl\u0131klar kurduk. Bu sayede, tedarik etti\u011fimiz t\u00fcm aksesuarlar\u0131n s\u0131k\u0131 kalite standartlar\u0131m\u0131z\u0131 kar\u015f\u0131lamas\u0131n\u0131 sa\u011fl\u0131yoruz.<\/li>\n<li><strong>Deneyimli sat\u0131\u015f ekibi:<\/strong> Sat\u0131\u015f ekibimiz, in\u015faat makineleri sekt\u00f6r\u00fcnde uzun y\u0131llara dayanan deneyim ve bilgiye sahiptir. Bilin\u00e7li kararlar alman\u0131za yard\u0131mc\u0131 olmak i\u00e7in profesyonel \u00fcr\u00fcn dan\u0131\u015fmanl\u0131\u011f\u0131 ve ak\u0131ll\u0131 sat\u0131n alma tavsiyeleri sunabilirler.<\/li>\n<li><strong>Verimli lojistik da\u011f\u0131t\u0131m sistemi:<\/strong> M\u00fc\u015fterilerimizin ihtiya\u00e7 duyduklar\u0131 par\u00e7alar\u0131 zaman\u0131nda ve do\u011fru bir \u015fekilde alabilmelerini sa\u011flamak i\u00e7in etkin bir lojistik da\u011f\u0131t\u0131m sistemine sahibiz.<\/li>\n<\/ol>\n<\/li>\n<\/ul>\n<\/li>\n<\/ul>\n<p><img decoding=\"async\" src=\"https:\/\/fmp-components.com\/wp-content\/uploads\/2025\/01\/Dump-Truck-Trailer-Hydraulic-Cylinder-product-3-3.webp\" alt=\"Hidrolik silindir\" width=\"800\" title=\"\"><\/p>\n<p>FMP olarak, m\u00fc\u015fterilerimize y\u00fcksek kaliteli ve g\u00fcvenilir in\u015faat makinesi aksesuarlar\u0131 ve eksiksiz makine \u00e7\u00f6z\u00fcmleri sunmaya kararl\u0131y\u0131z. Modern fabrika tesislerimiz, CNC tak\u0131m tezgahlar\u0131m\u0131z, bilgisayar destekli tasar\u0131m\u0131m\u0131z, kalifiye \u00e7al\u0131\u015fanlar\u0131m\u0131z, hidrolik sistem uzmanlar\u0131m\u0131z, silindir montajc\u0131lar\u0131m\u0131z ve bayilerimizle, hidrolik silindir, silindir kiti ve bile\u015fen ihtiya\u00e7lar\u0131n\u0131z\u0131 kar\u015f\u0131lamak i\u00e7in tercih edilen orta\u011f\u0131z.<\/p>\n<p>Yazar: CX<\/p>","protected":false},"excerpt":{"rendered":"<p>FMP-Steering Hydraulic Cylinder The FMP-Steering Hydraulic Cylinder is an advanced hydraulic cylinder designed for use in steering systems. It is engineered to withstand high loads and provide superior performance in challenging environments. This hydraulic cylinder features a durable construction with high-quality materials that ensure long-lasting use. It also has a compact design that makes it [&hellip;]<\/p>","protected":false},"featured_media":2962,"comment_status":"closed","ping_status":"closed","template":"","meta":{"_et_pb_use_builder":"","_et_pb_old_content":"","_et_gb_content_width":""},"product_brand":[],"product_cat":[67],"product_tag":[34,70],"class_list":{"0":"post-2961","1":"product","2":"type-product","3":"status-publish","4":"has-post-thumbnail","6":"product_cat-steering-hydraulic-cylinder","7":"product_tag-hydraulic-cylinder","8":"product_tag-steering-hydraulic-cylinder","10":"first","11":"instock","12":"product-type-simple"},"_links":{"self":[{"href":"https:\/\/fmp-components.com\/tr\/wp-json\/wp\/v2\/product\/2961","targetHints":{"allow":["GET"]}}],"collection":[{"href":"https:\/\/fmp-components.com\/tr\/wp-json\/wp\/v2\/product"}],"about":[{"href":"https:\/\/fmp-components.com\/tr\/wp-json\/wp\/v2\/types\/product"}],"replies":[{"embeddable":true,"href":"https:\/\/fmp-components.com\/tr\/wp-json\/wp\/v2\/comments?post=2961"}],"wp:featuredmedia":[{"embeddable":true,"href":"https:\/\/fmp-components.com\/tr\/wp-json\/wp\/v2\/media\/2962"}],"wp:attachment":[{"href":"https:\/\/fmp-components.com\/tr\/wp-json\/wp\/v2\/media?parent=2961"}],"wp:term":[{"taxonomy":"product_brand","embeddable":true,"href":"https:\/\/fmp-components.com\/tr\/wp-json\/wp\/v2\/product_brand?post=2961"},{"taxonomy":"product_cat","embeddable":true,"href":"https:\/\/fmp-components.com\/tr\/wp-json\/wp\/v2\/product_cat?post=2961"},{"taxonomy":"product_tag","embeddable":true,"href":"https:\/\/fmp-components.com\/tr\/wp-json\/wp\/v2\/product_tag?post=2961"}],"curies":[{"name":"wp","href":"https:\/\/api.w.org\/{rel}","templated":true}]}}