{"id":2955,"date":"2025-01-04T05:28:08","date_gmt":"2025-01-04T05:28:08","guid":{"rendered":"https:\/\/fmp-components.com\/product\/qj554-31-020-1-steering-cylinder\/"},"modified":"2025-05-10T13:07:04","modified_gmt":"2025-05-10T13:07:04","slug":"qj554-31-020-1-steering-cylinder","status":"publish","type":"product","link":"https:\/\/fmp-components.com\/tr\/product\/qj554-31-020-1-steering-cylinder\/","title":{"rendered":"QJ554 31 020-1 Direksiyon Silindiri"},"content":{"rendered":"<p>QJ554-1 31 020 Direksiyon Silindiri, a\u011f\u0131r makinelerde hassas direksiyon kontrol\u00fc i\u00e7in tasarlanm\u0131\u015f y\u00fcksek kaliteli ve dayan\u0131kl\u0131 bir silindirdir. Sa\u011flam yap\u0131s\u0131 ve geli\u015fmi\u015f s\u0131zd\u0131rmazl\u0131k teknolojisi, zorlu \u00e7al\u0131\u015fma ko\u015fullar\u0131nda bile g\u00fcvenilir ve tutarl\u0131 performans sa\u011flar.<\/p>\n<p>Bu direksiyon silindiri, m\u00fckemmel tepki ve kontrol sa\u011flamak \u00fczere hassas bir \u015fekilde tasarlanm\u0131\u015ft\u0131r ve madencilik, in\u015faat ve tar\u0131m gibi \u00e7ok \u00e7e\u015fitli a\u011f\u0131r hizmet uygulamalar\u0131nda kullan\u0131ma uygundur. Sorunsuz ve tutarl\u0131 \u00e7al\u0131\u015fmas\u0131, g\u00fcvenli ve verimli performans sa\u011flayarak ar\u0131za s\u00fcrelerini ve bak\u0131m maliyetlerini azalt\u0131r.<\/p>\n<p>QJ554-1 31 020 Direksiyon Silindiri, kalite ve performans a\u00e7\u0131s\u0131ndan en y\u00fcksek end\u00fcstri standartlar\u0131n\u0131 kar\u015f\u0131lamak \u00fczere tasarlanm\u0131\u015ft\u0131r. En son teknoloji kullan\u0131larak \u00fcretilen bu silindir, e\u015fsiz hassasiyet ve g\u00fcvenilirlik sa\u011flar.<\/p>\n<p>\u00dcst\u00fcn performans\u0131, dayan\u0131kl\u0131l\u0131\u011f\u0131 ve g\u00fcvenilirli\u011fiyle QJ554-1 31 020 Direksiyon Silindiri, en iyi direksiyon kontrol\u00fcn\u00fc gerektiren a\u011f\u0131r makineler i\u00e7in ideal bir se\u00e7imdir. Bu silindire bug\u00fcn yat\u0131r\u0131m yap\u0131n ve geli\u015fmi\u015f verimlilik, daha az ar\u0131za s\u00fcresi ve artan \u00fcretkenli\u011fi deneyimleyin.<\/p>\n<div>\n<p><img loading=\"lazy\" decoding=\"async\" class=\"wp-image-1007219 aligncenter\" src=\"https:\/\/images.hzpt.com\/2024\/11\/qj554-31-020-1-steering-cylinder-1.webp\" alt=\"\" width=\"400\" height=\"399\" title=\"\">QJ554 31 020-1 Direksiyon Silindiri, hidrolik bas\u0131nc\u0131 verimli bir \u015fekilde mekanik kuvvete d\u00f6n\u00fc\u015ft\u00fcrerek, yumu\u015fak ve hassas direksiyon kontrol\u00fc sa\u011flar. Sa\u011flam tasar\u0131m\u0131 zorlu ortamlara dayan\u0131kl\u0131d\u0131r ve operat\u00f6rlere zorlu arazilerde g\u00fcvenle hareket etme olana\u011f\u0131 sunar. Bu direksiyon silindiri, operasyonel verimlili\u011fi art\u0131r\u0131r ve kullan\u0131m s\u0131ras\u0131nda g\u00fcvenli\u011fi \u00f6nemli \u00f6l\u00e7\u00fcde iyile\u015ftirir.<\/p>\n<p>Hidrolik direksiyon sistemlerinin g\u00fcvenilir ve verimli bir bile\u015feni olan QJ554 31 020-1, dayan\u0131kl\u0131l\u0131k, hassas kontrol ve bak\u0131m kolayl\u0131\u011f\u0131 a\u00e7\u0131s\u0131ndan \u00fcst\u00fcn \u00f6zelliklere sahip olup \u00e7e\u015fitli end\u00fcstriyel uygulamalar i\u00e7in m\u00fckemmel bir se\u00e7imdir. \u00d6zelliklerini, kullan\u0131m y\u00f6ntemlerini ve bak\u0131m gereksinimlerini \u00f6\u011frenerek, bu kritik hidrolik silindirin optimum performans\u0131n\u0131 sa\u011flayabilir ve kullan\u0131m \u00f6mr\u00fcn\u00fc uzatabilirsiniz.<\/p>\n<p>QJ554 31 020-1 modeline yat\u0131r\u0131m yapmak, makinelerinizin i\u015flevselli\u011fini ve g\u00fcvenli\u011fini art\u0131rarak i\u015f verimlili\u011finizi y\u00fckseltir. Bu y\u00fcksek kaliteli direksiyon silindirinin operasyonlar\u0131n\u0131zda yaratabilece\u011fi fark\u0131 ke\u015ffedin!<\/p>\n<\/div>\n<h3>QJ554 31 020-1 Direksiyon Silindiri Parametresi:<\/h3>\n<div>\n<p><strong>Silindir \u00c7ap\u0131:<\/strong> 41 mm<\/p>\n<p><strong>\u00c7ubuk \u00c7ap\u0131:<\/strong> 35 mm<\/p>\n<p><strong>Seyahat:<\/strong> 198 mm<\/p>\n<p><strong>Kurulum Mesafesi:<\/strong> 334 mm<\/p>\n<\/div>\n<h2>QJ554 31 020-1 Direksiyon Silindirinin Ba\u015fl\u0131ca \u00d6zellikleri:<\/h2>\n<h4>Y\u00fcksek Dayan\u0131kl\u0131l\u0131k<\/h4>\n<ul>\n<li>Malzeme Kalitesi: Silindir, a\u015f\u0131nmaya, yorulmaya ve deformasyona dayan\u0131kl\u0131 y\u00fcksek mukavemetli malzemelerden \u00fcretilmi\u015ftir. Bu sa\u011flam yap\u0131, silindirin y\u00fcksek bas\u0131n\u00e7 ve a\u011f\u0131r y\u00fckler de dahil olmak \u00fczere a\u015f\u0131r\u0131 ko\u015fullar alt\u0131nda g\u00fcvenilir bir \u015fekilde \u00e7al\u0131\u015fmas\u0131n\u0131 sa\u011flar.<\/li>\n<li>Uzun Hizmet \u00d6mr\u00fc: Zorlu ortamlarda \u00e7al\u0131\u015fmak \u00fczere tasarlanan QJ554 31 020-1, de\u011fi\u015ftirme s\u0131kl\u0131\u011f\u0131n\u0131 azaltarak ar\u0131za s\u00fcrelerini ve bak\u0131m maliyetlerini en aza indirir. Bu uzun \u00f6m\u00fcrl\u00fcl\u00fck, operat\u00f6rler i\u00e7in maliyet etkin bir yat\u0131r\u0131m olmas\u0131n\u0131 sa\u011flar.<\/li>\n<\/ul>\n<h4>Hassas Kontrol<\/h4>\n<ul>\n<li>Geli\u015ftirilmi\u015f Tepki H\u0131z\u0131: Bu direksiyon silindiri, h\u0131zl\u0131 ve do\u011fru geri bildirim sa\u011flayarak operat\u00f6rlerin zahmetsizce ince ayarlar yapmas\u0131na olanak tan\u0131r. \u0130ster dar virajlarda manevra yaparken ister engebeli araziye uyum sa\u011flarken, silindirin hassas kontrol\u00fc genel yol tutu\u015funu iyile\u015ftirir.<\/li>\n<li>G\u00fcvenlik \u0130yile\u015ftirmeleri: A\u011f\u0131r y\u00fckler alt\u0131nda hassas direksiyon ayarlamalar\u0131 yapmak, manevra kabiliyetini art\u0131r\u0131r ve g\u00fcvenli\u011fi geli\u015ftirir. Operat\u00f6rler zorlu durumlarda bile kontrol\u00fc sa\u011flayabilir ve kaza riskini azaltabilir.<\/li>\n<\/ul>\n<h4>Kompakt Tasar\u0131m<\/h4>\n<ul>\n<li>Alan Verimlili\u011fi: QJ554 31 020-1, performanstan \u00f6d\u00fcn vermeden daha k\u00fc\u00e7\u00fck makine konfig\u00fcrasyonlar\u0131na s\u0131\u011fmas\u0131n\u0131 sa\u011flayan kompakt bir tasar\u0131ma sahiptir. Bu, \u00f6zellikle alan\u0131n s\u0131n\u0131rl\u0131 oldu\u011fu uygulamalarda faydal\u0131d\u0131r.<\/li>\n<li>\u00c7ok Y\u00f6nl\u00fc Entegrasyon: Uyarlanabilir tasar\u0131m\u0131, tar\u0131m makinelerinden in\u015faat ara\u00e7lar\u0131na kadar \u00e7e\u015fitli ekipmanlara uygundur. Bu \u00e7ok y\u00f6nl\u00fcl\u00fck, operat\u00f6rlerin ayn\u0131 silindiri birden fazla makinede kullanmas\u0131na olanak tan\u0131yarak envanter y\u00f6netimini basitle\u015ftirir.<\/li>\n<\/ul>\n<h4>Korozyon Direnci<\/h4>\n<ul>\n<li>Koruyucu Kaplama: Silindir, pas ve korozyona kar\u015f\u0131 koruma sa\u011flayan \u00f6zel bir kaplamaya sahiptir. Bu \u00f6zellik, nem ve di\u011fer etkenlere maruz kalman\u0131n erken ar\u0131zaya yol a\u00e7abilece\u011fi d\u0131\u015f mekan uygulamalar\u0131 i\u00e7in \u00e7ok \u00f6nemlidir.<\/li>\n<li>Zorlu Ortamlarda Uzun \u00d6m\u00fcrl\u00fcl\u00fck: \u00c7evresel hasara kar\u015f\u0131 diren\u00e7 g\u00f6stererek, QJ554 31 020-1 performans\u0131n\u0131 ve g\u00fcvenilirli\u011fini korur ve \u00e7e\u015fitli iklim ve ko\u015fullarda tutarl\u0131 \u00e7al\u0131\u015fma sa\u011flar.<\/li>\n<\/ul>\n<h4>Standartla\u015ft\u0131r\u0131lm\u0131\u015f Boyutlar<\/h4>\n<ul>\n<li>Basitle\u015ftirilmi\u015f De\u011fi\u015fim: QJ554 31 020-1, end\u00fcstri standard\u0131 \u00f6zelliklerini kar\u015f\u0131lamak \u00fczere tasarlanm\u0131\u015ft\u0131r ve h\u0131zl\u0131 ve kolay de\u011fi\u015fime olanak tan\u0131r. Operat\u00f6rler, kapsaml\u0131 de\u011fi\u015fiklikler yapmadan uyumlu par\u00e7alar\u0131 bulabilirler.<\/li>\n<li>Geni\u015f Uyumluluk: Standartla\u015ft\u0131r\u0131lm\u0131\u015f boyutlar\u0131, \u00e7ok \u00e7e\u015fitli makinelerle sorunsuz bir \u015fekilde \u00e7al\u0131\u015fmas\u0131n\u0131 sa\u011flayarak esnekli\u011fi art\u0131r\u0131r ve \u00f6zel \u00e7\u00f6z\u00fcmlere olan ihtiyac\u0131 azalt\u0131r.<\/li>\n<\/ul>\n<h2>QJ554 31 020-1 Direksiyon Silindiri Uygulamas\u0131:<\/h2>\n<p><img loading=\"lazy\" decoding=\"async\" class=\"alignnone wp-image-1007221 size-full\" src=\"https:\/\/images.hzpt.com\/2024\/11\/qj554-31-020-1-steering-cylinder-application.webp\" alt=\"\" width=\"1072\" height=\"603\" title=\"\"><\/p>\n<h2>QJ554 31 020-1 Direksiyon Silindirinin Kullan\u0131m Y\u00f6ntemi:<\/h2>\n<p>QJ554 31 020-1 Direksiyon Silindirinin kullan\u0131m\u0131 basittir ve birka\u00e7 \u00f6nemli ad\u0131m\u0131 i\u00e7erir:<\/p>\n<h3>Kurulum<\/h3>\n<ol>\n<li>G\u00fcvenli Montaj: Direksiyon silindirini direksiyon sisteminin belirlenmi\u015f alan\u0131na yerle\u015ftirin. \u00c7al\u0131\u015fma s\u0131ras\u0131nda herhangi bir hareketi \u00f6nlemek i\u00e7in g\u00fcvenli bir \u015fekilde monte edildi\u011finden emin olun.<\/li>\n<li>Hidrolik Hatlar\u0131 Ba\u011flay\u0131n: Hidrolik hatlar\u0131 do\u011fru \u015fekilde ba\u011flamak i\u00e7in \u00fcreticinin spesifikasyonlar\u0131n\u0131 izleyin. Do\u011fru ba\u011flant\u0131lar, optimum s\u0131v\u0131 ak\u0131\u015f\u0131 ve sistem verimlili\u011fi i\u00e7in kritik \u00f6neme sahiptir.<\/li>\n<\/ol>\n<h3>Operasyon<\/h3>\n<ol>\n<li>Hidrolik Sistemi Devreye Al\u0131n: Silindire bas\u0131n\u00e7 sa\u011flamak i\u00e7in hidrolik sistemi etkinle\u015ftirin. Bu ad\u0131m, silindirin etkili bir \u015fekilde \u00e7al\u0131\u015fabilmesi i\u00e7in \u00e7ok \u00f6nemlidir.<\/li>\n<li>Direksiyon Kontrol\u00fc: Arac\u0131 y\u00f6nlendirmek i\u00e7in direksiyon simidini veya kumanda d\u00fc\u011fmelerini kullan\u0131n. Silindir, direksiyon a\u00e7\u0131s\u0131n\u0131 ayarlayarak tepki verecek ve yumu\u015fak manevralar i\u00e7in hassas kontrol sa\u011flayacakt\u0131r.<\/li>\n<\/ol>\n<h3>\u0130zleme<\/h3>\n<ol>\n<li>Hidrolik S\u0131v\u0131 Seviyelerini Kontrol Edin: Optimum performans\u0131 korumak i\u00e7in hidrolik s\u0131v\u0131 seviyelerini d\u00fczenli olarak kontrol edin. Yeterli s\u0131v\u0131 seviyeleri, olas\u0131 hasarlar\u0131 \u00f6nlemek i\u00e7in \u00e7ok \u00f6nemlidir.<\/li>\n<li>Ba\u011flant\u0131lar\u0131 Kontrol Edin: T\u00fcm hidrolik ba\u011flant\u0131lar\u0131n s\u0131k\u0131l\u0131\u011f\u0131n\u0131 periyodik olarak kontrol edin ve herhangi bir s\u0131z\u0131nt\u0131 belirtisi olup olmad\u0131\u011f\u0131n\u0131 inceleyin. Ba\u011flant\u0131lar\u0131n sa\u011flam olmas\u0131 g\u00fcvenli\u011fi ve verimlili\u011fi art\u0131r\u0131r.<\/li>\n<\/ol>\n<h2>Direksiyon silindiri se\u00e7erken nelere dikkat edilmelidir?<\/h2>\n<p>Direksiyon silindiri se\u00e7erken, her bir temel \u00f6zelli\u011fi daha ayr\u0131nt\u0131l\u0131 olarak anlamak, bilin\u00e7li bir karar vermenize yard\u0131mc\u0131 olabilir. \u0130\u015fte dikkate al\u0131nmas\u0131 gereken \u00f6nemli hususlara daha yak\u0131ndan bir bak\u0131\u015f:<\/p>\n<h3>1. Dayan\u0131kl\u0131l\u0131k<\/h3>\n<ul>\n<li>Malzeme Bile\u015fimi: Darbeye ve a\u015f\u0131nmaya kar\u015f\u0131 diren\u00e7 sa\u011flayan y\u00fcksek mukavemetli \u00e7elik veya al\u00fcminyum ala\u015f\u0131mlar\u0131ndan yap\u0131lm\u0131\u015f silindirleri tercih edin. Kaliteli malzemeler, \u00f6zellikle zorlu ortamlarda silindirin kullan\u0131m \u00f6mr\u00fcn\u00fc uzat\u0131r.<\/li>\n<li>Tasar\u0131m B\u00fct\u00fcnl\u00fc\u011f\u00fc: Silindirin, deformasyon veya ar\u0131za olmaks\u0131z\u0131n \u00e7al\u0131\u015fma gerilimlerine dayanacak \u015fekilde tasarland\u0131\u011f\u0131ndan emin olun.<\/li>\n<\/ul>\n<h3>2. Bas\u0131n\u00e7 De\u011feri<\/h3>\n<ul>\n<li>\u00c7al\u0131\u015fma Bas\u0131nc\u0131: Silindirin maksimum \u00e7al\u0131\u015fma bas\u0131nc\u0131n\u0131n sisteminizin gereksinimleriyle uyumlu oldu\u011fundan emin olun. Bu, g\u00fcvenli ve etkili \u00e7al\u0131\u015fma i\u00e7in \u00e7ok \u00f6nemlidir.<\/li>\n<li>G\u00fcvenlik Paylar\u0131: \u00c7al\u0131\u015fma s\u0131ras\u0131nda g\u00fcvenlik paylar\u0131 sa\u011flamak i\u00e7in, maksimum \u00e7al\u0131\u015fma bas\u0131nc\u0131n\u0131z\u0131n \u00f6nemli \u00f6l\u00e7\u00fcde \u00fczerinde bir bas\u0131n\u00e7 de\u011ferine sahip bir silindir se\u00e7in.<\/li>\n<\/ul>\n<h3>3. Hassas Kontrol<\/h3>\n<ul>\n<li>Tepki S\u00fcresi: Genel kullan\u0131m ve manevra kabiliyetini etkiledi\u011fi i\u00e7in h\u0131zl\u0131 tepki s\u00fcresi sa\u011flayan silindirleri tercih edin. Hassas kontrol gerektiren uygulamalar i\u00e7in y\u00fcksek tepki h\u0131z\u0131 \u015fartt\u0131r.<\/li>\n<li>Y\u00fck Kapasitesi: Silindirin performanstan \u00f6d\u00fcn vermeden beklenen y\u00fck\u00fc kald\u0131rabildi\u011finden emin olun. A\u011f\u0131r veya dinamik y\u00fckler alt\u0131nda bile hassasiyetini korumal\u0131d\u0131r.<\/li>\n<\/ul>\n<h3>4. Kompakt Tasar\u0131m<\/h3>\n<ul>\n<li>Alan Gereksinimleri: Silindirin fiziksel boyutlar\u0131n\u0131 de\u011ferlendirin. Kompakt tasar\u0131m, performanstan \u00f6d\u00fcn vermeden dar alanlara daha kolay kurulum ve entegrasyon sa\u011flar.<\/li>\n<li>A\u011f\u0131rl\u0131k Hususlar\u0131: Daha hafif silindirler, makinenin toplam a\u011f\u0131rl\u0131\u011f\u0131n\u0131 azaltarak yak\u0131t verimlili\u011fini ve performans\u0131 art\u0131rabilir.<\/li>\n<\/ul>\n<h3>5. Korozyon Direnci<\/h3>\n<ul>\n<li>Koruyucu Kaplamalar: Neme ve kimyasallara kar\u015f\u0131 m\u00fckemmel korozyon direnci sa\u011flayan krom kaplama veya epoksi kaplamal\u0131 silindirleri tercih edin.<\/li>\n<li>\u00c7evresel Uygunluk: Makinenin \u00e7al\u0131\u015faca\u011f\u0131 yeri g\u00f6z \u00f6n\u00fcnde bulundurun. Zorlu ortamlara maruz kalacaksa, korozyon direnci daha y\u00fcksek olan silindirlere \u00f6ncelik verin.<\/li>\n<\/ul>\n<h2>Direksiyon Hidrolik Silindirinin Uygulamas\u0131<\/h2>\n<p>Direksiyon hidrolik silindirleri, \u00e7e\u015fitli ara\u00e7 tiplerindeki direksiyon sistemlerinin temel bile\u015fenleridir. Direksiyon akt\u00fcat\u00f6rleri olarak da bilinen bu silindirler, direksiyon pompas\u0131 taraf\u0131ndan \u00fcretilen enerjiyi, arac\u0131n tekerleklerinin y\u00f6n\u00fcn\u00fc de\u011fi\u015ftirmek i\u00e7in kullan\u0131labilen do\u011frusal harekete d\u00f6n\u00fc\u015ft\u00fcrmeye yard\u0131mc\u0131 olur. Direksiyon hidrolik silindirlerinin baz\u0131 uygulamalar\u0131 \u015funlard\u0131r:<\/p>\n<ol>\n<li>A\u011f\u0131r vas\u0131talar: Direksiyon hidrolik silindirleri, kamyon, otob\u00fcs ve in\u015faat makineleri gibi a\u011f\u0131r vas\u0131talarda yayg\u0131n olarak kullan\u0131l\u0131r. Bu ara\u00e7lar\u0131n direksiyonu \u00e7evirmek i\u00e7in \u00e7ok fazla kuvvet gerekir ve bir hidrolik silindir, ara\u00e7 y\u00fckl\u00fc olsa bile tekerlekleri d\u00f6nd\u00fcrmek i\u00e7in gerekli g\u00fcc\u00fc \u00fcretebilir. Hidrolik sistem ayr\u0131ca direksiyon mekanizmas\u0131 \u00fczerinde daha hassas kontrol sa\u011flayarak s\u00fcr\u00fcc\u00fclerin b\u00fcy\u00fck ve kullan\u0131m\u0131 zor ara\u00e7larda daha kolay hareket etmesini sa\u011flar.<\/li>\n<li>Arazi ara\u00e7lar\u0131: ATV, kum arabas\u0131 ve arazi motosikleti gibi arazi ara\u00e7lar\u0131 da direksiyon hidrolik silindirlerinden faydalan\u0131r. Bu ara\u00e7lar genellikle geleneksel direksiyon mekanizmalar\u0131n\u0131n etkili olmayabilece\u011fi engebeli arazilerde \u00e7al\u0131\u015f\u0131r. Hidrolik silindirler, engellerin \u00fczerinden ge\u00e7mek ve ara\u00e7 \u00fczerinde kontrol\u00fc korumak i\u00e7in gereken g\u00fcc\u00fc ve hassasiyeti sa\u011flayabilir.<\/li>\n<li>Deniz ve havac\u0131l\u0131k uygulamalar\u0131: Direksiyon hidrolik silindirleri yaln\u0131zca kara ta\u015f\u0131tlar\u0131yla s\u0131n\u0131rl\u0131 de\u011fildir. Tekne ve gemi gibi deniz uygulamalar\u0131nda ve uzay ara\u00e7lar\u0131 ve u\u00e7aklar gibi havac\u0131l\u0131k teknolojisinde de kullan\u0131l\u0131rlar. Bu ortamlarda, hidrolik silindirler d\u00fcmenlerin, kanat\u00e7\u0131klar\u0131n ve gemi veya u\u00e7a\u011f\u0131n y\u00f6nlendirilmesine yard\u0131mc\u0131 olan di\u011fer kontrol y\u00fczeylerinin y\u00f6n\u00fcn\u00fc de\u011fi\u015ftirmek i\u00e7in kullan\u0131l\u0131r.<\/li>\n<li>End\u00fcstriyel ekipman: Hidrolik silindirler, \u00e7e\u015fitli end\u00fcstriyel ortamlarda direksiyon ve di\u011fer uygulamalar i\u00e7in de kullan\u0131l\u0131r. \u00d6rne\u011fin, vin\u00e7leri, forkliftleri veya di\u011fer a\u011f\u0131r makineleri y\u00f6nlendirmek i\u00e7in kullan\u0131labilirler. Bu ortamlarda, hidrolik silindirler b\u00fcy\u00fck y\u00fckleri hareket ettirmek veya dar alanlarda \u00e7al\u0131\u015fmak i\u00e7in gerekli g\u00fcc\u00fc ve hassasiyeti sa\u011flayabilir.<\/li>\n<li>\u00d6zel uygulamalar: Bu yayg\u0131n uygulamalara ek olarak, direksiyon hidrolik silindirleri \u00e7e\u015fitli \u00f6zel ortamlarda da kullan\u0131labilir. \u00d6rne\u011fin, benzersiz bir direksiyon mekanizmas\u0131 gerektiren deneysel ara\u00e7larda veya prototiplerde kullan\u0131labilirler. Ayr\u0131ca, hassas ve kontroll\u00fc hareket gerektiren sanatsal enstalasyonlarda veya kinetik heykellerde de kullan\u0131labilirler.<\/li>\n<\/ol>\n<p>G\u00f6rd\u00fc\u011f\u00fcn\u00fcz gibi, direksiyon hidrolik silindirleri \u00e7e\u015fitli end\u00fcstri ve ortamlarda geni\u015f bir uygulama yelpazesine sahiptir. \u0130ster a\u011f\u0131r vas\u0131talarda, ister arazi ara\u00e7lar\u0131nda, ister denizcilik ve havac\u0131l\u0131k uygulamalar\u0131nda, ister end\u00fcstriyel ekipmanlarda veya \u00f6zel uygulamalarda kullan\u0131ls\u0131n, bu silindirler etkili bir \u015fekilde y\u00f6nlendirmek i\u00e7in gerekli g\u00fcc\u00fc, hassasiyeti ve kontrol\u00fc sa\u011flar.<\/p>\n<h2>FMP Hakk\u0131nda<\/h2>\n<p>FMP, in\u015faat makineleri i\u00e7in y\u00fcksek kaliteli hidrolik silindirler, silindir kitleri ve bile\u015fenlerinin lider \u00fcreticisi ve da\u011f\u0131t\u0131c\u0131s\u0131d\u0131r. Uzun y\u0131llara dayanan sekt\u00f6r deneyimimiz ve profesyonel ekibimizle, m\u00fc\u015fterilerimize in\u015faat makineleri ihtiya\u00e7lar\u0131na g\u00fcvenilir ve verimli \u00e7\u00f6z\u00fcmler sunmaya kararl\u0131y\u0131z.<\/p>\n<p>FMP'yi se\u00e7meniz i\u00e7in be\u015f neden:<\/p>\n<ol>\n<li><strong>Y\u00fcksek kaliteli hidrolik silindirler:<\/strong> Hidrolik silindirlerimizi hassas m\u00fchendislikle \u00fcretiyoruz. Kaliteye olan sars\u0131lmaz ba\u011fl\u0131l\u0131\u011f\u0131m\u0131z, yaln\u0131zca en y\u00fcksek kaliteli hammaddeleri kullanmam\u0131z\u0131 ve bitmi\u015f \u00fcr\u00fcnlerin sekt\u00f6r standartlar\u0131n\u0131 kar\u015f\u0131lad\u0131\u011f\u0131ndan ve hatta a\u015ft\u0131\u011f\u0131ndan emin olmak i\u00e7in s\u0131k\u0131 kalite kontrolleri ger\u00e7ekle\u015ftirmemizi sa\u011flar.<\/li>\n<li><strong>Geni\u015f \u00fcr\u00fcn yelpazesi:<\/strong> \u00dcr\u00fcn yelpazemiz her t\u00fcrl\u00fc in\u015faat makinesi ve aksesuarlar\u0131n\u0131 kapsamaktad\u0131r. \u00c7e\u015fitli hidrolik silindirler, \u015fanz\u0131manlar, zincirler, zincir di\u015flileri, motor aksesuarlar\u0131, hidrolik sistem bile\u015fenleri, \u015fasi aksesuarlar\u0131 ve elektrik sistemi aksesuarlar\u0131 sunuyoruz.<\/li>\n<li><strong>Kurulan ortakl\u0131klar:<\/strong> Bir\u00e7ok y\u00fcksek kaliteli yerli ve yabanc\u0131 tedarik\u00e7iyle uzun vadeli ve istikrarl\u0131 ortakl\u0131klar kurduk. Bu sayede, tedarik etti\u011fimiz t\u00fcm aksesuarlar\u0131n s\u0131k\u0131 kalite standartlar\u0131m\u0131z\u0131 kar\u015f\u0131lamas\u0131n\u0131 sa\u011fl\u0131yoruz.<\/li>\n<li><strong>Deneyimli sat\u0131\u015f ekibi:<\/strong> Sat\u0131\u015f ekibimiz, in\u015faat makineleri sekt\u00f6r\u00fcnde uzun y\u0131llara dayanan deneyim ve bilgiye sahiptir. Bilin\u00e7li kararlar alman\u0131za yard\u0131mc\u0131 olmak i\u00e7in profesyonel \u00fcr\u00fcn dan\u0131\u015fmanl\u0131\u011f\u0131 ve ak\u0131ll\u0131 sat\u0131n alma tavsiyeleri sunabilirler.<\/li>\n<li><strong>Verimli lojistik da\u011f\u0131t\u0131m sistemi:<\/strong> M\u00fc\u015fterilerimizin ihtiya\u00e7 duyduklar\u0131 par\u00e7alar\u0131 zaman\u0131nda ve do\u011fru bir \u015fekilde alabilmelerini sa\u011flamak i\u00e7in etkin bir lojistik da\u011f\u0131t\u0131m sistemine sahibiz.<\/li>\n<\/ol>\n<p><img decoding=\"async\" class=\"aligncenter\" src=\"https:\/\/fmp-components.com\/wp-content\/uploads\/2025\/01\/Dump-Truck-Trailer-Hydraulic-Cylinder-product-3-3.webp\" alt=\"Hidrolik silindir\" width=\"800\" title=\"\"><\/p>\n<p>FMP olarak, m\u00fc\u015fterilerimize y\u00fcksek kaliteli ve g\u00fcvenilir in\u015faat makinesi aksesuarlar\u0131 ve eksiksiz makine \u00e7\u00f6z\u00fcmleri sunmaya kararl\u0131y\u0131z. Modern fabrika tesislerimiz, CNC tak\u0131m tezgahlar\u0131m\u0131z, bilgisayar destekli tasar\u0131m\u0131m\u0131z, kalifiye \u00e7al\u0131\u015fanlar\u0131m\u0131z, hidrolik sistem uzmanlar\u0131m\u0131z, silindir montajc\u0131lar\u0131m\u0131z ve bayilerimizle, hidrolik silindir, silindir kiti ve bile\u015fen ihtiya\u00e7lar\u0131n\u0131z\u0131 kar\u015f\u0131lamak i\u00e7in tercih edilen orta\u011f\u0131z.<\/p>\n<p>Yazar: CX<\/p>","protected":false},"excerpt":{"rendered":"<p>The QJ554-1 31 020 Steering Cylinder is a high-quality and durable cylinder designed for precise steering control in heavy machinery. Its robust construction and advanced sealing technology ensure reliable and consistent performance, even in harsh operating conditions. This steering cylinder is engineered with precision to deliver excellent response and control, making it suitable for use [&hellip;]<\/p>","protected":false},"featured_media":2956,"comment_status":"closed","ping_status":"closed","template":"","meta":{"_et_pb_use_builder":"","_et_pb_old_content":"","_et_gb_content_width":""},"product_brand":[],"product_cat":[67],"product_tag":[34,70],"class_list":{"0":"post-2955","1":"product","2":"type-product","3":"status-publish","4":"has-post-thumbnail","6":"product_cat-steering-hydraulic-cylinder","7":"product_tag-hydraulic-cylinder","8":"product_tag-steering-hydraulic-cylinder","10":"first","11":"instock","12":"product-type-simple"},"_links":{"self":[{"href":"https:\/\/fmp-components.com\/tr\/wp-json\/wp\/v2\/product\/2955","targetHints":{"allow":["GET"]}}],"collection":[{"href":"https:\/\/fmp-components.com\/tr\/wp-json\/wp\/v2\/product"}],"about":[{"href":"https:\/\/fmp-components.com\/tr\/wp-json\/wp\/v2\/types\/product"}],"replies":[{"embeddable":true,"href":"https:\/\/fmp-components.com\/tr\/wp-json\/wp\/v2\/comments?post=2955"}],"wp:featuredmedia":[{"embeddable":true,"href":"https:\/\/fmp-components.com\/tr\/wp-json\/wp\/v2\/media\/2956"}],"wp:attachment":[{"href":"https:\/\/fmp-components.com\/tr\/wp-json\/wp\/v2\/media?parent=2955"}],"wp:term":[{"taxonomy":"product_brand","embeddable":true,"href":"https:\/\/fmp-components.com\/tr\/wp-json\/wp\/v2\/product_brand?post=2955"},{"taxonomy":"product_cat","embeddable":true,"href":"https:\/\/fmp-components.com\/tr\/wp-json\/wp\/v2\/product_cat?post=2955"},{"taxonomy":"product_tag","embeddable":true,"href":"https:\/\/fmp-components.com\/tr\/wp-json\/wp\/v2\/product_tag?post=2955"}],"curies":[{"name":"wp","href":"https:\/\/api.w.org\/{rel}","templated":true}]}}