{"id":2945,"date":"2025-01-04T05:28:08","date_gmt":"2025-01-04T05:28:08","guid":{"rendered":"https:\/\/fmp-components.com\/product\/zy254-31f-019a-steering-cylinder\/"},"modified":"2025-05-10T12:28:30","modified_gmt":"2025-05-10T12:28:30","slug":"zy254-31f-019a-steering-cylinder","status":"publish","type":"product","link":"https:\/\/fmp-components.com\/tr\/product\/zy254-31f-019a-steering-cylinder\/","title":{"rendered":"ZY254.31F.019A Direksiyon Silindiri"},"content":{"rendered":"<h2>\u00dcr\u00fcn Ad\u0131: NWTEHX-2101043 Direksiyon Silindiri<\/h2>\n<p>M\u00fckemmel performans ve dayan\u0131kl\u0131l\u0131k sa\u011flayan y\u00fcksek kaliteli bir direksiyon silindiri mi ar\u0131yorsunuz? NWTEHX-2101043 Direksiyon Silindiri'nden ba\u015fkas\u0131na bakmay\u0131n.<\/p>\n<p>En kaliteli malzemelerden \u00fcretilen ve s\u0131k\u0131 end\u00fcstri standartlar\u0131n\u0131 kar\u015f\u0131layacak \u015fekilde tasarlanan bu direksiyon silindiri, en zorlu \u00e7al\u0131\u015fma ko\u015fullar\u0131na bile dayanacak \u015fekilde \u00fcretilmi\u015ftir. \u0130ster a\u011f\u0131r makine kullan\u0131yor olun ister zorlu ortamlarda \u00e7al\u0131\u015f\u0131yor olun, bu direksiyon silindirinin her zaman g\u00fcvenilir ve tutarl\u0131 bir performans sunaca\u011f\u0131ndan emin olabilirsiniz.<\/p>\n<p>Peki neden NWTEHX-2101043 Direksiyon Silindirini se\u00e7melisiniz? \u0130\u015fte temel \u00f6zelliklerinden ve avantajlar\u0131ndan sadece birka\u00e7\u0131:<\/p>\n<p>\u2013 Y\u00fcksek kaliteli malzemeler: Maksimum dayan\u0131kl\u0131l\u0131k ve uzun \u00f6m\u00fcr sa\u011flamak i\u00e7in en \u00fcst d\u00fczey malzemelerle \u00fcretilmi\u015ftir.<br \/>\n\u2013 Hassas m\u00fchendislik: Performans ve g\u00fcvenilirlik a\u00e7\u0131s\u0131ndan s\u0131k\u0131 end\u00fcstri standartlar\u0131n\u0131 kar\u015f\u0131layacak \u015fekilde tasarlanm\u0131\u015ft\u0131r.<br \/>\n\u2013 D\u00fczg\u00fcn \u00e7al\u0131\u015fma: Geli\u015fmi\u015f kontrol ve hassasiyet i\u00e7in d\u00fczg\u00fcn ve tutarl\u0131 direksiyon hakimiyeti sa\u011flar.<br \/>\n\u2013 Kolay kurulum: Kolay kurulum ve bak\u0131m i\u00e7in tasarlanm\u0131\u015ft\u0131r.<\/p>\n<h1 style=\"text-align: center;\"><img loading=\"lazy\" decoding=\"async\" class=\"aligncenter wp-image-1001259\" src=\"https:\/\/images.hzpt.com\/2024\/11\/zy254-31f-019a-hydraulic-cylinder-1.webp\" alt=\"\" width=\"400\" height=\"400\" title=\"\"><\/h1>\n<p>ZY254.31F.019A Direksiyon Silindiri, ara\u00e7 ve makinelerin direksiyon mekanizmas\u0131 i\u00e7in olmazsa olmazd\u0131r. Hidrolik bas\u0131nc\u0131 mekanik g\u00fcce etkili bir \u015fekilde d\u00f6n\u00fc\u015ft\u00fcrerek operat\u00f6rlerin ekipmanlar\u0131 hassas ve kolay bir \u015fekilde manevra yapmas\u0131n\u0131 sa\u011flar. Hem dayan\u0131kl\u0131l\u0131k hem de verimlilik i\u00e7in tasarlanan bu silindir, \u00e7ok \u00e7e\u015fitli end\u00fcstriyel uygulamalar i\u00e7in idealdir ve en zorlu ortamlarda bile g\u00fcvenilir performans sa\u011flar.<\/p>\n<p>ZY254.31F.019A Direksiyon Silindiri, hassas direksiyon kabiliyeti gerektiren makineler i\u00e7in hayati bir bile\u015fendir. Sa\u011flam dayan\u0131kl\u0131l\u0131\u011f\u0131, kompakt tasar\u0131m\u0131 ve kolay bak\u0131m\u0131, onu farkl\u0131 sekt\u00f6rlerdeki operat\u00f6rler i\u00e7in g\u00fcvenilir bir tercih haline getirir. Kullan\u0131c\u0131lar, temel \u00f6zelliklerini, kullan\u0131m tekniklerini ve bak\u0131m ipu\u00e7lar\u0131n\u0131 inceleyerek, bu temel hidrolik silindirin performans\u0131n\u0131 en \u00fcst d\u00fczeye \u00e7\u0131karabilir ve \u00f6mr\u00fcn\u00fc uzatabilir, b\u00f6ylece her t\u00fcrl\u00fc uygulamada sorunsuz ve verimli bir \u00e7al\u0131\u015fma sa\u011flayabilirler.<\/p>\n<h2>ZY254.31F.019A Direksiyon Silindiri Parametresi:<\/h2>\n<p><strong>Silindir \u00c7ap\u0131:<\/strong> 40 mm<\/p>\n<p><strong>\u00c7ubuk \u00c7ap\u0131:<\/strong> 25 mm<\/p>\n<p><strong>Seyahat:<\/strong> 140 mm<\/p>\n<p><strong>Kurulum Mesafesi:<\/strong> 480 mm<\/p>\n<h2>ZY254.31F.019A Direksiyon Silindirinin Temel \u00d6zellikleri:<\/h2>\n<ul>\n<li><strong>Ola\u011fan\u00fcst\u00fc Dayan\u0131kl\u0131l\u0131k<\/strong>ZY254.31F.019A, en zorlu \u00e7al\u0131\u015fma ko\u015fullar\u0131na dayanacak \u015fekilde tasarlanm\u0131\u015f y\u00fcksek kaliteli malzemelerden \u00fcretilmi\u015ftir. Bu dayan\u0131kl\u0131l\u0131k, en zorlu ortamlarda bile g\u00fcvenilirli\u011fini korumas\u0131n\u0131 sa\u011flayarak operat\u00f6rlere g\u00f6n\u00fcl rahatl\u0131\u011f\u0131 sa\u011flar ve duru\u015f s\u00fcrelerini azalt\u0131r.<\/li>\n<li><strong>Hassas Kontrol<\/strong>: Ola\u011fan\u00fcst\u00fc tepkiselli\u011fiyle bu direksiyon silindiri, hassas direksiyon ayarlar\u0131 sunar. Operat\u00f6rler a\u011f\u0131r y\u00fckleri g\u00fcvenle manevra edebilir, bu da \u00e7al\u0131\u015fma s\u0131ras\u0131nda genel yol tutu\u015funu ve g\u00fcvenli\u011fi art\u0131r\u0131r. Bu kontrol seviyesi, dar alanlarda gezinme veya hassas manevralar yapma gibi hassasiyet gerektiren g\u00f6revler i\u00e7in \u00e7ok \u00f6nemlidir.<\/li>\n<li><strong>Yerden Tasarruf Sa\u011flayan Tasar\u0131m<\/strong>ZY254.31F.019A'n\u0131n kompakt yap\u0131s\u0131, alan gereksinimini en aza indirerek onu \u00e7e\u015fitli makine kurulumlar\u0131 i\u00e7in m\u00fckemmel bir se\u00e7im haline getirir. Bu \u00f6zellik, \u00f6zellikle alan\u0131n s\u0131n\u0131rl\u0131 oldu\u011fu uygulamalarda faydal\u0131d\u0131r ve ekipman tasar\u0131m\u0131 ve konfig\u00fcrasyonunda daha fazla esneklik sa\u011flar.<\/li>\n<li><strong>Korozyon Direnci<\/strong>: \u00d6zel koruyucu kaplama ile tasarlanan bu silindir, pas ve a\u015f\u0131nmaya kar\u015f\u0131 dayan\u0131kl\u0131d\u0131r ve \u00e7al\u0131\u015fma \u00f6mr\u00fcn\u00fc \u00f6nemli \u00f6l\u00e7\u00fcde uzat\u0131r. Bu korozyon direnci, zorlu hava ko\u015fullar\u0131na veya a\u015f\u0131nd\u0131r\u0131c\u0131 ortamlara maruz kalan ekipmanlar i\u00e7in olmazsa olmazd\u0131r ve silindirin uzun s\u00fcre sa\u011flaml\u0131\u011f\u0131n\u0131 korumas\u0131n\u0131 sa\u011flar.<\/li>\n<li><strong>Standartla\u015ft\u0131r\u0131lm\u0131\u015f Boyutlar<\/strong>ZY254.31F.019A, standart makine \u00f6zelliklerine uygun boyutlara sahiptir. Bu standartla\u015ft\u0131rma, de\u011fi\u015ftirme s\u00fcrecini basitle\u015ftirir ve mevcut sistemlerin \u00e7o\u011fuyla uyumlulu\u011fu garanti alt\u0131na alarak, operat\u00f6rlerin ekipmanlar\u0131n\u0131 sorunsuz bir \u015fekilde y\u00fckseltmelerini veya bak\u0131mlar\u0131n\u0131 yapmalar\u0131n\u0131 kolayla\u015ft\u0131r\u0131r.<\/li>\n<\/ul>\n<h2>ZY254.31F.019A Direksiyon Silindiri Uygulamas\u0131:<\/h2>\n<p><img loading=\"lazy\" decoding=\"async\" class=\"alignnone wp-image-1001317 size-full\" src=\"https:\/\/images.hzpt.com\/2024\/11\/zy254-31f-019a-hydraulic-cylinder-application.webp\" alt=\"\" width=\"1072\" height=\"603\" title=\"\"><\/p>\n<h2>Hidrolik Direksiyon Silindiri Nas\u0131l \u00c7al\u0131\u015f\u0131r?<\/h2>\n<h3>Temel Bile\u015fenler<\/h3>\n<ol>\n<li>Silindir G\u00f6vdesi: Hidrolik s\u0131v\u0131y\u0131 ve pistonu bar\u0131nd\u0131ran ana g\u00f6vdedir.<\/li>\n<li>Piston: Silindirin i\u00e7 k\u0131sm\u0131n\u0131 iki b\u00f6lmeye ay\u0131ran hareketli par\u00e7a.<\/li>\n<li>Portlar: Hidrolik s\u0131v\u0131n\u0131n silindire girip \u00e7\u0131kmas\u0131n\u0131 sa\u011flayan a\u00e7\u0131kl\u0131klar.<\/li>\n<li>Hidrolik Ak\u0131\u015fkan: Sistem i\u00e7erisinde bas\u0131nc\u0131 iletmek i\u00e7in kullan\u0131lan ak\u0131\u015fkand\u0131r.<\/li>\n<\/ol>\n<h3>\u00c7al\u0131\u015fma Prensibi<\/h3>\n<ol>\n<li>Hidrolik Bas\u0131n\u00e7 Uygulamas\u0131:\n<ul>\n<li>Operat\u00f6r direksiyonu \u00e7evirdi\u011finde hidrolik s\u0131v\u0131s\u0131 portlar arac\u0131l\u0131\u011f\u0131yla silindirin bir taraf\u0131na pompalan\u0131r.<\/li>\n<li>Bu hareket, o b\u00f6lmedeki bas\u0131nc\u0131 art\u0131rarak pistonu ters y\u00f6ne do\u011fru iter.<\/li>\n<\/ul>\n<\/li>\n<li>Piston Hareketi:\n<ul>\n<li>Piston hareket ettik\u00e7e hidrolik bas\u0131nc\u0131 do\u011frusal harekete d\u00f6n\u00fc\u015ft\u00fcr\u00fcr ve bu da ba\u011fl\u0131 direksiyon ba\u011flant\u0131s\u0131n\u0131 hareket ettirir.<\/li>\n<li>Pistonun hareketi arac\u0131n tekerleklerinin a\u00e7\u0131s\u0131n\u0131 kontrol ederek direksiyon ayarlamalar\u0131na olanak sa\u011fl\u0131yor.<\/li>\n<\/ul>\n<\/li>\n<li>S\u0131v\u0131 D\u00f6n\u00fc\u015f\u00fc:\n<ul>\n<li>\u0130stenilen direksiyon pozisyonuna ula\u015f\u0131ld\u0131\u011f\u0131nda, hidrolik s\u0131v\u0131s\u0131 bas\u0131n\u00e7l\u0131 odadan bo\u015falt\u0131l\u0131r ve di\u011fer porttan hazneye geri g\u00f6nderilir.<\/li>\n<li>Bu d\u00f6n\u00fc\u015f, pistonun orijinal pozisyonuna geri d\u00f6nmesini ve bir sonraki direksiyon hareketine haz\u0131r hale gelmesini sa\u011flar.<\/li>\n<\/ul>\n<\/li>\n<\/ol>\n<h2>Direksiyon Hidrolik Silindirinin Uygulamas\u0131<\/h2>\n<p>Direksiyon hidrolik silindirleri, \u00e7e\u015fitli ara\u00e7 tiplerindeki direksiyon sistemlerinin temel bile\u015fenleridir. Direksiyon akt\u00fcat\u00f6rleri olarak da bilinen bu silindirler, direksiyon pompas\u0131 taraf\u0131ndan \u00fcretilen enerjiyi, arac\u0131n tekerleklerinin y\u00f6n\u00fcn\u00fc de\u011fi\u015ftirmek i\u00e7in kullan\u0131labilen do\u011frusal harekete d\u00f6n\u00fc\u015ft\u00fcrmeye yard\u0131mc\u0131 olur. Direksiyon hidrolik silindirlerinin baz\u0131 uygulamalar\u0131 \u015funlard\u0131r:<\/p>\n<ol>\n<li>A\u011f\u0131r vas\u0131talar: Direksiyon hidrolik silindirleri, kamyon, otob\u00fcs ve in\u015faat makineleri gibi a\u011f\u0131r vas\u0131talarda yayg\u0131n olarak kullan\u0131l\u0131r. Bu ara\u00e7lar\u0131n direksiyonu \u00e7evirmek i\u00e7in \u00e7ok fazla kuvvet gerekir ve bir hidrolik silindir, ara\u00e7 y\u00fckl\u00fc olsa bile tekerlekleri d\u00f6nd\u00fcrmek i\u00e7in gerekli g\u00fcc\u00fc \u00fcretebilir. Hidrolik sistem ayr\u0131ca direksiyon mekanizmas\u0131 \u00fczerinde daha hassas kontrol sa\u011flayarak s\u00fcr\u00fcc\u00fclerin b\u00fcy\u00fck ve kullan\u0131m\u0131 zor ara\u00e7larda daha kolay hareket etmesini sa\u011flar.<\/li>\n<li>Arazi ara\u00e7lar\u0131: ATV, kum arabas\u0131 ve arazi motosikleti gibi arazi ara\u00e7lar\u0131 da direksiyon hidrolik silindirlerinden faydalan\u0131r. Bu ara\u00e7lar genellikle geleneksel direksiyon mekanizmalar\u0131n\u0131n etkili olmayabilece\u011fi engebeli arazilerde \u00e7al\u0131\u015f\u0131r. Hidrolik silindirler, engellerin \u00fczerinden ge\u00e7mek ve ara\u00e7 \u00fczerinde kontrol\u00fc korumak i\u00e7in gereken g\u00fcc\u00fc ve hassasiyeti sa\u011flayabilir.<\/li>\n<li>Deniz ve havac\u0131l\u0131k uygulamalar\u0131: Direksiyon hidrolik silindirleri yaln\u0131zca kara ta\u015f\u0131tlar\u0131yla s\u0131n\u0131rl\u0131 de\u011fildir. Tekne ve gemi gibi deniz uygulamalar\u0131nda ve uzay ara\u00e7lar\u0131 ve u\u00e7aklar gibi havac\u0131l\u0131k teknolojisinde de kullan\u0131l\u0131rlar. Bu ortamlarda, hidrolik silindirler d\u00fcmenlerin, kanat\u00e7\u0131klar\u0131n ve gemi veya u\u00e7a\u011f\u0131n y\u00f6nlendirilmesine yard\u0131mc\u0131 olan di\u011fer kontrol y\u00fczeylerinin y\u00f6n\u00fcn\u00fc de\u011fi\u015ftirmek i\u00e7in kullan\u0131l\u0131r.<\/li>\n<li>End\u00fcstriyel ekipman: Hidrolik silindirler, \u00e7e\u015fitli end\u00fcstriyel ortamlarda direksiyon ve di\u011fer uygulamalar i\u00e7in de kullan\u0131l\u0131r. \u00d6rne\u011fin, vin\u00e7leri, forkliftleri veya di\u011fer a\u011f\u0131r makineleri y\u00f6nlendirmek i\u00e7in kullan\u0131labilirler. Bu ortamlarda, hidrolik silindirler b\u00fcy\u00fck y\u00fckleri hareket ettirmek veya dar alanlarda \u00e7al\u0131\u015fmak i\u00e7in gerekli g\u00fcc\u00fc ve hassasiyeti sa\u011flayabilir.<\/li>\n<li>\u00d6zel uygulamalar: Bu yayg\u0131n uygulamalara ek olarak, direksiyon hidrolik silindirleri \u00e7e\u015fitli \u00f6zel ortamlarda da kullan\u0131labilir. \u00d6rne\u011fin, benzersiz bir direksiyon mekanizmas\u0131 gerektiren deneysel ara\u00e7larda veya prototiplerde kullan\u0131labilirler. Ayr\u0131ca, hassas ve kontroll\u00fc hareket gerektiren sanatsal enstalasyonlarda veya kinetik heykellerde de kullan\u0131labilirler.<\/li>\n<\/ol>\n<p>G\u00f6rd\u00fc\u011f\u00fcn\u00fcz gibi, direksiyon hidrolik silindirleri \u00e7e\u015fitli end\u00fcstri ve ortamlarda geni\u015f bir uygulama yelpazesine sahiptir. \u0130ster a\u011f\u0131r vas\u0131talarda, ister arazi ara\u00e7lar\u0131nda, ister denizcilik ve havac\u0131l\u0131k uygulamalar\u0131nda, ister end\u00fcstriyel ekipmanlarda veya \u00f6zel uygulamalarda kullan\u0131ls\u0131n, bu silindirler etkili bir \u015fekilde y\u00f6nlendirmek i\u00e7in gerekli g\u00fcc\u00fc, hassasiyeti ve kontrol\u00fc sa\u011flar.<\/p>\n<h2>FMP Hakk\u0131nda<\/h2>\n<p>FMP, in\u015faat makineleri i\u00e7in y\u00fcksek kaliteli hidrolik silindirler, silindir kitleri ve bile\u015fenlerinin lider \u00fcreticisi ve da\u011f\u0131t\u0131c\u0131s\u0131d\u0131r. Uzun y\u0131llara dayanan sekt\u00f6r deneyimimiz ve profesyonel ekibimizle, m\u00fc\u015fterilerimize in\u015faat makineleri ihtiya\u00e7lar\u0131na g\u00fcvenilir ve verimli \u00e7\u00f6z\u00fcmler sunmaya kararl\u0131y\u0131z.<\/p>\n<p>FMP'yi se\u00e7meniz i\u00e7in be\u015f neden:<\/p>\n<ol>\n<li><strong>Y\u00fcksek kaliteli hidrolik silindirler:<\/strong> Hidrolik silindirlerimizi hassas m\u00fchendislikle \u00fcretiyoruz. Kaliteye olan sars\u0131lmaz ba\u011fl\u0131l\u0131\u011f\u0131m\u0131z, yaln\u0131zca en y\u00fcksek kaliteli hammaddeleri kullanmam\u0131z\u0131 ve bitmi\u015f \u00fcr\u00fcnlerin sekt\u00f6r standartlar\u0131n\u0131 kar\u015f\u0131lad\u0131\u011f\u0131ndan ve hatta a\u015ft\u0131\u011f\u0131ndan emin olmak i\u00e7in s\u0131k\u0131 kalite kontrolleri ger\u00e7ekle\u015ftirmemizi sa\u011flar.<\/li>\n<li><strong>Geni\u015f \u00fcr\u00fcn yelpazesi:<\/strong> \u00dcr\u00fcn yelpazemiz her t\u00fcrl\u00fc in\u015faat makinesi ve aksesuarlar\u0131n\u0131 kapsamaktad\u0131r. \u00c7e\u015fitli hidrolik silindirler, \u015fanz\u0131manlar, zincirler, zincir di\u015flileri, motor aksesuarlar\u0131, hidrolik sistem bile\u015fenleri, \u015fasi aksesuarlar\u0131 ve elektrik sistemi aksesuarlar\u0131 sunuyoruz.<\/li>\n<li><strong>Kurulan ortakl\u0131klar:<\/strong> Bir\u00e7ok y\u00fcksek kaliteli yerli ve yabanc\u0131 tedarik\u00e7iyle uzun vadeli ve istikrarl\u0131 ortakl\u0131klar kurduk. Bu sayede, tedarik etti\u011fimiz t\u00fcm aksesuarlar\u0131n s\u0131k\u0131 kalite standartlar\u0131m\u0131z\u0131 kar\u015f\u0131lamas\u0131n\u0131 sa\u011fl\u0131yoruz.<\/li>\n<li><strong>Deneyimli sat\u0131\u015f ekibi:<\/strong> Sat\u0131\u015f ekibimiz, in\u015faat makineleri sekt\u00f6r\u00fcnde uzun y\u0131llara dayanan deneyim ve bilgiye sahiptir. Bilin\u00e7li kararlar alman\u0131za yard\u0131mc\u0131 olmak i\u00e7in profesyonel \u00fcr\u00fcn dan\u0131\u015fmanl\u0131\u011f\u0131 ve ak\u0131ll\u0131 sat\u0131n alma tavsiyeleri sunabilirler.<\/li>\n<li><strong>Verimli lojistik da\u011f\u0131t\u0131m sistemi:<\/strong> M\u00fc\u015fterilerimizin ihtiya\u00e7 duyduklar\u0131 par\u00e7alar\u0131 zaman\u0131nda ve do\u011fru bir \u015fekilde alabilmelerini sa\u011flamak i\u00e7in etkin bir lojistik da\u011f\u0131t\u0131m sistemine sahibiz.<\/li>\n<\/ol>\n<p><img decoding=\"async\" src=\"https:\/\/fmp-components.com\/wp-content\/uploads\/2025\/01\/Dump-Truck-Trailer-Hydraulic-Cylinder-product-3-3.webp\" alt=\"Hidrolik silindir\" width=\"800\" title=\"\"><\/p>\n<p>FMP olarak, m\u00fc\u015fterilerimize y\u00fcksek kaliteli ve g\u00fcvenilir in\u015faat makinesi aksesuarlar\u0131 ve eksiksiz makine \u00e7\u00f6z\u00fcmleri sunmaya kararl\u0131y\u0131z. Modern fabrika tesislerimiz, CNC tak\u0131m tezgahlar\u0131m\u0131z, bilgisayar destekli tasar\u0131m\u0131m\u0131z, kalifiye \u00e7al\u0131\u015fanlar\u0131m\u0131z, hidrolik sistem uzmanlar\u0131m\u0131z, silindir montajc\u0131lar\u0131m\u0131z ve bayilerimizle, hidrolik silindir, silindir kiti ve bile\u015fen ihtiya\u00e7lar\u0131n\u0131z\u0131 kar\u015f\u0131lamak i\u00e7in tercih edilen orta\u011f\u0131z.<\/p>\n<p>Yazar: CX<\/p>","protected":false},"excerpt":{"rendered":"<p>Product Name: NWTEHX-2101043 Steering Cylinder Looking for a high-quality steering cylinder that provides excellent performance and durability? Look no further than the NWTEHX-2101043 Steering Cylinder. Crafted with top-grade materials and designed to meet stringent industry standards, this steering cylinder is built to withstand even the toughest working conditions. Whether you&#8217;re operating heavy machinery or working [&hellip;]<\/p>","protected":false},"featured_media":2946,"comment_status":"closed","ping_status":"closed","template":"","meta":{"_et_pb_use_builder":"","_et_pb_old_content":"","_et_gb_content_width":""},"product_brand":[],"product_cat":[67],"product_tag":[34,70],"class_list":{"0":"post-2945","1":"product","2":"type-product","3":"status-publish","4":"has-post-thumbnail","6":"product_cat-steering-hydraulic-cylinder","7":"product_tag-hydraulic-cylinder","8":"product_tag-steering-hydraulic-cylinder","10":"first","11":"instock","12":"product-type-simple"},"_links":{"self":[{"href":"https:\/\/fmp-components.com\/tr\/wp-json\/wp\/v2\/product\/2945","targetHints":{"allow":["GET"]}}],"collection":[{"href":"https:\/\/fmp-components.com\/tr\/wp-json\/wp\/v2\/product"}],"about":[{"href":"https:\/\/fmp-components.com\/tr\/wp-json\/wp\/v2\/types\/product"}],"replies":[{"embeddable":true,"href":"https:\/\/fmp-components.com\/tr\/wp-json\/wp\/v2\/comments?post=2945"}],"wp:featuredmedia":[{"embeddable":true,"href":"https:\/\/fmp-components.com\/tr\/wp-json\/wp\/v2\/media\/2946"}],"wp:attachment":[{"href":"https:\/\/fmp-components.com\/tr\/wp-json\/wp\/v2\/media?parent=2945"}],"wp:term":[{"taxonomy":"product_brand","embeddable":true,"href":"https:\/\/fmp-components.com\/tr\/wp-json\/wp\/v2\/product_brand?post=2945"},{"taxonomy":"product_cat","embeddable":true,"href":"https:\/\/fmp-components.com\/tr\/wp-json\/wp\/v2\/product_cat?post=2945"},{"taxonomy":"product_tag","embeddable":true,"href":"https:\/\/fmp-components.com\/tr\/wp-json\/wp\/v2\/product_tag?post=2945"}],"curies":[{"name":"wp","href":"https:\/\/api.w.org\/{rel}","templated":true}]}}