{"id":2851,"date":"2025-01-04T05:25:27","date_gmt":"2025-01-04T05:25:27","guid":{"rendered":"https:\/\/fmp-components.com\/product\/high-quality-double-acting-hydraulic-steering-cylinder-for-tractor\/"},"modified":"2025-03-18T01:18:42","modified_gmt":"2025-03-18T01:18:42","slug":"high-quality-double-acting-hydraulic-steering-cylinder-for-tractor","status":"publish","type":"product","link":"https:\/\/fmp-components.com\/tr\/product\/high-quality-double-acting-hydraulic-steering-cylinder-for-tractor\/","title":{"rendered":"Trakt\u00f6r i\u00e7in Y\u00fcksek Kaliteli \u00c7ift Etkili Hidrolik Direksiyon Silindiri"},"content":{"rendered":"<h2>Tar\u0131m R\u00f6morku i\u00e7in Dayan\u0131kl\u0131 \u00d6zel Direksiyon Hidrolik Silindiri<\/h2>\n<p>Tar\u0131m r\u00f6morklar\u0131n\u0131z i\u00e7in m\u00fckemmel \u00e7\u00f6z\u00fcm olan dayan\u0131kl\u0131, \u00f6zel tasar\u0131m hidrolik direksiyon silindirimizi tan\u0131t\u0131yoruz. Hidrolik silindirimiz maksimum g\u00fc\u00e7, dayan\u0131kl\u0131l\u0131k ve g\u00fcvenilirlik sa\u011flamak \u00fczere tasarlanm\u0131\u015ft\u0131r.<\/p>\n<p>Hassas bir \u015fekilde \u00fcretilen hidrolik silindirimiz, tar\u0131m r\u00f6morkunuzun \u00f6zel gereksinimlerini kar\u015f\u0131lamak \u00fczere \u00f6zel olarak tasarlanm\u0131\u015ft\u0131r. A\u015f\u0131r\u0131 \u00e7al\u0131\u015fma ko\u015fullar\u0131na dayanabilen sa\u011flam bir tasar\u0131ma sahip olup, tar\u0131m sekt\u00f6r\u00fcndeki a\u011f\u0131r hizmet uygulamalar\u0131 i\u00e7in idealdir.<\/p>\n<p>Tar\u0131m r\u00f6morklar\u0131 i\u00e7in \u00f6zel olarak tasarlanm\u0131\u015f dayan\u0131kl\u0131 direksiyon hidrolik silindirimiz, uzun \u00f6m\u00fcrl\u00fc performans sa\u011flamak i\u00e7in y\u00fcksek kaliteli malzemelerden \u00fcretilmi\u015ftir. \u00dcst\u00fcn korozyon direnci sayesinde zorlu hava ko\u015fullar\u0131na dayanabilir ve a\u015f\u0131nmaya kar\u015f\u0131 olduk\u00e7a diren\u00e7lidir, b\u00f6ylece tar\u0131m r\u00f6morkunuz y\u0131llarca en iyi durumda kal\u0131r.<\/p>\n<p>Ayr\u0131ca, hidrolik silindirimiz kolay monte edilir ve \u00e7al\u0131\u015ft\u0131r\u0131l\u0131r, bu da onu tar\u0131m r\u00f6morkunuza sorunsuz bir \u015fekilde entegre eder. P\u00fcr\u00fczs\u00fcz ve verimli direksiyon sa\u011flamak \u00fczere tasarlanm\u0131\u015ft\u0131r, b\u00f6ylece en zorlu arazilerde bile kolayl\u0131kla ilerleyebilirsiniz.<\/p>\n<p>Tar\u0131m r\u00f6morklar\u0131n\u0131z i\u00e7in dayan\u0131kl\u0131, \u00f6zel tasar\u0131m hidrolik direksiyon silindirimize bug\u00fcn yat\u0131r\u0131m yap\u0131n ve tar\u0131m r\u00f6morkunuzun performans\u0131nda yaratt\u0131\u011f\u0131 fark\u0131 deneyimleyin.<\/p>\n<h2>Direksiyon Hidrolik Silindirinin Uygulamas\u0131<\/h2>\n<p>Direksiyon hidrolik silindirleri, \u00e7e\u015fitli ara\u00e7 tiplerindeki direksiyon sistemlerinin temel bile\u015fenleridir. Direksiyon akt\u00fcat\u00f6rleri olarak da bilinen bu silindirler, direksiyon pompas\u0131 taraf\u0131ndan \u00fcretilen enerjiyi, arac\u0131n tekerleklerinin y\u00f6n\u00fcn\u00fc de\u011fi\u015ftirmek i\u00e7in kullan\u0131labilen do\u011frusal harekete d\u00f6n\u00fc\u015ft\u00fcrmeye yard\u0131mc\u0131 olur. Direksiyon hidrolik silindirlerinin baz\u0131 uygulamalar\u0131 \u015funlard\u0131r:<\/p>\n<ol>\n<li>A\u011f\u0131r vas\u0131talar:\n<p>Direksiyon hidrolik silindirleri, kamyon, otob\u00fcs ve in\u015faat makineleri gibi a\u011f\u0131r hizmet tipi ara\u00e7larda yayg\u0131n olarak kullan\u0131l\u0131r. Bu ara\u00e7lar\u0131n direksiyonunu \u00e7evirmek i\u00e7in \u00e7ok fazla kuvvet gerekir ve bir hidrolik silindir, ara\u00e7 y\u00fckl\u00fc olsa bile tekerlekleri d\u00f6nd\u00fcrmek i\u00e7in gerekli g\u00fcc\u00fc \u00fcretebilir. Hidrolik sistem ayr\u0131ca direksiyon mekanizmas\u0131 \u00fczerinde daha hassas kontrol sa\u011flayarak s\u00fcr\u00fcc\u00fclerin b\u00fcy\u00fck ve kullan\u0131m\u0131 zor ara\u00e7larda daha kolay hareket etmesini sa\u011flar.<\/li>\n<li>Arazi ara\u00e7lar\u0131:\n<p>ATV, kum arabas\u0131 ve arazi motosikleti gibi arazi ara\u00e7lar\u0131 da direksiyon hidrolik silindirlerinden faydalan\u0131r. Bu ara\u00e7lar genellikle geleneksel direksiyon mekanizmalar\u0131n\u0131n etkili olmayabilece\u011fi engebeli arazilerde \u00e7al\u0131\u015f\u0131r. Hidrolik silindirler, engellerin \u00fczerinden ge\u00e7mek ve ara\u00e7 \u00fczerinde kontrol\u00fc korumak i\u00e7in gerekli g\u00fcc\u00fc ve hassasiyeti sa\u011flayabilir.<\/li>\n<li>Deniz ve havac\u0131l\u0131k uygulamalar\u0131:\n<p>Direksiyon hidrolik silindirleri yaln\u0131zca kara ta\u015f\u0131tlar\u0131yla s\u0131n\u0131rl\u0131 de\u011fildir. Tekne ve gemi gibi deniz uygulamalar\u0131nda ve uzay ara\u00e7lar\u0131 ve u\u00e7aklar gibi havac\u0131l\u0131k teknolojisinde de kullan\u0131l\u0131rlar. Bu ortamlarda, hidrolik silindirler d\u00fcmenlerin, kanat\u00e7\u0131klar\u0131n ve gemi veya u\u00e7a\u011f\u0131n y\u00f6nlendirilmesine yard\u0131mc\u0131 olan di\u011fer kontrol y\u00fczeylerinin y\u00f6n\u00fcn\u00fc de\u011fi\u015ftirmek i\u00e7in kullan\u0131l\u0131r.<\/li>\n<li>End\u00fcstriyel ekipman:\n<p>Hidrolik silindirler, \u00e7e\u015fitli end\u00fcstriyel ortamlarda direksiyon ve di\u011fer uygulamalar i\u00e7in de kullan\u0131l\u0131r. \u00d6rne\u011fin, vin\u00e7leri, forkliftleri veya di\u011fer a\u011f\u0131r makineleri y\u00f6nlendirmek i\u00e7in kullan\u0131labilirler. Bu ortamlarda, hidrolik silindirler b\u00fcy\u00fck y\u00fckleri hareket ettirmek veya dar alanlarda \u00e7al\u0131\u015fmak i\u00e7in gerekli g\u00fcc\u00fc ve hassasiyeti sa\u011flayabilir.<\/li>\n<li>\u00d6zel uygulamalar:\n<p>Bu yayg\u0131n uygulamalara ek olarak, direksiyon hidrolik silindirleri \u00e7e\u015fitli \u00f6zel ortamlarda da kullan\u0131labilir. \u00d6rne\u011fin, benzersiz bir direksiyon mekanizmas\u0131 gerektiren deneysel ara\u00e7larda veya prototiplerde kullan\u0131labilirler. Ayr\u0131ca, hassas ve kontroll\u00fc hareket gerektiren sanatsal enstalasyonlarda veya kinetik heykellerde de kullan\u0131labilirler.<\/li>\n<\/ol>\n<p>G\u00f6rd\u00fc\u011f\u00fcn\u00fcz gibi, direksiyon hidrolik silindirleri \u00e7e\u015fitli end\u00fcstri ve ortamlarda geni\u015f bir uygulama yelpazesine sahiptir. \u0130ster a\u011f\u0131r vas\u0131talarda, ister arazi ara\u00e7lar\u0131nda, ister denizcilik ve havac\u0131l\u0131k uygulamalar\u0131nda, ister end\u00fcstriyel ekipmanlarda veya \u00f6zel uygulamalarda kullan\u0131ls\u0131n, bu silindirler etkili bir \u015fekilde y\u00f6nlendirmek i\u00e7in gerekli g\u00fcc\u00fc, hassasiyeti ve kontrol\u00fc sa\u011flar.<\/p>\n<h2>FMP Hakk\u0131nda<\/h2>\n<p>FMP, in\u015faat makineleri i\u00e7in y\u00fcksek kaliteli hidrolik silindirler, silindir kitleri ve bile\u015fenlerinin lider \u00fcreticisi ve da\u011f\u0131t\u0131c\u0131s\u0131d\u0131r. Uzun y\u0131llara dayanan sekt\u00f6r deneyimimiz ve profesyonel ekibimizle, m\u00fc\u015fterilerimize in\u015faat makineleri ihtiya\u00e7lar\u0131na g\u00fcvenilir ve verimli \u00e7\u00f6z\u00fcmler sunmaya kararl\u0131y\u0131z.<\/p>\n<p>FMP'yi se\u00e7meniz i\u00e7in be\u015f neden:<\/p>\n<ol>\n<li><strong>Y\u00fcksek kaliteli hidrolik silindirler:<\/strong> Hidrolik silindirlerimizi hassas m\u00fchendislikle \u00fcretiyoruz. Kaliteye olan sars\u0131lmaz ba\u011fl\u0131l\u0131\u011f\u0131m\u0131z, yaln\u0131zca en y\u00fcksek kaliteli hammaddeleri kullanmam\u0131z\u0131 ve bitmi\u015f \u00fcr\u00fcnlerin sekt\u00f6r standartlar\u0131n\u0131 kar\u015f\u0131lad\u0131\u011f\u0131ndan ve hatta a\u015ft\u0131\u011f\u0131ndan emin olmak i\u00e7in s\u0131k\u0131 kalite kontrolleri ger\u00e7ekle\u015ftirmemizi sa\u011flar.<\/li>\n<li><strong>Geni\u015f \u00fcr\u00fcn yelpazesi:<\/strong> \u00dcr\u00fcn yelpazemiz her t\u00fcrl\u00fc in\u015faat makinesi ve aksesuarlar\u0131n\u0131 kapsamaktad\u0131r. \u00c7e\u015fitli hidrolik silindirler, \u015fanz\u0131manlar, zincirler, zincir di\u015flileri, motor aksesuarlar\u0131, hidrolik sistem bile\u015fenleri, \u015fasi aksesuarlar\u0131 ve elektrik sistemi aksesuarlar\u0131 sunuyoruz.<\/li>\n<li><strong>Kurulan ortakl\u0131klar:<\/strong> Bir\u00e7ok y\u00fcksek kaliteli yerli ve yabanc\u0131 tedarik\u00e7iyle uzun vadeli ve istikrarl\u0131 ortakl\u0131klar kurduk. Bu sayede, tedarik etti\u011fimiz t\u00fcm aksesuarlar\u0131n s\u0131k\u0131 kalite standartlar\u0131m\u0131z\u0131 kar\u015f\u0131lamas\u0131n\u0131 sa\u011fl\u0131yoruz.<\/li>\n<li><strong>Deneyimli sat\u0131\u015f ekibi:<\/strong> Sat\u0131\u015f ekibimiz, in\u015faat makineleri sekt\u00f6r\u00fcnde uzun y\u0131llara dayanan deneyim ve bilgiye sahiptir. Bilin\u00e7li kararlar alman\u0131za yard\u0131mc\u0131 olmak i\u00e7in profesyonel \u00fcr\u00fcn dan\u0131\u015fmanl\u0131\u011f\u0131 ve ak\u0131ll\u0131 sat\u0131n alma tavsiyeleri sunabilirler.<\/li>\n<li><strong>Verimli lojistik da\u011f\u0131t\u0131m sistemi:<\/strong> M\u00fc\u015fterilerimizin ihtiya\u00e7 duyduklar\u0131 par\u00e7alar\u0131 zaman\u0131nda ve do\u011fru bir \u015fekilde alabilmelerini sa\u011flamak i\u00e7in etkin bir lojistik da\u011f\u0131t\u0131m sistemine sahibiz.<\/li>\n<\/ol>\n<p><img decoding=\"async\" src=\"https:\/\/fmp-components.com\/wp-content\/uploads\/2025\/01\/Dump-Truck-Trailer-Hydraulic-Cylinder-product-3-3.webp\" alt=\"Hidrolik silindir\" width=\"800\" title=\"\"><\/p>\n<p>FMP olarak, m\u00fc\u015fterilerimize y\u00fcksek kaliteli ve g\u00fcvenilir in\u015faat makinesi aksesuarlar\u0131 ve eksiksiz makine \u00e7\u00f6z\u00fcmleri sunmaya kararl\u0131y\u0131z. Modern fabrika tesislerimiz, CNC tak\u0131m tezgahlar\u0131m\u0131z, bilgisayar destekli tasar\u0131m\u0131m\u0131z, kalifiye \u00e7al\u0131\u015fanlar\u0131m\u0131z, hidrolik sistem uzmanlar\u0131m\u0131z, silindir montajc\u0131lar\u0131m\u0131z ve bayilerimizle, hidrolik silindir, silindir kiti ve bile\u015fen ihtiya\u00e7lar\u0131n\u0131z\u0131 kar\u015f\u0131lamak i\u00e7in tercih edilen orta\u011f\u0131z.<\/p>\n<p>Yazar: CX<\/p>","protected":false},"excerpt":{"rendered":"<p>Durable Custom Steering Hydraulic Cylinder for Agriculture Trailer Introducing our Durable Custom Steering Hydraulic Cylinder for Agriculture Trailer, the perfect solution for your agriculture trailer needs. Our hydraulic cylinder is designed to provide maximum strength, durability, and reliability. Crafted with precision, our hydraulic cylinder is custom-made to meet the specific requirements of your agriculture trailer. [&hellip;]<\/p>","protected":false},"featured_media":2852,"comment_status":"closed","ping_status":"closed","template":"","meta":{"_et_pb_use_builder":"","_et_pb_old_content":"","_et_gb_content_width":""},"product_brand":[],"product_cat":[67],"product_tag":[34,70],"class_list":{"0":"post-2851","1":"product","2":"type-product","3":"status-publish","4":"has-post-thumbnail","6":"product_cat-steering-hydraulic-cylinder","7":"product_tag-hydraulic-cylinder","8":"product_tag-steering-hydraulic-cylinder","10":"first","11":"instock","12":"product-type-simple"},"_links":{"self":[{"href":"https:\/\/fmp-components.com\/tr\/wp-json\/wp\/v2\/product\/2851","targetHints":{"allow":["GET"]}}],"collection":[{"href":"https:\/\/fmp-components.com\/tr\/wp-json\/wp\/v2\/product"}],"about":[{"href":"https:\/\/fmp-components.com\/tr\/wp-json\/wp\/v2\/types\/product"}],"replies":[{"embeddable":true,"href":"https:\/\/fmp-components.com\/tr\/wp-json\/wp\/v2\/comments?post=2851"}],"wp:featuredmedia":[{"embeddable":true,"href":"https:\/\/fmp-components.com\/tr\/wp-json\/wp\/v2\/media\/2852"}],"wp:attachment":[{"href":"https:\/\/fmp-components.com\/tr\/wp-json\/wp\/v2\/media?parent=2851"}],"wp:term":[{"taxonomy":"product_brand","embeddable":true,"href":"https:\/\/fmp-components.com\/tr\/wp-json\/wp\/v2\/product_brand?post=2851"},{"taxonomy":"product_cat","embeddable":true,"href":"https:\/\/fmp-components.com\/tr\/wp-json\/wp\/v2\/product_cat?post=2851"},{"taxonomy":"product_tag","embeddable":true,"href":"https:\/\/fmp-components.com\/tr\/wp-json\/wp\/v2\/product_tag?post=2851"}],"curies":[{"name":"wp","href":"https:\/\/api.w.org\/{rel}","templated":true}]}}