{"id":2817,"date":"2025-01-04T05:24:01","date_gmt":"2025-01-04T05:24:01","guid":{"rendered":"https:\/\/fmp-components.com\/product\/high-quality-10-ton-hydraulic-piston-cylinder-tractor-hydraulic-steering-cylinder\/"},"modified":"2025-03-18T01:29:10","modified_gmt":"2025-03-18T01:29:10","slug":"high-quality-10-ton-hydraulic-piston-cylinder-tractor-hydraulic-steering-cylinder","status":"publish","type":"product","link":"https:\/\/fmp-components.com\/tr\/product\/high-quality-10-ton-hydraulic-piston-cylinder-tractor-hydraulic-steering-cylinder\/","title":{"rendered":"Y\u00fcksek Kaliteli 10 Ton Hidrolik Piston Silindiri Trakt\u00f6r Hidrolik Direksiyon Silindiri"},"content":{"rendered":"<p>Garantili Kalite Piston Direksiyon Silindiri - Y\u00fcksek Performans i\u00e7in Hidrolik Direksiyon Silindiri<\/p>\n<p>Garantili Kalite Pistonlu Direksiyon Silindiri ile tan\u0131\u015f\u0131n - y\u00fcksek performansl\u0131 hidrolik direksiyon elde etmek i\u00e7in m\u00fckemmel \u00e7\u00f6z\u00fcm. \u00dcst\u00fcn tasar\u0131m\u0131 ve yap\u0131s\u0131yla bu hidrolik direksiyon silindiri, optimum performans ve g\u00fcvenilirlik sunmak \u00fczere \u00fcretilmi\u015ftir.<\/p>\n<p>Hassasiyet ve dayan\u0131kl\u0131l\u0131k i\u00e7in tasarlanan bu direksiyon silindiri, p\u00fcr\u00fczs\u00fcz ve h\u0131zl\u0131 tepki veren bir direksiyon kontrol\u00fc sa\u011flamak i\u00e7in bir piston mekanizmas\u0131 kullan\u0131r. \u0130ster engebeli arazilerde gezinin, ister dar alanlarda manevra yap\u0131n, bu silindir zahmetsiz ve hassas bir direksiyon hakimiyeti sa\u011flar.<\/p>\n<p>Y\u00fcksek kaliteli malzemelerden \u00fcretilen bu hidrolik direksiyon silindiri, en zorlu ko\u015fullara dayanacak \u015fekilde \u00fcretilmi\u015ftir. Sa\u011flam yap\u0131s\u0131, uzun \u00f6m\u00fcrl\u00fc performans sa\u011flayarak zorlu uygulamalar i\u00e7in ideal bir se\u00e7imdir.<\/p>\n<p>Temel \u00d6zellikler:<br \/>\n1. \u00dcst\u00fcn Performans: Piston mekanizmas\u0131, p\u00fcr\u00fczs\u00fcz ve duyarl\u0131 direksiyon kontrol\u00fc sa\u011flayarak hassas manevra kabiliyeti sa\u011flar.<br \/>\n2. Dayan\u0131kl\u0131l\u0131k: Y\u00fcksek kaliteli malzemelerden \u00fcretilen bu silindir, zorlu ortamlara ve yo\u011fun kullan\u0131ma dayanacak \u015fekilde tasarlanm\u0131\u015ft\u0131r.<br \/>\n3. G\u00fcvenilirlik: Garantili kalitesiyle bu direksiyon silindiri, tutarl\u0131 ve g\u00fcvenilir bir performans sunarak g\u00f6n\u00fcl rahatl\u0131\u011f\u0131 sa\u011flar.<br \/>\n4. Kolay Kurulum: Sorunsuz kurulum i\u00e7in tasarlanan bu silindir, mevcut hidrolik direksiyon sistemlerine kolayca entegre edilebilir.<br \/>\n5. \u00c7ok Y\u00f6nl\u00fc Uygulama: \u00c7ok \u00e7e\u015fitli ara\u00e7lar ve makineler i\u00e7in uygun olan bu silindir, \u00e7e\u015fitli y\u00fcksek performansl\u0131 uygulamalar i\u00e7in verimli direksiyon sa\u011flar.<\/p>\n<p>\u00dcst\u00fcn hidrolik direksiyon performans\u0131 i\u00e7in en iyi se\u00e7im olan Garantili Kalite Pistonlu Direksiyon Silindiri ile fark\u0131 deneyimleyin. Sisteminizi bug\u00fcn y\u00fckseltin ve daha \u00f6nce hi\u00e7 olmad\u0131\u011f\u0131 kadar hassas ve zahmetsiz direksiyon kontrol\u00fcn\u00fcn keyfini \u00e7\u0131kar\u0131n.<\/p>\n<p><img decoding=\"async\" src=\"https:\/\/hzpt.com\/wp-content\/uploads\/2023\/11\/agricultural-machinery-hydraulic-cylinder-1.webp\" alt=\"Hidrolik Silindir G\u00f6r\u00fcnt\u00fcs\u00fc\" title=\"\"><\/p>\n<h2>Hidrolik Silindirlerin Evrimi ve S\u0131n\u0131fland\u0131r\u0131lmas\u0131<\/h2>\n<p>Hidrolik silindirler, makine end\u00fcstrisinin artan taleplerini kar\u015f\u0131lamak i\u00e7in zamanla geli\u015fmi\u015ftir. Hidrolik e\u011fim silindirleri, hidrolik direksiyon silindirleri ve hidrolik kald\u0131rma silindirleri gibi \u00e7e\u015fitli tiplere ayr\u0131l\u0131rlar ve her biri belirli bir amaca hizmet eder.<\/p>\n<h2>Hidrolik Silindirlerimizin Avantajlar\u0131<\/h2>\n<p>Hidrolik silindirlerimizin avantajlar\u0131 aras\u0131nda dayan\u0131kl\u0131l\u0131k, y\u00fcksek performans, verimlilik ve uzun kullan\u0131m \u00f6mr\u00fc yer al\u0131r. Bu silindirler, zorlu ko\u015fullara dayanacak \u015fekilde tasarlan\u0131p \u00fcretilerek optimum performans ve minimum bak\u0131m sa\u011flar.<\/p>\n<h3>Hidrolik Silindirlerin Montaj\u0131 ve Bak\u0131m\u0131<\/h3>\n<p>Hidrolik silindirlerimiz kapsaml\u0131 montaj k\u0131lavuzlar\u0131yla birlikte gelir ve silindirlerinizin verimli bir \u015fekilde \u00e7al\u0131\u015fmas\u0131n\u0131 ve m\u00fcmk\u00fcn oldu\u011funca uzun s\u00fcre dayanmas\u0131n\u0131 sa\u011flamak i\u00e7in profesyonel bak\u0131m hizmetleri sunar\u0131z.<\/p>\n<h2>Do\u011fru Hidrolik Silindiri Se\u00e7me<\/h2>\n<p>Do\u011fru hidrolik silindiri se\u00e7mek, silindir \u00e7ap\u0131, piston kolu \u00e7ap\u0131, strok \u00e7ap\u0131 ve pim \u00e7ap\u0131 gibi fakt\u00f6rleri g\u00f6z \u00f6n\u00fcnde bulundurmay\u0131 gerektirir. Silindir yelpazemiz, farkl\u0131 ihtiya\u00e7lara cevap vererek ihtiya\u00e7lar\u0131n\u0131za en uygun olan\u0131 bulman\u0131z\u0131 sa\u011flar.<\/p>\n<h2>Y\u00fcksek Kaliteli \u00dcr\u00fcn ve Hizmetlerimiz<\/h2>\n<p>Y\u00fcksek kaliteli \u00fcr\u00fcnler, rekabet\u00e7i fiyatlar ve birinci s\u0131n\u0131f hizmetler sunuyoruz. \u00dcr\u00fcnlerimiz aras\u0131nda hava ara\u00e7lar\u0131, end\u00fcstri m\u00fchendisli\u011fi, a\u00e7\u0131k deniz, mobil makineler, in\u015faat makineleri, forkliftler, enerji teknolojileri ve t\u00fcnel a\u00e7ma makineleri i\u00e7in hidrolik silindirler bulunmaktad\u0131r. Ayr\u0131ca, \u00e7izimlere veya numunelere dayal\u0131 \u00f6zelle\u015ftirme taleplerinizi de memnuniyetle kar\u015f\u0131l\u0131yoruz.<\/p>\n<p><img decoding=\"async\" src=\"https:\/\/hzpt.com\/wp-content\/uploads\/2023\/09\/Hydraulic-Cylinder-Factory-2.webp\" alt=\"Fabrika G\u00f6r\u00fcnt\u00fcs\u00fc\" title=\"\"><\/p>\n<h2>Direksiyon Hidrolik Silindirinin Uygulamas\u0131<\/h2>\n<p>Direksiyon hidrolik silindirleri, \u00e7e\u015fitli ara\u00e7 tiplerindeki direksiyon sistemlerinin temel bile\u015fenleridir. Direksiyon akt\u00fcat\u00f6rleri olarak da bilinen bu silindirler, direksiyon pompas\u0131 taraf\u0131ndan \u00fcretilen enerjiyi, arac\u0131n tekerleklerinin y\u00f6n\u00fcn\u00fc de\u011fi\u015ftirmek i\u00e7in kullan\u0131labilen do\u011frusal harekete d\u00f6n\u00fc\u015ft\u00fcrmeye yard\u0131mc\u0131 olur. Direksiyon hidrolik silindirlerinin baz\u0131 uygulamalar\u0131 \u015funlard\u0131r:<\/p>\n<ol>\n<li>A\u011f\u0131r vas\u0131talar:\n<p>Direksiyon hidrolik silindirleri, kamyon, otob\u00fcs ve in\u015faat makineleri gibi a\u011f\u0131r hizmet tipi ara\u00e7larda yayg\u0131n olarak kullan\u0131l\u0131r. Bu ara\u00e7lar\u0131n direksiyonunu \u00e7evirmek i\u00e7in \u00e7ok fazla kuvvet gerekir ve bir hidrolik silindir, ara\u00e7 y\u00fckl\u00fc olsa bile tekerlekleri d\u00f6nd\u00fcrmek i\u00e7in gerekli g\u00fcc\u00fc \u00fcretebilir. Hidrolik sistem ayr\u0131ca direksiyon mekanizmas\u0131 \u00fczerinde daha hassas kontrol sa\u011flayarak s\u00fcr\u00fcc\u00fclerin b\u00fcy\u00fck ve kullan\u0131m\u0131 zor ara\u00e7larda daha kolay hareket etmesini sa\u011flar.<\/li>\n<li>Arazi ara\u00e7lar\u0131:\n<p>ATV, kum arabas\u0131 ve arazi motosikleti gibi arazi ara\u00e7lar\u0131 da direksiyon hidrolik silindirlerinden faydalan\u0131r. Bu ara\u00e7lar genellikle geleneksel direksiyon mekanizmalar\u0131n\u0131n etkili olmayabilece\u011fi engebeli arazilerde \u00e7al\u0131\u015f\u0131r. Hidrolik silindirler, engellerin \u00fczerinden ge\u00e7mek ve ara\u00e7 \u00fczerinde kontrol\u00fc korumak i\u00e7in gerekli g\u00fcc\u00fc ve hassasiyeti sa\u011flayabilir.<\/li>\n<li>Deniz ve havac\u0131l\u0131k uygulamalar\u0131:\n<p>Direksiyon hidrolik silindirleri yaln\u0131zca kara ta\u015f\u0131tlar\u0131yla s\u0131n\u0131rl\u0131 de\u011fildir. Tekne ve gemi gibi deniz uygulamalar\u0131nda ve uzay ara\u00e7lar\u0131 ve u\u00e7aklar gibi havac\u0131l\u0131k teknolojisinde de kullan\u0131l\u0131rlar. Bu ortamlarda, hidrolik silindirler d\u00fcmenlerin, kanat\u00e7\u0131klar\u0131n ve gemi veya u\u00e7a\u011f\u0131n y\u00f6nlendirilmesine yard\u0131mc\u0131 olan di\u011fer kontrol y\u00fczeylerinin y\u00f6n\u00fcn\u00fc de\u011fi\u015ftirmek i\u00e7in kullan\u0131l\u0131r.<\/li>\n<li>End\u00fcstriyel ekipman:\n<p>Hidrolik silindirler, \u00e7e\u015fitli end\u00fcstriyel ortamlarda direksiyon ve di\u011fer uygulamalar i\u00e7in de kullan\u0131l\u0131r. \u00d6rne\u011fin, vin\u00e7leri, forkliftleri veya di\u011fer a\u011f\u0131r makineleri y\u00f6nlendirmek i\u00e7in kullan\u0131labilirler. Bu ortamlarda, hidrolik silindirler b\u00fcy\u00fck y\u00fckleri hareket ettirmek veya dar alanlarda \u00e7al\u0131\u015fmak i\u00e7in gerekli g\u00fcc\u00fc ve hassasiyeti sa\u011flayabilir.<\/li>\n<li>\u00d6zel uygulamalar:\n<p>Bu yayg\u0131n uygulamalara ek olarak, direksiyon hidrolik silindirleri \u00e7e\u015fitli \u00f6zel ortamlarda da kullan\u0131labilir. \u00d6rne\u011fin, benzersiz bir direksiyon mekanizmas\u0131 gerektiren deneysel ara\u00e7larda veya prototiplerde kullan\u0131labilirler. Ayr\u0131ca, hassas ve kontroll\u00fc hareket gerektiren sanatsal enstalasyonlarda veya kinetik heykellerde de kullan\u0131labilirler.<\/li>\n<\/ol>\n<p>G\u00f6rd\u00fc\u011f\u00fcn\u00fcz gibi, direksiyon hidrolik silindirleri \u00e7e\u015fitli end\u00fcstri ve ortamlarda geni\u015f bir uygulama yelpazesine sahiptir. \u0130ster a\u011f\u0131r vas\u0131talarda, ister arazi ara\u00e7lar\u0131nda, ister denizcilik ve havac\u0131l\u0131k uygulamalar\u0131nda, ister end\u00fcstriyel ekipmanlarda veya \u00f6zel uygulamalarda kullan\u0131ls\u0131n, bu silindirler etkili bir \u015fekilde y\u00f6nlendirmek i\u00e7in gerekli g\u00fcc\u00fc, hassasiyeti ve kontrol\u00fc sa\u011flar.<\/p>\n<h2>FMP Hakk\u0131nda<\/h2>\n<p>FMP, in\u015faat makineleri i\u00e7in y\u00fcksek kaliteli hidrolik silindirler, silindir kitleri ve bile\u015fenlerinin lider \u00fcreticisi ve da\u011f\u0131t\u0131c\u0131s\u0131d\u0131r. Uzun y\u0131llara dayanan sekt\u00f6r deneyimimiz ve profesyonel ekibimizle, m\u00fc\u015fterilerimize in\u015faat makineleri ihtiya\u00e7lar\u0131na g\u00fcvenilir ve verimli \u00e7\u00f6z\u00fcmler sunmaya kararl\u0131y\u0131z.<\/p>\n<p>FMP'yi se\u00e7meniz i\u00e7in be\u015f neden:<\/p>\n<ol>\n<li><strong>Y\u00fcksek kaliteli hidrolik silindirler:<\/strong> Hidrolik silindirlerimizi hassas m\u00fchendislikle \u00fcretiyoruz. Kaliteye olan sars\u0131lmaz ba\u011fl\u0131l\u0131\u011f\u0131m\u0131z, yaln\u0131zca en y\u00fcksek kaliteli hammaddeleri kullanmam\u0131z\u0131 ve bitmi\u015f \u00fcr\u00fcnlerin sekt\u00f6r standartlar\u0131n\u0131 kar\u015f\u0131lad\u0131\u011f\u0131ndan ve hatta a\u015ft\u0131\u011f\u0131ndan emin olmak i\u00e7in s\u0131k\u0131 kalite kontrolleri ger\u00e7ekle\u015ftirmemizi sa\u011flar.<\/li>\n<li><strong>Geni\u015f \u00fcr\u00fcn yelpazesi:<\/strong> \u00dcr\u00fcn yelpazemiz her t\u00fcrl\u00fc in\u015faat makinesi ve aksesuarlar\u0131n\u0131 kapsamaktad\u0131r. \u00c7e\u015fitli hidrolik silindirler, \u015fanz\u0131manlar, zincirler, zincir di\u015flileri, motor aksesuarlar\u0131, hidrolik sistem bile\u015fenleri, \u015fasi aksesuarlar\u0131 ve elektrik sistemi aksesuarlar\u0131 sunuyoruz.<\/li>\n<li><strong>Kurulan ortakl\u0131klar:<\/strong> Bir\u00e7ok y\u00fcksek kaliteli yerli ve yabanc\u0131 tedarik\u00e7iyle uzun vadeli ve istikrarl\u0131 ortakl\u0131klar kurduk. Bu sayede, tedarik etti\u011fimiz t\u00fcm aksesuarlar\u0131n s\u0131k\u0131 kalite standartlar\u0131m\u0131z\u0131 kar\u015f\u0131lamas\u0131n\u0131 sa\u011fl\u0131yoruz.<\/li>\n<li><strong>Deneyimli sat\u0131\u015f ekibi:<\/strong> Sat\u0131\u015f ekibimiz, in\u015faat makineleri sekt\u00f6r\u00fcnde uzun y\u0131llara dayanan deneyim ve bilgiye sahiptir. Bilin\u00e7li kararlar alman\u0131za yard\u0131mc\u0131 olmak i\u00e7in profesyonel \u00fcr\u00fcn dan\u0131\u015fmanl\u0131\u011f\u0131 ve ak\u0131ll\u0131 sat\u0131n alma tavsiyeleri sunabilirler.<\/li>\n<li><strong>Verimli lojistik da\u011f\u0131t\u0131m sistemi:<\/strong> M\u00fc\u015fterilerimizin ihtiya\u00e7 duyduklar\u0131 par\u00e7alar\u0131 zaman\u0131nda ve do\u011fru bir \u015fekilde alabilmelerini sa\u011flamak i\u00e7in etkin bir lojistik da\u011f\u0131t\u0131m sistemine sahibiz.<\/li>\n<\/ol>\n<p><img decoding=\"async\" src=\"https:\/\/fmp-components.com\/wp-content\/uploads\/2025\/01\/Dump-Truck-Trailer-Hydraulic-Cylinder-product-3-3.webp\" alt=\"Hidrolik silindir\" width=\"800\" title=\"\"><\/p>\n<p>FMP olarak, m\u00fc\u015fterilerimize y\u00fcksek kaliteli ve g\u00fcvenilir in\u015faat makinesi aksesuarlar\u0131 ve eksiksiz makine \u00e7\u00f6z\u00fcmleri sunmaya kararl\u0131y\u0131z. Modern fabrika tesislerimiz, CNC tak\u0131m tezgahlar\u0131m\u0131z, bilgisayar destekli tasar\u0131m\u0131m\u0131z, kalifiye \u00e7al\u0131\u015fanlar\u0131m\u0131z, hidrolik sistem uzmanlar\u0131m\u0131z, silindir montajc\u0131lar\u0131m\u0131z ve bayilerimizle, hidrolik silindir, silindir kiti ve bile\u015fen ihtiya\u00e7lar\u0131n\u0131z\u0131 kar\u015f\u0131lamak i\u00e7in tercih edilen orta\u011f\u0131z.<\/p>\n<p>Yazar: CX<\/p>","protected":false},"excerpt":{"rendered":"<p>Guaranteed Quality Piston Steering Cylinder &#8211; Hydraulic Steering Cylinder for High Performance Introducing the Guaranteed Quality Piston Steering Cylinder &#8211; the perfect solution for achieving high-performance hydraulic steering. With its superior design and construction, this hydraulic steering cylinder is built to deliver optimal performance and reliability. Designed for precision and durability, this steering cylinder utilizes [&hellip;]<\/p>","protected":false},"featured_media":2818,"comment_status":"closed","ping_status":"closed","template":"","meta":{"_et_pb_use_builder":"","_et_pb_old_content":"","_et_gb_content_width":""},"product_brand":[],"product_cat":[67],"product_tag":[34,70],"class_list":{"0":"post-2817","1":"product","2":"type-product","3":"status-publish","4":"has-post-thumbnail","6":"product_cat-steering-hydraulic-cylinder","7":"product_tag-hydraulic-cylinder","8":"product_tag-steering-hydraulic-cylinder","10":"first","11":"instock","12":"product-type-simple"},"_links":{"self":[{"href":"https:\/\/fmp-components.com\/tr\/wp-json\/wp\/v2\/product\/2817","targetHints":{"allow":["GET"]}}],"collection":[{"href":"https:\/\/fmp-components.com\/tr\/wp-json\/wp\/v2\/product"}],"about":[{"href":"https:\/\/fmp-components.com\/tr\/wp-json\/wp\/v2\/types\/product"}],"replies":[{"embeddable":true,"href":"https:\/\/fmp-components.com\/tr\/wp-json\/wp\/v2\/comments?post=2817"}],"wp:featuredmedia":[{"embeddable":true,"href":"https:\/\/fmp-components.com\/tr\/wp-json\/wp\/v2\/media\/2818"}],"wp:attachment":[{"href":"https:\/\/fmp-components.com\/tr\/wp-json\/wp\/v2\/media?parent=2817"}],"wp:term":[{"taxonomy":"product_brand","embeddable":true,"href":"https:\/\/fmp-components.com\/tr\/wp-json\/wp\/v2\/product_brand?post=2817"},{"taxonomy":"product_cat","embeddable":true,"href":"https:\/\/fmp-components.com\/tr\/wp-json\/wp\/v2\/product_cat?post=2817"},{"taxonomy":"product_tag","embeddable":true,"href":"https:\/\/fmp-components.com\/tr\/wp-json\/wp\/v2\/product_tag?post=2817"}],"curies":[{"name":"wp","href":"https:\/\/api.w.org\/{rel}","templated":true}]}}